{"id":28763,"date":"2020-03-17T14:58:32","date_gmt":"2020-03-17T13:58:32","guid":{"rendered":"https:\/\/www.hoogstra-autosport.nl\/?post_type=product&#038;p=28763"},"modified":"2025-11-14T11:55:34","modified_gmt":"2025-11-14T10:55:34","slug":"omp-fia-schoen-first-nero-rosso","status":"publish","type":"product","link":"https:\/\/www.hoogstra-autosport.nl\/fr\/produit\/omp-fia-schoen-first-nero-rosso\/","title":{"rendered":"OMP First Schoen Zwart\/Rood"},"content":{"rendered":"<p>Description<\/p>\n<p>Approuv\u00e9 par la FIA<\/p>\n<p>Attrayante en termes de design, de performance et de prix. La chaussure de cavalier OMP FIRST impressionne avant tout par sa tige en daim fin, son la\u00e7age haut et son excellent ajustement. Elle est \u00e9quip\u00e9e d'une large languette en velcro pour une fixation suppl\u00e9mentaire et individuelle de la cheville. La semelle en caoutchouc profil\u00e9e et adh\u00e9rente est arrondie au niveau du talon et offre une sensation de p\u00e9dalage optimale.<\/p>","protected":false},"excerpt":{"rendered":"<p>Beschrijving FIA gekeurd Aantrekkelijk qua design, prestaties en prijs. De OMP FIRST rijdersschoen overtuigt vooral met zijn bovenwerk van fijn su\u00e8de, hoge vetersluiting en uitstekende pasvorm. Voorzien van een grote klittenbandflap voor een extra en individuele fixatie van de enkel. De geprofileerde en gripvaste rubberen zool is afgerond bij de hiel en biedt een optimaal [&hellip;]<\/p>\n","protected":false},"featured_media":93125,"template":"","meta":{"_acf_changed":false},"product_brand":[],"product_cat":[3785],"product_tag":[],"class_list":{"0":"post-28763","1":"product","2":"type-product","3":"status-publish","4":"has-post-thumbnail","6":"product_cat-omp-schoenen-fia","7":"product_shipping_class-4016","9":"first","10":"instock","11":"taxable","12":"shipping-taxable","13":"purchasable","14":"product-type-variable"},"acf":[],"yoast_head":"<!-- This site is optimized with the Yoast SEO plugin v27.1.1 - https:\/\/yoast.com\/product\/yoast-seo-wordpress\/ -->\n<title>OMP First Schoen Zwart\/Rood - Hoogstra Autosport<\/title>\n<meta name=\"robots\" content=\"index, follow, max-snippet:-1, max-image-preview:large, max-video-preview:-1\" \/>\n<link rel=\"canonical\" href=\"https:\/\/www.hoogstra-autosport.nl\/fr\/produit\/omp-fia-schoen-first-nero-rosso\/\" \/>\n<meta property=\"og:locale\" content=\"fr_FR\" \/>\n<meta property=\"og:type\" content=\"article\" \/>\n<meta property=\"og:title\" content=\"OMP First Schoen Zwart\/Rood - Hoogstra Autosport\" \/>\n<meta property=\"og:description\" content=\"Beschrijving FIA gekeurd Aantrekkelijk qua design, prestaties en prijs. De OMP FIRST rijdersschoen overtuigt vooral met zijn bovenwerk van fijn su\u00e8de, hoge vetersluiting en uitstekende pasvorm. Voorzien van een grote klittenbandflap voor een extra en individuele fixatie van de enkel. De geprofileerde en gripvaste rubberen zool is afgerond bij de hiel en biedt een optimaal [&hellip;]\" \/>\n<meta property=\"og:url\" content=\"https:\/\/www.hoogstra-autosport.nl\/fr\/produit\/omp-fia-schoen-first-nero-rosso\/\" \/>\n<meta property=\"og:site_name\" content=\"Hoogstra Autosport\" \/>\n<meta property=\"article:modified_time\" content=\"2025-11-14T10:55:34+00:00\" \/>\n<meta property=\"og:image\" content=\"https:\/\/www.hoogstra-autosport.nl\/teamkoen\/wp-content\/uploads\/2020\/03\/OMP-first-schoen-zwart-rood.jpg\" \/>\n\t<meta property=\"og:image:width\" content=\"1080\" \/>\n\t<meta property=\"og:image:height\" content=\"1080\" \/>\n\t<meta property=\"og:image:type\" content=\"image\/jpeg\" \/>\n<meta name=\"twitter:card\" content=\"summary_large_image\" \/>\n<meta name=\"twitter:label1\" content=\"Dur\u00e9e de lecture estim\u00e9e\" \/>\n\t<meta name=\"twitter:data1\" content=\"1 minute\" \/>\n<script type=\"application\/ld+json\" class=\"yoast-schema-graph\">{\"@context\":\"https:\/\/schema.org\",\"@graph\":[{\"@type\":\"WebPage\",\"@id\":\"https:\/\/www.hoogstra-autosport.nl\/product\/omp-fia-schoen-first-nero-rosso\/\",\"url\":\"https:\/\/www.hoogstra-autosport.nl\/product\/omp-fia-schoen-first-nero-rosso\/\",\"name\":\"OMP First Schoen Zwart\/Rood - Hoogstra Autosport\",\"isPartOf\":{\"@id\":\"https:\/\/www.hoogstra-autosport.nl\/#website\"},\"primaryImageOfPage\":{\"@id\":\"https:\/\/www.hoogstra-autosport.nl\/product\/omp-fia-schoen-first-nero-rosso\/#primaryimage\"},\"image\":{\"@id\":\"https:\/\/www.hoogstra-autosport.nl\/product\/omp-fia-schoen-first-nero-rosso\/#primaryimage\"},\"thumbnailUrl\":\"https:\/\/www.hoogstra-autosport.nl\/teamkoen\/wp-content\/uploads\/2020\/03\/OMP-first-schoen-zwart-rood.jpg\",\"datePublished\":\"2020-03-17T13:58:32+00:00\",\"dateModified\":\"2025-11-14T10:55:34+00:00\",\"breadcrumb\":{\"@id\":\"https:\/\/www.hoogstra-autosport.nl\/product\/omp-fia-schoen-first-nero-rosso\/#breadcrumb\"},\"inLanguage\":\"fr-FR\",\"potentialAction\":[{\"@type\":\"ReadAction\",\"target\":[\"https:\/\/www.hoogstra-autosport.nl\/product\/omp-fia-schoen-first-nero-rosso\/\"]}]},{\"@type\":\"ImageObject\",\"inLanguage\":\"fr-FR\",\"@id\":\"https:\/\/www.hoogstra-autosport.nl\/product\/omp-fia-schoen-first-nero-rosso\/#primaryimage\",\"url\":\"https:\/\/www.hoogstra-autosport.nl\/teamkoen\/wp-content\/uploads\/2020\/03\/OMP-first-schoen-zwart-rood.jpg\",\"contentUrl\":\"https:\/\/www.hoogstra-autosport.nl\/teamkoen\/wp-content\/uploads\/2020\/03\/OMP-first-schoen-zwart-rood.jpg\",\"width\":1080,\"height\":1080},{\"@type\":\"BreadcrumbList\",\"@id\":\"https:\/\/www.hoogstra-autosport.nl\/product\/omp-fia-schoen-first-nero-rosso\/#breadcrumb\",\"itemListElement\":[{\"@type\":\"ListItem\",\"position\":1,\"name\":\"Home\",\"item\":\"https:\/\/www.hoogstra-autosport.nl\/\"},{\"@type\":\"ListItem\",\"position\":2,\"name\":\"Uitrusting\",\"item\":\"https:\/\/www.hoogstra-autosport.nl\/product-categorie\/autosport-kleding-helmen\/\"},{\"@type\":\"ListItem\",\"position\":3,\"name\":\"Autosport Kleding\",\"item\":\"https:\/\/www.hoogstra-autosport.nl\/product-categorie\/autosport-kleding-helmen\/autosport-kleding\/\"},{\"@type\":\"ListItem\",\"position\":4,\"name\":\"Schoenen\",\"item\":\"https:\/\/www.hoogstra-autosport.nl\/product-categorie\/autosport-kleding-helmen\/autosport-kleding\/schoenen\/\"},{\"@type\":\"ListItem\",\"position\":5,\"name\":\"OMP Schoenen\",\"item\":\"https:\/\/www.hoogstra-autosport.nl\/product-categorie\/autosport-kleding-helmen\/autosport-kleding\/schoenen\/omp-schoenen\/\"},{\"@type\":\"ListItem\",\"position\":6,\"name\":\"OMP Schoenen FIA\",\"item\":\"https:\/\/www.hoogstra-autosport.nl\/product-categorie\/autosport-kleding-helmen\/autosport-kleding\/schoenen\/omp-schoenen\/omp-schoenen-fia\/\"},{\"@type\":\"ListItem\",\"position\":7,\"name\":\"OMP First Schoen Zwart\/Rood\"}]},{\"@type\":\"WebSite\",\"@id\":\"https:\/\/www.hoogstra-autosport.nl\/#website\",\"url\":\"https:\/\/www.hoogstra-autosport.nl\/\",\"name\":\"Hoogstra Autosport\",\"description\":\"Performance Autosport Parts!\",\"potentialAction\":[{\"@type\":\"SearchAction\",\"target\":{\"@type\":\"EntryPoint\",\"urlTemplate\":\"https:\/\/www.hoogstra-autosport.nl\/?s={search_term_string}\"},\"query-input\":{\"@type\":\"PropertyValueSpecification\",\"valueRequired\":true,\"valueName\":\"search_term_string\"}}],\"inLanguage\":\"fr-FR\"}]}<\/script>\n<!-- \/ Yoast SEO plugin. -->","yoast_head_json":{"title":"OMP First Schoen Zwart\/Rood - Hoogstra Autosport","robots":{"index":"index","follow":"follow","max-snippet":"max-snippet:-1","max-image-preview":"max-image-preview:large","max-video-preview":"max-video-preview:-1"},"canonical":"https:\/\/www.hoogstra-autosport.nl\/fr\/produit\/omp-fia-schoen-first-nero-rosso\/","og_locale":"fr_FR","og_type":"article","og_title":"OMP First Schoen Zwart\/Rood - Hoogstra Autosport","og_description":"Beschrijving FIA gekeurd Aantrekkelijk qua design, prestaties en prijs. De OMP FIRST rijdersschoen overtuigt vooral met zijn bovenwerk van fijn su\u00e8de, hoge vetersluiting en uitstekende pasvorm. Voorzien van een grote klittenbandflap voor een extra en individuele fixatie van de enkel. De geprofileerde en gripvaste rubberen zool is afgerond bij de hiel en biedt een optimaal [&hellip;]","og_url":"https:\/\/www.hoogstra-autosport.nl\/fr\/produit\/omp-fia-schoen-first-nero-rosso\/","og_site_name":"Hoogstra Autosport","article_modified_time":"2025-11-14T10:55:34+00:00","og_image":[{"width":1080,"height":1080,"url":"https:\/\/www.hoogstra-autosport.nl\/teamkoen\/wp-content\/uploads\/2020\/03\/OMP-first-schoen-zwart-rood.jpg","type":"image\/jpeg"}],"twitter_card":"summary_large_image","twitter_misc":{"Dur\u00e9e de lecture estim\u00e9e":"1 minute"},"schema":{"@context":"https:\/\/schema.org","@graph":[{"@type":"WebPage","@id":"https:\/\/www.hoogstra-autosport.nl\/product\/omp-fia-schoen-first-nero-rosso\/","url":"https:\/\/www.hoogstra-autosport.nl\/product\/omp-fia-schoen-first-nero-rosso\/","name":"OMP First Schoen Zwart\/Rood - Hoogstra Autosport","isPartOf":{"@id":"https:\/\/www.hoogstra-autosport.nl\/#website"},"primaryImageOfPage":{"@id":"https:\/\/www.hoogstra-autosport.nl\/product\/omp-fia-schoen-first-nero-rosso\/#primaryimage"},"image":{"@id":"https:\/\/www.hoogstra-autosport.nl\/product\/omp-fia-schoen-first-nero-rosso\/#primaryimage"},"thumbnailUrl":"https:\/\/www.hoogstra-autosport.nl\/teamkoen\/wp-content\/uploads\/2020\/03\/OMP-first-schoen-zwart-rood.jpg","datePublished":"2020-03-17T13:58:32+00:00","dateModified":"2025-11-14T10:55:34+00:00","breadcrumb":{"@id":"https:\/\/www.hoogstra-autosport.nl\/product\/omp-fia-schoen-first-nero-rosso\/#breadcrumb"},"inLanguage":"fr-FR","potentialAction":[{"@type":"ReadAction","target":["https:\/\/www.hoogstra-autosport.nl\/product\/omp-fia-schoen-first-nero-rosso\/"]}]},{"@type":"ImageObject","inLanguage":"fr-FR","@id":"https:\/\/www.hoogstra-autosport.nl\/product\/omp-fia-schoen-first-nero-rosso\/#primaryimage","url":"https:\/\/www.hoogstra-autosport.nl\/teamkoen\/wp-content\/uploads\/2020\/03\/OMP-first-schoen-zwart-rood.jpg","contentUrl":"https:\/\/www.hoogstra-autosport.nl\/teamkoen\/wp-content\/uploads\/2020\/03\/OMP-first-schoen-zwart-rood.jpg","width":1080,"height":1080},{"@type":"BreadcrumbList","@id":"https:\/\/www.hoogstra-autosport.nl\/product\/omp-fia-schoen-first-nero-rosso\/#breadcrumb","itemListElement":[{"@type":"ListItem","position":1,"name":"Home","item":"https:\/\/www.hoogstra-autosport.nl\/"},{"@type":"ListItem","position":2,"name":"Uitrusting","item":"https:\/\/www.hoogstra-autosport.nl\/product-categorie\/autosport-kleding-helmen\/"},{"@type":"ListItem","position":3,"name":"Autosport Kleding","item":"https:\/\/www.hoogstra-autosport.nl\/product-categorie\/autosport-kleding-helmen\/autosport-kleding\/"},{"@type":"ListItem","position":4,"name":"Schoenen","item":"https:\/\/www.hoogstra-autosport.nl\/product-categorie\/autosport-kleding-helmen\/autosport-kleding\/schoenen\/"},{"@type":"ListItem","position":5,"name":"OMP Schoenen","item":"https:\/\/www.hoogstra-autosport.nl\/product-categorie\/autosport-kleding-helmen\/autosport-kleding\/schoenen\/omp-schoenen\/"},{"@type":"ListItem","position":6,"name":"OMP Schoenen FIA","item":"https:\/\/www.hoogstra-autosport.nl\/product-categorie\/autosport-kleding-helmen\/autosport-kleding\/schoenen\/omp-schoenen\/omp-schoenen-fia\/"},{"@type":"ListItem","position":7,"name":"OMP First Schoen Zwart\/Rood"}]},{"@type":"WebSite","@id":"https:\/\/www.hoogstra-autosport.nl\/#website","url":"https:\/\/www.hoogstra-autosport.nl\/","name":"Hoogstra Autosport","description":"Performance Autosport Parts!","potentialAction":[{"@type":"SearchAction","target":{"@type":"EntryPoint","urlTemplate":"https:\/\/www.hoogstra-autosport.nl\/?s={search_term_string}"},"query-input":{"@type":"PropertyValueSpecification","valueRequired":true,"valueName":"search_term_string"}}],"inLanguage":"fr-FR"}]}},"tiered_pricing_type":"fixed","tiered_pricing_fixed_rules":[],"tiered_pricing_product_settings":{"layout":"default","base_unit_name":{"singular":null,"plural":null},"default_variation":null},"tiered_pricing_minimum_quantity":null,"tiered_pricing_roles_data":[],"tiered_pricing_percentage_rules":[],"tiered_pricing_maximum_quantity":null,"tiered_pricing_quantity_step":null,"_links":{"self":[{"href":"https:\/\/www.hoogstra-autosport.nl\/fr\/wp-json\/wp\/v2\/product\/28763","targetHints":{"allow":["GET"]}}],"collection":[{"href":"https:\/\/www.hoogstra-autosport.nl\/fr\/wp-json\/wp\/v2\/product"}],"about":[{"href":"https:\/\/www.hoogstra-autosport.nl\/fr\/wp-json\/wp\/v2\/types\/product"}],"wp:featuredmedia":[{"embeddable":true,"href":"https:\/\/www.hoogstra-autosport.nl\/fr\/wp-json\/wp\/v2\/media\/93125"}],"wp:attachment":[{"href":"https:\/\/www.hoogstra-autosport.nl\/fr\/wp-json\/wp\/v2\/media?parent=28763"}],"wp:term":[{"taxonomy":"product_brand","embeddable":true,"href":"https:\/\/www.hoogstra-autosport.nl\/fr\/wp-json\/wp\/v2\/product_brand?post=28763"},{"taxonomy":"product_cat","embeddable":true,"href":"https:\/\/www.hoogstra-autosport.nl\/fr\/wp-json\/wp\/v2\/product_cat?post=28763"},{"taxonomy":"product_tag","embeddable":true,"href":"https:\/\/www.hoogstra-autosport.nl\/fr\/wp-json\/wp\/v2\/product_tag?post=28763"}],"curies":[{"name":"wp","href":"https:\/\/api.w.org\/{rel}","templated":true}]}}