{"id":26928,"date":"2020-01-11T10:08:15","date_gmt":"2020-01-11T09:08:15","guid":{"rendered":"https:\/\/www.hoogstra-autosport.nl\/?post_type=product&#038;p=26928"},"modified":"2025-03-10T08:44:07","modified_gmt":"2025-03-10T07:44:07","slug":"bevestiging-q-clip-rvs-315-mm","status":"publish","type":"product","link":"https:\/\/www.hoogstra-autosport.nl\/fr\/produit\/bevestiging-q-clip-rvs-315-mm\/","title":{"rendered":"Fixation Q Clip acier inoxydable 31,5 mm"},"content":{"rendered":"<p>Quand on parle de fermetures de capots, celles-ci sont les meilleures ! Ces fermetures rapides d'une beaut\u00e9 et d'une solidit\u00e9 insens\u00e9es sont d'une efficacit\u00e9 incroyable. Surtout pour les m\u00e9caniciens qui ont besoin de passer rapidement sous le capot pour examiner et\/ou remplacer quelque chose. Vous ne voulez pas perdre de temps et il vous suffit d'appuyer sur le bouton pour l'enlever. Ils sont fabriqu\u00e9s en aluminium avec un axe de fixation en acier inoxydable. Cette attache rapide tr\u00e8s solide est parfaite pour le capot, le hayon, les pare-chocs, les panneaux de carrosserie, les capots et les volets.<br \/>\nCe produit est livr\u00e9 avec des \u00e9crous et des rondelles. Ils sont disponibles \u00e0 l'unit\u00e9.<br \/>\nD\u00e9tails du produit :<br \/>\nLongueur de l'axe en acier inoxydable : 105 mm<br \/>\n\u00c9paisseur de la tige en acier inoxydable : M6<br \/>\nMat\u00e9riau de la plaque sup\u00e9rieure : acier inoxydable<br \/>\nDiam\u00e8tre du plateau sup\u00e9rieur : 31,5 mm<br \/>\nPoids : 50gr<\/p>","protected":false},"excerpt":{"rendered":"<p>Als je het over geweldige kapsluitingen hebt, dan zijn dit de absolute toppers! Deze waanzinnig mooie en sterke snelsluitingen werken ontzettend fijn. Zeker voor monteurs die snel onder de kap moeten om iets te kunnen bekijken en\/of vervangen. Je wilt hierbij geen tijd verliezen en nu is het 1 druk op de knop en het [&hellip;]<\/p>\n","protected":false},"featured_media":73064,"template":"","meta":{"_acf_changed":false},"product_brand":[],"product_cat":[2654],"product_tag":[],"class_list":{"0":"post-26928","1":"product","2":"type-product","3":"status-publish","4":"has-post-thumbnail","6":"product_cat-bevestiging-gaskabel","7":"product_shipping_class-4016","9":"first","10":"instock","11":"taxable","12":"shipping-taxable","13":"purchasable","14":"product-type-simple"},"acf":[],"yoast_head":"<!-- This site is optimized with the Yoast SEO plugin v27.1.1 - https:\/\/yoast.com\/product\/yoast-seo-wordpress\/ -->\n<title>Bevestiging Q Clip RVS 31,5 mm - Hoogstra Autosport<\/title>\n<meta name=\"robots\" content=\"index, follow, max-snippet:-1, max-image-preview:large, max-video-preview:-1\" \/>\n<link rel=\"canonical\" href=\"https:\/\/www.hoogstra-autosport.nl\/fr\/produit\/bevestiging-q-clip-rvs-315-mm\/\" \/>\n<meta property=\"og:locale\" content=\"fr_FR\" \/>\n<meta property=\"og:type\" content=\"article\" \/>\n<meta property=\"og:title\" content=\"Bevestiging Q Clip RVS 31,5 mm - Hoogstra Autosport\" \/>\n<meta property=\"og:description\" content=\"Als je het over geweldige kapsluitingen hebt, dan zijn dit de absolute toppers! Deze waanzinnig mooie en sterke snelsluitingen werken ontzettend fijn. Zeker voor monteurs die snel onder de kap moeten om iets te kunnen bekijken en\/of vervangen. Je wilt hierbij geen tijd verliezen en nu is het 1 druk op de knop en het [&hellip;]\" \/>\n<meta property=\"og:url\" content=\"https:\/\/www.hoogstra-autosport.nl\/fr\/produit\/bevestiging-q-clip-rvs-315-mm\/\" \/>\n<meta property=\"og:site_name\" content=\"Hoogstra Autosport\" \/>\n<meta property=\"article:modified_time\" content=\"2025-03-10T07:44:07+00:00\" \/>\n<meta property=\"og:image\" content=\"https:\/\/www.hoogstra-autosport.nl\/teamkoen\/content\/uploads\/2020\/01\/qsp-1.jpg\" \/>\n\t<meta property=\"og:image:width\" content=\"986\" \/>\n\t<meta property=\"og:image:height\" content=\"986\" \/>\n\t<meta property=\"og:image:type\" content=\"image\/jpeg\" \/>\n<meta name=\"twitter:card\" content=\"summary_large_image\" \/>\n<meta name=\"twitter:label1\" content=\"Dur\u00e9e de lecture estim\u00e9e\" \/>\n\t<meta name=\"twitter:data1\" content=\"1 minute\" \/>\n<script type=\"application\/ld+json\" class=\"yoast-schema-graph\">{\"@context\":\"https:\/\/schema.org\",\"@graph\":[{\"@type\":\"WebPage\",\"@id\":\"https:\/\/www.hoogstra-autosport.nl\/product\/bevestiging-q-clip-rvs-315-mm\/\",\"url\":\"https:\/\/www.hoogstra-autosport.nl\/product\/bevestiging-q-clip-rvs-315-mm\/\",\"name\":\"Bevestiging Q Clip RVS 31,5 mm - Hoogstra Autosport\",\"isPartOf\":{\"@id\":\"https:\/\/www.hoogstra-autosport.nl\/#website\"},\"primaryImageOfPage\":{\"@id\":\"https:\/\/www.hoogstra-autosport.nl\/product\/bevestiging-q-clip-rvs-315-mm\/#primaryimage\"},\"image\":{\"@id\":\"https:\/\/www.hoogstra-autosport.nl\/product\/bevestiging-q-clip-rvs-315-mm\/#primaryimage\"},\"thumbnailUrl\":\"https:\/\/www.hoogstra-autosport.nl\/teamkoen\/wp-content\/uploads\/2020\/01\/qsp-1.jpg\",\"datePublished\":\"2020-01-11T09:08:15+00:00\",\"dateModified\":\"2025-03-10T07:44:07+00:00\",\"breadcrumb\":{\"@id\":\"https:\/\/www.hoogstra-autosport.nl\/product\/bevestiging-q-clip-rvs-315-mm\/#breadcrumb\"},\"inLanguage\":\"fr-FR\",\"potentialAction\":[{\"@type\":\"ReadAction\",\"target\":[\"https:\/\/www.hoogstra-autosport.nl\/product\/bevestiging-q-clip-rvs-315-mm\/\"]}]},{\"@type\":\"ImageObject\",\"inLanguage\":\"fr-FR\",\"@id\":\"https:\/\/www.hoogstra-autosport.nl\/product\/bevestiging-q-clip-rvs-315-mm\/#primaryimage\",\"url\":\"https:\/\/www.hoogstra-autosport.nl\/teamkoen\/wp-content\/uploads\/2020\/01\/qsp-1.jpg\",\"contentUrl\":\"https:\/\/www.hoogstra-autosport.nl\/teamkoen\/wp-content\/uploads\/2020\/01\/qsp-1.jpg\",\"width\":986,\"height\":986},{\"@type\":\"BreadcrumbList\",\"@id\":\"https:\/\/www.hoogstra-autosport.nl\/product\/bevestiging-q-clip-rvs-315-mm\/#breadcrumb\",\"itemListElement\":[{\"@type\":\"ListItem\",\"position\":1,\"name\":\"Home\",\"item\":\"https:\/\/www.hoogstra-autosport.nl\/\"},{\"@type\":\"ListItem\",\"position\":2,\"name\":\"Carrosserie\",\"item\":\"https:\/\/www.hoogstra-autosport.nl\/product-categorie\/carroserie-bevestiging\/\"},{\"@type\":\"ListItem\",\"position\":3,\"name\":\"Bevestiging &amp; Gaskabel\",\"item\":\"https:\/\/www.hoogstra-autosport.nl\/product-categorie\/carroserie-bevestiging\/bevestiging-gaskabel\/\"},{\"@type\":\"ListItem\",\"position\":4,\"name\":\"Bevestiging Q Clip RVS 31,5 mm\"}]},{\"@type\":\"WebSite\",\"@id\":\"https:\/\/www.hoogstra-autosport.nl\/#website\",\"url\":\"https:\/\/www.hoogstra-autosport.nl\/\",\"name\":\"Hoogstra Autosport\",\"description\":\"Performance Autosport Parts!\",\"potentialAction\":[{\"@type\":\"SearchAction\",\"target\":{\"@type\":\"EntryPoint\",\"urlTemplate\":\"https:\/\/www.hoogstra-autosport.nl\/?s={search_term_string}\"},\"query-input\":{\"@type\":\"PropertyValueSpecification\",\"valueRequired\":true,\"valueName\":\"search_term_string\"}}],\"inLanguage\":\"fr-FR\"}]}<\/script>\n<!-- \/ Yoast SEO plugin. -->","yoast_head_json":{"title":"Bevestiging Q Clip RVS 31,5 mm - Hoogstra Autosport","robots":{"index":"index","follow":"follow","max-snippet":"max-snippet:-1","max-image-preview":"max-image-preview:large","max-video-preview":"max-video-preview:-1"},"canonical":"https:\/\/www.hoogstra-autosport.nl\/fr\/produit\/bevestiging-q-clip-rvs-315-mm\/","og_locale":"fr_FR","og_type":"article","og_title":"Bevestiging Q Clip RVS 31,5 mm - Hoogstra Autosport","og_description":"Als je het over geweldige kapsluitingen hebt, dan zijn dit de absolute toppers! Deze waanzinnig mooie en sterke snelsluitingen werken ontzettend fijn. Zeker voor monteurs die snel onder de kap moeten om iets te kunnen bekijken en\/of vervangen. Je wilt hierbij geen tijd verliezen en nu is het 1 druk op de knop en het [&hellip;]","og_url":"https:\/\/www.hoogstra-autosport.nl\/fr\/produit\/bevestiging-q-clip-rvs-315-mm\/","og_site_name":"Hoogstra Autosport","article_modified_time":"2025-03-10T07:44:07+00:00","og_image":[{"width":986,"height":986,"url":"https:\/\/www.hoogstra-autosport.nl\/teamkoen\/content\/uploads\/2020\/01\/qsp-1.jpg","type":"image\/jpeg"}],"twitter_card":"summary_large_image","twitter_misc":{"Dur\u00e9e de lecture estim\u00e9e":"1 minute"},"schema":{"@context":"https:\/\/schema.org","@graph":[{"@type":"WebPage","@id":"https:\/\/www.hoogstra-autosport.nl\/product\/bevestiging-q-clip-rvs-315-mm\/","url":"https:\/\/www.hoogstra-autosport.nl\/product\/bevestiging-q-clip-rvs-315-mm\/","name":"Bevestiging Q Clip RVS 31,5 mm - Hoogstra Autosport","isPartOf":{"@id":"https:\/\/www.hoogstra-autosport.nl\/#website"},"primaryImageOfPage":{"@id":"https:\/\/www.hoogstra-autosport.nl\/product\/bevestiging-q-clip-rvs-315-mm\/#primaryimage"},"image":{"@id":"https:\/\/www.hoogstra-autosport.nl\/product\/bevestiging-q-clip-rvs-315-mm\/#primaryimage"},"thumbnailUrl":"https:\/\/www.hoogstra-autosport.nl\/teamkoen\/wp-content\/uploads\/2020\/01\/qsp-1.jpg","datePublished":"2020-01-11T09:08:15+00:00","dateModified":"2025-03-10T07:44:07+00:00","breadcrumb":{"@id":"https:\/\/www.hoogstra-autosport.nl\/product\/bevestiging-q-clip-rvs-315-mm\/#breadcrumb"},"inLanguage":"fr-FR","potentialAction":[{"@type":"ReadAction","target":["https:\/\/www.hoogstra-autosport.nl\/product\/bevestiging-q-clip-rvs-315-mm\/"]}]},{"@type":"ImageObject","inLanguage":"fr-FR","@id":"https:\/\/www.hoogstra-autosport.nl\/product\/bevestiging-q-clip-rvs-315-mm\/#primaryimage","url":"https:\/\/www.hoogstra-autosport.nl\/teamkoen\/wp-content\/uploads\/2020\/01\/qsp-1.jpg","contentUrl":"https:\/\/www.hoogstra-autosport.nl\/teamkoen\/wp-content\/uploads\/2020\/01\/qsp-1.jpg","width":986,"height":986},{"@type":"BreadcrumbList","@id":"https:\/\/www.hoogstra-autosport.nl\/product\/bevestiging-q-clip-rvs-315-mm\/#breadcrumb","itemListElement":[{"@type":"ListItem","position":1,"name":"Home","item":"https:\/\/www.hoogstra-autosport.nl\/"},{"@type":"ListItem","position":2,"name":"Carrosserie","item":"https:\/\/www.hoogstra-autosport.nl\/product-categorie\/carroserie-bevestiging\/"},{"@type":"ListItem","position":3,"name":"Bevestiging &amp; Gaskabel","item":"https:\/\/www.hoogstra-autosport.nl\/product-categorie\/carroserie-bevestiging\/bevestiging-gaskabel\/"},{"@type":"ListItem","position":4,"name":"Bevestiging Q Clip RVS 31,5 mm"}]},{"@type":"WebSite","@id":"https:\/\/www.hoogstra-autosport.nl\/#website","url":"https:\/\/www.hoogstra-autosport.nl\/","name":"Hoogstra Autosport","description":"Performance Autosport Parts!","potentialAction":[{"@type":"SearchAction","target":{"@type":"EntryPoint","urlTemplate":"https:\/\/www.hoogstra-autosport.nl\/?s={search_term_string}"},"query-input":{"@type":"PropertyValueSpecification","valueRequired":true,"valueName":"search_term_string"}}],"inLanguage":"fr-FR"}]}},"tiered_pricing_type":"fixed","tiered_pricing_fixed_rules":[],"tiered_pricing_product_settings":{"layout":"default","base_unit_name":{"singular":null,"plural":null},"default_variation":null},"tiered_pricing_minimum_quantity":null,"tiered_pricing_roles_data":[],"tiered_pricing_percentage_rules":[],"tiered_pricing_maximum_quantity":null,"tiered_pricing_quantity_step":null,"_links":{"self":[{"href":"https:\/\/www.hoogstra-autosport.nl\/fr\/wp-json\/wp\/v2\/product\/26928","targetHints":{"allow":["GET"]}}],"collection":[{"href":"https:\/\/www.hoogstra-autosport.nl\/fr\/wp-json\/wp\/v2\/product"}],"about":[{"href":"https:\/\/www.hoogstra-autosport.nl\/fr\/wp-json\/wp\/v2\/types\/product"}],"wp:featuredmedia":[{"embeddable":true,"href":"https:\/\/www.hoogstra-autosport.nl\/fr\/wp-json\/wp\/v2\/media\/73064"}],"wp:attachment":[{"href":"https:\/\/www.hoogstra-autosport.nl\/fr\/wp-json\/wp\/v2\/media?parent=26928"}],"wp:term":[{"taxonomy":"product_brand","embeddable":true,"href":"https:\/\/www.hoogstra-autosport.nl\/fr\/wp-json\/wp\/v2\/product_brand?post=26928"},{"taxonomy":"product_cat","embeddable":true,"href":"https:\/\/www.hoogstra-autosport.nl\/fr\/wp-json\/wp\/v2\/product_cat?post=26928"},{"taxonomy":"product_tag","embeddable":true,"href":"https:\/\/www.hoogstra-autosport.nl\/fr\/wp-json\/wp\/v2\/product_tag?post=26928"}],"curies":[{"name":"wp","href":"https:\/\/api.w.org\/{rel}","templated":true}]}}