{"id":15179,"date":"2019-09-03T09:45:28","date_gmt":"2019-09-03T07:45:28","guid":{"rendered":"http:\/\/hoogstra-autosport.nl\/?product=kenny-open-face-2020KENNY-UP-Open-Face-BLACK-RED-WHITE-"},"modified":"2025-07-10T14:35:49","modified_gmt":"2025-07-10T12:35:49","slug":"kenny-open-face-2020kenny-up-open-face-black-red-white","status":"publish","type":"product","link":"https:\/\/www.hoogstra-autosport.nl\/fr\/produit\/kenny-open-face-2020kenny-up-open-face-black-red-white\/","title":{"rendered":"Kenny UP Blanc\/Rouge\/Noir"},"content":{"rendered":"<p>Casque crois\u00e9 ouvert avec homologation ECE 22.05 en tailles S M L XL<\/p>\n<p>Juste le casque Kenny UP<\/p>\n<p>Joli casque pour l'autocross.<\/p>\n<p>Combin\u00e9 avec des lunettes scott avec roll-off, mud flap et lentilles de votre choix ! !!<\/p>\n<p>Cela \u00e9limine la poussi\u00e8re et le sable dans votre visage, vous avez une couverture compl\u00e8te du visage.<\/p>\n<p>Diff\u00e9rentes couleurs disponibles !<\/p>","protected":false},"excerpt":{"rendered":"<p>Open Face\u00a0crosshelm met \u00a0ECE 22.05 keuring in de maten S M L XL Alleen de Helm Kenny UP Mooie helm voor in de autocross . In combinatie met een scott bril\u00a0met roll-off\u00a0, mud flap en\u00a0brillenglas naar keuze !! Hierdoor heb je geen last meer van stof en zand in je gezicht , je hebt volledige [&hellip;]<\/p>\n","protected":false},"featured_media":15180,"template":"","meta":{"_acf_changed":false},"product_brand":[],"product_cat":[2589],"product_tag":[],"class_list":{"0":"post-15179","1":"product","2":"type-product","3":"status-publish","4":"has-post-thumbnail","6":"product_cat-open-face-helmen","7":"product_shipping_class-4016","9":"first","10":"instock","11":"sale","12":"taxable","13":"shipping-taxable","14":"purchasable","15":"product-type-variable"},"acf":[],"yoast_head":"<!-- This site is optimized with the Yoast SEO plugin v27.1.1 - https:\/\/yoast.com\/product\/yoast-seo-wordpress\/ -->\n<title>Kenny UP Wit\/Rood\/Zwart - Hoogstra Autosport<\/title>\n<meta name=\"description\" content=\"crosshelm\" \/>\n<meta name=\"robots\" content=\"index, follow, max-snippet:-1, max-image-preview:large, max-video-preview:-1\" \/>\n<link rel=\"canonical\" href=\"https:\/\/www.hoogstra-autosport.nl\/fr\/produit\/kenny-open-face-2020kenny-up-open-face-black-red-white\/\" \/>\n<meta property=\"og:locale\" content=\"fr_FR\" \/>\n<meta property=\"og:type\" content=\"article\" \/>\n<meta property=\"og:title\" content=\"Kenny UP Wit\/Rood\/Zwart - Hoogstra Autosport\" \/>\n<meta property=\"og:description\" content=\"crosshelm\" \/>\n<meta property=\"og:url\" content=\"https:\/\/www.hoogstra-autosport.nl\/fr\/produit\/kenny-open-face-2020kenny-up-open-face-black-red-white\/\" \/>\n<meta property=\"og:site_name\" content=\"Hoogstra Autosport\" \/>\n<meta property=\"article:modified_time\" content=\"2025-07-10T12:35:49+00:00\" \/>\n<meta property=\"og:image\" content=\"https:\/\/hoogstra-autosport.nl\/teamkoen\/content\/uploads\/catalog\/product\/Kenny20open20Face20Helm20White20Red20.jpg\" \/>\n\t<meta property=\"og:image:width\" content=\"760\" \/>\n\t<meta property=\"og:image:height\" content=\"606\" \/>\n\t<meta property=\"og:image:type\" content=\"image\/jpeg\" \/>\n<meta name=\"twitter:card\" content=\"summary_large_image\" \/>\n<meta name=\"twitter:label1\" content=\"Dur\u00e9e de lecture estim\u00e9e\" \/>\n\t<meta name=\"twitter:data1\" content=\"1 minute\" \/>\n<script type=\"application\/ld+json\" class=\"yoast-schema-graph\">{\"@context\":\"https:\/\/schema.org\",\"@graph\":[{\"@type\":\"WebPage\",\"@id\":\"https:\/\/www.hoogstra-autosport.nl\/product\/kenny-open-face-2020kenny-up-open-face-black-red-white\/\",\"url\":\"https:\/\/www.hoogstra-autosport.nl\/product\/kenny-open-face-2020kenny-up-open-face-black-red-white\/\",\"name\":\"Kenny UP Wit\/Rood\/Zwart - Hoogstra Autosport\",\"isPartOf\":{\"@id\":\"https:\/\/www.hoogstra-autosport.nl\/#website\"},\"primaryImageOfPage\":{\"@id\":\"https:\/\/www.hoogstra-autosport.nl\/product\/kenny-open-face-2020kenny-up-open-face-black-red-white\/#primaryimage\"},\"image\":{\"@id\":\"https:\/\/www.hoogstra-autosport.nl\/product\/kenny-open-face-2020kenny-up-open-face-black-red-white\/#primaryimage\"},\"thumbnailUrl\":\"https:\/\/www.hoogstra-autosport.nl\/teamkoen\/wp-content\/uploads\/catalog\/product\/Kenny20open20Face20Helm20White20Red20.jpg\",\"datePublished\":\"2019-09-03T07:45:28+00:00\",\"dateModified\":\"2025-07-10T12:35:49+00:00\",\"description\":\"crosshelm\",\"breadcrumb\":{\"@id\":\"https:\/\/www.hoogstra-autosport.nl\/product\/kenny-open-face-2020kenny-up-open-face-black-red-white\/#breadcrumb\"},\"inLanguage\":\"fr-FR\",\"potentialAction\":[{\"@type\":\"ReadAction\",\"target\":[\"https:\/\/www.hoogstra-autosport.nl\/product\/kenny-open-face-2020kenny-up-open-face-black-red-white\/\"]}]},{\"@type\":\"ImageObject\",\"inLanguage\":\"fr-FR\",\"@id\":\"https:\/\/www.hoogstra-autosport.nl\/product\/kenny-open-face-2020kenny-up-open-face-black-red-white\/#primaryimage\",\"url\":\"https:\/\/www.hoogstra-autosport.nl\/teamkoen\/wp-content\/uploads\/catalog\/product\/Kenny20open20Face20Helm20White20Red20.jpg\",\"contentUrl\":\"https:\/\/www.hoogstra-autosport.nl\/teamkoen\/wp-content\/uploads\/catalog\/product\/Kenny20open20Face20Helm20White20Red20.jpg\",\"width\":760,\"height\":606},{\"@type\":\"BreadcrumbList\",\"@id\":\"https:\/\/www.hoogstra-autosport.nl\/product\/kenny-open-face-2020kenny-up-open-face-black-red-white\/#breadcrumb\",\"itemListElement\":[{\"@type\":\"ListItem\",\"position\":1,\"name\":\"Home\",\"item\":\"https:\/\/www.hoogstra-autosport.nl\/\"},{\"@type\":\"ListItem\",\"position\":2,\"name\":\"Uitrusting\",\"item\":\"https:\/\/www.hoogstra-autosport.nl\/product-categorie\/autosport-kleding-helmen\/\"},{\"@type\":\"ListItem\",\"position\":3,\"name\":\"Helmen\",\"item\":\"https:\/\/www.hoogstra-autosport.nl\/product-categorie\/autosport-kleding-helmen\/helmen\/\"},{\"@type\":\"ListItem\",\"position\":4,\"name\":\"Open Face Helmen\",\"item\":\"https:\/\/www.hoogstra-autosport.nl\/product-categorie\/autosport-kleding-helmen\/helmen\/open-face-helmen\/\"},{\"@type\":\"ListItem\",\"position\":5,\"name\":\"Kenny UP Wit\/Rood\/Zwart\"}]},{\"@type\":\"WebSite\",\"@id\":\"https:\/\/www.hoogstra-autosport.nl\/#website\",\"url\":\"https:\/\/www.hoogstra-autosport.nl\/\",\"name\":\"Hoogstra Autosport\",\"description\":\"Performance Autosport Parts!\",\"potentialAction\":[{\"@type\":\"SearchAction\",\"target\":{\"@type\":\"EntryPoint\",\"urlTemplate\":\"https:\/\/www.hoogstra-autosport.nl\/?s={search_term_string}\"},\"query-input\":{\"@type\":\"PropertyValueSpecification\",\"valueRequired\":true,\"valueName\":\"search_term_string\"}}],\"inLanguage\":\"fr-FR\"}]}<\/script>\n<!-- \/ Yoast SEO plugin. -->","yoast_head_json":{"title":"Kenny UP Wit\/Rood\/Zwart - Hoogstra Autosport","description":"crosshelm","robots":{"index":"index","follow":"follow","max-snippet":"max-snippet:-1","max-image-preview":"max-image-preview:large","max-video-preview":"max-video-preview:-1"},"canonical":"https:\/\/www.hoogstra-autosport.nl\/fr\/produit\/kenny-open-face-2020kenny-up-open-face-black-red-white\/","og_locale":"fr_FR","og_type":"article","og_title":"Kenny UP Wit\/Rood\/Zwart - Hoogstra Autosport","og_description":"crosshelm","og_url":"https:\/\/www.hoogstra-autosport.nl\/fr\/produit\/kenny-open-face-2020kenny-up-open-face-black-red-white\/","og_site_name":"Hoogstra Autosport","article_modified_time":"2025-07-10T12:35:49+00:00","og_image":[{"width":760,"height":606,"url":"https:\/\/hoogstra-autosport.nl\/teamkoen\/content\/uploads\/catalog\/product\/Kenny20open20Face20Helm20White20Red20.jpg","type":"image\/jpeg"}],"twitter_card":"summary_large_image","twitter_misc":{"Dur\u00e9e de lecture estim\u00e9e":"1 minute"},"schema":{"@context":"https:\/\/schema.org","@graph":[{"@type":"WebPage","@id":"https:\/\/www.hoogstra-autosport.nl\/product\/kenny-open-face-2020kenny-up-open-face-black-red-white\/","url":"https:\/\/www.hoogstra-autosport.nl\/product\/kenny-open-face-2020kenny-up-open-face-black-red-white\/","name":"Kenny UP Wit\/Rood\/Zwart - Hoogstra Autosport","isPartOf":{"@id":"https:\/\/www.hoogstra-autosport.nl\/#website"},"primaryImageOfPage":{"@id":"https:\/\/www.hoogstra-autosport.nl\/product\/kenny-open-face-2020kenny-up-open-face-black-red-white\/#primaryimage"},"image":{"@id":"https:\/\/www.hoogstra-autosport.nl\/product\/kenny-open-face-2020kenny-up-open-face-black-red-white\/#primaryimage"},"thumbnailUrl":"https:\/\/www.hoogstra-autosport.nl\/teamkoen\/wp-content\/uploads\/catalog\/product\/Kenny20open20Face20Helm20White20Red20.jpg","datePublished":"2019-09-03T07:45:28+00:00","dateModified":"2025-07-10T12:35:49+00:00","description":"crosshelm","breadcrumb":{"@id":"https:\/\/www.hoogstra-autosport.nl\/product\/kenny-open-face-2020kenny-up-open-face-black-red-white\/#breadcrumb"},"inLanguage":"fr-FR","potentialAction":[{"@type":"ReadAction","target":["https:\/\/www.hoogstra-autosport.nl\/product\/kenny-open-face-2020kenny-up-open-face-black-red-white\/"]}]},{"@type":"ImageObject","inLanguage":"fr-FR","@id":"https:\/\/www.hoogstra-autosport.nl\/product\/kenny-open-face-2020kenny-up-open-face-black-red-white\/#primaryimage","url":"https:\/\/www.hoogstra-autosport.nl\/teamkoen\/wp-content\/uploads\/catalog\/product\/Kenny20open20Face20Helm20White20Red20.jpg","contentUrl":"https:\/\/www.hoogstra-autosport.nl\/teamkoen\/wp-content\/uploads\/catalog\/product\/Kenny20open20Face20Helm20White20Red20.jpg","width":760,"height":606},{"@type":"BreadcrumbList","@id":"https:\/\/www.hoogstra-autosport.nl\/product\/kenny-open-face-2020kenny-up-open-face-black-red-white\/#breadcrumb","itemListElement":[{"@type":"ListItem","position":1,"name":"Home","item":"https:\/\/www.hoogstra-autosport.nl\/"},{"@type":"ListItem","position":2,"name":"Uitrusting","item":"https:\/\/www.hoogstra-autosport.nl\/product-categorie\/autosport-kleding-helmen\/"},{"@type":"ListItem","position":3,"name":"Helmen","item":"https:\/\/www.hoogstra-autosport.nl\/product-categorie\/autosport-kleding-helmen\/helmen\/"},{"@type":"ListItem","position":4,"name":"Open Face Helmen","item":"https:\/\/www.hoogstra-autosport.nl\/product-categorie\/autosport-kleding-helmen\/helmen\/open-face-helmen\/"},{"@type":"ListItem","position":5,"name":"Kenny UP Wit\/Rood\/Zwart"}]},{"@type":"WebSite","@id":"https:\/\/www.hoogstra-autosport.nl\/#website","url":"https:\/\/www.hoogstra-autosport.nl\/","name":"Hoogstra Autosport","description":"Performance Autosport Parts!","potentialAction":[{"@type":"SearchAction","target":{"@type":"EntryPoint","urlTemplate":"https:\/\/www.hoogstra-autosport.nl\/?s={search_term_string}"},"query-input":{"@type":"PropertyValueSpecification","valueRequired":true,"valueName":"search_term_string"}}],"inLanguage":"fr-FR"}]}},"tiered_pricing_type":"fixed","tiered_pricing_fixed_rules":[],"tiered_pricing_product_settings":{"layout":"default","base_unit_name":{"singular":null,"plural":null},"default_variation":null},"tiered_pricing_minimum_quantity":null,"tiered_pricing_roles_data":[],"tiered_pricing_percentage_rules":[],"tiered_pricing_maximum_quantity":null,"tiered_pricing_quantity_step":null,"_links":{"self":[{"href":"https:\/\/www.hoogstra-autosport.nl\/fr\/wp-json\/wp\/v2\/product\/15179","targetHints":{"allow":["GET"]}}],"collection":[{"href":"https:\/\/www.hoogstra-autosport.nl\/fr\/wp-json\/wp\/v2\/product"}],"about":[{"href":"https:\/\/www.hoogstra-autosport.nl\/fr\/wp-json\/wp\/v2\/types\/product"}],"wp:featuredmedia":[{"embeddable":true,"href":"https:\/\/www.hoogstra-autosport.nl\/fr\/wp-json\/wp\/v2\/media\/15180"}],"wp:attachment":[{"href":"https:\/\/www.hoogstra-autosport.nl\/fr\/wp-json\/wp\/v2\/media?parent=15179"}],"wp:term":[{"taxonomy":"product_brand","embeddable":true,"href":"https:\/\/www.hoogstra-autosport.nl\/fr\/wp-json\/wp\/v2\/product_brand?post=15179"},{"taxonomy":"product_cat","embeddable":true,"href":"https:\/\/www.hoogstra-autosport.nl\/fr\/wp-json\/wp\/v2\/product_cat?post=15179"},{"taxonomy":"product_tag","embeddable":true,"href":"https:\/\/www.hoogstra-autosport.nl\/fr\/wp-json\/wp\/v2\/product_tag?post=15179"}],"curies":[{"name":"wp","href":"https:\/\/api.w.org\/{rel}","templated":true}]}}