{"id":14381,"date":"2019-02-25T19:11:33","date_gmt":"2019-02-25T18:11:33","guid":{"rendered":"http:\/\/hoogstra-autosport.nl\/?product=brandstofdrukregelaar-sytecSAR001B"},"modified":"2024-01-20T13:04:19","modified_gmt":"2024-01-20T12:04:19","slug":"brandstofdrukregelaar-sytecsar001b","status":"publish","type":"product","link":"https:\/\/www.hoogstra-autosport.nl\/fr\/produit\/brandstofdrukregelaar-sytecsar001b\/","title":{"rendered":"R\u00e9gulateur de pression de carburant Sytec"},"content":{"rendered":"<p>R\u00e9gulateur de pression r\u00e9glable par bouton rotatif. 8 raccords MM\u00a0<\/p>\n<p>\u00a0<\/p>\n<p>SYTEC BOOST VALVE Con\u00e7u pour \u00eatre utilis\u00e9 sur les moteurs \u00e0 injection \u00e9lectrique avec un dispositif sp\u00e9cial d'enrichissement du carburant pour l'acc\u00e9l\u00e9ration, commun\u00e9ment appel\u00e9 \"Rising Fuel Rate\". Le taux d'enrichissement est de 1,7 : 1.<\/p>\n<p>Les prestations sont les m\u00eames que ci-dessus.<\/p>\n<p>L'unit\u00e9 est livr\u00e9e avec un support de montage standard<\/p>","protected":false},"excerpt":{"rendered":"<p>Instelbare drukregelaar met draaiknop. aansluitingen 8 MM\u00a0 \u00a0 SYTEC BOOST VALVE Designed for use on \u2018Electric Fuel Injection\u2019 Engines with a special fuel enrichment facility for acceleration, commonly known as a \u2019Rising Fuel Rate\u2019. The enrichment rate is 1.7 : 1. Benefits are the same as above. Unit comes supplied with a standard mounting bracket<\/p>","protected":false},"featured_media":14382,"template":"","meta":{"_acf_changed":false},"product_brand":[],"product_cat":[2666,4143],"product_tag":[],"class_list":{"0":"post-14381","1":"product","2":"type-product","3":"status-publish","4":"has-post-thumbnail","6":"product_cat-brandstofdruk-regelaars","7":"product_cat-sytec","8":"product_shipping_class-4016","10":"first","11":"instock","12":"taxable","13":"shipping-taxable","14":"purchasable","15":"product-type-simple"},"acf":[],"yoast_head":"<!-- This site is optimized with the Yoast SEO plugin v27.1.1 - https:\/\/yoast.com\/product\/yoast-seo-wordpress\/ -->\n<title>Brandstofdrukregelaar Sytec - Hoogstra Autosport<\/title>\n<meta name=\"robots\" content=\"index, follow, max-snippet:-1, max-image-preview:large, max-video-preview:-1\" \/>\n<link rel=\"canonical\" href=\"https:\/\/www.hoogstra-autosport.nl\/fr\/produit\/brandstofdrukregelaar-sytecsar001b\/\" \/>\n<meta property=\"og:locale\" content=\"fr_FR\" \/>\n<meta property=\"og:type\" content=\"article\" \/>\n<meta property=\"og:title\" content=\"Brandstofdrukregelaar Sytec - Hoogstra Autosport\" \/>\n<meta property=\"og:description\" content=\"Instelbare drukregelaar met draaiknop. aansluitingen 8 MM\u00a0 \u00a0 SYTEC BOOST VALVE Designed for use on \u2018Electric Fuel Injection\u2019 Engines with a special fuel enrichment facility for acceleration, commonly known as a \u2019Rising Fuel Rate\u2019. The enrichment rate is 1.7 : 1. Benefits are the same as above. Unit comes supplied with a standard mounting bracket\" \/>\n<meta property=\"og:url\" content=\"https:\/\/www.hoogstra-autosport.nl\/fr\/produit\/brandstofdrukregelaar-sytecsar001b\/\" \/>\n<meta property=\"og:site_name\" content=\"Hoogstra Autosport\" \/>\n<meta property=\"article:modified_time\" content=\"2024-01-20T12:04:19+00:00\" \/>\n<meta property=\"og:image\" content=\"https:\/\/www.hoogstra-autosport.nl\/teamkoen\/content\/uploads\/catalog\/product\/Drukrgelaar20Brandstof20SAR001B20.jpg\" \/>\n\t<meta property=\"og:image:width\" content=\"445\" \/>\n\t<meta property=\"og:image:height\" content=\"500\" \/>\n\t<meta property=\"og:image:type\" content=\"image\/jpeg\" \/>\n<meta name=\"twitter:card\" content=\"summary_large_image\" \/>\n<script type=\"application\/ld+json\" class=\"yoast-schema-graph\">{\"@context\":\"https:\/\/schema.org\",\"@graph\":[{\"@type\":\"WebPage\",\"@id\":\"https:\/\/www.hoogstra-autosport.nl\/product\/brandstofdrukregelaar-sytecsar001b\/\",\"url\":\"https:\/\/www.hoogstra-autosport.nl\/product\/brandstofdrukregelaar-sytecsar001b\/\",\"name\":\"Brandstofdrukregelaar Sytec - Hoogstra Autosport\",\"isPartOf\":{\"@id\":\"https:\/\/www.hoogstra-autosport.nl\/#website\"},\"primaryImageOfPage\":{\"@id\":\"https:\/\/www.hoogstra-autosport.nl\/product\/brandstofdrukregelaar-sytecsar001b\/#primaryimage\"},\"image\":{\"@id\":\"https:\/\/www.hoogstra-autosport.nl\/product\/brandstofdrukregelaar-sytecsar001b\/#primaryimage\"},\"thumbnailUrl\":\"https:\/\/www.hoogstra-autosport.nl\/teamkoen\/wp-content\/uploads\/catalog\/product\/Drukrgelaar20Brandstof20SAR001B20.jpg\",\"datePublished\":\"2019-02-25T18:11:33+00:00\",\"dateModified\":\"2024-01-20T12:04:19+00:00\",\"breadcrumb\":{\"@id\":\"https:\/\/www.hoogstra-autosport.nl\/product\/brandstofdrukregelaar-sytecsar001b\/#breadcrumb\"},\"inLanguage\":\"fr-FR\",\"potentialAction\":[{\"@type\":\"ReadAction\",\"target\":[\"https:\/\/www.hoogstra-autosport.nl\/product\/brandstofdrukregelaar-sytecsar001b\/\"]}]},{\"@type\":\"ImageObject\",\"inLanguage\":\"fr-FR\",\"@id\":\"https:\/\/www.hoogstra-autosport.nl\/product\/brandstofdrukregelaar-sytecsar001b\/#primaryimage\",\"url\":\"https:\/\/www.hoogstra-autosport.nl\/teamkoen\/wp-content\/uploads\/catalog\/product\/Drukrgelaar20Brandstof20SAR001B20.jpg\",\"contentUrl\":\"https:\/\/www.hoogstra-autosport.nl\/teamkoen\/wp-content\/uploads\/catalog\/product\/Drukrgelaar20Brandstof20SAR001B20.jpg\",\"width\":445,\"height\":500},{\"@type\":\"BreadcrumbList\",\"@id\":\"https:\/\/www.hoogstra-autosport.nl\/product\/brandstofdrukregelaar-sytecsar001b\/#breadcrumb\",\"itemListElement\":[{\"@type\":\"ListItem\",\"position\":1,\"name\":\"Home\",\"item\":\"https:\/\/www.hoogstra-autosport.nl\/\"},{\"@type\":\"ListItem\",\"position\":2,\"name\":\"Brandstof Systeem\",\"item\":\"https:\/\/www.hoogstra-autosport.nl\/product-categorie\/brandstof-systeem-2\/\"},{\"@type\":\"ListItem\",\"position\":3,\"name\":\"Brandstofdruk regelaars\",\"item\":\"https:\/\/www.hoogstra-autosport.nl\/product-categorie\/brandstof-systeem-2\/brandstofdruk-regelaars\/\"},{\"@type\":\"ListItem\",\"position\":4,\"name\":\"Brandstofdrukregelaar Sytec\"}]},{\"@type\":\"WebSite\",\"@id\":\"https:\/\/www.hoogstra-autosport.nl\/#website\",\"url\":\"https:\/\/www.hoogstra-autosport.nl\/\",\"name\":\"Hoogstra Autosport\",\"description\":\"Performance Autosport Parts!\",\"potentialAction\":[{\"@type\":\"SearchAction\",\"target\":{\"@type\":\"EntryPoint\",\"urlTemplate\":\"https:\/\/www.hoogstra-autosport.nl\/?s={search_term_string}\"},\"query-input\":{\"@type\":\"PropertyValueSpecification\",\"valueRequired\":true,\"valueName\":\"search_term_string\"}}],\"inLanguage\":\"fr-FR\"}]}<\/script>\n<!-- \/ Yoast SEO plugin. -->","yoast_head_json":{"title":"Brandstofdrukregelaar Sytec - Hoogstra Autosport","robots":{"index":"index","follow":"follow","max-snippet":"max-snippet:-1","max-image-preview":"max-image-preview:large","max-video-preview":"max-video-preview:-1"},"canonical":"https:\/\/www.hoogstra-autosport.nl\/fr\/produit\/brandstofdrukregelaar-sytecsar001b\/","og_locale":"fr_FR","og_type":"article","og_title":"Brandstofdrukregelaar Sytec - Hoogstra Autosport","og_description":"Instelbare drukregelaar met draaiknop. aansluitingen 8 MM\u00a0 \u00a0 SYTEC BOOST VALVE Designed for use on \u2018Electric Fuel Injection\u2019 Engines with a special fuel enrichment facility for acceleration, commonly known as a \u2019Rising Fuel Rate\u2019. The enrichment rate is 1.7 : 1. Benefits are the same as above. Unit comes supplied with a standard mounting bracket","og_url":"https:\/\/www.hoogstra-autosport.nl\/fr\/produit\/brandstofdrukregelaar-sytecsar001b\/","og_site_name":"Hoogstra Autosport","article_modified_time":"2024-01-20T12:04:19+00:00","og_image":[{"width":445,"height":500,"url":"https:\/\/www.hoogstra-autosport.nl\/teamkoen\/content\/uploads\/catalog\/product\/Drukrgelaar20Brandstof20SAR001B20.jpg","type":"image\/jpeg"}],"twitter_card":"summary_large_image","schema":{"@context":"https:\/\/schema.org","@graph":[{"@type":"WebPage","@id":"https:\/\/www.hoogstra-autosport.nl\/product\/brandstofdrukregelaar-sytecsar001b\/","url":"https:\/\/www.hoogstra-autosport.nl\/product\/brandstofdrukregelaar-sytecsar001b\/","name":"Brandstofdrukregelaar Sytec - Hoogstra Autosport","isPartOf":{"@id":"https:\/\/www.hoogstra-autosport.nl\/#website"},"primaryImageOfPage":{"@id":"https:\/\/www.hoogstra-autosport.nl\/product\/brandstofdrukregelaar-sytecsar001b\/#primaryimage"},"image":{"@id":"https:\/\/www.hoogstra-autosport.nl\/product\/brandstofdrukregelaar-sytecsar001b\/#primaryimage"},"thumbnailUrl":"https:\/\/www.hoogstra-autosport.nl\/teamkoen\/wp-content\/uploads\/catalog\/product\/Drukrgelaar20Brandstof20SAR001B20.jpg","datePublished":"2019-02-25T18:11:33+00:00","dateModified":"2024-01-20T12:04:19+00:00","breadcrumb":{"@id":"https:\/\/www.hoogstra-autosport.nl\/product\/brandstofdrukregelaar-sytecsar001b\/#breadcrumb"},"inLanguage":"fr-FR","potentialAction":[{"@type":"ReadAction","target":["https:\/\/www.hoogstra-autosport.nl\/product\/brandstofdrukregelaar-sytecsar001b\/"]}]},{"@type":"ImageObject","inLanguage":"fr-FR","@id":"https:\/\/www.hoogstra-autosport.nl\/product\/brandstofdrukregelaar-sytecsar001b\/#primaryimage","url":"https:\/\/www.hoogstra-autosport.nl\/teamkoen\/wp-content\/uploads\/catalog\/product\/Drukrgelaar20Brandstof20SAR001B20.jpg","contentUrl":"https:\/\/www.hoogstra-autosport.nl\/teamkoen\/wp-content\/uploads\/catalog\/product\/Drukrgelaar20Brandstof20SAR001B20.jpg","width":445,"height":500},{"@type":"BreadcrumbList","@id":"https:\/\/www.hoogstra-autosport.nl\/product\/brandstofdrukregelaar-sytecsar001b\/#breadcrumb","itemListElement":[{"@type":"ListItem","position":1,"name":"Home","item":"https:\/\/www.hoogstra-autosport.nl\/"},{"@type":"ListItem","position":2,"name":"Brandstof Systeem","item":"https:\/\/www.hoogstra-autosport.nl\/product-categorie\/brandstof-systeem-2\/"},{"@type":"ListItem","position":3,"name":"Brandstofdruk regelaars","item":"https:\/\/www.hoogstra-autosport.nl\/product-categorie\/brandstof-systeem-2\/brandstofdruk-regelaars\/"},{"@type":"ListItem","position":4,"name":"Brandstofdrukregelaar Sytec"}]},{"@type":"WebSite","@id":"https:\/\/www.hoogstra-autosport.nl\/#website","url":"https:\/\/www.hoogstra-autosport.nl\/","name":"Hoogstra Autosport","description":"Performance Autosport Parts!","potentialAction":[{"@type":"SearchAction","target":{"@type":"EntryPoint","urlTemplate":"https:\/\/www.hoogstra-autosport.nl\/?s={search_term_string}"},"query-input":{"@type":"PropertyValueSpecification","valueRequired":true,"valueName":"search_term_string"}}],"inLanguage":"fr-FR"}]}},"tiered_pricing_type":"fixed","tiered_pricing_fixed_rules":[],"tiered_pricing_product_settings":{"layout":"default","base_unit_name":{"singular":null,"plural":null},"default_variation":null},"tiered_pricing_minimum_quantity":null,"tiered_pricing_roles_data":[],"tiered_pricing_percentage_rules":[],"tiered_pricing_maximum_quantity":null,"tiered_pricing_quantity_step":null,"_links":{"self":[{"href":"https:\/\/www.hoogstra-autosport.nl\/fr\/wp-json\/wp\/v2\/product\/14381","targetHints":{"allow":["GET"]}}],"collection":[{"href":"https:\/\/www.hoogstra-autosport.nl\/fr\/wp-json\/wp\/v2\/product"}],"about":[{"href":"https:\/\/www.hoogstra-autosport.nl\/fr\/wp-json\/wp\/v2\/types\/product"}],"wp:featuredmedia":[{"embeddable":true,"href":"https:\/\/www.hoogstra-autosport.nl\/fr\/wp-json\/wp\/v2\/media\/14382"}],"wp:attachment":[{"href":"https:\/\/www.hoogstra-autosport.nl\/fr\/wp-json\/wp\/v2\/media?parent=14381"}],"wp:term":[{"taxonomy":"product_brand","embeddable":true,"href":"https:\/\/www.hoogstra-autosport.nl\/fr\/wp-json\/wp\/v2\/product_brand?post=14381"},{"taxonomy":"product_cat","embeddable":true,"href":"https:\/\/www.hoogstra-autosport.nl\/fr\/wp-json\/wp\/v2\/product_cat?post=14381"},{"taxonomy":"product_tag","embeddable":true,"href":"https:\/\/www.hoogstra-autosport.nl\/fr\/wp-json\/wp\/v2\/product_tag?post=14381"}],"curies":[{"name":"wp","href":"https:\/\/api.w.org\/{rel}","templated":true}]}}