{"id":14220,"date":"2019-01-29T18:24:43","date_gmt":"2019-01-29T17:24:43","guid":{"rendered":"http:\/\/hoogstra-autosport.nl\/?product=terugslagklepje-tank-dash-6"},"modified":"2026-03-17T13:39:29","modified_gmt":"2026-03-17T12:39:29","slug":"terugslagklepje-tank-dash-6","status":"publish","type":"product","link":"https:\/\/www.hoogstra-autosport.nl\/fr\/produit\/terugslagklepje-tank-dash-6\/","title":{"rendered":"Clapet anti-retour Tank Dash 6"},"content":{"rendered":"<p>Obligatoire pendant toutes les courses sur l'\u00e9vent de votre r\u00e9servoir !<\/p>\n<p>\u00a0<\/p>\n<p>disponible en 8mm<\/p>\n<p>\u00a0<\/p>\n<p>Il contient une petite bille qui permet d'\u00e9viter toute fuite de carburant lorsque le r\u00e9servoir est \u00e0 l'envers.\u00a0<\/p>\n<p>Le c\u00f4t\u00e9 inf\u00e9rieur est \u00e9galement Dash 6 connexion des \u00e9crous libres sont disponibles pour cela.\u00a0<\/p>","protected":false},"excerpt":{"rendered":"<p>Verplicht tijdens alle wedsrijden op de ontluchtings van je tank ! \u00a0 verkijgbaar in 8mm \u00a0 Hierin zit een balletje verwerkt zodat wanneer de tank op de kop ligt er geen brandstof uit lekt.\u00a0 Onderzijde is ook Dash 6 aansluiting losse moeren zijn hiervoor verkrijgbaar\u00a0<\/p>","protected":false},"featured_media":14221,"template":"","meta":{"_acf_changed":false},"product_brand":[],"product_cat":[2642,3847],"product_tag":[],"class_list":{"0":"post-14220","1":"product","2":"type-product","3":"status-publish","4":"has-post-thumbnail","6":"product_cat-brandstof-filters","7":"product_cat-brandstof-toebehoren-brandstof-toebehoren","8":"product_shipping_class-4016","10":"first","11":"instock","12":"taxable","13":"shipping-taxable","14":"product-type-variable"},"acf":[],"yoast_head":"<!-- This site is optimized with the Yoast SEO plugin v27.1.1 - https:\/\/yoast.com\/product\/yoast-seo-wordpress\/ -->\n<title>Terugslagklepje Tank Dash 6 - Hoogstra Autosport<\/title>\n<meta name=\"description\" content=\"Benzine\" \/>\n<meta name=\"robots\" content=\"index, follow, max-snippet:-1, max-image-preview:large, max-video-preview:-1\" \/>\n<link rel=\"canonical\" href=\"https:\/\/www.hoogstra-autosport.nl\/fr\/produit\/terugslagklepje-tank-dash-6\/\" \/>\n<meta property=\"og:locale\" content=\"fr_FR\" \/>\n<meta property=\"og:type\" content=\"article\" \/>\n<meta property=\"og:title\" content=\"Terugslagklepje Tank Dash 6 - Hoogstra Autosport\" \/>\n<meta property=\"og:description\" content=\"Benzine\" \/>\n<meta property=\"og:url\" content=\"https:\/\/www.hoogstra-autosport.nl\/fr\/produit\/terugslagklepje-tank-dash-6\/\" \/>\n<meta property=\"og:site_name\" content=\"Hoogstra Autosport\" \/>\n<meta property=\"article:modified_time\" content=\"2026-03-17T12:39:29+00:00\" \/>\n<meta property=\"og:image\" content=\"https:\/\/www.hoogstra-autosport.nl\/teamkoen\/content\/uploads\/catalog\/product\/Ontluchtingsventiel20Dash20620Rood20820mm20.jpg\" \/>\n\t<meta property=\"og:image:width\" content=\"501\" \/>\n\t<meta property=\"og:image:height\" content=\"707\" \/>\n\t<meta property=\"og:image:type\" content=\"image\/jpeg\" \/>\n<meta name=\"twitter:card\" content=\"summary_large_image\" \/>\n<script type=\"application\/ld+json\" class=\"yoast-schema-graph\">{\"@context\":\"https:\/\/schema.org\",\"@graph\":[{\"@type\":\"WebPage\",\"@id\":\"https:\/\/www.hoogstra-autosport.nl\/product\/terugslagklepje-tank-dash-6\/\",\"url\":\"https:\/\/www.hoogstra-autosport.nl\/product\/terugslagklepje-tank-dash-6\/\",\"name\":\"Terugslagklepje Tank Dash 6 - Hoogstra Autosport\",\"isPartOf\":{\"@id\":\"https:\/\/www.hoogstra-autosport.nl\/#website\"},\"primaryImageOfPage\":{\"@id\":\"https:\/\/www.hoogstra-autosport.nl\/product\/terugslagklepje-tank-dash-6\/#primaryimage\"},\"image\":{\"@id\":\"https:\/\/www.hoogstra-autosport.nl\/product\/terugslagklepje-tank-dash-6\/#primaryimage\"},\"thumbnailUrl\":\"https:\/\/www.hoogstra-autosport.nl\/teamkoen\/wp-content\/uploads\/catalog\/product\/Ontluchtingsventiel20Dash20620Rood20820mm20.jpg\",\"datePublished\":\"2019-01-29T17:24:43+00:00\",\"dateModified\":\"2026-03-17T12:39:29+00:00\",\"description\":\"Benzine\",\"breadcrumb\":{\"@id\":\"https:\/\/www.hoogstra-autosport.nl\/product\/terugslagklepje-tank-dash-6\/#breadcrumb\"},\"inLanguage\":\"fr-FR\",\"potentialAction\":[{\"@type\":\"ReadAction\",\"target\":[\"https:\/\/www.hoogstra-autosport.nl\/product\/terugslagklepje-tank-dash-6\/\"]}]},{\"@type\":\"ImageObject\",\"inLanguage\":\"fr-FR\",\"@id\":\"https:\/\/www.hoogstra-autosport.nl\/product\/terugslagklepje-tank-dash-6\/#primaryimage\",\"url\":\"https:\/\/www.hoogstra-autosport.nl\/teamkoen\/wp-content\/uploads\/catalog\/product\/Ontluchtingsventiel20Dash20620Rood20820mm20.jpg\",\"contentUrl\":\"https:\/\/www.hoogstra-autosport.nl\/teamkoen\/wp-content\/uploads\/catalog\/product\/Ontluchtingsventiel20Dash20620Rood20820mm20.jpg\",\"width\":501,\"height\":707},{\"@type\":\"BreadcrumbList\",\"@id\":\"https:\/\/www.hoogstra-autosport.nl\/product\/terugslagklepje-tank-dash-6\/#breadcrumb\",\"itemListElement\":[{\"@type\":\"ListItem\",\"position\":1,\"name\":\"Home\",\"item\":\"https:\/\/www.hoogstra-autosport.nl\/\"},{\"@type\":\"ListItem\",\"position\":2,\"name\":\"Brandstof Systeem\",\"item\":\"https:\/\/www.hoogstra-autosport.nl\/product-categorie\/brandstof-systeem-2\/\"},{\"@type\":\"ListItem\",\"position\":3,\"name\":\"Brandstof Nippels &amp; Verlopen\",\"item\":\"https:\/\/www.hoogstra-autosport.nl\/product-categorie\/brandstof-systeem-2\/brandstof-toebehoren\/\"},{\"@type\":\"ListItem\",\"position\":4,\"name\":\"Brandstof Toebehoren\",\"item\":\"https:\/\/www.hoogstra-autosport.nl\/product-categorie\/brandstof-systeem-2\/brandstof-toebehoren\/brandstof-toebehoren-brandstof-toebehoren\/\"},{\"@type\":\"ListItem\",\"position\":5,\"name\":\"Terugslagklepje Tank Dash 6\"}]},{\"@type\":\"WebSite\",\"@id\":\"https:\/\/www.hoogstra-autosport.nl\/#website\",\"url\":\"https:\/\/www.hoogstra-autosport.nl\/\",\"name\":\"Hoogstra Autosport\",\"description\":\"Performance Autosport Parts!\",\"potentialAction\":[{\"@type\":\"SearchAction\",\"target\":{\"@type\":\"EntryPoint\",\"urlTemplate\":\"https:\/\/www.hoogstra-autosport.nl\/?s={search_term_string}\"},\"query-input\":{\"@type\":\"PropertyValueSpecification\",\"valueRequired\":true,\"valueName\":\"search_term_string\"}}],\"inLanguage\":\"fr-FR\"}]}<\/script>\n<!-- \/ Yoast SEO plugin. -->","yoast_head_json":{"title":"Terugslagklepje Tank Dash 6 - Hoogstra Autosport","description":"Benzine","robots":{"index":"index","follow":"follow","max-snippet":"max-snippet:-1","max-image-preview":"max-image-preview:large","max-video-preview":"max-video-preview:-1"},"canonical":"https:\/\/www.hoogstra-autosport.nl\/fr\/produit\/terugslagklepje-tank-dash-6\/","og_locale":"fr_FR","og_type":"article","og_title":"Terugslagklepje Tank Dash 6 - Hoogstra Autosport","og_description":"Benzine","og_url":"https:\/\/www.hoogstra-autosport.nl\/fr\/produit\/terugslagklepje-tank-dash-6\/","og_site_name":"Hoogstra Autosport","article_modified_time":"2026-03-17T12:39:29+00:00","og_image":[{"width":501,"height":707,"url":"https:\/\/www.hoogstra-autosport.nl\/teamkoen\/content\/uploads\/catalog\/product\/Ontluchtingsventiel20Dash20620Rood20820mm20.jpg","type":"image\/jpeg"}],"twitter_card":"summary_large_image","schema":{"@context":"https:\/\/schema.org","@graph":[{"@type":"WebPage","@id":"https:\/\/www.hoogstra-autosport.nl\/product\/terugslagklepje-tank-dash-6\/","url":"https:\/\/www.hoogstra-autosport.nl\/product\/terugslagklepje-tank-dash-6\/","name":"Terugslagklepje Tank Dash 6 - Hoogstra Autosport","isPartOf":{"@id":"https:\/\/www.hoogstra-autosport.nl\/#website"},"primaryImageOfPage":{"@id":"https:\/\/www.hoogstra-autosport.nl\/product\/terugslagklepje-tank-dash-6\/#primaryimage"},"image":{"@id":"https:\/\/www.hoogstra-autosport.nl\/product\/terugslagklepje-tank-dash-6\/#primaryimage"},"thumbnailUrl":"https:\/\/www.hoogstra-autosport.nl\/teamkoen\/wp-content\/uploads\/catalog\/product\/Ontluchtingsventiel20Dash20620Rood20820mm20.jpg","datePublished":"2019-01-29T17:24:43+00:00","dateModified":"2026-03-17T12:39:29+00:00","description":"Benzine","breadcrumb":{"@id":"https:\/\/www.hoogstra-autosport.nl\/product\/terugslagklepje-tank-dash-6\/#breadcrumb"},"inLanguage":"fr-FR","potentialAction":[{"@type":"ReadAction","target":["https:\/\/www.hoogstra-autosport.nl\/product\/terugslagklepje-tank-dash-6\/"]}]},{"@type":"ImageObject","inLanguage":"fr-FR","@id":"https:\/\/www.hoogstra-autosport.nl\/product\/terugslagklepje-tank-dash-6\/#primaryimage","url":"https:\/\/www.hoogstra-autosport.nl\/teamkoen\/wp-content\/uploads\/catalog\/product\/Ontluchtingsventiel20Dash20620Rood20820mm20.jpg","contentUrl":"https:\/\/www.hoogstra-autosport.nl\/teamkoen\/wp-content\/uploads\/catalog\/product\/Ontluchtingsventiel20Dash20620Rood20820mm20.jpg","width":501,"height":707},{"@type":"BreadcrumbList","@id":"https:\/\/www.hoogstra-autosport.nl\/product\/terugslagklepje-tank-dash-6\/#breadcrumb","itemListElement":[{"@type":"ListItem","position":1,"name":"Home","item":"https:\/\/www.hoogstra-autosport.nl\/"},{"@type":"ListItem","position":2,"name":"Brandstof Systeem","item":"https:\/\/www.hoogstra-autosport.nl\/product-categorie\/brandstof-systeem-2\/"},{"@type":"ListItem","position":3,"name":"Brandstof Nippels &amp; Verlopen","item":"https:\/\/www.hoogstra-autosport.nl\/product-categorie\/brandstof-systeem-2\/brandstof-toebehoren\/"},{"@type":"ListItem","position":4,"name":"Brandstof Toebehoren","item":"https:\/\/www.hoogstra-autosport.nl\/product-categorie\/brandstof-systeem-2\/brandstof-toebehoren\/brandstof-toebehoren-brandstof-toebehoren\/"},{"@type":"ListItem","position":5,"name":"Terugslagklepje Tank Dash 6"}]},{"@type":"WebSite","@id":"https:\/\/www.hoogstra-autosport.nl\/#website","url":"https:\/\/www.hoogstra-autosport.nl\/","name":"Hoogstra Autosport","description":"Performance Autosport Parts!","potentialAction":[{"@type":"SearchAction","target":{"@type":"EntryPoint","urlTemplate":"https:\/\/www.hoogstra-autosport.nl\/?s={search_term_string}"},"query-input":{"@type":"PropertyValueSpecification","valueRequired":true,"valueName":"search_term_string"}}],"inLanguage":"fr-FR"}]}},"tiered_pricing_type":"fixed","tiered_pricing_fixed_rules":[],"tiered_pricing_product_settings":{"layout":"default","base_unit_name":{"singular":null,"plural":null},"default_variation":null},"tiered_pricing_minimum_quantity":null,"tiered_pricing_roles_data":[],"tiered_pricing_percentage_rules":[],"tiered_pricing_maximum_quantity":null,"tiered_pricing_quantity_step":null,"_links":{"self":[{"href":"https:\/\/www.hoogstra-autosport.nl\/fr\/wp-json\/wp\/v2\/product\/14220","targetHints":{"allow":["GET"]}}],"collection":[{"href":"https:\/\/www.hoogstra-autosport.nl\/fr\/wp-json\/wp\/v2\/product"}],"about":[{"href":"https:\/\/www.hoogstra-autosport.nl\/fr\/wp-json\/wp\/v2\/types\/product"}],"wp:featuredmedia":[{"embeddable":true,"href":"https:\/\/www.hoogstra-autosport.nl\/fr\/wp-json\/wp\/v2\/media\/14221"}],"wp:attachment":[{"href":"https:\/\/www.hoogstra-autosport.nl\/fr\/wp-json\/wp\/v2\/media?parent=14220"}],"wp:term":[{"taxonomy":"product_brand","embeddable":true,"href":"https:\/\/www.hoogstra-autosport.nl\/fr\/wp-json\/wp\/v2\/product_brand?post=14220"},{"taxonomy":"product_cat","embeddable":true,"href":"https:\/\/www.hoogstra-autosport.nl\/fr\/wp-json\/wp\/v2\/product_cat?post=14220"},{"taxonomy":"product_tag","embeddable":true,"href":"https:\/\/www.hoogstra-autosport.nl\/fr\/wp-json\/wp\/v2\/product_tag?post=14220"}],"curies":[{"name":"wp","href":"https:\/\/api.w.org\/{rel}","templated":true}]}}