{"id":14119,"date":"2019-01-20T16:43:17","date_gmt":"2019-01-20T15:43:17","guid":{"rendered":"http:\/\/hoogstra-autosport.nl\/?product=draai-fitting-quick-release-slang-dash-4"},"modified":"2025-12-15T10:49:46","modified_gmt":"2025-12-15T09:49:46","slug":"draai-fitting-quick-release-slang-dash-4","status":"publish","type":"product","link":"https:\/\/www.hoogstra-autosport.nl\/fr\/produit\/draai-fitting-quick-release-slang-dash-4\/","title":{"rendered":"Raccord pivotant Quick Connect Hose Dash 4"},"content":{"rendered":"<p>Raccord pivotant \u00e0 d\u00e9gagement rapide tuyau d'huile de frein<\/p>\n<p>Ce raccord tournant vous permet de d\u00e9connecter un tuyau sans avoir \u00e0 le purger \u00e0 nouveau par la suite.<\/p>\n<p>L'appareillage dit de rupture s\u00e8che<\/p>\n<p>Disponible en diff\u00e9rentes tailles Connexion sph\u00e9rique 2x m\u00e2le<\/p>","protected":false},"excerpt":{"rendered":"<p>Quick Release Draai fitting rem olie slang Met deze draai fitting kun je een slang ontkoppelen zonder dat je daarna weer ontluchten moeten. Zogenoemd dry break fitting Verkrijgbaar in verschillende maten 2x mannelijke bolconische aansluiting<\/p>","protected":false},"featured_media":93673,"template":"","meta":{"_acf_changed":false},"product_brand":[],"product_cat":[2778,2792,2893],"product_tag":[],"class_list":{"0":"post-14119","1":"product","2":"type-product","3":"status-publish","4":"has-post-thumbnail","6":"product_cat-dash-4-koppelingen","7":"product_cat-hydraulische-koppeling","8":"product_cat-quick-release-fitting","9":"product_shipping_class-4016","11":"first","12":"instock","13":"taxable","14":"shipping-taxable","15":"purchasable","16":"product-type-simple"},"acf":[],"yoast_head":"<!-- This site is optimized with the Yoast SEO plugin v27.1.1 - https:\/\/yoast.com\/product\/yoast-seo-wordpress\/ -->\n<title>Draai Fitting Quick Connect Slang Dash 4 - Hoogstra Autosport<\/title>\n<meta name=\"robots\" content=\"index, follow, max-snippet:-1, max-image-preview:large, max-video-preview:-1\" \/>\n<link rel=\"canonical\" href=\"https:\/\/www.hoogstra-autosport.nl\/fr\/produit\/draai-fitting-quick-release-slang-dash-4\/\" \/>\n<meta property=\"og:locale\" content=\"fr_FR\" \/>\n<meta property=\"og:type\" content=\"article\" \/>\n<meta property=\"og:title\" content=\"Draai Fitting Quick Connect Slang Dash 4 - Hoogstra Autosport\" \/>\n<meta property=\"og:description\" content=\"Quick Release Draai fitting rem olie slang Met deze draai fitting kun je een slang ontkoppelen zonder dat je daarna weer ontluchten moeten. Zogenoemd dry break fitting Verkrijgbaar in verschillende maten 2x mannelijke bolconische aansluiting\" \/>\n<meta property=\"og:url\" content=\"https:\/\/www.hoogstra-autosport.nl\/fr\/produit\/draai-fitting-quick-release-slang-dash-4\/\" \/>\n<meta property=\"og:site_name\" content=\"Hoogstra Autosport\" \/>\n<meta property=\"article:modified_time\" content=\"2025-12-15T09:49:46+00:00\" \/>\n<meta property=\"og:image\" content=\"https:\/\/www.hoogstra-autosport.nl\/teamkoen\/wp-content\/uploads\/2019\/01\/D4-Quick-Release-Fittting-QR04.jpg\" \/>\n\t<meta property=\"og:image:width\" content=\"1080\" \/>\n\t<meta property=\"og:image:height\" content=\"1080\" \/>\n\t<meta property=\"og:image:type\" content=\"image\/jpeg\" \/>\n<meta name=\"twitter:card\" content=\"summary_large_image\" \/>\n<meta name=\"twitter:label1\" content=\"Dur\u00e9e de lecture estim\u00e9e\" \/>\n\t<meta name=\"twitter:data1\" content=\"1 minute\" \/>\n<script type=\"application\/ld+json\" class=\"yoast-schema-graph\">{\"@context\":\"https:\/\/schema.org\",\"@graph\":[{\"@type\":\"WebPage\",\"@id\":\"https:\/\/www.hoogstra-autosport.nl\/product\/draai-fitting-quick-release-slang-dash-4\/\",\"url\":\"https:\/\/www.hoogstra-autosport.nl\/product\/draai-fitting-quick-release-slang-dash-4\/\",\"name\":\"Draai Fitting Quick Connect Slang Dash 4 - Hoogstra Autosport\",\"isPartOf\":{\"@id\":\"https:\/\/www.hoogstra-autosport.nl\/#website\"},\"primaryImageOfPage\":{\"@id\":\"https:\/\/www.hoogstra-autosport.nl\/product\/draai-fitting-quick-release-slang-dash-4\/#primaryimage\"},\"image\":{\"@id\":\"https:\/\/www.hoogstra-autosport.nl\/product\/draai-fitting-quick-release-slang-dash-4\/#primaryimage\"},\"thumbnailUrl\":\"https:\/\/www.hoogstra-autosport.nl\/teamkoen\/wp-content\/uploads\/2019\/01\/D4-Quick-Release-Fittting-QR04.jpg\",\"datePublished\":\"2019-01-20T15:43:17+00:00\",\"dateModified\":\"2025-12-15T09:49:46+00:00\",\"breadcrumb\":{\"@id\":\"https:\/\/www.hoogstra-autosport.nl\/product\/draai-fitting-quick-release-slang-dash-4\/#breadcrumb\"},\"inLanguage\":\"fr-FR\",\"potentialAction\":[{\"@type\":\"ReadAction\",\"target\":[\"https:\/\/www.hoogstra-autosport.nl\/product\/draai-fitting-quick-release-slang-dash-4\/\"]}]},{\"@type\":\"ImageObject\",\"inLanguage\":\"fr-FR\",\"@id\":\"https:\/\/www.hoogstra-autosport.nl\/product\/draai-fitting-quick-release-slang-dash-4\/#primaryimage\",\"url\":\"https:\/\/www.hoogstra-autosport.nl\/teamkoen\/wp-content\/uploads\/2019\/01\/D4-Quick-Release-Fittting-QR04.jpg\",\"contentUrl\":\"https:\/\/www.hoogstra-autosport.nl\/teamkoen\/wp-content\/uploads\/2019\/01\/D4-Quick-Release-Fittting-QR04.jpg\",\"width\":1080,\"height\":1080},{\"@type\":\"BreadcrumbList\",\"@id\":\"https:\/\/www.hoogstra-autosport.nl\/product\/draai-fitting-quick-release-slang-dash-4\/#breadcrumb\",\"itemListElement\":[{\"@type\":\"ListItem\",\"position\":1,\"name\":\"Home\",\"item\":\"https:\/\/www.hoogstra-autosport.nl\/\"},{\"@type\":\"ListItem\",\"position\":2,\"name\":\"Motorisch\",\"item\":\"https:\/\/www.hoogstra-autosport.nl\/product-categorie\/auto-techniek\/\"},{\"@type\":\"ListItem\",\"position\":3,\"name\":\"Slangen &amp; Dash Nippels\",\"item\":\"https:\/\/www.hoogstra-autosport.nl\/product-categorie\/auto-techniek\/dash-koppelingen\/\"},{\"@type\":\"ListItem\",\"position\":4,\"name\":\"Dash Slang Koppelingen\",\"item\":\"https:\/\/www.hoogstra-autosport.nl\/product-categorie\/auto-techniek\/dash-koppelingen\/dash-nippels-bochten\/\"},{\"@type\":\"ListItem\",\"position\":5,\"name\":\"Dash 4 Koppelingen\",\"item\":\"https:\/\/www.hoogstra-autosport.nl\/product-categorie\/auto-techniek\/dash-koppelingen\/dash-nippels-bochten\/dash-4-koppelingen\/\"},{\"@type\":\"ListItem\",\"position\":6,\"name\":\"Draai Fitting Quick Connect Slang Dash 4\"}]},{\"@type\":\"WebSite\",\"@id\":\"https:\/\/www.hoogstra-autosport.nl\/#website\",\"url\":\"https:\/\/www.hoogstra-autosport.nl\/\",\"name\":\"Hoogstra Autosport\",\"description\":\"Performance Autosport Parts!\",\"potentialAction\":[{\"@type\":\"SearchAction\",\"target\":{\"@type\":\"EntryPoint\",\"urlTemplate\":\"https:\/\/www.hoogstra-autosport.nl\/?s={search_term_string}\"},\"query-input\":{\"@type\":\"PropertyValueSpecification\",\"valueRequired\":true,\"valueName\":\"search_term_string\"}}],\"inLanguage\":\"fr-FR\"}]}<\/script>\n<!-- \/ Yoast SEO plugin. -->","yoast_head_json":{"title":"Draai Fitting Quick Connect Slang Dash 4 - Hoogstra Autosport","robots":{"index":"index","follow":"follow","max-snippet":"max-snippet:-1","max-image-preview":"max-image-preview:large","max-video-preview":"max-video-preview:-1"},"canonical":"https:\/\/www.hoogstra-autosport.nl\/fr\/produit\/draai-fitting-quick-release-slang-dash-4\/","og_locale":"fr_FR","og_type":"article","og_title":"Draai Fitting Quick Connect Slang Dash 4 - Hoogstra Autosport","og_description":"Quick Release Draai fitting rem olie slang Met deze draai fitting kun je een slang ontkoppelen zonder dat je daarna weer ontluchten moeten. Zogenoemd dry break fitting Verkrijgbaar in verschillende maten 2x mannelijke bolconische aansluiting","og_url":"https:\/\/www.hoogstra-autosport.nl\/fr\/produit\/draai-fitting-quick-release-slang-dash-4\/","og_site_name":"Hoogstra Autosport","article_modified_time":"2025-12-15T09:49:46+00:00","og_image":[{"width":1080,"height":1080,"url":"https:\/\/www.hoogstra-autosport.nl\/teamkoen\/wp-content\/uploads\/2019\/01\/D4-Quick-Release-Fittting-QR04.jpg","type":"image\/jpeg"}],"twitter_card":"summary_large_image","twitter_misc":{"Dur\u00e9e de lecture estim\u00e9e":"1 minute"},"schema":{"@context":"https:\/\/schema.org","@graph":[{"@type":"WebPage","@id":"https:\/\/www.hoogstra-autosport.nl\/product\/draai-fitting-quick-release-slang-dash-4\/","url":"https:\/\/www.hoogstra-autosport.nl\/product\/draai-fitting-quick-release-slang-dash-4\/","name":"Draai Fitting Quick Connect Slang Dash 4 - Hoogstra Autosport","isPartOf":{"@id":"https:\/\/www.hoogstra-autosport.nl\/#website"},"primaryImageOfPage":{"@id":"https:\/\/www.hoogstra-autosport.nl\/product\/draai-fitting-quick-release-slang-dash-4\/#primaryimage"},"image":{"@id":"https:\/\/www.hoogstra-autosport.nl\/product\/draai-fitting-quick-release-slang-dash-4\/#primaryimage"},"thumbnailUrl":"https:\/\/www.hoogstra-autosport.nl\/teamkoen\/wp-content\/uploads\/2019\/01\/D4-Quick-Release-Fittting-QR04.jpg","datePublished":"2019-01-20T15:43:17+00:00","dateModified":"2025-12-15T09:49:46+00:00","breadcrumb":{"@id":"https:\/\/www.hoogstra-autosport.nl\/product\/draai-fitting-quick-release-slang-dash-4\/#breadcrumb"},"inLanguage":"fr-FR","potentialAction":[{"@type":"ReadAction","target":["https:\/\/www.hoogstra-autosport.nl\/product\/draai-fitting-quick-release-slang-dash-4\/"]}]},{"@type":"ImageObject","inLanguage":"fr-FR","@id":"https:\/\/www.hoogstra-autosport.nl\/product\/draai-fitting-quick-release-slang-dash-4\/#primaryimage","url":"https:\/\/www.hoogstra-autosport.nl\/teamkoen\/wp-content\/uploads\/2019\/01\/D4-Quick-Release-Fittting-QR04.jpg","contentUrl":"https:\/\/www.hoogstra-autosport.nl\/teamkoen\/wp-content\/uploads\/2019\/01\/D4-Quick-Release-Fittting-QR04.jpg","width":1080,"height":1080},{"@type":"BreadcrumbList","@id":"https:\/\/www.hoogstra-autosport.nl\/product\/draai-fitting-quick-release-slang-dash-4\/#breadcrumb","itemListElement":[{"@type":"ListItem","position":1,"name":"Home","item":"https:\/\/www.hoogstra-autosport.nl\/"},{"@type":"ListItem","position":2,"name":"Motorisch","item":"https:\/\/www.hoogstra-autosport.nl\/product-categorie\/auto-techniek\/"},{"@type":"ListItem","position":3,"name":"Slangen &amp; Dash Nippels","item":"https:\/\/www.hoogstra-autosport.nl\/product-categorie\/auto-techniek\/dash-koppelingen\/"},{"@type":"ListItem","position":4,"name":"Dash Slang Koppelingen","item":"https:\/\/www.hoogstra-autosport.nl\/product-categorie\/auto-techniek\/dash-koppelingen\/dash-nippels-bochten\/"},{"@type":"ListItem","position":5,"name":"Dash 4 Koppelingen","item":"https:\/\/www.hoogstra-autosport.nl\/product-categorie\/auto-techniek\/dash-koppelingen\/dash-nippels-bochten\/dash-4-koppelingen\/"},{"@type":"ListItem","position":6,"name":"Draai Fitting Quick Connect Slang Dash 4"}]},{"@type":"WebSite","@id":"https:\/\/www.hoogstra-autosport.nl\/#website","url":"https:\/\/www.hoogstra-autosport.nl\/","name":"Hoogstra Autosport","description":"Performance Autosport Parts!","potentialAction":[{"@type":"SearchAction","target":{"@type":"EntryPoint","urlTemplate":"https:\/\/www.hoogstra-autosport.nl\/?s={search_term_string}"},"query-input":{"@type":"PropertyValueSpecification","valueRequired":true,"valueName":"search_term_string"}}],"inLanguage":"fr-FR"}]}},"tiered_pricing_type":"fixed","tiered_pricing_fixed_rules":[],"tiered_pricing_product_settings":{"layout":"default","base_unit_name":{"singular":null,"plural":null},"default_variation":null},"tiered_pricing_minimum_quantity":null,"tiered_pricing_roles_data":[],"tiered_pricing_percentage_rules":[],"tiered_pricing_maximum_quantity":null,"tiered_pricing_quantity_step":null,"_links":{"self":[{"href":"https:\/\/www.hoogstra-autosport.nl\/fr\/wp-json\/wp\/v2\/product\/14119","targetHints":{"allow":["GET"]}}],"collection":[{"href":"https:\/\/www.hoogstra-autosport.nl\/fr\/wp-json\/wp\/v2\/product"}],"about":[{"href":"https:\/\/www.hoogstra-autosport.nl\/fr\/wp-json\/wp\/v2\/types\/product"}],"wp:featuredmedia":[{"embeddable":true,"href":"https:\/\/www.hoogstra-autosport.nl\/fr\/wp-json\/wp\/v2\/media\/93673"}],"wp:attachment":[{"href":"https:\/\/www.hoogstra-autosport.nl\/fr\/wp-json\/wp\/v2\/media?parent=14119"}],"wp:term":[{"taxonomy":"product_brand","embeddable":true,"href":"https:\/\/www.hoogstra-autosport.nl\/fr\/wp-json\/wp\/v2\/product_brand?post=14119"},{"taxonomy":"product_cat","embeddable":true,"href":"https:\/\/www.hoogstra-autosport.nl\/fr\/wp-json\/wp\/v2\/product_cat?post=14119"},{"taxonomy":"product_tag","embeddable":true,"href":"https:\/\/www.hoogstra-autosport.nl\/fr\/wp-json\/wp\/v2\/product_tag?post=14119"}],"curies":[{"name":"wp","href":"https:\/\/api.w.org\/{rel}","templated":true}]}}