{"id":14110,"date":"2019-01-15T15:29:11","date_gmt":"2019-01-15T14:29:11","guid":{"rendered":"http:\/\/hoogstra-autosport.nl\/?product=radiateur-sensor-75-70"},"modified":"2025-11-12T11:11:45","modified_gmt":"2025-11-12T10:11:45","slug":"radiateur-sensor-75-70","status":"publish","type":"product","link":"https:\/\/www.hoogstra-autosport.nl\/fr\/produit\/radiateur-sensor-75-70\/","title":{"rendered":"Capteur de radiateur 75-70"},"content":{"rendered":"<p>Transmetteur de radiateur<\/p>\n<p>Le ventilateur se met en marche \u00e0 75 degr\u00e9s et s'arr\u00eate \u00e0 70 degr\u00e9s.<\/p>\n<p>Le filetage est m22x 1,5 et convient au refroidisseur Ducato et \u00e0 de nombreux autres types de refroidisseurs.<\/p>\n<p>Ce capteur permet donc de faire fonctionner automatiquement le syst\u00e8me de refroidissement. Connectez 2 fils plus et votre syst\u00e8me de refroidissement fonctionnera toujours.<\/p>\n<p>Disponible en diff\u00e9rentes valeurs<\/p>","protected":false},"excerpt":{"rendered":"<p>Radiateur zender Bij 75 graden gaat koelfan aan en bij 70 graden uit Draad is m22x 1,5 past in Ducato koeler en heel veel andere types. Met deze sensor kun je de koeling dus automatisch laten draaien. 2 plus draadjes doorverbinden en je koeling werkt altijd. In verschillende waardes te verkrijgen<\/p>","protected":false},"featured_media":92696,"template":"","meta":{"_acf_changed":false},"product_brand":[],"product_cat":[2765],"product_tag":[],"class_list":{"0":"post-14110","1":"product","2":"type-product","3":"status-publish","4":"has-post-thumbnail","6":"product_cat-thermo-schakelaars","7":"product_shipping_class-4017","9":"first","10":"instock","11":"taxable","12":"shipping-taxable","13":"purchasable","14":"product-type-simple"},"acf":[],"yoast_head":"<!-- This site is optimized with the Yoast SEO plugin v27.5 - https:\/\/yoast.com\/product\/yoast-seo-wordpress\/ -->\n<title>Radiateur Sensor 75-70 - Hoogstra Autosport<\/title>\n<meta name=\"robots\" content=\"index, follow, max-snippet:-1, max-image-preview:large, max-video-preview:-1\" \/>\n<link rel=\"canonical\" href=\"https:\/\/www.hoogstra-autosport.nl\/fr\/produit\/radiateur-sensor-75-70\/\" \/>\n<meta property=\"og:locale\" content=\"fr_FR\" \/>\n<meta property=\"og:type\" content=\"article\" \/>\n<meta property=\"og:title\" content=\"Radiateur Sensor 75-70 - Hoogstra Autosport\" \/>\n<meta property=\"og:description\" content=\"Radiateur zender Bij 75 graden gaat koelfan aan en bij 70 graden uit Draad is m22x 1,5 past in Ducato koeler en heel veel andere types. Met deze sensor kun je de koeling dus automatisch laten draaien. 2 plus draadjes doorverbinden en je koeling werkt altijd. In verschillende waardes te verkrijgen\" \/>\n<meta property=\"og:url\" content=\"https:\/\/www.hoogstra-autosport.nl\/fr\/produit\/radiateur-sensor-75-70\/\" \/>\n<meta property=\"og:site_name\" content=\"Hoogstra Autosport\" \/>\n<meta property=\"article:modified_time\" content=\"2025-11-12T10:11:45+00:00\" \/>\n<meta property=\"og:image\" content=\"https:\/\/www.hoogstra-autosport.nl\/teamkoen\/wp-content\/uploads\/2023\/11\/radiateur_sensor.jpg\" \/>\n\t<meta property=\"og:image:width\" content=\"1000\" \/>\n\t<meta property=\"og:image:height\" content=\"1000\" \/>\n\t<meta property=\"og:image:type\" content=\"image\/jpeg\" \/>\n<meta name=\"twitter:card\" content=\"summary_large_image\" \/>\n<meta name=\"twitter:label1\" content=\"Dur\u00e9e de lecture estim\u00e9e\" \/>\n\t<meta name=\"twitter:data1\" content=\"1 minute\" \/>\n<script type=\"application\/ld+json\" class=\"yoast-schema-graph\">{\"@context\":\"https:\\\/\\\/schema.org\",\"@graph\":[{\"@type\":\"WebPage\",\"@id\":\"https:\\\/\\\/www.hoogstra-autosport.nl\\\/product\\\/radiateur-sensor-75-70\\\/\",\"url\":\"https:\\\/\\\/www.hoogstra-autosport.nl\\\/product\\\/radiateur-sensor-75-70\\\/\",\"name\":\"Radiateur Sensor 75-70 - Hoogstra Autosport\",\"isPartOf\":{\"@id\":\"https:\\\/\\\/www.hoogstra-autosport.nl\\\/#website\"},\"primaryImageOfPage\":{\"@id\":\"https:\\\/\\\/www.hoogstra-autosport.nl\\\/product\\\/radiateur-sensor-75-70\\\/#primaryimage\"},\"image\":{\"@id\":\"https:\\\/\\\/www.hoogstra-autosport.nl\\\/product\\\/radiateur-sensor-75-70\\\/#primaryimage\"},\"thumbnailUrl\":\"https:\\\/\\\/www.hoogstra-autosport.nl\\\/teamkoen\\\/wp-content\\\/uploads\\\/2023\\\/11\\\/radiateur_sensor.jpg\",\"datePublished\":\"2019-01-15T14:29:11+00:00\",\"dateModified\":\"2025-11-12T10:11:45+00:00\",\"breadcrumb\":{\"@id\":\"https:\\\/\\\/www.hoogstra-autosport.nl\\\/product\\\/radiateur-sensor-75-70\\\/#breadcrumb\"},\"inLanguage\":\"fr-FR\",\"potentialAction\":[{\"@type\":\"ReadAction\",\"target\":[\"https:\\\/\\\/www.hoogstra-autosport.nl\\\/product\\\/radiateur-sensor-75-70\\\/\"]}]},{\"@type\":\"ImageObject\",\"inLanguage\":\"fr-FR\",\"@id\":\"https:\\\/\\\/www.hoogstra-autosport.nl\\\/product\\\/radiateur-sensor-75-70\\\/#primaryimage\",\"url\":\"https:\\\/\\\/www.hoogstra-autosport.nl\\\/teamkoen\\\/wp-content\\\/uploads\\\/2023\\\/11\\\/radiateur_sensor.jpg\",\"contentUrl\":\"https:\\\/\\\/www.hoogstra-autosport.nl\\\/teamkoen\\\/wp-content\\\/uploads\\\/2023\\\/11\\\/radiateur_sensor.jpg\",\"width\":1000,\"height\":1000},{\"@type\":\"BreadcrumbList\",\"@id\":\"https:\\\/\\\/www.hoogstra-autosport.nl\\\/product\\\/radiateur-sensor-75-70\\\/#breadcrumb\",\"itemListElement\":[{\"@type\":\"ListItem\",\"position\":1,\"name\":\"Home\",\"item\":\"https:\\\/\\\/www.hoogstra-autosport.nl\\\/\"},{\"@type\":\"ListItem\",\"position\":2,\"name\":\"Koeling &amp; Luchtfilters\",\"item\":\"https:\\\/\\\/www.hoogstra-autosport.nl\\\/product-categorie\\\/koeling-2\\\/\"},{\"@type\":\"ListItem\",\"position\":3,\"name\":\"Koeling\",\"item\":\"https:\\\/\\\/www.hoogstra-autosport.nl\\\/product-categorie\\\/koeling-2\\\/koeling\\\/\"},{\"@type\":\"ListItem\",\"position\":4,\"name\":\"Koelingsdelen\",\"item\":\"https:\\\/\\\/www.hoogstra-autosport.nl\\\/product-categorie\\\/koeling-2\\\/koeling\\\/thermo-schakelaars\\\/\"},{\"@type\":\"ListItem\",\"position\":5,\"name\":\"Radiateur Sensor 75-70\"}]},{\"@type\":\"WebSite\",\"@id\":\"https:\\\/\\\/www.hoogstra-autosport.nl\\\/#website\",\"url\":\"https:\\\/\\\/www.hoogstra-autosport.nl\\\/\",\"name\":\"Hoogstra Autosport\",\"description\":\"Performance Autosport Parts!\",\"potentialAction\":[{\"@type\":\"SearchAction\",\"target\":{\"@type\":\"EntryPoint\",\"urlTemplate\":\"https:\\\/\\\/www.hoogstra-autosport.nl\\\/?s={search_term_string}\"},\"query-input\":{\"@type\":\"PropertyValueSpecification\",\"valueRequired\":true,\"valueName\":\"search_term_string\"}}],\"inLanguage\":\"fr-FR\"}]}<\/script>\n<!-- \/ Yoast SEO plugin. -->","yoast_head_json":{"title":"Radiateur Sensor 75-70 - Hoogstra Autosport","robots":{"index":"index","follow":"follow","max-snippet":"max-snippet:-1","max-image-preview":"max-image-preview:large","max-video-preview":"max-video-preview:-1"},"canonical":"https:\/\/www.hoogstra-autosport.nl\/fr\/produit\/radiateur-sensor-75-70\/","og_locale":"fr_FR","og_type":"article","og_title":"Radiateur Sensor 75-70 - Hoogstra Autosport","og_description":"Radiateur zender Bij 75 graden gaat koelfan aan en bij 70 graden uit Draad is m22x 1,5 past in Ducato koeler en heel veel andere types. Met deze sensor kun je de koeling dus automatisch laten draaien. 2 plus draadjes doorverbinden en je koeling werkt altijd. In verschillende waardes te verkrijgen","og_url":"https:\/\/www.hoogstra-autosport.nl\/fr\/produit\/radiateur-sensor-75-70\/","og_site_name":"Hoogstra Autosport","article_modified_time":"2025-11-12T10:11:45+00:00","og_image":[{"width":1000,"height":1000,"url":"https:\/\/www.hoogstra-autosport.nl\/teamkoen\/wp-content\/uploads\/2023\/11\/radiateur_sensor.jpg","type":"image\/jpeg"}],"twitter_card":"summary_large_image","twitter_misc":{"Dur\u00e9e de lecture estim\u00e9e":"1 minute"},"schema":{"@context":"https:\/\/schema.org","@graph":[{"@type":"WebPage","@id":"https:\/\/www.hoogstra-autosport.nl\/product\/radiateur-sensor-75-70\/","url":"https:\/\/www.hoogstra-autosport.nl\/product\/radiateur-sensor-75-70\/","name":"Radiateur Sensor 75-70 - Hoogstra Autosport","isPartOf":{"@id":"https:\/\/www.hoogstra-autosport.nl\/#website"},"primaryImageOfPage":{"@id":"https:\/\/www.hoogstra-autosport.nl\/product\/radiateur-sensor-75-70\/#primaryimage"},"image":{"@id":"https:\/\/www.hoogstra-autosport.nl\/product\/radiateur-sensor-75-70\/#primaryimage"},"thumbnailUrl":"https:\/\/www.hoogstra-autosport.nl\/teamkoen\/wp-content\/uploads\/2023\/11\/radiateur_sensor.jpg","datePublished":"2019-01-15T14:29:11+00:00","dateModified":"2025-11-12T10:11:45+00:00","breadcrumb":{"@id":"https:\/\/www.hoogstra-autosport.nl\/product\/radiateur-sensor-75-70\/#breadcrumb"},"inLanguage":"fr-FR","potentialAction":[{"@type":"ReadAction","target":["https:\/\/www.hoogstra-autosport.nl\/product\/radiateur-sensor-75-70\/"]}]},{"@type":"ImageObject","inLanguage":"fr-FR","@id":"https:\/\/www.hoogstra-autosport.nl\/product\/radiateur-sensor-75-70\/#primaryimage","url":"https:\/\/www.hoogstra-autosport.nl\/teamkoen\/wp-content\/uploads\/2023\/11\/radiateur_sensor.jpg","contentUrl":"https:\/\/www.hoogstra-autosport.nl\/teamkoen\/wp-content\/uploads\/2023\/11\/radiateur_sensor.jpg","width":1000,"height":1000},{"@type":"BreadcrumbList","@id":"https:\/\/www.hoogstra-autosport.nl\/product\/radiateur-sensor-75-70\/#breadcrumb","itemListElement":[{"@type":"ListItem","position":1,"name":"Home","item":"https:\/\/www.hoogstra-autosport.nl\/"},{"@type":"ListItem","position":2,"name":"Koeling &amp; Luchtfilters","item":"https:\/\/www.hoogstra-autosport.nl\/product-categorie\/koeling-2\/"},{"@type":"ListItem","position":3,"name":"Koeling","item":"https:\/\/www.hoogstra-autosport.nl\/product-categorie\/koeling-2\/koeling\/"},{"@type":"ListItem","position":4,"name":"Koelingsdelen","item":"https:\/\/www.hoogstra-autosport.nl\/product-categorie\/koeling-2\/koeling\/thermo-schakelaars\/"},{"@type":"ListItem","position":5,"name":"Radiateur Sensor 75-70"}]},{"@type":"WebSite","@id":"https:\/\/www.hoogstra-autosport.nl\/#website","url":"https:\/\/www.hoogstra-autosport.nl\/","name":"Hoogstra Autosport","description":"Performance Autosport Parts!","potentialAction":[{"@type":"SearchAction","target":{"@type":"EntryPoint","urlTemplate":"https:\/\/www.hoogstra-autosport.nl\/?s={search_term_string}"},"query-input":{"@type":"PropertyValueSpecification","valueRequired":true,"valueName":"search_term_string"}}],"inLanguage":"fr-FR"}]}},"tiered_pricing_type":"fixed","tiered_pricing_fixed_rules":[],"tiered_pricing_product_settings":{"layout":"default","base_unit_name":{"singular":null,"plural":null},"default_variation":null},"tiered_pricing_minimum_quantity":null,"tiered_pricing_roles_data":[],"tiered_pricing_percentage_rules":[],"tiered_pricing_maximum_quantity":null,"tiered_pricing_quantity_step":null,"_links":{"self":[{"href":"https:\/\/www.hoogstra-autosport.nl\/fr\/wp-json\/wp\/v2\/product\/14110","targetHints":{"allow":["GET"]}}],"collection":[{"href":"https:\/\/www.hoogstra-autosport.nl\/fr\/wp-json\/wp\/v2\/product"}],"about":[{"href":"https:\/\/www.hoogstra-autosport.nl\/fr\/wp-json\/wp\/v2\/types\/product"}],"wp:featuredmedia":[{"embeddable":true,"href":"https:\/\/www.hoogstra-autosport.nl\/fr\/wp-json\/wp\/v2\/media\/92696"}],"wp:attachment":[{"href":"https:\/\/www.hoogstra-autosport.nl\/fr\/wp-json\/wp\/v2\/media?parent=14110"}],"wp:term":[{"taxonomy":"product_brand","embeddable":true,"href":"https:\/\/www.hoogstra-autosport.nl\/fr\/wp-json\/wp\/v2\/product_brand?post=14110"},{"taxonomy":"product_cat","embeddable":true,"href":"https:\/\/www.hoogstra-autosport.nl\/fr\/wp-json\/wp\/v2\/product_cat?post=14110"},{"taxonomy":"product_tag","embeddable":true,"href":"https:\/\/www.hoogstra-autosport.nl\/fr\/wp-json\/wp\/v2\/product_tag?post=14110"}],"curies":[{"name":"wp","href":"https:\/\/api.w.org\/{rel}","templated":true}]}}