{"id":13898,"date":"2018-12-21T08:27:19","date_gmt":"2018-12-21T07:27:19","guid":{"rendered":"http:\/\/hoogstra-autosport.nl\/?product=carbon-kevlar-plaat"},"modified":"2026-01-23T09:12:31","modified_gmt":"2026-01-23T08:12:31","slug":"carbon-kevlar-plaat","status":"publish","type":"product","link":"https:\/\/www.hoogstra-autosport.nl\/fr\/produit\/carbon-kevlar-plaat\/","title":{"rendered":"Plaque en carbone-kevlar"},"content":{"rendered":"<p>Plaque de carbone de 0,5 mm d'\u00e9paisseur<\/p>\n<p>Plaque en carbone aramide tr\u00e8s r\u00e9sistante et super l\u00e9g\u00e8re d'une \u00e9paisseur de 0,5 mm.<\/p>\n<p>Tr\u00e8s bien pour la finition<\/p>\n<p>1 x clics correspond \u00e0 1 m\u00e8tre carr\u00e9<\/p>","protected":false},"excerpt":{"rendered":"<p>Carbon Plaat 0,5 mm dik Volledig Carbon Aramide plaat erg sterk en super licht 0,5 mm dik . Zeer mooi voor afwerking 1 x klikken is 1 vierkante meter<\/p>","protected":false},"featured_media":96717,"template":"","meta":{"_acf_changed":false},"product_brand":[],"product_cat":[2826],"product_tag":[],"class_list":{"0":"post-13898","1":"product","2":"type-product","3":"status-publish","4":"has-post-thumbnail","6":"product_cat-pe-platen-staven-honinggraat","7":"product_shipping_class-4017","9":"first","10":"instock","11":"taxable","12":"shipping-taxable","13":"purchasable","14":"product-type-simple"},"acf":[],"yoast_head":"<!-- This site is optimized with the Yoast SEO plugin v27.1.1 - https:\/\/yoast.com\/product\/yoast-seo-wordpress\/ -->\n<title>Carbon Kevlar Plaat - Hoogstra Autosport<\/title>\n<meta name=\"robots\" content=\"index, follow, max-snippet:-1, max-image-preview:large, max-video-preview:-1\" \/>\n<link rel=\"canonical\" href=\"https:\/\/www.hoogstra-autosport.nl\/fr\/produit\/carbon-kevlar-plaat\/\" \/>\n<meta property=\"og:locale\" content=\"fr_FR\" \/>\n<meta property=\"og:type\" content=\"article\" \/>\n<meta property=\"og:title\" content=\"Carbon Kevlar Plaat - Hoogstra Autosport\" \/>\n<meta property=\"og:description\" content=\"Carbon Plaat 0,5 mm dik Volledig Carbon Aramide plaat erg sterk en super licht 0,5 mm dik . Zeer mooi voor afwerking 1 x klikken is 1 vierkante meter\" \/>\n<meta property=\"og:url\" content=\"https:\/\/www.hoogstra-autosport.nl\/fr\/produit\/carbon-kevlar-plaat\/\" \/>\n<meta property=\"og:site_name\" content=\"Hoogstra Autosport\" \/>\n<meta property=\"article:modified_time\" content=\"2026-01-23T08:12:31+00:00\" \/>\n<meta property=\"og:image\" content=\"https:\/\/www.hoogstra-autosport.nl\/teamkoen\/wp-content\/uploads\/2018\/12\/processed-C1E8D6F1-95E6-4022-8A9C-98C77BA4BF3D-1030x1030.jpeg\" \/>\n\t<meta property=\"og:image:width\" content=\"1030\" \/>\n\t<meta property=\"og:image:height\" content=\"1030\" \/>\n\t<meta property=\"og:image:type\" content=\"image\/jpeg\" \/>\n<meta name=\"twitter:card\" content=\"summary_large_image\" \/>\n<meta name=\"twitter:label1\" content=\"Dur\u00e9e de lecture estim\u00e9e\" \/>\n\t<meta name=\"twitter:data1\" content=\"1 minute\" \/>\n<script type=\"application\/ld+json\" class=\"yoast-schema-graph\">{\"@context\":\"https:\/\/schema.org\",\"@graph\":[{\"@type\":\"WebPage\",\"@id\":\"https:\/\/www.hoogstra-autosport.nl\/product\/carbon-kevlar-plaat\/\",\"url\":\"https:\/\/www.hoogstra-autosport.nl\/product\/carbon-kevlar-plaat\/\",\"name\":\"Carbon Kevlar Plaat - Hoogstra Autosport\",\"isPartOf\":{\"@id\":\"https:\/\/www.hoogstra-autosport.nl\/#website\"},\"primaryImageOfPage\":{\"@id\":\"https:\/\/www.hoogstra-autosport.nl\/product\/carbon-kevlar-plaat\/#primaryimage\"},\"image\":{\"@id\":\"https:\/\/www.hoogstra-autosport.nl\/product\/carbon-kevlar-plaat\/#primaryimage\"},\"thumbnailUrl\":\"https:\/\/www.hoogstra-autosport.nl\/teamkoen\/wp-content\/uploads\/2018\/12\/processed-C1E8D6F1-95E6-4022-8A9C-98C77BA4BF3D.jpeg\",\"datePublished\":\"2018-12-21T07:27:19+00:00\",\"dateModified\":\"2026-01-23T08:12:31+00:00\",\"breadcrumb\":{\"@id\":\"https:\/\/www.hoogstra-autosport.nl\/product\/carbon-kevlar-plaat\/#breadcrumb\"},\"inLanguage\":\"fr-FR\",\"potentialAction\":[{\"@type\":\"ReadAction\",\"target\":[\"https:\/\/www.hoogstra-autosport.nl\/product\/carbon-kevlar-plaat\/\"]}]},{\"@type\":\"ImageObject\",\"inLanguage\":\"fr-FR\",\"@id\":\"https:\/\/www.hoogstra-autosport.nl\/product\/carbon-kevlar-plaat\/#primaryimage\",\"url\":\"https:\/\/www.hoogstra-autosport.nl\/teamkoen\/wp-content\/uploads\/2018\/12\/processed-C1E8D6F1-95E6-4022-8A9C-98C77BA4BF3D.jpeg\",\"contentUrl\":\"https:\/\/www.hoogstra-autosport.nl\/teamkoen\/wp-content\/uploads\/2018\/12\/processed-C1E8D6F1-95E6-4022-8A9C-98C77BA4BF3D.jpeg\",\"width\":1870,\"height\":1870},{\"@type\":\"BreadcrumbList\",\"@id\":\"https:\/\/www.hoogstra-autosport.nl\/product\/carbon-kevlar-plaat\/#breadcrumb\",\"itemListElement\":[{\"@type\":\"ListItem\",\"position\":1,\"name\":\"Home\",\"item\":\"https:\/\/www.hoogstra-autosport.nl\/\"},{\"@type\":\"ListItem\",\"position\":2,\"name\":\"Carrosserie\",\"item\":\"https:\/\/www.hoogstra-autosport.nl\/product-categorie\/carroserie-bevestiging\/\"},{\"@type\":\"ListItem\",\"position\":3,\"name\":\"PE Platen &amp; Staven &amp; Honinggraat\",\"item\":\"https:\/\/www.hoogstra-autosport.nl\/product-categorie\/carroserie-bevestiging\/pe-platen-staven-honinggraat\/\"},{\"@type\":\"ListItem\",\"position\":4,\"name\":\"Carbon Kevlar Plaat\"}]},{\"@type\":\"WebSite\",\"@id\":\"https:\/\/www.hoogstra-autosport.nl\/#website\",\"url\":\"https:\/\/www.hoogstra-autosport.nl\/\",\"name\":\"Hoogstra Autosport\",\"description\":\"Performance Autosport Parts!\",\"potentialAction\":[{\"@type\":\"SearchAction\",\"target\":{\"@type\":\"EntryPoint\",\"urlTemplate\":\"https:\/\/www.hoogstra-autosport.nl\/?s={search_term_string}\"},\"query-input\":{\"@type\":\"PropertyValueSpecification\",\"valueRequired\":true,\"valueName\":\"search_term_string\"}}],\"inLanguage\":\"fr-FR\"}]}<\/script>\n<!-- \/ Yoast SEO plugin. -->","yoast_head_json":{"title":"Carbon Kevlar Plaat - Hoogstra Autosport","robots":{"index":"index","follow":"follow","max-snippet":"max-snippet:-1","max-image-preview":"max-image-preview:large","max-video-preview":"max-video-preview:-1"},"canonical":"https:\/\/www.hoogstra-autosport.nl\/fr\/produit\/carbon-kevlar-plaat\/","og_locale":"fr_FR","og_type":"article","og_title":"Carbon Kevlar Plaat - Hoogstra Autosport","og_description":"Carbon Plaat 0,5 mm dik Volledig Carbon Aramide plaat erg sterk en super licht 0,5 mm dik . Zeer mooi voor afwerking 1 x klikken is 1 vierkante meter","og_url":"https:\/\/www.hoogstra-autosport.nl\/fr\/produit\/carbon-kevlar-plaat\/","og_site_name":"Hoogstra Autosport","article_modified_time":"2026-01-23T08:12:31+00:00","og_image":[{"width":1030,"height":1030,"url":"https:\/\/www.hoogstra-autosport.nl\/teamkoen\/wp-content\/uploads\/2018\/12\/processed-C1E8D6F1-95E6-4022-8A9C-98C77BA4BF3D-1030x1030.jpeg","type":"image\/jpeg"}],"twitter_card":"summary_large_image","twitter_misc":{"Dur\u00e9e de lecture estim\u00e9e":"1 minute"},"schema":{"@context":"https:\/\/schema.org","@graph":[{"@type":"WebPage","@id":"https:\/\/www.hoogstra-autosport.nl\/product\/carbon-kevlar-plaat\/","url":"https:\/\/www.hoogstra-autosport.nl\/product\/carbon-kevlar-plaat\/","name":"Carbon Kevlar Plaat - Hoogstra Autosport","isPartOf":{"@id":"https:\/\/www.hoogstra-autosport.nl\/#website"},"primaryImageOfPage":{"@id":"https:\/\/www.hoogstra-autosport.nl\/product\/carbon-kevlar-plaat\/#primaryimage"},"image":{"@id":"https:\/\/www.hoogstra-autosport.nl\/product\/carbon-kevlar-plaat\/#primaryimage"},"thumbnailUrl":"https:\/\/www.hoogstra-autosport.nl\/teamkoen\/wp-content\/uploads\/2018\/12\/processed-C1E8D6F1-95E6-4022-8A9C-98C77BA4BF3D.jpeg","datePublished":"2018-12-21T07:27:19+00:00","dateModified":"2026-01-23T08:12:31+00:00","breadcrumb":{"@id":"https:\/\/www.hoogstra-autosport.nl\/product\/carbon-kevlar-plaat\/#breadcrumb"},"inLanguage":"fr-FR","potentialAction":[{"@type":"ReadAction","target":["https:\/\/www.hoogstra-autosport.nl\/product\/carbon-kevlar-plaat\/"]}]},{"@type":"ImageObject","inLanguage":"fr-FR","@id":"https:\/\/www.hoogstra-autosport.nl\/product\/carbon-kevlar-plaat\/#primaryimage","url":"https:\/\/www.hoogstra-autosport.nl\/teamkoen\/wp-content\/uploads\/2018\/12\/processed-C1E8D6F1-95E6-4022-8A9C-98C77BA4BF3D.jpeg","contentUrl":"https:\/\/www.hoogstra-autosport.nl\/teamkoen\/wp-content\/uploads\/2018\/12\/processed-C1E8D6F1-95E6-4022-8A9C-98C77BA4BF3D.jpeg","width":1870,"height":1870},{"@type":"BreadcrumbList","@id":"https:\/\/www.hoogstra-autosport.nl\/product\/carbon-kevlar-plaat\/#breadcrumb","itemListElement":[{"@type":"ListItem","position":1,"name":"Home","item":"https:\/\/www.hoogstra-autosport.nl\/"},{"@type":"ListItem","position":2,"name":"Carrosserie","item":"https:\/\/www.hoogstra-autosport.nl\/product-categorie\/carroserie-bevestiging\/"},{"@type":"ListItem","position":3,"name":"PE Platen &amp; Staven &amp; Honinggraat","item":"https:\/\/www.hoogstra-autosport.nl\/product-categorie\/carroserie-bevestiging\/pe-platen-staven-honinggraat\/"},{"@type":"ListItem","position":4,"name":"Carbon Kevlar Plaat"}]},{"@type":"WebSite","@id":"https:\/\/www.hoogstra-autosport.nl\/#website","url":"https:\/\/www.hoogstra-autosport.nl\/","name":"Hoogstra Autosport","description":"Performance Autosport Parts!","potentialAction":[{"@type":"SearchAction","target":{"@type":"EntryPoint","urlTemplate":"https:\/\/www.hoogstra-autosport.nl\/?s={search_term_string}"},"query-input":{"@type":"PropertyValueSpecification","valueRequired":true,"valueName":"search_term_string"}}],"inLanguage":"fr-FR"}]}},"tiered_pricing_type":"fixed","tiered_pricing_fixed_rules":[],"tiered_pricing_product_settings":{"layout":"default","base_unit_name":{"singular":null,"plural":null},"default_variation":null},"tiered_pricing_minimum_quantity":null,"tiered_pricing_roles_data":[],"tiered_pricing_percentage_rules":[],"tiered_pricing_maximum_quantity":null,"tiered_pricing_quantity_step":null,"_links":{"self":[{"href":"https:\/\/www.hoogstra-autosport.nl\/fr\/wp-json\/wp\/v2\/product\/13898","targetHints":{"allow":["GET"]}}],"collection":[{"href":"https:\/\/www.hoogstra-autosport.nl\/fr\/wp-json\/wp\/v2\/product"}],"about":[{"href":"https:\/\/www.hoogstra-autosport.nl\/fr\/wp-json\/wp\/v2\/types\/product"}],"wp:featuredmedia":[{"embeddable":true,"href":"https:\/\/www.hoogstra-autosport.nl\/fr\/wp-json\/wp\/v2\/media\/96717"}],"wp:attachment":[{"href":"https:\/\/www.hoogstra-autosport.nl\/fr\/wp-json\/wp\/v2\/media?parent=13898"}],"wp:term":[{"taxonomy":"product_brand","embeddable":true,"href":"https:\/\/www.hoogstra-autosport.nl\/fr\/wp-json\/wp\/v2\/product_brand?post=13898"},{"taxonomy":"product_cat","embeddable":true,"href":"https:\/\/www.hoogstra-autosport.nl\/fr\/wp-json\/wp\/v2\/product_cat?post=13898"},{"taxonomy":"product_tag","embeddable":true,"href":"https:\/\/www.hoogstra-autosport.nl\/fr\/wp-json\/wp\/v2\/product_tag?post=13898"}],"curies":[{"name":"wp","href":"https:\/\/api.w.org\/{rel}","templated":true}]}}