{"id":13734,"date":"2018-12-12T08:28:38","date_gmt":"2018-12-12T08:28:38","guid":{"rendered":"http:\/\/hoogstra-autosport.nl\/?product=gaas-cross-gaas"},"modified":"2026-03-23T15:52:58","modified_gmt":"2026-03-23T14:52:58","slug":"gaas-cross-gaas","status":"publish","type":"product","link":"https:\/\/www.hoogstra-autosport.nl\/fr\/produit\/gaas-cross-gaas\/","title":{"rendered":"Gaze crois\u00e9e Gaze 40\u00d740"},"content":{"rendered":"<h1><strong>NOTE ! ENL\u00c8VEMENT UNIQUEMENT DANS LE MAGASIN !<\/strong><\/h1>\n<p>Gaas 40x 40 mm afstand van elkaar<\/p>\n<p>Maille pointue<\/p>\n<p><strong>Maille 40x40x3mm.<\/strong><\/p>\n<p>Id\u00e9al pour l'utilisation comme filet de fen\u00eatre, l'acier brillant est facile \u00e0 souder.<\/p>\n<p>Dimensions standard, 150 de haut x 100 de long<\/p>\n<p>Grotere afmetingen in winkel ( hele mat is 300&#215;150 cm) prijs 89,95<\/p>\n<p>&nbsp;<\/p>\n<p>Taille maximale des mailles pour les comp\u00e9titions d'autocross KNAF.<\/p>\n<p>&nbsp;<\/p>\n<p>VERZENDING NIET MOGELIJK! ALEEN AFHAAL IN WINKEL!<\/p>","protected":false},"excerpt":{"rendered":"<p>LET OP! ALLEEN AFHAAL IN WINKEL ! Gaas 40x 40 mm afstand van elkaar Gepuntlast gaas Gaas 40x40x3mm. Zeer geschikt om te gebruiken als raam net, blank staal dus goed las baar. Standaard afmetingen, 150 hoog x100 lang Grotere afmetingen in winkel ( hele mat is 300&#215;150 cm) prijs 89,95 &nbsp; Maximale maaswijdte voor KNAF [&hellip;]<\/p>\n","protected":false},"featured_media":13735,"template":"","meta":{"_acf_changed":false},"product_brand":[],"product_cat":[2827],"product_tag":[],"class_list":{"0":"post-13734","1":"product","2":"type-product","3":"status-publish","4":"has-post-thumbnail","6":"product_cat-raamnetje-afsluitingen","8":"first","9":"instock","10":"taxable","11":"shipping-taxable","12":"purchasable","13":"product-type-simple"},"acf":[],"yoast_head":"<!-- This site is optimized with the Yoast SEO plugin v27.1.1 - https:\/\/yoast.com\/product\/yoast-seo-wordpress\/ -->\n<title>Gaas Cross Gaas 40x40 - Hoogstra Autosport<\/title>\n<meta name=\"robots\" content=\"index, follow, max-snippet:-1, max-image-preview:large, max-video-preview:-1\" \/>\n<link rel=\"canonical\" href=\"https:\/\/www.hoogstra-autosport.nl\/fr\/produit\/gaas-cross-gaas\/\" \/>\n<meta property=\"og:locale\" content=\"fr_FR\" \/>\n<meta property=\"og:type\" content=\"article\" \/>\n<meta property=\"og:title\" content=\"Gaas Cross Gaas 40x40 - Hoogstra Autosport\" \/>\n<meta property=\"og:description\" content=\"LET OP! ALLEEN AFHAAL IN WINKEL ! Gaas 40x 40 mm afstand van elkaar Gepuntlast gaas Gaas 40x40x3mm. Zeer geschikt om te gebruiken als raam net, blank staal dus goed las baar. Standaard afmetingen, 150 hoog x100 lang Grotere afmetingen in winkel ( hele mat is 300&#215;150 cm) prijs 89,95 &nbsp; Maximale maaswijdte voor KNAF [&hellip;]\" \/>\n<meta property=\"og:url\" content=\"https:\/\/www.hoogstra-autosport.nl\/fr\/produit\/gaas-cross-gaas\/\" \/>\n<meta property=\"og:site_name\" content=\"Hoogstra Autosport\" \/>\n<meta property=\"article:modified_time\" content=\"2026-03-23T14:52:58+00:00\" \/>\n<meta property=\"og:image\" content=\"https:\/\/www.hoogstra-autosport.nl\/teamkoen\/wp-content\/uploads\/catalog\/product\/Autocrossgaas.jpg\" \/>\n\t<meta property=\"og:image:width\" content=\"640\" \/>\n\t<meta property=\"og:image:height\" content=\"480\" \/>\n\t<meta property=\"og:image:type\" content=\"image\/jpeg\" \/>\n<meta name=\"twitter:card\" content=\"summary_large_image\" \/>\n<meta name=\"twitter:label1\" content=\"Dur\u00e9e de lecture estim\u00e9e\" \/>\n\t<meta name=\"twitter:data1\" content=\"1 minute\" \/>\n<script type=\"application\/ld+json\" class=\"yoast-schema-graph\">{\"@context\":\"https:\/\/schema.org\",\"@graph\":[{\"@type\":\"WebPage\",\"@id\":\"https:\/\/www.hoogstra-autosport.nl\/product\/gaas-cross-gaas\/\",\"url\":\"https:\/\/www.hoogstra-autosport.nl\/product\/gaas-cross-gaas\/\",\"name\":\"Gaas Cross Gaas 40x40 - Hoogstra Autosport\",\"isPartOf\":{\"@id\":\"https:\/\/www.hoogstra-autosport.nl\/#website\"},\"primaryImageOfPage\":{\"@id\":\"https:\/\/www.hoogstra-autosport.nl\/product\/gaas-cross-gaas\/#primaryimage\"},\"image\":{\"@id\":\"https:\/\/www.hoogstra-autosport.nl\/product\/gaas-cross-gaas\/#primaryimage\"},\"thumbnailUrl\":\"https:\/\/www.hoogstra-autosport.nl\/teamkoen\/wp-content\/uploads\/catalog\/product\/Autocrossgaas.jpg\",\"datePublished\":\"2018-12-12T08:28:38+00:00\",\"dateModified\":\"2026-03-23T14:52:58+00:00\",\"breadcrumb\":{\"@id\":\"https:\/\/www.hoogstra-autosport.nl\/product\/gaas-cross-gaas\/#breadcrumb\"},\"inLanguage\":\"fr-FR\",\"potentialAction\":[{\"@type\":\"ReadAction\",\"target\":[\"https:\/\/www.hoogstra-autosport.nl\/product\/gaas-cross-gaas\/\"]}]},{\"@type\":\"ImageObject\",\"inLanguage\":\"fr-FR\",\"@id\":\"https:\/\/www.hoogstra-autosport.nl\/product\/gaas-cross-gaas\/#primaryimage\",\"url\":\"https:\/\/www.hoogstra-autosport.nl\/teamkoen\/wp-content\/uploads\/catalog\/product\/Autocrossgaas.jpg\",\"contentUrl\":\"https:\/\/www.hoogstra-autosport.nl\/teamkoen\/wp-content\/uploads\/catalog\/product\/Autocrossgaas.jpg\",\"width\":640,\"height\":480},{\"@type\":\"BreadcrumbList\",\"@id\":\"https:\/\/www.hoogstra-autosport.nl\/product\/gaas-cross-gaas\/#breadcrumb\",\"itemListElement\":[{\"@type\":\"ListItem\",\"position\":1,\"name\":\"Home\",\"item\":\"https:\/\/www.hoogstra-autosport.nl\/\"},{\"@type\":\"ListItem\",\"position\":2,\"name\":\"Carrosserie\",\"item\":\"https:\/\/www.hoogstra-autosport.nl\/product-categorie\/carroserie-bevestiging\/\"},{\"@type\":\"ListItem\",\"position\":3,\"name\":\"Raamnetje &amp; Afsluitingen\",\"item\":\"https:\/\/www.hoogstra-autosport.nl\/product-categorie\/carroserie-bevestiging\/raamnetje-afsluitingen\/\"},{\"@type\":\"ListItem\",\"position\":4,\"name\":\"Gaas Cross Gaas 40&#215;40\"}]},{\"@type\":\"WebSite\",\"@id\":\"https:\/\/www.hoogstra-autosport.nl\/#website\",\"url\":\"https:\/\/www.hoogstra-autosport.nl\/\",\"name\":\"Hoogstra Autosport\",\"description\":\"Performance Autosport Parts!\",\"potentialAction\":[{\"@type\":\"SearchAction\",\"target\":{\"@type\":\"EntryPoint\",\"urlTemplate\":\"https:\/\/www.hoogstra-autosport.nl\/?s={search_term_string}\"},\"query-input\":{\"@type\":\"PropertyValueSpecification\",\"valueRequired\":true,\"valueName\":\"search_term_string\"}}],\"inLanguage\":\"fr-FR\"}]}<\/script>\n<!-- \/ Yoast SEO plugin. -->","yoast_head_json":{"title":"Gaas Cross Gaas 40x40 - Hoogstra Autosport","robots":{"index":"index","follow":"follow","max-snippet":"max-snippet:-1","max-image-preview":"max-image-preview:large","max-video-preview":"max-video-preview:-1"},"canonical":"https:\/\/www.hoogstra-autosport.nl\/fr\/produit\/gaas-cross-gaas\/","og_locale":"fr_FR","og_type":"article","og_title":"Gaas Cross Gaas 40x40 - Hoogstra Autosport","og_description":"LET OP! ALLEEN AFHAAL IN WINKEL ! Gaas 40x 40 mm afstand van elkaar Gepuntlast gaas Gaas 40x40x3mm. Zeer geschikt om te gebruiken als raam net, blank staal dus goed las baar. Standaard afmetingen, 150 hoog x100 lang Grotere afmetingen in winkel ( hele mat is 300&#215;150 cm) prijs 89,95 &nbsp; Maximale maaswijdte voor KNAF [&hellip;]","og_url":"https:\/\/www.hoogstra-autosport.nl\/fr\/produit\/gaas-cross-gaas\/","og_site_name":"Hoogstra Autosport","article_modified_time":"2026-03-23T14:52:58+00:00","og_image":[{"width":640,"height":480,"url":"https:\/\/www.hoogstra-autosport.nl\/teamkoen\/wp-content\/uploads\/catalog\/product\/Autocrossgaas.jpg","type":"image\/jpeg"}],"twitter_card":"summary_large_image","twitter_misc":{"Dur\u00e9e de lecture estim\u00e9e":"1 minute"},"schema":{"@context":"https:\/\/schema.org","@graph":[{"@type":"WebPage","@id":"https:\/\/www.hoogstra-autosport.nl\/product\/gaas-cross-gaas\/","url":"https:\/\/www.hoogstra-autosport.nl\/product\/gaas-cross-gaas\/","name":"Gaas Cross Gaas 40x40 - Hoogstra Autosport","isPartOf":{"@id":"https:\/\/www.hoogstra-autosport.nl\/#website"},"primaryImageOfPage":{"@id":"https:\/\/www.hoogstra-autosport.nl\/product\/gaas-cross-gaas\/#primaryimage"},"image":{"@id":"https:\/\/www.hoogstra-autosport.nl\/product\/gaas-cross-gaas\/#primaryimage"},"thumbnailUrl":"https:\/\/www.hoogstra-autosport.nl\/teamkoen\/wp-content\/uploads\/catalog\/product\/Autocrossgaas.jpg","datePublished":"2018-12-12T08:28:38+00:00","dateModified":"2026-03-23T14:52:58+00:00","breadcrumb":{"@id":"https:\/\/www.hoogstra-autosport.nl\/product\/gaas-cross-gaas\/#breadcrumb"},"inLanguage":"fr-FR","potentialAction":[{"@type":"ReadAction","target":["https:\/\/www.hoogstra-autosport.nl\/product\/gaas-cross-gaas\/"]}]},{"@type":"ImageObject","inLanguage":"fr-FR","@id":"https:\/\/www.hoogstra-autosport.nl\/product\/gaas-cross-gaas\/#primaryimage","url":"https:\/\/www.hoogstra-autosport.nl\/teamkoen\/wp-content\/uploads\/catalog\/product\/Autocrossgaas.jpg","contentUrl":"https:\/\/www.hoogstra-autosport.nl\/teamkoen\/wp-content\/uploads\/catalog\/product\/Autocrossgaas.jpg","width":640,"height":480},{"@type":"BreadcrumbList","@id":"https:\/\/www.hoogstra-autosport.nl\/product\/gaas-cross-gaas\/#breadcrumb","itemListElement":[{"@type":"ListItem","position":1,"name":"Home","item":"https:\/\/www.hoogstra-autosport.nl\/"},{"@type":"ListItem","position":2,"name":"Carrosserie","item":"https:\/\/www.hoogstra-autosport.nl\/product-categorie\/carroserie-bevestiging\/"},{"@type":"ListItem","position":3,"name":"Raamnetje &amp; Afsluitingen","item":"https:\/\/www.hoogstra-autosport.nl\/product-categorie\/carroserie-bevestiging\/raamnetje-afsluitingen\/"},{"@type":"ListItem","position":4,"name":"Gaas Cross Gaas 40&#215;40"}]},{"@type":"WebSite","@id":"https:\/\/www.hoogstra-autosport.nl\/#website","url":"https:\/\/www.hoogstra-autosport.nl\/","name":"Hoogstra Autosport","description":"Performance Autosport Parts!","potentialAction":[{"@type":"SearchAction","target":{"@type":"EntryPoint","urlTemplate":"https:\/\/www.hoogstra-autosport.nl\/?s={search_term_string}"},"query-input":{"@type":"PropertyValueSpecification","valueRequired":true,"valueName":"search_term_string"}}],"inLanguage":"fr-FR"}]}},"tiered_pricing_type":"fixed","tiered_pricing_fixed_rules":[],"tiered_pricing_product_settings":{"layout":"default","base_unit_name":{"singular":null,"plural":null},"default_variation":null},"tiered_pricing_minimum_quantity":null,"tiered_pricing_roles_data":[],"tiered_pricing_percentage_rules":[],"tiered_pricing_maximum_quantity":null,"tiered_pricing_quantity_step":null,"_links":{"self":[{"href":"https:\/\/www.hoogstra-autosport.nl\/fr\/wp-json\/wp\/v2\/product\/13734","targetHints":{"allow":["GET"]}}],"collection":[{"href":"https:\/\/www.hoogstra-autosport.nl\/fr\/wp-json\/wp\/v2\/product"}],"about":[{"href":"https:\/\/www.hoogstra-autosport.nl\/fr\/wp-json\/wp\/v2\/types\/product"}],"wp:featuredmedia":[{"embeddable":true,"href":"https:\/\/www.hoogstra-autosport.nl\/fr\/wp-json\/wp\/v2\/media\/13735"}],"wp:attachment":[{"href":"https:\/\/www.hoogstra-autosport.nl\/fr\/wp-json\/wp\/v2\/media?parent=13734"}],"wp:term":[{"taxonomy":"product_brand","embeddable":true,"href":"https:\/\/www.hoogstra-autosport.nl\/fr\/wp-json\/wp\/v2\/product_brand?post=13734"},{"taxonomy":"product_cat","embeddable":true,"href":"https:\/\/www.hoogstra-autosport.nl\/fr\/wp-json\/wp\/v2\/product_cat?post=13734"},{"taxonomy":"product_tag","embeddable":true,"href":"https:\/\/www.hoogstra-autosport.nl\/fr\/wp-json\/wp\/v2\/product_tag?post=13734"}],"curies":[{"name":"wp","href":"https:\/\/api.w.org\/{rel}","templated":true}]}}