{"id":13598,"date":"2018-11-19T10:29:47","date_gmt":"2018-11-19T09:29:47","guid":{"rendered":"http:\/\/hoogstra-autosport.nl\/?product=goodridge-slang-dash-12"},"modified":"2025-11-21T09:43:30","modified_gmt":"2025-11-21T08:43:30","slug":"goodridge-slang-dash-12","status":"publish","type":"product","link":"https:\/\/www.hoogstra-autosport.nl\/fr\/produit\/goodridge-slang-dash-12\/","title":{"rendered":"Tableau de bord de Goodridge Hose Dash 12"},"content":{"rendered":"<p>Originele Goodridge slang dash 12<\/p>\n<p>L'enveloppe int\u00e9rieure en caoutchouc est adapt\u00e9e \u00e0 l'huile de frein, au carburant et \u00e0 l'huile.<\/p>\n<p>Construction : notre tuyau se compose d'une \u00e2me en caoutchouc synth\u00e9tique CPE sans soudure, d'une couche d'acier inoxydable vulcanis\u00e9e dans le caoutchouc et d'une gaine en acier inoxydable tiss\u00e9. Le tuyau de la s\u00e9rie 200 pr\u00e9sente la meilleure r\u00e9sistance \u00e0 la corrosion et au feu de tous les tuyaux \u00e0 gaine en acier inoxydable disponibles. Il peut \u00eatre utilis\u00e9 pour tous les carburants synth\u00e9tiques, l'essence, le p\u00e9trole, l'alcool, y compris le m\u00e9thanol et le nitrom\u00e9thane. Le tuyau Goodridge s\u00e9rie 200 repr\u00e9sente la meilleure qualit\u00e9 de tuyau tress\u00e9 en acier inoxydable, produit selon nos sp\u00e9cifications et exclusivement pour Goodridge. Son faible poids et sa flexibilit\u00e9 sont con\u00e7us pour une large gamme de raccords r\u00e9utilisables et fournissent une protection essentielle contre la pression, la temp\u00e9rature, les vibrations et le frottement et sont fournis aux sports de course et de rallye depuis de nombreuses ann\u00e9es.<\/p>\n<p>Application : Essence, huile (tous les lubrifiants synth\u00e9tiques), liquides de refroidissement, m\u00e9thanol, nitrom\u00e9tane, eau<\/p>\n<p>Mat\u00e9riau du raccord : Aluminium anodis\u00e9 (D)<br \/>\n.<\/p>\n<p>Plage de temp\u00e9rature : de -46 \u00e0 150 degr\u00e9s Celsius.<\/p>\n<p>Il s'agit d'un tuyau de bonne qualit\u00e9 avec une couche d'acier inoxydable vulcanis\u00e9e dans le caoutchouc, qui convient parfaitement aux raccords Cutter.<\/p>","protected":false},"excerpt":{"rendered":"<p>Originele Goodridge slang dash 12 Rubber binnenmantel geschikt voor remolie brandstof en olie. Constructie: Onze slang bestaat uit een naadloze syntetische CPE rubberen kern met een in het rubber gevulcaniseerde rvs laag en een geweven RVS mantel. De 200 serie slang heeft de hoogste corrosie en vuur bestendige kwaliteit van iedere beschikbare RVS ommantelde slang [&hellip;]<\/p>\n","protected":false},"featured_media":93494,"template":"","meta":{"_acf_changed":false},"product_brand":[],"product_cat":[2797],"product_tag":[],"class_list":{"0":"post-13598","1":"product","2":"type-product","3":"status-publish","4":"has-post-thumbnail","6":"product_cat-dash-leidingen","7":"product_shipping_class-4016","9":"first","10":"instock","11":"taxable","12":"shipping-taxable","13":"purchasable","14":"product-type-simple"},"acf":[],"yoast_head":"<!-- This site is optimized with the Yoast SEO plugin v27.1.1 - https:\/\/yoast.com\/product\/yoast-seo-wordpress\/ -->\n<title>Goodridge Slang Dash 12 - Hoogstra Autosport<\/title>\n<meta name=\"robots\" content=\"index, follow, max-snippet:-1, max-image-preview:large, max-video-preview:-1\" \/>\n<link rel=\"canonical\" href=\"https:\/\/www.hoogstra-autosport.nl\/fr\/produit\/goodridge-slang-dash-12\/\" \/>\n<meta property=\"og:locale\" content=\"fr_FR\" \/>\n<meta property=\"og:type\" content=\"article\" \/>\n<meta property=\"og:title\" content=\"Goodridge Slang Dash 12 - Hoogstra Autosport\" \/>\n<meta property=\"og:description\" content=\"Originele Goodridge slang dash 12 Rubber binnenmantel geschikt voor remolie brandstof en olie. Constructie: Onze slang bestaat uit een naadloze syntetische CPE rubberen kern met een in het rubber gevulcaniseerde rvs laag en een geweven RVS mantel. De 200 serie slang heeft de hoogste corrosie en vuur bestendige kwaliteit van iedere beschikbare RVS ommantelde slang [&hellip;]\" \/>\n<meta property=\"og:url\" content=\"https:\/\/www.hoogstra-autosport.nl\/fr\/produit\/goodridge-slang-dash-12\/\" \/>\n<meta property=\"og:site_name\" content=\"Hoogstra Autosport\" \/>\n<meta property=\"article:modified_time\" content=\"2025-11-21T08:43:30+00:00\" \/>\n<meta property=\"og:image\" content=\"https:\/\/www.hoogstra-autosport.nl\/teamkoen\/wp-content\/uploads\/2021\/10\/goodridge-scaled.jpg\" \/>\n\t<meta property=\"og:image:width\" content=\"2560\" \/>\n\t<meta property=\"og:image:height\" content=\"2560\" \/>\n\t<meta property=\"og:image:type\" content=\"image\/jpeg\" \/>\n<meta name=\"twitter:card\" content=\"summary_large_image\" \/>\n<meta name=\"twitter:label1\" content=\"Dur\u00e9e de lecture estim\u00e9e\" \/>\n\t<meta name=\"twitter:data1\" content=\"2 minutes\" \/>\n<script type=\"application\/ld+json\" class=\"yoast-schema-graph\">{\"@context\":\"https:\/\/schema.org\",\"@graph\":[{\"@type\":\"WebPage\",\"@id\":\"https:\/\/www.hoogstra-autosport.nl\/product\/goodridge-slang-dash-12\/\",\"url\":\"https:\/\/www.hoogstra-autosport.nl\/product\/goodridge-slang-dash-12\/\",\"name\":\"Goodridge Slang Dash 12 - Hoogstra Autosport\",\"isPartOf\":{\"@id\":\"https:\/\/www.hoogstra-autosport.nl\/#website\"},\"primaryImageOfPage\":{\"@id\":\"https:\/\/www.hoogstra-autosport.nl\/product\/goodridge-slang-dash-12\/#primaryimage\"},\"image\":{\"@id\":\"https:\/\/www.hoogstra-autosport.nl\/product\/goodridge-slang-dash-12\/#primaryimage\"},\"thumbnailUrl\":\"https:\/\/www.hoogstra-autosport.nl\/teamkoen\/wp-content\/uploads\/2021\/10\/goodridge-scaled.jpg\",\"datePublished\":\"2018-11-19T09:29:47+00:00\",\"dateModified\":\"2025-11-21T08:43:30+00:00\",\"breadcrumb\":{\"@id\":\"https:\/\/www.hoogstra-autosport.nl\/product\/goodridge-slang-dash-12\/#breadcrumb\"},\"inLanguage\":\"fr-FR\",\"potentialAction\":[{\"@type\":\"ReadAction\",\"target\":[\"https:\/\/www.hoogstra-autosport.nl\/product\/goodridge-slang-dash-12\/\"]}]},{\"@type\":\"ImageObject\",\"inLanguage\":\"fr-FR\",\"@id\":\"https:\/\/www.hoogstra-autosport.nl\/product\/goodridge-slang-dash-12\/#primaryimage\",\"url\":\"https:\/\/www.hoogstra-autosport.nl\/teamkoen\/wp-content\/uploads\/2021\/10\/goodridge-scaled.jpg\",\"contentUrl\":\"https:\/\/www.hoogstra-autosport.nl\/teamkoen\/wp-content\/uploads\/2021\/10\/goodridge-scaled.jpg\",\"width\":2560,\"height\":2560},{\"@type\":\"BreadcrumbList\",\"@id\":\"https:\/\/www.hoogstra-autosport.nl\/product\/goodridge-slang-dash-12\/#breadcrumb\",\"itemListElement\":[{\"@type\":\"ListItem\",\"position\":1,\"name\":\"Home\",\"item\":\"https:\/\/www.hoogstra-autosport.nl\/\"},{\"@type\":\"ListItem\",\"position\":2,\"name\":\"Motorisch\",\"item\":\"https:\/\/www.hoogstra-autosport.nl\/product-categorie\/auto-techniek\/\"},{\"@type\":\"ListItem\",\"position\":3,\"name\":\"Slangen &amp; Dash Nippels\",\"item\":\"https:\/\/www.hoogstra-autosport.nl\/product-categorie\/auto-techniek\/dash-koppelingen\/\"},{\"@type\":\"ListItem\",\"position\":4,\"name\":\"Dash Leidingen\",\"item\":\"https:\/\/www.hoogstra-autosport.nl\/product-categorie\/auto-techniek\/dash-koppelingen\/dash-leidingen\/\"},{\"@type\":\"ListItem\",\"position\":5,\"name\":\"Goodridge Slang Dash 12\"}]},{\"@type\":\"WebSite\",\"@id\":\"https:\/\/www.hoogstra-autosport.nl\/#website\",\"url\":\"https:\/\/www.hoogstra-autosport.nl\/\",\"name\":\"Hoogstra Autosport\",\"description\":\"Performance Autosport Parts!\",\"potentialAction\":[{\"@type\":\"SearchAction\",\"target\":{\"@type\":\"EntryPoint\",\"urlTemplate\":\"https:\/\/www.hoogstra-autosport.nl\/?s={search_term_string}\"},\"query-input\":{\"@type\":\"PropertyValueSpecification\",\"valueRequired\":true,\"valueName\":\"search_term_string\"}}],\"inLanguage\":\"fr-FR\"}]}<\/script>\n<!-- \/ Yoast SEO plugin. -->","yoast_head_json":{"title":"Goodridge Slang Dash 12 - Hoogstra Autosport","robots":{"index":"index","follow":"follow","max-snippet":"max-snippet:-1","max-image-preview":"max-image-preview:large","max-video-preview":"max-video-preview:-1"},"canonical":"https:\/\/www.hoogstra-autosport.nl\/fr\/produit\/goodridge-slang-dash-12\/","og_locale":"fr_FR","og_type":"article","og_title":"Goodridge Slang Dash 12 - Hoogstra Autosport","og_description":"Originele Goodridge slang dash 12 Rubber binnenmantel geschikt voor remolie brandstof en olie. Constructie: Onze slang bestaat uit een naadloze syntetische CPE rubberen kern met een in het rubber gevulcaniseerde rvs laag en een geweven RVS mantel. De 200 serie slang heeft de hoogste corrosie en vuur bestendige kwaliteit van iedere beschikbare RVS ommantelde slang [&hellip;]","og_url":"https:\/\/www.hoogstra-autosport.nl\/fr\/produit\/goodridge-slang-dash-12\/","og_site_name":"Hoogstra Autosport","article_modified_time":"2025-11-21T08:43:30+00:00","og_image":[{"width":2560,"height":2560,"url":"https:\/\/www.hoogstra-autosport.nl\/teamkoen\/wp-content\/uploads\/2021\/10\/goodridge-scaled.jpg","type":"image\/jpeg"}],"twitter_card":"summary_large_image","twitter_misc":{"Dur\u00e9e de lecture estim\u00e9e":"2 minutes"},"schema":{"@context":"https:\/\/schema.org","@graph":[{"@type":"WebPage","@id":"https:\/\/www.hoogstra-autosport.nl\/product\/goodridge-slang-dash-12\/","url":"https:\/\/www.hoogstra-autosport.nl\/product\/goodridge-slang-dash-12\/","name":"Goodridge Slang Dash 12 - Hoogstra Autosport","isPartOf":{"@id":"https:\/\/www.hoogstra-autosport.nl\/#website"},"primaryImageOfPage":{"@id":"https:\/\/www.hoogstra-autosport.nl\/product\/goodridge-slang-dash-12\/#primaryimage"},"image":{"@id":"https:\/\/www.hoogstra-autosport.nl\/product\/goodridge-slang-dash-12\/#primaryimage"},"thumbnailUrl":"https:\/\/www.hoogstra-autosport.nl\/teamkoen\/wp-content\/uploads\/2021\/10\/goodridge-scaled.jpg","datePublished":"2018-11-19T09:29:47+00:00","dateModified":"2025-11-21T08:43:30+00:00","breadcrumb":{"@id":"https:\/\/www.hoogstra-autosport.nl\/product\/goodridge-slang-dash-12\/#breadcrumb"},"inLanguage":"fr-FR","potentialAction":[{"@type":"ReadAction","target":["https:\/\/www.hoogstra-autosport.nl\/product\/goodridge-slang-dash-12\/"]}]},{"@type":"ImageObject","inLanguage":"fr-FR","@id":"https:\/\/www.hoogstra-autosport.nl\/product\/goodridge-slang-dash-12\/#primaryimage","url":"https:\/\/www.hoogstra-autosport.nl\/teamkoen\/wp-content\/uploads\/2021\/10\/goodridge-scaled.jpg","contentUrl":"https:\/\/www.hoogstra-autosport.nl\/teamkoen\/wp-content\/uploads\/2021\/10\/goodridge-scaled.jpg","width":2560,"height":2560},{"@type":"BreadcrumbList","@id":"https:\/\/www.hoogstra-autosport.nl\/product\/goodridge-slang-dash-12\/#breadcrumb","itemListElement":[{"@type":"ListItem","position":1,"name":"Home","item":"https:\/\/www.hoogstra-autosport.nl\/"},{"@type":"ListItem","position":2,"name":"Motorisch","item":"https:\/\/www.hoogstra-autosport.nl\/product-categorie\/auto-techniek\/"},{"@type":"ListItem","position":3,"name":"Slangen &amp; Dash Nippels","item":"https:\/\/www.hoogstra-autosport.nl\/product-categorie\/auto-techniek\/dash-koppelingen\/"},{"@type":"ListItem","position":4,"name":"Dash Leidingen","item":"https:\/\/www.hoogstra-autosport.nl\/product-categorie\/auto-techniek\/dash-koppelingen\/dash-leidingen\/"},{"@type":"ListItem","position":5,"name":"Goodridge Slang Dash 12"}]},{"@type":"WebSite","@id":"https:\/\/www.hoogstra-autosport.nl\/#website","url":"https:\/\/www.hoogstra-autosport.nl\/","name":"Hoogstra Autosport","description":"Performance Autosport Parts!","potentialAction":[{"@type":"SearchAction","target":{"@type":"EntryPoint","urlTemplate":"https:\/\/www.hoogstra-autosport.nl\/?s={search_term_string}"},"query-input":{"@type":"PropertyValueSpecification","valueRequired":true,"valueName":"search_term_string"}}],"inLanguage":"fr-FR"}]}},"tiered_pricing_type":"fixed","tiered_pricing_fixed_rules":[],"tiered_pricing_product_settings":{"layout":"default","base_unit_name":{"singular":null,"plural":null},"default_variation":null},"tiered_pricing_minimum_quantity":null,"tiered_pricing_roles_data":[],"tiered_pricing_percentage_rules":[],"tiered_pricing_maximum_quantity":null,"tiered_pricing_quantity_step":null,"_links":{"self":[{"href":"https:\/\/www.hoogstra-autosport.nl\/fr\/wp-json\/wp\/v2\/product\/13598","targetHints":{"allow":["GET"]}}],"collection":[{"href":"https:\/\/www.hoogstra-autosport.nl\/fr\/wp-json\/wp\/v2\/product"}],"about":[{"href":"https:\/\/www.hoogstra-autosport.nl\/fr\/wp-json\/wp\/v2\/types\/product"}],"wp:featuredmedia":[{"embeddable":true,"href":"https:\/\/www.hoogstra-autosport.nl\/fr\/wp-json\/wp\/v2\/media\/93494"}],"wp:attachment":[{"href":"https:\/\/www.hoogstra-autosport.nl\/fr\/wp-json\/wp\/v2\/media?parent=13598"}],"wp:term":[{"taxonomy":"product_brand","embeddable":true,"href":"https:\/\/www.hoogstra-autosport.nl\/fr\/wp-json\/wp\/v2\/product_brand?post=13598"},{"taxonomy":"product_cat","embeddable":true,"href":"https:\/\/www.hoogstra-autosport.nl\/fr\/wp-json\/wp\/v2\/product_cat?post=13598"},{"taxonomy":"product_tag","embeddable":true,"href":"https:\/\/www.hoogstra-autosport.nl\/fr\/wp-json\/wp\/v2\/product_tag?post=13598"}],"curies":[{"name":"wp","href":"https:\/\/api.w.org\/{rel}","templated":true}]}}