{"id":13560,"date":"2018-10-29T17:34:35","date_gmt":"2018-10-29T16:34:35","guid":{"rendered":"http:\/\/hoogstra-autosport.nl\/?product=pedaal-box-obp-racing-kabelOBPKC011"},"modified":"2025-12-12T10:52:57","modified_gmt":"2025-12-12T09:52:57","slug":"pedaal-box-obp-racing-kabelobpkc011","status":"publish","type":"product","link":"https:\/\/www.hoogstra-autosport.nl\/fr\/produit\/pedaal-box-obp-racing-kabelobpkc011\/","title":{"rendered":"Pedal Box OBP racing cable"},"content":{"rendered":"<p>Bo\u00eete \u00e0 p\u00e9dales Kitcar C\u00e2ble Embrayage<\/p>\n<p>Comprend 2 ma\u00eetres-cylindres<\/p>\n<p>Largeur 24 cm<\/p>\n<p>Hauteur 28 cm<\/p>\n<p>Les cylindres filet\u00e9s ont une sortie de 3\/8 et une entr\u00e9e de 7\/16.<\/p>\n<p>Kit Car Cable Clutch Pedal Box OBPKC011<\/p>\n<p>Kit contents: 3 Pedal Kit Car Cable Clutch Pedal Box with Bias Bar &amp; 2x Master Cylinders.<\/p>\n<p>Taille : 275 mm (H) x 242 (L) x 130 (P) (dimensions approximatives)<\/p>\n<p>UN PRIX TR\u00c8S AVANTAGEUX POUR LES AMATEURS DE VOITURES EN KIT.<\/p>\n<p>Vous pouvez maintenant obtenir un produit obp de qualit\u00e9 sup\u00e9rieure \u00e0 un prix incroyable.<\/p>\n<p>Kit Car Pedal Box Universal Car Fitment, ce p\u00e9dalier s'adapte \u00e0 tous les types de Kit Car. Luego, Tiger, MK, Westfield, Locost, Haynes Roadster etc.<\/p>\n<p>Le p\u00e9dalier est dot\u00e9 d'une d\u00e9coupe de 25 mm x 25 mm \u00e0 l'arri\u00e8re pour s'adapter au rail inf\u00e9rieur du compartiment des pieds.<\/p>\n<p>L'unit\u00e9 s'installe sur la cloison et se boulonne au sol.<\/p>\n<p>Cette unit\u00e9 a \u00e9t\u00e9 con\u00e7ue et fabriqu\u00e9e par obp, le principal fabricant europ\u00e9en de bo\u00eetes \u00e0 p\u00e9dales, sp\u00e9cialement pour les amateurs de Kit Car.<\/p>\n<p>Obp fabrique tous ces produits en Angleterre.<\/p>","protected":false},"excerpt":{"rendered":"<p>Kitcar pedaal box Kabel Koppeling Inclusief 2 hoofdremcilinders Breed 24 cm Hoog 28 cm Draad cilinders is 3\/8 uitgang en 7\/16 ingang Kit Car Cable Clutch Pedal Box OBPKC011 Kit contents: 3 Pedal Kit Car Cable Clutch Pedal Box with Bias Bar &amp; 2x Master Cylinders. Size: 275mm (H) x 242 (W) x 130 (D) [&hellip;]<\/p>\n","protected":false},"featured_media":95209,"template":"","meta":{"_acf_changed":false},"product_brand":[],"product_cat":[2761],"product_tag":[],"class_list":{"0":"post-13560","1":"product","2":"type-product","3":"status-publish","4":"has-post-thumbnail","6":"product_cat-pedaal-boxen","7":"product_shipping_class-4016","9":"first","10":"instock","11":"taxable","12":"shipping-taxable","13":"purchasable","14":"product-type-simple"},"acf":[],"yoast_head":"<!-- This site is optimized with the Yoast SEO plugin v27.1.1 - https:\/\/yoast.com\/product\/yoast-seo-wordpress\/ -->\n<title>Pedaal Box OBP racing Kabel - Hoogstra Autosport<\/title>\n<meta name=\"robots\" content=\"index, follow, max-snippet:-1, max-image-preview:large, max-video-preview:-1\" \/>\n<link rel=\"canonical\" href=\"https:\/\/www.hoogstra-autosport.nl\/fr\/produit\/pedaal-box-obp-racing-kabelobpkc011\/\" \/>\n<meta property=\"og:locale\" content=\"fr_FR\" \/>\n<meta property=\"og:type\" content=\"article\" \/>\n<meta property=\"og:title\" content=\"Pedaal Box OBP racing Kabel - Hoogstra Autosport\" \/>\n<meta property=\"og:description\" content=\"Kitcar pedaal box Kabel Koppeling Inclusief 2 hoofdremcilinders Breed 24 cm Hoog 28 cm Draad cilinders is 3\/8 uitgang en 7\/16 ingang Kit Car Cable Clutch Pedal Box OBPKC011 Kit contents: 3 Pedal Kit Car Cable Clutch Pedal Box with Bias Bar &amp; 2x Master Cylinders. Size: 275mm (H) x 242 (W) x 130 (D) [&hellip;]\" \/>\n<meta property=\"og:url\" content=\"https:\/\/www.hoogstra-autosport.nl\/fr\/produit\/pedaal-box-obp-racing-kabelobpkc011\/\" \/>\n<meta property=\"og:site_name\" content=\"Hoogstra Autosport\" \/>\n<meta property=\"article:modified_time\" content=\"2025-12-12T09:52:57+00:00\" \/>\n<meta property=\"og:image\" content=\"https:\/\/www.hoogstra-autosport.nl\/teamkoen\/wp-content\/uploads\/2018\/10\/Untitled-Project-80.jpg\" \/>\n\t<meta property=\"og:image:width\" content=\"1080\" \/>\n\t<meta property=\"og:image:height\" content=\"1080\" \/>\n\t<meta property=\"og:image:type\" content=\"image\/jpeg\" \/>\n<meta name=\"twitter:card\" content=\"summary_large_image\" \/>\n<meta name=\"twitter:label1\" content=\"Dur\u00e9e de lecture estim\u00e9e\" \/>\n\t<meta name=\"twitter:data1\" content=\"2 minutes\" \/>\n<script type=\"application\/ld+json\" class=\"yoast-schema-graph\">{\"@context\":\"https:\/\/schema.org\",\"@graph\":[{\"@type\":\"WebPage\",\"@id\":\"https:\/\/www.hoogstra-autosport.nl\/product\/pedaal-box-obp-racing-kabelobpkc011\/\",\"url\":\"https:\/\/www.hoogstra-autosport.nl\/product\/pedaal-box-obp-racing-kabelobpkc011\/\",\"name\":\"Pedaal Box OBP racing Kabel - Hoogstra Autosport\",\"isPartOf\":{\"@id\":\"https:\/\/www.hoogstra-autosport.nl\/#website\"},\"primaryImageOfPage\":{\"@id\":\"https:\/\/www.hoogstra-autosport.nl\/product\/pedaal-box-obp-racing-kabelobpkc011\/#primaryimage\"},\"image\":{\"@id\":\"https:\/\/www.hoogstra-autosport.nl\/product\/pedaal-box-obp-racing-kabelobpkc011\/#primaryimage\"},\"thumbnailUrl\":\"https:\/\/www.hoogstra-autosport.nl\/teamkoen\/wp-content\/uploads\/2018\/10\/Untitled-Project-80.jpg\",\"datePublished\":\"2018-10-29T16:34:35+00:00\",\"dateModified\":\"2025-12-12T09:52:57+00:00\",\"breadcrumb\":{\"@id\":\"https:\/\/www.hoogstra-autosport.nl\/product\/pedaal-box-obp-racing-kabelobpkc011\/#breadcrumb\"},\"inLanguage\":\"fr-FR\",\"potentialAction\":[{\"@type\":\"ReadAction\",\"target\":[\"https:\/\/www.hoogstra-autosport.nl\/product\/pedaal-box-obp-racing-kabelobpkc011\/\"]}]},{\"@type\":\"ImageObject\",\"inLanguage\":\"fr-FR\",\"@id\":\"https:\/\/www.hoogstra-autosport.nl\/product\/pedaal-box-obp-racing-kabelobpkc011\/#primaryimage\",\"url\":\"https:\/\/www.hoogstra-autosport.nl\/teamkoen\/wp-content\/uploads\/2018\/10\/Untitled-Project-80.jpg\",\"contentUrl\":\"https:\/\/www.hoogstra-autosport.nl\/teamkoen\/wp-content\/uploads\/2018\/10\/Untitled-Project-80.jpg\",\"width\":1080,\"height\":1080},{\"@type\":\"BreadcrumbList\",\"@id\":\"https:\/\/www.hoogstra-autosport.nl\/product\/pedaal-box-obp-racing-kabelobpkc011\/#breadcrumb\",\"itemListElement\":[{\"@type\":\"ListItem\",\"position\":1,\"name\":\"Home\",\"item\":\"https:\/\/www.hoogstra-autosport.nl\/\"},{\"@type\":\"ListItem\",\"position\":2,\"name\":\"Remmen\",\"item\":\"https:\/\/www.hoogstra-autosport.nl\/product-categorie\/remmen-2\/\"},{\"@type\":\"ListItem\",\"position\":3,\"name\":\"Pedaal Boxen\",\"item\":\"https:\/\/www.hoogstra-autosport.nl\/product-categorie\/remmen-2\/pedaal-boxen\/\"},{\"@type\":\"ListItem\",\"position\":4,\"name\":\"Pedaal Box OBP racing Kabel\"}]},{\"@type\":\"WebSite\",\"@id\":\"https:\/\/www.hoogstra-autosport.nl\/#website\",\"url\":\"https:\/\/www.hoogstra-autosport.nl\/\",\"name\":\"Hoogstra Autosport\",\"description\":\"Performance Autosport Parts!\",\"potentialAction\":[{\"@type\":\"SearchAction\",\"target\":{\"@type\":\"EntryPoint\",\"urlTemplate\":\"https:\/\/www.hoogstra-autosport.nl\/?s={search_term_string}\"},\"query-input\":{\"@type\":\"PropertyValueSpecification\",\"valueRequired\":true,\"valueName\":\"search_term_string\"}}],\"inLanguage\":\"fr-FR\"}]}<\/script>\n<!-- \/ Yoast SEO plugin. -->","yoast_head_json":{"title":"Pedaal Box OBP racing Kabel - Hoogstra Autosport","robots":{"index":"index","follow":"follow","max-snippet":"max-snippet:-1","max-image-preview":"max-image-preview:large","max-video-preview":"max-video-preview:-1"},"canonical":"https:\/\/www.hoogstra-autosport.nl\/fr\/produit\/pedaal-box-obp-racing-kabelobpkc011\/","og_locale":"fr_FR","og_type":"article","og_title":"Pedaal Box OBP racing Kabel - Hoogstra Autosport","og_description":"Kitcar pedaal box Kabel Koppeling Inclusief 2 hoofdremcilinders Breed 24 cm Hoog 28 cm Draad cilinders is 3\/8 uitgang en 7\/16 ingang Kit Car Cable Clutch Pedal Box OBPKC011 Kit contents: 3 Pedal Kit Car Cable Clutch Pedal Box with Bias Bar &amp; 2x Master Cylinders. Size: 275mm (H) x 242 (W) x 130 (D) [&hellip;]","og_url":"https:\/\/www.hoogstra-autosport.nl\/fr\/produit\/pedaal-box-obp-racing-kabelobpkc011\/","og_site_name":"Hoogstra Autosport","article_modified_time":"2025-12-12T09:52:57+00:00","og_image":[{"width":1080,"height":1080,"url":"https:\/\/www.hoogstra-autosport.nl\/teamkoen\/wp-content\/uploads\/2018\/10\/Untitled-Project-80.jpg","type":"image\/jpeg"}],"twitter_card":"summary_large_image","twitter_misc":{"Dur\u00e9e de lecture estim\u00e9e":"2 minutes"},"schema":{"@context":"https:\/\/schema.org","@graph":[{"@type":"WebPage","@id":"https:\/\/www.hoogstra-autosport.nl\/product\/pedaal-box-obp-racing-kabelobpkc011\/","url":"https:\/\/www.hoogstra-autosport.nl\/product\/pedaal-box-obp-racing-kabelobpkc011\/","name":"Pedaal Box OBP racing Kabel - Hoogstra Autosport","isPartOf":{"@id":"https:\/\/www.hoogstra-autosport.nl\/#website"},"primaryImageOfPage":{"@id":"https:\/\/www.hoogstra-autosport.nl\/product\/pedaal-box-obp-racing-kabelobpkc011\/#primaryimage"},"image":{"@id":"https:\/\/www.hoogstra-autosport.nl\/product\/pedaal-box-obp-racing-kabelobpkc011\/#primaryimage"},"thumbnailUrl":"https:\/\/www.hoogstra-autosport.nl\/teamkoen\/wp-content\/uploads\/2018\/10\/Untitled-Project-80.jpg","datePublished":"2018-10-29T16:34:35+00:00","dateModified":"2025-12-12T09:52:57+00:00","breadcrumb":{"@id":"https:\/\/www.hoogstra-autosport.nl\/product\/pedaal-box-obp-racing-kabelobpkc011\/#breadcrumb"},"inLanguage":"fr-FR","potentialAction":[{"@type":"ReadAction","target":["https:\/\/www.hoogstra-autosport.nl\/product\/pedaal-box-obp-racing-kabelobpkc011\/"]}]},{"@type":"ImageObject","inLanguage":"fr-FR","@id":"https:\/\/www.hoogstra-autosport.nl\/product\/pedaal-box-obp-racing-kabelobpkc011\/#primaryimage","url":"https:\/\/www.hoogstra-autosport.nl\/teamkoen\/wp-content\/uploads\/2018\/10\/Untitled-Project-80.jpg","contentUrl":"https:\/\/www.hoogstra-autosport.nl\/teamkoen\/wp-content\/uploads\/2018\/10\/Untitled-Project-80.jpg","width":1080,"height":1080},{"@type":"BreadcrumbList","@id":"https:\/\/www.hoogstra-autosport.nl\/product\/pedaal-box-obp-racing-kabelobpkc011\/#breadcrumb","itemListElement":[{"@type":"ListItem","position":1,"name":"Home","item":"https:\/\/www.hoogstra-autosport.nl\/"},{"@type":"ListItem","position":2,"name":"Remmen","item":"https:\/\/www.hoogstra-autosport.nl\/product-categorie\/remmen-2\/"},{"@type":"ListItem","position":3,"name":"Pedaal Boxen","item":"https:\/\/www.hoogstra-autosport.nl\/product-categorie\/remmen-2\/pedaal-boxen\/"},{"@type":"ListItem","position":4,"name":"Pedaal Box OBP racing Kabel"}]},{"@type":"WebSite","@id":"https:\/\/www.hoogstra-autosport.nl\/#website","url":"https:\/\/www.hoogstra-autosport.nl\/","name":"Hoogstra Autosport","description":"Performance Autosport Parts!","potentialAction":[{"@type":"SearchAction","target":{"@type":"EntryPoint","urlTemplate":"https:\/\/www.hoogstra-autosport.nl\/?s={search_term_string}"},"query-input":{"@type":"PropertyValueSpecification","valueRequired":true,"valueName":"search_term_string"}}],"inLanguage":"fr-FR"}]}},"tiered_pricing_type":"fixed","tiered_pricing_fixed_rules":[],"tiered_pricing_product_settings":{"layout":"default","base_unit_name":{"singular":null,"plural":null},"default_variation":null},"tiered_pricing_minimum_quantity":null,"tiered_pricing_roles_data":[],"tiered_pricing_percentage_rules":[],"tiered_pricing_maximum_quantity":null,"tiered_pricing_quantity_step":null,"_links":{"self":[{"href":"https:\/\/www.hoogstra-autosport.nl\/fr\/wp-json\/wp\/v2\/product\/13560","targetHints":{"allow":["GET"]}}],"collection":[{"href":"https:\/\/www.hoogstra-autosport.nl\/fr\/wp-json\/wp\/v2\/product"}],"about":[{"href":"https:\/\/www.hoogstra-autosport.nl\/fr\/wp-json\/wp\/v2\/types\/product"}],"wp:featuredmedia":[{"embeddable":true,"href":"https:\/\/www.hoogstra-autosport.nl\/fr\/wp-json\/wp\/v2\/media\/95209"}],"wp:attachment":[{"href":"https:\/\/www.hoogstra-autosport.nl\/fr\/wp-json\/wp\/v2\/media?parent=13560"}],"wp:term":[{"taxonomy":"product_brand","embeddable":true,"href":"https:\/\/www.hoogstra-autosport.nl\/fr\/wp-json\/wp\/v2\/product_brand?post=13560"},{"taxonomy":"product_cat","embeddable":true,"href":"https:\/\/www.hoogstra-autosport.nl\/fr\/wp-json\/wp\/v2\/product_cat?post=13560"},{"taxonomy":"product_tag","embeddable":true,"href":"https:\/\/www.hoogstra-autosport.nl\/fr\/wp-json\/wp\/v2\/product_tag?post=13560"}],"curies":[{"name":"wp","href":"https:\/\/api.w.org\/{rel}","templated":true}]}}