{"id":13357,"date":"2018-10-16T09:27:54","date_gmt":"2018-10-16T07:27:54","guid":{"rendered":"http:\/\/hoogstra-autosport.nl\/?product=jerrycan-20-liter-rvs"},"modified":"2024-01-20T13:03:36","modified_gmt":"2024-01-20T12:03:36","slug":"jerrycan-20-liter-rvs","status":"publish","type":"product","link":"https:\/\/www.hoogstra-autosport.nl\/fr\/produit\/jerrycan-20-liter-rvs\/","title":{"rendered":"Jerry can 20 litres acier inoxydable"},"content":{"rendered":"<p>Jerrycan en acier inoxydable (20 ltr)<\/p>\n<p>Une pompe \u00e0 siphon \u00e9lectrique convient parfaitement.<\/p>\n<p>Apr\u00e8s les jerricans en plastique et le d\u00e9collement des rev\u00eatements des jerricans en acier (verts) d\u00fb aux carburants actuels, voici enfin le jerrican en acier inoxydable (RVS) d'une capacit\u00e9 de 20 litres. Il ne rouille pas, est muni d'un bouchon tournant et est homologu\u00e9 par les Nations unies. Un bec flexible se trouve sous le bouchon (\u00e0 l'envers), de sorte qu'il reste toujours avec le bidon. D\u00e9visser le bouchon, retirer le bec et le remettre en place avec un raccord filet\u00e9 en acier inoxydable. Un a\u00e9rateur se trouve \u00e0 l'arri\u00e8re du bidon. Ouvrez-le d'un tour pour acc\u00e9l\u00e9rer le remplissage.<br \/>\nCe jerrican permet de faire le plein de fa\u00e7on propre et sans fuite.<\/p>\n<p>\u00a0<\/p>\n<p>\u00a0<\/p>\n<p>\u00a0<\/p>\n<p>\u00a0<\/p>\n<p>Caract\u00e9ristiques du produit<\/p>\n<p>\t\t\tLargeur<br \/>\n\t\t\t345 mm<\/p>\n<p>\t\t\t\u00c9paisseur<br \/>\n\t\t\t170 mm<\/p>\n<p>\t\t\tHauteur<br \/>\n\t\t\t463 mm<\/p>\n<p>\t\t\tContenu<br \/>\n\t\t\t20 litres<\/p>\n<p>\t\t\tCouleur<br \/>\n\t\t\tM\u00e9tal<\/p>\n<p>\t\t\tMat\u00e9riau<br \/>\n\t\t\tAcier inoxydable<\/p>\n<p>\u00a0<\/p>","protected":false},"excerpt":{"rendered":"<p>Jerrycan RVS (20 ltr) Hier past een electirsche hevel pomp goed in. Kunststof jerrycans en het loslaten van coatings in de stalen (groene) jerrycans door de huidige brandstoffen, is er nu eindelijk de roestvrij stalen (RVS) jerrycan met een inhoud van 20 liter. Roest niet, heeft een draaidopsluiting en heeft een UN-Keuring. Onder de dop [&hellip;]<\/p>\n","protected":false},"featured_media":13358,"template":"","meta":{"_acf_changed":false},"product_brand":[],"product_cat":[3823,2750],"product_tag":[],"class_list":{"0":"post-13357","1":"product","2":"type-product","3":"status-publish","4":"has-post-thumbnail","6":"product_cat-brandstoftanken-jerry-cans","7":"product_cat-tank-vulsystemen","8":"product_shipping_class-4016","10":"first","11":"instock","12":"taxable","13":"shipping-taxable","14":"purchasable","15":"product-type-simple"},"acf":[],"yoast_head":"<!-- This site is optimized with the Yoast SEO plugin v27.1.1 - https:\/\/yoast.com\/product\/yoast-seo-wordpress\/ -->\n<title>Jerrycan 20 liter RVS - Hoogstra Autosport<\/title>\n<meta name=\"description\" content=\"Benzine\" \/>\n<meta name=\"robots\" content=\"index, follow, max-snippet:-1, max-image-preview:large, max-video-preview:-1\" \/>\n<link rel=\"canonical\" href=\"https:\/\/www.hoogstra-autosport.nl\/fr\/produit\/jerrycan-20-liter-rvs\/\" \/>\n<meta property=\"og:locale\" content=\"fr_FR\" \/>\n<meta property=\"og:type\" content=\"article\" \/>\n<meta property=\"og:title\" content=\"Jerrycan 20 liter RVS - Hoogstra Autosport\" \/>\n<meta property=\"og:description\" content=\"Benzine\" \/>\n<meta property=\"og:url\" content=\"https:\/\/www.hoogstra-autosport.nl\/fr\/produit\/jerrycan-20-liter-rvs\/\" \/>\n<meta property=\"og:site_name\" content=\"Hoogstra Autosport\" \/>\n<meta property=\"article:modified_time\" content=\"2024-01-20T12:03:36+00:00\" \/>\n<meta property=\"og:image\" content=\"https:\/\/www.hoogstra-autosport.nl\/teamkoen\/content\/uploads\/catalog\/product\/Jerry20Can20RVS202020liter20.jpg\" \/>\n\t<meta property=\"og:image:width\" content=\"500\" \/>\n\t<meta property=\"og:image:height\" content=\"500\" \/>\n\t<meta property=\"og:image:type\" content=\"image\/jpeg\" \/>\n<meta name=\"twitter:card\" content=\"summary_large_image\" \/>\n<meta name=\"twitter:label1\" content=\"Dur\u00e9e de lecture estim\u00e9e\" \/>\n\t<meta name=\"twitter:data1\" content=\"1 minute\" \/>\n<script type=\"application\/ld+json\" class=\"yoast-schema-graph\">{\"@context\":\"https:\/\/schema.org\",\"@graph\":[{\"@type\":\"WebPage\",\"@id\":\"https:\/\/www.hoogstra-autosport.nl\/product\/jerrycan-20-liter-rvs\/\",\"url\":\"https:\/\/www.hoogstra-autosport.nl\/product\/jerrycan-20-liter-rvs\/\",\"name\":\"Jerrycan 20 liter RVS - Hoogstra Autosport\",\"isPartOf\":{\"@id\":\"https:\/\/www.hoogstra-autosport.nl\/#website\"},\"primaryImageOfPage\":{\"@id\":\"https:\/\/www.hoogstra-autosport.nl\/product\/jerrycan-20-liter-rvs\/#primaryimage\"},\"image\":{\"@id\":\"https:\/\/www.hoogstra-autosport.nl\/product\/jerrycan-20-liter-rvs\/#primaryimage\"},\"thumbnailUrl\":\"https:\/\/www.hoogstra-autosport.nl\/teamkoen\/wp-content\/uploads\/catalog\/product\/Jerry20Can20RVS202020liter20.jpg\",\"datePublished\":\"2018-10-16T07:27:54+00:00\",\"dateModified\":\"2024-01-20T12:03:36+00:00\",\"description\":\"Benzine\",\"breadcrumb\":{\"@id\":\"https:\/\/www.hoogstra-autosport.nl\/product\/jerrycan-20-liter-rvs\/#breadcrumb\"},\"inLanguage\":\"fr-FR\",\"potentialAction\":[{\"@type\":\"ReadAction\",\"target\":[\"https:\/\/www.hoogstra-autosport.nl\/product\/jerrycan-20-liter-rvs\/\"]}]},{\"@type\":\"ImageObject\",\"inLanguage\":\"fr-FR\",\"@id\":\"https:\/\/www.hoogstra-autosport.nl\/product\/jerrycan-20-liter-rvs\/#primaryimage\",\"url\":\"https:\/\/www.hoogstra-autosport.nl\/teamkoen\/wp-content\/uploads\/catalog\/product\/Jerry20Can20RVS202020liter20.jpg\",\"contentUrl\":\"https:\/\/www.hoogstra-autosport.nl\/teamkoen\/wp-content\/uploads\/catalog\/product\/Jerry20Can20RVS202020liter20.jpg\",\"width\":500,\"height\":500},{\"@type\":\"BreadcrumbList\",\"@id\":\"https:\/\/www.hoogstra-autosport.nl\/product\/jerrycan-20-liter-rvs\/#breadcrumb\",\"itemListElement\":[{\"@type\":\"ListItem\",\"position\":1,\"name\":\"Home\",\"item\":\"https:\/\/www.hoogstra-autosport.nl\/\"},{\"@type\":\"ListItem\",\"position\":2,\"name\":\"Werkplaats\",\"item\":\"https:\/\/www.hoogstra-autosport.nl\/product-categorie\/garage-werkplaats-onderhoud\/\"},{\"@type\":\"ListItem\",\"position\":3,\"name\":\"Brandstoftanken Jerry Cans\",\"item\":\"https:\/\/www.hoogstra-autosport.nl\/product-categorie\/garage-werkplaats-onderhoud\/brandstoftanken-jerry-cans\/\"},{\"@type\":\"ListItem\",\"position\":4,\"name\":\"Jerrycan 20 liter RVS\"}]},{\"@type\":\"WebSite\",\"@id\":\"https:\/\/www.hoogstra-autosport.nl\/#website\",\"url\":\"https:\/\/www.hoogstra-autosport.nl\/\",\"name\":\"Hoogstra Autosport\",\"description\":\"Performance Autosport Parts!\",\"potentialAction\":[{\"@type\":\"SearchAction\",\"target\":{\"@type\":\"EntryPoint\",\"urlTemplate\":\"https:\/\/www.hoogstra-autosport.nl\/?s={search_term_string}\"},\"query-input\":{\"@type\":\"PropertyValueSpecification\",\"valueRequired\":true,\"valueName\":\"search_term_string\"}}],\"inLanguage\":\"fr-FR\"}]}<\/script>\n<!-- \/ Yoast SEO plugin. -->","yoast_head_json":{"title":"Jerrycan 20 liter RVS - Hoogstra Autosport","description":"Benzine","robots":{"index":"index","follow":"follow","max-snippet":"max-snippet:-1","max-image-preview":"max-image-preview:large","max-video-preview":"max-video-preview:-1"},"canonical":"https:\/\/www.hoogstra-autosport.nl\/fr\/produit\/jerrycan-20-liter-rvs\/","og_locale":"fr_FR","og_type":"article","og_title":"Jerrycan 20 liter RVS - Hoogstra Autosport","og_description":"Benzine","og_url":"https:\/\/www.hoogstra-autosport.nl\/fr\/produit\/jerrycan-20-liter-rvs\/","og_site_name":"Hoogstra Autosport","article_modified_time":"2024-01-20T12:03:36+00:00","og_image":[{"width":500,"height":500,"url":"https:\/\/www.hoogstra-autosport.nl\/teamkoen\/content\/uploads\/catalog\/product\/Jerry20Can20RVS202020liter20.jpg","type":"image\/jpeg"}],"twitter_card":"summary_large_image","twitter_misc":{"Dur\u00e9e de lecture estim\u00e9e":"1 minute"},"schema":{"@context":"https:\/\/schema.org","@graph":[{"@type":"WebPage","@id":"https:\/\/www.hoogstra-autosport.nl\/product\/jerrycan-20-liter-rvs\/","url":"https:\/\/www.hoogstra-autosport.nl\/product\/jerrycan-20-liter-rvs\/","name":"Jerrycan 20 liter RVS - Hoogstra Autosport","isPartOf":{"@id":"https:\/\/www.hoogstra-autosport.nl\/#website"},"primaryImageOfPage":{"@id":"https:\/\/www.hoogstra-autosport.nl\/product\/jerrycan-20-liter-rvs\/#primaryimage"},"image":{"@id":"https:\/\/www.hoogstra-autosport.nl\/product\/jerrycan-20-liter-rvs\/#primaryimage"},"thumbnailUrl":"https:\/\/www.hoogstra-autosport.nl\/teamkoen\/wp-content\/uploads\/catalog\/product\/Jerry20Can20RVS202020liter20.jpg","datePublished":"2018-10-16T07:27:54+00:00","dateModified":"2024-01-20T12:03:36+00:00","description":"Benzine","breadcrumb":{"@id":"https:\/\/www.hoogstra-autosport.nl\/product\/jerrycan-20-liter-rvs\/#breadcrumb"},"inLanguage":"fr-FR","potentialAction":[{"@type":"ReadAction","target":["https:\/\/www.hoogstra-autosport.nl\/product\/jerrycan-20-liter-rvs\/"]}]},{"@type":"ImageObject","inLanguage":"fr-FR","@id":"https:\/\/www.hoogstra-autosport.nl\/product\/jerrycan-20-liter-rvs\/#primaryimage","url":"https:\/\/www.hoogstra-autosport.nl\/teamkoen\/wp-content\/uploads\/catalog\/product\/Jerry20Can20RVS202020liter20.jpg","contentUrl":"https:\/\/www.hoogstra-autosport.nl\/teamkoen\/wp-content\/uploads\/catalog\/product\/Jerry20Can20RVS202020liter20.jpg","width":500,"height":500},{"@type":"BreadcrumbList","@id":"https:\/\/www.hoogstra-autosport.nl\/product\/jerrycan-20-liter-rvs\/#breadcrumb","itemListElement":[{"@type":"ListItem","position":1,"name":"Home","item":"https:\/\/www.hoogstra-autosport.nl\/"},{"@type":"ListItem","position":2,"name":"Werkplaats","item":"https:\/\/www.hoogstra-autosport.nl\/product-categorie\/garage-werkplaats-onderhoud\/"},{"@type":"ListItem","position":3,"name":"Brandstoftanken Jerry Cans","item":"https:\/\/www.hoogstra-autosport.nl\/product-categorie\/garage-werkplaats-onderhoud\/brandstoftanken-jerry-cans\/"},{"@type":"ListItem","position":4,"name":"Jerrycan 20 liter RVS"}]},{"@type":"WebSite","@id":"https:\/\/www.hoogstra-autosport.nl\/#website","url":"https:\/\/www.hoogstra-autosport.nl\/","name":"Hoogstra Autosport","description":"Performance Autosport Parts!","potentialAction":[{"@type":"SearchAction","target":{"@type":"EntryPoint","urlTemplate":"https:\/\/www.hoogstra-autosport.nl\/?s={search_term_string}"},"query-input":{"@type":"PropertyValueSpecification","valueRequired":true,"valueName":"search_term_string"}}],"inLanguage":"fr-FR"}]}},"tiered_pricing_type":"fixed","tiered_pricing_fixed_rules":[],"tiered_pricing_product_settings":{"layout":"default","base_unit_name":{"singular":null,"plural":null},"default_variation":null},"tiered_pricing_minimum_quantity":null,"tiered_pricing_roles_data":[],"tiered_pricing_percentage_rules":[],"tiered_pricing_maximum_quantity":null,"tiered_pricing_quantity_step":null,"_links":{"self":[{"href":"https:\/\/www.hoogstra-autosport.nl\/fr\/wp-json\/wp\/v2\/product\/13357","targetHints":{"allow":["GET"]}}],"collection":[{"href":"https:\/\/www.hoogstra-autosport.nl\/fr\/wp-json\/wp\/v2\/product"}],"about":[{"href":"https:\/\/www.hoogstra-autosport.nl\/fr\/wp-json\/wp\/v2\/types\/product"}],"wp:featuredmedia":[{"embeddable":true,"href":"https:\/\/www.hoogstra-autosport.nl\/fr\/wp-json\/wp\/v2\/media\/13358"}],"wp:attachment":[{"href":"https:\/\/www.hoogstra-autosport.nl\/fr\/wp-json\/wp\/v2\/media?parent=13357"}],"wp:term":[{"taxonomy":"product_brand","embeddable":true,"href":"https:\/\/www.hoogstra-autosport.nl\/fr\/wp-json\/wp\/v2\/product_brand?post=13357"},{"taxonomy":"product_cat","embeddable":true,"href":"https:\/\/www.hoogstra-autosport.nl\/fr\/wp-json\/wp\/v2\/product_cat?post=13357"},{"taxonomy":"product_tag","embeddable":true,"href":"https:\/\/www.hoogstra-autosport.nl\/fr\/wp-json\/wp\/v2\/product_tag?post=13357"}],"curies":[{"name":"wp","href":"https:\/\/api.w.org\/{rel}","templated":true}]}}