{"id":12970,"date":"2018-08-31T15:16:46","date_gmt":"2018-08-31T15:16:46","guid":{"rendered":"http:\/\/hoogstra-autosport.nl\/?product=kirkey-lightweight-15-inch"},"modified":"2025-12-11T16:38:30","modified_gmt":"2025-12-11T15:38:30","slug":"kirkey-lightweight-15-inch","status":"publish","type":"product","link":"https:\/\/www.hoogstra-autosport.nl\/fr\/produit\/kirkey-lightweight-15-inch\/","title":{"rendered":"Kirkey Lightweight 15 pouces"},"content":{"rendered":"<p>Kirkey chair type sprint light weight 10 degree layback<\/p>\n<p>14 pouces<\/p>\n<p>15 pouces<\/p>\n<p>16 pouces<\/p>\n<p>17 pouces<\/p>\n<p>Vous pouvez voir la taille de la chaise sur les images.<\/p>\n<p>Vous pouvez \u00e9quiper le fauteuil de course kirkey en aluminium de diff\u00e9rentes housses, une housse compl\u00e8te et une housse divisible dans diff\u00e9rentes couleurs.<\/p>","protected":false},"excerpt":{"rendered":"<p>Kirkey stoel type sprint Light weight 10 graden layback 14 inch 15 inch 16 inch 17 inch De maat van de stoel zie je in de afbeeldingen. Je kunt de kirkey aluminium race stoel uitrusten met verschillende hoezen , volledige hoes en een deelbare hoes in verschillende kleuren.<\/p>","protected":false},"featured_media":95097,"template":"","meta":{"_acf_changed":false},"product_brand":[],"product_cat":[2799],"product_tag":[],"class_list":{"0":"post-12970","1":"product","2":"type-product","3":"status-publish","4":"has-post-thumbnail","6":"product_cat-kirkey-lightweight-stoelen","7":"product_shipping_class-4018","9":"first","10":"instock","11":"taxable","12":"shipping-taxable","13":"purchasable","14":"product-type-variable"},"acf":[],"yoast_head":"<!-- This site is optimized with the Yoast SEO plugin v27.1.1 - https:\/\/yoast.com\/product\/yoast-seo-wordpress\/ -->\n<title>Kirkey Lightweight 15 inch - Hoogstra Autosport<\/title>\n<meta name=\"robots\" content=\"index, follow, max-snippet:-1, max-image-preview:large, max-video-preview:-1\" \/>\n<link rel=\"canonical\" href=\"https:\/\/www.hoogstra-autosport.nl\/fr\/produit\/kirkey-lightweight-15-inch\/\" \/>\n<meta property=\"og:locale\" content=\"fr_FR\" \/>\n<meta property=\"og:type\" content=\"article\" \/>\n<meta property=\"og:title\" content=\"Kirkey Lightweight 15 inch - Hoogstra Autosport\" \/>\n<meta property=\"og:description\" content=\"Kirkey stoel type sprint Light weight 10 graden layback 14 inch 15 inch 16 inch 17 inch De maat van de stoel zie je in de afbeeldingen. Je kunt de kirkey aluminium race stoel uitrusten met verschillende hoezen , volledige hoes en een deelbare hoes in verschillende kleuren.\" \/>\n<meta property=\"og:url\" content=\"https:\/\/www.hoogstra-autosport.nl\/fr\/produit\/kirkey-lightweight-15-inch\/\" \/>\n<meta property=\"og:site_name\" content=\"Hoogstra Autosport\" \/>\n<meta property=\"article:modified_time\" content=\"2025-12-11T15:38:30+00:00\" \/>\n<meta property=\"og:image\" content=\"https:\/\/www.hoogstra-autosport.nl\/teamkoen\/wp-content\/uploads\/2018\/08\/Kirkey-lightweight-stoel-1.jpg\" \/>\n\t<meta property=\"og:image:width\" content=\"1000\" \/>\n\t<meta property=\"og:image:height\" content=\"1000\" \/>\n\t<meta property=\"og:image:type\" content=\"image\/jpeg\" \/>\n<meta name=\"twitter:card\" content=\"summary_large_image\" \/>\n<meta name=\"twitter:label1\" content=\"Dur\u00e9e de lecture estim\u00e9e\" \/>\n\t<meta name=\"twitter:data1\" content=\"1 minute\" \/>\n<script type=\"application\/ld+json\" class=\"yoast-schema-graph\">{\"@context\":\"https:\/\/schema.org\",\"@graph\":[{\"@type\":\"WebPage\",\"@id\":\"https:\/\/www.hoogstra-autosport.nl\/product\/kirkey-lightweight-15-inch\/\",\"url\":\"https:\/\/www.hoogstra-autosport.nl\/product\/kirkey-lightweight-15-inch\/\",\"name\":\"Kirkey Lightweight 15 inch - Hoogstra Autosport\",\"isPartOf\":{\"@id\":\"https:\/\/www.hoogstra-autosport.nl\/#website\"},\"primaryImageOfPage\":{\"@id\":\"https:\/\/www.hoogstra-autosport.nl\/product\/kirkey-lightweight-15-inch\/#primaryimage\"},\"image\":{\"@id\":\"https:\/\/www.hoogstra-autosport.nl\/product\/kirkey-lightweight-15-inch\/#primaryimage\"},\"thumbnailUrl\":\"https:\/\/www.hoogstra-autosport.nl\/teamkoen\/wp-content\/uploads\/2018\/08\/Kirkey-lightweight-stoel-1.jpg\",\"datePublished\":\"2018-08-31T15:16:46+00:00\",\"dateModified\":\"2025-12-11T15:38:30+00:00\",\"breadcrumb\":{\"@id\":\"https:\/\/www.hoogstra-autosport.nl\/product\/kirkey-lightweight-15-inch\/#breadcrumb\"},\"inLanguage\":\"fr-FR\",\"potentialAction\":[{\"@type\":\"ReadAction\",\"target\":[\"https:\/\/www.hoogstra-autosport.nl\/product\/kirkey-lightweight-15-inch\/\"]}]},{\"@type\":\"ImageObject\",\"inLanguage\":\"fr-FR\",\"@id\":\"https:\/\/www.hoogstra-autosport.nl\/product\/kirkey-lightweight-15-inch\/#primaryimage\",\"url\":\"https:\/\/www.hoogstra-autosport.nl\/teamkoen\/wp-content\/uploads\/2018\/08\/Kirkey-lightweight-stoel-1.jpg\",\"contentUrl\":\"https:\/\/www.hoogstra-autosport.nl\/teamkoen\/wp-content\/uploads\/2018\/08\/Kirkey-lightweight-stoel-1.jpg\",\"width\":1000,\"height\":1000},{\"@type\":\"BreadcrumbList\",\"@id\":\"https:\/\/www.hoogstra-autosport.nl\/product\/kirkey-lightweight-15-inch\/#breadcrumb\",\"itemListElement\":[{\"@type\":\"ListItem\",\"position\":1,\"name\":\"Home\",\"item\":\"https:\/\/www.hoogstra-autosport.nl\/\"},{\"@type\":\"ListItem\",\"position\":2,\"name\":\"Interieur\",\"item\":\"https:\/\/www.hoogstra-autosport.nl\/product-categorie\/remmen-brandstof-tanken\/\"},{\"@type\":\"ListItem\",\"position\":3,\"name\":\"Stoelen\",\"item\":\"https:\/\/www.hoogstra-autosport.nl\/product-categorie\/remmen-brandstof-tanken\/stoelen\/\"},{\"@type\":\"ListItem\",\"position\":4,\"name\":\"Kirkey Stoelen\",\"item\":\"https:\/\/www.hoogstra-autosport.nl\/product-categorie\/remmen-brandstof-tanken\/stoelen\/kirkey-stoelen\/\"},{\"@type\":\"ListItem\",\"position\":5,\"name\":\"Kirkey Lightweight Stoelen\",\"item\":\"https:\/\/www.hoogstra-autosport.nl\/product-categorie\/remmen-brandstof-tanken\/stoelen\/kirkey-stoelen\/kirkey-lightweight-stoelen\/\"},{\"@type\":\"ListItem\",\"position\":6,\"name\":\"Kirkey Lightweight 15 inch\"}]},{\"@type\":\"WebSite\",\"@id\":\"https:\/\/www.hoogstra-autosport.nl\/#website\",\"url\":\"https:\/\/www.hoogstra-autosport.nl\/\",\"name\":\"Hoogstra Autosport\",\"description\":\"Performance Autosport Parts!\",\"potentialAction\":[{\"@type\":\"SearchAction\",\"target\":{\"@type\":\"EntryPoint\",\"urlTemplate\":\"https:\/\/www.hoogstra-autosport.nl\/?s={search_term_string}\"},\"query-input\":{\"@type\":\"PropertyValueSpecification\",\"valueRequired\":true,\"valueName\":\"search_term_string\"}}],\"inLanguage\":\"fr-FR\"}]}<\/script>\n<!-- \/ Yoast SEO plugin. -->","yoast_head_json":{"title":"Kirkey Lightweight 15 inch - Hoogstra Autosport","robots":{"index":"index","follow":"follow","max-snippet":"max-snippet:-1","max-image-preview":"max-image-preview:large","max-video-preview":"max-video-preview:-1"},"canonical":"https:\/\/www.hoogstra-autosport.nl\/fr\/produit\/kirkey-lightweight-15-inch\/","og_locale":"fr_FR","og_type":"article","og_title":"Kirkey Lightweight 15 inch - Hoogstra Autosport","og_description":"Kirkey stoel type sprint Light weight 10 graden layback 14 inch 15 inch 16 inch 17 inch De maat van de stoel zie je in de afbeeldingen. Je kunt de kirkey aluminium race stoel uitrusten met verschillende hoezen , volledige hoes en een deelbare hoes in verschillende kleuren.","og_url":"https:\/\/www.hoogstra-autosport.nl\/fr\/produit\/kirkey-lightweight-15-inch\/","og_site_name":"Hoogstra Autosport","article_modified_time":"2025-12-11T15:38:30+00:00","og_image":[{"width":1000,"height":1000,"url":"https:\/\/www.hoogstra-autosport.nl\/teamkoen\/wp-content\/uploads\/2018\/08\/Kirkey-lightweight-stoel-1.jpg","type":"image\/jpeg"}],"twitter_card":"summary_large_image","twitter_misc":{"Dur\u00e9e de lecture estim\u00e9e":"1 minute"},"schema":{"@context":"https:\/\/schema.org","@graph":[{"@type":"WebPage","@id":"https:\/\/www.hoogstra-autosport.nl\/product\/kirkey-lightweight-15-inch\/","url":"https:\/\/www.hoogstra-autosport.nl\/product\/kirkey-lightweight-15-inch\/","name":"Kirkey Lightweight 15 inch - Hoogstra Autosport","isPartOf":{"@id":"https:\/\/www.hoogstra-autosport.nl\/#website"},"primaryImageOfPage":{"@id":"https:\/\/www.hoogstra-autosport.nl\/product\/kirkey-lightweight-15-inch\/#primaryimage"},"image":{"@id":"https:\/\/www.hoogstra-autosport.nl\/product\/kirkey-lightweight-15-inch\/#primaryimage"},"thumbnailUrl":"https:\/\/www.hoogstra-autosport.nl\/teamkoen\/wp-content\/uploads\/2018\/08\/Kirkey-lightweight-stoel-1.jpg","datePublished":"2018-08-31T15:16:46+00:00","dateModified":"2025-12-11T15:38:30+00:00","breadcrumb":{"@id":"https:\/\/www.hoogstra-autosport.nl\/product\/kirkey-lightweight-15-inch\/#breadcrumb"},"inLanguage":"fr-FR","potentialAction":[{"@type":"ReadAction","target":["https:\/\/www.hoogstra-autosport.nl\/product\/kirkey-lightweight-15-inch\/"]}]},{"@type":"ImageObject","inLanguage":"fr-FR","@id":"https:\/\/www.hoogstra-autosport.nl\/product\/kirkey-lightweight-15-inch\/#primaryimage","url":"https:\/\/www.hoogstra-autosport.nl\/teamkoen\/wp-content\/uploads\/2018\/08\/Kirkey-lightweight-stoel-1.jpg","contentUrl":"https:\/\/www.hoogstra-autosport.nl\/teamkoen\/wp-content\/uploads\/2018\/08\/Kirkey-lightweight-stoel-1.jpg","width":1000,"height":1000},{"@type":"BreadcrumbList","@id":"https:\/\/www.hoogstra-autosport.nl\/product\/kirkey-lightweight-15-inch\/#breadcrumb","itemListElement":[{"@type":"ListItem","position":1,"name":"Home","item":"https:\/\/www.hoogstra-autosport.nl\/"},{"@type":"ListItem","position":2,"name":"Interieur","item":"https:\/\/www.hoogstra-autosport.nl\/product-categorie\/remmen-brandstof-tanken\/"},{"@type":"ListItem","position":3,"name":"Stoelen","item":"https:\/\/www.hoogstra-autosport.nl\/product-categorie\/remmen-brandstof-tanken\/stoelen\/"},{"@type":"ListItem","position":4,"name":"Kirkey Stoelen","item":"https:\/\/www.hoogstra-autosport.nl\/product-categorie\/remmen-brandstof-tanken\/stoelen\/kirkey-stoelen\/"},{"@type":"ListItem","position":5,"name":"Kirkey Lightweight Stoelen","item":"https:\/\/www.hoogstra-autosport.nl\/product-categorie\/remmen-brandstof-tanken\/stoelen\/kirkey-stoelen\/kirkey-lightweight-stoelen\/"},{"@type":"ListItem","position":6,"name":"Kirkey Lightweight 15 inch"}]},{"@type":"WebSite","@id":"https:\/\/www.hoogstra-autosport.nl\/#website","url":"https:\/\/www.hoogstra-autosport.nl\/","name":"Hoogstra Autosport","description":"Performance Autosport Parts!","potentialAction":[{"@type":"SearchAction","target":{"@type":"EntryPoint","urlTemplate":"https:\/\/www.hoogstra-autosport.nl\/?s={search_term_string}"},"query-input":{"@type":"PropertyValueSpecification","valueRequired":true,"valueName":"search_term_string"}}],"inLanguage":"fr-FR"}]}},"tiered_pricing_type":"fixed","tiered_pricing_fixed_rules":[],"tiered_pricing_product_settings":{"layout":"default","base_unit_name":{"singular":null,"plural":null},"default_variation":null},"tiered_pricing_minimum_quantity":null,"tiered_pricing_roles_data":[],"tiered_pricing_percentage_rules":[],"tiered_pricing_maximum_quantity":null,"tiered_pricing_quantity_step":null,"_links":{"self":[{"href":"https:\/\/www.hoogstra-autosport.nl\/fr\/wp-json\/wp\/v2\/product\/12970","targetHints":{"allow":["GET"]}}],"collection":[{"href":"https:\/\/www.hoogstra-autosport.nl\/fr\/wp-json\/wp\/v2\/product"}],"about":[{"href":"https:\/\/www.hoogstra-autosport.nl\/fr\/wp-json\/wp\/v2\/types\/product"}],"wp:featuredmedia":[{"embeddable":true,"href":"https:\/\/www.hoogstra-autosport.nl\/fr\/wp-json\/wp\/v2\/media\/95097"}],"wp:attachment":[{"href":"https:\/\/www.hoogstra-autosport.nl\/fr\/wp-json\/wp\/v2\/media?parent=12970"}],"wp:term":[{"taxonomy":"product_brand","embeddable":true,"href":"https:\/\/www.hoogstra-autosport.nl\/fr\/wp-json\/wp\/v2\/product_brand?post=12970"},{"taxonomy":"product_cat","embeddable":true,"href":"https:\/\/www.hoogstra-autosport.nl\/fr\/wp-json\/wp\/v2\/product_cat?post=12970"},{"taxonomy":"product_tag","embeddable":true,"href":"https:\/\/www.hoogstra-autosport.nl\/fr\/wp-json\/wp\/v2\/product_tag?post=12970"}],"curies":[{"name":"wp","href":"https:\/\/api.w.org\/{rel}","templated":true}]}}