{"id":12905,"date":"2018-07-31T11:56:09","date_gmt":"2018-07-31T11:56:09","guid":{"rendered":"http:\/\/hoogstra-autosport.nl\/?product=rem-koppelingscilinder-obp"},"modified":"2026-04-07T20:57:41","modified_gmt":"2026-04-07T18:57:41","slug":"rem-koppelingscilinder-obp","status":"publish","type":"product","link":"https:\/\/www.hoogstra-autosport.nl\/fr\/produit\/rem-koppelingscilinder-obp\/","title":{"rendered":"Cylindre d'embrayage de frein OBP"},"content":{"rendered":"<p>Ma\u00eetre-cylindre OBP ou cylindre d'embrayage hydraulique sans pot<\/p>\n<p>Disponible en plusieurs mod\u00e8les.<\/p>\n<p>0\/5 est 0,500 avec une broche de 12,8 mm<\/p>\n<p>5\/8 est 0,625 avec un axe de 15,8 mm<\/p>\n<p>0,7 est 0,7 avec un axe de 1,8 mm<\/p>\n<p>3\/4 est 0,75 avec un axe de 19,02 mm<\/p>\n<p>0\/78 est 0,875 avec un axe de 22,2 mm<\/p>\n<p>&nbsp;<\/p>\n<p>M\u00eame connexion cependant<\/p>\n<p>Entr\u00e9e filetage 7\/16 UNF ( Dash4 )<\/p>\n<p>Sortie 3\/8\u00d724 UNF ( Dash 3 )<\/p>\n<p>sous les options, s\u00e9lectionnez ce dont vous avez besoin<\/p>\n<p>Le pot est disponible s\u00e9par\u00e9ment. ( est facile si vous voulez que le pot soit plac\u00e9 \u00e0 un autre endroit)<\/p>","protected":false},"excerpt":{"rendered":"<p>OBP\u00a0hoofdremcilinder of hydraulische koppelingscilinder\u00a0 zonder potje Verkrijgbaar in diverse uitvoeringen. 0\/5 is 0,500 met 12,8 mm pen 5\/8 is 0,625 met 15.8 mm pen 0,7 is 0,7 met 1.8 mm pen 3\/4 is 0,75 met 19.02 mm pen 0\/78 is 0,875 met 22,2 mm pen &nbsp; Wel zelfde aansluiting Ingang 7\/16 UNF draad ( Dash4 [&hellip;]<\/p>\n","protected":false},"featured_media":94847,"template":"","meta":{"_acf_changed":false},"product_brand":[],"product_cat":[2607],"product_tag":[],"class_list":{"0":"post-12905","1":"product","2":"type-product","3":"status-publish","4":"has-post-thumbnail","6":"product_cat-rempompen-hoofdremcilinders","7":"product_shipping_class-4016","9":"first","10":"instock","11":"taxable","12":"shipping-taxable","13":"purchasable","14":"product-type-variable"},"acf":[],"yoast_head":"<!-- This site is optimized with the Yoast SEO plugin v27.1.1 - https:\/\/yoast.com\/product\/yoast-seo-wordpress\/ -->\n<title>Rem-Koppelingscilinder OBP - Hoogstra Autosport<\/title>\n<meta name=\"description\" content=\"Remmen\" \/>\n<meta name=\"robots\" content=\"index, follow, max-snippet:-1, max-image-preview:large, max-video-preview:-1\" \/>\n<link rel=\"canonical\" href=\"https:\/\/www.hoogstra-autosport.nl\/fr\/produit\/rem-koppelingscilinder-obp\/\" \/>\n<meta property=\"og:locale\" content=\"fr_FR\" \/>\n<meta property=\"og:type\" content=\"article\" \/>\n<meta property=\"og:title\" content=\"Rem-Koppelingscilinder OBP - Hoogstra Autosport\" \/>\n<meta property=\"og:description\" content=\"Remmen\" \/>\n<meta property=\"og:url\" content=\"https:\/\/www.hoogstra-autosport.nl\/fr\/produit\/rem-koppelingscilinder-obp\/\" \/>\n<meta property=\"og:site_name\" content=\"Hoogstra Autosport\" \/>\n<meta property=\"article:modified_time\" content=\"2026-04-07T18:57:41+00:00\" \/>\n<meta property=\"og:image\" content=\"https:\/\/www.hoogstra-autosport.nl\/teamkoen\/wp-content\/uploads\/2018\/07\/Untitled-Project-2025-12-09T165756.385.jpg\" \/>\n\t<meta property=\"og:image:width\" content=\"1080\" \/>\n\t<meta property=\"og:image:height\" content=\"1080\" \/>\n\t<meta property=\"og:image:type\" content=\"image\/jpeg\" \/>\n<meta name=\"twitter:card\" content=\"summary_large_image\" \/>\n<meta name=\"twitter:label1\" content=\"Dur\u00e9e de lecture estim\u00e9e\" \/>\n\t<meta name=\"twitter:data1\" content=\"1 minute\" \/>\n<script type=\"application\/ld+json\" class=\"yoast-schema-graph\">{\"@context\":\"https:\/\/schema.org\",\"@graph\":[{\"@type\":\"WebPage\",\"@id\":\"https:\/\/www.hoogstra-autosport.nl\/product\/rem-koppelingscilinder-obp\/\",\"url\":\"https:\/\/www.hoogstra-autosport.nl\/product\/rem-koppelingscilinder-obp\/\",\"name\":\"Rem-Koppelingscilinder OBP - Hoogstra Autosport\",\"isPartOf\":{\"@id\":\"https:\/\/www.hoogstra-autosport.nl\/#website\"},\"primaryImageOfPage\":{\"@id\":\"https:\/\/www.hoogstra-autosport.nl\/product\/rem-koppelingscilinder-obp\/#primaryimage\"},\"image\":{\"@id\":\"https:\/\/www.hoogstra-autosport.nl\/product\/rem-koppelingscilinder-obp\/#primaryimage\"},\"thumbnailUrl\":\"https:\/\/www.hoogstra-autosport.nl\/teamkoen\/wp-content\/uploads\/2018\/07\/Untitled-Project-2025-12-09T165756.385.jpg\",\"datePublished\":\"2018-07-31T11:56:09+00:00\",\"dateModified\":\"2026-04-07T18:57:41+00:00\",\"description\":\"Remmen\",\"breadcrumb\":{\"@id\":\"https:\/\/www.hoogstra-autosport.nl\/product\/rem-koppelingscilinder-obp\/#breadcrumb\"},\"inLanguage\":\"fr-FR\",\"potentialAction\":[{\"@type\":\"ReadAction\",\"target\":[\"https:\/\/www.hoogstra-autosport.nl\/product\/rem-koppelingscilinder-obp\/\"]}]},{\"@type\":\"ImageObject\",\"inLanguage\":\"fr-FR\",\"@id\":\"https:\/\/www.hoogstra-autosport.nl\/product\/rem-koppelingscilinder-obp\/#primaryimage\",\"url\":\"https:\/\/www.hoogstra-autosport.nl\/teamkoen\/wp-content\/uploads\/2018\/07\/Untitled-Project-2025-12-09T165756.385.jpg\",\"contentUrl\":\"https:\/\/www.hoogstra-autosport.nl\/teamkoen\/wp-content\/uploads\/2018\/07\/Untitled-Project-2025-12-09T165756.385.jpg\",\"width\":1080,\"height\":1080},{\"@type\":\"BreadcrumbList\",\"@id\":\"https:\/\/www.hoogstra-autosport.nl\/product\/rem-koppelingscilinder-obp\/#breadcrumb\",\"itemListElement\":[{\"@type\":\"ListItem\",\"position\":1,\"name\":\"Home\",\"item\":\"https:\/\/www.hoogstra-autosport.nl\/\"},{\"@type\":\"ListItem\",\"position\":2,\"name\":\"Remmen\",\"item\":\"https:\/\/www.hoogstra-autosport.nl\/product-categorie\/remmen-2\/\"},{\"@type\":\"ListItem\",\"position\":3,\"name\":\"Rempompen Hoofdremcilinders\",\"item\":\"https:\/\/www.hoogstra-autosport.nl\/product-categorie\/remmen-2\/rempompen-hoofdremcilinders\/\"},{\"@type\":\"ListItem\",\"position\":4,\"name\":\"Rem-Koppelingscilinder OBP\"}]},{\"@type\":\"WebSite\",\"@id\":\"https:\/\/www.hoogstra-autosport.nl\/#website\",\"url\":\"https:\/\/www.hoogstra-autosport.nl\/\",\"name\":\"Hoogstra Autosport\",\"description\":\"Performance Autosport Parts!\",\"potentialAction\":[{\"@type\":\"SearchAction\",\"target\":{\"@type\":\"EntryPoint\",\"urlTemplate\":\"https:\/\/www.hoogstra-autosport.nl\/?s={search_term_string}\"},\"query-input\":{\"@type\":\"PropertyValueSpecification\",\"valueRequired\":true,\"valueName\":\"search_term_string\"}}],\"inLanguage\":\"fr-FR\"}]}<\/script>\n<!-- \/ Yoast SEO plugin. -->","yoast_head_json":{"title":"Rem-Koppelingscilinder OBP - Hoogstra Autosport","description":"Freins","robots":{"index":"index","follow":"follow","max-snippet":"max-snippet:-1","max-image-preview":"max-image-preview:large","max-video-preview":"max-video-preview:-1"},"canonical":"https:\/\/www.hoogstra-autosport.nl\/fr\/produit\/rem-koppelingscilinder-obp\/","og_locale":"fr_FR","og_type":"article","og_title":"Rem-Koppelingscilinder OBP - Hoogstra Autosport","og_description":"Remmen","og_url":"https:\/\/www.hoogstra-autosport.nl\/fr\/produit\/rem-koppelingscilinder-obp\/","og_site_name":"Hoogstra Autosport","article_modified_time":"2026-04-07T18:57:41+00:00","og_image":[{"width":1080,"height":1080,"url":"https:\/\/www.hoogstra-autosport.nl\/teamkoen\/wp-content\/uploads\/2018\/07\/Untitled-Project-2025-12-09T165756.385.jpg","type":"image\/jpeg"}],"twitter_card":"summary_large_image","twitter_misc":{"Dur\u00e9e de lecture estim\u00e9e":"1 minute"},"schema":{"@context":"https:\/\/schema.org","@graph":[{"@type":"WebPage","@id":"https:\/\/www.hoogstra-autosport.nl\/product\/rem-koppelingscilinder-obp\/","url":"https:\/\/www.hoogstra-autosport.nl\/product\/rem-koppelingscilinder-obp\/","name":"Rem-Koppelingscilinder OBP - Hoogstra Autosport","isPartOf":{"@id":"https:\/\/www.hoogstra-autosport.nl\/#website"},"primaryImageOfPage":{"@id":"https:\/\/www.hoogstra-autosport.nl\/product\/rem-koppelingscilinder-obp\/#primaryimage"},"image":{"@id":"https:\/\/www.hoogstra-autosport.nl\/product\/rem-koppelingscilinder-obp\/#primaryimage"},"thumbnailUrl":"https:\/\/www.hoogstra-autosport.nl\/teamkoen\/wp-content\/uploads\/2018\/07\/Untitled-Project-2025-12-09T165756.385.jpg","datePublished":"2018-07-31T11:56:09+00:00","dateModified":"2026-04-07T18:57:41+00:00","description":"Freins","breadcrumb":{"@id":"https:\/\/www.hoogstra-autosport.nl\/product\/rem-koppelingscilinder-obp\/#breadcrumb"},"inLanguage":"fr-FR","potentialAction":[{"@type":"ReadAction","target":["https:\/\/www.hoogstra-autosport.nl\/product\/rem-koppelingscilinder-obp\/"]}]},{"@type":"ImageObject","inLanguage":"fr-FR","@id":"https:\/\/www.hoogstra-autosport.nl\/product\/rem-koppelingscilinder-obp\/#primaryimage","url":"https:\/\/www.hoogstra-autosport.nl\/teamkoen\/wp-content\/uploads\/2018\/07\/Untitled-Project-2025-12-09T165756.385.jpg","contentUrl":"https:\/\/www.hoogstra-autosport.nl\/teamkoen\/wp-content\/uploads\/2018\/07\/Untitled-Project-2025-12-09T165756.385.jpg","width":1080,"height":1080},{"@type":"BreadcrumbList","@id":"https:\/\/www.hoogstra-autosport.nl\/product\/rem-koppelingscilinder-obp\/#breadcrumb","itemListElement":[{"@type":"ListItem","position":1,"name":"Home","item":"https:\/\/www.hoogstra-autosport.nl\/"},{"@type":"ListItem","position":2,"name":"Remmen","item":"https:\/\/www.hoogstra-autosport.nl\/product-categorie\/remmen-2\/"},{"@type":"ListItem","position":3,"name":"Rempompen Hoofdremcilinders","item":"https:\/\/www.hoogstra-autosport.nl\/product-categorie\/remmen-2\/rempompen-hoofdremcilinders\/"},{"@type":"ListItem","position":4,"name":"Rem-Koppelingscilinder OBP"}]},{"@type":"WebSite","@id":"https:\/\/www.hoogstra-autosport.nl\/#website","url":"https:\/\/www.hoogstra-autosport.nl\/","name":"Hoogstra Autosport","description":"Performance Autosport Parts!","potentialAction":[{"@type":"SearchAction","target":{"@type":"EntryPoint","urlTemplate":"https:\/\/www.hoogstra-autosport.nl\/?s={search_term_string}"},"query-input":{"@type":"PropertyValueSpecification","valueRequired":true,"valueName":"search_term_string"}}],"inLanguage":"fr-FR"}]}},"tiered_pricing_type":"fixed","tiered_pricing_fixed_rules":[],"tiered_pricing_product_settings":{"layout":"default","base_unit_name":{"singular":null,"plural":null},"default_variation":null},"tiered_pricing_minimum_quantity":null,"tiered_pricing_roles_data":[],"tiered_pricing_percentage_rules":[],"tiered_pricing_maximum_quantity":null,"tiered_pricing_quantity_step":null,"_links":{"self":[{"href":"https:\/\/www.hoogstra-autosport.nl\/fr\/wp-json\/wp\/v2\/product\/12905","targetHints":{"allow":["GET"]}}],"collection":[{"href":"https:\/\/www.hoogstra-autosport.nl\/fr\/wp-json\/wp\/v2\/product"}],"about":[{"href":"https:\/\/www.hoogstra-autosport.nl\/fr\/wp-json\/wp\/v2\/types\/product"}],"wp:featuredmedia":[{"embeddable":true,"href":"https:\/\/www.hoogstra-autosport.nl\/fr\/wp-json\/wp\/v2\/media\/94847"}],"wp:attachment":[{"href":"https:\/\/www.hoogstra-autosport.nl\/fr\/wp-json\/wp\/v2\/media?parent=12905"}],"wp:term":[{"taxonomy":"product_brand","embeddable":true,"href":"https:\/\/www.hoogstra-autosport.nl\/fr\/wp-json\/wp\/v2\/product_brand?post=12905"},{"taxonomy":"product_cat","embeddable":true,"href":"https:\/\/www.hoogstra-autosport.nl\/fr\/wp-json\/wp\/v2\/product_cat?post=12905"},{"taxonomy":"product_tag","embeddable":true,"href":"https:\/\/www.hoogstra-autosport.nl\/fr\/wp-json\/wp\/v2\/product_tag?post=12905"}],"curies":[{"name":"wp","href":"https:\/\/api.w.org\/{rel}","templated":true}]}}