{"id":12321,"date":"2018-02-16T08:59:03","date_gmt":"2018-02-16T07:59:03","guid":{"rendered":"http:\/\/hoogstra-autosport.nl\/?product=stoelsteunen-kirkey"},"modified":"2025-06-11T16:51:31","modified_gmt":"2025-06-11T14:51:31","slug":"stoelsteunen-kirkey","status":"publish","type":"product","link":"https:\/\/www.hoogstra-autosport.nl\/fr\/produit\/stoelsteunen-kirkey\/","title":{"rendered":"Supports de chaise Kirkey"},"content":{"rendered":"<ul>\n<li>Utilisation polyvalente : Con\u00e7u pour les si\u00e8ges de course de la s\u00e9rie 38 de Kirkey, mais convient \u00e9galement aux mod\u00e8les 09, 16, 36, 39, 41, 41V, 47, 55, 65, 70 et 71 - parfait pour l'autocross et l'utilisation sur circuit.<\/li>\n<li>L\u00e9ger et durable : Fabriqu\u00e9 en aluminium de haute qualit\u00e9 3\/16\u2033 (environ 4,8 mm) - seulement \u00b1 0,9 kg par paire (1,95 lb) - pour une r\u00e9sistance maximale sans gain de poids.<\/li>\n<li>Position d'assise r\u00e9glable : plusieurs mod\u00e8les de boulons pr\u00e9par\u00e9s offrent une flexibilit\u00e9 en termes de hauteur et d'angle d'assise afin que les utilisateurs puissent r\u00e9gler avec pr\u00e9cision l'angle et la hauteur de leur si\u00e8ge.<\/li>\n<li>Montage sur l'arceau de s\u00e9curit\u00e9 ou le ch\u00e2ssis : se fixe le long du c\u00f4t\u00e9 du car\u00e9nage sur un arceau de s\u00e9curit\u00e9 solide ou sur le cadre du ch\u00e2ssis ; remarque : ne pas fixer sur de la t\u00f4le.<\/li>\n<li>Montage facile : syst\u00e8me pr\u00eat \u00e0 \u00eatre viss\u00e9 - quelques ajustements sont n\u00e9cessaires pour la fixation finale dans votre v\u00e9hicule.<\/li>\n<\/ul>\n<p>&nbsp;<\/p>\n<p>&nbsp;<\/p>\n<p>En bref, le Kirkey 99214 est une solution robuste, l\u00e9g\u00e8re et polyvalente pour le montage s\u00fbr et flexible des car\u00e9nages de course Kirkey. Id\u00e9al pour l'autocross, la piste et d'autres applications de sport automobile o\u00f9 la s\u00e9curit\u00e9 et l'efficacit\u00e9 du poids sont essentielles.<\/p>","protected":false},"excerpt":{"rendered":"<p>Veelzijdig inzetbaar: Ontworpen voor Kirkey 38\u2011serie racezitjes, maar past ook op modellen 09, 16, 36, 39, 41, 41V, 47, 55, 65, 70 en 71 \u2013 perfect voor autocross- en circuitgebruik . Ultiem lichtgewicht en duurzaam: Gemaakt van 3\/16\u2033 (ongeveer 4,8\u202fmm) hoogwaardig aluminium \u2013 slechts \u00b1\u202f0,9\u202fkg per paar (1,95\u202flb) \u2013 voor maximale stevigheid zonder gewichtstoename . [&hellip;]<\/p>\n","protected":false},"featured_media":86286,"template":"","meta":{"_acf_changed":false},"product_brand":[],"product_cat":[2815,3987],"product_tag":[],"class_list":{"0":"post-12321","1":"product","2":"type-product","3":"status-publish","4":"has-post-thumbnail","6":"product_cat-kirkey-parts","7":"product_cat-stoel-onderdelen-bevestiging","8":"product_shipping_class-4017","10":"first","11":"instock","12":"taxable","13":"shipping-taxable","14":"purchasable","15":"product-type-simple"},"acf":[],"yoast_head":"<!-- This site is optimized with the Yoast SEO plugin v27.1.1 - https:\/\/yoast.com\/product\/yoast-seo-wordpress\/ -->\n<title>Stoelsteunen Kirkey - Hoogstra Autosport<\/title>\n<meta name=\"robots\" content=\"index, follow, max-snippet:-1, max-image-preview:large, max-video-preview:-1\" \/>\n<link rel=\"canonical\" href=\"https:\/\/www.hoogstra-autosport.nl\/fr\/produit\/stoelsteunen-kirkey\/\" \/>\n<meta property=\"og:locale\" content=\"fr_FR\" \/>\n<meta property=\"og:type\" content=\"article\" \/>\n<meta property=\"og:title\" content=\"Stoelsteunen Kirkey - Hoogstra Autosport\" \/>\n<meta property=\"og:description\" content=\"Veelzijdig inzetbaar: Ontworpen voor Kirkey 38\u2011serie racezitjes, maar past ook op modellen 09, 16, 36, 39, 41, 41V, 47, 55, 65, 70 en 71 \u2013 perfect voor autocross- en circuitgebruik . Ultiem lichtgewicht en duurzaam: Gemaakt van 3\/16\u2033 (ongeveer 4,8\u202fmm) hoogwaardig aluminium \u2013 slechts \u00b1\u202f0,9\u202fkg per paar (1,95\u202flb) \u2013 voor maximale stevigheid zonder gewichtstoename . [&hellip;]\" \/>\n<meta property=\"og:url\" content=\"https:\/\/www.hoogstra-autosport.nl\/fr\/produit\/stoelsteunen-kirkey\/\" \/>\n<meta property=\"og:site_name\" content=\"Hoogstra Autosport\" \/>\n<meta property=\"article:modified_time\" content=\"2025-06-11T14:51:31+00:00\" \/>\n<meta property=\"og:image\" content=\"https:\/\/hoogstra-autosport.nl\/teamkoen\/content\/uploads\/2018\/02\/processed-3535544D-A777-4299-A64B-362F1D138D91.jpeg\" \/>\n\t<meta property=\"og:image:width\" content=\"1870\" \/>\n\t<meta property=\"og:image:height\" content=\"1870\" \/>\n\t<meta property=\"og:image:type\" content=\"image\/jpeg\" \/>\n<meta name=\"twitter:card\" content=\"summary_large_image\" \/>\n<meta name=\"twitter:label1\" content=\"Dur\u00e9e de lecture estim\u00e9e\" \/>\n\t<meta name=\"twitter:data1\" content=\"1 minute\" \/>\n<script type=\"application\/ld+json\" class=\"yoast-schema-graph\">{\"@context\":\"https:\/\/schema.org\",\"@graph\":[{\"@type\":\"WebPage\",\"@id\":\"https:\/\/www.hoogstra-autosport.nl\/product\/stoelsteunen-kirkey\/\",\"url\":\"https:\/\/www.hoogstra-autosport.nl\/product\/stoelsteunen-kirkey\/\",\"name\":\"Stoelsteunen Kirkey - Hoogstra Autosport\",\"isPartOf\":{\"@id\":\"https:\/\/www.hoogstra-autosport.nl\/#website\"},\"primaryImageOfPage\":{\"@id\":\"https:\/\/www.hoogstra-autosport.nl\/product\/stoelsteunen-kirkey\/#primaryimage\"},\"image\":{\"@id\":\"https:\/\/www.hoogstra-autosport.nl\/product\/stoelsteunen-kirkey\/#primaryimage\"},\"thumbnailUrl\":\"https:\/\/www.hoogstra-autosport.nl\/teamkoen\/wp-content\/uploads\/2018\/02\/processed-3535544D-A777-4299-A64B-362F1D138D91.jpeg\",\"datePublished\":\"2018-02-16T07:59:03+00:00\",\"dateModified\":\"2025-06-11T14:51:31+00:00\",\"breadcrumb\":{\"@id\":\"https:\/\/www.hoogstra-autosport.nl\/product\/stoelsteunen-kirkey\/#breadcrumb\"},\"inLanguage\":\"fr-FR\",\"potentialAction\":[{\"@type\":\"ReadAction\",\"target\":[\"https:\/\/www.hoogstra-autosport.nl\/product\/stoelsteunen-kirkey\/\"]}]},{\"@type\":\"ImageObject\",\"inLanguage\":\"fr-FR\",\"@id\":\"https:\/\/www.hoogstra-autosport.nl\/product\/stoelsteunen-kirkey\/#primaryimage\",\"url\":\"https:\/\/www.hoogstra-autosport.nl\/teamkoen\/wp-content\/uploads\/2018\/02\/processed-3535544D-A777-4299-A64B-362F1D138D91.jpeg\",\"contentUrl\":\"https:\/\/www.hoogstra-autosport.nl\/teamkoen\/wp-content\/uploads\/2018\/02\/processed-3535544D-A777-4299-A64B-362F1D138D91.jpeg\",\"width\":1870,\"height\":1870},{\"@type\":\"BreadcrumbList\",\"@id\":\"https:\/\/www.hoogstra-autosport.nl\/product\/stoelsteunen-kirkey\/#breadcrumb\",\"itemListElement\":[{\"@type\":\"ListItem\",\"position\":1,\"name\":\"Home\",\"item\":\"https:\/\/www.hoogstra-autosport.nl\/\"},{\"@type\":\"ListItem\",\"position\":2,\"name\":\"Interieur\",\"item\":\"https:\/\/www.hoogstra-autosport.nl\/product-categorie\/remmen-brandstof-tanken\/\"},{\"@type\":\"ListItem\",\"position\":3,\"name\":\"Stoelen\",\"item\":\"https:\/\/www.hoogstra-autosport.nl\/product-categorie\/remmen-brandstof-tanken\/stoelen\/\"},{\"@type\":\"ListItem\",\"position\":4,\"name\":\"Kirkey Stoelen\",\"item\":\"https:\/\/www.hoogstra-autosport.nl\/product-categorie\/remmen-brandstof-tanken\/stoelen\/kirkey-stoelen\/\"},{\"@type\":\"ListItem\",\"position\":5,\"name\":\"Kirkey Parts\",\"item\":\"https:\/\/www.hoogstra-autosport.nl\/product-categorie\/remmen-brandstof-tanken\/stoelen\/kirkey-stoelen\/kirkey-parts\/\"},{\"@type\":\"ListItem\",\"position\":6,\"name\":\"Stoelsteunen Kirkey\"}]},{\"@type\":\"WebSite\",\"@id\":\"https:\/\/www.hoogstra-autosport.nl\/#website\",\"url\":\"https:\/\/www.hoogstra-autosport.nl\/\",\"name\":\"Hoogstra Autosport\",\"description\":\"Performance Autosport Parts!\",\"potentialAction\":[{\"@type\":\"SearchAction\",\"target\":{\"@type\":\"EntryPoint\",\"urlTemplate\":\"https:\/\/www.hoogstra-autosport.nl\/?s={search_term_string}\"},\"query-input\":{\"@type\":\"PropertyValueSpecification\",\"valueRequired\":true,\"valueName\":\"search_term_string\"}}],\"inLanguage\":\"fr-FR\"}]}<\/script>\n<!-- \/ Yoast SEO plugin. -->","yoast_head_json":{"title":"Stoelsteunen Kirkey - Hoogstra Autosport","robots":{"index":"index","follow":"follow","max-snippet":"max-snippet:-1","max-image-preview":"max-image-preview:large","max-video-preview":"max-video-preview:-1"},"canonical":"https:\/\/www.hoogstra-autosport.nl\/fr\/produit\/stoelsteunen-kirkey\/","og_locale":"fr_FR","og_type":"article","og_title":"Stoelsteunen Kirkey - Hoogstra Autosport","og_description":"Veelzijdig inzetbaar: Ontworpen voor Kirkey 38\u2011serie racezitjes, maar past ook op modellen 09, 16, 36, 39, 41, 41V, 47, 55, 65, 70 en 71 \u2013 perfect voor autocross- en circuitgebruik . Ultiem lichtgewicht en duurzaam: Gemaakt van 3\/16\u2033 (ongeveer 4,8\u202fmm) hoogwaardig aluminium \u2013 slechts \u00b1\u202f0,9\u202fkg per paar (1,95\u202flb) \u2013 voor maximale stevigheid zonder gewichtstoename . [&hellip;]","og_url":"https:\/\/www.hoogstra-autosport.nl\/fr\/produit\/stoelsteunen-kirkey\/","og_site_name":"Hoogstra Autosport","article_modified_time":"2025-06-11T14:51:31+00:00","og_image":[{"width":1870,"height":1870,"url":"https:\/\/hoogstra-autosport.nl\/teamkoen\/content\/uploads\/2018\/02\/processed-3535544D-A777-4299-A64B-362F1D138D91.jpeg","type":"image\/jpeg"}],"twitter_card":"summary_large_image","twitter_misc":{"Dur\u00e9e de lecture estim\u00e9e":"1 minute"},"schema":{"@context":"https:\/\/schema.org","@graph":[{"@type":"WebPage","@id":"https:\/\/www.hoogstra-autosport.nl\/product\/stoelsteunen-kirkey\/","url":"https:\/\/www.hoogstra-autosport.nl\/product\/stoelsteunen-kirkey\/","name":"Stoelsteunen Kirkey - Hoogstra Autosport","isPartOf":{"@id":"https:\/\/www.hoogstra-autosport.nl\/#website"},"primaryImageOfPage":{"@id":"https:\/\/www.hoogstra-autosport.nl\/product\/stoelsteunen-kirkey\/#primaryimage"},"image":{"@id":"https:\/\/www.hoogstra-autosport.nl\/product\/stoelsteunen-kirkey\/#primaryimage"},"thumbnailUrl":"https:\/\/www.hoogstra-autosport.nl\/teamkoen\/wp-content\/uploads\/2018\/02\/processed-3535544D-A777-4299-A64B-362F1D138D91.jpeg","datePublished":"2018-02-16T07:59:03+00:00","dateModified":"2025-06-11T14:51:31+00:00","breadcrumb":{"@id":"https:\/\/www.hoogstra-autosport.nl\/product\/stoelsteunen-kirkey\/#breadcrumb"},"inLanguage":"fr-FR","potentialAction":[{"@type":"ReadAction","target":["https:\/\/www.hoogstra-autosport.nl\/product\/stoelsteunen-kirkey\/"]}]},{"@type":"ImageObject","inLanguage":"fr-FR","@id":"https:\/\/www.hoogstra-autosport.nl\/product\/stoelsteunen-kirkey\/#primaryimage","url":"https:\/\/www.hoogstra-autosport.nl\/teamkoen\/wp-content\/uploads\/2018\/02\/processed-3535544D-A777-4299-A64B-362F1D138D91.jpeg","contentUrl":"https:\/\/www.hoogstra-autosport.nl\/teamkoen\/wp-content\/uploads\/2018\/02\/processed-3535544D-A777-4299-A64B-362F1D138D91.jpeg","width":1870,"height":1870},{"@type":"BreadcrumbList","@id":"https:\/\/www.hoogstra-autosport.nl\/product\/stoelsteunen-kirkey\/#breadcrumb","itemListElement":[{"@type":"ListItem","position":1,"name":"Home","item":"https:\/\/www.hoogstra-autosport.nl\/"},{"@type":"ListItem","position":2,"name":"Interieur","item":"https:\/\/www.hoogstra-autosport.nl\/product-categorie\/remmen-brandstof-tanken\/"},{"@type":"ListItem","position":3,"name":"Stoelen","item":"https:\/\/www.hoogstra-autosport.nl\/product-categorie\/remmen-brandstof-tanken\/stoelen\/"},{"@type":"ListItem","position":4,"name":"Kirkey Stoelen","item":"https:\/\/www.hoogstra-autosport.nl\/product-categorie\/remmen-brandstof-tanken\/stoelen\/kirkey-stoelen\/"},{"@type":"ListItem","position":5,"name":"Kirkey Parts","item":"https:\/\/www.hoogstra-autosport.nl\/product-categorie\/remmen-brandstof-tanken\/stoelen\/kirkey-stoelen\/kirkey-parts\/"},{"@type":"ListItem","position":6,"name":"Stoelsteunen Kirkey"}]},{"@type":"WebSite","@id":"https:\/\/www.hoogstra-autosport.nl\/#website","url":"https:\/\/www.hoogstra-autosport.nl\/","name":"Hoogstra Autosport","description":"Performance Autosport Parts!","potentialAction":[{"@type":"SearchAction","target":{"@type":"EntryPoint","urlTemplate":"https:\/\/www.hoogstra-autosport.nl\/?s={search_term_string}"},"query-input":{"@type":"PropertyValueSpecification","valueRequired":true,"valueName":"search_term_string"}}],"inLanguage":"fr-FR"}]}},"tiered_pricing_type":"fixed","tiered_pricing_fixed_rules":[],"tiered_pricing_product_settings":{"layout":"default","base_unit_name":{"singular":null,"plural":null},"default_variation":null},"tiered_pricing_minimum_quantity":null,"tiered_pricing_roles_data":[],"tiered_pricing_percentage_rules":[],"tiered_pricing_maximum_quantity":null,"tiered_pricing_quantity_step":null,"_links":{"self":[{"href":"https:\/\/www.hoogstra-autosport.nl\/fr\/wp-json\/wp\/v2\/product\/12321","targetHints":{"allow":["GET"]}}],"collection":[{"href":"https:\/\/www.hoogstra-autosport.nl\/fr\/wp-json\/wp\/v2\/product"}],"about":[{"href":"https:\/\/www.hoogstra-autosport.nl\/fr\/wp-json\/wp\/v2\/types\/product"}],"wp:featuredmedia":[{"embeddable":true,"href":"https:\/\/www.hoogstra-autosport.nl\/fr\/wp-json\/wp\/v2\/media\/86286"}],"wp:attachment":[{"href":"https:\/\/www.hoogstra-autosport.nl\/fr\/wp-json\/wp\/v2\/media?parent=12321"}],"wp:term":[{"taxonomy":"product_brand","embeddable":true,"href":"https:\/\/www.hoogstra-autosport.nl\/fr\/wp-json\/wp\/v2\/product_brand?post=12321"},{"taxonomy":"product_cat","embeddable":true,"href":"https:\/\/www.hoogstra-autosport.nl\/fr\/wp-json\/wp\/v2\/product_cat?post=12321"},{"taxonomy":"product_tag","embeddable":true,"href":"https:\/\/www.hoogstra-autosport.nl\/fr\/wp-json\/wp\/v2\/product_tag?post=12321"}],"curies":[{"name":"wp","href":"https:\/\/api.w.org\/{rel}","templated":true}]}}