{"id":11935,"date":"2017-12-06T14:24:32","date_gmt":"2017-12-06T13:24:32","guid":{"rendered":"http:\/\/hoogstra-autosport.nl\/?product=wilwood-2-zuiger-remklauw"},"modified":"2025-12-11T14:04:08","modified_gmt":"2025-12-11T13:04:08","slug":"wilwood-2-zuiger-remklauw","status":"publish","type":"product","link":"https:\/\/www.hoogstra-autosport.nl\/fr\/produit\/wilwood-2-zuiger-remklauw\/","title":{"rendered":"Wilwood \u00e9trier 2 pistons GP200"},"content":{"rendered":"<p>Wilwood GP200 Etrier aluminium 2 pistons<\/p>\n<p>Tr\u00e8s l\u00e9ger ! Peut \u00eatre utilis\u00e9 \u00e0 gauche ou \u00e0 droite<\/p>\n<p>Pistons de grande taille pour une pression de freinage maximale<\/p>\n<p>Id\u00e9al pour l'avant de la Coccinelle ou du Sprinter<\/p>","protected":false},"excerpt":{"rendered":"<p>Wilwood GP200\u00a0 2 zuiger Aluminium Remklauw Zeer licht ! Zijn zowel links als rechts te gebruiken Grote Zuigers voor maximale remdruk Ideaal voor Kever of Sprinter voorzijde<\/p>","protected":false},"featured_media":95013,"template":"","meta":{"_acf_changed":false},"product_brand":[],"product_cat":[2852],"product_tag":[],"class_list":{"0":"post-11935","1":"product","2":"type-product","3":"status-publish","4":"has-post-thumbnail","6":"product_cat-remklauwen-wilwood","7":"product_shipping_class-4016","9":"first","10":"instock","11":"taxable","12":"shipping-taxable","13":"purchasable","14":"product-type-simple"},"acf":[],"yoast_head":"<!-- This site is optimized with the Yoast SEO plugin v27.1.1 - https:\/\/yoast.com\/product\/yoast-seo-wordpress\/ -->\n<title>Wilwood 2 Zuiger Remklauw GP200 - Hoogstra Autosport<\/title>\n<meta name=\"robots\" content=\"index, follow, max-snippet:-1, max-image-preview:large, max-video-preview:-1\" \/>\n<link rel=\"canonical\" href=\"https:\/\/www.hoogstra-autosport.nl\/fr\/produit\/wilwood-2-zuiger-remklauw\/\" \/>\n<meta property=\"og:locale\" content=\"fr_FR\" \/>\n<meta property=\"og:type\" content=\"article\" \/>\n<meta property=\"og:title\" content=\"Wilwood 2 Zuiger Remklauw GP200 - Hoogstra Autosport\" \/>\n<meta property=\"og:description\" content=\"Wilwood GP200\u00a0 2 zuiger Aluminium Remklauw Zeer licht ! Zijn zowel links als rechts te gebruiken Grote Zuigers voor maximale remdruk Ideaal voor Kever of Sprinter voorzijde\" \/>\n<meta property=\"og:url\" content=\"https:\/\/www.hoogstra-autosport.nl\/fr\/produit\/wilwood-2-zuiger-remklauw\/\" \/>\n<meta property=\"og:site_name\" content=\"Hoogstra Autosport\" \/>\n<meta property=\"article:modified_time\" content=\"2025-12-11T13:04:08+00:00\" \/>\n<meta property=\"og:image\" content=\"https:\/\/www.hoogstra-autosport.nl\/teamkoen\/wp-content\/uploads\/2017\/12\/Untitled-Project-23.jpg\" \/>\n\t<meta property=\"og:image:width\" content=\"1080\" \/>\n\t<meta property=\"og:image:height\" content=\"1080\" \/>\n\t<meta property=\"og:image:type\" content=\"image\/jpeg\" \/>\n<meta name=\"twitter:card\" content=\"summary_large_image\" \/>\n<meta name=\"twitter:label1\" content=\"Dur\u00e9e de lecture estim\u00e9e\" \/>\n\t<meta name=\"twitter:data1\" content=\"1 minute\" \/>\n<script type=\"application\/ld+json\" class=\"yoast-schema-graph\">{\"@context\":\"https:\/\/schema.org\",\"@graph\":[{\"@type\":\"WebPage\",\"@id\":\"https:\/\/www.hoogstra-autosport.nl\/product\/wilwood-2-zuiger-remklauw\/\",\"url\":\"https:\/\/www.hoogstra-autosport.nl\/product\/wilwood-2-zuiger-remklauw\/\",\"name\":\"Wilwood 2 Zuiger Remklauw GP200 - Hoogstra Autosport\",\"isPartOf\":{\"@id\":\"https:\/\/www.hoogstra-autosport.nl\/#website\"},\"primaryImageOfPage\":{\"@id\":\"https:\/\/www.hoogstra-autosport.nl\/product\/wilwood-2-zuiger-remklauw\/#primaryimage\"},\"image\":{\"@id\":\"https:\/\/www.hoogstra-autosport.nl\/product\/wilwood-2-zuiger-remklauw\/#primaryimage\"},\"thumbnailUrl\":\"https:\/\/www.hoogstra-autosport.nl\/teamkoen\/wp-content\/uploads\/2017\/12\/Untitled-Project-23.jpg\",\"datePublished\":\"2017-12-06T13:24:32+00:00\",\"dateModified\":\"2025-12-11T13:04:08+00:00\",\"breadcrumb\":{\"@id\":\"https:\/\/www.hoogstra-autosport.nl\/product\/wilwood-2-zuiger-remklauw\/#breadcrumb\"},\"inLanguage\":\"fr-FR\",\"potentialAction\":[{\"@type\":\"ReadAction\",\"target\":[\"https:\/\/www.hoogstra-autosport.nl\/product\/wilwood-2-zuiger-remklauw\/\"]}]},{\"@type\":\"ImageObject\",\"inLanguage\":\"fr-FR\",\"@id\":\"https:\/\/www.hoogstra-autosport.nl\/product\/wilwood-2-zuiger-remklauw\/#primaryimage\",\"url\":\"https:\/\/www.hoogstra-autosport.nl\/teamkoen\/wp-content\/uploads\/2017\/12\/Untitled-Project-23.jpg\",\"contentUrl\":\"https:\/\/www.hoogstra-autosport.nl\/teamkoen\/wp-content\/uploads\/2017\/12\/Untitled-Project-23.jpg\",\"width\":1080,\"height\":1080},{\"@type\":\"BreadcrumbList\",\"@id\":\"https:\/\/www.hoogstra-autosport.nl\/product\/wilwood-2-zuiger-remklauw\/#breadcrumb\",\"itemListElement\":[{\"@type\":\"ListItem\",\"position\":1,\"name\":\"Home\",\"item\":\"https:\/\/www.hoogstra-autosport.nl\/\"},{\"@type\":\"ListItem\",\"position\":2,\"name\":\"Remmen\",\"item\":\"https:\/\/www.hoogstra-autosport.nl\/product-categorie\/remmen-2\/\"},{\"@type\":\"ListItem\",\"position\":3,\"name\":\"Remklauwen Wilwood\",\"item\":\"https:\/\/www.hoogstra-autosport.nl\/product-categorie\/remmen-2\/remklauwen-wilwood\/\"},{\"@type\":\"ListItem\",\"position\":4,\"name\":\"Wilwood 2 Zuiger Remklauw GP200\"}]},{\"@type\":\"WebSite\",\"@id\":\"https:\/\/www.hoogstra-autosport.nl\/#website\",\"url\":\"https:\/\/www.hoogstra-autosport.nl\/\",\"name\":\"Hoogstra Autosport\",\"description\":\"Performance Autosport Parts!\",\"potentialAction\":[{\"@type\":\"SearchAction\",\"target\":{\"@type\":\"EntryPoint\",\"urlTemplate\":\"https:\/\/www.hoogstra-autosport.nl\/?s={search_term_string}\"},\"query-input\":{\"@type\":\"PropertyValueSpecification\",\"valueRequired\":true,\"valueName\":\"search_term_string\"}}],\"inLanguage\":\"fr-FR\"}]}<\/script>\n<!-- \/ Yoast SEO plugin. -->","yoast_head_json":{"title":"Wilwood 2 Zuiger Remklauw GP200 - Hoogstra Autosport","robots":{"index":"index","follow":"follow","max-snippet":"max-snippet:-1","max-image-preview":"max-image-preview:large","max-video-preview":"max-video-preview:-1"},"canonical":"https:\/\/www.hoogstra-autosport.nl\/fr\/produit\/wilwood-2-zuiger-remklauw\/","og_locale":"fr_FR","og_type":"article","og_title":"Wilwood 2 Zuiger Remklauw GP200 - Hoogstra Autosport","og_description":"Wilwood GP200\u00a0 2 zuiger Aluminium Remklauw Zeer licht ! Zijn zowel links als rechts te gebruiken Grote Zuigers voor maximale remdruk Ideaal voor Kever of Sprinter voorzijde","og_url":"https:\/\/www.hoogstra-autosport.nl\/fr\/produit\/wilwood-2-zuiger-remklauw\/","og_site_name":"Hoogstra Autosport","article_modified_time":"2025-12-11T13:04:08+00:00","og_image":[{"width":1080,"height":1080,"url":"https:\/\/www.hoogstra-autosport.nl\/teamkoen\/wp-content\/uploads\/2017\/12\/Untitled-Project-23.jpg","type":"image\/jpeg"}],"twitter_card":"summary_large_image","twitter_misc":{"Dur\u00e9e de lecture estim\u00e9e":"1 minute"},"schema":{"@context":"https:\/\/schema.org","@graph":[{"@type":"WebPage","@id":"https:\/\/www.hoogstra-autosport.nl\/product\/wilwood-2-zuiger-remklauw\/","url":"https:\/\/www.hoogstra-autosport.nl\/product\/wilwood-2-zuiger-remklauw\/","name":"Wilwood 2 Zuiger Remklauw GP200 - Hoogstra Autosport","isPartOf":{"@id":"https:\/\/www.hoogstra-autosport.nl\/#website"},"primaryImageOfPage":{"@id":"https:\/\/www.hoogstra-autosport.nl\/product\/wilwood-2-zuiger-remklauw\/#primaryimage"},"image":{"@id":"https:\/\/www.hoogstra-autosport.nl\/product\/wilwood-2-zuiger-remklauw\/#primaryimage"},"thumbnailUrl":"https:\/\/www.hoogstra-autosport.nl\/teamkoen\/wp-content\/uploads\/2017\/12\/Untitled-Project-23.jpg","datePublished":"2017-12-06T13:24:32+00:00","dateModified":"2025-12-11T13:04:08+00:00","breadcrumb":{"@id":"https:\/\/www.hoogstra-autosport.nl\/product\/wilwood-2-zuiger-remklauw\/#breadcrumb"},"inLanguage":"fr-FR","potentialAction":[{"@type":"ReadAction","target":["https:\/\/www.hoogstra-autosport.nl\/product\/wilwood-2-zuiger-remklauw\/"]}]},{"@type":"ImageObject","inLanguage":"fr-FR","@id":"https:\/\/www.hoogstra-autosport.nl\/product\/wilwood-2-zuiger-remklauw\/#primaryimage","url":"https:\/\/www.hoogstra-autosport.nl\/teamkoen\/wp-content\/uploads\/2017\/12\/Untitled-Project-23.jpg","contentUrl":"https:\/\/www.hoogstra-autosport.nl\/teamkoen\/wp-content\/uploads\/2017\/12\/Untitled-Project-23.jpg","width":1080,"height":1080},{"@type":"BreadcrumbList","@id":"https:\/\/www.hoogstra-autosport.nl\/product\/wilwood-2-zuiger-remklauw\/#breadcrumb","itemListElement":[{"@type":"ListItem","position":1,"name":"Home","item":"https:\/\/www.hoogstra-autosport.nl\/"},{"@type":"ListItem","position":2,"name":"Remmen","item":"https:\/\/www.hoogstra-autosport.nl\/product-categorie\/remmen-2\/"},{"@type":"ListItem","position":3,"name":"Remklauwen Wilwood","item":"https:\/\/www.hoogstra-autosport.nl\/product-categorie\/remmen-2\/remklauwen-wilwood\/"},{"@type":"ListItem","position":4,"name":"Wilwood 2 Zuiger Remklauw GP200"}]},{"@type":"WebSite","@id":"https:\/\/www.hoogstra-autosport.nl\/#website","url":"https:\/\/www.hoogstra-autosport.nl\/","name":"Hoogstra Autosport","description":"Performance Autosport Parts!","potentialAction":[{"@type":"SearchAction","target":{"@type":"EntryPoint","urlTemplate":"https:\/\/www.hoogstra-autosport.nl\/?s={search_term_string}"},"query-input":{"@type":"PropertyValueSpecification","valueRequired":true,"valueName":"search_term_string"}}],"inLanguage":"fr-FR"}]}},"tiered_pricing_type":"fixed","tiered_pricing_fixed_rules":[],"tiered_pricing_product_settings":{"layout":"default","base_unit_name":{"singular":null,"plural":null},"default_variation":null},"tiered_pricing_minimum_quantity":null,"tiered_pricing_roles_data":[],"tiered_pricing_percentage_rules":[],"tiered_pricing_maximum_quantity":null,"tiered_pricing_quantity_step":null,"_links":{"self":[{"href":"https:\/\/www.hoogstra-autosport.nl\/fr\/wp-json\/wp\/v2\/product\/11935","targetHints":{"allow":["GET"]}}],"collection":[{"href":"https:\/\/www.hoogstra-autosport.nl\/fr\/wp-json\/wp\/v2\/product"}],"about":[{"href":"https:\/\/www.hoogstra-autosport.nl\/fr\/wp-json\/wp\/v2\/types\/product"}],"wp:featuredmedia":[{"embeddable":true,"href":"https:\/\/www.hoogstra-autosport.nl\/fr\/wp-json\/wp\/v2\/media\/95013"}],"wp:attachment":[{"href":"https:\/\/www.hoogstra-autosport.nl\/fr\/wp-json\/wp\/v2\/media?parent=11935"}],"wp:term":[{"taxonomy":"product_brand","embeddable":true,"href":"https:\/\/www.hoogstra-autosport.nl\/fr\/wp-json\/wp\/v2\/product_brand?post=11935"},{"taxonomy":"product_cat","embeddable":true,"href":"https:\/\/www.hoogstra-autosport.nl\/fr\/wp-json\/wp\/v2\/product_cat?post=11935"},{"taxonomy":"product_tag","embeddable":true,"href":"https:\/\/www.hoogstra-autosport.nl\/fr\/wp-json\/wp\/v2\/product_tag?post=11935"}],"curies":[{"name":"wp","href":"https:\/\/api.w.org\/{rel}","templated":true}]}}