{"id":11916,"date":"2017-11-24T10:45:52","date_gmt":"2017-11-24T09:45:52","guid":{"rendered":"http:\/\/hoogstra-autosport.nl\/?product=aluminium-pedaalbox-obpOBPKCP101C"},"modified":"2025-12-12T16:16:47","modified_gmt":"2025-12-12T15:16:47","slug":"aluminium-pedaalbox-obpobpkcp101c","status":"publish","type":"product","link":"https:\/\/www.hoogstra-autosport.nl\/fr\/produit\/aluminium-pedaalbox-obpobpkcp101c\/","title":{"rendered":"Bo\u00eete \u00e0 p\u00e9dales en aluminium OBP"},"content":{"rendered":"<p>Bo\u00eete \u00e0 p\u00e9dales<\/p>\n<p>Convient pour l'embrayage \u00e0 c\u00e2ble. Inclus 2 cylindres de frein et un chariot de frein.<\/p>\n<p>Premium Kit Car Cable Clutch Pedal Box OBPKCP101C<\/p>\n<p>Kit contents: 3 Pedal Kit Car Cable Clutch Pedal Box with Cable Clutch Converter Mechanism, 1 x Bias Bar &amp; 2 x Master Cylinders<\/p>\n<p>275 mm (H) (bo\u00eete W) \/ 283 mm (pattes de fixation) 242 mm L X 130 mm (P) (dimensions approximatives).<\/p>\n<p>Vous recevrez la NOUVELLE version V2 de ce p\u00e9dalier qui sera \u00e9quip\u00e9 de p\u00e9dales en aluminium.<\/p>\n<p>Vous pouvez maintenant obtenir un produit obp de qualit\u00e9 sup\u00e9rieure \u00e0 un prix incroyable.<\/p>\n<p>Kit Car Pedal Box Universal Car Fitment, ce p\u00e9dalier s'adapte \u00e0 tous les types de Kit Car. Luego, Tiger, MK, Westfield, Locost, Haynes Roadster etc.<\/p>\n<p>Le p\u00e9dalier est dot\u00e9 d'une d\u00e9coupe de 25 mm x 25 mm \u00e0 l'arri\u00e8re pour s'adapter au rail inf\u00e9rieur du compartiment des pieds.<\/p>\n<p>L'unit\u00e9 s'installe sur la cloison et se boulonne au sol.<\/p>\n<p>Cette unit\u00e9 a \u00e9t\u00e9 con\u00e7ue et fabriqu\u00e9e par obp, le principal fabricant europ\u00e9en de bo\u00eetes \u00e0 p\u00e9dales, sp\u00e9cialement pour les amateurs de Kit Car.<\/p>\n<p>Caract\u00e9ristiques sp\u00e9ciales V2 Pedal Boxes :<\/p>\n<p>P\u00e9dales en aluminium de qualit\u00e9 a\u00e9ronautique<br \/>\nRapport de p\u00e9dale de frein r\u00e9glable de 4,9:1 \u00e0 5,24:1<br \/>\nP\u00e9dales de frein et d'embrayage r\u00e9glables vers le haut, vers le bas et d'un c\u00f4t\u00e9 \u00e0 l'autre<br \/>\nBo\u00eete renforc\u00e9e et rigide<br \/>\nD\u00e9coupe de 25 mm sur 25 mm pour le rail du ch\u00e2ssis<br \/>\nIVA - Contre-\u00e9crous pour le verrouillage de la barre biaise<\/p>\n<p>Avantages de traiter avec obp Motorsports<\/p>\n<p>La marque obp Motorsport ou les marques obp Approved sont synonymes de s\u00e9curit\u00e9.<br \/>\nFiabilit\u00e9, performance et rapport qualit\u00e9-prix<br \/>\nProduits de marque Garantie de 2 ans sur les pi\u00e8ces<br \/>\nIn-House (CAD) et fabrication<br \/>\nDes produits toujours plus innovants Fabriqu\u00e9s en Angleterre<br \/>\nDes produits d'une qualit\u00e9 \u00e9tonnante<br \/>\nAm\u00e9lioration proactive de notre produit<br \/>\nUn excellent rapport qualit\u00e9-prix<br \/>\nTest de piste et contr\u00f4le qualit\u00e9<br \/>\nLivraison rapide<br \/>\nStock important pr\u00eat \u00e0 \u00eatre exp\u00e9di\u00e9<br \/>\nUn service client incroyable<br \/>\nSessions techniques gratuites sur l'obp<\/p>","protected":false},"excerpt":{"rendered":"<p>Pedaal Box Geschikt voor Kabel koppeling. Meegeleverd 2 remcilinders en remwaag. Premium Kit Car Cable Clutch Pedal Box OBPKCP101C Kit contents: 3 Pedal Kit Car Cable Clutch Pedal Box with Cable Clutch Converter Mechanism, 1 x Bias Bar &amp; 2 x Master Cylinders 275mm (H) (W Box) \/ 283mm Inc Fixing Lugs) 242mm W X [&hellip;]<\/p>\n","protected":false},"featured_media":95245,"template":"","meta":{"_acf_changed":false},"product_brand":[],"product_cat":[2761],"product_tag":[],"class_list":{"0":"post-11916","1":"product","2":"type-product","3":"status-publish","4":"has-post-thumbnail","6":"product_cat-pedaal-boxen","7":"product_shipping_class-4016","9":"first","10":"instock","11":"taxable","12":"shipping-taxable","13":"purchasable","14":"product-type-simple"},"acf":[],"yoast_head":"<!-- This site is optimized with the Yoast SEO plugin v27.1.1 - https:\/\/yoast.com\/product\/yoast-seo-wordpress\/ -->\n<title>Aluminium PedaalBox OBP - Hoogstra Autosport<\/title>\n<meta name=\"robots\" content=\"index, follow, max-snippet:-1, max-image-preview:large, max-video-preview:-1\" \/>\n<link rel=\"canonical\" href=\"https:\/\/www.hoogstra-autosport.nl\/fr\/produit\/aluminium-pedaalbox-obpobpkcp101c\/\" \/>\n<meta property=\"og:locale\" content=\"fr_FR\" \/>\n<meta property=\"og:type\" content=\"article\" \/>\n<meta property=\"og:title\" content=\"Aluminium PedaalBox OBP - Hoogstra Autosport\" \/>\n<meta property=\"og:description\" content=\"Pedaal Box Geschikt voor Kabel koppeling. Meegeleverd 2 remcilinders en remwaag. Premium Kit Car Cable Clutch Pedal Box OBPKCP101C Kit contents: 3 Pedal Kit Car Cable Clutch Pedal Box with Cable Clutch Converter Mechanism, 1 x Bias Bar &amp; 2 x Master Cylinders 275mm (H) (W Box) \/ 283mm Inc Fixing Lugs) 242mm W X [&hellip;]\" \/>\n<meta property=\"og:url\" content=\"https:\/\/www.hoogstra-autosport.nl\/fr\/produit\/aluminium-pedaalbox-obpobpkcp101c\/\" \/>\n<meta property=\"og:site_name\" content=\"Hoogstra Autosport\" \/>\n<meta property=\"article:modified_time\" content=\"2025-12-12T15:16:47+00:00\" \/>\n<meta property=\"og:image\" content=\"https:\/\/www.hoogstra-autosport.nl\/teamkoen\/wp-content\/uploads\/2017\/11\/Untitled-Project-92.jpg\" \/>\n\t<meta property=\"og:image:width\" content=\"1080\" \/>\n\t<meta property=\"og:image:height\" content=\"1080\" \/>\n\t<meta property=\"og:image:type\" content=\"image\/jpeg\" \/>\n<meta name=\"twitter:card\" content=\"summary_large_image\" \/>\n<meta name=\"twitter:label1\" content=\"Dur\u00e9e de lecture estim\u00e9e\" \/>\n\t<meta name=\"twitter:data1\" content=\"2 minutes\" \/>\n<script type=\"application\/ld+json\" class=\"yoast-schema-graph\">{\"@context\":\"https:\/\/schema.org\",\"@graph\":[{\"@type\":\"WebPage\",\"@id\":\"https:\/\/www.hoogstra-autosport.nl\/product\/aluminium-pedaalbox-obpobpkcp101c\/\",\"url\":\"https:\/\/www.hoogstra-autosport.nl\/product\/aluminium-pedaalbox-obpobpkcp101c\/\",\"name\":\"Aluminium PedaalBox OBP - Hoogstra Autosport\",\"isPartOf\":{\"@id\":\"https:\/\/www.hoogstra-autosport.nl\/#website\"},\"primaryImageOfPage\":{\"@id\":\"https:\/\/www.hoogstra-autosport.nl\/product\/aluminium-pedaalbox-obpobpkcp101c\/#primaryimage\"},\"image\":{\"@id\":\"https:\/\/www.hoogstra-autosport.nl\/product\/aluminium-pedaalbox-obpobpkcp101c\/#primaryimage\"},\"thumbnailUrl\":\"https:\/\/www.hoogstra-autosport.nl\/teamkoen\/wp-content\/uploads\/2017\/11\/Untitled-Project-92.jpg\",\"datePublished\":\"2017-11-24T09:45:52+00:00\",\"dateModified\":\"2025-12-12T15:16:47+00:00\",\"breadcrumb\":{\"@id\":\"https:\/\/www.hoogstra-autosport.nl\/product\/aluminium-pedaalbox-obpobpkcp101c\/#breadcrumb\"},\"inLanguage\":\"fr-FR\",\"potentialAction\":[{\"@type\":\"ReadAction\",\"target\":[\"https:\/\/www.hoogstra-autosport.nl\/product\/aluminium-pedaalbox-obpobpkcp101c\/\"]}]},{\"@type\":\"ImageObject\",\"inLanguage\":\"fr-FR\",\"@id\":\"https:\/\/www.hoogstra-autosport.nl\/product\/aluminium-pedaalbox-obpobpkcp101c\/#primaryimage\",\"url\":\"https:\/\/www.hoogstra-autosport.nl\/teamkoen\/wp-content\/uploads\/2017\/11\/Untitled-Project-92.jpg\",\"contentUrl\":\"https:\/\/www.hoogstra-autosport.nl\/teamkoen\/wp-content\/uploads\/2017\/11\/Untitled-Project-92.jpg\",\"width\":1080,\"height\":1080},{\"@type\":\"BreadcrumbList\",\"@id\":\"https:\/\/www.hoogstra-autosport.nl\/product\/aluminium-pedaalbox-obpobpkcp101c\/#breadcrumb\",\"itemListElement\":[{\"@type\":\"ListItem\",\"position\":1,\"name\":\"Home\",\"item\":\"https:\/\/www.hoogstra-autosport.nl\/\"},{\"@type\":\"ListItem\",\"position\":2,\"name\":\"Remmen\",\"item\":\"https:\/\/www.hoogstra-autosport.nl\/product-categorie\/remmen-2\/\"},{\"@type\":\"ListItem\",\"position\":3,\"name\":\"Pedaal Boxen\",\"item\":\"https:\/\/www.hoogstra-autosport.nl\/product-categorie\/remmen-2\/pedaal-boxen\/\"},{\"@type\":\"ListItem\",\"position\":4,\"name\":\"Aluminium PedaalBox OBP\"}]},{\"@type\":\"WebSite\",\"@id\":\"https:\/\/www.hoogstra-autosport.nl\/#website\",\"url\":\"https:\/\/www.hoogstra-autosport.nl\/\",\"name\":\"Hoogstra Autosport\",\"description\":\"Performance Autosport Parts!\",\"potentialAction\":[{\"@type\":\"SearchAction\",\"target\":{\"@type\":\"EntryPoint\",\"urlTemplate\":\"https:\/\/www.hoogstra-autosport.nl\/?s={search_term_string}\"},\"query-input\":{\"@type\":\"PropertyValueSpecification\",\"valueRequired\":true,\"valueName\":\"search_term_string\"}}],\"inLanguage\":\"fr-FR\"}]}<\/script>\n<!-- \/ Yoast SEO plugin. -->","yoast_head_json":{"title":"Aluminium PedaalBox OBP - Hoogstra Autosport","robots":{"index":"index","follow":"follow","max-snippet":"max-snippet:-1","max-image-preview":"max-image-preview:large","max-video-preview":"max-video-preview:-1"},"canonical":"https:\/\/www.hoogstra-autosport.nl\/fr\/produit\/aluminium-pedaalbox-obpobpkcp101c\/","og_locale":"fr_FR","og_type":"article","og_title":"Aluminium PedaalBox OBP - Hoogstra Autosport","og_description":"Pedaal Box Geschikt voor Kabel koppeling. Meegeleverd 2 remcilinders en remwaag. Premium Kit Car Cable Clutch Pedal Box OBPKCP101C Kit contents: 3 Pedal Kit Car Cable Clutch Pedal Box with Cable Clutch Converter Mechanism, 1 x Bias Bar &amp; 2 x Master Cylinders 275mm (H) (W Box) \/ 283mm Inc Fixing Lugs) 242mm W X [&hellip;]","og_url":"https:\/\/www.hoogstra-autosport.nl\/fr\/produit\/aluminium-pedaalbox-obpobpkcp101c\/","og_site_name":"Hoogstra Autosport","article_modified_time":"2025-12-12T15:16:47+00:00","og_image":[{"width":1080,"height":1080,"url":"https:\/\/www.hoogstra-autosport.nl\/teamkoen\/wp-content\/uploads\/2017\/11\/Untitled-Project-92.jpg","type":"image\/jpeg"}],"twitter_card":"summary_large_image","twitter_misc":{"Dur\u00e9e de lecture estim\u00e9e":"2 minutes"},"schema":{"@context":"https:\/\/schema.org","@graph":[{"@type":"WebPage","@id":"https:\/\/www.hoogstra-autosport.nl\/product\/aluminium-pedaalbox-obpobpkcp101c\/","url":"https:\/\/www.hoogstra-autosport.nl\/product\/aluminium-pedaalbox-obpobpkcp101c\/","name":"Aluminium PedaalBox OBP - Hoogstra Autosport","isPartOf":{"@id":"https:\/\/www.hoogstra-autosport.nl\/#website"},"primaryImageOfPage":{"@id":"https:\/\/www.hoogstra-autosport.nl\/product\/aluminium-pedaalbox-obpobpkcp101c\/#primaryimage"},"image":{"@id":"https:\/\/www.hoogstra-autosport.nl\/product\/aluminium-pedaalbox-obpobpkcp101c\/#primaryimage"},"thumbnailUrl":"https:\/\/www.hoogstra-autosport.nl\/teamkoen\/wp-content\/uploads\/2017\/11\/Untitled-Project-92.jpg","datePublished":"2017-11-24T09:45:52+00:00","dateModified":"2025-12-12T15:16:47+00:00","breadcrumb":{"@id":"https:\/\/www.hoogstra-autosport.nl\/product\/aluminium-pedaalbox-obpobpkcp101c\/#breadcrumb"},"inLanguage":"fr-FR","potentialAction":[{"@type":"ReadAction","target":["https:\/\/www.hoogstra-autosport.nl\/product\/aluminium-pedaalbox-obpobpkcp101c\/"]}]},{"@type":"ImageObject","inLanguage":"fr-FR","@id":"https:\/\/www.hoogstra-autosport.nl\/product\/aluminium-pedaalbox-obpobpkcp101c\/#primaryimage","url":"https:\/\/www.hoogstra-autosport.nl\/teamkoen\/wp-content\/uploads\/2017\/11\/Untitled-Project-92.jpg","contentUrl":"https:\/\/www.hoogstra-autosport.nl\/teamkoen\/wp-content\/uploads\/2017\/11\/Untitled-Project-92.jpg","width":1080,"height":1080},{"@type":"BreadcrumbList","@id":"https:\/\/www.hoogstra-autosport.nl\/product\/aluminium-pedaalbox-obpobpkcp101c\/#breadcrumb","itemListElement":[{"@type":"ListItem","position":1,"name":"Home","item":"https:\/\/www.hoogstra-autosport.nl\/"},{"@type":"ListItem","position":2,"name":"Remmen","item":"https:\/\/www.hoogstra-autosport.nl\/product-categorie\/remmen-2\/"},{"@type":"ListItem","position":3,"name":"Pedaal Boxen","item":"https:\/\/www.hoogstra-autosport.nl\/product-categorie\/remmen-2\/pedaal-boxen\/"},{"@type":"ListItem","position":4,"name":"Aluminium PedaalBox OBP"}]},{"@type":"WebSite","@id":"https:\/\/www.hoogstra-autosport.nl\/#website","url":"https:\/\/www.hoogstra-autosport.nl\/","name":"Hoogstra Autosport","description":"Performance Autosport Parts!","potentialAction":[{"@type":"SearchAction","target":{"@type":"EntryPoint","urlTemplate":"https:\/\/www.hoogstra-autosport.nl\/?s={search_term_string}"},"query-input":{"@type":"PropertyValueSpecification","valueRequired":true,"valueName":"search_term_string"}}],"inLanguage":"fr-FR"}]}},"tiered_pricing_type":"fixed","tiered_pricing_fixed_rules":[],"tiered_pricing_product_settings":{"layout":"default","base_unit_name":{"singular":null,"plural":null},"default_variation":null},"tiered_pricing_minimum_quantity":null,"tiered_pricing_roles_data":[],"tiered_pricing_percentage_rules":[],"tiered_pricing_maximum_quantity":null,"tiered_pricing_quantity_step":null,"_links":{"self":[{"href":"https:\/\/www.hoogstra-autosport.nl\/fr\/wp-json\/wp\/v2\/product\/11916","targetHints":{"allow":["GET"]}}],"collection":[{"href":"https:\/\/www.hoogstra-autosport.nl\/fr\/wp-json\/wp\/v2\/product"}],"about":[{"href":"https:\/\/www.hoogstra-autosport.nl\/fr\/wp-json\/wp\/v2\/types\/product"}],"wp:featuredmedia":[{"embeddable":true,"href":"https:\/\/www.hoogstra-autosport.nl\/fr\/wp-json\/wp\/v2\/media\/95245"}],"wp:attachment":[{"href":"https:\/\/www.hoogstra-autosport.nl\/fr\/wp-json\/wp\/v2\/media?parent=11916"}],"wp:term":[{"taxonomy":"product_brand","embeddable":true,"href":"https:\/\/www.hoogstra-autosport.nl\/fr\/wp-json\/wp\/v2\/product_brand?post=11916"},{"taxonomy":"product_cat","embeddable":true,"href":"https:\/\/www.hoogstra-autosport.nl\/fr\/wp-json\/wp\/v2\/product_cat?post=11916"},{"taxonomy":"product_tag","embeddable":true,"href":"https:\/\/www.hoogstra-autosport.nl\/fr\/wp-json\/wp\/v2\/product_tag?post=11916"}],"curies":[{"name":"wp","href":"https:\/\/api.w.org\/{rel}","templated":true}]}}