{"id":11348,"date":"2017-03-06T14:20:57","date_gmt":"2017-03-06T14:20:57","guid":{"rendered":"http:\/\/hoogstra-autosport.nl\/?product=brandvertragende-overall-wulf-zwart-wit"},"modified":"2025-10-03T17:06:23","modified_gmt":"2025-10-03T15:06:23","slug":"brandvertragende-overall-wulf-zwart-wit","status":"publish","type":"product","link":"https:\/\/www.hoogstra-autosport.nl\/fr\/produit\/brandvertragende-overall-wulf-zwart-wit\/","title":{"rendered":"Combinaison ignifug\u00e9e Wulf BLACK-WHITE"},"content":{"rendered":"<p>Couche unique ignifug\u00e9e<\/p>\n<p>Wulf Sport<\/p>\n<p>Mat\u00e9riau : Proban Flame Retardent<\/p>\n<p>R\u00e9pond aux exigences suivantes : ISO14116 :2008 ISO11611 :2007 ISO611612 :2008<\/p>\n<p>Ajustement parfait gr\u00e2ce \u00e0 l'\u00e9lastique. S'adapte parfaitement au corps, sans poches.<\/p>\n<p>Disponible dans les mod\u00e8les : Noir Blanc Jaune Rouge Noir Orange Noir Bleu NEON Noir Bleu Rouge Noir<\/p>\n<p>Tailles : les tailles sont disponibles en s-3xl Taille L 54 XL56 XXL 58 XXXL 60-62<\/p>\n<p>Le mieux est de venir les essayer dans notre magasin.<\/p>\n<p>EN ISO 11612<\/p>\n<p>La norme ISO 11612 sur les v\u00eatements remplace la norme EN 531 et prot\u00e8ge contre la chaleur et les flammes. La norme ISO 11612 sur les v\u00eatements prot\u00e8ge le porteur contre les contacts brefs avec les flammes, les projections de m\u00e9tal en fusion et la chaleur rayonnante et convective. Dans le cadre de cette norme, l'ignifugation du tissu et le transfert de chaleur \u00e0 la peau sont examin\u00e9s. Les tests mesurent notamment le risque de br\u00fblures au second degr\u00e9.<\/p>\n<p>EN ISO 11612 pour le porteur<\/p>\n<p>La norme EN ISO 11612 garantit qu'un v\u00eatement ne br\u00fblera pas au contact d'une flamme. Toutefois, il est important que le v\u00eatement soit propre et que l'utilisateur s'\u00e9loigne de la flamme d\u00e8s que possible. Dans le cas contraire, le v\u00eatement risque de se consumer. La norme ISO 11612 offre \u00e0 l'utilisateur un temps de fuite. En s'\u00e9loignant du risque, la flamme s'\u00e9teindra sur le v\u00eatement. L'\u00e9paisseur du tissu prot\u00e8ge l'utilisateur des br\u00fblures au second degr\u00e9.<\/p>\n<p>Conforme \u00e0 la norme EN ISO 11612<\/p>\n<p>Le tissu ne doit pas s'enflammer et doit emp\u00eacher autant que possible la transmission de la chaleur \u00e0 la peau.<br \/>\nLes v\u00eatements doivent couvrir l'ensemble du corps \u00e0 tout moment<br \/>\nLes v\u00eatements doivent emp\u00eacher autant que possible la formation d'\u00e9tincelles<\/p>\n<p>Les sacs doivent \u00eatre couverts<br \/>\nIl convient d'\u00e9viter les plis ou les bords sur\u00e9lev\u00e9s<\/p>\n<p>Les fermetures \u00e0 glissi\u00e8re ne sont pas recommand\u00e9es car elles rendent plus difficile le retrait du v\u00eatement en cas d'urgence.<br \/>\nLes fermetures m\u00e9talliques ne doivent pas \u00eatre plac\u00e9es directement sur la peau.<\/p>\n<p>ISO 11612 et maintenance<\/p>\n<p>Les v\u00eatements conformes \u00e0 la norme ISO 11612 n\u00e9cessitent un entretien professionnel pour conserver leurs propri\u00e9t\u00e9s ignifuges. La protection contre les flammes diminue lorsque les v\u00eatements sont sales. Il est donc important que les porteurs aient toujours \u00e0 port\u00e9e de main une quantit\u00e9 suffisante de v\u00eatements propres conformes \u00e0 la norme ISO 11612 et qu'ils puissent en changer si n\u00e9cessaire.<\/p>\n<p>Berendsen nettoie r\u00e9guli\u00e8rement les v\u00eatements. Apr\u00e8s chaque nettoyage, la qualit\u00e9 des v\u00eatements est v\u00e9rifi\u00e9e et, si n\u00e9cessaire, r\u00e9par\u00e9e. Les r\u00e9parations sont effectu\u00e9es avec des mat\u00e9riaux ignifuges et conform\u00e9ment aux directives de s\u00e9curit\u00e9. Ainsi, vos v\u00eatements r\u00e9pondent toujours aux normes les plus r\u00e9centes.<\/p>\n<p>Important<\/p>\n<p>Fournir suffisamment de v\u00eatements pour que les employ\u00e9s puissent toujours se changer en cas de besoin.<\/p>\n<p>Le corps entier doit \u00eatre prot\u00e9g\u00e9. Il faut donc aussi penser aux chaussures, aux gants et \u00e0 la protection du visage.<\/p>\n<p>Pour les travaux de soudage et de meulage intenses et \u00e0 haut risque, nous recommandons \u00e9galement l'utilisation de tabliers de soudage. Tant pour la s\u00e9curit\u00e9 de l'utilisateur que pour prolonger la dur\u00e9e de vie du v\u00eatement.<\/p>","protected":false},"excerpt":{"rendered":"<p>Brandvertragende Overall Enkel Laags Wulf Sport Materiaal : Proban Flame Retardent Voldoet aan de volgende eisen : ISO14116 :2008 ISO11611 : 2007 ISO611612 :2008 Perfecte pasvorm dmv elastiek. Sluit heel mooi aan om het lichaam geen plofzak. Leverbaar in modellen : Zwart Wit Zwart Geel Rood Zwart Oranje Zwart Blauw Zwart NEON Zwart Blauw Rood [&hellip;]<\/p>\n","protected":false},"featured_media":91634,"template":"","meta":{"_acf_changed":false},"product_brand":[],"product_cat":[2680],"product_tag":[],"class_list":{"0":"post-11348","1":"product","2":"type-product","3":"status-publish","4":"has-post-thumbnail","6":"product_cat-brandvertragende-overall","7":"product_shipping_class-4016","9":"first","10":"instock","11":"taxable","12":"shipping-taxable","13":"purchasable","14":"product-type-variable"},"acf":[],"yoast_head":"<!-- This site is optimized with the Yoast SEO plugin v27.1.1 - https:\/\/yoast.com\/product\/yoast-seo-wordpress\/ -->\n<title>Brandvertragende Overall Wulf ZWART-WIT - Hoogstra Autosport<\/title>\n<meta name=\"robots\" content=\"index, follow, max-snippet:-1, max-image-preview:large, max-video-preview:-1\" \/>\n<link rel=\"canonical\" href=\"https:\/\/www.hoogstra-autosport.nl\/fr\/produit\/brandvertragende-overall-wulf-zwart-wit\/\" \/>\n<meta property=\"og:locale\" content=\"fr_FR\" \/>\n<meta property=\"og:type\" content=\"article\" \/>\n<meta property=\"og:title\" content=\"Brandvertragende Overall Wulf ZWART-WIT - Hoogstra Autosport\" \/>\n<meta property=\"og:description\" content=\"Brandvertragende Overall Enkel Laags Wulf Sport Materiaal : Proban Flame Retardent Voldoet aan de volgende eisen : ISO14116 :2008 ISO11611 : 2007 ISO611612 :2008 Perfecte pasvorm dmv elastiek. Sluit heel mooi aan om het lichaam geen plofzak. Leverbaar in modellen : Zwart Wit Zwart Geel Rood Zwart Oranje Zwart Blauw Zwart NEON Zwart Blauw Rood [&hellip;]\" \/>\n<meta property=\"og:url\" content=\"https:\/\/www.hoogstra-autosport.nl\/fr\/produit\/brandvertragende-overall-wulf-zwart-wit\/\" \/>\n<meta property=\"og:site_name\" content=\"Hoogstra Autosport\" \/>\n<meta property=\"article:modified_time\" content=\"2025-10-03T15:06:23+00:00\" \/>\n<meta property=\"og:image\" content=\"https:\/\/www.hoogstra-autosport.nl\/teamkoen\/wp-content\/uploads\/2023\/05\/Wulf-zwart.jpg\" \/>\n\t<meta property=\"og:image:width\" content=\"1000\" \/>\n\t<meta property=\"og:image:height\" content=\"1000\" \/>\n\t<meta property=\"og:image:type\" content=\"image\/jpeg\" \/>\n<meta name=\"twitter:card\" content=\"summary_large_image\" \/>\n<meta name=\"twitter:label1\" content=\"Dur\u00e9e de lecture estim\u00e9e\" \/>\n\t<meta name=\"twitter:data1\" content=\"3 minutes\" \/>\n<script type=\"application\/ld+json\" class=\"yoast-schema-graph\">{\"@context\":\"https:\/\/schema.org\",\"@graph\":[{\"@type\":\"WebPage\",\"@id\":\"https:\/\/www.hoogstra-autosport.nl\/product\/brandvertragende-overall-wulf-zwart-wit\/\",\"url\":\"https:\/\/www.hoogstra-autosport.nl\/product\/brandvertragende-overall-wulf-zwart-wit\/\",\"name\":\"Brandvertragende Overall Wulf ZWART-WIT - Hoogstra Autosport\",\"isPartOf\":{\"@id\":\"https:\/\/www.hoogstra-autosport.nl\/#website\"},\"primaryImageOfPage\":{\"@id\":\"https:\/\/www.hoogstra-autosport.nl\/product\/brandvertragende-overall-wulf-zwart-wit\/#primaryimage\"},\"image\":{\"@id\":\"https:\/\/www.hoogstra-autosport.nl\/product\/brandvertragende-overall-wulf-zwart-wit\/#primaryimage\"},\"thumbnailUrl\":\"https:\/\/www.hoogstra-autosport.nl\/teamkoen\/wp-content\/uploads\/2023\/05\/Wulf-zwart.jpg\",\"datePublished\":\"2017-03-06T14:20:57+00:00\",\"dateModified\":\"2025-10-03T15:06:23+00:00\",\"breadcrumb\":{\"@id\":\"https:\/\/www.hoogstra-autosport.nl\/product\/brandvertragende-overall-wulf-zwart-wit\/#breadcrumb\"},\"inLanguage\":\"fr-FR\",\"potentialAction\":[{\"@type\":\"ReadAction\",\"target\":[\"https:\/\/www.hoogstra-autosport.nl\/product\/brandvertragende-overall-wulf-zwart-wit\/\"]}]},{\"@type\":\"ImageObject\",\"inLanguage\":\"fr-FR\",\"@id\":\"https:\/\/www.hoogstra-autosport.nl\/product\/brandvertragende-overall-wulf-zwart-wit\/#primaryimage\",\"url\":\"https:\/\/www.hoogstra-autosport.nl\/teamkoen\/wp-content\/uploads\/2023\/05\/Wulf-zwart.jpg\",\"contentUrl\":\"https:\/\/www.hoogstra-autosport.nl\/teamkoen\/wp-content\/uploads\/2023\/05\/Wulf-zwart.jpg\",\"width\":1000,\"height\":1000},{\"@type\":\"BreadcrumbList\",\"@id\":\"https:\/\/www.hoogstra-autosport.nl\/product\/brandvertragende-overall-wulf-zwart-wit\/#breadcrumb\",\"itemListElement\":[{\"@type\":\"ListItem\",\"position\":1,\"name\":\"Home\",\"item\":\"https:\/\/www.hoogstra-autosport.nl\/\"},{\"@type\":\"ListItem\",\"position\":2,\"name\":\"Uitrusting\",\"item\":\"https:\/\/www.hoogstra-autosport.nl\/product-categorie\/autosport-kleding-helmen\/\"},{\"@type\":\"ListItem\",\"position\":3,\"name\":\"Autosport Kleding\",\"item\":\"https:\/\/www.hoogstra-autosport.nl\/product-categorie\/autosport-kleding-helmen\/autosport-kleding\/\"},{\"@type\":\"ListItem\",\"position\":4,\"name\":\"Overalls\",\"item\":\"https:\/\/www.hoogstra-autosport.nl\/product-categorie\/autosport-kleding-helmen\/autosport-kleding\/overalls\/\"},{\"@type\":\"ListItem\",\"position\":5,\"name\":\"Brandvertragende Overall\",\"item\":\"https:\/\/www.hoogstra-autosport.nl\/product-categorie\/autosport-kleding-helmen\/autosport-kleding\/overalls\/brandvertragende-overall\/\"},{\"@type\":\"ListItem\",\"position\":6,\"name\":\"Brandvertragende Overall Wulf ZWART-WIT\"}]},{\"@type\":\"WebSite\",\"@id\":\"https:\/\/www.hoogstra-autosport.nl\/#website\",\"url\":\"https:\/\/www.hoogstra-autosport.nl\/\",\"name\":\"Hoogstra Autosport\",\"description\":\"Performance Autosport Parts!\",\"potentialAction\":[{\"@type\":\"SearchAction\",\"target\":{\"@type\":\"EntryPoint\",\"urlTemplate\":\"https:\/\/www.hoogstra-autosport.nl\/?s={search_term_string}\"},\"query-input\":{\"@type\":\"PropertyValueSpecification\",\"valueRequired\":true,\"valueName\":\"search_term_string\"}}],\"inLanguage\":\"fr-FR\"}]}<\/script>\n<!-- \/ Yoast SEO plugin. -->","yoast_head_json":{"title":"Brandvertragende Overall Wulf ZWART-WIT - Hoogstra Autosport","robots":{"index":"index","follow":"follow","max-snippet":"max-snippet:-1","max-image-preview":"max-image-preview:large","max-video-preview":"max-video-preview:-1"},"canonical":"https:\/\/www.hoogstra-autosport.nl\/fr\/produit\/brandvertragende-overall-wulf-zwart-wit\/","og_locale":"fr_FR","og_type":"article","og_title":"Brandvertragende Overall Wulf ZWART-WIT - Hoogstra Autosport","og_description":"Brandvertragende Overall Enkel Laags Wulf Sport Materiaal : Proban Flame Retardent Voldoet aan de volgende eisen : ISO14116 :2008 ISO11611 : 2007 ISO611612 :2008 Perfecte pasvorm dmv elastiek. Sluit heel mooi aan om het lichaam geen plofzak. Leverbaar in modellen : Zwart Wit Zwart Geel Rood Zwart Oranje Zwart Blauw Zwart NEON Zwart Blauw Rood [&hellip;]","og_url":"https:\/\/www.hoogstra-autosport.nl\/fr\/produit\/brandvertragende-overall-wulf-zwart-wit\/","og_site_name":"Hoogstra Autosport","article_modified_time":"2025-10-03T15:06:23+00:00","og_image":[{"width":1000,"height":1000,"url":"https:\/\/www.hoogstra-autosport.nl\/teamkoen\/wp-content\/uploads\/2023\/05\/Wulf-zwart.jpg","type":"image\/jpeg"}],"twitter_card":"summary_large_image","twitter_misc":{"Dur\u00e9e de lecture estim\u00e9e":"3 minutes"},"schema":{"@context":"https:\/\/schema.org","@graph":[{"@type":"WebPage","@id":"https:\/\/www.hoogstra-autosport.nl\/product\/brandvertragende-overall-wulf-zwart-wit\/","url":"https:\/\/www.hoogstra-autosport.nl\/product\/brandvertragende-overall-wulf-zwart-wit\/","name":"Brandvertragende Overall Wulf ZWART-WIT - Hoogstra Autosport","isPartOf":{"@id":"https:\/\/www.hoogstra-autosport.nl\/#website"},"primaryImageOfPage":{"@id":"https:\/\/www.hoogstra-autosport.nl\/product\/brandvertragende-overall-wulf-zwart-wit\/#primaryimage"},"image":{"@id":"https:\/\/www.hoogstra-autosport.nl\/product\/brandvertragende-overall-wulf-zwart-wit\/#primaryimage"},"thumbnailUrl":"https:\/\/www.hoogstra-autosport.nl\/teamkoen\/wp-content\/uploads\/2023\/05\/Wulf-zwart.jpg","datePublished":"2017-03-06T14:20:57+00:00","dateModified":"2025-10-03T15:06:23+00:00","breadcrumb":{"@id":"https:\/\/www.hoogstra-autosport.nl\/product\/brandvertragende-overall-wulf-zwart-wit\/#breadcrumb"},"inLanguage":"fr-FR","potentialAction":[{"@type":"ReadAction","target":["https:\/\/www.hoogstra-autosport.nl\/product\/brandvertragende-overall-wulf-zwart-wit\/"]}]},{"@type":"ImageObject","inLanguage":"fr-FR","@id":"https:\/\/www.hoogstra-autosport.nl\/product\/brandvertragende-overall-wulf-zwart-wit\/#primaryimage","url":"https:\/\/www.hoogstra-autosport.nl\/teamkoen\/wp-content\/uploads\/2023\/05\/Wulf-zwart.jpg","contentUrl":"https:\/\/www.hoogstra-autosport.nl\/teamkoen\/wp-content\/uploads\/2023\/05\/Wulf-zwart.jpg","width":1000,"height":1000},{"@type":"BreadcrumbList","@id":"https:\/\/www.hoogstra-autosport.nl\/product\/brandvertragende-overall-wulf-zwart-wit\/#breadcrumb","itemListElement":[{"@type":"ListItem","position":1,"name":"Home","item":"https:\/\/www.hoogstra-autosport.nl\/"},{"@type":"ListItem","position":2,"name":"Uitrusting","item":"https:\/\/www.hoogstra-autosport.nl\/product-categorie\/autosport-kleding-helmen\/"},{"@type":"ListItem","position":3,"name":"Autosport Kleding","item":"https:\/\/www.hoogstra-autosport.nl\/product-categorie\/autosport-kleding-helmen\/autosport-kleding\/"},{"@type":"ListItem","position":4,"name":"Overalls","item":"https:\/\/www.hoogstra-autosport.nl\/product-categorie\/autosport-kleding-helmen\/autosport-kleding\/overalls\/"},{"@type":"ListItem","position":5,"name":"Brandvertragende Overall","item":"https:\/\/www.hoogstra-autosport.nl\/product-categorie\/autosport-kleding-helmen\/autosport-kleding\/overalls\/brandvertragende-overall\/"},{"@type":"ListItem","position":6,"name":"Brandvertragende Overall Wulf ZWART-WIT"}]},{"@type":"WebSite","@id":"https:\/\/www.hoogstra-autosport.nl\/#website","url":"https:\/\/www.hoogstra-autosport.nl\/","name":"Hoogstra Autosport","description":"Performance Autosport Parts!","potentialAction":[{"@type":"SearchAction","target":{"@type":"EntryPoint","urlTemplate":"https:\/\/www.hoogstra-autosport.nl\/?s={search_term_string}"},"query-input":{"@type":"PropertyValueSpecification","valueRequired":true,"valueName":"search_term_string"}}],"inLanguage":"fr-FR"}]}},"tiered_pricing_type":"fixed","tiered_pricing_fixed_rules":[],"tiered_pricing_product_settings":{"layout":"default","base_unit_name":{"singular":null,"plural":null},"default_variation":null},"tiered_pricing_minimum_quantity":null,"tiered_pricing_roles_data":[],"tiered_pricing_percentage_rules":[],"tiered_pricing_maximum_quantity":null,"tiered_pricing_quantity_step":null,"_links":{"self":[{"href":"https:\/\/www.hoogstra-autosport.nl\/fr\/wp-json\/wp\/v2\/product\/11348","targetHints":{"allow":["GET"]}}],"collection":[{"href":"https:\/\/www.hoogstra-autosport.nl\/fr\/wp-json\/wp\/v2\/product"}],"about":[{"href":"https:\/\/www.hoogstra-autosport.nl\/fr\/wp-json\/wp\/v2\/types\/product"}],"wp:featuredmedia":[{"embeddable":true,"href":"https:\/\/www.hoogstra-autosport.nl\/fr\/wp-json\/wp\/v2\/media\/91634"}],"wp:attachment":[{"href":"https:\/\/www.hoogstra-autosport.nl\/fr\/wp-json\/wp\/v2\/media?parent=11348"}],"wp:term":[{"taxonomy":"product_brand","embeddable":true,"href":"https:\/\/www.hoogstra-autosport.nl\/fr\/wp-json\/wp\/v2\/product_brand?post=11348"},{"taxonomy":"product_cat","embeddable":true,"href":"https:\/\/www.hoogstra-autosport.nl\/fr\/wp-json\/wp\/v2\/product_cat?post=11348"},{"taxonomy":"product_tag","embeddable":true,"href":"https:\/\/www.hoogstra-autosport.nl\/fr\/wp-json\/wp\/v2\/product_tag?post=11348"}],"curies":[{"name":"wp","href":"https:\/\/api.w.org\/{rel}","templated":true}]}}