{"id":11134,"date":"2017-02-21T18:27:17","date_gmt":"2017-02-21T17:27:17","guid":{"rendered":"http:\/\/hoogstra-autosport.nl\/?product=omp-first-s-overall-fia-zwart-wit"},"modified":"2025-11-13T10:19:50","modified_gmt":"2025-11-13T09:19:50","slug":"omp-first-s-overall-fia-zwart-wit","status":"publish","type":"product","link":"https:\/\/www.hoogstra-autosport.nl\/fr\/produit\/omp-first-s-overall-fia-zwart-wit\/","title":{"rendered":"OMP First S Overall Zwart Wit"},"content":{"rendered":"<p>Gr\u00e2ce \u00e0 une construction textile particuli\u00e8rement souple, la combinaison de course FIRST-S d'OMP offre une bonne adh\u00e9rence au mat\u00e9riau et une bonne tenue. Dans la r\u00e9gion lombaire et sous les manches, des inserts extensibles en mati\u00e8re respirante garantissent une plus grande libert\u00e9 de mouvement et un ajustement parfait. Les \u00e9paulettes contrast\u00e9es, combin\u00e9es aux coutures diagonales contrast\u00e9es, conf\u00e8rent \u00e0 la combinaison OMP FIRST-S un look moderne et sportif.<\/p>","protected":false},"excerpt":{"rendered":"<p>Dankzij een bijzonder zachte textielconstructie heeft de OMP raceoverall FIRST-S een goede materiaalgrip en een goed passende pasvorm. In de lendenstreek en onder de mouwen zorgen stretch-inzetstukken van ademend materiaal voor meer bewegingsvrijheid en een perfecte pasvorm. De contrasterende epauletten, in combinatie met de diagonale contrasterende naden, geven de OMP FIRST-S jumpsuit een moderne en [&hellip;]<\/p>\n","protected":false},"featured_media":92874,"template":"","meta":{"_acf_changed":false},"product_brand":[],"product_cat":[2879],"product_tag":[],"class_list":{"0":"post-11134","1":"product","2":"type-product","3":"status-publish","4":"has-post-thumbnail","6":"product_cat-omp-overalls-fia","7":"product_shipping_class-4016","9":"first","10":"instock","11":"taxable","12":"shipping-taxable","13":"purchasable","14":"product-type-variable"},"acf":[],"yoast_head":"<!-- This site is optimized with the Yoast SEO plugin v27.1.1 - https:\/\/yoast.com\/product\/yoast-seo-wordpress\/ -->\n<title>OMP First S Overall Zwart Wit - Hoogstra Autosport<\/title>\n<meta name=\"robots\" content=\"index, follow, max-snippet:-1, max-image-preview:large, max-video-preview:-1\" \/>\n<link rel=\"canonical\" href=\"https:\/\/www.hoogstra-autosport.nl\/fr\/produit\/omp-first-s-overall-fia-zwart-wit\/\" \/>\n<meta property=\"og:locale\" content=\"fr_FR\" \/>\n<meta property=\"og:type\" content=\"article\" \/>\n<meta property=\"og:title\" content=\"OMP First S Overall Zwart Wit - Hoogstra Autosport\" \/>\n<meta property=\"og:description\" content=\"Dankzij een bijzonder zachte textielconstructie heeft de OMP raceoverall FIRST-S een goede materiaalgrip en een goed passende pasvorm. In de lendenstreek en onder de mouwen zorgen stretch-inzetstukken van ademend materiaal voor meer bewegingsvrijheid en een perfecte pasvorm. De contrasterende epauletten, in combinatie met de diagonale contrasterende naden, geven de OMP FIRST-S jumpsuit een moderne en [&hellip;]\" \/>\n<meta property=\"og:url\" content=\"https:\/\/www.hoogstra-autosport.nl\/fr\/produit\/omp-first-s-overall-fia-zwart-wit\/\" \/>\n<meta property=\"og:site_name\" content=\"Hoogstra Autosport\" \/>\n<meta property=\"article:modified_time\" content=\"2025-11-13T09:19:50+00:00\" \/>\n<meta property=\"og:image\" content=\"https:\/\/www.hoogstra-autosport.nl\/teamkoen\/wp-content\/uploads\/2017\/02\/OMP-first-s-zwart-wit.jpg\" \/>\n\t<meta property=\"og:image:width\" content=\"1080\" \/>\n\t<meta property=\"og:image:height\" content=\"1080\" \/>\n\t<meta property=\"og:image:type\" content=\"image\/jpeg\" \/>\n<meta name=\"twitter:card\" content=\"summary_large_image\" \/>\n<meta name=\"twitter:label1\" content=\"Dur\u00e9e de lecture estim\u00e9e\" \/>\n\t<meta name=\"twitter:data1\" content=\"1 minute\" \/>\n<script type=\"application\/ld+json\" class=\"yoast-schema-graph\">{\"@context\":\"https:\/\/schema.org\",\"@graph\":[{\"@type\":\"WebPage\",\"@id\":\"https:\/\/www.hoogstra-autosport.nl\/product\/omp-first-s-overall-fia-zwart-wit\/\",\"url\":\"https:\/\/www.hoogstra-autosport.nl\/product\/omp-first-s-overall-fia-zwart-wit\/\",\"name\":\"OMP First S Overall Zwart Wit - Hoogstra Autosport\",\"isPartOf\":{\"@id\":\"https:\/\/www.hoogstra-autosport.nl\/#website\"},\"primaryImageOfPage\":{\"@id\":\"https:\/\/www.hoogstra-autosport.nl\/product\/omp-first-s-overall-fia-zwart-wit\/#primaryimage\"},\"image\":{\"@id\":\"https:\/\/www.hoogstra-autosport.nl\/product\/omp-first-s-overall-fia-zwart-wit\/#primaryimage\"},\"thumbnailUrl\":\"https:\/\/www.hoogstra-autosport.nl\/teamkoen\/wp-content\/uploads\/2017\/02\/OMP-first-s-zwart-wit.jpg\",\"datePublished\":\"2017-02-21T17:27:17+00:00\",\"dateModified\":\"2025-11-13T09:19:50+00:00\",\"breadcrumb\":{\"@id\":\"https:\/\/www.hoogstra-autosport.nl\/product\/omp-first-s-overall-fia-zwart-wit\/#breadcrumb\"},\"inLanguage\":\"fr-FR\",\"potentialAction\":[{\"@type\":\"ReadAction\",\"target\":[\"https:\/\/www.hoogstra-autosport.nl\/product\/omp-first-s-overall-fia-zwart-wit\/\"]}]},{\"@type\":\"ImageObject\",\"inLanguage\":\"fr-FR\",\"@id\":\"https:\/\/www.hoogstra-autosport.nl\/product\/omp-first-s-overall-fia-zwart-wit\/#primaryimage\",\"url\":\"https:\/\/www.hoogstra-autosport.nl\/teamkoen\/wp-content\/uploads\/2017\/02\/OMP-first-s-zwart-wit.jpg\",\"contentUrl\":\"https:\/\/www.hoogstra-autosport.nl\/teamkoen\/wp-content\/uploads\/2017\/02\/OMP-first-s-zwart-wit.jpg\",\"width\":1080,\"height\":1080},{\"@type\":\"BreadcrumbList\",\"@id\":\"https:\/\/www.hoogstra-autosport.nl\/product\/omp-first-s-overall-fia-zwart-wit\/#breadcrumb\",\"itemListElement\":[{\"@type\":\"ListItem\",\"position\":1,\"name\":\"Home\",\"item\":\"https:\/\/www.hoogstra-autosport.nl\/\"},{\"@type\":\"ListItem\",\"position\":2,\"name\":\"Uitrusting\",\"item\":\"https:\/\/www.hoogstra-autosport.nl\/product-categorie\/autosport-kleding-helmen\/\"},{\"@type\":\"ListItem\",\"position\":3,\"name\":\"Autosport Kleding\",\"item\":\"https:\/\/www.hoogstra-autosport.nl\/product-categorie\/autosport-kleding-helmen\/autosport-kleding\/\"},{\"@type\":\"ListItem\",\"position\":4,\"name\":\"Overalls\",\"item\":\"https:\/\/www.hoogstra-autosport.nl\/product-categorie\/autosport-kleding-helmen\/autosport-kleding\/overalls\/\"},{\"@type\":\"ListItem\",\"position\":5,\"name\":\"FIA Autosportoveralls\",\"item\":\"https:\/\/www.hoogstra-autosport.nl\/product-categorie\/autosport-kleding-helmen\/autosport-kleding\/overalls\/fia-autosportoveralls\/\"},{\"@type\":\"ListItem\",\"position\":6,\"name\":\"OMP Overalls FIA\",\"item\":\"https:\/\/www.hoogstra-autosport.nl\/product-categorie\/autosport-kleding-helmen\/autosport-kleding\/overalls\/fia-autosportoveralls\/omp-overalls-fia\/\"},{\"@type\":\"ListItem\",\"position\":7,\"name\":\"OMP First S Overall Zwart Wit\"}]},{\"@type\":\"WebSite\",\"@id\":\"https:\/\/www.hoogstra-autosport.nl\/#website\",\"url\":\"https:\/\/www.hoogstra-autosport.nl\/\",\"name\":\"Hoogstra Autosport\",\"description\":\"Performance Autosport Parts!\",\"potentialAction\":[{\"@type\":\"SearchAction\",\"target\":{\"@type\":\"EntryPoint\",\"urlTemplate\":\"https:\/\/www.hoogstra-autosport.nl\/?s={search_term_string}\"},\"query-input\":{\"@type\":\"PropertyValueSpecification\",\"valueRequired\":true,\"valueName\":\"search_term_string\"}}],\"inLanguage\":\"fr-FR\"}]}<\/script>\n<!-- \/ Yoast SEO plugin. -->","yoast_head_json":{"title":"OMP First S Overall Zwart Wit - Hoogstra Autosport","robots":{"index":"index","follow":"follow","max-snippet":"max-snippet:-1","max-image-preview":"max-image-preview:large","max-video-preview":"max-video-preview:-1"},"canonical":"https:\/\/www.hoogstra-autosport.nl\/fr\/produit\/omp-first-s-overall-fia-zwart-wit\/","og_locale":"fr_FR","og_type":"article","og_title":"OMP First S Overall Zwart Wit - Hoogstra Autosport","og_description":"Dankzij een bijzonder zachte textielconstructie heeft de OMP raceoverall FIRST-S een goede materiaalgrip en een goed passende pasvorm. In de lendenstreek en onder de mouwen zorgen stretch-inzetstukken van ademend materiaal voor meer bewegingsvrijheid en een perfecte pasvorm. De contrasterende epauletten, in combinatie met de diagonale contrasterende naden, geven de OMP FIRST-S jumpsuit een moderne en [&hellip;]","og_url":"https:\/\/www.hoogstra-autosport.nl\/fr\/produit\/omp-first-s-overall-fia-zwart-wit\/","og_site_name":"Hoogstra Autosport","article_modified_time":"2025-11-13T09:19:50+00:00","og_image":[{"width":1080,"height":1080,"url":"https:\/\/www.hoogstra-autosport.nl\/teamkoen\/wp-content\/uploads\/2017\/02\/OMP-first-s-zwart-wit.jpg","type":"image\/jpeg"}],"twitter_card":"summary_large_image","twitter_misc":{"Dur\u00e9e de lecture estim\u00e9e":"1 minute"},"schema":{"@context":"https:\/\/schema.org","@graph":[{"@type":"WebPage","@id":"https:\/\/www.hoogstra-autosport.nl\/product\/omp-first-s-overall-fia-zwart-wit\/","url":"https:\/\/www.hoogstra-autosport.nl\/product\/omp-first-s-overall-fia-zwart-wit\/","name":"OMP First S Overall Zwart Wit - Hoogstra Autosport","isPartOf":{"@id":"https:\/\/www.hoogstra-autosport.nl\/#website"},"primaryImageOfPage":{"@id":"https:\/\/www.hoogstra-autosport.nl\/product\/omp-first-s-overall-fia-zwart-wit\/#primaryimage"},"image":{"@id":"https:\/\/www.hoogstra-autosport.nl\/product\/omp-first-s-overall-fia-zwart-wit\/#primaryimage"},"thumbnailUrl":"https:\/\/www.hoogstra-autosport.nl\/teamkoen\/wp-content\/uploads\/2017\/02\/OMP-first-s-zwart-wit.jpg","datePublished":"2017-02-21T17:27:17+00:00","dateModified":"2025-11-13T09:19:50+00:00","breadcrumb":{"@id":"https:\/\/www.hoogstra-autosport.nl\/product\/omp-first-s-overall-fia-zwart-wit\/#breadcrumb"},"inLanguage":"fr-FR","potentialAction":[{"@type":"ReadAction","target":["https:\/\/www.hoogstra-autosport.nl\/product\/omp-first-s-overall-fia-zwart-wit\/"]}]},{"@type":"ImageObject","inLanguage":"fr-FR","@id":"https:\/\/www.hoogstra-autosport.nl\/product\/omp-first-s-overall-fia-zwart-wit\/#primaryimage","url":"https:\/\/www.hoogstra-autosport.nl\/teamkoen\/wp-content\/uploads\/2017\/02\/OMP-first-s-zwart-wit.jpg","contentUrl":"https:\/\/www.hoogstra-autosport.nl\/teamkoen\/wp-content\/uploads\/2017\/02\/OMP-first-s-zwart-wit.jpg","width":1080,"height":1080},{"@type":"BreadcrumbList","@id":"https:\/\/www.hoogstra-autosport.nl\/product\/omp-first-s-overall-fia-zwart-wit\/#breadcrumb","itemListElement":[{"@type":"ListItem","position":1,"name":"Home","item":"https:\/\/www.hoogstra-autosport.nl\/"},{"@type":"ListItem","position":2,"name":"Uitrusting","item":"https:\/\/www.hoogstra-autosport.nl\/product-categorie\/autosport-kleding-helmen\/"},{"@type":"ListItem","position":3,"name":"Autosport Kleding","item":"https:\/\/www.hoogstra-autosport.nl\/product-categorie\/autosport-kleding-helmen\/autosport-kleding\/"},{"@type":"ListItem","position":4,"name":"Overalls","item":"https:\/\/www.hoogstra-autosport.nl\/product-categorie\/autosport-kleding-helmen\/autosport-kleding\/overalls\/"},{"@type":"ListItem","position":5,"name":"FIA Autosportoveralls","item":"https:\/\/www.hoogstra-autosport.nl\/product-categorie\/autosport-kleding-helmen\/autosport-kleding\/overalls\/fia-autosportoveralls\/"},{"@type":"ListItem","position":6,"name":"OMP Overalls FIA","item":"https:\/\/www.hoogstra-autosport.nl\/product-categorie\/autosport-kleding-helmen\/autosport-kleding\/overalls\/fia-autosportoveralls\/omp-overalls-fia\/"},{"@type":"ListItem","position":7,"name":"OMP First S Overall Zwart Wit"}]},{"@type":"WebSite","@id":"https:\/\/www.hoogstra-autosport.nl\/#website","url":"https:\/\/www.hoogstra-autosport.nl\/","name":"Hoogstra Autosport","description":"Performance Autosport Parts!","potentialAction":[{"@type":"SearchAction","target":{"@type":"EntryPoint","urlTemplate":"https:\/\/www.hoogstra-autosport.nl\/?s={search_term_string}"},"query-input":{"@type":"PropertyValueSpecification","valueRequired":true,"valueName":"search_term_string"}}],"inLanguage":"fr-FR"}]}},"tiered_pricing_type":"fixed","tiered_pricing_fixed_rules":[],"tiered_pricing_product_settings":{"layout":"default","base_unit_name":{"singular":null,"plural":null},"default_variation":null},"tiered_pricing_minimum_quantity":null,"tiered_pricing_roles_data":[],"tiered_pricing_percentage_rules":[],"tiered_pricing_maximum_quantity":null,"tiered_pricing_quantity_step":null,"_links":{"self":[{"href":"https:\/\/www.hoogstra-autosport.nl\/fr\/wp-json\/wp\/v2\/product\/11134","targetHints":{"allow":["GET"]}}],"collection":[{"href":"https:\/\/www.hoogstra-autosport.nl\/fr\/wp-json\/wp\/v2\/product"}],"about":[{"href":"https:\/\/www.hoogstra-autosport.nl\/fr\/wp-json\/wp\/v2\/types\/product"}],"wp:featuredmedia":[{"embeddable":true,"href":"https:\/\/www.hoogstra-autosport.nl\/fr\/wp-json\/wp\/v2\/media\/92874"}],"wp:attachment":[{"href":"https:\/\/www.hoogstra-autosport.nl\/fr\/wp-json\/wp\/v2\/media?parent=11134"}],"wp:term":[{"taxonomy":"product_brand","embeddable":true,"href":"https:\/\/www.hoogstra-autosport.nl\/fr\/wp-json\/wp\/v2\/product_brand?post=11134"},{"taxonomy":"product_cat","embeddable":true,"href":"https:\/\/www.hoogstra-autosport.nl\/fr\/wp-json\/wp\/v2\/product_cat?post=11134"},{"taxonomy":"product_tag","embeddable":true,"href":"https:\/\/www.hoogstra-autosport.nl\/fr\/wp-json\/wp\/v2\/product_tag?post=11134"}],"curies":[{"name":"wp","href":"https:\/\/api.w.org\/{rel}","templated":true}]}}