{"id":11006,"date":"2016-12-13T10:45:02","date_gmt":"2016-12-13T10:45:02","guid":{"rendered":"http:\/\/hoogstra-autosport.nl\/?product=push-on-dash-8-45-graden"},"modified":"2025-11-25T16:56:17","modified_gmt":"2025-11-25T15:56:17","slug":"push-on-dash-8-45-graden","status":"publish","type":"product","link":"https:\/\/www.hoogstra-autosport.nl\/fr\/produit\/push-on-dash-8-45-graden\/","title":{"rendered":"Push On Dash 8 45 degr\u00e9s"},"content":{"rendered":"<p>Mamelon \u00e0 embo\u00eeter tuyau de 11 mm<\/p>\n<p>Le tuyau n'est donc pas press\u00e9, mais vous pouvez le pousser sur le mamelon et le fixer \u00e0 l'aide d'un collier de serrage.<\/p>\n<p>Sont souvent vomis pour le syst\u00e8me qui n'est pas pressuris\u00e9 !<\/p>","protected":false},"excerpt":{"rendered":"<p>Push On nippel 11 mm slang Slang word dus niet geperst maar kun je zo op de nippel drukken en vast zetten met slangeklem. Word vaak gebraakt voor het dysteem wat niet op druk staat !<\/p>","protected":false},"featured_media":93816,"template":"","meta":{"_acf_changed":false},"product_brand":[],"product_cat":[2900],"product_tag":[],"class_list":{"0":"post-11006","1":"product","2":"type-product","3":"status-publish","4":"has-post-thumbnail","6":"product_cat-dash-8-push-on","7":"product_shipping_class-4016","9":"first","10":"instock","11":"taxable","12":"shipping-taxable","13":"purchasable","14":"product-type-simple"},"acf":[],"yoast_head":"<!-- This site is optimized with the Yoast SEO plugin v27.1.1 - https:\/\/yoast.com\/product\/yoast-seo-wordpress\/ -->\n<title>Push On Dash 8 45 graden - Hoogstra Autosport<\/title>\n<meta name=\"robots\" content=\"index, follow, max-snippet:-1, max-image-preview:large, max-video-preview:-1\" \/>\n<link rel=\"canonical\" href=\"https:\/\/www.hoogstra-autosport.nl\/fr\/produit\/push-on-dash-8-45-graden\/\" \/>\n<meta property=\"og:locale\" content=\"fr_FR\" \/>\n<meta property=\"og:type\" content=\"article\" \/>\n<meta property=\"og:title\" content=\"Push On Dash 8 45 graden - Hoogstra Autosport\" \/>\n<meta property=\"og:description\" content=\"Push On nippel 11 mm slang Slang word dus niet geperst maar kun je zo op de nippel drukken en vast zetten met slangeklem. Word vaak gebraakt voor het dysteem wat niet op druk staat !\" \/>\n<meta property=\"og:url\" content=\"https:\/\/www.hoogstra-autosport.nl\/fr\/produit\/push-on-dash-8-45-graden\/\" \/>\n<meta property=\"og:site_name\" content=\"Hoogstra Autosport\" \/>\n<meta property=\"article:modified_time\" content=\"2025-11-25T15:56:17+00:00\" \/>\n<meta property=\"og:image\" content=\"https:\/\/www.hoogstra-autosport.nl\/teamkoen\/wp-content\/uploads\/2016\/12\/QG536-180611.jpg\" \/>\n\t<meta property=\"og:image:width\" content=\"1080\" \/>\n\t<meta property=\"og:image:height\" content=\"1080\" \/>\n\t<meta property=\"og:image:type\" content=\"image\/jpeg\" \/>\n<meta name=\"twitter:card\" content=\"summary_large_image\" \/>\n<meta name=\"twitter:label1\" content=\"Dur\u00e9e de lecture estim\u00e9e\" \/>\n\t<meta name=\"twitter:data1\" content=\"1 minute\" \/>\n<script type=\"application\/ld+json\" class=\"yoast-schema-graph\">{\"@context\":\"https:\/\/schema.org\",\"@graph\":[{\"@type\":\"WebPage\",\"@id\":\"https:\/\/www.hoogstra-autosport.nl\/product\/push-on-dash-8-45-graden\/\",\"url\":\"https:\/\/www.hoogstra-autosport.nl\/product\/push-on-dash-8-45-graden\/\",\"name\":\"Push On Dash 8 45 graden - Hoogstra Autosport\",\"isPartOf\":{\"@id\":\"https:\/\/www.hoogstra-autosport.nl\/#website\"},\"primaryImageOfPage\":{\"@id\":\"https:\/\/www.hoogstra-autosport.nl\/product\/push-on-dash-8-45-graden\/#primaryimage\"},\"image\":{\"@id\":\"https:\/\/www.hoogstra-autosport.nl\/product\/push-on-dash-8-45-graden\/#primaryimage\"},\"thumbnailUrl\":\"https:\/\/www.hoogstra-autosport.nl\/teamkoen\/wp-content\/uploads\/2016\/12\/QG536-180611.jpg\",\"datePublished\":\"2016-12-13T10:45:02+00:00\",\"dateModified\":\"2025-11-25T15:56:17+00:00\",\"breadcrumb\":{\"@id\":\"https:\/\/www.hoogstra-autosport.nl\/product\/push-on-dash-8-45-graden\/#breadcrumb\"},\"inLanguage\":\"fr-FR\",\"potentialAction\":[{\"@type\":\"ReadAction\",\"target\":[\"https:\/\/www.hoogstra-autosport.nl\/product\/push-on-dash-8-45-graden\/\"]}]},{\"@type\":\"ImageObject\",\"inLanguage\":\"fr-FR\",\"@id\":\"https:\/\/www.hoogstra-autosport.nl\/product\/push-on-dash-8-45-graden\/#primaryimage\",\"url\":\"https:\/\/www.hoogstra-autosport.nl\/teamkoen\/wp-content\/uploads\/2016\/12\/QG536-180611.jpg\",\"contentUrl\":\"https:\/\/www.hoogstra-autosport.nl\/teamkoen\/wp-content\/uploads\/2016\/12\/QG536-180611.jpg\",\"width\":1080,\"height\":1080},{\"@type\":\"BreadcrumbList\",\"@id\":\"https:\/\/www.hoogstra-autosport.nl\/product\/push-on-dash-8-45-graden\/#breadcrumb\",\"itemListElement\":[{\"@type\":\"ListItem\",\"position\":1,\"name\":\"Home\",\"item\":\"https:\/\/www.hoogstra-autosport.nl\/\"},{\"@type\":\"ListItem\",\"position\":2,\"name\":\"Motorisch\",\"item\":\"https:\/\/www.hoogstra-autosport.nl\/product-categorie\/auto-techniek\/\"},{\"@type\":\"ListItem\",\"position\":3,\"name\":\"Slangen &amp; Dash Nippels\",\"item\":\"https:\/\/www.hoogstra-autosport.nl\/product-categorie\/auto-techniek\/dash-koppelingen\/\"},{\"@type\":\"ListItem\",\"position\":4,\"name\":\"Dash Push ON &amp; Klemmen\",\"item\":\"https:\/\/www.hoogstra-autosport.nl\/product-categorie\/auto-techniek\/dash-koppelingen\/dash-push-on\/\"},{\"@type\":\"ListItem\",\"position\":5,\"name\":\"Dash 8 Push On\",\"item\":\"https:\/\/www.hoogstra-autosport.nl\/product-categorie\/auto-techniek\/dash-koppelingen\/dash-push-on\/dash-8-push-on\/\"},{\"@type\":\"ListItem\",\"position\":6,\"name\":\"Push On Dash 8 45 graden\"}]},{\"@type\":\"WebSite\",\"@id\":\"https:\/\/www.hoogstra-autosport.nl\/#website\",\"url\":\"https:\/\/www.hoogstra-autosport.nl\/\",\"name\":\"Hoogstra Autosport\",\"description\":\"Performance Autosport Parts!\",\"potentialAction\":[{\"@type\":\"SearchAction\",\"target\":{\"@type\":\"EntryPoint\",\"urlTemplate\":\"https:\/\/www.hoogstra-autosport.nl\/?s={search_term_string}\"},\"query-input\":{\"@type\":\"PropertyValueSpecification\",\"valueRequired\":true,\"valueName\":\"search_term_string\"}}],\"inLanguage\":\"fr-FR\"}]}<\/script>\n<!-- \/ Yoast SEO plugin. -->","yoast_head_json":{"title":"Push On Dash 8 45 graden - Hoogstra Autosport","robots":{"index":"index","follow":"follow","max-snippet":"max-snippet:-1","max-image-preview":"max-image-preview:large","max-video-preview":"max-video-preview:-1"},"canonical":"https:\/\/www.hoogstra-autosport.nl\/fr\/produit\/push-on-dash-8-45-graden\/","og_locale":"fr_FR","og_type":"article","og_title":"Push On Dash 8 45 graden - Hoogstra Autosport","og_description":"Push On nippel 11 mm slang Slang word dus niet geperst maar kun je zo op de nippel drukken en vast zetten met slangeklem. Word vaak gebraakt voor het dysteem wat niet op druk staat !","og_url":"https:\/\/www.hoogstra-autosport.nl\/fr\/produit\/push-on-dash-8-45-graden\/","og_site_name":"Hoogstra Autosport","article_modified_time":"2025-11-25T15:56:17+00:00","og_image":[{"width":1080,"height":1080,"url":"https:\/\/www.hoogstra-autosport.nl\/teamkoen\/wp-content\/uploads\/2016\/12\/QG536-180611.jpg","type":"image\/jpeg"}],"twitter_card":"summary_large_image","twitter_misc":{"Dur\u00e9e de lecture estim\u00e9e":"1 minute"},"schema":{"@context":"https:\/\/schema.org","@graph":[{"@type":"WebPage","@id":"https:\/\/www.hoogstra-autosport.nl\/product\/push-on-dash-8-45-graden\/","url":"https:\/\/www.hoogstra-autosport.nl\/product\/push-on-dash-8-45-graden\/","name":"Push On Dash 8 45 graden - Hoogstra Autosport","isPartOf":{"@id":"https:\/\/www.hoogstra-autosport.nl\/#website"},"primaryImageOfPage":{"@id":"https:\/\/www.hoogstra-autosport.nl\/product\/push-on-dash-8-45-graden\/#primaryimage"},"image":{"@id":"https:\/\/www.hoogstra-autosport.nl\/product\/push-on-dash-8-45-graden\/#primaryimage"},"thumbnailUrl":"https:\/\/www.hoogstra-autosport.nl\/teamkoen\/wp-content\/uploads\/2016\/12\/QG536-180611.jpg","datePublished":"2016-12-13T10:45:02+00:00","dateModified":"2025-11-25T15:56:17+00:00","breadcrumb":{"@id":"https:\/\/www.hoogstra-autosport.nl\/product\/push-on-dash-8-45-graden\/#breadcrumb"},"inLanguage":"fr-FR","potentialAction":[{"@type":"ReadAction","target":["https:\/\/www.hoogstra-autosport.nl\/product\/push-on-dash-8-45-graden\/"]}]},{"@type":"ImageObject","inLanguage":"fr-FR","@id":"https:\/\/www.hoogstra-autosport.nl\/product\/push-on-dash-8-45-graden\/#primaryimage","url":"https:\/\/www.hoogstra-autosport.nl\/teamkoen\/wp-content\/uploads\/2016\/12\/QG536-180611.jpg","contentUrl":"https:\/\/www.hoogstra-autosport.nl\/teamkoen\/wp-content\/uploads\/2016\/12\/QG536-180611.jpg","width":1080,"height":1080},{"@type":"BreadcrumbList","@id":"https:\/\/www.hoogstra-autosport.nl\/product\/push-on-dash-8-45-graden\/#breadcrumb","itemListElement":[{"@type":"ListItem","position":1,"name":"Home","item":"https:\/\/www.hoogstra-autosport.nl\/"},{"@type":"ListItem","position":2,"name":"Motorisch","item":"https:\/\/www.hoogstra-autosport.nl\/product-categorie\/auto-techniek\/"},{"@type":"ListItem","position":3,"name":"Slangen &amp; Dash Nippels","item":"https:\/\/www.hoogstra-autosport.nl\/product-categorie\/auto-techniek\/dash-koppelingen\/"},{"@type":"ListItem","position":4,"name":"Dash Push ON &amp; Klemmen","item":"https:\/\/www.hoogstra-autosport.nl\/product-categorie\/auto-techniek\/dash-koppelingen\/dash-push-on\/"},{"@type":"ListItem","position":5,"name":"Dash 8 Push On","item":"https:\/\/www.hoogstra-autosport.nl\/product-categorie\/auto-techniek\/dash-koppelingen\/dash-push-on\/dash-8-push-on\/"},{"@type":"ListItem","position":6,"name":"Push On Dash 8 45 graden"}]},{"@type":"WebSite","@id":"https:\/\/www.hoogstra-autosport.nl\/#website","url":"https:\/\/www.hoogstra-autosport.nl\/","name":"Hoogstra Autosport","description":"Performance Autosport Parts!","potentialAction":[{"@type":"SearchAction","target":{"@type":"EntryPoint","urlTemplate":"https:\/\/www.hoogstra-autosport.nl\/?s={search_term_string}"},"query-input":{"@type":"PropertyValueSpecification","valueRequired":true,"valueName":"search_term_string"}}],"inLanguage":"fr-FR"}]}},"tiered_pricing_type":"fixed","tiered_pricing_fixed_rules":[],"tiered_pricing_product_settings":{"layout":"default","base_unit_name":{"singular":null,"plural":null},"default_variation":null},"tiered_pricing_minimum_quantity":null,"tiered_pricing_roles_data":[],"tiered_pricing_percentage_rules":[],"tiered_pricing_maximum_quantity":null,"tiered_pricing_quantity_step":null,"_links":{"self":[{"href":"https:\/\/www.hoogstra-autosport.nl\/fr\/wp-json\/wp\/v2\/product\/11006","targetHints":{"allow":["GET"]}}],"collection":[{"href":"https:\/\/www.hoogstra-autosport.nl\/fr\/wp-json\/wp\/v2\/product"}],"about":[{"href":"https:\/\/www.hoogstra-autosport.nl\/fr\/wp-json\/wp\/v2\/types\/product"}],"wp:featuredmedia":[{"embeddable":true,"href":"https:\/\/www.hoogstra-autosport.nl\/fr\/wp-json\/wp\/v2\/media\/93816"}],"wp:attachment":[{"href":"https:\/\/www.hoogstra-autosport.nl\/fr\/wp-json\/wp\/v2\/media?parent=11006"}],"wp:term":[{"taxonomy":"product_brand","embeddable":true,"href":"https:\/\/www.hoogstra-autosport.nl\/fr\/wp-json\/wp\/v2\/product_brand?post=11006"},{"taxonomy":"product_cat","embeddable":true,"href":"https:\/\/www.hoogstra-autosport.nl\/fr\/wp-json\/wp\/v2\/product_cat?post=11006"},{"taxonomy":"product_tag","embeddable":true,"href":"https:\/\/www.hoogstra-autosport.nl\/fr\/wp-json\/wp\/v2\/product_tag?post=11006"}],"curies":[{"name":"wp","href":"https:\/\/api.w.org\/{rel}","templated":true}]}}