{"id":10314,"date":"2016-06-15T09:20:32","date_gmt":"2016-06-15T09:20:32","guid":{"rendered":"http:\/\/hoogstra-autosport.nl\/?product=evans-prep-fluidEVANS-2-liter-Prep-"},"modified":"2026-02-23T21:53:49","modified_gmt":"2026-02-23T20:53:49","slug":"evans-prep-fluidevans-2-liter-prep","status":"publish","type":"product","link":"https:\/\/www.hoogstra-autosport.nl\/fr\/produit\/evans-prep-fluidevans-2-liter-prep\/","title":{"rendered":"Evans Prep Fluid"},"content":{"rendered":"<p>Absorbe l'eau<br \/>\nVotre syst\u00e8me de refroidissement doit \u00eatre exempt d'eau avant d'\u00eatre rempli avec le liquide de refroidissement sans eau Evans. Le fluide Evans Prep absorbe de mani\u00e8re hygroscopique toute l'eau restante dans le syst\u00e8me de refroidissement apr\u00e8s la vidange.<\/p>\n<p>Syst\u00e8me de rin\u00e7age<br \/>\nLe fluide Evans Prep \u00e9limine activement la salet\u00e9 et le tartre du syst\u00e8me de refroidissement, ce qui est important car cela rend le transfert de chaleur plus efficace.<\/p>","protected":false},"excerpt":{"rendered":"<p>Absorbeert Water Uw koelsysteem moet vrij van water zijn, voordat u het met Evans waterloze koelvloeistof vult. Evans Prep Fluid absorbeert hygroscopisch het resterende water in het koelsysteem na het aftappen. Spoelt systeem Evans Prep Fluid verwijdert actief los vuil en kalk uit het koelsysteem, wat belangrijk is omdat dit de warmte-overdracht effici\u00ebnter maakt<\/p>","protected":false},"featured_media":7737,"template":"","meta":{"_acf_changed":false},"product_brand":[],"product_cat":[4132,2706],"product_tag":[],"class_list":{"0":"post-10314","1":"product","2":"type-product","3":"status-publish","4":"has-post-thumbnail","6":"product_cat-evans","7":"product_cat-koelvloeistof-en-toevoegingen","8":"product_shipping_class-4016","10":"first","11":"instock","12":"taxable","13":"shipping-taxable","14":"purchasable","15":"product-type-simple"},"acf":[],"yoast_head":"<!-- This site is optimized with the Yoast SEO plugin v27.1.1 - https:\/\/yoast.com\/product\/yoast-seo-wordpress\/ -->\n<title>Evans Prep Fluid - Hoogstra Autosport<\/title>\n<meta name=\"robots\" content=\"index, follow, max-snippet:-1, max-image-preview:large, max-video-preview:-1\" \/>\n<link rel=\"canonical\" href=\"https:\/\/www.hoogstra-autosport.nl\/fr\/produit\/evans-prep-fluidevans-2-liter-prep\/\" \/>\n<meta property=\"og:locale\" content=\"fr_FR\" \/>\n<meta property=\"og:type\" content=\"article\" \/>\n<meta property=\"og:title\" content=\"Evans Prep Fluid - Hoogstra Autosport\" \/>\n<meta property=\"og:description\" content=\"Absorbeert Water Uw koelsysteem moet vrij van water zijn, voordat u het met Evans waterloze koelvloeistof vult. Evans Prep Fluid absorbeert hygroscopisch het resterende water in het koelsysteem na het aftappen. Spoelt systeem Evans Prep Fluid verwijdert actief los vuil en kalk uit het koelsysteem, wat belangrijk is omdat dit de warmte-overdracht effici\u00ebnter maakt\" \/>\n<meta property=\"og:url\" content=\"https:\/\/www.hoogstra-autosport.nl\/fr\/produit\/evans-prep-fluidevans-2-liter-prep\/\" \/>\n<meta property=\"og:site_name\" content=\"Hoogstra Autosport\" \/>\n<meta property=\"article:modified_time\" content=\"2026-02-23T20:53:49+00:00\" \/>\n<meta property=\"og:image\" content=\"https:\/\/www.hoogstra-autosport.nl\/teamkoen\/content\/uploads\/catalog\/product\/evanscat254x203.jpg\" \/>\n\t<meta property=\"og:image:width\" content=\"254\" \/>\n\t<meta property=\"og:image:height\" content=\"203\" \/>\n\t<meta property=\"og:image:type\" content=\"image\/jpeg\" \/>\n<meta name=\"twitter:card\" content=\"summary_large_image\" \/>\n<script type=\"application\/ld+json\" class=\"yoast-schema-graph\">{\"@context\":\"https:\/\/schema.org\",\"@graph\":[{\"@type\":\"WebPage\",\"@id\":\"https:\/\/www.hoogstra-autosport.nl\/product\/evans-prep-fluidevans-2-liter-prep\/\",\"url\":\"https:\/\/www.hoogstra-autosport.nl\/product\/evans-prep-fluidevans-2-liter-prep\/\",\"name\":\"Evans Prep Fluid - Hoogstra Autosport\",\"isPartOf\":{\"@id\":\"https:\/\/www.hoogstra-autosport.nl\/#website\"},\"primaryImageOfPage\":{\"@id\":\"https:\/\/www.hoogstra-autosport.nl\/product\/evans-prep-fluidevans-2-liter-prep\/#primaryimage\"},\"image\":{\"@id\":\"https:\/\/www.hoogstra-autosport.nl\/product\/evans-prep-fluidevans-2-liter-prep\/#primaryimage\"},\"thumbnailUrl\":\"https:\/\/www.hoogstra-autosport.nl\/teamkoen\/wp-content\/uploads\/catalog\/product\/evanscat254x203.jpg\",\"datePublished\":\"2016-06-15T09:20:32+00:00\",\"dateModified\":\"2026-02-23T20:53:49+00:00\",\"breadcrumb\":{\"@id\":\"https:\/\/www.hoogstra-autosport.nl\/product\/evans-prep-fluidevans-2-liter-prep\/#breadcrumb\"},\"inLanguage\":\"fr-FR\",\"potentialAction\":[{\"@type\":\"ReadAction\",\"target\":[\"https:\/\/www.hoogstra-autosport.nl\/product\/evans-prep-fluidevans-2-liter-prep\/\"]}]},{\"@type\":\"ImageObject\",\"inLanguage\":\"fr-FR\",\"@id\":\"https:\/\/www.hoogstra-autosport.nl\/product\/evans-prep-fluidevans-2-liter-prep\/#primaryimage\",\"url\":\"https:\/\/www.hoogstra-autosport.nl\/teamkoen\/wp-content\/uploads\/catalog\/product\/evanscat254x203.jpg\",\"contentUrl\":\"https:\/\/www.hoogstra-autosport.nl\/teamkoen\/wp-content\/uploads\/catalog\/product\/evanscat254x203.jpg\",\"width\":254,\"height\":203},{\"@type\":\"BreadcrumbList\",\"@id\":\"https:\/\/www.hoogstra-autosport.nl\/product\/evans-prep-fluidevans-2-liter-prep\/#breadcrumb\",\"itemListElement\":[{\"@type\":\"ListItem\",\"position\":1,\"name\":\"Home\",\"item\":\"https:\/\/www.hoogstra-autosport.nl\/\"},{\"@type\":\"ListItem\",\"position\":2,\"name\":\"Koeling &amp; Luchtfilters\",\"item\":\"https:\/\/www.hoogstra-autosport.nl\/product-categorie\/koeling-2\/\"},{\"@type\":\"ListItem\",\"position\":3,\"name\":\"Koeling\",\"item\":\"https:\/\/www.hoogstra-autosport.nl\/product-categorie\/koeling-2\/koeling\/\"},{\"@type\":\"ListItem\",\"position\":4,\"name\":\"Koelvloeistof en Toevoegingen\",\"item\":\"https:\/\/www.hoogstra-autosport.nl\/product-categorie\/koeling-2\/koeling\/koelvloeistof-en-toevoegingen\/\"},{\"@type\":\"ListItem\",\"position\":5,\"name\":\"Evans Prep Fluid\"}]},{\"@type\":\"WebSite\",\"@id\":\"https:\/\/www.hoogstra-autosport.nl\/#website\",\"url\":\"https:\/\/www.hoogstra-autosport.nl\/\",\"name\":\"Hoogstra Autosport\",\"description\":\"Performance Autosport Parts!\",\"potentialAction\":[{\"@type\":\"SearchAction\",\"target\":{\"@type\":\"EntryPoint\",\"urlTemplate\":\"https:\/\/www.hoogstra-autosport.nl\/?s={search_term_string}\"},\"query-input\":{\"@type\":\"PropertyValueSpecification\",\"valueRequired\":true,\"valueName\":\"search_term_string\"}}],\"inLanguage\":\"fr-FR\"}]}<\/script>\n<!-- \/ Yoast SEO plugin. -->","yoast_head_json":{"title":"Evans Prep Fluid - Hoogstra Autosport","robots":{"index":"index","follow":"follow","max-snippet":"max-snippet:-1","max-image-preview":"max-image-preview:large","max-video-preview":"max-video-preview:-1"},"canonical":"https:\/\/www.hoogstra-autosport.nl\/fr\/produit\/evans-prep-fluidevans-2-liter-prep\/","og_locale":"fr_FR","og_type":"article","og_title":"Evans Prep Fluid - Hoogstra Autosport","og_description":"Absorbeert Water Uw koelsysteem moet vrij van water zijn, voordat u het met Evans waterloze koelvloeistof vult. Evans Prep Fluid absorbeert hygroscopisch het resterende water in het koelsysteem na het aftappen. Spoelt systeem Evans Prep Fluid verwijdert actief los vuil en kalk uit het koelsysteem, wat belangrijk is omdat dit de warmte-overdracht effici\u00ebnter maakt","og_url":"https:\/\/www.hoogstra-autosport.nl\/fr\/produit\/evans-prep-fluidevans-2-liter-prep\/","og_site_name":"Hoogstra Autosport","article_modified_time":"2026-02-23T20:53:49+00:00","og_image":[{"width":254,"height":203,"url":"https:\/\/www.hoogstra-autosport.nl\/teamkoen\/content\/uploads\/catalog\/product\/evanscat254x203.jpg","type":"image\/jpeg"}],"twitter_card":"summary_large_image","schema":{"@context":"https:\/\/schema.org","@graph":[{"@type":"WebPage","@id":"https:\/\/www.hoogstra-autosport.nl\/product\/evans-prep-fluidevans-2-liter-prep\/","url":"https:\/\/www.hoogstra-autosport.nl\/product\/evans-prep-fluidevans-2-liter-prep\/","name":"Evans Prep Fluid - Hoogstra Autosport","isPartOf":{"@id":"https:\/\/www.hoogstra-autosport.nl\/#website"},"primaryImageOfPage":{"@id":"https:\/\/www.hoogstra-autosport.nl\/product\/evans-prep-fluidevans-2-liter-prep\/#primaryimage"},"image":{"@id":"https:\/\/www.hoogstra-autosport.nl\/product\/evans-prep-fluidevans-2-liter-prep\/#primaryimage"},"thumbnailUrl":"https:\/\/www.hoogstra-autosport.nl\/teamkoen\/wp-content\/uploads\/catalog\/product\/evanscat254x203.jpg","datePublished":"2016-06-15T09:20:32+00:00","dateModified":"2026-02-23T20:53:49+00:00","breadcrumb":{"@id":"https:\/\/www.hoogstra-autosport.nl\/product\/evans-prep-fluidevans-2-liter-prep\/#breadcrumb"},"inLanguage":"fr-FR","potentialAction":[{"@type":"ReadAction","target":["https:\/\/www.hoogstra-autosport.nl\/product\/evans-prep-fluidevans-2-liter-prep\/"]}]},{"@type":"ImageObject","inLanguage":"fr-FR","@id":"https:\/\/www.hoogstra-autosport.nl\/product\/evans-prep-fluidevans-2-liter-prep\/#primaryimage","url":"https:\/\/www.hoogstra-autosport.nl\/teamkoen\/wp-content\/uploads\/catalog\/product\/evanscat254x203.jpg","contentUrl":"https:\/\/www.hoogstra-autosport.nl\/teamkoen\/wp-content\/uploads\/catalog\/product\/evanscat254x203.jpg","width":254,"height":203},{"@type":"BreadcrumbList","@id":"https:\/\/www.hoogstra-autosport.nl\/product\/evans-prep-fluidevans-2-liter-prep\/#breadcrumb","itemListElement":[{"@type":"ListItem","position":1,"name":"Home","item":"https:\/\/www.hoogstra-autosport.nl\/"},{"@type":"ListItem","position":2,"name":"Koeling &amp; Luchtfilters","item":"https:\/\/www.hoogstra-autosport.nl\/product-categorie\/koeling-2\/"},{"@type":"ListItem","position":3,"name":"Koeling","item":"https:\/\/www.hoogstra-autosport.nl\/product-categorie\/koeling-2\/koeling\/"},{"@type":"ListItem","position":4,"name":"Koelvloeistof en Toevoegingen","item":"https:\/\/www.hoogstra-autosport.nl\/product-categorie\/koeling-2\/koeling\/koelvloeistof-en-toevoegingen\/"},{"@type":"ListItem","position":5,"name":"Evans Prep Fluid"}]},{"@type":"WebSite","@id":"https:\/\/www.hoogstra-autosport.nl\/#website","url":"https:\/\/www.hoogstra-autosport.nl\/","name":"Hoogstra Autosport","description":"Performance Autosport Parts!","potentialAction":[{"@type":"SearchAction","target":{"@type":"EntryPoint","urlTemplate":"https:\/\/www.hoogstra-autosport.nl\/?s={search_term_string}"},"query-input":{"@type":"PropertyValueSpecification","valueRequired":true,"valueName":"search_term_string"}}],"inLanguage":"fr-FR"}]}},"tiered_pricing_type":"fixed","tiered_pricing_fixed_rules":[],"tiered_pricing_product_settings":{"layout":"default","base_unit_name":{"singular":null,"plural":null},"default_variation":null},"tiered_pricing_minimum_quantity":null,"tiered_pricing_roles_data":[],"tiered_pricing_percentage_rules":[],"tiered_pricing_maximum_quantity":null,"tiered_pricing_quantity_step":null,"_links":{"self":[{"href":"https:\/\/www.hoogstra-autosport.nl\/fr\/wp-json\/wp\/v2\/product\/10314","targetHints":{"allow":["GET"]}}],"collection":[{"href":"https:\/\/www.hoogstra-autosport.nl\/fr\/wp-json\/wp\/v2\/product"}],"about":[{"href":"https:\/\/www.hoogstra-autosport.nl\/fr\/wp-json\/wp\/v2\/types\/product"}],"wp:featuredmedia":[{"embeddable":true,"href":"https:\/\/www.hoogstra-autosport.nl\/fr\/wp-json\/wp\/v2\/media\/7737"}],"wp:attachment":[{"href":"https:\/\/www.hoogstra-autosport.nl\/fr\/wp-json\/wp\/v2\/media?parent=10314"}],"wp:term":[{"taxonomy":"product_brand","embeddable":true,"href":"https:\/\/www.hoogstra-autosport.nl\/fr\/wp-json\/wp\/v2\/product_brand?post=10314"},{"taxonomy":"product_cat","embeddable":true,"href":"https:\/\/www.hoogstra-autosport.nl\/fr\/wp-json\/wp\/v2\/product_cat?post=10314"},{"taxonomy":"product_tag","embeddable":true,"href":"https:\/\/www.hoogstra-autosport.nl\/fr\/wp-json\/wp\/v2\/product_tag?post=10314"}],"curies":[{"name":"wp","href":"https:\/\/api.w.org\/{rel}","templated":true}]}}