{"id":9355,"date":"2015-09-04T13:11:00","date_gmt":"2015-09-04T11:11:00","guid":{"rendered":"http:\/\/hoogstra-autosport.nl\/?product=olie-koeler-aansluitset-34-staal-omvlochten-leiding"},"modified":"2024-01-20T13:00:05","modified_gmt":"2024-01-20T12:00:05","slug":"olie-koeler-aansluitset-34-staal-omvlochten-leiding","status":"publish","type":"product","link":"https:\/\/www.hoogstra-autosport.nl\/en\/product\/olie-koeler-aansluitset-34-staal-omvlochten-leiding\/","title":{"rendered":"Oil Cooler Connection Set 3\/4 Steel Braided Pipe"},"content":{"rendered":"<p>Oil cooler connection kit\u00a0<\/p>\n<p>Adapter plate for on the engine with 3\/4 inch connection\u00a0<\/p>\n<p>For the following oil filters\/ brands of cars\u00a0<\/p>\n<p>Complete set with hoses and holder for oil cooler hoses have a 90 degree bend with connection 1\/2 inch for oil cooler and bottom side adapter plate\u00a0<\/p>\n<p>Alfa Romeo, alle Modelle au\u00dfer mit M20-Anschlu\u00df<br \/>\nAudi, alle Modelle<br \/>\nBMW, alle Modelle mit Anschraubfilter<br \/>\nChrysler, alle Modelle au\u00dfer 2.6i und Diesel<br \/>\nDAF 44, 55, 66<br \/>\nDaimler-Benz, alle Modelle mit Anschraubfilter<br \/>\nFiat, alle Modelle au\u00dfer Diesel, au\u00dfer mit M20-Anschlu\u00df<br \/>\nFord, alle Modelle au\u00dfer Probe<br \/>\nJeep, Cherokee, Wrangler 91-97<br \/>\nLada, alle Modelle au\u00dfer Niva Diesel<br \/>\nLancia, alle Modelle au\u00dfer Diesel, au\u00dfer mit M20-Anschlu\u00df<br \/>\nNissan, alle Modelle au\u00dfer Diesel<br \/>\nOpel Corsa 1.0\/1.3, -8\/85,<br \/>\nOpel Monza, alle Modelle<br \/>\nKadett C, alle Modelle<br \/>\nKadett D 1.0\/1.2\/1.3<br \/>\nAscona\/Manta A\/B, 400, au\u00dfer 1.8<br \/>\nAscona C 1.3, -8\/85<br \/>\nOmega 2.4\/3.0 Monza\/Senator, alle Modelle<br \/>\nRekord D\/E, au\u00dfer 1.8<br \/>\nCommodore, alle Modelle<br \/>\nPeugeot 205, -6\/87, au\u00dferDiesel\/GTI<br \/>\nPeugeot 504\/604 V6<br \/>\nPorsche 924, all 2.0 + Turbo<br \/>\nRenault, alle Modelle, -6\/84<br \/>\nRover 2500, 3000, 6\/76-<br \/>\nRange Rover, 77-<br \/>\nSaab, alle Modelle au\u00dfer 2.5 V6, 3.0 V6<br \/>\nSeat, alle Modelle<br \/>\nSuzuki, alle Modelle<br \/>\nToyota, alle Modelle<br \/>\nVW, alle Modelle au\u00dfer VR6, K\u00e4fer, Transporter T2\/T4<br \/>\nVolvo, alle Modelle au\u00dfer 440\/480<\/p>","protected":false},"excerpt":{"rendered":"<p>Olie koeler aansluit set\u00a0 Adapterplaat voor aan de motor met 3\/4 duims aansluiting\u00a0 Voor onderstaande olie filters\/ merken auto&#8217;s\u00a0 Komplete set met slangen en houder voor de oliekoeler slangen hebben een 90 graden bocht met aansluiting 1\/2 duims voor olie koeler en onder zijde adapterplaat\u00a0 Alfa Romeo, alle Modelle au\u00dfer mit M20-Anschlu\u00df Audi, alle Modelle [&hellip;]<\/p>\n","protected":false},"featured_media":9356,"template":"","meta":{"_acf_changed":false},"product_brand":[],"product_cat":[4074,2743],"product_tag":[],"class_list":{"0":"post-9355","1":"product","2":"type-product","3":"status-publish","4":"has-post-thumbnail","6":"product_cat-beltenick","7":"product_cat-olieslangen-aansluiting","8":"product_shipping_class-4016","10":"first","11":"instock","12":"taxable","13":"shipping-taxable","14":"purchasable","15":"product-type-simple"},"acf":[],"yoast_head":"<!-- This site is optimized with the Yoast SEO plugin v27.1.1 - https:\/\/yoast.com\/product\/yoast-seo-wordpress\/ -->\n<title>Olie Koeler Aansluitset 3\/4 Staal omvlochten leiding - Hoogstra Autosport<\/title>\n<meta name=\"robots\" content=\"index, follow, max-snippet:-1, max-image-preview:large, max-video-preview:-1\" \/>\n<link rel=\"canonical\" href=\"https:\/\/www.hoogstra-autosport.nl\/en\/product\/olie-koeler-aansluitset-34-staal-omvlochten-leiding\/\" \/>\n<meta property=\"og:locale\" content=\"en_US\" \/>\n<meta property=\"og:type\" content=\"article\" \/>\n<meta property=\"og:title\" content=\"Olie Koeler Aansluitset 3\/4 Staal omvlochten leiding - Hoogstra Autosport\" \/>\n<meta property=\"og:description\" content=\"Olie koeler aansluit set\u00a0 Adapterplaat voor aan de motor met 3\/4 duims aansluiting\u00a0 Voor onderstaande olie filters\/ merken auto&#8217;s\u00a0 Komplete set met slangen en houder voor de oliekoeler slangen hebben een 90 graden bocht met aansluiting 1\/2 duims voor olie koeler en onder zijde adapterplaat\u00a0 Alfa Romeo, alle Modelle au\u00dfer mit M20-Anschlu\u00df Audi, alle Modelle [&hellip;]\" \/>\n<meta property=\"og:url\" content=\"https:\/\/www.hoogstra-autosport.nl\/en\/product\/olie-koeler-aansluitset-34-staal-omvlochten-leiding\/\" \/>\n<meta property=\"og:site_name\" content=\"Hoogstra Autosport\" \/>\n<meta property=\"article:modified_time\" content=\"2024-01-20T12:00:05+00:00\" \/>\n<meta property=\"og:image\" content=\"https:\/\/www.hoogstra-autosport.nl\/teamkoen\/content\/uploads\/catalog\/product\/image_034561_020(Custom).jpg\" \/>\n\t<meta property=\"og:image:width\" content=\"720\" \/>\n\t<meta property=\"og:image:height\" content=\"960\" \/>\n\t<meta property=\"og:image:type\" content=\"image\/jpeg\" \/>\n<meta name=\"twitter:card\" content=\"summary_large_image\" \/>\n<meta name=\"twitter:label1\" content=\"Est. reading time\" \/>\n\t<meta name=\"twitter:data1\" content=\"1 minute\" \/>\n<script type=\"application\/ld+json\" class=\"yoast-schema-graph\">{\"@context\":\"https:\/\/schema.org\",\"@graph\":[{\"@type\":\"WebPage\",\"@id\":\"https:\/\/www.hoogstra-autosport.nl\/product\/olie-koeler-aansluitset-34-staal-omvlochten-leiding\/\",\"url\":\"https:\/\/www.hoogstra-autosport.nl\/product\/olie-koeler-aansluitset-34-staal-omvlochten-leiding\/\",\"name\":\"Olie Koeler Aansluitset 3\/4 Staal omvlochten leiding - Hoogstra Autosport\",\"isPartOf\":{\"@id\":\"https:\/\/www.hoogstra-autosport.nl\/#website\"},\"primaryImageOfPage\":{\"@id\":\"https:\/\/www.hoogstra-autosport.nl\/product\/olie-koeler-aansluitset-34-staal-omvlochten-leiding\/#primaryimage\"},\"image\":{\"@id\":\"https:\/\/www.hoogstra-autosport.nl\/product\/olie-koeler-aansluitset-34-staal-omvlochten-leiding\/#primaryimage\"},\"thumbnailUrl\":\"https:\/\/www.hoogstra-autosport.nl\/teamkoen\/wp-content\/uploads\/catalog\/product\/image_034561_020(Custom).jpg\",\"datePublished\":\"2015-09-04T11:11:00+00:00\",\"dateModified\":\"2024-01-20T12:00:05+00:00\",\"breadcrumb\":{\"@id\":\"https:\/\/www.hoogstra-autosport.nl\/product\/olie-koeler-aansluitset-34-staal-omvlochten-leiding\/#breadcrumb\"},\"inLanguage\":\"en-US\",\"potentialAction\":[{\"@type\":\"ReadAction\",\"target\":[\"https:\/\/www.hoogstra-autosport.nl\/product\/olie-koeler-aansluitset-34-staal-omvlochten-leiding\/\"]}]},{\"@type\":\"ImageObject\",\"inLanguage\":\"en-US\",\"@id\":\"https:\/\/www.hoogstra-autosport.nl\/product\/olie-koeler-aansluitset-34-staal-omvlochten-leiding\/#primaryimage\",\"url\":\"https:\/\/www.hoogstra-autosport.nl\/teamkoen\/wp-content\/uploads\/catalog\/product\/image_034561_020(Custom).jpg\",\"contentUrl\":\"https:\/\/www.hoogstra-autosport.nl\/teamkoen\/wp-content\/uploads\/catalog\/product\/image_034561_020(Custom).jpg\",\"width\":720,\"height\":960},{\"@type\":\"BreadcrumbList\",\"@id\":\"https:\/\/www.hoogstra-autosport.nl\/product\/olie-koeler-aansluitset-34-staal-omvlochten-leiding\/#breadcrumb\",\"itemListElement\":[{\"@type\":\"ListItem\",\"position\":1,\"name\":\"Home\",\"item\":\"https:\/\/www.hoogstra-autosport.nl\/\"},{\"@type\":\"ListItem\",\"position\":2,\"name\":\"Motorisch\",\"item\":\"https:\/\/www.hoogstra-autosport.nl\/product-categorie\/auto-techniek\/\"},{\"@type\":\"ListItem\",\"position\":3,\"name\":\"Olie Koelers &amp; Adapters\",\"item\":\"https:\/\/www.hoogstra-autosport.nl\/product-categorie\/auto-techniek\/motor-compartiment\/\"},{\"@type\":\"ListItem\",\"position\":4,\"name\":\"Olieslangen &amp; Kits &amp; Oliepompen\",\"item\":\"https:\/\/www.hoogstra-autosport.nl\/product-categorie\/auto-techniek\/motor-compartiment\/olieslangen-aansluiting\/\"},{\"@type\":\"ListItem\",\"position\":5,\"name\":\"Olie Koeler Aansluitset 3\/4 Staal omvlochten leiding\"}]},{\"@type\":\"WebSite\",\"@id\":\"https:\/\/www.hoogstra-autosport.nl\/#website\",\"url\":\"https:\/\/www.hoogstra-autosport.nl\/\",\"name\":\"Hoogstra Autosport\",\"description\":\"Performance Autosport Parts!\",\"potentialAction\":[{\"@type\":\"SearchAction\",\"target\":{\"@type\":\"EntryPoint\",\"urlTemplate\":\"https:\/\/www.hoogstra-autosport.nl\/?s={search_term_string}\"},\"query-input\":{\"@type\":\"PropertyValueSpecification\",\"valueRequired\":true,\"valueName\":\"search_term_string\"}}],\"inLanguage\":\"en-US\"}]}<\/script>\n<!-- \/ Yoast SEO plugin. -->","yoast_head_json":{"title":"Olie Koeler Aansluitset 3\/4 Staal omvlochten leiding - Hoogstra Autosport","robots":{"index":"index","follow":"follow","max-snippet":"max-snippet:-1","max-image-preview":"max-image-preview:large","max-video-preview":"max-video-preview:-1"},"canonical":"https:\/\/www.hoogstra-autosport.nl\/en\/product\/olie-koeler-aansluitset-34-staal-omvlochten-leiding\/","og_locale":"en_US","og_type":"article","og_title":"Olie Koeler Aansluitset 3\/4 Staal omvlochten leiding - Hoogstra Autosport","og_description":"Olie koeler aansluit set\u00a0 Adapterplaat voor aan de motor met 3\/4 duims aansluiting\u00a0 Voor onderstaande olie filters\/ merken auto&#8217;s\u00a0 Komplete set met slangen en houder voor de oliekoeler slangen hebben een 90 graden bocht met aansluiting 1\/2 duims voor olie koeler en onder zijde adapterplaat\u00a0 Alfa Romeo, alle Modelle au\u00dfer mit M20-Anschlu\u00df Audi, alle Modelle [&hellip;]","og_url":"https:\/\/www.hoogstra-autosport.nl\/en\/product\/olie-koeler-aansluitset-34-staal-omvlochten-leiding\/","og_site_name":"Hoogstra Autosport","article_modified_time":"2024-01-20T12:00:05+00:00","og_image":[{"width":720,"height":960,"url":"https:\/\/www.hoogstra-autosport.nl\/teamkoen\/content\/uploads\/catalog\/product\/image_034561_020(Custom).jpg","type":"image\/jpeg"}],"twitter_card":"summary_large_image","twitter_misc":{"Est. reading time":"1 minute"},"schema":{"@context":"https:\/\/schema.org","@graph":[{"@type":"WebPage","@id":"https:\/\/www.hoogstra-autosport.nl\/product\/olie-koeler-aansluitset-34-staal-omvlochten-leiding\/","url":"https:\/\/www.hoogstra-autosport.nl\/product\/olie-koeler-aansluitset-34-staal-omvlochten-leiding\/","name":"Olie Koeler Aansluitset 3\/4 Staal omvlochten leiding - Hoogstra Autosport","isPartOf":{"@id":"https:\/\/www.hoogstra-autosport.nl\/#website"},"primaryImageOfPage":{"@id":"https:\/\/www.hoogstra-autosport.nl\/product\/olie-koeler-aansluitset-34-staal-omvlochten-leiding\/#primaryimage"},"image":{"@id":"https:\/\/www.hoogstra-autosport.nl\/product\/olie-koeler-aansluitset-34-staal-omvlochten-leiding\/#primaryimage"},"thumbnailUrl":"https:\/\/www.hoogstra-autosport.nl\/teamkoen\/wp-content\/uploads\/catalog\/product\/image_034561_020(Custom).jpg","datePublished":"2015-09-04T11:11:00+00:00","dateModified":"2024-01-20T12:00:05+00:00","breadcrumb":{"@id":"https:\/\/www.hoogstra-autosport.nl\/product\/olie-koeler-aansluitset-34-staal-omvlochten-leiding\/#breadcrumb"},"inLanguage":"en-US","potentialAction":[{"@type":"ReadAction","target":["https:\/\/www.hoogstra-autosport.nl\/product\/olie-koeler-aansluitset-34-staal-omvlochten-leiding\/"]}]},{"@type":"ImageObject","inLanguage":"en-US","@id":"https:\/\/www.hoogstra-autosport.nl\/product\/olie-koeler-aansluitset-34-staal-omvlochten-leiding\/#primaryimage","url":"https:\/\/www.hoogstra-autosport.nl\/teamkoen\/wp-content\/uploads\/catalog\/product\/image_034561_020(Custom).jpg","contentUrl":"https:\/\/www.hoogstra-autosport.nl\/teamkoen\/wp-content\/uploads\/catalog\/product\/image_034561_020(Custom).jpg","width":720,"height":960},{"@type":"BreadcrumbList","@id":"https:\/\/www.hoogstra-autosport.nl\/product\/olie-koeler-aansluitset-34-staal-omvlochten-leiding\/#breadcrumb","itemListElement":[{"@type":"ListItem","position":1,"name":"Home","item":"https:\/\/www.hoogstra-autosport.nl\/"},{"@type":"ListItem","position":2,"name":"Motorisch","item":"https:\/\/www.hoogstra-autosport.nl\/product-categorie\/auto-techniek\/"},{"@type":"ListItem","position":3,"name":"Olie Koelers &amp; Adapters","item":"https:\/\/www.hoogstra-autosport.nl\/product-categorie\/auto-techniek\/motor-compartiment\/"},{"@type":"ListItem","position":4,"name":"Olieslangen &amp; Kits &amp; Oliepompen","item":"https:\/\/www.hoogstra-autosport.nl\/product-categorie\/auto-techniek\/motor-compartiment\/olieslangen-aansluiting\/"},{"@type":"ListItem","position":5,"name":"Olie Koeler Aansluitset 3\/4 Staal omvlochten leiding"}]},{"@type":"WebSite","@id":"https:\/\/www.hoogstra-autosport.nl\/#website","url":"https:\/\/www.hoogstra-autosport.nl\/","name":"Hoogstra Autosport","description":"Performance Autosport Parts!","potentialAction":[{"@type":"SearchAction","target":{"@type":"EntryPoint","urlTemplate":"https:\/\/www.hoogstra-autosport.nl\/?s={search_term_string}"},"query-input":{"@type":"PropertyValueSpecification","valueRequired":true,"valueName":"search_term_string"}}],"inLanguage":"en-US"}]}},"tiered_pricing_type":"fixed","tiered_pricing_fixed_rules":[],"tiered_pricing_product_settings":{"layout":"default","base_unit_name":{"singular":null,"plural":null},"default_variation":null},"tiered_pricing_minimum_quantity":null,"tiered_pricing_roles_data":[],"tiered_pricing_percentage_rules":[],"tiered_pricing_maximum_quantity":null,"tiered_pricing_quantity_step":null,"_links":{"self":[{"href":"https:\/\/www.hoogstra-autosport.nl\/en\/wp-json\/wp\/v2\/product\/9355","targetHints":{"allow":["GET"]}}],"collection":[{"href":"https:\/\/www.hoogstra-autosport.nl\/en\/wp-json\/wp\/v2\/product"}],"about":[{"href":"https:\/\/www.hoogstra-autosport.nl\/en\/wp-json\/wp\/v2\/types\/product"}],"wp:featuredmedia":[{"embeddable":true,"href":"https:\/\/www.hoogstra-autosport.nl\/en\/wp-json\/wp\/v2\/media\/9356"}],"wp:attachment":[{"href":"https:\/\/www.hoogstra-autosport.nl\/en\/wp-json\/wp\/v2\/media?parent=9355"}],"wp:term":[{"taxonomy":"product_brand","embeddable":true,"href":"https:\/\/www.hoogstra-autosport.nl\/en\/wp-json\/wp\/v2\/product_brand?post=9355"},{"taxonomy":"product_cat","embeddable":true,"href":"https:\/\/www.hoogstra-autosport.nl\/en\/wp-json\/wp\/v2\/product_cat?post=9355"},{"taxonomy":"product_tag","embeddable":true,"href":"https:\/\/www.hoogstra-autosport.nl\/en\/wp-json\/wp\/v2\/product_tag?post=9355"}],"curies":[{"name":"wp","href":"https:\/\/api.w.org\/{rel}","templated":true}]}}