{"id":13182,"date":"2018-09-17T10:24:23","date_gmt":"2018-09-17T08:24:23","guid":{"rendered":"http:\/\/hoogstra-autosport.nl\/?product=motul-gear-competition-oil-75-w140"},"modified":"2024-01-20T13:03:29","modified_gmt":"2024-01-20T12:03:29","slug":"motul-gear-competition-oil-75-w140","status":"publish","type":"product","link":"https:\/\/www.hoogstra-autosport.nl\/en\/product\/motul-gear-competition-oil-75-w140\/","title":{"rendered":"Motul Gear Competition Oil 75 w140"},"content":{"rendered":"<p>Motul Gear Competition 75W140 1 liter<\/p>\n<p>Zeer geschikt voor versnellingsbakken met sper en rechte vertanding !<\/p>\n<p>100% synthetisch Racing smeermiddel op basis van Ester technologie voor alle hypo\u00efde differenti\u00eblen met Limited Slip systeem, versnellingsbak met ge\u00efntegreerde limited slip differentieel, mechanische overbrenging, gesynchroniseerd of niet-gesynchroniseerde versnellingsbakken, overdracht versnellingsbakken, die werken onder schokken, zware belastingen en laag toerental of matige belastingen en hoog toerental. 0% afschuifverlies: Niet afschuifbare oliefilm in extreme omstandigheden. Zeer hoog smeervermogen, die wrijving en slijtage vermindert. De kwaliteit van de 140 biedt bij warme temperaturen een uitstekende oliefilm weerstand tegen hoge temperaturen en\/of reductie van het geluid van de transmissie. Vloeibaar bij lage temperatuur, het geen bijdraagt aan comfortabel schakelen.<\/p>\n<p>Specificaties<br \/>\nToepassing: Transmissieoli\u00ebn<br \/>\nKwaliteit: 100% Synthetisch<\/p>","protected":false},"excerpt":{"rendered":"<p>Motul Gear Competition 75W140 1 liter Zeer geschikt voor versnellingsbakken met sper en rechte vertanding ! 100% synthetisch Racing smeermiddel op basis van Ester technologie voor alle hypo\u00efde differenti\u00eblen met Limited Slip systeem, versnellingsbak met ge\u00efntegreerde limited slip differentieel, mechanische overbrenging, gesynchroniseerd of niet-gesynchroniseerde versnellingsbakken, overdracht versnellingsbakken, die werken onder schokken, zware belastingen en laag [&hellip;]<\/p>\n","protected":false},"featured_media":30985,"template":"","meta":{"_acf_changed":false},"product_brand":[],"product_cat":[4105,2732],"product_tag":[],"class_list":{"0":"post-13182","1":"product","2":"type-product","3":"status-publish","4":"has-post-thumbnail","6":"product_cat-motul","7":"product_cat-versnellingsbak-olie-remvloeistof","8":"product_shipping_class-4016","10":"first","11":"instock","12":"taxable","13":"shipping-taxable","14":"purchasable","15":"product-type-simple"},"acf":[],"yoast_head":"<!-- This site is optimized with the Yoast SEO plugin v27.5 - https:\/\/yoast.com\/product\/yoast-seo-wordpress\/ -->\n<title>Motul Gear Competition Oil 75 w140 - Hoogstra Autosport<\/title>\n<meta name=\"robots\" content=\"index, follow, max-snippet:-1, max-image-preview:large, max-video-preview:-1\" \/>\n<link rel=\"canonical\" href=\"https:\/\/www.hoogstra-autosport.nl\/en\/product\/motul-gear-competition-oil-75-w140\/\" \/>\n<meta property=\"og:locale\" content=\"en_US\" \/>\n<meta property=\"og:type\" content=\"article\" \/>\n<meta property=\"og:title\" content=\"Motul Gear Competition Oil 75 w140 - Hoogstra Autosport\" \/>\n<meta property=\"og:description\" content=\"Motul Gear Competition 75W140 1 liter Zeer geschikt voor versnellingsbakken met sper en rechte vertanding ! 100% synthetisch Racing smeermiddel op basis van Ester technologie voor alle hypo\u00efde differenti\u00eblen met Limited Slip systeem, versnellingsbak met ge\u00efntegreerde limited slip differentieel, mechanische overbrenging, gesynchroniseerd of niet-gesynchroniseerde versnellingsbakken, overdracht versnellingsbakken, die werken onder schokken, zware belastingen en laag [&hellip;]\" \/>\n<meta property=\"og:url\" content=\"https:\/\/www.hoogstra-autosport.nl\/en\/product\/motul-gear-competition-oil-75-w140\/\" \/>\n<meta property=\"og:site_name\" content=\"Hoogstra Autosport\" \/>\n<meta property=\"article:modified_time\" content=\"2024-01-20T12:03:29+00:00\" \/>\n<meta property=\"og:image\" content=\"https:\/\/www.hoogstra-autosport.nl\/teamkoen\/content\/uploads\/2018\/09\/thumbnail_IMG_9119.jpg\" \/>\n\t<meta property=\"og:image:width\" content=\"750\" \/>\n\t<meta property=\"og:image:height\" content=\"750\" \/>\n\t<meta property=\"og:image:type\" content=\"image\/jpeg\" \/>\n<meta name=\"twitter:card\" content=\"summary_large_image\" \/>\n<meta name=\"twitter:label1\" content=\"Est. reading time\" \/>\n\t<meta name=\"twitter:data1\" content=\"1 minute\" \/>\n<script type=\"application\/ld+json\" class=\"yoast-schema-graph\">{\"@context\":\"https:\\\/\\\/schema.org\",\"@graph\":[{\"@type\":\"WebPage\",\"@id\":\"https:\\\/\\\/www.hoogstra-autosport.nl\\\/product\\\/motul-gear-competition-oil-75-w140\\\/\",\"url\":\"https:\\\/\\\/www.hoogstra-autosport.nl\\\/product\\\/motul-gear-competition-oil-75-w140\\\/\",\"name\":\"Motul Gear Competition Oil 75 w140 - Hoogstra Autosport\",\"isPartOf\":{\"@id\":\"https:\\\/\\\/www.hoogstra-autosport.nl\\\/#website\"},\"primaryImageOfPage\":{\"@id\":\"https:\\\/\\\/www.hoogstra-autosport.nl\\\/product\\\/motul-gear-competition-oil-75-w140\\\/#primaryimage\"},\"image\":{\"@id\":\"https:\\\/\\\/www.hoogstra-autosport.nl\\\/product\\\/motul-gear-competition-oil-75-w140\\\/#primaryimage\"},\"thumbnailUrl\":\"https:\\\/\\\/www.hoogstra-autosport.nl\\\/teamkoen\\\/wp-content\\\/uploads\\\/2018\\\/09\\\/thumbnail_IMG_9119.jpg\",\"datePublished\":\"2018-09-17T08:24:23+00:00\",\"dateModified\":\"2024-01-20T12:03:29+00:00\",\"breadcrumb\":{\"@id\":\"https:\\\/\\\/www.hoogstra-autosport.nl\\\/product\\\/motul-gear-competition-oil-75-w140\\\/#breadcrumb\"},\"inLanguage\":\"en-US\",\"potentialAction\":[{\"@type\":\"ReadAction\",\"target\":[\"https:\\\/\\\/www.hoogstra-autosport.nl\\\/product\\\/motul-gear-competition-oil-75-w140\\\/\"]}]},{\"@type\":\"ImageObject\",\"inLanguage\":\"en-US\",\"@id\":\"https:\\\/\\\/www.hoogstra-autosport.nl\\\/product\\\/motul-gear-competition-oil-75-w140\\\/#primaryimage\",\"url\":\"https:\\\/\\\/www.hoogstra-autosport.nl\\\/teamkoen\\\/wp-content\\\/uploads\\\/2018\\\/09\\\/thumbnail_IMG_9119.jpg\",\"contentUrl\":\"https:\\\/\\\/www.hoogstra-autosport.nl\\\/teamkoen\\\/wp-content\\\/uploads\\\/2018\\\/09\\\/thumbnail_IMG_9119.jpg\",\"width\":750,\"height\":750},{\"@type\":\"BreadcrumbList\",\"@id\":\"https:\\\/\\\/www.hoogstra-autosport.nl\\\/product\\\/motul-gear-competition-oil-75-w140\\\/#breadcrumb\",\"itemListElement\":[{\"@type\":\"ListItem\",\"position\":1,\"name\":\"Home\",\"item\":\"https:\\\/\\\/www.hoogstra-autosport.nl\\\/\"},{\"@type\":\"ListItem\",\"position\":2,\"name\":\"Merken\",\"item\":\"https:\\\/\\\/www.hoogstra-autosport.nl\\\/product-categorie\\\/merken\\\/\"},{\"@type\":\"ListItem\",\"position\":3,\"name\":\"Motul\",\"item\":\"https:\\\/\\\/www.hoogstra-autosport.nl\\\/product-categorie\\\/merken\\\/motul\\\/\"},{\"@type\":\"ListItem\",\"position\":4,\"name\":\"Motul Gear Competition Oil 75 w140\"}]},{\"@type\":\"WebSite\",\"@id\":\"https:\\\/\\\/www.hoogstra-autosport.nl\\\/#website\",\"url\":\"https:\\\/\\\/www.hoogstra-autosport.nl\\\/\",\"name\":\"Hoogstra Autosport\",\"description\":\"Performance Autosport Parts!\",\"potentialAction\":[{\"@type\":\"SearchAction\",\"target\":{\"@type\":\"EntryPoint\",\"urlTemplate\":\"https:\\\/\\\/www.hoogstra-autosport.nl\\\/?s={search_term_string}\"},\"query-input\":{\"@type\":\"PropertyValueSpecification\",\"valueRequired\":true,\"valueName\":\"search_term_string\"}}],\"inLanguage\":\"en-US\"}]}<\/script>\n<!-- \/ Yoast SEO plugin. -->","yoast_head_json":{"title":"Motul Gear Competition Oil 75 w140 - Hoogstra Autosport","robots":{"index":"index","follow":"follow","max-snippet":"max-snippet:-1","max-image-preview":"max-image-preview:large","max-video-preview":"max-video-preview:-1"},"canonical":"https:\/\/www.hoogstra-autosport.nl\/en\/product\/motul-gear-competition-oil-75-w140\/","og_locale":"en_US","og_type":"article","og_title":"Motul Gear Competition Oil 75 w140 - Hoogstra Autosport","og_description":"Motul Gear Competition 75W140 1 liter Zeer geschikt voor versnellingsbakken met sper en rechte vertanding ! 100% synthetisch Racing smeermiddel op basis van Ester technologie voor alle hypo\u00efde differenti\u00eblen met Limited Slip systeem, versnellingsbak met ge\u00efntegreerde limited slip differentieel, mechanische overbrenging, gesynchroniseerd of niet-gesynchroniseerde versnellingsbakken, overdracht versnellingsbakken, die werken onder schokken, zware belastingen en laag [&hellip;]","og_url":"https:\/\/www.hoogstra-autosport.nl\/en\/product\/motul-gear-competition-oil-75-w140\/","og_site_name":"Hoogstra Autosport","article_modified_time":"2024-01-20T12:03:29+00:00","og_image":[{"width":750,"height":750,"url":"https:\/\/www.hoogstra-autosport.nl\/teamkoen\/content\/uploads\/2018\/09\/thumbnail_IMG_9119.jpg","type":"image\/jpeg"}],"twitter_card":"summary_large_image","twitter_misc":{"Est. reading time":"1 minute"},"schema":{"@context":"https:\/\/schema.org","@graph":[{"@type":"WebPage","@id":"https:\/\/www.hoogstra-autosport.nl\/product\/motul-gear-competition-oil-75-w140\/","url":"https:\/\/www.hoogstra-autosport.nl\/product\/motul-gear-competition-oil-75-w140\/","name":"Motul Gear Competition Oil 75 w140 - Hoogstra Autosport","isPartOf":{"@id":"https:\/\/www.hoogstra-autosport.nl\/#website"},"primaryImageOfPage":{"@id":"https:\/\/www.hoogstra-autosport.nl\/product\/motul-gear-competition-oil-75-w140\/#primaryimage"},"image":{"@id":"https:\/\/www.hoogstra-autosport.nl\/product\/motul-gear-competition-oil-75-w140\/#primaryimage"},"thumbnailUrl":"https:\/\/www.hoogstra-autosport.nl\/teamkoen\/wp-content\/uploads\/2018\/09\/thumbnail_IMG_9119.jpg","datePublished":"2018-09-17T08:24:23+00:00","dateModified":"2024-01-20T12:03:29+00:00","breadcrumb":{"@id":"https:\/\/www.hoogstra-autosport.nl\/product\/motul-gear-competition-oil-75-w140\/#breadcrumb"},"inLanguage":"en-US","potentialAction":[{"@type":"ReadAction","target":["https:\/\/www.hoogstra-autosport.nl\/product\/motul-gear-competition-oil-75-w140\/"]}]},{"@type":"ImageObject","inLanguage":"en-US","@id":"https:\/\/www.hoogstra-autosport.nl\/product\/motul-gear-competition-oil-75-w140\/#primaryimage","url":"https:\/\/www.hoogstra-autosport.nl\/teamkoen\/wp-content\/uploads\/2018\/09\/thumbnail_IMG_9119.jpg","contentUrl":"https:\/\/www.hoogstra-autosport.nl\/teamkoen\/wp-content\/uploads\/2018\/09\/thumbnail_IMG_9119.jpg","width":750,"height":750},{"@type":"BreadcrumbList","@id":"https:\/\/www.hoogstra-autosport.nl\/product\/motul-gear-competition-oil-75-w140\/#breadcrumb","itemListElement":[{"@type":"ListItem","position":1,"name":"Home","item":"https:\/\/www.hoogstra-autosport.nl\/"},{"@type":"ListItem","position":2,"name":"Merken","item":"https:\/\/www.hoogstra-autosport.nl\/product-categorie\/merken\/"},{"@type":"ListItem","position":3,"name":"Motul","item":"https:\/\/www.hoogstra-autosport.nl\/product-categorie\/merken\/motul\/"},{"@type":"ListItem","position":4,"name":"Motul Gear Competition Oil 75 w140"}]},{"@type":"WebSite","@id":"https:\/\/www.hoogstra-autosport.nl\/#website","url":"https:\/\/www.hoogstra-autosport.nl\/","name":"Hoogstra Autosport","description":"Performance Autosport Parts!","potentialAction":[{"@type":"SearchAction","target":{"@type":"EntryPoint","urlTemplate":"https:\/\/www.hoogstra-autosport.nl\/?s={search_term_string}"},"query-input":{"@type":"PropertyValueSpecification","valueRequired":true,"valueName":"search_term_string"}}],"inLanguage":"en-US"}]}},"tiered_pricing_type":"fixed","tiered_pricing_fixed_rules":[],"tiered_pricing_product_settings":{"layout":"default","base_unit_name":{"singular":null,"plural":null},"default_variation":null},"tiered_pricing_minimum_quantity":null,"tiered_pricing_roles_data":[],"tiered_pricing_percentage_rules":[],"tiered_pricing_maximum_quantity":null,"tiered_pricing_quantity_step":null,"_links":{"self":[{"href":"https:\/\/www.hoogstra-autosport.nl\/en\/wp-json\/wp\/v2\/product\/13182","targetHints":{"allow":["GET"]}}],"collection":[{"href":"https:\/\/www.hoogstra-autosport.nl\/en\/wp-json\/wp\/v2\/product"}],"about":[{"href":"https:\/\/www.hoogstra-autosport.nl\/en\/wp-json\/wp\/v2\/types\/product"}],"wp:featuredmedia":[{"embeddable":true,"href":"https:\/\/www.hoogstra-autosport.nl\/en\/wp-json\/wp\/v2\/media\/30985"}],"wp:attachment":[{"href":"https:\/\/www.hoogstra-autosport.nl\/en\/wp-json\/wp\/v2\/media?parent=13182"}],"wp:term":[{"taxonomy":"product_brand","embeddable":true,"href":"https:\/\/www.hoogstra-autosport.nl\/en\/wp-json\/wp\/v2\/product_brand?post=13182"},{"taxonomy":"product_cat","embeddable":true,"href":"https:\/\/www.hoogstra-autosport.nl\/en\/wp-json\/wp\/v2\/product_cat?post=13182"},{"taxonomy":"product_tag","embeddable":true,"href":"https:\/\/www.hoogstra-autosport.nl\/en\/wp-json\/wp\/v2\/product_tag?post=13182"}],"curies":[{"name":"wp","href":"https:\/\/api.w.org\/{rel}","templated":true}]}}