{"id":96890,"date":"2026-01-28T09:57:45","date_gmt":"2026-01-28T08:57:45","guid":{"rendered":"https:\/\/www.hoogstra-autosport.nl\/?post_type=product&#038;p=96890"},"modified":"2026-02-03T21:28:43","modified_gmt":"2026-02-03T20:28:43","slug":"atl-fia-tank-15-liter-fia-2030","status":"publish","type":"product","link":"https:\/\/www.hoogstra-autosport.nl\/de\/produkt\/atl-fia-tank-15-liter-fia-2030\/","title":{"rendered":"ATL Fia Tank 15 liter FIA 2030!"},"content":{"rendered":"<p>FIA-zugelassener Tank mit einem Fassungsverm\u00f6gen von 15 Litern.<\/p>\n<p>ATL RacellFIA Tank<\/p>\n<p>Tankinhalt 15 Liter<\/p>\n<p>Gr\u00f6\u00dfe lxbxh ca. 203mm x 208mm x 435mm<br \/>\nGewicht ca. 2,97 kg<br \/>\nAansluitnippels 2x Dash 6 voor aanzuiging , 1x Dash 8 retour 1x Dash 6 ontluchtingsnippel.<br \/>\nAusgestattet mit Entl\u00fcftungsventil und direktem R\u00fcckschlagventil (bei Aufh\u00e4ngung \u00fcber Kopf schlie\u00dft es sich)<\/p>\n<p>&nbsp;<\/p>\n<p><strong>AANBIEDING!\u00a0<\/strong><\/p>\n<p><strong>FIA Gekeurd t\/m\u00a0 2030<\/strong><\/p>\n<p>&nbsp;<\/p>\n<p>&nbsp;<\/p>\n<p>&nbsp;<\/p>\n<p>&nbsp;<\/p>\n<p>&nbsp;<\/p>\n<p>&nbsp;<\/p>","protected":false},"excerpt":{"rendered":"<p>FIA goedgekeurde tank met een inhoud van 15 liter . ATL RacellFIA Tank Tankinhoud 15 liter Grootte lxbxh ca. 203mm x 208mm x 435mm Gewicht ca. 2,97 Kg Aansluitnippels 2x Dash 6 voor aanzuiging , 1x Dash 8 retour 1x Dash 6 ontluchtingsnippel. Voorzien van ontluchtingsventiel en direct terugslagklep ( voor op de kop hangen [&hellip;]<\/p>\n","protected":false},"featured_media":62999,"template":"","meta":{"_acf_changed":false},"product_brand":[],"product_cat":[2749],"product_tag":[],"class_list":{"0":"post-96890","1":"product","2":"type-product","3":"status-publish","4":"has-post-thumbnail","6":"product_cat-atl-tank-jaz-kunststof-tank","7":"product_shipping_class-4016","9":"first","10":"instock","11":"sale","12":"taxable","13":"shipping-taxable","14":"purchasable","15":"product-type-simple"},"acf":[],"yoast_head":"<!-- This site is optimized with the Yoast SEO plugin v27.1.1 - https:\/\/yoast.com\/product\/yoast-seo-wordpress\/ -->\n<title>ATL Fia Tank 15 liter FIA 2030! - Hoogstra Autosport<\/title>\n<meta name=\"description\" content=\"Benzine tank fia tank\" \/>\n<meta name=\"robots\" content=\"index, follow, max-snippet:-1, max-image-preview:large, max-video-preview:-1\" \/>\n<link rel=\"canonical\" href=\"https:\/\/www.hoogstra-autosport.nl\/de\/produkt\/atl-fia-tank-15-liter-fia-2030\/\" \/>\n<meta property=\"og:locale\" content=\"de_DE\" \/>\n<meta property=\"og:type\" content=\"article\" \/>\n<meta property=\"og:title\" content=\"ATL Fia Tank 15 liter FIA 2030! - Hoogstra Autosport\" \/>\n<meta property=\"og:description\" content=\"Benzine tank fia tank\" \/>\n<meta property=\"og:url\" content=\"https:\/\/www.hoogstra-autosport.nl\/de\/produkt\/atl-fia-tank-15-liter-fia-2030\/\" \/>\n<meta property=\"og:site_name\" content=\"Hoogstra Autosport\" \/>\n<meta property=\"article:modified_time\" content=\"2026-02-03T20:28:43+00:00\" \/>\n<meta property=\"og:image\" content=\"https:\/\/www.hoogstra-autosport.nl\/teamkoen\/wp-content\/uploads\/2023\/09\/atl-1.jpg\" \/>\n\t<meta property=\"og:image:width\" content=\"986\" \/>\n\t<meta property=\"og:image:height\" content=\"986\" \/>\n\t<meta property=\"og:image:type\" content=\"image\/jpeg\" \/>\n<meta name=\"twitter:card\" content=\"summary_large_image\" \/>\n<meta name=\"twitter:label1\" content=\"Gesch\u00e4tzte Lesezeit\" \/>\n\t<meta name=\"twitter:data1\" content=\"1\u00a0Minute\" \/>\n<script type=\"application\/ld+json\" class=\"yoast-schema-graph\">{\"@context\":\"https:\/\/schema.org\",\"@graph\":[{\"@type\":\"WebPage\",\"@id\":\"https:\/\/www.hoogstra-autosport.nl\/product\/atl-fia-tank-15-liter-fia-2030\/\",\"url\":\"https:\/\/www.hoogstra-autosport.nl\/product\/atl-fia-tank-15-liter-fia-2030\/\",\"name\":\"ATL Fia Tank 15 liter FIA 2030! - Hoogstra Autosport\",\"isPartOf\":{\"@id\":\"https:\/\/www.hoogstra-autosport.nl\/#website\"},\"primaryImageOfPage\":{\"@id\":\"https:\/\/www.hoogstra-autosport.nl\/product\/atl-fia-tank-15-liter-fia-2030\/#primaryimage\"},\"image\":{\"@id\":\"https:\/\/www.hoogstra-autosport.nl\/product\/atl-fia-tank-15-liter-fia-2030\/#primaryimage\"},\"thumbnailUrl\":\"https:\/\/www.hoogstra-autosport.nl\/teamkoen\/wp-content\/uploads\/2023\/09\/atl-1.jpg\",\"datePublished\":\"2026-01-28T08:57:45+00:00\",\"dateModified\":\"2026-02-03T20:28:43+00:00\",\"description\":\"Benzine tank fia tank\",\"breadcrumb\":{\"@id\":\"https:\/\/www.hoogstra-autosport.nl\/product\/atl-fia-tank-15-liter-fia-2030\/#breadcrumb\"},\"inLanguage\":\"de\",\"potentialAction\":[{\"@type\":\"ReadAction\",\"target\":[\"https:\/\/www.hoogstra-autosport.nl\/product\/atl-fia-tank-15-liter-fia-2030\/\"]}]},{\"@type\":\"ImageObject\",\"inLanguage\":\"de\",\"@id\":\"https:\/\/www.hoogstra-autosport.nl\/product\/atl-fia-tank-15-liter-fia-2030\/#primaryimage\",\"url\":\"https:\/\/www.hoogstra-autosport.nl\/teamkoen\/wp-content\/uploads\/2023\/09\/atl-1.jpg\",\"contentUrl\":\"https:\/\/www.hoogstra-autosport.nl\/teamkoen\/wp-content\/uploads\/2023\/09\/atl-1.jpg\",\"width\":986,\"height\":986},{\"@type\":\"BreadcrumbList\",\"@id\":\"https:\/\/www.hoogstra-autosport.nl\/product\/atl-fia-tank-15-liter-fia-2030\/#breadcrumb\",\"itemListElement\":[{\"@type\":\"ListItem\",\"position\":1,\"name\":\"Home\",\"item\":\"https:\/\/www.hoogstra-autosport.nl\/\"},{\"@type\":\"ListItem\",\"position\":2,\"name\":\"Brandstof Systeem\",\"item\":\"https:\/\/www.hoogstra-autosport.nl\/product-categorie\/brandstof-systeem-2\/\"},{\"@type\":\"ListItem\",\"position\":3,\"name\":\"Brandstoftanken\",\"item\":\"https:\/\/www.hoogstra-autosport.nl\/product-categorie\/brandstof-systeem-2\/brandstoftanken\/\"},{\"@type\":\"ListItem\",\"position\":4,\"name\":\"ATL TANK \/ JAZ kunststof tank\",\"item\":\"https:\/\/www.hoogstra-autosport.nl\/product-categorie\/brandstof-systeem-2\/brandstoftanken\/atl-tank-jaz-kunststof-tank\/\"},{\"@type\":\"ListItem\",\"position\":5,\"name\":\"ATL Fia Tank 15 liter FIA 2030!\"}]},{\"@type\":\"WebSite\",\"@id\":\"https:\/\/www.hoogstra-autosport.nl\/#website\",\"url\":\"https:\/\/www.hoogstra-autosport.nl\/\",\"name\":\"Hoogstra Autosport\",\"description\":\"Performance Autosport Parts!\",\"potentialAction\":[{\"@type\":\"SearchAction\",\"target\":{\"@type\":\"EntryPoint\",\"urlTemplate\":\"https:\/\/www.hoogstra-autosport.nl\/?s={search_term_string}\"},\"query-input\":{\"@type\":\"PropertyValueSpecification\",\"valueRequired\":true,\"valueName\":\"search_term_string\"}}],\"inLanguage\":\"de\"}]}<\/script>\n<!-- \/ Yoast SEO plugin. -->","yoast_head_json":{"title":"ATL Fia Tank 15 liter FIA 2030! - Hoogstra Autosport","description":"Benzine tank fia tank","robots":{"index":"index","follow":"follow","max-snippet":"max-snippet:-1","max-image-preview":"max-image-preview:large","max-video-preview":"max-video-preview:-1"},"canonical":"https:\/\/www.hoogstra-autosport.nl\/de\/produkt\/atl-fia-tank-15-liter-fia-2030\/","og_locale":"de_DE","og_type":"article","og_title":"ATL Fia Tank 15 liter FIA 2030! - Hoogstra Autosport","og_description":"Benzine tank fia tank","og_url":"https:\/\/www.hoogstra-autosport.nl\/de\/produkt\/atl-fia-tank-15-liter-fia-2030\/","og_site_name":"Hoogstra Autosport","article_modified_time":"2026-02-03T20:28:43+00:00","og_image":[{"width":986,"height":986,"url":"https:\/\/www.hoogstra-autosport.nl\/teamkoen\/wp-content\/uploads\/2023\/09\/atl-1.jpg","type":"image\/jpeg"}],"twitter_card":"summary_large_image","twitter_misc":{"Gesch\u00e4tzte Lesezeit":"1\u00a0Minute"},"schema":{"@context":"https:\/\/schema.org","@graph":[{"@type":"WebPage","@id":"https:\/\/www.hoogstra-autosport.nl\/product\/atl-fia-tank-15-liter-fia-2030\/","url":"https:\/\/www.hoogstra-autosport.nl\/product\/atl-fia-tank-15-liter-fia-2030\/","name":"ATL Fia Tank 15 liter FIA 2030! - Hoogstra Autosport","isPartOf":{"@id":"https:\/\/www.hoogstra-autosport.nl\/#website"},"primaryImageOfPage":{"@id":"https:\/\/www.hoogstra-autosport.nl\/product\/atl-fia-tank-15-liter-fia-2030\/#primaryimage"},"image":{"@id":"https:\/\/www.hoogstra-autosport.nl\/product\/atl-fia-tank-15-liter-fia-2030\/#primaryimage"},"thumbnailUrl":"https:\/\/www.hoogstra-autosport.nl\/teamkoen\/wp-content\/uploads\/2023\/09\/atl-1.jpg","datePublished":"2026-01-28T08:57:45+00:00","dateModified":"2026-02-03T20:28:43+00:00","description":"Benzine tank fia tank","breadcrumb":{"@id":"https:\/\/www.hoogstra-autosport.nl\/product\/atl-fia-tank-15-liter-fia-2030\/#breadcrumb"},"inLanguage":"de","potentialAction":[{"@type":"ReadAction","target":["https:\/\/www.hoogstra-autosport.nl\/product\/atl-fia-tank-15-liter-fia-2030\/"]}]},{"@type":"ImageObject","inLanguage":"de","@id":"https:\/\/www.hoogstra-autosport.nl\/product\/atl-fia-tank-15-liter-fia-2030\/#primaryimage","url":"https:\/\/www.hoogstra-autosport.nl\/teamkoen\/wp-content\/uploads\/2023\/09\/atl-1.jpg","contentUrl":"https:\/\/www.hoogstra-autosport.nl\/teamkoen\/wp-content\/uploads\/2023\/09\/atl-1.jpg","width":986,"height":986},{"@type":"BreadcrumbList","@id":"https:\/\/www.hoogstra-autosport.nl\/product\/atl-fia-tank-15-liter-fia-2030\/#breadcrumb","itemListElement":[{"@type":"ListItem","position":1,"name":"Home","item":"https:\/\/www.hoogstra-autosport.nl\/"},{"@type":"ListItem","position":2,"name":"Brandstof Systeem","item":"https:\/\/www.hoogstra-autosport.nl\/product-categorie\/brandstof-systeem-2\/"},{"@type":"ListItem","position":3,"name":"Brandstoftanken","item":"https:\/\/www.hoogstra-autosport.nl\/product-categorie\/brandstof-systeem-2\/brandstoftanken\/"},{"@type":"ListItem","position":4,"name":"ATL TANK \/ JAZ kunststof tank","item":"https:\/\/www.hoogstra-autosport.nl\/product-categorie\/brandstof-systeem-2\/brandstoftanken\/atl-tank-jaz-kunststof-tank\/"},{"@type":"ListItem","position":5,"name":"ATL Fia Tank 15 liter FIA 2030!"}]},{"@type":"WebSite","@id":"https:\/\/www.hoogstra-autosport.nl\/#website","url":"https:\/\/www.hoogstra-autosport.nl\/","name":"Hoogstra Autosport","description":"Performance Autosport Parts!","potentialAction":[{"@type":"SearchAction","target":{"@type":"EntryPoint","urlTemplate":"https:\/\/www.hoogstra-autosport.nl\/?s={search_term_string}"},"query-input":{"@type":"PropertyValueSpecification","valueRequired":true,"valueName":"search_term_string"}}],"inLanguage":"de"}]}},"tiered_pricing_type":"fixed","tiered_pricing_fixed_rules":[],"tiered_pricing_product_settings":{"layout":"default","base_unit_name":{"singular":null,"plural":null},"default_variation":null},"tiered_pricing_minimum_quantity":null,"tiered_pricing_roles_data":[],"tiered_pricing_percentage_rules":[],"tiered_pricing_maximum_quantity":null,"tiered_pricing_quantity_step":null,"_links":{"self":[{"href":"https:\/\/www.hoogstra-autosport.nl\/de\/wp-json\/wp\/v2\/product\/96890","targetHints":{"allow":["GET"]}}],"collection":[{"href":"https:\/\/www.hoogstra-autosport.nl\/de\/wp-json\/wp\/v2\/product"}],"about":[{"href":"https:\/\/www.hoogstra-autosport.nl\/de\/wp-json\/wp\/v2\/types\/product"}],"wp:featuredmedia":[{"embeddable":true,"href":"https:\/\/www.hoogstra-autosport.nl\/de\/wp-json\/wp\/v2\/media\/62999"}],"wp:attachment":[{"href":"https:\/\/www.hoogstra-autosport.nl\/de\/wp-json\/wp\/v2\/media?parent=96890"}],"wp:term":[{"taxonomy":"product_brand","embeddable":true,"href":"https:\/\/www.hoogstra-autosport.nl\/de\/wp-json\/wp\/v2\/product_brand?post=96890"},{"taxonomy":"product_cat","embeddable":true,"href":"https:\/\/www.hoogstra-autosport.nl\/de\/wp-json\/wp\/v2\/product_cat?post=96890"},{"taxonomy":"product_tag","embeddable":true,"href":"https:\/\/www.hoogstra-autosport.nl\/de\/wp-json\/wp\/v2\/product_tag?post=96890"}],"curies":[{"name":"wp","href":"https:\/\/api.w.org\/{rel}","templated":true}]}}