{"id":96233,"date":"2026-01-07T10:04:22","date_gmt":"2026-01-07T09:04:22","guid":{"rendered":"https:\/\/www.hoogstra-autosport.nl\/?post_type=product&#038;p=96233"},"modified":"2026-01-07T10:09:41","modified_gmt":"2026-01-07T09:09:41","slug":"gaas-sluiting-quick-release-sprinter","status":"publish","type":"product","link":"https:\/\/www.hoogstra-autosport.nl\/de\/produkt\/gaas-sluiting-quick-release-sprinter\/","title":{"rendered":"Mesh-Verschluss Quick Release Sprinter"},"content":{"rendered":"<p>Neuartiger Netzverschluss mit Quick Release System<\/p>\n<p>&nbsp;<\/p>\n<p>Erm\u00f6glicht einfaches und schnelles \u00d6ffnen des Netzes von innen und au\u00dfen<\/p>\n<p>Abmessungen: 105 x 70 mm<\/p>\n<p>Zugelassen zum FIA EK Autocross!<\/p>\n<p>&nbsp;<\/p>\n<p>Opties inhoud<\/p>\n<p>A. 1x gaassluiting set compleet + 1x Montageplaat<\/p>\n<p>B. 1x gaassluiting set compleet<\/p>\n<p>C. 1x Quick release Los<\/p>\n<p>D. 1x Veren set van 2 stuks<\/p>\n<p>E. 1x Montageplaat Los<\/p>\n<p>F. 1x Rood lintje Los<\/p>","protected":false},"excerpt":{"rendered":"<p>Nieuw type gaas sluiting met Quick Release systeem &nbsp; Hiermee is het gaas makkelijk en snel te openen van de binnen en buitenkant Afmeting: 105\u00a0 X 70 mm Toegelaten bij FIA EK autocross! &nbsp; Opties inhoud A. 1x gaassluiting set compleet + 1x Montageplaat B. 1x gaassluiting set compleet C. 1x Quick release Los D. [&hellip;]<\/p>\n","protected":false},"featured_media":96240,"template":"","meta":{"_acf_changed":false},"product_brand":[],"product_cat":[2827,3935],"product_tag":[],"class_list":{"0":"post-96233","1":"product","2":"type-product","3":"status-publish","4":"has-post-thumbnail","6":"product_cat-raamnetje-afsluitingen","7":"product_cat-sprinter-onderdelen","8":"product_shipping_class-4016","10":"first","11":"instock","12":"taxable","13":"shipping-taxable","14":"purchasable","15":"product-type-variable"},"acf":[],"yoast_head":"<!-- This site is optimized with the Yoast SEO plugin v27.1.1 - https:\/\/yoast.com\/product\/yoast-seo-wordpress\/ -->\n<title>Gaas sluiting Quick Release sprinter - Hoogstra Autosport<\/title>\n<meta name=\"robots\" content=\"index, follow, max-snippet:-1, max-image-preview:large, max-video-preview:-1\" \/>\n<link rel=\"canonical\" href=\"https:\/\/www.hoogstra-autosport.nl\/de\/produkt\/gaas-sluiting-quick-release-sprinter\/\" \/>\n<meta property=\"og:locale\" content=\"de_DE\" \/>\n<meta property=\"og:type\" content=\"article\" \/>\n<meta property=\"og:title\" content=\"Gaas sluiting Quick Release sprinter - Hoogstra Autosport\" \/>\n<meta property=\"og:description\" content=\"Nieuw type gaas sluiting met Quick Release systeem &nbsp; Hiermee is het gaas makkelijk en snel te openen van de binnen en buitenkant Afmeting: 105\u00a0 X 70 mm Toegelaten bij FIA EK autocross! &nbsp; Opties inhoud A. 1x gaassluiting set compleet + 1x Montageplaat B. 1x gaassluiting set compleet C. 1x Quick release Los D. [&hellip;]\" \/>\n<meta property=\"og:url\" content=\"https:\/\/www.hoogstra-autosport.nl\/de\/produkt\/gaas-sluiting-quick-release-sprinter\/\" \/>\n<meta property=\"og:site_name\" content=\"Hoogstra Autosport\" \/>\n<meta property=\"article:modified_time\" content=\"2026-01-07T09:09:41+00:00\" \/>\n<meta property=\"og:image\" content=\"https:\/\/www.hoogstra-autosport.nl\/teamkoen\/wp-content\/uploads\/2026\/01\/Untitled-Project-26.jpg\" \/>\n\t<meta property=\"og:image:width\" content=\"1000\" \/>\n\t<meta property=\"og:image:height\" content=\"1000\" \/>\n\t<meta property=\"og:image:type\" content=\"image\/jpeg\" \/>\n<meta name=\"twitter:card\" content=\"summary_large_image\" \/>\n<meta name=\"twitter:label1\" content=\"Gesch\u00e4tzte Lesezeit\" \/>\n\t<meta name=\"twitter:data1\" content=\"1\u00a0Minute\" \/>\n<script type=\"application\/ld+json\" class=\"yoast-schema-graph\">{\"@context\":\"https:\/\/schema.org\",\"@graph\":[{\"@type\":\"WebPage\",\"@id\":\"https:\/\/www.hoogstra-autosport.nl\/product\/gaas-sluiting-quick-release-sprinter\/\",\"url\":\"https:\/\/www.hoogstra-autosport.nl\/product\/gaas-sluiting-quick-release-sprinter\/\",\"name\":\"Gaas sluiting Quick Release sprinter - Hoogstra Autosport\",\"isPartOf\":{\"@id\":\"https:\/\/www.hoogstra-autosport.nl\/#website\"},\"primaryImageOfPage\":{\"@id\":\"https:\/\/www.hoogstra-autosport.nl\/product\/gaas-sluiting-quick-release-sprinter\/#primaryimage\"},\"image\":{\"@id\":\"https:\/\/www.hoogstra-autosport.nl\/product\/gaas-sluiting-quick-release-sprinter\/#primaryimage\"},\"thumbnailUrl\":\"https:\/\/www.hoogstra-autosport.nl\/teamkoen\/wp-content\/uploads\/2026\/01\/Untitled-Project-26.jpg\",\"datePublished\":\"2026-01-07T09:04:22+00:00\",\"dateModified\":\"2026-01-07T09:09:41+00:00\",\"breadcrumb\":{\"@id\":\"https:\/\/www.hoogstra-autosport.nl\/product\/gaas-sluiting-quick-release-sprinter\/#breadcrumb\"},\"inLanguage\":\"de\",\"potentialAction\":[{\"@type\":\"ReadAction\",\"target\":[\"https:\/\/www.hoogstra-autosport.nl\/product\/gaas-sluiting-quick-release-sprinter\/\"]}]},{\"@type\":\"ImageObject\",\"inLanguage\":\"de\",\"@id\":\"https:\/\/www.hoogstra-autosport.nl\/product\/gaas-sluiting-quick-release-sprinter\/#primaryimage\",\"url\":\"https:\/\/www.hoogstra-autosport.nl\/teamkoen\/wp-content\/uploads\/2026\/01\/Untitled-Project-26.jpg\",\"contentUrl\":\"https:\/\/www.hoogstra-autosport.nl\/teamkoen\/wp-content\/uploads\/2026\/01\/Untitled-Project-26.jpg\",\"width\":1000,\"height\":1000},{\"@type\":\"BreadcrumbList\",\"@id\":\"https:\/\/www.hoogstra-autosport.nl\/product\/gaas-sluiting-quick-release-sprinter\/#breadcrumb\",\"itemListElement\":[{\"@type\":\"ListItem\",\"position\":1,\"name\":\"Home\",\"item\":\"https:\/\/www.hoogstra-autosport.nl\/\"},{\"@type\":\"ListItem\",\"position\":2,\"name\":\"Carrosserie\",\"item\":\"https:\/\/www.hoogstra-autosport.nl\/product-categorie\/carroserie-bevestiging\/\"},{\"@type\":\"ListItem\",\"position\":3,\"name\":\"Raamnetje &amp; Afsluitingen\",\"item\":\"https:\/\/www.hoogstra-autosport.nl\/product-categorie\/carroserie-bevestiging\/raamnetje-afsluitingen\/\"},{\"@type\":\"ListItem\",\"position\":4,\"name\":\"Gaas sluiting Quick Release sprinter\"}]},{\"@type\":\"WebSite\",\"@id\":\"https:\/\/www.hoogstra-autosport.nl\/#website\",\"url\":\"https:\/\/www.hoogstra-autosport.nl\/\",\"name\":\"Hoogstra Autosport\",\"description\":\"Performance Autosport Parts!\",\"potentialAction\":[{\"@type\":\"SearchAction\",\"target\":{\"@type\":\"EntryPoint\",\"urlTemplate\":\"https:\/\/www.hoogstra-autosport.nl\/?s={search_term_string}\"},\"query-input\":{\"@type\":\"PropertyValueSpecification\",\"valueRequired\":true,\"valueName\":\"search_term_string\"}}],\"inLanguage\":\"de\"}]}<\/script>\n<!-- \/ Yoast SEO plugin. -->","yoast_head_json":{"title":"Gaas sluiting Quick Release sprinter - Hoogstra Autosport","robots":{"index":"index","follow":"follow","max-snippet":"max-snippet:-1","max-image-preview":"max-image-preview:large","max-video-preview":"max-video-preview:-1"},"canonical":"https:\/\/www.hoogstra-autosport.nl\/de\/produkt\/gaas-sluiting-quick-release-sprinter\/","og_locale":"de_DE","og_type":"article","og_title":"Gaas sluiting Quick Release sprinter - Hoogstra Autosport","og_description":"Nieuw type gaas sluiting met Quick Release systeem &nbsp; Hiermee is het gaas makkelijk en snel te openen van de binnen en buitenkant Afmeting: 105\u00a0 X 70 mm Toegelaten bij FIA EK autocross! &nbsp; Opties inhoud A. 1x gaassluiting set compleet + 1x Montageplaat B. 1x gaassluiting set compleet C. 1x Quick release Los D. [&hellip;]","og_url":"https:\/\/www.hoogstra-autosport.nl\/de\/produkt\/gaas-sluiting-quick-release-sprinter\/","og_site_name":"Hoogstra Autosport","article_modified_time":"2026-01-07T09:09:41+00:00","og_image":[{"width":1000,"height":1000,"url":"https:\/\/www.hoogstra-autosport.nl\/teamkoen\/wp-content\/uploads\/2026\/01\/Untitled-Project-26.jpg","type":"image\/jpeg"}],"twitter_card":"summary_large_image","twitter_misc":{"Gesch\u00e4tzte Lesezeit":"1\u00a0Minute"},"schema":{"@context":"https:\/\/schema.org","@graph":[{"@type":"WebPage","@id":"https:\/\/www.hoogstra-autosport.nl\/product\/gaas-sluiting-quick-release-sprinter\/","url":"https:\/\/www.hoogstra-autosport.nl\/product\/gaas-sluiting-quick-release-sprinter\/","name":"Gaas sluiting Quick Release sprinter - Hoogstra Autosport","isPartOf":{"@id":"https:\/\/www.hoogstra-autosport.nl\/#website"},"primaryImageOfPage":{"@id":"https:\/\/www.hoogstra-autosport.nl\/product\/gaas-sluiting-quick-release-sprinter\/#primaryimage"},"image":{"@id":"https:\/\/www.hoogstra-autosport.nl\/product\/gaas-sluiting-quick-release-sprinter\/#primaryimage"},"thumbnailUrl":"https:\/\/www.hoogstra-autosport.nl\/teamkoen\/wp-content\/uploads\/2026\/01\/Untitled-Project-26.jpg","datePublished":"2026-01-07T09:04:22+00:00","dateModified":"2026-01-07T09:09:41+00:00","breadcrumb":{"@id":"https:\/\/www.hoogstra-autosport.nl\/product\/gaas-sluiting-quick-release-sprinter\/#breadcrumb"},"inLanguage":"de","potentialAction":[{"@type":"ReadAction","target":["https:\/\/www.hoogstra-autosport.nl\/product\/gaas-sluiting-quick-release-sprinter\/"]}]},{"@type":"ImageObject","inLanguage":"de","@id":"https:\/\/www.hoogstra-autosport.nl\/product\/gaas-sluiting-quick-release-sprinter\/#primaryimage","url":"https:\/\/www.hoogstra-autosport.nl\/teamkoen\/wp-content\/uploads\/2026\/01\/Untitled-Project-26.jpg","contentUrl":"https:\/\/www.hoogstra-autosport.nl\/teamkoen\/wp-content\/uploads\/2026\/01\/Untitled-Project-26.jpg","width":1000,"height":1000},{"@type":"BreadcrumbList","@id":"https:\/\/www.hoogstra-autosport.nl\/product\/gaas-sluiting-quick-release-sprinter\/#breadcrumb","itemListElement":[{"@type":"ListItem","position":1,"name":"Home","item":"https:\/\/www.hoogstra-autosport.nl\/"},{"@type":"ListItem","position":2,"name":"Carrosserie","item":"https:\/\/www.hoogstra-autosport.nl\/product-categorie\/carroserie-bevestiging\/"},{"@type":"ListItem","position":3,"name":"Raamnetje &amp; Afsluitingen","item":"https:\/\/www.hoogstra-autosport.nl\/product-categorie\/carroserie-bevestiging\/raamnetje-afsluitingen\/"},{"@type":"ListItem","position":4,"name":"Gaas sluiting Quick Release sprinter"}]},{"@type":"WebSite","@id":"https:\/\/www.hoogstra-autosport.nl\/#website","url":"https:\/\/www.hoogstra-autosport.nl\/","name":"Hoogstra Autosport","description":"Performance Autosport Parts!","potentialAction":[{"@type":"SearchAction","target":{"@type":"EntryPoint","urlTemplate":"https:\/\/www.hoogstra-autosport.nl\/?s={search_term_string}"},"query-input":{"@type":"PropertyValueSpecification","valueRequired":true,"valueName":"search_term_string"}}],"inLanguage":"de"}]}},"tiered_pricing_type":"fixed","tiered_pricing_fixed_rules":[],"tiered_pricing_product_settings":{"layout":"default","base_unit_name":{"singular":null,"plural":null},"default_variation":null},"tiered_pricing_minimum_quantity":null,"tiered_pricing_roles_data":[],"tiered_pricing_percentage_rules":[],"tiered_pricing_maximum_quantity":null,"tiered_pricing_quantity_step":null,"_links":{"self":[{"href":"https:\/\/www.hoogstra-autosport.nl\/de\/wp-json\/wp\/v2\/product\/96233","targetHints":{"allow":["GET"]}}],"collection":[{"href":"https:\/\/www.hoogstra-autosport.nl\/de\/wp-json\/wp\/v2\/product"}],"about":[{"href":"https:\/\/www.hoogstra-autosport.nl\/de\/wp-json\/wp\/v2\/types\/product"}],"wp:featuredmedia":[{"embeddable":true,"href":"https:\/\/www.hoogstra-autosport.nl\/de\/wp-json\/wp\/v2\/media\/96240"}],"wp:attachment":[{"href":"https:\/\/www.hoogstra-autosport.nl\/de\/wp-json\/wp\/v2\/media?parent=96233"}],"wp:term":[{"taxonomy":"product_brand","embeddable":true,"href":"https:\/\/www.hoogstra-autosport.nl\/de\/wp-json\/wp\/v2\/product_brand?post=96233"},{"taxonomy":"product_cat","embeddable":true,"href":"https:\/\/www.hoogstra-autosport.nl\/de\/wp-json\/wp\/v2\/product_cat?post=96233"},{"taxonomy":"product_tag","embeddable":true,"href":"https:\/\/www.hoogstra-autosport.nl\/de\/wp-json\/wp\/v2\/product_tag?post=96233"}],"curies":[{"name":"wp","href":"https:\/\/api.w.org\/{rel}","templated":true}]}}