{"id":9557,"date":"2015-11-16T20:44:58","date_gmt":"2015-11-16T19:44:58","guid":{"rendered":"http:\/\/hoogstra-autosport.nl\/?product=bilstein-b6-sport-opel-kadett-achterzijde"},"modified":"2025-01-22T09:26:34","modified_gmt":"2025-01-22T08:26:34","slug":"bilstein-b6-sport-opel-kadett-achterzijde","status":"publish","type":"product","link":"https:\/\/www.hoogstra-autosport.nl\/de\/produkt\/bilstein-b6-sport-opel-kadett-achterzijde\/","title":{"rendered":"Bilstein B6 Sport Opel Kadett Hinterachse"},"content":{"rendered":"<p>B6 Sportschalld\u00e4mpfer\/F\u00fcllpatrone.<\/p>\n<p>Ist am besten f\u00fcr Autocross geeignet.<\/p>\n<p>Foto ist Beispiel<\/p>\n<p>Bilstein B6 Gel\u00e4ndewagen<\/p>\n<p>Bilstein B6Auch f\u00fcr Off-Road-Leistungen.<\/p>\n<p>F\u00fcr Off-Road-Fahrzeuge bieten wir eine an die speziellen Anforderungen angepasste Version des BILSTEIN B6 an. Die pr\u00e4zisen Einstellungen reduzieren unkontrollierte Bewegungen durch den hohen Aufbau und erh\u00f6hen die Lenkpr\u00e4zision und die Tragf\u00e4higkeit der Federung, garantieren eine bessere Fahrzeugkontrolle und damit ein sichereres Fahrverhalten und eine bessere Traktion.<\/p>\n<p>Die Produktvorteile auf einen Blick:<br \/>\n-H\u00f6here Leistungsreserven und Lebensdauer, auch im Schleppbetrieb und im Offroad-Einsatz<br \/>\n-Optimale Haftung und verbesserte Stabilit\u00e4t beim Spurwechsel sowohl im Alltag als auch in Extremsituationen<br \/>\n-Deutliche Verbesserung von Sicherheit und Leistung ohne zus\u00e4tzlichen Federwechsel (Standardfedern k\u00f6nnen verwendet werden)<br \/>\n-BILSTEIN-Gasdrucktechnik<br \/>\n-Bilstein Einrohr\/Upside-Down-Technik, made in Germany<br \/>\nVon BILSTEIN stra\u00dfen- und rennstreckenerprobt f\u00fcr eine optimale Abstimmung<br \/>\n-keine deutsche T\u00dcV-Eintragung erforderlich<\/p>\n<p>Gasdrucktechnik<\/p>\n<p>Im Laufe der Zeit hat sich die von BILSTEIN entwickelte Einrohr-Gasdrucktechnik als Standard im Automobilbau etabliert. Bei dieser Technologie wird das \u00d6l im D\u00e4mpfer unter Druck gehalten, so dass es bei steigenden Temperaturen und Belastungen nicht aufsch\u00e4umt. So bleibt die volle D\u00e4mpfungsleistung auch bei extremer Belastung erhalten, was sich auch am selbst absenkenden Kolben zeigt.<br \/>\n-Gew\u00e4hrleistet ein hohes Ma\u00df an Traktion und ein pr\u00e4ziseres Handling<br \/>\n-Ein Muss f\u00fcr leistungsstarke Sportfahrwerke<br \/>\n-H\u00f6here Sicherheit in allen dynamischen Fahrsituationen<\/p>\n<p>Die Einrohrtechnik von BILSTEIN<\/p>\n<p>Das Original und das Beste: Die originalen Einrohr-Gasdruckd\u00e4mpfer trugen den Namen BILSTEIN, und wir sind nach wie vor f\u00fcr die Produktion der besten verantwortlich. Die Einrohrtechnik von BILSTEIN ist im Motorsport und bei Seriensportwagen die erste Wahl: Kein anderer Typ gibt den Ingenieuren so viel Freiheit bei der Wahl des perfekten Einbauplatzes oder der Einbaulage (z.B. Upside-Down-Technik).<br \/>\n-Gro\u00dfe Wirkfl\u00e4che am Arbeitskolben sorgt f\u00fcr erh\u00f6hte D\u00e4mpfungsleistung und besseres Handling<br \/>\n-Verbesserte Ableitung der W\u00e4rmeenergie nach au\u00dfen erm\u00f6glicht eine gleichbleibend hohe Absorberleistung<br \/>\n-Stabile Struktur f\u00fcr zus\u00e4tzliche Sicherheit bei der Upside-Down-Technologie<\/p>\n<p>Bilstein Sport Schalld\u00e4mpfer sehr geeignet f\u00fcr Autocross<\/p>\n<p>Abbildung ist ein Beispiel<\/p>","protected":false},"excerpt":{"rendered":"<p>B6 sport demper \/ vulpatroon. Is beste voor autocross. foto is voorbeeld Bilstein B6 Off road Bilstein B6For off-road performance too. For off-road vehicles, we offer a version of the BILSTEIN B6 that is adapted to special requirements. The precise settings reduce uncontrolled movements by the high structure and increase steering precision and the suspension\u2019s [&hellip;]<\/p>\n","protected":false},"featured_media":79187,"template":"","meta":{"_acf_changed":false},"product_brand":[],"product_cat":[2775],"product_tag":[],"class_list":{"0":"post-9557","1":"product","2":"type-product","3":"status-publish","4":"has-post-thumbnail","6":"product_cat-bilstein-koni-duitse-autos","7":"product_shipping_class-4016","9":"first","10":"instock","11":"taxable","12":"shipping-taxable","13":"purchasable","14":"product-type-simple"},"acf":[],"yoast_head":"<!-- This site is optimized with the Yoast SEO plugin v27.1.1 - https:\/\/yoast.com\/product\/yoast-seo-wordpress\/ -->\n<title>Bilstein B6 Sport Opel Kadett achterzijde - Hoogstra Autosport<\/title>\n<meta name=\"robots\" content=\"index, follow, max-snippet:-1, max-image-preview:large, max-video-preview:-1\" \/>\n<link rel=\"canonical\" href=\"https:\/\/www.hoogstra-autosport.nl\/de\/produkt\/bilstein-b6-sport-opel-kadett-achterzijde\/\" \/>\n<meta property=\"og:locale\" content=\"de_DE\" \/>\n<meta property=\"og:type\" content=\"article\" \/>\n<meta property=\"og:title\" content=\"Bilstein B6 Sport Opel Kadett achterzijde - Hoogstra Autosport\" \/>\n<meta property=\"og:description\" content=\"B6 sport demper \/ vulpatroon. Is beste voor autocross. foto is voorbeeld Bilstein B6 Off road Bilstein B6For off-road performance too. For off-road vehicles, we offer a version of the BILSTEIN B6 that is adapted to special requirements. The precise settings reduce uncontrolled movements by the high structure and increase steering precision and the suspension\u2019s [&hellip;]\" \/>\n<meta property=\"og:url\" content=\"https:\/\/www.hoogstra-autosport.nl\/de\/produkt\/bilstein-b6-sport-opel-kadett-achterzijde\/\" \/>\n<meta property=\"og:site_name\" content=\"Hoogstra Autosport\" \/>\n<meta property=\"article:modified_time\" content=\"2025-01-22T08:26:34+00:00\" \/>\n<meta property=\"og:image\" content=\"https:\/\/www.hoogstra-autosport.nl\/teamkoen\/content\/uploads\/2015\/11\/Opel-Kadett-achterzijde.jpg\" \/>\n\t<meta property=\"og:image:width\" content=\"1280\" \/>\n\t<meta property=\"og:image:height\" content=\"798\" \/>\n\t<meta property=\"og:image:type\" content=\"image\/jpeg\" \/>\n<meta name=\"twitter:card\" content=\"summary_large_image\" \/>\n<meta name=\"twitter:label1\" content=\"Gesch\u00e4tzte Lesezeit\" \/>\n\t<meta name=\"twitter:data1\" content=\"2\u00a0Minuten\" \/>\n<script type=\"application\/ld+json\" class=\"yoast-schema-graph\">{\"@context\":\"https:\/\/schema.org\",\"@graph\":[{\"@type\":\"WebPage\",\"@id\":\"https:\/\/www.hoogstra-autosport.nl\/product\/bilstein-b6-sport-opel-kadett-achterzijde\/\",\"url\":\"https:\/\/www.hoogstra-autosport.nl\/product\/bilstein-b6-sport-opel-kadett-achterzijde\/\",\"name\":\"Bilstein B6 Sport Opel Kadett achterzijde - Hoogstra Autosport\",\"isPartOf\":{\"@id\":\"https:\/\/www.hoogstra-autosport.nl\/#website\"},\"primaryImageOfPage\":{\"@id\":\"https:\/\/www.hoogstra-autosport.nl\/product\/bilstein-b6-sport-opel-kadett-achterzijde\/#primaryimage\"},\"image\":{\"@id\":\"https:\/\/www.hoogstra-autosport.nl\/product\/bilstein-b6-sport-opel-kadett-achterzijde\/#primaryimage\"},\"thumbnailUrl\":\"https:\/\/www.hoogstra-autosport.nl\/teamkoen\/wp-content\/uploads\/2015\/11\/Opel-Kadett-achterzijde.jpg\",\"datePublished\":\"2015-11-16T19:44:58+00:00\",\"dateModified\":\"2025-01-22T08:26:34+00:00\",\"breadcrumb\":{\"@id\":\"https:\/\/www.hoogstra-autosport.nl\/product\/bilstein-b6-sport-opel-kadett-achterzijde\/#breadcrumb\"},\"inLanguage\":\"de\",\"potentialAction\":[{\"@type\":\"ReadAction\",\"target\":[\"https:\/\/www.hoogstra-autosport.nl\/product\/bilstein-b6-sport-opel-kadett-achterzijde\/\"]}]},{\"@type\":\"ImageObject\",\"inLanguage\":\"de\",\"@id\":\"https:\/\/www.hoogstra-autosport.nl\/product\/bilstein-b6-sport-opel-kadett-achterzijde\/#primaryimage\",\"url\":\"https:\/\/www.hoogstra-autosport.nl\/teamkoen\/wp-content\/uploads\/2015\/11\/Opel-Kadett-achterzijde.jpg\",\"contentUrl\":\"https:\/\/www.hoogstra-autosport.nl\/teamkoen\/wp-content\/uploads\/2015\/11\/Opel-Kadett-achterzijde.jpg\",\"width\":1280,\"height\":798},{\"@type\":\"BreadcrumbList\",\"@id\":\"https:\/\/www.hoogstra-autosport.nl\/product\/bilstein-b6-sport-opel-kadett-achterzijde\/#breadcrumb\",\"itemListElement\":[{\"@type\":\"ListItem\",\"position\":1,\"name\":\"Home\",\"item\":\"https:\/\/www.hoogstra-autosport.nl\/\"},{\"@type\":\"ListItem\",\"position\":2,\"name\":\"Carrosserie\",\"item\":\"https:\/\/www.hoogstra-autosport.nl\/product-categorie\/carroserie-bevestiging\/\"},{\"@type\":\"ListItem\",\"position\":3,\"name\":\"Wielmoeren Bouten &amp; Vering\",\"item\":\"https:\/\/www.hoogstra-autosport.nl\/product-categorie\/carroserie-bevestiging\/wielen-velgen-vering\/\"},{\"@type\":\"ListItem\",\"position\":4,\"name\":\"Bilstein &amp; Koni\",\"item\":\"https:\/\/www.hoogstra-autosport.nl\/product-categorie\/carroserie-bevestiging\/wielen-velgen-vering\/bilstein-koni\/\"},{\"@type\":\"ListItem\",\"position\":5,\"name\":\"Bilstein &amp; KONI - Duitse auto's\",\"item\":\"https:\/\/www.hoogstra-autosport.nl\/product-categorie\/carroserie-bevestiging\/wielen-velgen-vering\/bilstein-koni\/bilstein-koni-duitse-autos\/\"},{\"@type\":\"ListItem\",\"position\":6,\"name\":\"Bilstein B6 Sport Opel Kadett achterzijde\"}]},{\"@type\":\"WebSite\",\"@id\":\"https:\/\/www.hoogstra-autosport.nl\/#website\",\"url\":\"https:\/\/www.hoogstra-autosport.nl\/\",\"name\":\"Hoogstra Autosport\",\"description\":\"Performance Autosport Parts!\",\"potentialAction\":[{\"@type\":\"SearchAction\",\"target\":{\"@type\":\"EntryPoint\",\"urlTemplate\":\"https:\/\/www.hoogstra-autosport.nl\/?s={search_term_string}\"},\"query-input\":{\"@type\":\"PropertyValueSpecification\",\"valueRequired\":true,\"valueName\":\"search_term_string\"}}],\"inLanguage\":\"de\"}]}<\/script>\n<!-- \/ Yoast SEO plugin. -->","yoast_head_json":{"title":"Bilstein B6 Sport Opel Kadett achterzijde - Hoogstra Autosport","robots":{"index":"index","follow":"follow","max-snippet":"max-snippet:-1","max-image-preview":"max-image-preview:large","max-video-preview":"max-video-preview:-1"},"canonical":"https:\/\/www.hoogstra-autosport.nl\/de\/produkt\/bilstein-b6-sport-opel-kadett-achterzijde\/","og_locale":"de_DE","og_type":"article","og_title":"Bilstein B6 Sport Opel Kadett achterzijde - Hoogstra Autosport","og_description":"B6 sport demper \/ vulpatroon. Is beste voor autocross. foto is voorbeeld Bilstein B6 Off road Bilstein B6For off-road performance too. For off-road vehicles, we offer a version of the BILSTEIN B6 that is adapted to special requirements. The precise settings reduce uncontrolled movements by the high structure and increase steering precision and the suspension\u2019s [&hellip;]","og_url":"https:\/\/www.hoogstra-autosport.nl\/de\/produkt\/bilstein-b6-sport-opel-kadett-achterzijde\/","og_site_name":"Hoogstra Autosport","article_modified_time":"2025-01-22T08:26:34+00:00","og_image":[{"width":1280,"height":798,"url":"https:\/\/www.hoogstra-autosport.nl\/teamkoen\/content\/uploads\/2015\/11\/Opel-Kadett-achterzijde.jpg","type":"image\/jpeg"}],"twitter_card":"summary_large_image","twitter_misc":{"Gesch\u00e4tzte Lesezeit":"2\u00a0Minuten"},"schema":{"@context":"https:\/\/schema.org","@graph":[{"@type":"WebPage","@id":"https:\/\/www.hoogstra-autosport.nl\/product\/bilstein-b6-sport-opel-kadett-achterzijde\/","url":"https:\/\/www.hoogstra-autosport.nl\/product\/bilstein-b6-sport-opel-kadett-achterzijde\/","name":"Bilstein B6 Sport Opel Kadett achterzijde - Hoogstra Autosport","isPartOf":{"@id":"https:\/\/www.hoogstra-autosport.nl\/#website"},"primaryImageOfPage":{"@id":"https:\/\/www.hoogstra-autosport.nl\/product\/bilstein-b6-sport-opel-kadett-achterzijde\/#primaryimage"},"image":{"@id":"https:\/\/www.hoogstra-autosport.nl\/product\/bilstein-b6-sport-opel-kadett-achterzijde\/#primaryimage"},"thumbnailUrl":"https:\/\/www.hoogstra-autosport.nl\/teamkoen\/wp-content\/uploads\/2015\/11\/Opel-Kadett-achterzijde.jpg","datePublished":"2015-11-16T19:44:58+00:00","dateModified":"2025-01-22T08:26:34+00:00","breadcrumb":{"@id":"https:\/\/www.hoogstra-autosport.nl\/product\/bilstein-b6-sport-opel-kadett-achterzijde\/#breadcrumb"},"inLanguage":"de","potentialAction":[{"@type":"ReadAction","target":["https:\/\/www.hoogstra-autosport.nl\/product\/bilstein-b6-sport-opel-kadett-achterzijde\/"]}]},{"@type":"ImageObject","inLanguage":"de","@id":"https:\/\/www.hoogstra-autosport.nl\/product\/bilstein-b6-sport-opel-kadett-achterzijde\/#primaryimage","url":"https:\/\/www.hoogstra-autosport.nl\/teamkoen\/wp-content\/uploads\/2015\/11\/Opel-Kadett-achterzijde.jpg","contentUrl":"https:\/\/www.hoogstra-autosport.nl\/teamkoen\/wp-content\/uploads\/2015\/11\/Opel-Kadett-achterzijde.jpg","width":1280,"height":798},{"@type":"BreadcrumbList","@id":"https:\/\/www.hoogstra-autosport.nl\/product\/bilstein-b6-sport-opel-kadett-achterzijde\/#breadcrumb","itemListElement":[{"@type":"ListItem","position":1,"name":"Home","item":"https:\/\/www.hoogstra-autosport.nl\/"},{"@type":"ListItem","position":2,"name":"Carrosserie","item":"https:\/\/www.hoogstra-autosport.nl\/product-categorie\/carroserie-bevestiging\/"},{"@type":"ListItem","position":3,"name":"Wielmoeren Bouten &amp; Vering","item":"https:\/\/www.hoogstra-autosport.nl\/product-categorie\/carroserie-bevestiging\/wielen-velgen-vering\/"},{"@type":"ListItem","position":4,"name":"Bilstein &amp; Koni","item":"https:\/\/www.hoogstra-autosport.nl\/product-categorie\/carroserie-bevestiging\/wielen-velgen-vering\/bilstein-koni\/"},{"@type":"ListItem","position":5,"name":"Bilstein &amp; KONI - Duitse auto's","item":"https:\/\/www.hoogstra-autosport.nl\/product-categorie\/carroserie-bevestiging\/wielen-velgen-vering\/bilstein-koni\/bilstein-koni-duitse-autos\/"},{"@type":"ListItem","position":6,"name":"Bilstein B6 Sport Opel Kadett achterzijde"}]},{"@type":"WebSite","@id":"https:\/\/www.hoogstra-autosport.nl\/#website","url":"https:\/\/www.hoogstra-autosport.nl\/","name":"Hoogstra Autosport","description":"Performance Autosport Parts!","potentialAction":[{"@type":"SearchAction","target":{"@type":"EntryPoint","urlTemplate":"https:\/\/www.hoogstra-autosport.nl\/?s={search_term_string}"},"query-input":{"@type":"PropertyValueSpecification","valueRequired":true,"valueName":"search_term_string"}}],"inLanguage":"de"}]}},"tiered_pricing_type":"fixed","tiered_pricing_fixed_rules":[],"tiered_pricing_product_settings":{"layout":"default","base_unit_name":{"singular":null,"plural":null},"default_variation":null},"tiered_pricing_minimum_quantity":null,"tiered_pricing_roles_data":[],"tiered_pricing_percentage_rules":[],"tiered_pricing_maximum_quantity":null,"tiered_pricing_quantity_step":null,"_links":{"self":[{"href":"https:\/\/www.hoogstra-autosport.nl\/de\/wp-json\/wp\/v2\/product\/9557","targetHints":{"allow":["GET"]}}],"collection":[{"href":"https:\/\/www.hoogstra-autosport.nl\/de\/wp-json\/wp\/v2\/product"}],"about":[{"href":"https:\/\/www.hoogstra-autosport.nl\/de\/wp-json\/wp\/v2\/types\/product"}],"wp:featuredmedia":[{"embeddable":true,"href":"https:\/\/www.hoogstra-autosport.nl\/de\/wp-json\/wp\/v2\/media\/79187"}],"wp:attachment":[{"href":"https:\/\/www.hoogstra-autosport.nl\/de\/wp-json\/wp\/v2\/media?parent=9557"}],"wp:term":[{"taxonomy":"product_brand","embeddable":true,"href":"https:\/\/www.hoogstra-autosport.nl\/de\/wp-json\/wp\/v2\/product_brand?post=9557"},{"taxonomy":"product_cat","embeddable":true,"href":"https:\/\/www.hoogstra-autosport.nl\/de\/wp-json\/wp\/v2\/product_cat?post=9557"},{"taxonomy":"product_tag","embeddable":true,"href":"https:\/\/www.hoogstra-autosport.nl\/de\/wp-json\/wp\/v2\/product_tag?post=9557"}],"curies":[{"name":"wp","href":"https:\/\/api.w.org\/{rel}","templated":true}]}}