{"id":9542,"date":"2015-11-10T18:06:20","date_gmt":"2015-11-10T17:06:20","guid":{"rendered":"http:\/\/hoogstra-autosport.nl\/?product=schokbrekerhoezen-hoogstra-autosport"},"modified":"2025-11-25T17:14:17","modified_gmt":"2025-11-25T16:14:17","slug":"schokbrekerhoezen-hoogstra-autosport","status":"publish","type":"product","link":"https:\/\/www.hoogstra-autosport.nl\/de\/produkt\/schokbrekerhoezen-hoogstra-autosport\/","title":{"rendered":"Sto\u00dfd\u00e4mpferabdeckung Hoogstra Autosport"},"content":{"rendered":"<p>Sto\u00dfd\u00e4mpferabdeckungen Hoogstra Autosport<\/p>\n<p>Erh\u00e4ltlich in verschiedenen L\u00e4ngen<\/p>\n<p>Preis ist pro St\u00fcck<\/p>","protected":false},"excerpt":{"rendered":"<p>Schokbreker Hoezen Hoogstra Autosport In verschillende lengtes leverbaar Prijs is per stuk<\/p>","protected":false},"featured_media":93833,"template":"","meta":{"_acf_changed":false},"product_brand":[],"product_cat":[2775,2774,2776,3934,3935],"product_tag":[],"class_list":{"0":"post-9542","1":"product","2":"type-product","3":"status-publish","4":"has-post-thumbnail","6":"product_cat-bilstein-koni-duitse-autos","7":"product_cat-bilstein-koni-franse-autos","8":"product_cat-bilstein-koni-japanse-koreaanse-autos","9":"product_cat-kever-onderdelen","10":"product_cat-sprinter-onderdelen","11":"product_shipping_class-4016","13":"first","14":"instock","15":"taxable","16":"shipping-taxable","17":"purchasable","18":"product-type-variable"},"acf":[],"yoast_head":"<!-- This site is optimized with the Yoast SEO plugin v27.1.1 - https:\/\/yoast.com\/product\/yoast-seo-wordpress\/ -->\n<title>Schokbrekerhoes Hoogstra Autosport - Hoogstra Autosport<\/title>\n<meta name=\"robots\" content=\"index, follow, max-snippet:-1, max-image-preview:large, max-video-preview:-1\" \/>\n<link rel=\"canonical\" href=\"https:\/\/www.hoogstra-autosport.nl\/de\/produkt\/schokbrekerhoezen-hoogstra-autosport\/\" \/>\n<meta property=\"og:locale\" content=\"de_DE\" \/>\n<meta property=\"og:type\" content=\"article\" \/>\n<meta property=\"og:title\" content=\"Schokbrekerhoes Hoogstra Autosport - Hoogstra Autosport\" \/>\n<meta property=\"og:description\" content=\"Schokbreker Hoezen Hoogstra Autosport In verschillende lengtes leverbaar Prijs is per stuk\" \/>\n<meta property=\"og:url\" content=\"https:\/\/www.hoogstra-autosport.nl\/de\/produkt\/schokbrekerhoezen-hoogstra-autosport\/\" \/>\n<meta property=\"og:site_name\" content=\"Hoogstra Autosport\" \/>\n<meta property=\"article:modified_time\" content=\"2025-11-25T16:14:17+00:00\" \/>\n<meta property=\"og:image\" content=\"https:\/\/www.hoogstra-autosport.nl\/teamkoen\/wp-content\/uploads\/2015\/11\/Untitled-Project-38.jpg\" \/>\n\t<meta property=\"og:image:width\" content=\"1000\" \/>\n\t<meta property=\"og:image:height\" content=\"1000\" \/>\n\t<meta property=\"og:image:type\" content=\"image\/jpeg\" \/>\n<meta name=\"twitter:card\" content=\"summary_large_image\" \/>\n<meta name=\"twitter:label1\" content=\"Gesch\u00e4tzte Lesezeit\" \/>\n\t<meta name=\"twitter:data1\" content=\"1\u00a0Minute\" \/>\n<script type=\"application\/ld+json\" class=\"yoast-schema-graph\">{\"@context\":\"https:\/\/schema.org\",\"@graph\":[{\"@type\":\"WebPage\",\"@id\":\"https:\/\/www.hoogstra-autosport.nl\/product\/schokbrekerhoezen-hoogstra-autosport\/\",\"url\":\"https:\/\/www.hoogstra-autosport.nl\/product\/schokbrekerhoezen-hoogstra-autosport\/\",\"name\":\"Schokbrekerhoes Hoogstra Autosport - Hoogstra Autosport\",\"isPartOf\":{\"@id\":\"https:\/\/www.hoogstra-autosport.nl\/#website\"},\"primaryImageOfPage\":{\"@id\":\"https:\/\/www.hoogstra-autosport.nl\/product\/schokbrekerhoezen-hoogstra-autosport\/#primaryimage\"},\"image\":{\"@id\":\"https:\/\/www.hoogstra-autosport.nl\/product\/schokbrekerhoezen-hoogstra-autosport\/#primaryimage\"},\"thumbnailUrl\":\"https:\/\/www.hoogstra-autosport.nl\/teamkoen\/wp-content\/uploads\/2015\/11\/Untitled-Project-38.jpg\",\"datePublished\":\"2015-11-10T17:06:20+00:00\",\"dateModified\":\"2025-11-25T16:14:17+00:00\",\"breadcrumb\":{\"@id\":\"https:\/\/www.hoogstra-autosport.nl\/product\/schokbrekerhoezen-hoogstra-autosport\/#breadcrumb\"},\"inLanguage\":\"de\",\"potentialAction\":[{\"@type\":\"ReadAction\",\"target\":[\"https:\/\/www.hoogstra-autosport.nl\/product\/schokbrekerhoezen-hoogstra-autosport\/\"]}]},{\"@type\":\"ImageObject\",\"inLanguage\":\"de\",\"@id\":\"https:\/\/www.hoogstra-autosport.nl\/product\/schokbrekerhoezen-hoogstra-autosport\/#primaryimage\",\"url\":\"https:\/\/www.hoogstra-autosport.nl\/teamkoen\/wp-content\/uploads\/2015\/11\/Untitled-Project-38.jpg\",\"contentUrl\":\"https:\/\/www.hoogstra-autosport.nl\/teamkoen\/wp-content\/uploads\/2015\/11\/Untitled-Project-38.jpg\",\"width\":1000,\"height\":1000},{\"@type\":\"BreadcrumbList\",\"@id\":\"https:\/\/www.hoogstra-autosport.nl\/product\/schokbrekerhoezen-hoogstra-autosport\/#breadcrumb\",\"itemListElement\":[{\"@type\":\"ListItem\",\"position\":1,\"name\":\"Home\",\"item\":\"https:\/\/www.hoogstra-autosport.nl\/\"},{\"@type\":\"ListItem\",\"position\":2,\"name\":\"Carrosserie\",\"item\":\"https:\/\/www.hoogstra-autosport.nl\/product-categorie\/carroserie-bevestiging\/\"},{\"@type\":\"ListItem\",\"position\":3,\"name\":\"Wielmoeren Bouten &amp; Vering\",\"item\":\"https:\/\/www.hoogstra-autosport.nl\/product-categorie\/carroserie-bevestiging\/wielen-velgen-vering\/\"},{\"@type\":\"ListItem\",\"position\":4,\"name\":\"Bilstein &amp; Koni\",\"item\":\"https:\/\/www.hoogstra-autosport.nl\/product-categorie\/carroserie-bevestiging\/wielen-velgen-vering\/bilstein-koni\/\"},{\"@type\":\"ListItem\",\"position\":5,\"name\":\"Bilstein &amp; KONI - Duitse auto's\",\"item\":\"https:\/\/www.hoogstra-autosport.nl\/product-categorie\/carroserie-bevestiging\/wielen-velgen-vering\/bilstein-koni\/bilstein-koni-duitse-autos\/\"},{\"@type\":\"ListItem\",\"position\":6,\"name\":\"Schokbrekerhoes Hoogstra Autosport\"}]},{\"@type\":\"WebSite\",\"@id\":\"https:\/\/www.hoogstra-autosport.nl\/#website\",\"url\":\"https:\/\/www.hoogstra-autosport.nl\/\",\"name\":\"Hoogstra Autosport\",\"description\":\"Performance Autosport Parts!\",\"potentialAction\":[{\"@type\":\"SearchAction\",\"target\":{\"@type\":\"EntryPoint\",\"urlTemplate\":\"https:\/\/www.hoogstra-autosport.nl\/?s={search_term_string}\"},\"query-input\":{\"@type\":\"PropertyValueSpecification\",\"valueRequired\":true,\"valueName\":\"search_term_string\"}}],\"inLanguage\":\"de\"}]}<\/script>\n<!-- \/ Yoast SEO plugin. -->","yoast_head_json":{"title":"Schokbrekerhoes Hoogstra Autosport - Hoogstra Autosport","robots":{"index":"index","follow":"follow","max-snippet":"max-snippet:-1","max-image-preview":"max-image-preview:large","max-video-preview":"max-video-preview:-1"},"canonical":"https:\/\/www.hoogstra-autosport.nl\/de\/produkt\/schokbrekerhoezen-hoogstra-autosport\/","og_locale":"de_DE","og_type":"article","og_title":"Schokbrekerhoes Hoogstra Autosport - Hoogstra Autosport","og_description":"Schokbreker Hoezen Hoogstra Autosport In verschillende lengtes leverbaar Prijs is per stuk","og_url":"https:\/\/www.hoogstra-autosport.nl\/de\/produkt\/schokbrekerhoezen-hoogstra-autosport\/","og_site_name":"Hoogstra Autosport","article_modified_time":"2025-11-25T16:14:17+00:00","og_image":[{"width":1000,"height":1000,"url":"https:\/\/www.hoogstra-autosport.nl\/teamkoen\/wp-content\/uploads\/2015\/11\/Untitled-Project-38.jpg","type":"image\/jpeg"}],"twitter_card":"summary_large_image","twitter_misc":{"Gesch\u00e4tzte Lesezeit":"1\u00a0Minute"},"schema":{"@context":"https:\/\/schema.org","@graph":[{"@type":"WebPage","@id":"https:\/\/www.hoogstra-autosport.nl\/product\/schokbrekerhoezen-hoogstra-autosport\/","url":"https:\/\/www.hoogstra-autosport.nl\/product\/schokbrekerhoezen-hoogstra-autosport\/","name":"Schokbrekerhoes Hoogstra Autosport - Hoogstra Autosport","isPartOf":{"@id":"https:\/\/www.hoogstra-autosport.nl\/#website"},"primaryImageOfPage":{"@id":"https:\/\/www.hoogstra-autosport.nl\/product\/schokbrekerhoezen-hoogstra-autosport\/#primaryimage"},"image":{"@id":"https:\/\/www.hoogstra-autosport.nl\/product\/schokbrekerhoezen-hoogstra-autosport\/#primaryimage"},"thumbnailUrl":"https:\/\/www.hoogstra-autosport.nl\/teamkoen\/wp-content\/uploads\/2015\/11\/Untitled-Project-38.jpg","datePublished":"2015-11-10T17:06:20+00:00","dateModified":"2025-11-25T16:14:17+00:00","breadcrumb":{"@id":"https:\/\/www.hoogstra-autosport.nl\/product\/schokbrekerhoezen-hoogstra-autosport\/#breadcrumb"},"inLanguage":"de","potentialAction":[{"@type":"ReadAction","target":["https:\/\/www.hoogstra-autosport.nl\/product\/schokbrekerhoezen-hoogstra-autosport\/"]}]},{"@type":"ImageObject","inLanguage":"de","@id":"https:\/\/www.hoogstra-autosport.nl\/product\/schokbrekerhoezen-hoogstra-autosport\/#primaryimage","url":"https:\/\/www.hoogstra-autosport.nl\/teamkoen\/wp-content\/uploads\/2015\/11\/Untitled-Project-38.jpg","contentUrl":"https:\/\/www.hoogstra-autosport.nl\/teamkoen\/wp-content\/uploads\/2015\/11\/Untitled-Project-38.jpg","width":1000,"height":1000},{"@type":"BreadcrumbList","@id":"https:\/\/www.hoogstra-autosport.nl\/product\/schokbrekerhoezen-hoogstra-autosport\/#breadcrumb","itemListElement":[{"@type":"ListItem","position":1,"name":"Home","item":"https:\/\/www.hoogstra-autosport.nl\/"},{"@type":"ListItem","position":2,"name":"Carrosserie","item":"https:\/\/www.hoogstra-autosport.nl\/product-categorie\/carroserie-bevestiging\/"},{"@type":"ListItem","position":3,"name":"Wielmoeren Bouten &amp; Vering","item":"https:\/\/www.hoogstra-autosport.nl\/product-categorie\/carroserie-bevestiging\/wielen-velgen-vering\/"},{"@type":"ListItem","position":4,"name":"Bilstein &amp; Koni","item":"https:\/\/www.hoogstra-autosport.nl\/product-categorie\/carroserie-bevestiging\/wielen-velgen-vering\/bilstein-koni\/"},{"@type":"ListItem","position":5,"name":"Bilstein &amp; KONI - Duitse auto's","item":"https:\/\/www.hoogstra-autosport.nl\/product-categorie\/carroserie-bevestiging\/wielen-velgen-vering\/bilstein-koni\/bilstein-koni-duitse-autos\/"},{"@type":"ListItem","position":6,"name":"Schokbrekerhoes Hoogstra Autosport"}]},{"@type":"WebSite","@id":"https:\/\/www.hoogstra-autosport.nl\/#website","url":"https:\/\/www.hoogstra-autosport.nl\/","name":"Hoogstra Autosport","description":"Performance Autosport Parts!","potentialAction":[{"@type":"SearchAction","target":{"@type":"EntryPoint","urlTemplate":"https:\/\/www.hoogstra-autosport.nl\/?s={search_term_string}"},"query-input":{"@type":"PropertyValueSpecification","valueRequired":true,"valueName":"search_term_string"}}],"inLanguage":"de"}]}},"tiered_pricing_type":"fixed","tiered_pricing_fixed_rules":[],"tiered_pricing_product_settings":{"layout":"default","base_unit_name":{"singular":null,"plural":null},"default_variation":null},"tiered_pricing_minimum_quantity":null,"tiered_pricing_roles_data":[],"tiered_pricing_percentage_rules":[],"tiered_pricing_maximum_quantity":null,"tiered_pricing_quantity_step":null,"_links":{"self":[{"href":"https:\/\/www.hoogstra-autosport.nl\/de\/wp-json\/wp\/v2\/product\/9542","targetHints":{"allow":["GET"]}}],"collection":[{"href":"https:\/\/www.hoogstra-autosport.nl\/de\/wp-json\/wp\/v2\/product"}],"about":[{"href":"https:\/\/www.hoogstra-autosport.nl\/de\/wp-json\/wp\/v2\/types\/product"}],"wp:featuredmedia":[{"embeddable":true,"href":"https:\/\/www.hoogstra-autosport.nl\/de\/wp-json\/wp\/v2\/media\/93833"}],"wp:attachment":[{"href":"https:\/\/www.hoogstra-autosport.nl\/de\/wp-json\/wp\/v2\/media?parent=9542"}],"wp:term":[{"taxonomy":"product_brand","embeddable":true,"href":"https:\/\/www.hoogstra-autosport.nl\/de\/wp-json\/wp\/v2\/product_brand?post=9542"},{"taxonomy":"product_cat","embeddable":true,"href":"https:\/\/www.hoogstra-autosport.nl\/de\/wp-json\/wp\/v2\/product_cat?post=9542"},{"taxonomy":"product_tag","embeddable":true,"href":"https:\/\/www.hoogstra-autosport.nl\/de\/wp-json\/wp\/v2\/product_tag?post=9542"}],"curies":[{"name":"wp","href":"https:\/\/api.w.org\/{rel}","templated":true}]}}