{"id":90579,"date":"2025-09-11T15:14:24","date_gmt":"2025-09-11T13:14:24","guid":{"rendered":"https:\/\/www.hoogstra-autosport.nl\/?post_type=product&#038;p=90579"},"modified":"2025-09-11T15:16:09","modified_gmt":"2025-09-11T13:16:09","slug":"sparco-k-pole-zwart","status":"publish","type":"product","link":"https:\/\/www.hoogstra-autosport.nl\/de\/produkt\/sparco-k-pole-zwart\/","title":{"rendered":"Sparco K-Pole (Schwarz)"},"content":{"rendered":"<p>Der halbhohe Sparco Kartschuh K-POLE hat ein sportlich-modernes Design und ist aus feinem, weichem und leichtem Mikrofasermaterial gefertigt. F\u00fcr zus\u00e4tzliche Atmungsaktivit\u00e4t und Komfort sind die Seitenteile perforiert. Die Passform ist besonders ergonomisch und die anatomisch geformte Innensohle sorgt f\u00fcr perfekten Halt. Dank seiner innovativen Naturkautschuksohle bietet der Sparco K-POLE auch auf nassen oder \u00f6lverschmutzten Oberfl\u00e4chen maximalen Grip.<\/p>","protected":false},"excerpt":{"rendered":"<p>De middelhoge Sparco Kartschoen K-POLE heeft een sportief, modern design en is gemaakt van fijn, zacht en licht microvezelmateriaal. Voor extra ademend vermogen en comfort zijn de zijdelen voorzien van perforaties. De pasvorm is bijzonder ergonomisch en de anatomisch gevormde binnenzool zorgt voor perfecte ondersteuning. Dankzij de innovatieve zool van natuurrubber biedt de Sparco K-POLE [&hellip;]<\/p>\n","protected":false},"featured_media":90566,"template":"","meta":{"_acf_changed":false},"product_brand":[],"product_cat":[3981,3979],"product_tag":[],"class_list":{"0":"post-90579","1":"product","2":"type-product","3":"status-publish","4":"has-post-thumbnail","6":"product_cat-sparco-kartschoenen","7":"product_cat-sparco-schoenen","8":"product_shipping_class-4016","10":"first","11":"instock","12":"taxable","13":"shipping-taxable","14":"purchasable","15":"product-type-variable"},"acf":[],"yoast_head":"<!-- This site is optimized with the Yoast SEO plugin v27.1.1 - https:\/\/yoast.com\/product\/yoast-seo-wordpress\/ -->\n<title>Sparco K-Pole (Zwart) - Hoogstra Autosport<\/title>\n<meta name=\"robots\" content=\"index, follow, max-snippet:-1, max-image-preview:large, max-video-preview:-1\" \/>\n<link rel=\"canonical\" href=\"https:\/\/www.hoogstra-autosport.nl\/de\/produkt\/sparco-k-pole-zwart\/\" \/>\n<meta property=\"og:locale\" content=\"de_DE\" \/>\n<meta property=\"og:type\" content=\"article\" \/>\n<meta property=\"og:title\" content=\"Sparco K-Pole (Zwart) - Hoogstra Autosport\" \/>\n<meta property=\"og:description\" content=\"De middelhoge Sparco Kartschoen K-POLE heeft een sportief, modern design en is gemaakt van fijn, zacht en licht microvezelmateriaal. Voor extra ademend vermogen en comfort zijn de zijdelen voorzien van perforaties. De pasvorm is bijzonder ergonomisch en de anatomisch gevormde binnenzool zorgt voor perfecte ondersteuning. Dankzij de innovatieve zool van natuurrubber biedt de Sparco K-POLE [&hellip;]\" \/>\n<meta property=\"og:url\" content=\"https:\/\/www.hoogstra-autosport.nl\/de\/produkt\/sparco-k-pole-zwart\/\" \/>\n<meta property=\"og:site_name\" content=\"Hoogstra Autosport\" \/>\n<meta property=\"article:modified_time\" content=\"2025-09-11T13:16:09+00:00\" \/>\n<meta property=\"og:image\" content=\"https:\/\/www.hoogstra-autosport.nl\/teamkoen\/content\/uploads\/2025\/09\/sparco-k-pole-zwart.jpg\" \/>\n\t<meta property=\"og:image:width\" content=\"1000\" \/>\n\t<meta property=\"og:image:height\" content=\"1000\" \/>\n\t<meta property=\"og:image:type\" content=\"image\/jpeg\" \/>\n<meta name=\"twitter:card\" content=\"summary_large_image\" \/>\n<meta name=\"twitter:label1\" content=\"Gesch\u00e4tzte Lesezeit\" \/>\n\t<meta name=\"twitter:data1\" content=\"1\u00a0Minute\" \/>\n<script type=\"application\/ld+json\" class=\"yoast-schema-graph\">{\"@context\":\"https:\/\/schema.org\",\"@graph\":[{\"@type\":\"WebPage\",\"@id\":\"https:\/\/www.hoogstra-autosport.nl\/product\/sparco-k-pole-zwart\/\",\"url\":\"https:\/\/www.hoogstra-autosport.nl\/product\/sparco-k-pole-zwart\/\",\"name\":\"Sparco K-Pole (Zwart) - Hoogstra Autosport\",\"isPartOf\":{\"@id\":\"https:\/\/www.hoogstra-autosport.nl\/#website\"},\"primaryImageOfPage\":{\"@id\":\"https:\/\/www.hoogstra-autosport.nl\/product\/sparco-k-pole-zwart\/#primaryimage\"},\"image\":{\"@id\":\"https:\/\/www.hoogstra-autosport.nl\/product\/sparco-k-pole-zwart\/#primaryimage\"},\"thumbnailUrl\":\"https:\/\/www.hoogstra-autosport.nl\/teamkoen\/wp-content\/uploads\/2025\/09\/sparco-k-pole-zwart.jpg\",\"datePublished\":\"2025-09-11T13:14:24+00:00\",\"dateModified\":\"2025-09-11T13:16:09+00:00\",\"breadcrumb\":{\"@id\":\"https:\/\/www.hoogstra-autosport.nl\/product\/sparco-k-pole-zwart\/#breadcrumb\"},\"inLanguage\":\"de\",\"potentialAction\":[{\"@type\":\"ReadAction\",\"target\":[\"https:\/\/www.hoogstra-autosport.nl\/product\/sparco-k-pole-zwart\/\"]}]},{\"@type\":\"ImageObject\",\"inLanguage\":\"de\",\"@id\":\"https:\/\/www.hoogstra-autosport.nl\/product\/sparco-k-pole-zwart\/#primaryimage\",\"url\":\"https:\/\/www.hoogstra-autosport.nl\/teamkoen\/wp-content\/uploads\/2025\/09\/sparco-k-pole-zwart.jpg\",\"contentUrl\":\"https:\/\/www.hoogstra-autosport.nl\/teamkoen\/wp-content\/uploads\/2025\/09\/sparco-k-pole-zwart.jpg\",\"width\":1000,\"height\":1000},{\"@type\":\"BreadcrumbList\",\"@id\":\"https:\/\/www.hoogstra-autosport.nl\/product\/sparco-k-pole-zwart\/#breadcrumb\",\"itemListElement\":[{\"@type\":\"ListItem\",\"position\":1,\"name\":\"Home\",\"item\":\"https:\/\/www.hoogstra-autosport.nl\/\"},{\"@type\":\"ListItem\",\"position\":2,\"name\":\"Uitrusting\",\"item\":\"https:\/\/www.hoogstra-autosport.nl\/product-categorie\/autosport-kleding-helmen\/\"},{\"@type\":\"ListItem\",\"position\":3,\"name\":\"Autosport Kleding\",\"item\":\"https:\/\/www.hoogstra-autosport.nl\/product-categorie\/autosport-kleding-helmen\/autosport-kleding\/\"},{\"@type\":\"ListItem\",\"position\":4,\"name\":\"Schoenen\",\"item\":\"https:\/\/www.hoogstra-autosport.nl\/product-categorie\/autosport-kleding-helmen\/autosport-kleding\/schoenen\/\"},{\"@type\":\"ListItem\",\"position\":5,\"name\":\"Sparco Schoenen\",\"item\":\"https:\/\/www.hoogstra-autosport.nl\/product-categorie\/autosport-kleding-helmen\/autosport-kleding\/schoenen\/sparco-schoenen-fia\/\"},{\"@type\":\"ListItem\",\"position\":6,\"name\":\"Sparco Schoenen\",\"item\":\"https:\/\/www.hoogstra-autosport.nl\/product-categorie\/autosport-kleding-helmen\/autosport-kleding\/schoenen\/sparco-schoenen-fia\/sparco-schoenen\/\"},{\"@type\":\"ListItem\",\"position\":7,\"name\":\"Sparco K-Pole (Zwart)\"}]},{\"@type\":\"WebSite\",\"@id\":\"https:\/\/www.hoogstra-autosport.nl\/#website\",\"url\":\"https:\/\/www.hoogstra-autosport.nl\/\",\"name\":\"Hoogstra Autosport\",\"description\":\"Performance Autosport Parts!\",\"potentialAction\":[{\"@type\":\"SearchAction\",\"target\":{\"@type\":\"EntryPoint\",\"urlTemplate\":\"https:\/\/www.hoogstra-autosport.nl\/?s={search_term_string}\"},\"query-input\":{\"@type\":\"PropertyValueSpecification\",\"valueRequired\":true,\"valueName\":\"search_term_string\"}}],\"inLanguage\":\"de\"}]}<\/script>\n<!-- \/ Yoast SEO plugin. -->","yoast_head_json":{"title":"Sparco K-Pole (Zwart) - Hoogstra Autosport","robots":{"index":"index","follow":"follow","max-snippet":"max-snippet:-1","max-image-preview":"max-image-preview:large","max-video-preview":"max-video-preview:-1"},"canonical":"https:\/\/www.hoogstra-autosport.nl\/de\/produkt\/sparco-k-pole-zwart\/","og_locale":"de_DE","og_type":"article","og_title":"Sparco K-Pole (Zwart) - Hoogstra Autosport","og_description":"De middelhoge Sparco Kartschoen K-POLE heeft een sportief, modern design en is gemaakt van fijn, zacht en licht microvezelmateriaal. Voor extra ademend vermogen en comfort zijn de zijdelen voorzien van perforaties. De pasvorm is bijzonder ergonomisch en de anatomisch gevormde binnenzool zorgt voor perfecte ondersteuning. Dankzij de innovatieve zool van natuurrubber biedt de Sparco K-POLE [&hellip;]","og_url":"https:\/\/www.hoogstra-autosport.nl\/de\/produkt\/sparco-k-pole-zwart\/","og_site_name":"Hoogstra Autosport","article_modified_time":"2025-09-11T13:16:09+00:00","og_image":[{"width":1000,"height":1000,"url":"https:\/\/www.hoogstra-autosport.nl\/teamkoen\/content\/uploads\/2025\/09\/sparco-k-pole-zwart.jpg","type":"image\/jpeg"}],"twitter_card":"summary_large_image","twitter_misc":{"Gesch\u00e4tzte Lesezeit":"1\u00a0Minute"},"schema":{"@context":"https:\/\/schema.org","@graph":[{"@type":"WebPage","@id":"https:\/\/www.hoogstra-autosport.nl\/product\/sparco-k-pole-zwart\/","url":"https:\/\/www.hoogstra-autosport.nl\/product\/sparco-k-pole-zwart\/","name":"Sparco K-Pole (Zwart) - Hoogstra Autosport","isPartOf":{"@id":"https:\/\/www.hoogstra-autosport.nl\/#website"},"primaryImageOfPage":{"@id":"https:\/\/www.hoogstra-autosport.nl\/product\/sparco-k-pole-zwart\/#primaryimage"},"image":{"@id":"https:\/\/www.hoogstra-autosport.nl\/product\/sparco-k-pole-zwart\/#primaryimage"},"thumbnailUrl":"https:\/\/www.hoogstra-autosport.nl\/teamkoen\/wp-content\/uploads\/2025\/09\/sparco-k-pole-zwart.jpg","datePublished":"2025-09-11T13:14:24+00:00","dateModified":"2025-09-11T13:16:09+00:00","breadcrumb":{"@id":"https:\/\/www.hoogstra-autosport.nl\/product\/sparco-k-pole-zwart\/#breadcrumb"},"inLanguage":"de","potentialAction":[{"@type":"ReadAction","target":["https:\/\/www.hoogstra-autosport.nl\/product\/sparco-k-pole-zwart\/"]}]},{"@type":"ImageObject","inLanguage":"de","@id":"https:\/\/www.hoogstra-autosport.nl\/product\/sparco-k-pole-zwart\/#primaryimage","url":"https:\/\/www.hoogstra-autosport.nl\/teamkoen\/wp-content\/uploads\/2025\/09\/sparco-k-pole-zwart.jpg","contentUrl":"https:\/\/www.hoogstra-autosport.nl\/teamkoen\/wp-content\/uploads\/2025\/09\/sparco-k-pole-zwart.jpg","width":1000,"height":1000},{"@type":"BreadcrumbList","@id":"https:\/\/www.hoogstra-autosport.nl\/product\/sparco-k-pole-zwart\/#breadcrumb","itemListElement":[{"@type":"ListItem","position":1,"name":"Home","item":"https:\/\/www.hoogstra-autosport.nl\/"},{"@type":"ListItem","position":2,"name":"Uitrusting","item":"https:\/\/www.hoogstra-autosport.nl\/product-categorie\/autosport-kleding-helmen\/"},{"@type":"ListItem","position":3,"name":"Autosport Kleding","item":"https:\/\/www.hoogstra-autosport.nl\/product-categorie\/autosport-kleding-helmen\/autosport-kleding\/"},{"@type":"ListItem","position":4,"name":"Schoenen","item":"https:\/\/www.hoogstra-autosport.nl\/product-categorie\/autosport-kleding-helmen\/autosport-kleding\/schoenen\/"},{"@type":"ListItem","position":5,"name":"Sparco Schoenen","item":"https:\/\/www.hoogstra-autosport.nl\/product-categorie\/autosport-kleding-helmen\/autosport-kleding\/schoenen\/sparco-schoenen-fia\/"},{"@type":"ListItem","position":6,"name":"Sparco Schoenen","item":"https:\/\/www.hoogstra-autosport.nl\/product-categorie\/autosport-kleding-helmen\/autosport-kleding\/schoenen\/sparco-schoenen-fia\/sparco-schoenen\/"},{"@type":"ListItem","position":7,"name":"Sparco K-Pole (Zwart)"}]},{"@type":"WebSite","@id":"https:\/\/www.hoogstra-autosport.nl\/#website","url":"https:\/\/www.hoogstra-autosport.nl\/","name":"Hoogstra Autosport","description":"Performance Autosport Parts!","potentialAction":[{"@type":"SearchAction","target":{"@type":"EntryPoint","urlTemplate":"https:\/\/www.hoogstra-autosport.nl\/?s={search_term_string}"},"query-input":{"@type":"PropertyValueSpecification","valueRequired":true,"valueName":"search_term_string"}}],"inLanguage":"de"}]}},"tiered_pricing_type":"fixed","tiered_pricing_fixed_rules":[],"tiered_pricing_product_settings":{"layout":"default","base_unit_name":{"singular":null,"plural":null},"default_variation":null},"tiered_pricing_minimum_quantity":null,"tiered_pricing_roles_data":[],"tiered_pricing_percentage_rules":[],"tiered_pricing_maximum_quantity":null,"tiered_pricing_quantity_step":null,"_links":{"self":[{"href":"https:\/\/www.hoogstra-autosport.nl\/de\/wp-json\/wp\/v2\/product\/90579","targetHints":{"allow":["GET"]}}],"collection":[{"href":"https:\/\/www.hoogstra-autosport.nl\/de\/wp-json\/wp\/v2\/product"}],"about":[{"href":"https:\/\/www.hoogstra-autosport.nl\/de\/wp-json\/wp\/v2\/types\/product"}],"wp:featuredmedia":[{"embeddable":true,"href":"https:\/\/www.hoogstra-autosport.nl\/de\/wp-json\/wp\/v2\/media\/90566"}],"wp:attachment":[{"href":"https:\/\/www.hoogstra-autosport.nl\/de\/wp-json\/wp\/v2\/media?parent=90579"}],"wp:term":[{"taxonomy":"product_brand","embeddable":true,"href":"https:\/\/www.hoogstra-autosport.nl\/de\/wp-json\/wp\/v2\/product_brand?post=90579"},{"taxonomy":"product_cat","embeddable":true,"href":"https:\/\/www.hoogstra-autosport.nl\/de\/wp-json\/wp\/v2\/product_cat?post=90579"},{"taxonomy":"product_tag","embeddable":true,"href":"https:\/\/www.hoogstra-autosport.nl\/de\/wp-json\/wp\/v2\/product_tag?post=90579"}],"curies":[{"name":"wp","href":"https:\/\/api.w.org\/{rel}","templated":true}]}}