{"id":89544,"date":"2025-08-22T15:09:26","date_gmt":"2025-08-22T13:09:26","guid":{"rendered":"https:\/\/www.hoogstra-autosport.nl\/?post_type=product&#038;p=89544"},"modified":"2025-12-01T09:38:01","modified_gmt":"2025-12-01T08:38:01","slug":"ebc-yellowstuff-remblokset-voorzijde-e46","status":"publish","type":"product","link":"https:\/\/www.hoogstra-autosport.nl\/de\/produkt\/ebc-yellowstuff-remblokset-voorzijde-e46\/","title":{"rendered":"EBC Yellowstuff-Bremsbelagsatz vorne E46"},"content":{"rendered":"<p>Yellowstuff Bremsbel\u00e4ge<\/p>\n<p>EBC High-Friction-Bremsbelag f\u00fcr den sportlichen Stra\u00dfeneinsatz mit 15% verbesserter Bremswirkung<br \/>\nAuch f\u00fcr leichte Rallye-\/Renneins\u00e4tze geeignet<br \/>\nGeeignet f\u00fcr Fahrzeuge ab 1200 kg<br \/>\nMaximale Verz\u00f6gerung in Kombination mit geschlitzten EBC-Scheiben<br \/>\nKein Reibungsverlust bei wiederholtem starkem Bremsen<br \/>\nR90 f\u00fcr den Einsatz auf \u00f6ffentlichen Stra\u00dfen zugelassen<br \/>\nAusgestattet mit \"In-Brems-Belag\" f\u00fcr optimales Bremsverhalten direkt nach dem Einbau<\/p>\n<p>&nbsp;<\/p>\n<table id=\"product-attribute-specs-table\" class=\"data table additional-attributes\">\n<tbody>\n<tr>\n<th class=\"col label\" scope=\"row\">Blok &#8211; Dikte Binnenzijde(mm)<\/th>\n<td class=\"col data\" data-th=\"Blok - Dikte Binnenzijde(mm)\">16<\/td>\n<\/tr>\n<tr>\n<th class=\"col label\" scope=\"row\">Blok &#8211; Hoogte Binnenzijde(mm)<\/th>\n<td class=\"col data\" data-th=\"Blok - Hoogte Binnenzijde(mm)\">57<\/td>\n<\/tr>\n<tr>\n<th class=\"col label\" scope=\"row\">Blok &#8211; Breedte Binnenzijde(mm)<\/th>\n<td class=\"col data\" data-th=\"Blok - Breedte Binnenzijde(mm)\">150<\/td>\n<\/tr>\n<tr>\n<th class=\"col label\" scope=\"row\">Blok &#8211; Hoogte Buitenzijde(mm)<\/th>\n<td class=\"col data\" data-th=\"Blok - Hoogte Buitenzijde(mm)\">57<\/td>\n<\/tr>\n<tr>\n<th class=\"col label\" scope=\"row\">Blok &#8211; Dikte Buitenzijde(mm)<\/th>\n<td class=\"col data\" data-th=\"Blok - Dikte Buitenzijde(mm)\">16<\/td>\n<\/tr>\n<tr>\n<th class=\"col label\" scope=\"row\">Blok &#8211; Breedte Buitenzijde(mm)<\/th>\n<td class=\"col data\" data-th=\"Blok - Breedte Buitenzijde(mm)\">150<\/td>\n<\/tr>\n<\/tbody>\n<\/table>","protected":false},"excerpt":{"rendered":"<p>Yellowstuff remblokken EBC hoog frictie remblok voor sportief straatgebruik met 15% betere remvertraging Ook toepasbaar voor licht rally \/ race gebruik Geschikt voor auto&#8217;s vanaf 1200 kg Maximale vertraging i.c.m. gegroefde EBC schijven Geen frictieverlies bij herhaaldelijk stevig remmen R90 goedgekeurd voor gebruik op de openbare weg Voorzien van &#8216;inrem coating&#8217; voor optimaal remmen, meteen [&hellip;]<\/p>\n","protected":false},"featured_media":89283,"template":"","meta":{"_acf_changed":false},"product_brand":[],"product_cat":[4061],"product_tag":[],"class_list":{"0":"post-89544","1":"product","2":"type-product","3":"status-publish","4":"has-post-thumbnail","6":"product_cat-bmw-e46","8":"first","9":"instock","10":"taxable","11":"shipping-taxable","12":"purchasable","13":"product-type-simple"},"acf":[],"yoast_head":"<!-- This site is optimized with the Yoast SEO plugin v27.1.1 - https:\/\/yoast.com\/product\/yoast-seo-wordpress\/ -->\n<title>EBC Yellowstuff Remblokset Voorzijde E46 - Hoogstra Autosport<\/title>\n<meta name=\"robots\" content=\"index, follow, max-snippet:-1, max-image-preview:large, max-video-preview:-1\" \/>\n<link rel=\"canonical\" href=\"https:\/\/www.hoogstra-autosport.nl\/de\/produkt\/ebc-yellowstuff-remblokset-voorzijde-e46\/\" \/>\n<meta property=\"og:locale\" content=\"de_DE\" \/>\n<meta property=\"og:type\" content=\"article\" \/>\n<meta property=\"og:title\" content=\"EBC Yellowstuff Remblokset Voorzijde E46 - Hoogstra Autosport\" \/>\n<meta property=\"og:description\" content=\"Yellowstuff remblokken EBC hoog frictie remblok voor sportief straatgebruik met 15% betere remvertraging Ook toepasbaar voor licht rally \/ race gebruik Geschikt voor auto&#8217;s vanaf 1200 kg Maximale vertraging i.c.m. gegroefde EBC schijven Geen frictieverlies bij herhaaldelijk stevig remmen R90 goedgekeurd voor gebruik op de openbare weg Voorzien van &#8216;inrem coating&#8217; voor optimaal remmen, meteen [&hellip;]\" \/>\n<meta property=\"og:url\" content=\"https:\/\/www.hoogstra-autosport.nl\/de\/produkt\/ebc-yellowstuff-remblokset-voorzijde-e46\/\" \/>\n<meta property=\"og:site_name\" content=\"Hoogstra Autosport\" \/>\n<meta property=\"article:modified_time\" content=\"2025-12-01T08:38:01+00:00\" \/>\n<meta property=\"og:image\" content=\"https:\/\/www.hoogstra-autosport.nl\/teamkoen\/wp-content\/uploads\/2025\/08\/yellowstuff-ebc.jpg\" \/>\n\t<meta property=\"og:image:width\" content=\"1000\" \/>\n\t<meta property=\"og:image:height\" content=\"1000\" \/>\n\t<meta property=\"og:image:type\" content=\"image\/jpeg\" \/>\n<meta name=\"twitter:card\" content=\"summary_large_image\" \/>\n<meta name=\"twitter:label1\" content=\"Gesch\u00e4tzte Lesezeit\" \/>\n\t<meta name=\"twitter:data1\" content=\"1\u00a0Minute\" \/>\n<script type=\"application\/ld+json\" class=\"yoast-schema-graph\">{\"@context\":\"https:\/\/schema.org\",\"@graph\":[{\"@type\":\"WebPage\",\"@id\":\"https:\/\/www.hoogstra-autosport.nl\/product\/ebc-yellowstuff-remblokset-voorzijde-e46\/\",\"url\":\"https:\/\/www.hoogstra-autosport.nl\/product\/ebc-yellowstuff-remblokset-voorzijde-e46\/\",\"name\":\"EBC Yellowstuff Remblokset Voorzijde E46 - Hoogstra Autosport\",\"isPartOf\":{\"@id\":\"https:\/\/www.hoogstra-autosport.nl\/#website\"},\"primaryImageOfPage\":{\"@id\":\"https:\/\/www.hoogstra-autosport.nl\/product\/ebc-yellowstuff-remblokset-voorzijde-e46\/#primaryimage\"},\"image\":{\"@id\":\"https:\/\/www.hoogstra-autosport.nl\/product\/ebc-yellowstuff-remblokset-voorzijde-e46\/#primaryimage\"},\"thumbnailUrl\":\"https:\/\/www.hoogstra-autosport.nl\/teamkoen\/wp-content\/uploads\/2025\/08\/yellowstuff-ebc.jpg\",\"datePublished\":\"2025-08-22T13:09:26+00:00\",\"dateModified\":\"2025-12-01T08:38:01+00:00\",\"breadcrumb\":{\"@id\":\"https:\/\/www.hoogstra-autosport.nl\/product\/ebc-yellowstuff-remblokset-voorzijde-e46\/#breadcrumb\"},\"inLanguage\":\"de\",\"potentialAction\":[{\"@type\":\"ReadAction\",\"target\":[\"https:\/\/www.hoogstra-autosport.nl\/product\/ebc-yellowstuff-remblokset-voorzijde-e46\/\"]}]},{\"@type\":\"ImageObject\",\"inLanguage\":\"de\",\"@id\":\"https:\/\/www.hoogstra-autosport.nl\/product\/ebc-yellowstuff-remblokset-voorzijde-e46\/#primaryimage\",\"url\":\"https:\/\/www.hoogstra-autosport.nl\/teamkoen\/wp-content\/uploads\/2025\/08\/yellowstuff-ebc.jpg\",\"contentUrl\":\"https:\/\/www.hoogstra-autosport.nl\/teamkoen\/wp-content\/uploads\/2025\/08\/yellowstuff-ebc.jpg\",\"width\":1000,\"height\":1000},{\"@type\":\"BreadcrumbList\",\"@id\":\"https:\/\/www.hoogstra-autosport.nl\/product\/ebc-yellowstuff-remblokset-voorzijde-e46\/#breadcrumb\",\"itemListElement\":[{\"@type\":\"ListItem\",\"position\":1,\"name\":\"Home\",\"item\":\"https:\/\/www.hoogstra-autosport.nl\/\"},{\"@type\":\"ListItem\",\"position\":2,\"name\":\"Remmen\",\"item\":\"https:\/\/www.hoogstra-autosport.nl\/product-categorie\/remmen-2\/\"},{\"@type\":\"ListItem\",\"position\":3,\"name\":\"EBC Remmen\",\"item\":\"https:\/\/www.hoogstra-autosport.nl\/product-categorie\/remmen-2\/ebc-remmen\/\"},{\"@type\":\"ListItem\",\"position\":4,\"name\":\"BMW E46\",\"item\":\"https:\/\/www.hoogstra-autosport.nl\/product-categorie\/remmen-2\/ebc-remmen\/bmw-e46\/\"},{\"@type\":\"ListItem\",\"position\":5,\"name\":\"EBC Yellowstuff Remblokset Voorzijde E46\"}]},{\"@type\":\"WebSite\",\"@id\":\"https:\/\/www.hoogstra-autosport.nl\/#website\",\"url\":\"https:\/\/www.hoogstra-autosport.nl\/\",\"name\":\"Hoogstra Autosport\",\"description\":\"Performance Autosport Parts!\",\"potentialAction\":[{\"@type\":\"SearchAction\",\"target\":{\"@type\":\"EntryPoint\",\"urlTemplate\":\"https:\/\/www.hoogstra-autosport.nl\/?s={search_term_string}\"},\"query-input\":{\"@type\":\"PropertyValueSpecification\",\"valueRequired\":true,\"valueName\":\"search_term_string\"}}],\"inLanguage\":\"de\"}]}<\/script>\n<!-- \/ Yoast SEO plugin. -->","yoast_head_json":{"title":"EBC Yellowstuff Remblokset Voorzijde E46 - Hoogstra Autosport","robots":{"index":"index","follow":"follow","max-snippet":"max-snippet:-1","max-image-preview":"max-image-preview:large","max-video-preview":"max-video-preview:-1"},"canonical":"https:\/\/www.hoogstra-autosport.nl\/de\/produkt\/ebc-yellowstuff-remblokset-voorzijde-e46\/","og_locale":"de_DE","og_type":"article","og_title":"EBC Yellowstuff Remblokset Voorzijde E46 - Hoogstra Autosport","og_description":"Yellowstuff remblokken EBC hoog frictie remblok voor sportief straatgebruik met 15% betere remvertraging Ook toepasbaar voor licht rally \/ race gebruik Geschikt voor auto&#8217;s vanaf 1200 kg Maximale vertraging i.c.m. gegroefde EBC schijven Geen frictieverlies bij herhaaldelijk stevig remmen R90 goedgekeurd voor gebruik op de openbare weg Voorzien van &#8216;inrem coating&#8217; voor optimaal remmen, meteen [&hellip;]","og_url":"https:\/\/www.hoogstra-autosport.nl\/de\/produkt\/ebc-yellowstuff-remblokset-voorzijde-e46\/","og_site_name":"Hoogstra Autosport","article_modified_time":"2025-12-01T08:38:01+00:00","og_image":[{"width":1000,"height":1000,"url":"https:\/\/www.hoogstra-autosport.nl\/teamkoen\/wp-content\/uploads\/2025\/08\/yellowstuff-ebc.jpg","type":"image\/jpeg"}],"twitter_card":"summary_large_image","twitter_misc":{"Gesch\u00e4tzte Lesezeit":"1\u00a0Minute"},"schema":{"@context":"https:\/\/schema.org","@graph":[{"@type":"WebPage","@id":"https:\/\/www.hoogstra-autosport.nl\/product\/ebc-yellowstuff-remblokset-voorzijde-e46\/","url":"https:\/\/www.hoogstra-autosport.nl\/product\/ebc-yellowstuff-remblokset-voorzijde-e46\/","name":"EBC Yellowstuff Remblokset Voorzijde E46 - Hoogstra Autosport","isPartOf":{"@id":"https:\/\/www.hoogstra-autosport.nl\/#website"},"primaryImageOfPage":{"@id":"https:\/\/www.hoogstra-autosport.nl\/product\/ebc-yellowstuff-remblokset-voorzijde-e46\/#primaryimage"},"image":{"@id":"https:\/\/www.hoogstra-autosport.nl\/product\/ebc-yellowstuff-remblokset-voorzijde-e46\/#primaryimage"},"thumbnailUrl":"https:\/\/www.hoogstra-autosport.nl\/teamkoen\/wp-content\/uploads\/2025\/08\/yellowstuff-ebc.jpg","datePublished":"2025-08-22T13:09:26+00:00","dateModified":"2025-12-01T08:38:01+00:00","breadcrumb":{"@id":"https:\/\/www.hoogstra-autosport.nl\/product\/ebc-yellowstuff-remblokset-voorzijde-e46\/#breadcrumb"},"inLanguage":"de","potentialAction":[{"@type":"ReadAction","target":["https:\/\/www.hoogstra-autosport.nl\/product\/ebc-yellowstuff-remblokset-voorzijde-e46\/"]}]},{"@type":"ImageObject","inLanguage":"de","@id":"https:\/\/www.hoogstra-autosport.nl\/product\/ebc-yellowstuff-remblokset-voorzijde-e46\/#primaryimage","url":"https:\/\/www.hoogstra-autosport.nl\/teamkoen\/wp-content\/uploads\/2025\/08\/yellowstuff-ebc.jpg","contentUrl":"https:\/\/www.hoogstra-autosport.nl\/teamkoen\/wp-content\/uploads\/2025\/08\/yellowstuff-ebc.jpg","width":1000,"height":1000},{"@type":"BreadcrumbList","@id":"https:\/\/www.hoogstra-autosport.nl\/product\/ebc-yellowstuff-remblokset-voorzijde-e46\/#breadcrumb","itemListElement":[{"@type":"ListItem","position":1,"name":"Home","item":"https:\/\/www.hoogstra-autosport.nl\/"},{"@type":"ListItem","position":2,"name":"Remmen","item":"https:\/\/www.hoogstra-autosport.nl\/product-categorie\/remmen-2\/"},{"@type":"ListItem","position":3,"name":"EBC Remmen","item":"https:\/\/www.hoogstra-autosport.nl\/product-categorie\/remmen-2\/ebc-remmen\/"},{"@type":"ListItem","position":4,"name":"BMW E46","item":"https:\/\/www.hoogstra-autosport.nl\/product-categorie\/remmen-2\/ebc-remmen\/bmw-e46\/"},{"@type":"ListItem","position":5,"name":"EBC Yellowstuff Remblokset Voorzijde E46"}]},{"@type":"WebSite","@id":"https:\/\/www.hoogstra-autosport.nl\/#website","url":"https:\/\/www.hoogstra-autosport.nl\/","name":"Hoogstra Autosport","description":"Performance Autosport Parts!","potentialAction":[{"@type":"SearchAction","target":{"@type":"EntryPoint","urlTemplate":"https:\/\/www.hoogstra-autosport.nl\/?s={search_term_string}"},"query-input":{"@type":"PropertyValueSpecification","valueRequired":true,"valueName":"search_term_string"}}],"inLanguage":"de"}]}},"tiered_pricing_type":"fixed","tiered_pricing_fixed_rules":[],"tiered_pricing_product_settings":{"layout":"default","base_unit_name":{"singular":null,"plural":null},"default_variation":null},"tiered_pricing_minimum_quantity":null,"tiered_pricing_roles_data":[],"tiered_pricing_percentage_rules":[],"tiered_pricing_maximum_quantity":null,"tiered_pricing_quantity_step":null,"_links":{"self":[{"href":"https:\/\/www.hoogstra-autosport.nl\/de\/wp-json\/wp\/v2\/product\/89544","targetHints":{"allow":["GET"]}}],"collection":[{"href":"https:\/\/www.hoogstra-autosport.nl\/de\/wp-json\/wp\/v2\/product"}],"about":[{"href":"https:\/\/www.hoogstra-autosport.nl\/de\/wp-json\/wp\/v2\/types\/product"}],"wp:featuredmedia":[{"embeddable":true,"href":"https:\/\/www.hoogstra-autosport.nl\/de\/wp-json\/wp\/v2\/media\/89283"}],"wp:attachment":[{"href":"https:\/\/www.hoogstra-autosport.nl\/de\/wp-json\/wp\/v2\/media?parent=89544"}],"wp:term":[{"taxonomy":"product_brand","embeddable":true,"href":"https:\/\/www.hoogstra-autosport.nl\/de\/wp-json\/wp\/v2\/product_brand?post=89544"},{"taxonomy":"product_cat","embeddable":true,"href":"https:\/\/www.hoogstra-autosport.nl\/de\/wp-json\/wp\/v2\/product_cat?post=89544"},{"taxonomy":"product_tag","embeddable":true,"href":"https:\/\/www.hoogstra-autosport.nl\/de\/wp-json\/wp\/v2\/product_tag?post=89544"}],"curies":[{"name":"wp","href":"https:\/\/api.w.org\/{rel}","templated":true}]}}