{"id":87791,"date":"2025-07-09T15:50:03","date_gmt":"2025-07-09T13:50:03","guid":{"rendered":"https:\/\/www.hoogstra-autosport.nl\/?post_type=product&#038;p=87791"},"modified":"2025-07-09T16:03:49","modified_gmt":"2025-07-09T14:03:49","slug":"87791","status":"publish","type":"product","link":"https:\/\/www.hoogstra-autosport.nl\/de\/produkt\/87791\/","title":{"rendered":"ZeroNoise Ohrst\u00f6psel-Set"},"content":{"rendered":"<p><span class=\"jCAhz ChMk0b\"><span class=\"ryNqvb\">Dieses ZeroNoise Ohrst\u00f6psel-Lautsprecherset ist ideal f\u00fcr Rennstrecken, bei denen eine Boxenkommunikation erforderlich ist.<\/span><\/span><\/p>\n<ul>\n<li><span class=\"jCAhz ChMk0b\"><span class=\"ryNqvb\"> Diese Ohrst\u00f6psel sind so konzipiert, dass sie Umgebungsger\u00e4usche um bis zu 26 dB reduzieren und so eine deutlich klarere Kommunikation erm\u00f6glichen.<\/span><\/span> &#8211;<\/li>\n<li><span class=\"jCAhz ChMk0b\"><span class=\"ryNqvb\">Die Kappen sind schwei\u00dfresistent f\u00fcr optimalen Komfort und verf\u00fcgen \u00fcber hocheffiziente Lautsprecher f\u00fcr optimale Klarheit.<\/span><\/span><\/li>\n<li><span class=\"jCAhz ChMk0b\"><span class=\"ryNqvb\">Hocheffiziente Lautsprecher f\u00fcr hervorragende Klangqualit\u00e4t. <\/span><\/span><\/li>\n<li><span class=\"jCAhz ChMk0b\"><span class=\"ryNqvb\">Die Ersatzkappen f\u00fcr die Schaumstoffspitzen sind separat erh\u00e4ltlich.<\/span><\/span><\/li>\n<li><span class=\"jCAhz ChMk0b\"><span class=\"ryNqvb\">Das Circuit Ohrst\u00f6psel-Lautsprecherset ist mit einem 3,5-mm-Klinkenstecker erh\u00e4ltlich.<\/span><\/span><\/li>\n<li><span class=\"jCAhz ChMk0b\"><span class=\"ryNqvb\"> Die Lautsprecher werden in einer praktischen, wasserdichten Aufbewahrungsbox geliefert, damit sie bei Nichtgebrauch sauber und trocken bleiben.<\/span><\/span><\/li>\n<\/ul>\n<p>&nbsp;<\/p>\n<p>&nbsp;<\/p>","protected":false},"excerpt":{"rendered":"<p>Deze ZeroNoise oordopjes-speakerkit is ideaal voor circuitracen waar pitcommunicatie vereist is. Deze oordopjes zijn ontworpen om omgevingsgeluid tot wel 26 dB te verminderen voor een veel helderdere communicatie. &#8211; De dopjes zijn zweetbestendig voor optimaal comfort en beschikken over zeer effici\u00ebnte luidsprekers voor optimale helderheid. Zeer effici\u00ebnte luidsprekers voor een uitstekende geluidskwaliteit. De foam tip [&hellip;]<\/p>\n","protected":false},"featured_media":87797,"template":"","meta":{"_acf_changed":false},"product_brand":[],"product_cat":[4254,3803],"product_tag":[],"class_list":{"0":"post-87791","1":"product","2":"type-product","3":"status-publish","4":"has-post-thumbnail","6":"product_cat-toebehoren","7":"product_cat-intercoms-heaqsets","8":"product_shipping_class-4016","10":"first","11":"instock","12":"taxable","13":"shipping-taxable","14":"purchasable","15":"product-type-simple"},"acf":[],"yoast_head":"<!-- This site is optimized with the Yoast SEO plugin v27.1.1 - https:\/\/yoast.com\/product\/yoast-seo-wordpress\/ -->\n<title>ZeroNoise oordopjes kit - Hoogstra Autosport<\/title>\n<meta name=\"robots\" content=\"index, follow, max-snippet:-1, max-image-preview:large, max-video-preview:-1\" \/>\n<link rel=\"canonical\" href=\"https:\/\/www.hoogstra-autosport.nl\/de\/produkt\/87791\/\" \/>\n<meta property=\"og:locale\" content=\"de_DE\" \/>\n<meta property=\"og:type\" content=\"article\" \/>\n<meta property=\"og:title\" content=\"ZeroNoise oordopjes kit - Hoogstra Autosport\" \/>\n<meta property=\"og:description\" content=\"Deze ZeroNoise oordopjes-speakerkit is ideaal voor circuitracen waar pitcommunicatie vereist is. Deze oordopjes zijn ontworpen om omgevingsgeluid tot wel 26 dB te verminderen voor een veel helderdere communicatie. &#8211; De dopjes zijn zweetbestendig voor optimaal comfort en beschikken over zeer effici\u00ebnte luidsprekers voor optimale helderheid. Zeer effici\u00ebnte luidsprekers voor een uitstekende geluidskwaliteit. De foam tip [&hellip;]\" \/>\n<meta property=\"og:url\" content=\"https:\/\/www.hoogstra-autosport.nl\/de\/produkt\/87791\/\" \/>\n<meta property=\"og:site_name\" content=\"Hoogstra Autosport\" \/>\n<meta property=\"article:modified_time\" content=\"2025-07-09T14:03:49+00:00\" \/>\n<meta property=\"og:image\" content=\"https:\/\/hoogstra-autosport.nl\/teamkoen\/content\/uploads\/2025\/07\/processed-CE0381F1-8AD0-4C28-BF59-950967228179.jpeg\" \/>\n\t<meta property=\"og:image:width\" content=\"1870\" \/>\n\t<meta property=\"og:image:height\" content=\"1870\" \/>\n\t<meta property=\"og:image:type\" content=\"image\/jpeg\" \/>\n<meta name=\"twitter:card\" content=\"summary_large_image\" \/>\n<meta name=\"twitter:label1\" content=\"Gesch\u00e4tzte Lesezeit\" \/>\n\t<meta name=\"twitter:data1\" content=\"1\u00a0Minute\" \/>\n<script type=\"application\/ld+json\" class=\"yoast-schema-graph\">{\"@context\":\"https:\/\/schema.org\",\"@graph\":[{\"@type\":\"WebPage\",\"@id\":\"https:\/\/www.hoogstra-autosport.nl\/product\/87791\/\",\"url\":\"https:\/\/www.hoogstra-autosport.nl\/product\/87791\/\",\"name\":\"ZeroNoise oordopjes kit - Hoogstra Autosport\",\"isPartOf\":{\"@id\":\"https:\/\/www.hoogstra-autosport.nl\/#website\"},\"primaryImageOfPage\":{\"@id\":\"https:\/\/www.hoogstra-autosport.nl\/product\/87791\/#primaryimage\"},\"image\":{\"@id\":\"https:\/\/www.hoogstra-autosport.nl\/product\/87791\/#primaryimage\"},\"thumbnailUrl\":\"https:\/\/www.hoogstra-autosport.nl\/teamkoen\/wp-content\/uploads\/2025\/07\/processed-CE0381F1-8AD0-4C28-BF59-950967228179.jpeg\",\"datePublished\":\"2025-07-09T13:50:03+00:00\",\"dateModified\":\"2025-07-09T14:03:49+00:00\",\"breadcrumb\":{\"@id\":\"https:\/\/www.hoogstra-autosport.nl\/product\/87791\/#breadcrumb\"},\"inLanguage\":\"de\",\"potentialAction\":[{\"@type\":\"ReadAction\",\"target\":[\"https:\/\/www.hoogstra-autosport.nl\/product\/87791\/\"]}]},{\"@type\":\"ImageObject\",\"inLanguage\":\"de\",\"@id\":\"https:\/\/www.hoogstra-autosport.nl\/product\/87791\/#primaryimage\",\"url\":\"https:\/\/www.hoogstra-autosport.nl\/teamkoen\/wp-content\/uploads\/2025\/07\/processed-CE0381F1-8AD0-4C28-BF59-950967228179.jpeg\",\"contentUrl\":\"https:\/\/www.hoogstra-autosport.nl\/teamkoen\/wp-content\/uploads\/2025\/07\/processed-CE0381F1-8AD0-4C28-BF59-950967228179.jpeg\",\"width\":1870,\"height\":1870},{\"@type\":\"BreadcrumbList\",\"@id\":\"https:\/\/www.hoogstra-autosport.nl\/product\/87791\/#breadcrumb\",\"itemListElement\":[{\"@type\":\"ListItem\",\"position\":1,\"name\":\"Home\",\"item\":\"https:\/\/www.hoogstra-autosport.nl\/\"},{\"@type\":\"ListItem\",\"position\":2,\"name\":\"Uitrusting\",\"item\":\"https:\/\/www.hoogstra-autosport.nl\/product-categorie\/autosport-kleding-helmen\/\"},{\"@type\":\"ListItem\",\"position\":3,\"name\":\"Intercoms &amp; Headsets\",\"item\":\"https:\/\/www.hoogstra-autosport.nl\/product-categorie\/autosport-kleding-helmen\/intercoms-heaqsets\/\"},{\"@type\":\"ListItem\",\"position\":4,\"name\":\"Intercom Toebehoren\",\"item\":\"https:\/\/www.hoogstra-autosport.nl\/product-categorie\/autosport-kleding-helmen\/intercoms-heaqsets\/toebehoren\/\"},{\"@type\":\"ListItem\",\"position\":5,\"name\":\"ZeroNoise oordopjes kit\"}]},{\"@type\":\"WebSite\",\"@id\":\"https:\/\/www.hoogstra-autosport.nl\/#website\",\"url\":\"https:\/\/www.hoogstra-autosport.nl\/\",\"name\":\"Hoogstra Autosport\",\"description\":\"Performance Autosport Parts!\",\"potentialAction\":[{\"@type\":\"SearchAction\",\"target\":{\"@type\":\"EntryPoint\",\"urlTemplate\":\"https:\/\/www.hoogstra-autosport.nl\/?s={search_term_string}\"},\"query-input\":{\"@type\":\"PropertyValueSpecification\",\"valueRequired\":true,\"valueName\":\"search_term_string\"}}],\"inLanguage\":\"de\"}]}<\/script>\n<!-- \/ Yoast SEO plugin. -->","yoast_head_json":{"title":"ZeroNoise oordopjes kit - Hoogstra Autosport","robots":{"index":"index","follow":"follow","max-snippet":"max-snippet:-1","max-image-preview":"max-image-preview:large","max-video-preview":"max-video-preview:-1"},"canonical":"https:\/\/www.hoogstra-autosport.nl\/de\/produkt\/87791\/","og_locale":"de_DE","og_type":"article","og_title":"ZeroNoise oordopjes kit - Hoogstra Autosport","og_description":"Deze ZeroNoise oordopjes-speakerkit is ideaal voor circuitracen waar pitcommunicatie vereist is. Deze oordopjes zijn ontworpen om omgevingsgeluid tot wel 26 dB te verminderen voor een veel helderdere communicatie. &#8211; De dopjes zijn zweetbestendig voor optimaal comfort en beschikken over zeer effici\u00ebnte luidsprekers voor optimale helderheid. Zeer effici\u00ebnte luidsprekers voor een uitstekende geluidskwaliteit. De foam tip [&hellip;]","og_url":"https:\/\/www.hoogstra-autosport.nl\/de\/produkt\/87791\/","og_site_name":"Hoogstra Autosport","article_modified_time":"2025-07-09T14:03:49+00:00","og_image":[{"width":1870,"height":1870,"url":"https:\/\/hoogstra-autosport.nl\/teamkoen\/content\/uploads\/2025\/07\/processed-CE0381F1-8AD0-4C28-BF59-950967228179.jpeg","type":"image\/jpeg"}],"twitter_card":"summary_large_image","twitter_misc":{"Gesch\u00e4tzte Lesezeit":"1\u00a0Minute"},"schema":{"@context":"https:\/\/schema.org","@graph":[{"@type":"WebPage","@id":"https:\/\/www.hoogstra-autosport.nl\/product\/87791\/","url":"https:\/\/www.hoogstra-autosport.nl\/product\/87791\/","name":"ZeroNoise oordopjes kit - Hoogstra Autosport","isPartOf":{"@id":"https:\/\/www.hoogstra-autosport.nl\/#website"},"primaryImageOfPage":{"@id":"https:\/\/www.hoogstra-autosport.nl\/product\/87791\/#primaryimage"},"image":{"@id":"https:\/\/www.hoogstra-autosport.nl\/product\/87791\/#primaryimage"},"thumbnailUrl":"https:\/\/www.hoogstra-autosport.nl\/teamkoen\/wp-content\/uploads\/2025\/07\/processed-CE0381F1-8AD0-4C28-BF59-950967228179.jpeg","datePublished":"2025-07-09T13:50:03+00:00","dateModified":"2025-07-09T14:03:49+00:00","breadcrumb":{"@id":"https:\/\/www.hoogstra-autosport.nl\/product\/87791\/#breadcrumb"},"inLanguage":"de","potentialAction":[{"@type":"ReadAction","target":["https:\/\/www.hoogstra-autosport.nl\/product\/87791\/"]}]},{"@type":"ImageObject","inLanguage":"de","@id":"https:\/\/www.hoogstra-autosport.nl\/product\/87791\/#primaryimage","url":"https:\/\/www.hoogstra-autosport.nl\/teamkoen\/wp-content\/uploads\/2025\/07\/processed-CE0381F1-8AD0-4C28-BF59-950967228179.jpeg","contentUrl":"https:\/\/www.hoogstra-autosport.nl\/teamkoen\/wp-content\/uploads\/2025\/07\/processed-CE0381F1-8AD0-4C28-BF59-950967228179.jpeg","width":1870,"height":1870},{"@type":"BreadcrumbList","@id":"https:\/\/www.hoogstra-autosport.nl\/product\/87791\/#breadcrumb","itemListElement":[{"@type":"ListItem","position":1,"name":"Home","item":"https:\/\/www.hoogstra-autosport.nl\/"},{"@type":"ListItem","position":2,"name":"Uitrusting","item":"https:\/\/www.hoogstra-autosport.nl\/product-categorie\/autosport-kleding-helmen\/"},{"@type":"ListItem","position":3,"name":"Intercoms &amp; Headsets","item":"https:\/\/www.hoogstra-autosport.nl\/product-categorie\/autosport-kleding-helmen\/intercoms-heaqsets\/"},{"@type":"ListItem","position":4,"name":"Intercom Toebehoren","item":"https:\/\/www.hoogstra-autosport.nl\/product-categorie\/autosport-kleding-helmen\/intercoms-heaqsets\/toebehoren\/"},{"@type":"ListItem","position":5,"name":"ZeroNoise oordopjes kit"}]},{"@type":"WebSite","@id":"https:\/\/www.hoogstra-autosport.nl\/#website","url":"https:\/\/www.hoogstra-autosport.nl\/","name":"Hoogstra Autosport","description":"Performance Autosport Parts!","potentialAction":[{"@type":"SearchAction","target":{"@type":"EntryPoint","urlTemplate":"https:\/\/www.hoogstra-autosport.nl\/?s={search_term_string}"},"query-input":{"@type":"PropertyValueSpecification","valueRequired":true,"valueName":"search_term_string"}}],"inLanguage":"de"}]}},"tiered_pricing_type":"fixed","tiered_pricing_fixed_rules":[],"tiered_pricing_product_settings":{"layout":"default","base_unit_name":{"singular":null,"plural":null},"default_variation":null},"tiered_pricing_minimum_quantity":null,"tiered_pricing_roles_data":[],"tiered_pricing_percentage_rules":[],"tiered_pricing_maximum_quantity":null,"tiered_pricing_quantity_step":null,"_links":{"self":[{"href":"https:\/\/www.hoogstra-autosport.nl\/de\/wp-json\/wp\/v2\/product\/87791","targetHints":{"allow":["GET"]}}],"collection":[{"href":"https:\/\/www.hoogstra-autosport.nl\/de\/wp-json\/wp\/v2\/product"}],"about":[{"href":"https:\/\/www.hoogstra-autosport.nl\/de\/wp-json\/wp\/v2\/types\/product"}],"wp:featuredmedia":[{"embeddable":true,"href":"https:\/\/www.hoogstra-autosport.nl\/de\/wp-json\/wp\/v2\/media\/87797"}],"wp:attachment":[{"href":"https:\/\/www.hoogstra-autosport.nl\/de\/wp-json\/wp\/v2\/media?parent=87791"}],"wp:term":[{"taxonomy":"product_brand","embeddable":true,"href":"https:\/\/www.hoogstra-autosport.nl\/de\/wp-json\/wp\/v2\/product_brand?post=87791"},{"taxonomy":"product_cat","embeddable":true,"href":"https:\/\/www.hoogstra-autosport.nl\/de\/wp-json\/wp\/v2\/product_cat?post=87791"},{"taxonomy":"product_tag","embeddable":true,"href":"https:\/\/www.hoogstra-autosport.nl\/de\/wp-json\/wp\/v2\/product_tag?post=87791"}],"curies":[{"name":"wp","href":"https:\/\/api.w.org\/{rel}","templated":true}]}}