{"id":87774,"date":"2025-07-09T15:31:03","date_gmt":"2025-07-09T13:31:03","guid":{"rendered":"https:\/\/www.hoogstra-autosport.nl\/?post_type=product&#038;p=87774"},"modified":"2025-07-09T15:45:20","modified_gmt":"2025-07-09T13:45:20","slug":"hayabusa-gearbox-kit","status":"publish","type":"product","link":"https:\/\/www.hoogstra-autosport.nl\/de\/produkt\/hayabusa-gearbox-kit\/","title":{"rendered":"HAYABUSA Getriebesatz"},"content":{"rendered":"<p>Bringen Sie Ihre Hayabusa auf die n\u00e4chste Stufe mit diesem Gearkit, das speziell f\u00fcr maximale Leistung unter extremen Bedingungen entwickelt wurde. Dieses hochwertige Getriebeset wurde f\u00fcr Autocross entwickelt und bietet eine verbesserte Schaltpr\u00e4zision und Kraft\u00fcbertragung.<\/p>\n<p>&nbsp;<\/p>\n<p>Merkmale:<\/p>\n<p>&nbsp;<\/p>\n<ul>\n<li>CNC-gefr\u00e4ste Zahnr\u00e4der aus hochwertigem Stahl f\u00fcr h\u00f6chste Verschlei\u00dffestigkeit und Zuverl\u00e4ssigkeit<\/li>\n<li>Enge Getriebe\u00fcbersetzung f\u00fcr schnellere Beschleunigung und optimale Leistungsentfaltung<\/li>\n<li>Verst\u00e4rkte Konstruktion, geeignet f\u00fcr Hochleistungsanwendungen bis \u00fcber 300 PS<\/li>\n<li>Plug-and-Play Montage f\u00fcr Suzuki GSX1300R Hayabusa (geeignet f\u00fcr Gen1 und Gen2 Modelle, je nach Variante)<\/li>\n<li>Ideal f\u00fcr Autocross, Drag Racing, Sprint, H\u00f6chstgeschwindigkeitsl\u00e4ufe und modifizierte Motorbl\u00f6cke<\/li>\n<\/ul>","protected":false},"excerpt":{"rendered":"<p>Breng je Hayabusa naar het volgende niveau met deze Gearkit, speciaal ontwikkeld voor maximale prestaties onder extreme omstandigheden. Deze hoogwaardige versnellingsbak set is ontworpen voor autocross, en biedt verbeterde schakelprecisie en krachtsoverdracht. &nbsp; Kenmerken: &nbsp; CNC-gefreesde tandwielen van hoogwaardig staal voor maximale slijtvastheid en betrouwbaarheid Close-ratio versnellingsverhouding voor snellere acceleratie en optimale vermogensafgifte Versterkte constructie [&hellip;]<\/p>\n","protected":false},"featured_media":87781,"template":"","meta":{"_acf_changed":false},"product_brand":[],"product_cat":[4258],"product_tag":[],"class_list":{"0":"post-87774","1":"product","2":"type-product","3":"status-publish","4":"has-post-thumbnail","6":"product_cat-hayabusa-onderdelen","7":"product_shipping_class-4017","9":"first","10":"instock","11":"taxable","12":"shipping-taxable","13":"purchasable","14":"product-type-simple"},"acf":[],"yoast_head":"<!-- This site is optimized with the Yoast SEO plugin v27.1.1 - https:\/\/yoast.com\/product\/yoast-seo-wordpress\/ -->\n<title>HAYABUSA Gearbox kit - Hoogstra Autosport<\/title>\n<meta name=\"robots\" content=\"index, follow, max-snippet:-1, max-image-preview:large, max-video-preview:-1\" \/>\n<link rel=\"canonical\" href=\"https:\/\/www.hoogstra-autosport.nl\/de\/produkt\/hayabusa-gearbox-kit\/\" \/>\n<meta property=\"og:locale\" content=\"de_DE\" \/>\n<meta property=\"og:type\" content=\"article\" \/>\n<meta property=\"og:title\" content=\"HAYABUSA Gearbox kit - Hoogstra Autosport\" \/>\n<meta property=\"og:description\" content=\"Breng je Hayabusa naar het volgende niveau met deze Gearkit, speciaal ontwikkeld voor maximale prestaties onder extreme omstandigheden. Deze hoogwaardige versnellingsbak set is ontworpen voor autocross, en biedt verbeterde schakelprecisie en krachtsoverdracht. &nbsp; Kenmerken: &nbsp; CNC-gefreesde tandwielen van hoogwaardig staal voor maximale slijtvastheid en betrouwbaarheid Close-ratio versnellingsverhouding voor snellere acceleratie en optimale vermogensafgifte Versterkte constructie [&hellip;]\" \/>\n<meta property=\"og:url\" content=\"https:\/\/www.hoogstra-autosport.nl\/de\/produkt\/hayabusa-gearbox-kit\/\" \/>\n<meta property=\"og:site_name\" content=\"Hoogstra Autosport\" \/>\n<meta property=\"article:modified_time\" content=\"2025-07-09T13:45:20+00:00\" \/>\n<meta property=\"og:image\" content=\"https:\/\/hoogstra-autosport.nl\/teamkoen\/content\/uploads\/2025\/07\/processed-5DEB1683-C9B1-4514-A1E9-1022892C0EDB.jpeg\" \/>\n\t<meta property=\"og:image:width\" content=\"1870\" \/>\n\t<meta property=\"og:image:height\" content=\"1870\" \/>\n\t<meta property=\"og:image:type\" content=\"image\/jpeg\" \/>\n<meta name=\"twitter:card\" content=\"summary_large_image\" \/>\n<meta name=\"twitter:label1\" content=\"Gesch\u00e4tzte Lesezeit\" \/>\n\t<meta name=\"twitter:data1\" content=\"1\u00a0Minute\" \/>\n<script type=\"application\/ld+json\" class=\"yoast-schema-graph\">{\"@context\":\"https:\/\/schema.org\",\"@graph\":[{\"@type\":\"WebPage\",\"@id\":\"https:\/\/www.hoogstra-autosport.nl\/product\/hayabusa-gearbox-kit\/\",\"url\":\"https:\/\/www.hoogstra-autosport.nl\/product\/hayabusa-gearbox-kit\/\",\"name\":\"HAYABUSA Gearbox kit - Hoogstra Autosport\",\"isPartOf\":{\"@id\":\"https:\/\/www.hoogstra-autosport.nl\/#website\"},\"primaryImageOfPage\":{\"@id\":\"https:\/\/www.hoogstra-autosport.nl\/product\/hayabusa-gearbox-kit\/#primaryimage\"},\"image\":{\"@id\":\"https:\/\/www.hoogstra-autosport.nl\/product\/hayabusa-gearbox-kit\/#primaryimage\"},\"thumbnailUrl\":\"https:\/\/www.hoogstra-autosport.nl\/teamkoen\/wp-content\/uploads\/2025\/07\/processed-5DEB1683-C9B1-4514-A1E9-1022892C0EDB.jpeg\",\"datePublished\":\"2025-07-09T13:31:03+00:00\",\"dateModified\":\"2025-07-09T13:45:20+00:00\",\"breadcrumb\":{\"@id\":\"https:\/\/www.hoogstra-autosport.nl\/product\/hayabusa-gearbox-kit\/#breadcrumb\"},\"inLanguage\":\"de\",\"potentialAction\":[{\"@type\":\"ReadAction\",\"target\":[\"https:\/\/www.hoogstra-autosport.nl\/product\/hayabusa-gearbox-kit\/\"]}]},{\"@type\":\"ImageObject\",\"inLanguage\":\"de\",\"@id\":\"https:\/\/www.hoogstra-autosport.nl\/product\/hayabusa-gearbox-kit\/#primaryimage\",\"url\":\"https:\/\/www.hoogstra-autosport.nl\/teamkoen\/wp-content\/uploads\/2025\/07\/processed-5DEB1683-C9B1-4514-A1E9-1022892C0EDB.jpeg\",\"contentUrl\":\"https:\/\/www.hoogstra-autosport.nl\/teamkoen\/wp-content\/uploads\/2025\/07\/processed-5DEB1683-C9B1-4514-A1E9-1022892C0EDB.jpeg\",\"width\":1870,\"height\":1870},{\"@type\":\"BreadcrumbList\",\"@id\":\"https:\/\/www.hoogstra-autosport.nl\/product\/hayabusa-gearbox-kit\/#breadcrumb\",\"itemListElement\":[{\"@type\":\"ListItem\",\"position\":1,\"name\":\"Home\",\"item\":\"https:\/\/www.hoogstra-autosport.nl\/\"},{\"@type\":\"ListItem\",\"position\":2,\"name\":\"Motorisch\",\"item\":\"https:\/\/www.hoogstra-autosport.nl\/product-categorie\/auto-techniek\/\"},{\"@type\":\"ListItem\",\"position\":3,\"name\":\"Hayabusa onderdelen\",\"item\":\"https:\/\/www.hoogstra-autosport.nl\/product-categorie\/auto-techniek\/hayabusa-onderdelen\/\"},{\"@type\":\"ListItem\",\"position\":4,\"name\":\"HAYABUSA Gearbox kit\"}]},{\"@type\":\"WebSite\",\"@id\":\"https:\/\/www.hoogstra-autosport.nl\/#website\",\"url\":\"https:\/\/www.hoogstra-autosport.nl\/\",\"name\":\"Hoogstra Autosport\",\"description\":\"Performance Autosport Parts!\",\"potentialAction\":[{\"@type\":\"SearchAction\",\"target\":{\"@type\":\"EntryPoint\",\"urlTemplate\":\"https:\/\/www.hoogstra-autosport.nl\/?s={search_term_string}\"},\"query-input\":{\"@type\":\"PropertyValueSpecification\",\"valueRequired\":true,\"valueName\":\"search_term_string\"}}],\"inLanguage\":\"de\"}]}<\/script>\n<!-- \/ Yoast SEO plugin. -->","yoast_head_json":{"title":"HAYABUSA Gearbox kit - Hoogstra Autosport","robots":{"index":"index","follow":"follow","max-snippet":"max-snippet:-1","max-image-preview":"max-image-preview:large","max-video-preview":"max-video-preview:-1"},"canonical":"https:\/\/www.hoogstra-autosport.nl\/de\/produkt\/hayabusa-gearbox-kit\/","og_locale":"de_DE","og_type":"article","og_title":"HAYABUSA Gearbox kit - Hoogstra Autosport","og_description":"Breng je Hayabusa naar het volgende niveau met deze Gearkit, speciaal ontwikkeld voor maximale prestaties onder extreme omstandigheden. Deze hoogwaardige versnellingsbak set is ontworpen voor autocross, en biedt verbeterde schakelprecisie en krachtsoverdracht. &nbsp; Kenmerken: &nbsp; CNC-gefreesde tandwielen van hoogwaardig staal voor maximale slijtvastheid en betrouwbaarheid Close-ratio versnellingsverhouding voor snellere acceleratie en optimale vermogensafgifte Versterkte constructie [&hellip;]","og_url":"https:\/\/www.hoogstra-autosport.nl\/de\/produkt\/hayabusa-gearbox-kit\/","og_site_name":"Hoogstra Autosport","article_modified_time":"2025-07-09T13:45:20+00:00","og_image":[{"width":1870,"height":1870,"url":"https:\/\/hoogstra-autosport.nl\/teamkoen\/content\/uploads\/2025\/07\/processed-5DEB1683-C9B1-4514-A1E9-1022892C0EDB.jpeg","type":"image\/jpeg"}],"twitter_card":"summary_large_image","twitter_misc":{"Gesch\u00e4tzte Lesezeit":"1\u00a0Minute"},"schema":{"@context":"https:\/\/schema.org","@graph":[{"@type":"WebPage","@id":"https:\/\/www.hoogstra-autosport.nl\/product\/hayabusa-gearbox-kit\/","url":"https:\/\/www.hoogstra-autosport.nl\/product\/hayabusa-gearbox-kit\/","name":"HAYABUSA Gearbox kit - Hoogstra Autosport","isPartOf":{"@id":"https:\/\/www.hoogstra-autosport.nl\/#website"},"primaryImageOfPage":{"@id":"https:\/\/www.hoogstra-autosport.nl\/product\/hayabusa-gearbox-kit\/#primaryimage"},"image":{"@id":"https:\/\/www.hoogstra-autosport.nl\/product\/hayabusa-gearbox-kit\/#primaryimage"},"thumbnailUrl":"https:\/\/www.hoogstra-autosport.nl\/teamkoen\/wp-content\/uploads\/2025\/07\/processed-5DEB1683-C9B1-4514-A1E9-1022892C0EDB.jpeg","datePublished":"2025-07-09T13:31:03+00:00","dateModified":"2025-07-09T13:45:20+00:00","breadcrumb":{"@id":"https:\/\/www.hoogstra-autosport.nl\/product\/hayabusa-gearbox-kit\/#breadcrumb"},"inLanguage":"de","potentialAction":[{"@type":"ReadAction","target":["https:\/\/www.hoogstra-autosport.nl\/product\/hayabusa-gearbox-kit\/"]}]},{"@type":"ImageObject","inLanguage":"de","@id":"https:\/\/www.hoogstra-autosport.nl\/product\/hayabusa-gearbox-kit\/#primaryimage","url":"https:\/\/www.hoogstra-autosport.nl\/teamkoen\/wp-content\/uploads\/2025\/07\/processed-5DEB1683-C9B1-4514-A1E9-1022892C0EDB.jpeg","contentUrl":"https:\/\/www.hoogstra-autosport.nl\/teamkoen\/wp-content\/uploads\/2025\/07\/processed-5DEB1683-C9B1-4514-A1E9-1022892C0EDB.jpeg","width":1870,"height":1870},{"@type":"BreadcrumbList","@id":"https:\/\/www.hoogstra-autosport.nl\/product\/hayabusa-gearbox-kit\/#breadcrumb","itemListElement":[{"@type":"ListItem","position":1,"name":"Home","item":"https:\/\/www.hoogstra-autosport.nl\/"},{"@type":"ListItem","position":2,"name":"Motorisch","item":"https:\/\/www.hoogstra-autosport.nl\/product-categorie\/auto-techniek\/"},{"@type":"ListItem","position":3,"name":"Hayabusa onderdelen","item":"https:\/\/www.hoogstra-autosport.nl\/product-categorie\/auto-techniek\/hayabusa-onderdelen\/"},{"@type":"ListItem","position":4,"name":"HAYABUSA Gearbox kit"}]},{"@type":"WebSite","@id":"https:\/\/www.hoogstra-autosport.nl\/#website","url":"https:\/\/www.hoogstra-autosport.nl\/","name":"Hoogstra Autosport","description":"Performance Autosport Parts!","potentialAction":[{"@type":"SearchAction","target":{"@type":"EntryPoint","urlTemplate":"https:\/\/www.hoogstra-autosport.nl\/?s={search_term_string}"},"query-input":{"@type":"PropertyValueSpecification","valueRequired":true,"valueName":"search_term_string"}}],"inLanguage":"de"}]}},"tiered_pricing_type":"fixed","tiered_pricing_fixed_rules":[],"tiered_pricing_product_settings":{"layout":"default","base_unit_name":{"singular":null,"plural":null},"default_variation":null},"tiered_pricing_minimum_quantity":null,"tiered_pricing_roles_data":[],"tiered_pricing_percentage_rules":[],"tiered_pricing_maximum_quantity":null,"tiered_pricing_quantity_step":null,"_links":{"self":[{"href":"https:\/\/www.hoogstra-autosport.nl\/de\/wp-json\/wp\/v2\/product\/87774","targetHints":{"allow":["GET"]}}],"collection":[{"href":"https:\/\/www.hoogstra-autosport.nl\/de\/wp-json\/wp\/v2\/product"}],"about":[{"href":"https:\/\/www.hoogstra-autosport.nl\/de\/wp-json\/wp\/v2\/types\/product"}],"wp:featuredmedia":[{"embeddable":true,"href":"https:\/\/www.hoogstra-autosport.nl\/de\/wp-json\/wp\/v2\/media\/87781"}],"wp:attachment":[{"href":"https:\/\/www.hoogstra-autosport.nl\/de\/wp-json\/wp\/v2\/media?parent=87774"}],"wp:term":[{"taxonomy":"product_brand","embeddable":true,"href":"https:\/\/www.hoogstra-autosport.nl\/de\/wp-json\/wp\/v2\/product_brand?post=87774"},{"taxonomy":"product_cat","embeddable":true,"href":"https:\/\/www.hoogstra-autosport.nl\/de\/wp-json\/wp\/v2\/product_cat?post=87774"},{"taxonomy":"product_tag","embeddable":true,"href":"https:\/\/www.hoogstra-autosport.nl\/de\/wp-json\/wp\/v2\/product_tag?post=87774"}],"curies":[{"name":"wp","href":"https:\/\/api.w.org\/{rel}","templated":true}]}}