{"id":87763,"date":"2025-07-09T15:16:50","date_gmt":"2025-07-09T13:16:50","guid":{"rendered":"https:\/\/www.hoogstra-autosport.nl\/?post_type=product&#038;p=87763"},"modified":"2026-03-16T15:04:55","modified_gmt":"2026-03-16T14:04:55","slug":"aim-mxq-compact-dashlogger","status":"publish","type":"product","link":"https:\/\/www.hoogstra-autosport.nl\/de\/produkt\/aim-mxq-compact-dashlogger\/","title":{"rendered":"AIM MXQ kompakter Dashlogger"},"content":{"rendered":"<h3>Beschreibung<\/h3>\n<p>Der AIM MXQ ist ein robuster und kompakter Can-Bus-Datenlogger mit einem robusten Nylon-Kunststoffgeh\u00e4use. Er ist der kleine Bruder des MXM, wobei der MXQ nur 1 statt 4 Analogeing\u00e4nge und keine digitalen Ausg\u00e4nge und Geschwindigkeitseing\u00e4nge hat.<br \/>\nDieser Logger ist perfekt f\u00fcr Motorsport, Rennsport aber auch Offroad\/Cross.<br \/>\nDie ECU-Anbindung ist \u00fcber CAN, K-Line oder RS232 m\u00f6glich. Der AIM MXQ Dashlogger verf\u00fcgt \u00fcber ein internes GPS-Modul und WIFI-Modul. Die Software Race Studio 3 Software ist zum kostenlosen Download verf\u00fcgbar.<\/p>\n<p>Der AIM MXQ Datenlogger verf\u00fcgt \u00fcber die folgenden Kan\u00e4le:<\/p>\n<p>ECU-Kommunikation: CAN, RS232, K-Leitung\/obd<br \/>\n-1x Geschwindigkeit<br \/>\n-1x frei konfigurierbarer Analogkanal (0-5 V) f\u00fcr z.B. Temperatur, Druck oder Potentiometer.<br \/>\n-Interner 3-Achsen-G-Kraftsensor<\/p>\n<p>Sonstige technische Daten AIM MXQ Dash Datalog System:<br \/>\n-4 GB interner Speicher<br \/>\n-3 Binder-Anschl\u00fcsse hinten<br \/>\nWIFI 802.11-Verbindung (f\u00fcr drahtlose Konfiguration und Datendownload)<br \/>\n-Grafisches Display mit einer Aufl\u00f6sung von 268 x 128 Pixel<br \/>\n7 frei programmierbare RGB-Hintergrundbeleuchtungsfarben<br \/>\n-2 frei programmierbare Alarm-LEDs (mehrfarbig)<br \/>\n-5 frei programmierbare Schaltlichter (mehrfarbig)<br \/>\n-Eingebauter Helligkeitssensor<br \/>\n-Abmessungen: 137\u00d788,4\u00d731,9 mm<br \/>\n-Gewicht: 330 Gramm<br \/>\n-Witterungsbest\u00e4ndigkeit: IP65<\/p>\n<p>Der Steuerger\u00e4teanschluss erm\u00f6glicht den einfachen Anschluss von mehr als 1.000 (programmierbaren und OEM-) Steuerger\u00e4ten, so dass viele zus\u00e4tzliche Kan\u00e4le aufgezeichnet werden k\u00f6nnen.\u00a0<a href=\"https:\/\/www.aim-sportline.com\/en\/documentation.htm\" target=\"_blank\" rel=\"noopener\">Pr\u00fcfen Sie hier die Kompatibilit\u00e4t des Steuerger\u00e4ts.<\/a><\/p>\n<p>Au\u00dferdem kann der AIM MXQ Datenlogger die Kan\u00e4le erweitern und die folgenden CAN-Module anschlie\u00dfen: AIM LCU-ONE Breitband-Lambdasonde, ACC3, AIM SmartyCam Videokamera usw.<\/p>\n<p>Die Analyse der gespeicherten Daten erfolgt \u00fcber die kostenlos herunterladbare und benutzerfreundliche Software Race Studio Analysis. Es fallen KEINE j\u00e4hrlichen Lizenzgeb\u00fchren an. Au\u00dferdem besucht einer unserer Mitarbeiter regelm\u00e4\u00dfig verschiedene Rennen. Dies ist ein kostenloser Service f\u00fcr Kunden, die ein Datenerfassungssystem bei uns erworben haben.<\/p>\n<p>Der AIM MXm Dash-Datenlogger ist z.B. f\u00fcr (Renn-)Autos und (Renn-)Motorr\u00e4der, Motocross-Fahrzeuge, Buggys, etc. geeignet.<\/p>","protected":false},"excerpt":{"rendered":"<p>Beschrijving De AIM MXQ is een robuuste en compacte can bus datalogger met een sterke nylon plastic behuizing. Het is het kleine broertje van de MXM, waarbij de MXQ maar 1 i.p.v. 4 analoge inputs heeft en geen digitale outputs en speed inputs heeft. Deze logger is uitermate geschikt voor de autosport, race maar ook [&hellip;]<\/p>\n","protected":false},"featured_media":87771,"template":"","meta":{"_acf_changed":false},"product_brand":[],"product_cat":[3927],"product_tag":[],"class_list":{"0":"post-87763","1":"product","2":"type-product","3":"status-publish","4":"has-post-thumbnail","6":"product_cat-aim-displays","7":"product_shipping_class-4016","9":"first","10":"instock","11":"sale","12":"taxable","13":"shipping-taxable","14":"purchasable","15":"product-type-variable"},"acf":[],"yoast_head":"<!-- This site is optimized with the Yoast SEO plugin v27.1.1 - https:\/\/yoast.com\/product\/yoast-seo-wordpress\/ -->\n<title>AIM MXQ compact dashlogger - Hoogstra Autosport<\/title>\n<meta name=\"robots\" content=\"index, follow, max-snippet:-1, max-image-preview:large, max-video-preview:-1\" \/>\n<link rel=\"canonical\" href=\"https:\/\/www.hoogstra-autosport.nl\/de\/produkt\/aim-mxq-compact-dashlogger\/\" \/>\n<meta property=\"og:locale\" content=\"de_DE\" \/>\n<meta property=\"og:type\" content=\"article\" \/>\n<meta property=\"og:title\" content=\"AIM MXQ compact dashlogger - Hoogstra Autosport\" \/>\n<meta property=\"og:description\" content=\"Beschrijving De AIM MXQ is een robuuste en compacte can bus datalogger met een sterke nylon plastic behuizing. Het is het kleine broertje van de MXM, waarbij de MXQ maar 1 i.p.v. 4 analoge inputs heeft en geen digitale outputs en speed inputs heeft. Deze logger is uitermate geschikt voor de autosport, race maar ook [&hellip;]\" \/>\n<meta property=\"og:url\" content=\"https:\/\/www.hoogstra-autosport.nl\/de\/produkt\/aim-mxq-compact-dashlogger\/\" \/>\n<meta property=\"og:site_name\" content=\"Hoogstra Autosport\" \/>\n<meta property=\"article:modified_time\" content=\"2026-03-16T14:04:55+00:00\" \/>\n<meta property=\"og:image\" content=\"https:\/\/www.hoogstra-autosport.nl\/teamkoen\/wp-content\/uploads\/2025\/07\/processed-2DC03E42-6C18-48D2-95E9-61610EB431B2.jpeg\" \/>\n\t<meta property=\"og:image:width\" content=\"1870\" \/>\n\t<meta property=\"og:image:height\" content=\"1870\" \/>\n\t<meta property=\"og:image:type\" content=\"image\/jpeg\" \/>\n<meta name=\"twitter:card\" content=\"summary_large_image\" \/>\n<meta name=\"twitter:label1\" content=\"Gesch\u00e4tzte Lesezeit\" \/>\n\t<meta name=\"twitter:data1\" content=\"2\u00a0Minuten\" \/>\n<script type=\"application\/ld+json\" class=\"yoast-schema-graph\">{\"@context\":\"https:\/\/schema.org\",\"@graph\":[{\"@type\":\"WebPage\",\"@id\":\"https:\/\/www.hoogstra-autosport.nl\/product\/aim-mxq-compact-dashlogger\/\",\"url\":\"https:\/\/www.hoogstra-autosport.nl\/product\/aim-mxq-compact-dashlogger\/\",\"name\":\"AIM MXQ compact dashlogger - Hoogstra Autosport\",\"isPartOf\":{\"@id\":\"https:\/\/www.hoogstra-autosport.nl\/#website\"},\"primaryImageOfPage\":{\"@id\":\"https:\/\/www.hoogstra-autosport.nl\/product\/aim-mxq-compact-dashlogger\/#primaryimage\"},\"image\":{\"@id\":\"https:\/\/www.hoogstra-autosport.nl\/product\/aim-mxq-compact-dashlogger\/#primaryimage\"},\"thumbnailUrl\":\"https:\/\/www.hoogstra-autosport.nl\/teamkoen\/wp-content\/uploads\/2025\/07\/processed-2DC03E42-6C18-48D2-95E9-61610EB431B2.jpeg\",\"datePublished\":\"2025-07-09T13:16:50+00:00\",\"dateModified\":\"2026-03-16T14:04:55+00:00\",\"breadcrumb\":{\"@id\":\"https:\/\/www.hoogstra-autosport.nl\/product\/aim-mxq-compact-dashlogger\/#breadcrumb\"},\"inLanguage\":\"de\",\"potentialAction\":[{\"@type\":\"ReadAction\",\"target\":[\"https:\/\/www.hoogstra-autosport.nl\/product\/aim-mxq-compact-dashlogger\/\"]}]},{\"@type\":\"ImageObject\",\"inLanguage\":\"de\",\"@id\":\"https:\/\/www.hoogstra-autosport.nl\/product\/aim-mxq-compact-dashlogger\/#primaryimage\",\"url\":\"https:\/\/www.hoogstra-autosport.nl\/teamkoen\/wp-content\/uploads\/2025\/07\/processed-2DC03E42-6C18-48D2-95E9-61610EB431B2.jpeg\",\"contentUrl\":\"https:\/\/www.hoogstra-autosport.nl\/teamkoen\/wp-content\/uploads\/2025\/07\/processed-2DC03E42-6C18-48D2-95E9-61610EB431B2.jpeg\",\"width\":1870,\"height\":1870},{\"@type\":\"BreadcrumbList\",\"@id\":\"https:\/\/www.hoogstra-autosport.nl\/product\/aim-mxq-compact-dashlogger\/#breadcrumb\",\"itemListElement\":[{\"@type\":\"ListItem\",\"position\":1,\"name\":\"Home\",\"item\":\"https:\/\/www.hoogstra-autosport.nl\/\"},{\"@type\":\"ListItem\",\"position\":2,\"name\":\"Elektriciteit\",\"item\":\"https:\/\/www.hoogstra-autosport.nl\/product-categorie\/elektriciteit\/\"},{\"@type\":\"ListItem\",\"position\":3,\"name\":\"AIM Displays\",\"item\":\"https:\/\/www.hoogstra-autosport.nl\/product-categorie\/elektriciteit\/aim-displays\/\"},{\"@type\":\"ListItem\",\"position\":4,\"name\":\"AIM MXQ compact dashlogger\"}]},{\"@type\":\"WebSite\",\"@id\":\"https:\/\/www.hoogstra-autosport.nl\/#website\",\"url\":\"https:\/\/www.hoogstra-autosport.nl\/\",\"name\":\"Hoogstra Autosport\",\"description\":\"Performance Autosport Parts!\",\"potentialAction\":[{\"@type\":\"SearchAction\",\"target\":{\"@type\":\"EntryPoint\",\"urlTemplate\":\"https:\/\/www.hoogstra-autosport.nl\/?s={search_term_string}\"},\"query-input\":{\"@type\":\"PropertyValueSpecification\",\"valueRequired\":true,\"valueName\":\"search_term_string\"}}],\"inLanguage\":\"de\"}]}<\/script>\n<!-- \/ Yoast SEO plugin. -->","yoast_head_json":{"title":"AIM MXQ compact dashlogger - Hoogstra Autosport","robots":{"index":"index","follow":"follow","max-snippet":"max-snippet:-1","max-image-preview":"max-image-preview:large","max-video-preview":"max-video-preview:-1"},"canonical":"https:\/\/www.hoogstra-autosport.nl\/de\/produkt\/aim-mxq-compact-dashlogger\/","og_locale":"de_DE","og_type":"article","og_title":"AIM MXQ compact dashlogger - Hoogstra Autosport","og_description":"Beschrijving De AIM MXQ is een robuuste en compacte can bus datalogger met een sterke nylon plastic behuizing. Het is het kleine broertje van de MXM, waarbij de MXQ maar 1 i.p.v. 4 analoge inputs heeft en geen digitale outputs en speed inputs heeft. Deze logger is uitermate geschikt voor de autosport, race maar ook [&hellip;]","og_url":"https:\/\/www.hoogstra-autosport.nl\/de\/produkt\/aim-mxq-compact-dashlogger\/","og_site_name":"Hoogstra Autosport","article_modified_time":"2026-03-16T14:04:55+00:00","og_image":[{"width":1870,"height":1870,"url":"https:\/\/www.hoogstra-autosport.nl\/teamkoen\/wp-content\/uploads\/2025\/07\/processed-2DC03E42-6C18-48D2-95E9-61610EB431B2.jpeg","type":"image\/jpeg"}],"twitter_card":"summary_large_image","twitter_misc":{"Gesch\u00e4tzte Lesezeit":"2\u00a0Minuten"},"schema":{"@context":"https:\/\/schema.org","@graph":[{"@type":"WebPage","@id":"https:\/\/www.hoogstra-autosport.nl\/product\/aim-mxq-compact-dashlogger\/","url":"https:\/\/www.hoogstra-autosport.nl\/product\/aim-mxq-compact-dashlogger\/","name":"AIM MXQ compact dashlogger - Hoogstra Autosport","isPartOf":{"@id":"https:\/\/www.hoogstra-autosport.nl\/#website"},"primaryImageOfPage":{"@id":"https:\/\/www.hoogstra-autosport.nl\/product\/aim-mxq-compact-dashlogger\/#primaryimage"},"image":{"@id":"https:\/\/www.hoogstra-autosport.nl\/product\/aim-mxq-compact-dashlogger\/#primaryimage"},"thumbnailUrl":"https:\/\/www.hoogstra-autosport.nl\/teamkoen\/wp-content\/uploads\/2025\/07\/processed-2DC03E42-6C18-48D2-95E9-61610EB431B2.jpeg","datePublished":"2025-07-09T13:16:50+00:00","dateModified":"2026-03-16T14:04:55+00:00","breadcrumb":{"@id":"https:\/\/www.hoogstra-autosport.nl\/product\/aim-mxq-compact-dashlogger\/#breadcrumb"},"inLanguage":"de","potentialAction":[{"@type":"ReadAction","target":["https:\/\/www.hoogstra-autosport.nl\/product\/aim-mxq-compact-dashlogger\/"]}]},{"@type":"ImageObject","inLanguage":"de","@id":"https:\/\/www.hoogstra-autosport.nl\/product\/aim-mxq-compact-dashlogger\/#primaryimage","url":"https:\/\/www.hoogstra-autosport.nl\/teamkoen\/wp-content\/uploads\/2025\/07\/processed-2DC03E42-6C18-48D2-95E9-61610EB431B2.jpeg","contentUrl":"https:\/\/www.hoogstra-autosport.nl\/teamkoen\/wp-content\/uploads\/2025\/07\/processed-2DC03E42-6C18-48D2-95E9-61610EB431B2.jpeg","width":1870,"height":1870},{"@type":"BreadcrumbList","@id":"https:\/\/www.hoogstra-autosport.nl\/product\/aim-mxq-compact-dashlogger\/#breadcrumb","itemListElement":[{"@type":"ListItem","position":1,"name":"Home","item":"https:\/\/www.hoogstra-autosport.nl\/"},{"@type":"ListItem","position":2,"name":"Elektriciteit","item":"https:\/\/www.hoogstra-autosport.nl\/product-categorie\/elektriciteit\/"},{"@type":"ListItem","position":3,"name":"AIM Displays","item":"https:\/\/www.hoogstra-autosport.nl\/product-categorie\/elektriciteit\/aim-displays\/"},{"@type":"ListItem","position":4,"name":"AIM MXQ compact dashlogger"}]},{"@type":"WebSite","@id":"https:\/\/www.hoogstra-autosport.nl\/#website","url":"https:\/\/www.hoogstra-autosport.nl\/","name":"Hoogstra Autosport","description":"Performance Autosport Parts!","potentialAction":[{"@type":"SearchAction","target":{"@type":"EntryPoint","urlTemplate":"https:\/\/www.hoogstra-autosport.nl\/?s={search_term_string}"},"query-input":{"@type":"PropertyValueSpecification","valueRequired":true,"valueName":"search_term_string"}}],"inLanguage":"de"}]}},"tiered_pricing_type":"fixed","tiered_pricing_fixed_rules":[],"tiered_pricing_product_settings":{"layout":"default","base_unit_name":{"singular":null,"plural":null},"default_variation":null},"tiered_pricing_minimum_quantity":null,"tiered_pricing_roles_data":[],"tiered_pricing_percentage_rules":[],"tiered_pricing_maximum_quantity":null,"tiered_pricing_quantity_step":null,"_links":{"self":[{"href":"https:\/\/www.hoogstra-autosport.nl\/de\/wp-json\/wp\/v2\/product\/87763","targetHints":{"allow":["GET"]}}],"collection":[{"href":"https:\/\/www.hoogstra-autosport.nl\/de\/wp-json\/wp\/v2\/product"}],"about":[{"href":"https:\/\/www.hoogstra-autosport.nl\/de\/wp-json\/wp\/v2\/types\/product"}],"wp:featuredmedia":[{"embeddable":true,"href":"https:\/\/www.hoogstra-autosport.nl\/de\/wp-json\/wp\/v2\/media\/87771"}],"wp:attachment":[{"href":"https:\/\/www.hoogstra-autosport.nl\/de\/wp-json\/wp\/v2\/media?parent=87763"}],"wp:term":[{"taxonomy":"product_brand","embeddable":true,"href":"https:\/\/www.hoogstra-autosport.nl\/de\/wp-json\/wp\/v2\/product_brand?post=87763"},{"taxonomy":"product_cat","embeddable":true,"href":"https:\/\/www.hoogstra-autosport.nl\/de\/wp-json\/wp\/v2\/product_cat?post=87763"},{"taxonomy":"product_tag","embeddable":true,"href":"https:\/\/www.hoogstra-autosport.nl\/de\/wp-json\/wp\/v2\/product_tag?post=87763"}],"curies":[{"name":"wp","href":"https:\/\/api.w.org\/{rel}","templated":true}]}}