{"id":87556,"date":"2025-07-04T13:31:41","date_gmt":"2025-07-04T11:31:41","guid":{"rendered":"https:\/\/www.hoogstra-autosport.nl\/?post_type=product&#038;p=87556"},"modified":"2025-07-21T17:33:49","modified_gmt":"2025-07-21T15:33:49","slug":"hawk-ht-10-remblokken-voorzijde-kopie","status":"publish","type":"product","link":"https:\/\/www.hoogstra-autosport.nl\/de\/produkt\/hawk-ht-10-remblokken-voorzijde-kopie\/","title":{"rendered":"Hawk HPS 5.0 Bremsbel\u00e4ge; vorne"},"content":{"rendered":"<p><strong>Ausstattung<\/strong><\/p>\n<p>BMW E46 316i - 328i<\/p>\n<p>&nbsp;<\/p>\n<p>HB136B.690 - Hawk HPS 5.0 Bremsbel\u00e4ge; vorne<br \/>\nMotorenbauer treiben Motorr\u00e4der seit Jahren ans Limit, und bei Hawk Performance sind wir n\u00e4her denn je an den Grenzen des ABS-Rev-Limiters. High Performance Street 5.0 Bremsbel\u00e4ge geben Ihrem Fahrzeug die beste Bremsleistung und das beste Pedalgef\u00fchl, ohne das ABS zu beeintr\u00e4chtigen. HPS 5.0 ist eine Ferrocarbon-Mischung, die fortschrittliche Bremseigenschaften f\u00fcr ein verbessertes Fahrerlebnis bietet. Diese Mischung kombiniert die Sicherheit und Qualit\u00e4t der Luft- und Raumfahrttechnik mit der Bremstechnologie des Motorsports. Das Ergebnis ist ein k\u00fcrzerer Bremsweg, verbesserte Leistung bei starkem Bremsen und ein stra\u00dfenfreundliches Fahrerlebnis. Betriebstemperaturen: 37-400 \u00b0C Optimaler Temperaturbereich: 37-290 \u00b0C<\/p>\n<p><strong>Spezifikationen:<\/strong><br \/>\nWeitere Informationen<br \/>\nHersteller Hawk<br \/>\nUPC\/EAN-Code 840653081755<br \/>\nBremsbel\u00e4ge, Verbundwerkstoff, halbmetallisch<br \/>\nFMSI-Nummer D558-7437<br \/>\nBremsbelagtyp, Stra\u00dfe<br \/>\nPackungsinhalt: 1 Satz Bremsbel\u00e4ge f\u00fcr zwei Bremss\u00e4ttel<br \/>\nDicke des inneren Bremsbelags (mm) 17,53<br \/>\nInnere Bremsbelagh\u00f6he (mm) 57<br \/>\nBreite des inneren Bremsbelags (mm) 151<br \/>\nEtikett Bremsbelag HPS 5.0<\/p>","protected":false},"excerpt":{"rendered":"<p>Fitment BMW E46 316i &#8211; 328i &nbsp; HB136B.690 &#8211; Hawk HPS 5.0 Remblokken; Voor Motorbouwers hebben jarenlang motoren tot het uiterste gedreven, en bij Hawk Performance zijn we dichter dan ooit bij het bereiken van de grenzen van de ABS Rev Limiter. High Performance Street 5.0 remblokken geven uw voertuig de beste remkracht en het [&hellip;]<\/p>\n","protected":false},"featured_media":87548,"template":"","meta":{"_acf_changed":false},"product_brand":[],"product_cat":[4290],"product_tag":[],"class_list":{"0":"post-87556","1":"product","2":"type-product","3":"status-publish","4":"has-post-thumbnail","6":"product_cat-hawk-performance-e46","8":"first","9":"instock","10":"taxable","11":"shipping-taxable","12":"purchasable","13":"product-type-simple"},"acf":[],"yoast_head":"<!-- This site is optimized with the Yoast SEO plugin v27.1.1 - https:\/\/yoast.com\/product\/yoast-seo-wordpress\/ -->\n<title>Hawk HPS 5.0 Remblokken; Voorzijde - Hoogstra Autosport<\/title>\n<meta name=\"robots\" content=\"index, follow, max-snippet:-1, max-image-preview:large, max-video-preview:-1\" \/>\n<link rel=\"canonical\" href=\"https:\/\/www.hoogstra-autosport.nl\/de\/produkt\/hawk-ht-10-remblokken-voorzijde-kopie\/\" \/>\n<meta property=\"og:locale\" content=\"de_DE\" \/>\n<meta property=\"og:type\" content=\"article\" \/>\n<meta property=\"og:title\" content=\"Hawk HPS 5.0 Remblokken; Voorzijde - Hoogstra Autosport\" \/>\n<meta property=\"og:description\" content=\"Fitment BMW E46 316i &#8211; 328i &nbsp; HB136B.690 &#8211; Hawk HPS 5.0 Remblokken; Voor Motorbouwers hebben jarenlang motoren tot het uiterste gedreven, en bij Hawk Performance zijn we dichter dan ooit bij het bereiken van de grenzen van de ABS Rev Limiter. High Performance Street 5.0 remblokken geven uw voertuig de beste remkracht en het [&hellip;]\" \/>\n<meta property=\"og:url\" content=\"https:\/\/www.hoogstra-autosport.nl\/de\/produkt\/hawk-ht-10-remblokken-voorzijde-kopie\/\" \/>\n<meta property=\"og:site_name\" content=\"Hoogstra Autosport\" \/>\n<meta property=\"article:modified_time\" content=\"2025-07-21T15:33:49+00:00\" \/>\n<meta property=\"og:image\" content=\"https:\/\/hoogstra-autosport.nl\/teamkoen\/content\/uploads\/2025\/07\/HPS-5-HA.jpg\" \/>\n\t<meta property=\"og:image:width\" content=\"1000\" \/>\n\t<meta property=\"og:image:height\" content=\"1000\" \/>\n\t<meta property=\"og:image:type\" content=\"image\/jpeg\" \/>\n<meta name=\"twitter:card\" content=\"summary_large_image\" \/>\n<meta name=\"twitter:label1\" content=\"Gesch\u00e4tzte Lesezeit\" \/>\n\t<meta name=\"twitter:data1\" content=\"1\u00a0Minute\" \/>\n<script type=\"application\/ld+json\" class=\"yoast-schema-graph\">{\"@context\":\"https:\/\/schema.org\",\"@graph\":[{\"@type\":\"WebPage\",\"@id\":\"https:\/\/www.hoogstra-autosport.nl\/product\/hawk-ht-10-remblokken-voorzijde-kopie\/\",\"url\":\"https:\/\/www.hoogstra-autosport.nl\/product\/hawk-ht-10-remblokken-voorzijde-kopie\/\",\"name\":\"Hawk HPS 5.0 Remblokken; Voorzijde - Hoogstra Autosport\",\"isPartOf\":{\"@id\":\"https:\/\/www.hoogstra-autosport.nl\/#website\"},\"primaryImageOfPage\":{\"@id\":\"https:\/\/www.hoogstra-autosport.nl\/product\/hawk-ht-10-remblokken-voorzijde-kopie\/#primaryimage\"},\"image\":{\"@id\":\"https:\/\/www.hoogstra-autosport.nl\/product\/hawk-ht-10-remblokken-voorzijde-kopie\/#primaryimage\"},\"thumbnailUrl\":\"https:\/\/www.hoogstra-autosport.nl\/teamkoen\/wp-content\/uploads\/2025\/07\/HPS-5-HA.jpg\",\"datePublished\":\"2025-07-04T11:31:41+00:00\",\"dateModified\":\"2025-07-21T15:33:49+00:00\",\"breadcrumb\":{\"@id\":\"https:\/\/www.hoogstra-autosport.nl\/product\/hawk-ht-10-remblokken-voorzijde-kopie\/#breadcrumb\"},\"inLanguage\":\"de\",\"potentialAction\":[{\"@type\":\"ReadAction\",\"target\":[\"https:\/\/www.hoogstra-autosport.nl\/product\/hawk-ht-10-remblokken-voorzijde-kopie\/\"]}]},{\"@type\":\"ImageObject\",\"inLanguage\":\"de\",\"@id\":\"https:\/\/www.hoogstra-autosport.nl\/product\/hawk-ht-10-remblokken-voorzijde-kopie\/#primaryimage\",\"url\":\"https:\/\/www.hoogstra-autosport.nl\/teamkoen\/wp-content\/uploads\/2025\/07\/HPS-5-HA.jpg\",\"contentUrl\":\"https:\/\/www.hoogstra-autosport.nl\/teamkoen\/wp-content\/uploads\/2025\/07\/HPS-5-HA.jpg\",\"width\":1000,\"height\":1000},{\"@type\":\"BreadcrumbList\",\"@id\":\"https:\/\/www.hoogstra-autosport.nl\/product\/hawk-ht-10-remblokken-voorzijde-kopie\/#breadcrumb\",\"itemListElement\":[{\"@type\":\"ListItem\",\"position\":1,\"name\":\"Home\",\"item\":\"https:\/\/www.hoogstra-autosport.nl\/\"},{\"@type\":\"ListItem\",\"position\":2,\"name\":\"Remmen\",\"item\":\"https:\/\/www.hoogstra-autosport.nl\/product-categorie\/remmen-2\/\"},{\"@type\":\"ListItem\",\"position\":3,\"name\":\"Hawk Performance\",\"item\":\"https:\/\/www.hoogstra-autosport.nl\/product-categorie\/remmen-2\/hawk-performance\/\"},{\"@type\":\"ListItem\",\"position\":4,\"name\":\"BMW E46\",\"item\":\"https:\/\/www.hoogstra-autosport.nl\/product-categorie\/remmen-2\/hawk-performance\/hawk-performance-e46\/\"},{\"@type\":\"ListItem\",\"position\":5,\"name\":\"Hawk HPS 5.0 Remblokken; Voorzijde\"}]},{\"@type\":\"WebSite\",\"@id\":\"https:\/\/www.hoogstra-autosport.nl\/#website\",\"url\":\"https:\/\/www.hoogstra-autosport.nl\/\",\"name\":\"Hoogstra Autosport\",\"description\":\"Performance Autosport Parts!\",\"potentialAction\":[{\"@type\":\"SearchAction\",\"target\":{\"@type\":\"EntryPoint\",\"urlTemplate\":\"https:\/\/www.hoogstra-autosport.nl\/?s={search_term_string}\"},\"query-input\":{\"@type\":\"PropertyValueSpecification\",\"valueRequired\":true,\"valueName\":\"search_term_string\"}}],\"inLanguage\":\"de\"}]}<\/script>\n<!-- \/ Yoast SEO plugin. -->","yoast_head_json":{"title":"Hawk HPS 5.0 Remblokken; Voorzijde - Hoogstra Autosport","robots":{"index":"index","follow":"follow","max-snippet":"max-snippet:-1","max-image-preview":"max-image-preview:large","max-video-preview":"max-video-preview:-1"},"canonical":"https:\/\/www.hoogstra-autosport.nl\/de\/produkt\/hawk-ht-10-remblokken-voorzijde-kopie\/","og_locale":"de_DE","og_type":"article","og_title":"Hawk HPS 5.0 Remblokken; Voorzijde - Hoogstra Autosport","og_description":"Fitment BMW E46 316i &#8211; 328i &nbsp; HB136B.690 &#8211; Hawk HPS 5.0 Remblokken; Voor Motorbouwers hebben jarenlang motoren tot het uiterste gedreven, en bij Hawk Performance zijn we dichter dan ooit bij het bereiken van de grenzen van de ABS Rev Limiter. High Performance Street 5.0 remblokken geven uw voertuig de beste remkracht en het [&hellip;]","og_url":"https:\/\/www.hoogstra-autosport.nl\/de\/produkt\/hawk-ht-10-remblokken-voorzijde-kopie\/","og_site_name":"Hoogstra Autosport","article_modified_time":"2025-07-21T15:33:49+00:00","og_image":[{"width":1000,"height":1000,"url":"https:\/\/hoogstra-autosport.nl\/teamkoen\/content\/uploads\/2025\/07\/HPS-5-HA.jpg","type":"image\/jpeg"}],"twitter_card":"summary_large_image","twitter_misc":{"Gesch\u00e4tzte Lesezeit":"1\u00a0Minute"},"schema":{"@context":"https:\/\/schema.org","@graph":[{"@type":"WebPage","@id":"https:\/\/www.hoogstra-autosport.nl\/product\/hawk-ht-10-remblokken-voorzijde-kopie\/","url":"https:\/\/www.hoogstra-autosport.nl\/product\/hawk-ht-10-remblokken-voorzijde-kopie\/","name":"Hawk HPS 5.0 Remblokken; Voorzijde - Hoogstra Autosport","isPartOf":{"@id":"https:\/\/www.hoogstra-autosport.nl\/#website"},"primaryImageOfPage":{"@id":"https:\/\/www.hoogstra-autosport.nl\/product\/hawk-ht-10-remblokken-voorzijde-kopie\/#primaryimage"},"image":{"@id":"https:\/\/www.hoogstra-autosport.nl\/product\/hawk-ht-10-remblokken-voorzijde-kopie\/#primaryimage"},"thumbnailUrl":"https:\/\/www.hoogstra-autosport.nl\/teamkoen\/wp-content\/uploads\/2025\/07\/HPS-5-HA.jpg","datePublished":"2025-07-04T11:31:41+00:00","dateModified":"2025-07-21T15:33:49+00:00","breadcrumb":{"@id":"https:\/\/www.hoogstra-autosport.nl\/product\/hawk-ht-10-remblokken-voorzijde-kopie\/#breadcrumb"},"inLanguage":"de","potentialAction":[{"@type":"ReadAction","target":["https:\/\/www.hoogstra-autosport.nl\/product\/hawk-ht-10-remblokken-voorzijde-kopie\/"]}]},{"@type":"ImageObject","inLanguage":"de","@id":"https:\/\/www.hoogstra-autosport.nl\/product\/hawk-ht-10-remblokken-voorzijde-kopie\/#primaryimage","url":"https:\/\/www.hoogstra-autosport.nl\/teamkoen\/wp-content\/uploads\/2025\/07\/HPS-5-HA.jpg","contentUrl":"https:\/\/www.hoogstra-autosport.nl\/teamkoen\/wp-content\/uploads\/2025\/07\/HPS-5-HA.jpg","width":1000,"height":1000},{"@type":"BreadcrumbList","@id":"https:\/\/www.hoogstra-autosport.nl\/product\/hawk-ht-10-remblokken-voorzijde-kopie\/#breadcrumb","itemListElement":[{"@type":"ListItem","position":1,"name":"Home","item":"https:\/\/www.hoogstra-autosport.nl\/"},{"@type":"ListItem","position":2,"name":"Remmen","item":"https:\/\/www.hoogstra-autosport.nl\/product-categorie\/remmen-2\/"},{"@type":"ListItem","position":3,"name":"Hawk Performance","item":"https:\/\/www.hoogstra-autosport.nl\/product-categorie\/remmen-2\/hawk-performance\/"},{"@type":"ListItem","position":4,"name":"BMW E46","item":"https:\/\/www.hoogstra-autosport.nl\/product-categorie\/remmen-2\/hawk-performance\/hawk-performance-e46\/"},{"@type":"ListItem","position":5,"name":"Hawk HPS 5.0 Remblokken; Voorzijde"}]},{"@type":"WebSite","@id":"https:\/\/www.hoogstra-autosport.nl\/#website","url":"https:\/\/www.hoogstra-autosport.nl\/","name":"Hoogstra Autosport","description":"Performance Autosport Parts!","potentialAction":[{"@type":"SearchAction","target":{"@type":"EntryPoint","urlTemplate":"https:\/\/www.hoogstra-autosport.nl\/?s={search_term_string}"},"query-input":{"@type":"PropertyValueSpecification","valueRequired":true,"valueName":"search_term_string"}}],"inLanguage":"de"}]}},"tiered_pricing_type":"fixed","tiered_pricing_fixed_rules":[],"tiered_pricing_product_settings":{"layout":"default","base_unit_name":{"singular":null,"plural":null},"default_variation":null},"tiered_pricing_minimum_quantity":null,"tiered_pricing_roles_data":[],"tiered_pricing_percentage_rules":[],"tiered_pricing_maximum_quantity":null,"tiered_pricing_quantity_step":null,"_links":{"self":[{"href":"https:\/\/www.hoogstra-autosport.nl\/de\/wp-json\/wp\/v2\/product\/87556","targetHints":{"allow":["GET"]}}],"collection":[{"href":"https:\/\/www.hoogstra-autosport.nl\/de\/wp-json\/wp\/v2\/product"}],"about":[{"href":"https:\/\/www.hoogstra-autosport.nl\/de\/wp-json\/wp\/v2\/types\/product"}],"wp:featuredmedia":[{"embeddable":true,"href":"https:\/\/www.hoogstra-autosport.nl\/de\/wp-json\/wp\/v2\/media\/87548"}],"wp:attachment":[{"href":"https:\/\/www.hoogstra-autosport.nl\/de\/wp-json\/wp\/v2\/media?parent=87556"}],"wp:term":[{"taxonomy":"product_brand","embeddable":true,"href":"https:\/\/www.hoogstra-autosport.nl\/de\/wp-json\/wp\/v2\/product_brand?post=87556"},{"taxonomy":"product_cat","embeddable":true,"href":"https:\/\/www.hoogstra-autosport.nl\/de\/wp-json\/wp\/v2\/product_cat?post=87556"},{"taxonomy":"product_tag","embeddable":true,"href":"https:\/\/www.hoogstra-autosport.nl\/de\/wp-json\/wp\/v2\/product_tag?post=87556"}],"curies":[{"name":"wp","href":"https:\/\/api.w.org\/{rel}","templated":true}]}}