{"id":8687,"date":"2015-06-17T10:43:02","date_gmt":"2015-06-17T08:43:02","guid":{"rendered":"http:\/\/hoogstra-autosport.nl\/?product=arroxx-handschoenen-xprorace-handschoenenrace-handschoenen"},"modified":"2025-12-19T10:29:05","modified_gmt":"2025-12-19T09:29:05","slug":"arroxx-handschoenen-xprorace-handschoenenrace-handschoenen","status":"publish","type":"product","link":"https:\/\/www.hoogstra-autosport.nl\/de\/produkt\/arroxx-handschoenen-xprorace-handschoenenrace-handschoenen\/","title":{"rendered":"Arroxx Handschuhe XPRO Rot"},"content":{"rendered":"<p>Komfortabler Handschuh mit speziellen Handfl\u00e4chenpolstern f\u00fcr maximalen Grip<br \/>\nHandgelenksdurchmesser durch Klettverschluss verstellbar<br \/>\nVerpackt pro Satz<br \/>\nFarben: Schwarz, Rot und Blau<br \/>\nErh\u00e4ltlich in den Gr\u00f6\u00dfen 4 bis 12<\/p>\n<p>M\u00e4nner haben normalerweise Gr\u00f6\u00dfe 10, 11 oder 12<\/p>","protected":false},"excerpt":{"rendered":"<p>Comfortabele handschoen met speciale handpalm-pads voor maximale grip Diameter pols verstelbaar dmv klitteband Verpakt per set Kleuren: Zwart, Rood en Blauw Verkrijgbaar in de maten\u00a04 t\/m 12 Mannen hebben meestal maat 10 , 11 of 12<\/p>","protected":false},"featured_media":95705,"template":"","meta":{"_acf_changed":false},"product_brand":[],"product_cat":[2789,2649],"product_tag":[],"class_list":{"0":"post-8687","1":"product","2":"type-product","3":"status-publish","4":"has-post-thumbnail","6":"product_cat-handschoenen-karting-cross-trackday","7":"product_cat-handschoenen","8":"product_shipping_class-4016","10":"first","11":"instock","12":"taxable","13":"shipping-taxable","14":"purchasable","15":"product-type-variable"},"acf":[],"yoast_head":"<!-- This site is optimized with the Yoast SEO plugin v27.1.1 - https:\/\/yoast.com\/product\/yoast-seo-wordpress\/ -->\n<title>Arroxx Handschoenen XPRO Rood - Hoogstra Autosport<\/title>\n<meta name=\"robots\" content=\"index, follow, max-snippet:-1, max-image-preview:large, max-video-preview:-1\" \/>\n<link rel=\"canonical\" href=\"https:\/\/www.hoogstra-autosport.nl\/de\/produkt\/arroxx-handschoenen-xprorace-handschoenenrace-handschoenen\/\" \/>\n<meta property=\"og:locale\" content=\"de_DE\" \/>\n<meta property=\"og:type\" content=\"article\" \/>\n<meta property=\"og:title\" content=\"Arroxx Handschoenen XPRO Rood - Hoogstra Autosport\" \/>\n<meta property=\"og:description\" content=\"Comfortabele handschoen met speciale handpalm-pads voor maximale grip Diameter pols verstelbaar dmv klitteband Verpakt per set Kleuren: Zwart, Rood en Blauw Verkrijgbaar in de maten\u00a04 t\/m 12 Mannen hebben meestal maat 10 , 11 of 12\" \/>\n<meta property=\"og:url\" content=\"https:\/\/www.hoogstra-autosport.nl\/de\/produkt\/arroxx-handschoenen-xprorace-handschoenenrace-handschoenen\/\" \/>\n<meta property=\"og:site_name\" content=\"Hoogstra Autosport\" \/>\n<meta property=\"article:modified_time\" content=\"2025-12-19T09:29:05+00:00\" \/>\n<meta property=\"og:image\" content=\"https:\/\/www.hoogstra-autosport.nl\/teamkoen\/wp-content\/uploads\/2015\/06\/Untitled-Project-2025-12-19T102844.133.jpg\" \/>\n\t<meta property=\"og:image:width\" content=\"1080\" \/>\n\t<meta property=\"og:image:height\" content=\"1080\" \/>\n\t<meta property=\"og:image:type\" content=\"image\/jpeg\" \/>\n<meta name=\"twitter:card\" content=\"summary_large_image\" \/>\n<meta name=\"twitter:label1\" content=\"Gesch\u00e4tzte Lesezeit\" \/>\n\t<meta name=\"twitter:data1\" content=\"1\u00a0Minute\" \/>\n<script type=\"application\/ld+json\" class=\"yoast-schema-graph\">{\"@context\":\"https:\/\/schema.org\",\"@graph\":[{\"@type\":\"WebPage\",\"@id\":\"https:\/\/www.hoogstra-autosport.nl\/product\/arroxx-handschoenen-xprorace-handschoenenrace-handschoenen\/\",\"url\":\"https:\/\/www.hoogstra-autosport.nl\/product\/arroxx-handschoenen-xprorace-handschoenenrace-handschoenen\/\",\"name\":\"Arroxx Handschoenen XPRO Rood - Hoogstra Autosport\",\"isPartOf\":{\"@id\":\"https:\/\/www.hoogstra-autosport.nl\/#website\"},\"primaryImageOfPage\":{\"@id\":\"https:\/\/www.hoogstra-autosport.nl\/product\/arroxx-handschoenen-xprorace-handschoenenrace-handschoenen\/#primaryimage\"},\"image\":{\"@id\":\"https:\/\/www.hoogstra-autosport.nl\/product\/arroxx-handschoenen-xprorace-handschoenenrace-handschoenen\/#primaryimage\"},\"thumbnailUrl\":\"https:\/\/www.hoogstra-autosport.nl\/teamkoen\/wp-content\/uploads\/2015\/06\/Untitled-Project-2025-12-19T102844.133.jpg\",\"datePublished\":\"2015-06-17T08:43:02+00:00\",\"dateModified\":\"2025-12-19T09:29:05+00:00\",\"breadcrumb\":{\"@id\":\"https:\/\/www.hoogstra-autosport.nl\/product\/arroxx-handschoenen-xprorace-handschoenenrace-handschoenen\/#breadcrumb\"},\"inLanguage\":\"de\",\"potentialAction\":[{\"@type\":\"ReadAction\",\"target\":[\"https:\/\/www.hoogstra-autosport.nl\/product\/arroxx-handschoenen-xprorace-handschoenenrace-handschoenen\/\"]}]},{\"@type\":\"ImageObject\",\"inLanguage\":\"de\",\"@id\":\"https:\/\/www.hoogstra-autosport.nl\/product\/arroxx-handschoenen-xprorace-handschoenenrace-handschoenen\/#primaryimage\",\"url\":\"https:\/\/www.hoogstra-autosport.nl\/teamkoen\/wp-content\/uploads\/2015\/06\/Untitled-Project-2025-12-19T102844.133.jpg\",\"contentUrl\":\"https:\/\/www.hoogstra-autosport.nl\/teamkoen\/wp-content\/uploads\/2015\/06\/Untitled-Project-2025-12-19T102844.133.jpg\",\"width\":1080,\"height\":1080},{\"@type\":\"BreadcrumbList\",\"@id\":\"https:\/\/www.hoogstra-autosport.nl\/product\/arroxx-handschoenen-xprorace-handschoenenrace-handschoenen\/#breadcrumb\",\"itemListElement\":[{\"@type\":\"ListItem\",\"position\":1,\"name\":\"Home\",\"item\":\"https:\/\/www.hoogstra-autosport.nl\/\"},{\"@type\":\"ListItem\",\"position\":2,\"name\":\"Uitrusting\",\"item\":\"https:\/\/www.hoogstra-autosport.nl\/product-categorie\/autosport-kleding-helmen\/\"},{\"@type\":\"ListItem\",\"position\":3,\"name\":\"Autosport Kleding\",\"item\":\"https:\/\/www.hoogstra-autosport.nl\/product-categorie\/autosport-kleding-helmen\/autosport-kleding\/\"},{\"@type\":\"ListItem\",\"position\":4,\"name\":\"Handschoenen\",\"item\":\"https:\/\/www.hoogstra-autosport.nl\/product-categorie\/autosport-kleding-helmen\/autosport-kleding\/handschoenen-2\/\"},{\"@type\":\"ListItem\",\"position\":5,\"name\":\"Handschoenen Kart\/Cross\/TrackDay\",\"item\":\"https:\/\/www.hoogstra-autosport.nl\/product-categorie\/autosport-kleding-helmen\/autosport-kleding\/handschoenen-2\/handschoenen-karting-cross-trackday\/\"},{\"@type\":\"ListItem\",\"position\":6,\"name\":\"Arroxx Handschoenen XPRO Rood\"}]},{\"@type\":\"WebSite\",\"@id\":\"https:\/\/www.hoogstra-autosport.nl\/#website\",\"url\":\"https:\/\/www.hoogstra-autosport.nl\/\",\"name\":\"Hoogstra Autosport\",\"description\":\"Performance Autosport Parts!\",\"potentialAction\":[{\"@type\":\"SearchAction\",\"target\":{\"@type\":\"EntryPoint\",\"urlTemplate\":\"https:\/\/www.hoogstra-autosport.nl\/?s={search_term_string}\"},\"query-input\":{\"@type\":\"PropertyValueSpecification\",\"valueRequired\":true,\"valueName\":\"search_term_string\"}}],\"inLanguage\":\"de\"}]}<\/script>\n<!-- \/ Yoast SEO plugin. -->","yoast_head_json":{"title":"Arroxx Handschoenen XPRO Rood - Hoogstra Autosport","robots":{"index":"index","follow":"follow","max-snippet":"max-snippet:-1","max-image-preview":"max-image-preview:large","max-video-preview":"max-video-preview:-1"},"canonical":"https:\/\/www.hoogstra-autosport.nl\/de\/produkt\/arroxx-handschoenen-xprorace-handschoenenrace-handschoenen\/","og_locale":"de_DE","og_type":"article","og_title":"Arroxx Handschoenen XPRO Rood - Hoogstra Autosport","og_description":"Comfortabele handschoen met speciale handpalm-pads voor maximale grip Diameter pols verstelbaar dmv klitteband Verpakt per set Kleuren: Zwart, Rood en Blauw Verkrijgbaar in de maten\u00a04 t\/m 12 Mannen hebben meestal maat 10 , 11 of 12","og_url":"https:\/\/www.hoogstra-autosport.nl\/de\/produkt\/arroxx-handschoenen-xprorace-handschoenenrace-handschoenen\/","og_site_name":"Hoogstra Autosport","article_modified_time":"2025-12-19T09:29:05+00:00","og_image":[{"width":1080,"height":1080,"url":"https:\/\/www.hoogstra-autosport.nl\/teamkoen\/wp-content\/uploads\/2015\/06\/Untitled-Project-2025-12-19T102844.133.jpg","type":"image\/jpeg"}],"twitter_card":"summary_large_image","twitter_misc":{"Gesch\u00e4tzte Lesezeit":"1\u00a0Minute"},"schema":{"@context":"https:\/\/schema.org","@graph":[{"@type":"WebPage","@id":"https:\/\/www.hoogstra-autosport.nl\/product\/arroxx-handschoenen-xprorace-handschoenenrace-handschoenen\/","url":"https:\/\/www.hoogstra-autosport.nl\/product\/arroxx-handschoenen-xprorace-handschoenenrace-handschoenen\/","name":"Arroxx Handschoenen XPRO Rood - Hoogstra Autosport","isPartOf":{"@id":"https:\/\/www.hoogstra-autosport.nl\/#website"},"primaryImageOfPage":{"@id":"https:\/\/www.hoogstra-autosport.nl\/product\/arroxx-handschoenen-xprorace-handschoenenrace-handschoenen\/#primaryimage"},"image":{"@id":"https:\/\/www.hoogstra-autosport.nl\/product\/arroxx-handschoenen-xprorace-handschoenenrace-handschoenen\/#primaryimage"},"thumbnailUrl":"https:\/\/www.hoogstra-autosport.nl\/teamkoen\/wp-content\/uploads\/2015\/06\/Untitled-Project-2025-12-19T102844.133.jpg","datePublished":"2015-06-17T08:43:02+00:00","dateModified":"2025-12-19T09:29:05+00:00","breadcrumb":{"@id":"https:\/\/www.hoogstra-autosport.nl\/product\/arroxx-handschoenen-xprorace-handschoenenrace-handschoenen\/#breadcrumb"},"inLanguage":"de","potentialAction":[{"@type":"ReadAction","target":["https:\/\/www.hoogstra-autosport.nl\/product\/arroxx-handschoenen-xprorace-handschoenenrace-handschoenen\/"]}]},{"@type":"ImageObject","inLanguage":"de","@id":"https:\/\/www.hoogstra-autosport.nl\/product\/arroxx-handschoenen-xprorace-handschoenenrace-handschoenen\/#primaryimage","url":"https:\/\/www.hoogstra-autosport.nl\/teamkoen\/wp-content\/uploads\/2015\/06\/Untitled-Project-2025-12-19T102844.133.jpg","contentUrl":"https:\/\/www.hoogstra-autosport.nl\/teamkoen\/wp-content\/uploads\/2015\/06\/Untitled-Project-2025-12-19T102844.133.jpg","width":1080,"height":1080},{"@type":"BreadcrumbList","@id":"https:\/\/www.hoogstra-autosport.nl\/product\/arroxx-handschoenen-xprorace-handschoenenrace-handschoenen\/#breadcrumb","itemListElement":[{"@type":"ListItem","position":1,"name":"Home","item":"https:\/\/www.hoogstra-autosport.nl\/"},{"@type":"ListItem","position":2,"name":"Uitrusting","item":"https:\/\/www.hoogstra-autosport.nl\/product-categorie\/autosport-kleding-helmen\/"},{"@type":"ListItem","position":3,"name":"Autosport Kleding","item":"https:\/\/www.hoogstra-autosport.nl\/product-categorie\/autosport-kleding-helmen\/autosport-kleding\/"},{"@type":"ListItem","position":4,"name":"Handschoenen","item":"https:\/\/www.hoogstra-autosport.nl\/product-categorie\/autosport-kleding-helmen\/autosport-kleding\/handschoenen-2\/"},{"@type":"ListItem","position":5,"name":"Handschoenen Kart\/Cross\/TrackDay","item":"https:\/\/www.hoogstra-autosport.nl\/product-categorie\/autosport-kleding-helmen\/autosport-kleding\/handschoenen-2\/handschoenen-karting-cross-trackday\/"},{"@type":"ListItem","position":6,"name":"Arroxx Handschoenen XPRO Rood"}]},{"@type":"WebSite","@id":"https:\/\/www.hoogstra-autosport.nl\/#website","url":"https:\/\/www.hoogstra-autosport.nl\/","name":"Hoogstra Autosport","description":"Performance Autosport Parts!","potentialAction":[{"@type":"SearchAction","target":{"@type":"EntryPoint","urlTemplate":"https:\/\/www.hoogstra-autosport.nl\/?s={search_term_string}"},"query-input":{"@type":"PropertyValueSpecification","valueRequired":true,"valueName":"search_term_string"}}],"inLanguage":"de"}]}},"tiered_pricing_type":"fixed","tiered_pricing_fixed_rules":[],"tiered_pricing_product_settings":{"layout":"default","base_unit_name":{"singular":null,"plural":null},"default_variation":null},"tiered_pricing_minimum_quantity":null,"tiered_pricing_roles_data":[],"tiered_pricing_percentage_rules":[],"tiered_pricing_maximum_quantity":null,"tiered_pricing_quantity_step":null,"_links":{"self":[{"href":"https:\/\/www.hoogstra-autosport.nl\/de\/wp-json\/wp\/v2\/product\/8687","targetHints":{"allow":["GET"]}}],"collection":[{"href":"https:\/\/www.hoogstra-autosport.nl\/de\/wp-json\/wp\/v2\/product"}],"about":[{"href":"https:\/\/www.hoogstra-autosport.nl\/de\/wp-json\/wp\/v2\/types\/product"}],"wp:featuredmedia":[{"embeddable":true,"href":"https:\/\/www.hoogstra-autosport.nl\/de\/wp-json\/wp\/v2\/media\/95705"}],"wp:attachment":[{"href":"https:\/\/www.hoogstra-autosport.nl\/de\/wp-json\/wp\/v2\/media?parent=8687"}],"wp:term":[{"taxonomy":"product_brand","embeddable":true,"href":"https:\/\/www.hoogstra-autosport.nl\/de\/wp-json\/wp\/v2\/product_brand?post=8687"},{"taxonomy":"product_cat","embeddable":true,"href":"https:\/\/www.hoogstra-autosport.nl\/de\/wp-json\/wp\/v2\/product_cat?post=8687"},{"taxonomy":"product_tag","embeddable":true,"href":"https:\/\/www.hoogstra-autosport.nl\/de\/wp-json\/wp\/v2\/product_tag?post=8687"}],"curies":[{"name":"wp","href":"https:\/\/api.w.org\/{rel}","templated":true}]}}