{"id":86309,"date":"2025-06-12T10:32:45","date_gmt":"2025-06-12T08:32:45","guid":{"rendered":"https:\/\/www.hoogstra-autosport.nl\/?post_type=product&#038;p=86309"},"modified":"2025-10-29T10:15:28","modified_gmt":"2025-10-29T09:15:28","slug":"roterende-high-speed-draaipomp-voor-benzine","status":"publish","type":"product","link":"https:\/\/www.hoogstra-autosport.nl\/de\/produkt\/roterende-high-speed-draaipomp-voor-benzine\/","title":{"rendered":"Rotierende Hochgeschwindigkeits-Kreiselpumpe f\u00fcr Benzin"},"content":{"rendered":"<p>Diese robuste manuelle Fasspumpe ist komplett aus hochwertigem Aluminium gefertigt und f\u00fcr das sichere und effiziente Umf\u00fcllen von Kraftstoffen aus F\u00e4ssern konzipiert. Dank der korrosionsbest\u00e4ndigen Materialien ist diese Pumpe ideal f\u00fcr den Einsatz mit verschiedenen Kraftstoffarten, einschlie\u00dflich Rennkraftstoffen, geeignet.<\/p>\n<p>&nbsp;<\/p>\n<p>Diese Pumpe ist ideal f\u00fcr die Betankung von Atmomax-Rennbenzin und bietet eine pr\u00e4zise Steuerung und einen zuverl\u00e4ssigen Durchfluss, ohne dass ein Stromanschluss erforderlich ist. Eine perfekte Wahl f\u00fcr Teams und Anwender, die eine langlebige und mobile L\u00f6sung f\u00fcr die Betankung von Rennfahrzeugen suchen.<\/p>\n<p>&nbsp;<\/p>\n<p>Merkmale:<\/p>\n<ul>\n<li>Ganz-Aluminium-Konstruktion<\/li>\n<li>Manuelle Bedienung, keine Stromversorgung erforderlich<\/li>\n<li>Korrosionsbest\u00e4ndig und auslaufsicher<\/li>\n<li>Kompatibel mit Atmomax und anderen Hochleistungs-Rennkraftstoffen<\/li>\n<li>Einfache Montage auf Standardtrommeln<\/li>\n<li>Funktioniert als F\u00f6rder- oder Saugpumpe. Perfekt zum Umf\u00fcllen von Fl\u00fcssigkeiten in beide Richtungen!<\/li>\n<\/ul>\n<p>&nbsp;<\/p>\n<p>Perfekt f\u00fcr den Einsatz in der Werkstatt oder auf der Rennstrecke<\/p>\n<p>&nbsp;<\/p>\n<p>Die Pumpe hat eine Kapazit\u00e4t von etwa 1 Liter pro Umdrehung (ca. 100 Liter\/Minute).<\/p>\n<p>Pumpenh\u00f6he:1,3 mtr<br \/>\nGesamtgewicht: 6 kg<\/p>\n<p>Ist geeignet f\u00fcr Diesel, (FIA) Benzin, BIO Ethanol (E85), \u00d6l, K\u00fchlmittel etc...<\/p>","protected":false},"excerpt":{"rendered":"<p>Deze robuuste handmatige vatenpomp is volledig vervaardigd uit hoogwaardig aluminium en ontworpen voor het veilig en effici\u00ebnt overpompen van brandstoffen uit vaten. Dankzij de corrosiebestendige materialen is deze pomp uitermate geschikt voor gebruik met diverse brandstoftypen, waaronder racebrandstoffen. &nbsp; Ideaal voor het tanken van Atmomax racebenzine, biedt deze pomp nauwkeurige controle en een betrouwbare doorstroming [&hellip;]<\/p>\n","protected":false},"featured_media":92270,"template":"","meta":{"_acf_changed":false},"product_brand":[],"product_cat":[2750],"product_tag":[],"class_list":{"0":"post-86309","1":"product","2":"type-product","3":"status-publish","4":"has-post-thumbnail","6":"product_cat-tank-vulsystemen","7":"product_shipping_class-4016","9":"first","10":"instock","11":"taxable","12":"shipping-taxable","13":"purchasable","14":"product-type-simple"},"acf":[],"yoast_head":"<!-- This site is optimized with the Yoast SEO plugin v27.1.1 - https:\/\/yoast.com\/product\/yoast-seo-wordpress\/ -->\n<title>Roterende High-speed draaipomp voor Benzine - Hoogstra Autosport<\/title>\n<meta name=\"description\" content=\"benzineslang\" \/>\n<meta name=\"robots\" content=\"index, follow, max-snippet:-1, max-image-preview:large, max-video-preview:-1\" \/>\n<link rel=\"canonical\" href=\"https:\/\/www.hoogstra-autosport.nl\/de\/produkt\/roterende-high-speed-draaipomp-voor-benzine\/\" \/>\n<meta property=\"og:locale\" content=\"de_DE\" \/>\n<meta property=\"og:type\" content=\"article\" \/>\n<meta property=\"og:title\" content=\"Roterende High-speed draaipomp voor Benzine - Hoogstra Autosport\" \/>\n<meta property=\"og:description\" content=\"benzineslang\" \/>\n<meta property=\"og:url\" content=\"https:\/\/www.hoogstra-autosport.nl\/de\/produkt\/roterende-high-speed-draaipomp-voor-benzine\/\" \/>\n<meta property=\"og:site_name\" content=\"Hoogstra Autosport\" \/>\n<meta property=\"article:modified_time\" content=\"2025-10-29T09:15:28+00:00\" \/>\n<meta property=\"og:image\" content=\"https:\/\/www.hoogstra-autosport.nl\/teamkoen\/wp-content\/uploads\/2025\/06\/027-3710-000.jpg\" \/>\n\t<meta property=\"og:image:width\" content=\"1000\" \/>\n\t<meta property=\"og:image:height\" content=\"1000\" \/>\n\t<meta property=\"og:image:type\" content=\"image\/jpeg\" \/>\n<meta name=\"twitter:card\" content=\"summary_large_image\" \/>\n<meta name=\"twitter:label1\" content=\"Gesch\u00e4tzte Lesezeit\" \/>\n\t<meta name=\"twitter:data1\" content=\"2\u00a0Minuten\" \/>\n<script type=\"application\/ld+json\" class=\"yoast-schema-graph\">{\"@context\":\"https:\/\/schema.org\",\"@graph\":[{\"@type\":\"WebPage\",\"@id\":\"https:\/\/www.hoogstra-autosport.nl\/product\/roterende-high-speed-draaipomp-voor-benzine\/\",\"url\":\"https:\/\/www.hoogstra-autosport.nl\/product\/roterende-high-speed-draaipomp-voor-benzine\/\",\"name\":\"Roterende High-speed draaipomp voor Benzine - Hoogstra Autosport\",\"isPartOf\":{\"@id\":\"https:\/\/www.hoogstra-autosport.nl\/#website\"},\"primaryImageOfPage\":{\"@id\":\"https:\/\/www.hoogstra-autosport.nl\/product\/roterende-high-speed-draaipomp-voor-benzine\/#primaryimage\"},\"image\":{\"@id\":\"https:\/\/www.hoogstra-autosport.nl\/product\/roterende-high-speed-draaipomp-voor-benzine\/#primaryimage\"},\"thumbnailUrl\":\"https:\/\/www.hoogstra-autosport.nl\/teamkoen\/wp-content\/uploads\/2025\/06\/027-3710-000.jpg\",\"datePublished\":\"2025-06-12T08:32:45+00:00\",\"dateModified\":\"2025-10-29T09:15:28+00:00\",\"description\":\"benzineslang\",\"breadcrumb\":{\"@id\":\"https:\/\/www.hoogstra-autosport.nl\/product\/roterende-high-speed-draaipomp-voor-benzine\/#breadcrumb\"},\"inLanguage\":\"de\",\"potentialAction\":[{\"@type\":\"ReadAction\",\"target\":[\"https:\/\/www.hoogstra-autosport.nl\/product\/roterende-high-speed-draaipomp-voor-benzine\/\"]}]},{\"@type\":\"ImageObject\",\"inLanguage\":\"de\",\"@id\":\"https:\/\/www.hoogstra-autosport.nl\/product\/roterende-high-speed-draaipomp-voor-benzine\/#primaryimage\",\"url\":\"https:\/\/www.hoogstra-autosport.nl\/teamkoen\/wp-content\/uploads\/2025\/06\/027-3710-000.jpg\",\"contentUrl\":\"https:\/\/www.hoogstra-autosport.nl\/teamkoen\/wp-content\/uploads\/2025\/06\/027-3710-000.jpg\",\"width\":1000,\"height\":1000},{\"@type\":\"BreadcrumbList\",\"@id\":\"https:\/\/www.hoogstra-autosport.nl\/product\/roterende-high-speed-draaipomp-voor-benzine\/#breadcrumb\",\"itemListElement\":[{\"@type\":\"ListItem\",\"position\":1,\"name\":\"Home\",\"item\":\"https:\/\/www.hoogstra-autosport.nl\/\"},{\"@type\":\"ListItem\",\"position\":2,\"name\":\"Brandstof Systeem\",\"item\":\"https:\/\/www.hoogstra-autosport.nl\/product-categorie\/brandstof-systeem-2\/\"},{\"@type\":\"ListItem\",\"position\":3,\"name\":\"Tank Vulsystemen\",\"item\":\"https:\/\/www.hoogstra-autosport.nl\/product-categorie\/brandstof-systeem-2\/tank-vulsystemen\/\"},{\"@type\":\"ListItem\",\"position\":4,\"name\":\"Roterende High-speed draaipomp voor Benzine\"}]},{\"@type\":\"WebSite\",\"@id\":\"https:\/\/www.hoogstra-autosport.nl\/#website\",\"url\":\"https:\/\/www.hoogstra-autosport.nl\/\",\"name\":\"Hoogstra Autosport\",\"description\":\"Performance Autosport Parts!\",\"potentialAction\":[{\"@type\":\"SearchAction\",\"target\":{\"@type\":\"EntryPoint\",\"urlTemplate\":\"https:\/\/www.hoogstra-autosport.nl\/?s={search_term_string}\"},\"query-input\":{\"@type\":\"PropertyValueSpecification\",\"valueRequired\":true,\"valueName\":\"search_term_string\"}}],\"inLanguage\":\"de\"}]}<\/script>\n<!-- \/ Yoast SEO plugin. -->","yoast_head_json":{"title":"Roterende High-speed draaipomp voor Benzine - Hoogstra Autosport","description":"benzineslang","robots":{"index":"index","follow":"follow","max-snippet":"max-snippet:-1","max-image-preview":"max-image-preview:large","max-video-preview":"max-video-preview:-1"},"canonical":"https:\/\/www.hoogstra-autosport.nl\/de\/produkt\/roterende-high-speed-draaipomp-voor-benzine\/","og_locale":"de_DE","og_type":"article","og_title":"Roterende High-speed draaipomp voor Benzine - Hoogstra Autosport","og_description":"benzineslang","og_url":"https:\/\/www.hoogstra-autosport.nl\/de\/produkt\/roterende-high-speed-draaipomp-voor-benzine\/","og_site_name":"Hoogstra Autosport","article_modified_time":"2025-10-29T09:15:28+00:00","og_image":[{"width":1000,"height":1000,"url":"https:\/\/www.hoogstra-autosport.nl\/teamkoen\/wp-content\/uploads\/2025\/06\/027-3710-000.jpg","type":"image\/jpeg"}],"twitter_card":"summary_large_image","twitter_misc":{"Gesch\u00e4tzte Lesezeit":"2\u00a0Minuten"},"schema":{"@context":"https:\/\/schema.org","@graph":[{"@type":"WebPage","@id":"https:\/\/www.hoogstra-autosport.nl\/product\/roterende-high-speed-draaipomp-voor-benzine\/","url":"https:\/\/www.hoogstra-autosport.nl\/product\/roterende-high-speed-draaipomp-voor-benzine\/","name":"Roterende High-speed draaipomp voor Benzine - Hoogstra Autosport","isPartOf":{"@id":"https:\/\/www.hoogstra-autosport.nl\/#website"},"primaryImageOfPage":{"@id":"https:\/\/www.hoogstra-autosport.nl\/product\/roterende-high-speed-draaipomp-voor-benzine\/#primaryimage"},"image":{"@id":"https:\/\/www.hoogstra-autosport.nl\/product\/roterende-high-speed-draaipomp-voor-benzine\/#primaryimage"},"thumbnailUrl":"https:\/\/www.hoogstra-autosport.nl\/teamkoen\/wp-content\/uploads\/2025\/06\/027-3710-000.jpg","datePublished":"2025-06-12T08:32:45+00:00","dateModified":"2025-10-29T09:15:28+00:00","description":"benzineslang","breadcrumb":{"@id":"https:\/\/www.hoogstra-autosport.nl\/product\/roterende-high-speed-draaipomp-voor-benzine\/#breadcrumb"},"inLanguage":"de","potentialAction":[{"@type":"ReadAction","target":["https:\/\/www.hoogstra-autosport.nl\/product\/roterende-high-speed-draaipomp-voor-benzine\/"]}]},{"@type":"ImageObject","inLanguage":"de","@id":"https:\/\/www.hoogstra-autosport.nl\/product\/roterende-high-speed-draaipomp-voor-benzine\/#primaryimage","url":"https:\/\/www.hoogstra-autosport.nl\/teamkoen\/wp-content\/uploads\/2025\/06\/027-3710-000.jpg","contentUrl":"https:\/\/www.hoogstra-autosport.nl\/teamkoen\/wp-content\/uploads\/2025\/06\/027-3710-000.jpg","width":1000,"height":1000},{"@type":"BreadcrumbList","@id":"https:\/\/www.hoogstra-autosport.nl\/product\/roterende-high-speed-draaipomp-voor-benzine\/#breadcrumb","itemListElement":[{"@type":"ListItem","position":1,"name":"Home","item":"https:\/\/www.hoogstra-autosport.nl\/"},{"@type":"ListItem","position":2,"name":"Brandstof Systeem","item":"https:\/\/www.hoogstra-autosport.nl\/product-categorie\/brandstof-systeem-2\/"},{"@type":"ListItem","position":3,"name":"Tank Vulsystemen","item":"https:\/\/www.hoogstra-autosport.nl\/product-categorie\/brandstof-systeem-2\/tank-vulsystemen\/"},{"@type":"ListItem","position":4,"name":"Roterende High-speed draaipomp voor Benzine"}]},{"@type":"WebSite","@id":"https:\/\/www.hoogstra-autosport.nl\/#website","url":"https:\/\/www.hoogstra-autosport.nl\/","name":"Hoogstra Autosport","description":"Performance Autosport Parts!","potentialAction":[{"@type":"SearchAction","target":{"@type":"EntryPoint","urlTemplate":"https:\/\/www.hoogstra-autosport.nl\/?s={search_term_string}"},"query-input":{"@type":"PropertyValueSpecification","valueRequired":true,"valueName":"search_term_string"}}],"inLanguage":"de"}]}},"tiered_pricing_type":"fixed","tiered_pricing_fixed_rules":[],"tiered_pricing_product_settings":{"layout":"default","base_unit_name":{"singular":null,"plural":null},"default_variation":null},"tiered_pricing_minimum_quantity":null,"tiered_pricing_roles_data":[],"tiered_pricing_percentage_rules":[],"tiered_pricing_maximum_quantity":null,"tiered_pricing_quantity_step":null,"_links":{"self":[{"href":"https:\/\/www.hoogstra-autosport.nl\/de\/wp-json\/wp\/v2\/product\/86309","targetHints":{"allow":["GET"]}}],"collection":[{"href":"https:\/\/www.hoogstra-autosport.nl\/de\/wp-json\/wp\/v2\/product"}],"about":[{"href":"https:\/\/www.hoogstra-autosport.nl\/de\/wp-json\/wp\/v2\/types\/product"}],"wp:featuredmedia":[{"embeddable":true,"href":"https:\/\/www.hoogstra-autosport.nl\/de\/wp-json\/wp\/v2\/media\/92270"}],"wp:attachment":[{"href":"https:\/\/www.hoogstra-autosport.nl\/de\/wp-json\/wp\/v2\/media?parent=86309"}],"wp:term":[{"taxonomy":"product_brand","embeddable":true,"href":"https:\/\/www.hoogstra-autosport.nl\/de\/wp-json\/wp\/v2\/product_brand?post=86309"},{"taxonomy":"product_cat","embeddable":true,"href":"https:\/\/www.hoogstra-autosport.nl\/de\/wp-json\/wp\/v2\/product_cat?post=86309"},{"taxonomy":"product_tag","embeddable":true,"href":"https:\/\/www.hoogstra-autosport.nl\/de\/wp-json\/wp\/v2\/product_tag?post=86309"}],"curies":[{"name":"wp","href":"https:\/\/api.w.org\/{rel}","templated":true}]}}