{"id":84982,"date":"2025-05-08T11:30:53","date_gmt":"2025-05-08T09:30:53","guid":{"rendered":"https:\/\/www.hoogstra-autosport.nl\/?post_type=product&#038;p=84982"},"modified":"2025-05-08T11:37:46","modified_gmt":"2025-05-08T09:37:46","slug":"thermoschakelaar-waterpomp-vin-38-mm","status":"publish","type":"product","link":"https:\/\/www.hoogstra-autosport.nl\/de\/produkt\/thermoschakelaar-waterpomp-vin-38-mm\/","title":{"rendered":"Thermoswitch Wasserpumpe &amp; Lamelle 38 mm"},"content":{"rendered":"<div class=\"lRu31\" dir=\"ltr\">\n<div id=\"ow1769\"><\/div>\n<\/div>\n<div class=\"UdTY9 WdefRb\" aria-hidden=\"true\" data-location=\"2\"><span class=\"jCAhz ChMk0b\"><span class=\"ryNqvb\">- Komplettset zur Integration in den Wasserkreislauf (geeignet f\u00fcr 38 mm) <\/span><\/span><\/div>\n<div class=\"UdTY9 WdefRb\" aria-hidden=\"true\" data-location=\"2\"><span class=\"jCAhz ChMk0b\"><span class=\"ryNqvb\">- Steuerung f\u00fcr zwei L\u00fcfter (eventuell auch f\u00fcr eine Wasserpumpe und einen L\u00fcfter)<\/span><\/span><\/div>\n<div class=\"UdTY9 WdefRb\" aria-hidden=\"true\" data-location=\"2\"><span class=\"jCAhz ChMk0b\"><span class=\"ryNqvb\"> - Einstellbar zwischen 40 - 110\u00b0C<\/span><\/span><\/div>\n<div class=\"UdTY9 WdefRb\" aria-hidden=\"true\" data-location=\"2\"><span class=\"jCAhz ChMk0b\"><span class=\"ryNqvb\"> - Der zweite Ventilator schaltete sich 10 Sekunden nach dem ersten ein.<\/span><\/span><\/div>\n<div class=\"UdTY9 WdefRb\" aria-hidden=\"true\" data-location=\"2\"><span class=\"jCAhz ChMk0b\"><span class=\"ryNqvb\">- Die Ventilatoren laufen nach Erreichen der Solltemperatur noch 5 Sekunden lang weiter.<\/span><\/span><\/div>\n<div aria-hidden=\"true\" data-location=\"2\"><\/div>\n<div aria-hidden=\"true\" data-location=\"2\"><\/div>\n<div aria-hidden=\"true\" data-location=\"2\">Bestehend aus: Thermoschalter zur Steuerung von 2 L\u00fcftern inklusive Anschlusskabel Schlauchkupplung inklusive Blindstopfen<\/div>","protected":false},"excerpt":{"rendered":"<p>&#8211; Complete set voor integratie in het watercircuit (geschikt voor 38mm) &#8211; Aansturing voor twee ventilatoren (eventueel ook voor een waterpomp en een ventilator) &#8211; Instelbaar tussen 40 &#8211; 110\u00b0C &#8211; De tweede aangestuurde ventilator wordt 10 seconden na de eerste ingeschakeld. &#8211; De ventilatoren draaien nog 5 seconden nadat de streeftemperatuur is bereikt. Bestaande [&hellip;]<\/p>\n","protected":false},"featured_media":70720,"template":"","meta":{"_acf_changed":false},"product_brand":[],"product_cat":[2840,2841],"product_tag":[],"class_list":{"0":"post-84982","1":"product","2":"type-product","3":"status-publish","4":"has-post-thumbnail","6":"product_cat-electrische-waterpomp-12-volt","7":"product_cat-electrische-waterpompen-24-volt","9":"first","10":"instock","11":"taxable","12":"shipping-taxable","13":"purchasable","14":"product-type-simple"},"acf":[],"yoast_head":"<!-- This site is optimized with the Yoast SEO plugin v27.5 - https:\/\/yoast.com\/product\/yoast-seo-wordpress\/ -->\n<title>Thermoschakelaar Waterpomp &amp; Vin 38 mm - Hoogstra Autosport<\/title>\n<meta name=\"robots\" content=\"index, follow, max-snippet:-1, max-image-preview:large, max-video-preview:-1\" \/>\n<link rel=\"canonical\" href=\"https:\/\/www.hoogstra-autosport.nl\/de\/produkt\/thermoschakelaar-waterpomp-vin-38-mm\/\" \/>\n<meta property=\"og:locale\" content=\"de_DE\" \/>\n<meta property=\"og:type\" content=\"article\" \/>\n<meta property=\"og:title\" content=\"Thermoschakelaar Waterpomp &amp; Vin 38 mm - Hoogstra Autosport\" \/>\n<meta property=\"og:description\" content=\"&#8211; Complete set voor integratie in het watercircuit (geschikt voor 38mm) &#8211; Aansturing voor twee ventilatoren (eventueel ook voor een waterpomp en een ventilator) &#8211; Instelbaar tussen 40 &#8211; 110\u00b0C &#8211; De tweede aangestuurde ventilator wordt 10 seconden na de eerste ingeschakeld. &#8211; De ventilatoren draaien nog 5 seconden nadat de streeftemperatuur is bereikt. Bestaande [&hellip;]\" \/>\n<meta property=\"og:url\" content=\"https:\/\/www.hoogstra-autosport.nl\/de\/produkt\/thermoschakelaar-waterpomp-vin-38-mm\/\" \/>\n<meta property=\"og:site_name\" content=\"Hoogstra Autosport\" \/>\n<meta property=\"article:modified_time\" content=\"2025-05-08T09:37:46+00:00\" \/>\n<meta property=\"og:image\" content=\"https:\/\/hoogstra-autosport.nl\/teamkoen\/content\/uploads\/2024\/04\/ewp-0445S.jpg\" \/>\n\t<meta property=\"og:image:width\" content=\"986\" \/>\n\t<meta property=\"og:image:height\" content=\"986\" \/>\n\t<meta property=\"og:image:type\" content=\"image\/jpeg\" \/>\n<meta name=\"twitter:card\" content=\"summary_large_image\" \/>\n<meta name=\"twitter:label1\" content=\"Gesch\u00e4tzte Lesezeit\" \/>\n\t<meta name=\"twitter:data1\" content=\"1\u00a0Minute\" \/>\n<script type=\"application\/ld+json\" class=\"yoast-schema-graph\">{\"@context\":\"https:\\\/\\\/schema.org\",\"@graph\":[{\"@type\":\"WebPage\",\"@id\":\"https:\\\/\\\/www.hoogstra-autosport.nl\\\/product\\\/thermoschakelaar-waterpomp-vin-38-mm\\\/\",\"url\":\"https:\\\/\\\/www.hoogstra-autosport.nl\\\/product\\\/thermoschakelaar-waterpomp-vin-38-mm\\\/\",\"name\":\"Thermoschakelaar Waterpomp & Vin 38 mm - Hoogstra Autosport\",\"isPartOf\":{\"@id\":\"https:\\\/\\\/www.hoogstra-autosport.nl\\\/#website\"},\"primaryImageOfPage\":{\"@id\":\"https:\\\/\\\/www.hoogstra-autosport.nl\\\/product\\\/thermoschakelaar-waterpomp-vin-38-mm\\\/#primaryimage\"},\"image\":{\"@id\":\"https:\\\/\\\/www.hoogstra-autosport.nl\\\/product\\\/thermoschakelaar-waterpomp-vin-38-mm\\\/#primaryimage\"},\"thumbnailUrl\":\"https:\\\/\\\/www.hoogstra-autosport.nl\\\/teamkoen\\\/wp-content\\\/uploads\\\/2024\\\/04\\\/ewp-0445S.jpg\",\"datePublished\":\"2025-05-08T09:30:53+00:00\",\"dateModified\":\"2025-05-08T09:37:46+00:00\",\"breadcrumb\":{\"@id\":\"https:\\\/\\\/www.hoogstra-autosport.nl\\\/product\\\/thermoschakelaar-waterpomp-vin-38-mm\\\/#breadcrumb\"},\"inLanguage\":\"de\",\"potentialAction\":[{\"@type\":\"ReadAction\",\"target\":[\"https:\\\/\\\/www.hoogstra-autosport.nl\\\/product\\\/thermoschakelaar-waterpomp-vin-38-mm\\\/\"]}]},{\"@type\":\"ImageObject\",\"inLanguage\":\"de\",\"@id\":\"https:\\\/\\\/www.hoogstra-autosport.nl\\\/product\\\/thermoschakelaar-waterpomp-vin-38-mm\\\/#primaryimage\",\"url\":\"https:\\\/\\\/www.hoogstra-autosport.nl\\\/teamkoen\\\/wp-content\\\/uploads\\\/2024\\\/04\\\/ewp-0445S.jpg\",\"contentUrl\":\"https:\\\/\\\/www.hoogstra-autosport.nl\\\/teamkoen\\\/wp-content\\\/uploads\\\/2024\\\/04\\\/ewp-0445S.jpg\",\"width\":986,\"height\":986,\"caption\":\"EWP-0445S\"},{\"@type\":\"BreadcrumbList\",\"@id\":\"https:\\\/\\\/www.hoogstra-autosport.nl\\\/product\\\/thermoschakelaar-waterpomp-vin-38-mm\\\/#breadcrumb\",\"itemListElement\":[{\"@type\":\"ListItem\",\"position\":1,\"name\":\"Home\",\"item\":\"https:\\\/\\\/www.hoogstra-autosport.nl\\\/\"},{\"@type\":\"ListItem\",\"position\":2,\"name\":\"Koeling &amp; Luchtfilters\",\"item\":\"https:\\\/\\\/www.hoogstra-autosport.nl\\\/product-categorie\\\/koeling-2\\\/\"},{\"@type\":\"ListItem\",\"position\":3,\"name\":\"Koeling\",\"item\":\"https:\\\/\\\/www.hoogstra-autosport.nl\\\/product-categorie\\\/koeling-2\\\/koeling\\\/\"},{\"@type\":\"ListItem\",\"position\":4,\"name\":\"Electrische Waterpompen\",\"item\":\"https:\\\/\\\/www.hoogstra-autosport.nl\\\/product-categorie\\\/koeling-2\\\/koeling\\\/electrische-waterpompen\\\/\"},{\"@type\":\"ListItem\",\"position\":5,\"name\":\"Electrische Waterpomp 12 volt\",\"item\":\"https:\\\/\\\/www.hoogstra-autosport.nl\\\/product-categorie\\\/koeling-2\\\/koeling\\\/electrische-waterpompen\\\/electrische-waterpomp-12-volt\\\/\"},{\"@type\":\"ListItem\",\"position\":6,\"name\":\"Thermoschakelaar Waterpomp &#038; Vin 38 mm\"}]},{\"@type\":\"WebSite\",\"@id\":\"https:\\\/\\\/www.hoogstra-autosport.nl\\\/#website\",\"url\":\"https:\\\/\\\/www.hoogstra-autosport.nl\\\/\",\"name\":\"Hoogstra Autosport\",\"description\":\"Performance Autosport Parts!\",\"potentialAction\":[{\"@type\":\"SearchAction\",\"target\":{\"@type\":\"EntryPoint\",\"urlTemplate\":\"https:\\\/\\\/www.hoogstra-autosport.nl\\\/?s={search_term_string}\"},\"query-input\":{\"@type\":\"PropertyValueSpecification\",\"valueRequired\":true,\"valueName\":\"search_term_string\"}}],\"inLanguage\":\"de\"}]}<\/script>\n<!-- \/ Yoast SEO plugin. -->","yoast_head_json":{"title":"Thermoschakelaar Waterpomp & Vin 38 mm - Hoogstra Autosport","robots":{"index":"index","follow":"follow","max-snippet":"max-snippet:-1","max-image-preview":"max-image-preview:large","max-video-preview":"max-video-preview:-1"},"canonical":"https:\/\/www.hoogstra-autosport.nl\/de\/produkt\/thermoschakelaar-waterpomp-vin-38-mm\/","og_locale":"de_DE","og_type":"article","og_title":"Thermoschakelaar Waterpomp & Vin 38 mm - Hoogstra Autosport","og_description":"&#8211; Complete set voor integratie in het watercircuit (geschikt voor 38mm) &#8211; Aansturing voor twee ventilatoren (eventueel ook voor een waterpomp en een ventilator) &#8211; Instelbaar tussen 40 &#8211; 110\u00b0C &#8211; De tweede aangestuurde ventilator wordt 10 seconden na de eerste ingeschakeld. &#8211; De ventilatoren draaien nog 5 seconden nadat de streeftemperatuur is bereikt. Bestaande [&hellip;]","og_url":"https:\/\/www.hoogstra-autosport.nl\/de\/produkt\/thermoschakelaar-waterpomp-vin-38-mm\/","og_site_name":"Hoogstra Autosport","article_modified_time":"2025-05-08T09:37:46+00:00","og_image":[{"width":986,"height":986,"url":"https:\/\/hoogstra-autosport.nl\/teamkoen\/content\/uploads\/2024\/04\/ewp-0445S.jpg","type":"image\/jpeg"}],"twitter_card":"summary_large_image","twitter_misc":{"Gesch\u00e4tzte Lesezeit":"1\u00a0Minute"},"schema":{"@context":"https:\/\/schema.org","@graph":[{"@type":"WebPage","@id":"https:\/\/www.hoogstra-autosport.nl\/product\/thermoschakelaar-waterpomp-vin-38-mm\/","url":"https:\/\/www.hoogstra-autosport.nl\/product\/thermoschakelaar-waterpomp-vin-38-mm\/","name":"Thermoschakelaar Waterpomp & Vin 38 mm - Hoogstra Autosport","isPartOf":{"@id":"https:\/\/www.hoogstra-autosport.nl\/#website"},"primaryImageOfPage":{"@id":"https:\/\/www.hoogstra-autosport.nl\/product\/thermoschakelaar-waterpomp-vin-38-mm\/#primaryimage"},"image":{"@id":"https:\/\/www.hoogstra-autosport.nl\/product\/thermoschakelaar-waterpomp-vin-38-mm\/#primaryimage"},"thumbnailUrl":"https:\/\/www.hoogstra-autosport.nl\/teamkoen\/wp-content\/uploads\/2024\/04\/ewp-0445S.jpg","datePublished":"2025-05-08T09:30:53+00:00","dateModified":"2025-05-08T09:37:46+00:00","breadcrumb":{"@id":"https:\/\/www.hoogstra-autosport.nl\/product\/thermoschakelaar-waterpomp-vin-38-mm\/#breadcrumb"},"inLanguage":"de","potentialAction":[{"@type":"ReadAction","target":["https:\/\/www.hoogstra-autosport.nl\/product\/thermoschakelaar-waterpomp-vin-38-mm\/"]}]},{"@type":"ImageObject","inLanguage":"de","@id":"https:\/\/www.hoogstra-autosport.nl\/product\/thermoschakelaar-waterpomp-vin-38-mm\/#primaryimage","url":"https:\/\/www.hoogstra-autosport.nl\/teamkoen\/wp-content\/uploads\/2024\/04\/ewp-0445S.jpg","contentUrl":"https:\/\/www.hoogstra-autosport.nl\/teamkoen\/wp-content\/uploads\/2024\/04\/ewp-0445S.jpg","width":986,"height":986,"caption":"EWP-0445S"},{"@type":"BreadcrumbList","@id":"https:\/\/www.hoogstra-autosport.nl\/product\/thermoschakelaar-waterpomp-vin-38-mm\/#breadcrumb","itemListElement":[{"@type":"ListItem","position":1,"name":"Home","item":"https:\/\/www.hoogstra-autosport.nl\/"},{"@type":"ListItem","position":2,"name":"Koeling &amp; Luchtfilters","item":"https:\/\/www.hoogstra-autosport.nl\/product-categorie\/koeling-2\/"},{"@type":"ListItem","position":3,"name":"Koeling","item":"https:\/\/www.hoogstra-autosport.nl\/product-categorie\/koeling-2\/koeling\/"},{"@type":"ListItem","position":4,"name":"Electrische Waterpompen","item":"https:\/\/www.hoogstra-autosport.nl\/product-categorie\/koeling-2\/koeling\/electrische-waterpompen\/"},{"@type":"ListItem","position":5,"name":"Electrische Waterpomp 12 volt","item":"https:\/\/www.hoogstra-autosport.nl\/product-categorie\/koeling-2\/koeling\/electrische-waterpompen\/electrische-waterpomp-12-volt\/"},{"@type":"ListItem","position":6,"name":"Thermoschakelaar Waterpomp &#038; Vin 38 mm"}]},{"@type":"WebSite","@id":"https:\/\/www.hoogstra-autosport.nl\/#website","url":"https:\/\/www.hoogstra-autosport.nl\/","name":"Hoogstra Autosport","description":"Performance Autosport Parts!","potentialAction":[{"@type":"SearchAction","target":{"@type":"EntryPoint","urlTemplate":"https:\/\/www.hoogstra-autosport.nl\/?s={search_term_string}"},"query-input":{"@type":"PropertyValueSpecification","valueRequired":true,"valueName":"search_term_string"}}],"inLanguage":"de"}]}},"tiered_pricing_type":"fixed","tiered_pricing_fixed_rules":[],"tiered_pricing_product_settings":{"layout":"default","base_unit_name":{"singular":null,"plural":null},"default_variation":null},"tiered_pricing_minimum_quantity":null,"tiered_pricing_roles_data":[],"tiered_pricing_percentage_rules":[],"tiered_pricing_maximum_quantity":null,"tiered_pricing_quantity_step":null,"_links":{"self":[{"href":"https:\/\/www.hoogstra-autosport.nl\/de\/wp-json\/wp\/v2\/product\/84982","targetHints":{"allow":["GET"]}}],"collection":[{"href":"https:\/\/www.hoogstra-autosport.nl\/de\/wp-json\/wp\/v2\/product"}],"about":[{"href":"https:\/\/www.hoogstra-autosport.nl\/de\/wp-json\/wp\/v2\/types\/product"}],"wp:featuredmedia":[{"embeddable":true,"href":"https:\/\/www.hoogstra-autosport.nl\/de\/wp-json\/wp\/v2\/media\/70720"}],"wp:attachment":[{"href":"https:\/\/www.hoogstra-autosport.nl\/de\/wp-json\/wp\/v2\/media?parent=84982"}],"wp:term":[{"taxonomy":"product_brand","embeddable":true,"href":"https:\/\/www.hoogstra-autosport.nl\/de\/wp-json\/wp\/v2\/product_brand?post=84982"},{"taxonomy":"product_cat","embeddable":true,"href":"https:\/\/www.hoogstra-autosport.nl\/de\/wp-json\/wp\/v2\/product_cat?post=84982"},{"taxonomy":"product_tag","embeddable":true,"href":"https:\/\/www.hoogstra-autosport.nl\/de\/wp-json\/wp\/v2\/product_tag?post=84982"}],"curies":[{"name":"wp","href":"https:\/\/api.w.org\/{rel}","templated":true}]}}