{"id":83281,"date":"2025-03-28T15:56:14","date_gmt":"2025-03-28T14:56:14","guid":{"rendered":"https:\/\/www.hoogstra-autosport.nl\/?post_type=product&#038;p=83281"},"modified":"2025-11-13T10:18:31","modified_gmt":"2025-11-13T09:18:31","slug":"stilo-helm-st6f-offshore","status":"publish","type":"product","link":"https:\/\/www.hoogstra-autosport.nl\/de\/produkt\/stilo-helm-st6f-offshore\/","title":{"rendered":"Stilo-Helm ST6F Offshore"},"content":{"rendered":"<p>Dank seines besonders schlanken Designs und des ergonomischen Innenfutters vereint der Stilo ST6 Offshore Helm optimale Aerodynamik, hervorragende Passform und optimale Bel\u00fcftung. Dank modernster Fertigungstechnologie und hochwertigster Materialien ist dieser Helm einer der d\u00fcnnsten und leichtesten seiner Klasse. Die Helme der Stilo ST6 Offshore-Serie sind serienm\u00e4\u00dfig mit dem bew\u00e4hrten und hochwertigen Stilo WRC-Intercom-System mit Anti-Noise-Kopfh\u00f6rern ausgestattet. F\u00fcr eine optimale Kommunikation k\u00f6nnen Sie die Lautsprecher und das Mikrofon mit Hilfe der mitgelieferten Abstandshalter optimal einstellen. Mit der patentierten und komfortablen Visierverriegelung kann das Visier in zwei Positionen arretiert werden. Vorbereitet f\u00fcr die Verwendung von HANS-Clips (nicht im Lieferumfang enthalten).<\/p>\n<p>&nbsp;<\/p>\n<p>FIA-Norm: 8859-2024 | SNELL SA2020<\/p>","protected":false},"excerpt":{"rendered":"<p>Dankzij het bijzonder slanke design en de ergonomische binnenvoering combineert de Stilo ST6 Offshore helm optimale aerodynamica, een uitstekende pasvorm en optimale ventilatie. Dankzij de nieuwste productietechnologie en de hoogste kwaliteit materialen is deze helm een \u200b\u200bvan de dunste en lichtste in zijn klasse. De helmen uit de Stilo ST6 Offshore-serie zijn standaard uitgerust met [&hellip;]<\/p>\n","protected":false},"featured_media":83332,"template":"","meta":{"_acf_changed":false},"product_brand":[],"product_cat":[3969],"product_tag":[],"class_list":{"0":"post-83281","1":"product","2":"type-product","3":"status-publish","4":"has-post-thumbnail","6":"product_cat-stilo-integraal-helmen-fia","7":"product_shipping_class-4016","9":"first","10":"instock","11":"taxable","12":"shipping-taxable","13":"purchasable","14":"product-type-variable"},"acf":[],"yoast_head":"<!-- This site is optimized with the Yoast SEO plugin v27.5 - https:\/\/yoast.com\/product\/yoast-seo-wordpress\/ -->\n<title>Stilo Helm ST6F Offshore - Hoogstra Autosport<\/title>\n<meta name=\"robots\" content=\"index, follow, max-snippet:-1, max-image-preview:large, max-video-preview:-1\" \/>\n<link rel=\"canonical\" href=\"https:\/\/www.hoogstra-autosport.nl\/de\/produkt\/stilo-helm-st6f-offshore\/\" \/>\n<meta property=\"og:locale\" content=\"de_DE\" \/>\n<meta property=\"og:type\" content=\"article\" \/>\n<meta property=\"og:title\" content=\"Stilo Helm ST6F Offshore - Hoogstra Autosport\" \/>\n<meta property=\"og:description\" content=\"Dankzij het bijzonder slanke design en de ergonomische binnenvoering combineert de Stilo ST6 Offshore helm optimale aerodynamica, een uitstekende pasvorm en optimale ventilatie. Dankzij de nieuwste productietechnologie en de hoogste kwaliteit materialen is deze helm een \u200b\u200bvan de dunste en lichtste in zijn klasse. De helmen uit de Stilo ST6 Offshore-serie zijn standaard uitgerust met [&hellip;]\" \/>\n<meta property=\"og:url\" content=\"https:\/\/www.hoogstra-autosport.nl\/de\/produkt\/stilo-helm-st6f-offshore\/\" \/>\n<meta property=\"og:site_name\" content=\"Hoogstra Autosport\" \/>\n<meta property=\"article:modified_time\" content=\"2025-11-13T09:18:31+00:00\" \/>\n<meta property=\"og:image\" content=\"https:\/\/www.hoogstra-autosport.nl\/teamkoen\/wp-content\/uploads\/2025\/03\/processed-ED3C065B-AA4B-4F7D-B144-0D558E51FB19.jpeg\" \/>\n\t<meta property=\"og:image:width\" content=\"1870\" \/>\n\t<meta property=\"og:image:height\" content=\"1870\" \/>\n\t<meta property=\"og:image:type\" content=\"image\/jpeg\" \/>\n<meta name=\"twitter:card\" content=\"summary_large_image\" \/>\n<meta name=\"twitter:label1\" content=\"Gesch\u00e4tzte Lesezeit\" \/>\n\t<meta name=\"twitter:data1\" content=\"1\u00a0Minute\" \/>\n<script type=\"application\/ld+json\" class=\"yoast-schema-graph\">{\"@context\":\"https:\\\/\\\/schema.org\",\"@graph\":[{\"@type\":\"WebPage\",\"@id\":\"https:\\\/\\\/www.hoogstra-autosport.nl\\\/product\\\/stilo-helm-st6f-offshore\\\/\",\"url\":\"https:\\\/\\\/www.hoogstra-autosport.nl\\\/product\\\/stilo-helm-st6f-offshore\\\/\",\"name\":\"Stilo Helm ST6F Offshore - Hoogstra Autosport\",\"isPartOf\":{\"@id\":\"https:\\\/\\\/www.hoogstra-autosport.nl\\\/#website\"},\"primaryImageOfPage\":{\"@id\":\"https:\\\/\\\/www.hoogstra-autosport.nl\\\/product\\\/stilo-helm-st6f-offshore\\\/#primaryimage\"},\"image\":{\"@id\":\"https:\\\/\\\/www.hoogstra-autosport.nl\\\/product\\\/stilo-helm-st6f-offshore\\\/#primaryimage\"},\"thumbnailUrl\":\"https:\\\/\\\/www.hoogstra-autosport.nl\\\/teamkoen\\\/wp-content\\\/uploads\\\/2025\\\/03\\\/processed-ED3C065B-AA4B-4F7D-B144-0D558E51FB19.jpeg\",\"datePublished\":\"2025-03-28T14:56:14+00:00\",\"dateModified\":\"2025-11-13T09:18:31+00:00\",\"breadcrumb\":{\"@id\":\"https:\\\/\\\/www.hoogstra-autosport.nl\\\/product\\\/stilo-helm-st6f-offshore\\\/#breadcrumb\"},\"inLanguage\":\"de\",\"potentialAction\":[{\"@type\":\"ReadAction\",\"target\":[\"https:\\\/\\\/www.hoogstra-autosport.nl\\\/product\\\/stilo-helm-st6f-offshore\\\/\"]}]},{\"@type\":\"ImageObject\",\"inLanguage\":\"de\",\"@id\":\"https:\\\/\\\/www.hoogstra-autosport.nl\\\/product\\\/stilo-helm-st6f-offshore\\\/#primaryimage\",\"url\":\"https:\\\/\\\/www.hoogstra-autosport.nl\\\/teamkoen\\\/wp-content\\\/uploads\\\/2025\\\/03\\\/processed-ED3C065B-AA4B-4F7D-B144-0D558E51FB19.jpeg\",\"contentUrl\":\"https:\\\/\\\/www.hoogstra-autosport.nl\\\/teamkoen\\\/wp-content\\\/uploads\\\/2025\\\/03\\\/processed-ED3C065B-AA4B-4F7D-B144-0D558E51FB19.jpeg\",\"width\":1870,\"height\":1870},{\"@type\":\"BreadcrumbList\",\"@id\":\"https:\\\/\\\/www.hoogstra-autosport.nl\\\/product\\\/stilo-helm-st6f-offshore\\\/#breadcrumb\",\"itemListElement\":[{\"@type\":\"ListItem\",\"position\":1,\"name\":\"Home\",\"item\":\"https:\\\/\\\/www.hoogstra-autosport.nl\\\/\"},{\"@type\":\"ListItem\",\"position\":2,\"name\":\"Uitrusting\",\"item\":\"https:\\\/\\\/www.hoogstra-autosport.nl\\\/product-categorie\\\/autosport-kleding-helmen\\\/\"},{\"@type\":\"ListItem\",\"position\":3,\"name\":\"Helmen\",\"item\":\"https:\\\/\\\/www.hoogstra-autosport.nl\\\/product-categorie\\\/autosport-kleding-helmen\\\/helmen\\\/\"},{\"@type\":\"ListItem\",\"position\":4,\"name\":\"FIA Integraal Helmen\",\"item\":\"https:\\\/\\\/www.hoogstra-autosport.nl\\\/product-categorie\\\/autosport-kleding-helmen\\\/helmen\\\/integraal-helmen-fia\\\/\"},{\"@type\":\"ListItem\",\"position\":5,\"name\":\"Stilo Integraalhelmen FIA\",\"item\":\"https:\\\/\\\/www.hoogstra-autosport.nl\\\/product-categorie\\\/autosport-kleding-helmen\\\/helmen\\\/integraal-helmen-fia\\\/stilo-integraal-helmen-fia\\\/\"},{\"@type\":\"ListItem\",\"position\":6,\"name\":\"Stilo Helm ST6F Offshore\"}]},{\"@type\":\"WebSite\",\"@id\":\"https:\\\/\\\/www.hoogstra-autosport.nl\\\/#website\",\"url\":\"https:\\\/\\\/www.hoogstra-autosport.nl\\\/\",\"name\":\"Hoogstra Autosport\",\"description\":\"Performance Autosport Parts!\",\"potentialAction\":[{\"@type\":\"SearchAction\",\"target\":{\"@type\":\"EntryPoint\",\"urlTemplate\":\"https:\\\/\\\/www.hoogstra-autosport.nl\\\/?s={search_term_string}\"},\"query-input\":{\"@type\":\"PropertyValueSpecification\",\"valueRequired\":true,\"valueName\":\"search_term_string\"}}],\"inLanguage\":\"de\"}]}<\/script>\n<!-- \/ Yoast SEO plugin. -->","yoast_head_json":{"title":"Stilo Helm ST6F Offshore - Hoogstra Autosport","robots":{"index":"index","follow":"follow","max-snippet":"max-snippet:-1","max-image-preview":"max-image-preview:large","max-video-preview":"max-video-preview:-1"},"canonical":"https:\/\/www.hoogstra-autosport.nl\/de\/produkt\/stilo-helm-st6f-offshore\/","og_locale":"de_DE","og_type":"article","og_title":"Stilo Helm ST6F Offshore - Hoogstra Autosport","og_description":"Dankzij het bijzonder slanke design en de ergonomische binnenvoering combineert de Stilo ST6 Offshore helm optimale aerodynamica, een uitstekende pasvorm en optimale ventilatie. Dankzij de nieuwste productietechnologie en de hoogste kwaliteit materialen is deze helm een \u200b\u200bvan de dunste en lichtste in zijn klasse. De helmen uit de Stilo ST6 Offshore-serie zijn standaard uitgerust met [&hellip;]","og_url":"https:\/\/www.hoogstra-autosport.nl\/de\/produkt\/stilo-helm-st6f-offshore\/","og_site_name":"Hoogstra Autosport","article_modified_time":"2025-11-13T09:18:31+00:00","og_image":[{"width":1870,"height":1870,"url":"https:\/\/www.hoogstra-autosport.nl\/teamkoen\/wp-content\/uploads\/2025\/03\/processed-ED3C065B-AA4B-4F7D-B144-0D558E51FB19.jpeg","type":"image\/jpeg"}],"twitter_card":"summary_large_image","twitter_misc":{"Gesch\u00e4tzte Lesezeit":"1\u00a0Minute"},"schema":{"@context":"https:\/\/schema.org","@graph":[{"@type":"WebPage","@id":"https:\/\/www.hoogstra-autosport.nl\/product\/stilo-helm-st6f-offshore\/","url":"https:\/\/www.hoogstra-autosport.nl\/product\/stilo-helm-st6f-offshore\/","name":"Stilo Helm ST6F Offshore - Hoogstra Autosport","isPartOf":{"@id":"https:\/\/www.hoogstra-autosport.nl\/#website"},"primaryImageOfPage":{"@id":"https:\/\/www.hoogstra-autosport.nl\/product\/stilo-helm-st6f-offshore\/#primaryimage"},"image":{"@id":"https:\/\/www.hoogstra-autosport.nl\/product\/stilo-helm-st6f-offshore\/#primaryimage"},"thumbnailUrl":"https:\/\/www.hoogstra-autosport.nl\/teamkoen\/wp-content\/uploads\/2025\/03\/processed-ED3C065B-AA4B-4F7D-B144-0D558E51FB19.jpeg","datePublished":"2025-03-28T14:56:14+00:00","dateModified":"2025-11-13T09:18:31+00:00","breadcrumb":{"@id":"https:\/\/www.hoogstra-autosport.nl\/product\/stilo-helm-st6f-offshore\/#breadcrumb"},"inLanguage":"de","potentialAction":[{"@type":"ReadAction","target":["https:\/\/www.hoogstra-autosport.nl\/product\/stilo-helm-st6f-offshore\/"]}]},{"@type":"ImageObject","inLanguage":"de","@id":"https:\/\/www.hoogstra-autosport.nl\/product\/stilo-helm-st6f-offshore\/#primaryimage","url":"https:\/\/www.hoogstra-autosport.nl\/teamkoen\/wp-content\/uploads\/2025\/03\/processed-ED3C065B-AA4B-4F7D-B144-0D558E51FB19.jpeg","contentUrl":"https:\/\/www.hoogstra-autosport.nl\/teamkoen\/wp-content\/uploads\/2025\/03\/processed-ED3C065B-AA4B-4F7D-B144-0D558E51FB19.jpeg","width":1870,"height":1870},{"@type":"BreadcrumbList","@id":"https:\/\/www.hoogstra-autosport.nl\/product\/stilo-helm-st6f-offshore\/#breadcrumb","itemListElement":[{"@type":"ListItem","position":1,"name":"Home","item":"https:\/\/www.hoogstra-autosport.nl\/"},{"@type":"ListItem","position":2,"name":"Uitrusting","item":"https:\/\/www.hoogstra-autosport.nl\/product-categorie\/autosport-kleding-helmen\/"},{"@type":"ListItem","position":3,"name":"Helmen","item":"https:\/\/www.hoogstra-autosport.nl\/product-categorie\/autosport-kleding-helmen\/helmen\/"},{"@type":"ListItem","position":4,"name":"FIA Integraal Helmen","item":"https:\/\/www.hoogstra-autosport.nl\/product-categorie\/autosport-kleding-helmen\/helmen\/integraal-helmen-fia\/"},{"@type":"ListItem","position":5,"name":"Stilo Integraalhelmen FIA","item":"https:\/\/www.hoogstra-autosport.nl\/product-categorie\/autosport-kleding-helmen\/helmen\/integraal-helmen-fia\/stilo-integraal-helmen-fia\/"},{"@type":"ListItem","position":6,"name":"Stilo Helm ST6F Offshore"}]},{"@type":"WebSite","@id":"https:\/\/www.hoogstra-autosport.nl\/#website","url":"https:\/\/www.hoogstra-autosport.nl\/","name":"Hoogstra Autosport","description":"Performance Autosport Parts!","potentialAction":[{"@type":"SearchAction","target":{"@type":"EntryPoint","urlTemplate":"https:\/\/www.hoogstra-autosport.nl\/?s={search_term_string}"},"query-input":{"@type":"PropertyValueSpecification","valueRequired":true,"valueName":"search_term_string"}}],"inLanguage":"de"}]}},"tiered_pricing_type":"fixed","tiered_pricing_fixed_rules":[],"tiered_pricing_product_settings":{"layout":"default","base_unit_name":{"singular":null,"plural":null},"default_variation":null},"tiered_pricing_minimum_quantity":null,"tiered_pricing_roles_data":[],"tiered_pricing_percentage_rules":[],"tiered_pricing_maximum_quantity":null,"tiered_pricing_quantity_step":null,"_links":{"self":[{"href":"https:\/\/www.hoogstra-autosport.nl\/de\/wp-json\/wp\/v2\/product\/83281","targetHints":{"allow":["GET"]}}],"collection":[{"href":"https:\/\/www.hoogstra-autosport.nl\/de\/wp-json\/wp\/v2\/product"}],"about":[{"href":"https:\/\/www.hoogstra-autosport.nl\/de\/wp-json\/wp\/v2\/types\/product"}],"wp:featuredmedia":[{"embeddable":true,"href":"https:\/\/www.hoogstra-autosport.nl\/de\/wp-json\/wp\/v2\/media\/83332"}],"wp:attachment":[{"href":"https:\/\/www.hoogstra-autosport.nl\/de\/wp-json\/wp\/v2\/media?parent=83281"}],"wp:term":[{"taxonomy":"product_brand","embeddable":true,"href":"https:\/\/www.hoogstra-autosport.nl\/de\/wp-json\/wp\/v2\/product_brand?post=83281"},{"taxonomy":"product_cat","embeddable":true,"href":"https:\/\/www.hoogstra-autosport.nl\/de\/wp-json\/wp\/v2\/product_cat?post=83281"},{"taxonomy":"product_tag","embeddable":true,"href":"https:\/\/www.hoogstra-autosport.nl\/de\/wp-json\/wp\/v2\/product_tag?post=83281"}],"curies":[{"name":"wp","href":"https:\/\/api.w.org\/{rel}","templated":true}]}}