{"id":82517,"date":"2025-03-14T13:56:00","date_gmt":"2025-03-14T12:56:00","guid":{"rendered":"https:\/\/www.hoogstra-autosport.nl\/?post_type=product&#038;p=82517"},"modified":"2025-12-24T11:23:45","modified_gmt":"2025-12-24T10:23:45","slug":"stbo-beugels","status":"publish","type":"product","link":"https:\/\/www.hoogstra-autosport.nl\/de\/produkt\/stbo-beugels\/","title":{"rendered":"STBO-Klammern"},"content":{"rendered":"<p class=\"h3-product\">AUTOSITZHALTERUNGSSET, F\u00dcR TILLETT ST\u00dcHLE B6S, B6SXL, B6, B6 XL, B7, B7XL, B8, B9, B10, B10XL, C1 &amp; C1XL<\/p>\n<div class=\"rich-text product w-richtext\" data-w-id=\"6106a262-9e6c-ce97-a48e-f0086f2f9760\">\n<h4>Das STBO-Haltersystem ist so konstruiert, dass es vom Stuhl weg zeigt und somit eine gr\u00f6\u00dfere Stellfl\u00e4che bietet.<\/h4>\n<p>Dies erfordert ein breiteres Cockpit, erm\u00f6glicht aber einen bequemeren Sitz, wenn Sie den Platz haben. Sie bestehen aus 5 mm dickem, schwarz pulverbeschichtetem Aluminium und erm\u00f6glichen das Neigen, Anheben und Absenken des Sitzes durch verschiedene Loch- und Schlitzkombinationen. Dank der unteren Schlitze an der Unterseite der Halterung passen sie direkt auf die Tillett STRO- und PTRO-Sitzverstellf\u00fchrungen.<\/p>\n<p>Das optionale \"Pegged spacer kit\" aus Aluminium kann auch in diesen Halterungen verwendet werden, um die vorderen Schlitze im Falle eines Unfalls zu verst\u00e4rken.<\/p>\n<\/div>\n<div class=\"rich-text product w-richtext\">\n<h4>HAUPTMERKMALE<\/h4>\n<ul role=\"list\">\n<li>Nach au\u00dfen gerichteter Halterungssatz f\u00fcr eine gr\u00f6\u00dfere Grundfl\u00e4che und eine einfachere Installation im Cockpit.<\/li>\n<li>Flache Bodenhalterung mit einem 2\u00b0-Winkel an den Seiten f\u00fcr die Tillett-Sitze B6S, B6SXL, B6*, B6 XL*, B7, B7XL, B8, B9, B10, B10XL C1 und C1XL (* nur in der Version mit Seitenmontage).<\/li>\n<li>Hergestellt aus 5 mm starkem Aluminium mit schwarzer Strukturpulverbeschichtung.<\/li>\n<li>Dank der Schlitz- und Lochoptionen in den Halterungen kann der Stuhl gekippt, angehoben und abgesenkt werden.<\/li>\n<li>Dank des geringeren Schlitzma\u00dfes passen sie direkt auf die Tillett STRO und PTRO Sitzverstellungen. (Bitte beachten Sie, dass wir nicht empfehlen, Sitzverstellungen in einem Rennwagen zu verwenden, da sie nur f\u00fcr die Stra\u00dfe gedacht sind).<\/li>\n<li>Das optionale \"Pegged Spacer Kit\" aus Aluminium kann verwendet werden, um die vorderen Schlitze im Falle eines Unfalls zu verst\u00e4rken.<\/li>\n<li>Ein Paar STBi wiegt 1,11 kg.<\/li>\n<li>Hergestellt im Vereinigten K\u00f6nigreich.<\/li>\n<\/ul>\n<\/div>","protected":false},"excerpt":{"rendered":"<p>AUTOSTOELBEUGELSET, GEMAAKT VOOR TILLETT-STOELEN B6S, B6SXL, B6, B6 XL, B7, B7XL, B8, B9, B10, B10XL, C1 &amp; C1XL Het STBO-beugelsysteem is ontworpen om van de stoel af te wijzen en geeft daardoor een grotere voetafdruk. Dit vereist een bredere cockpit, maar helpt bij het mogelijk maken van een meer toegankelijke pasvorm als je de ruimte [&hellip;]<\/p>\n","protected":false},"featured_media":95906,"template":"","meta":{"_acf_changed":false},"product_brand":[],"product_cat":[3987,3798],"product_tag":[],"class_list":{"0":"post-82517","1":"product","2":"type-product","3":"status-publish","4":"has-post-thumbnail","6":"product_cat-stoel-onderdelen-bevestiging","7":"product_cat-tillett-stoelen","8":"product_shipping_class-4016","10":"first","11":"instock","12":"taxable","13":"shipping-taxable","14":"purchasable","15":"product-type-simple"},"acf":[],"yoast_head":"<!-- This site is optimized with the Yoast SEO plugin v27.1.1 - https:\/\/yoast.com\/product\/yoast-seo-wordpress\/ -->\n<title>STBO Beugels - Hoogstra Autosport<\/title>\n<meta name=\"robots\" content=\"index, follow, max-snippet:-1, max-image-preview:large, max-video-preview:-1\" \/>\n<link rel=\"canonical\" href=\"https:\/\/www.hoogstra-autosport.nl\/de\/produkt\/stbo-beugels\/\" \/>\n<meta property=\"og:locale\" content=\"de_DE\" \/>\n<meta property=\"og:type\" content=\"article\" \/>\n<meta property=\"og:title\" content=\"STBO Beugels - Hoogstra Autosport\" \/>\n<meta property=\"og:description\" content=\"AUTOSTOELBEUGELSET, GEMAAKT VOOR TILLETT-STOELEN B6S, B6SXL, B6, B6 XL, B7, B7XL, B8, B9, B10, B10XL, C1 &amp; C1XL Het STBO-beugelsysteem is ontworpen om van de stoel af te wijzen en geeft daardoor een grotere voetafdruk. Dit vereist een bredere cockpit, maar helpt bij het mogelijk maken van een meer toegankelijke pasvorm als je de ruimte [&hellip;]\" \/>\n<meta property=\"og:url\" content=\"https:\/\/www.hoogstra-autosport.nl\/de\/produkt\/stbo-beugels\/\" \/>\n<meta property=\"og:site_name\" content=\"Hoogstra Autosport\" \/>\n<meta property=\"article:modified_time\" content=\"2025-12-24T10:23:45+00:00\" \/>\n<meta property=\"og:image\" content=\"https:\/\/www.hoogstra-autosport.nl\/teamkoen\/wp-content\/uploads\/2025\/03\/STBO.jpg\" \/>\n\t<meta property=\"og:image:width\" content=\"1080\" \/>\n\t<meta property=\"og:image:height\" content=\"1080\" \/>\n\t<meta property=\"og:image:type\" content=\"image\/jpeg\" \/>\n<meta name=\"twitter:card\" content=\"summary_large_image\" \/>\n<meta name=\"twitter:label1\" content=\"Gesch\u00e4tzte Lesezeit\" \/>\n\t<meta name=\"twitter:data1\" content=\"2\u00a0Minuten\" \/>\n<script type=\"application\/ld+json\" class=\"yoast-schema-graph\">{\"@context\":\"https:\/\/schema.org\",\"@graph\":[{\"@type\":\"WebPage\",\"@id\":\"https:\/\/www.hoogstra-autosport.nl\/product\/stbo-beugels\/\",\"url\":\"https:\/\/www.hoogstra-autosport.nl\/product\/stbo-beugels\/\",\"name\":\"STBO Beugels - Hoogstra Autosport\",\"isPartOf\":{\"@id\":\"https:\/\/www.hoogstra-autosport.nl\/#website\"},\"primaryImageOfPage\":{\"@id\":\"https:\/\/www.hoogstra-autosport.nl\/product\/stbo-beugels\/#primaryimage\"},\"image\":{\"@id\":\"https:\/\/www.hoogstra-autosport.nl\/product\/stbo-beugels\/#primaryimage\"},\"thumbnailUrl\":\"https:\/\/www.hoogstra-autosport.nl\/teamkoen\/wp-content\/uploads\/2025\/03\/STBO.jpg\",\"datePublished\":\"2025-03-14T12:56:00+00:00\",\"dateModified\":\"2025-12-24T10:23:45+00:00\",\"breadcrumb\":{\"@id\":\"https:\/\/www.hoogstra-autosport.nl\/product\/stbo-beugels\/#breadcrumb\"},\"inLanguage\":\"de\",\"potentialAction\":[{\"@type\":\"ReadAction\",\"target\":[\"https:\/\/www.hoogstra-autosport.nl\/product\/stbo-beugels\/\"]}]},{\"@type\":\"ImageObject\",\"inLanguage\":\"de\",\"@id\":\"https:\/\/www.hoogstra-autosport.nl\/product\/stbo-beugels\/#primaryimage\",\"url\":\"https:\/\/www.hoogstra-autosport.nl\/teamkoen\/wp-content\/uploads\/2025\/03\/STBO.jpg\",\"contentUrl\":\"https:\/\/www.hoogstra-autosport.nl\/teamkoen\/wp-content\/uploads\/2025\/03\/STBO.jpg\",\"width\":1080,\"height\":1080},{\"@type\":\"BreadcrumbList\",\"@id\":\"https:\/\/www.hoogstra-autosport.nl\/product\/stbo-beugels\/#breadcrumb\",\"itemListElement\":[{\"@type\":\"ListItem\",\"position\":1,\"name\":\"Home\",\"item\":\"https:\/\/www.hoogstra-autosport.nl\/\"},{\"@type\":\"ListItem\",\"position\":2,\"name\":\"Interieur\",\"item\":\"https:\/\/www.hoogstra-autosport.nl\/product-categorie\/remmen-brandstof-tanken\/\"},{\"@type\":\"ListItem\",\"position\":3,\"name\":\"Stoelen\",\"item\":\"https:\/\/www.hoogstra-autosport.nl\/product-categorie\/remmen-brandstof-tanken\/stoelen\/\"},{\"@type\":\"ListItem\",\"position\":4,\"name\":\"Stoel Onderdelen \/ Bevestiging\",\"item\":\"https:\/\/www.hoogstra-autosport.nl\/product-categorie\/remmen-brandstof-tanken\/stoelen\/stoel-onderdelen-bevestiging\/\"},{\"@type\":\"ListItem\",\"position\":5,\"name\":\"STBO Beugels\"}]},{\"@type\":\"WebSite\",\"@id\":\"https:\/\/www.hoogstra-autosport.nl\/#website\",\"url\":\"https:\/\/www.hoogstra-autosport.nl\/\",\"name\":\"Hoogstra Autosport\",\"description\":\"Performance Autosport Parts!\",\"potentialAction\":[{\"@type\":\"SearchAction\",\"target\":{\"@type\":\"EntryPoint\",\"urlTemplate\":\"https:\/\/www.hoogstra-autosport.nl\/?s={search_term_string}\"},\"query-input\":{\"@type\":\"PropertyValueSpecification\",\"valueRequired\":true,\"valueName\":\"search_term_string\"}}],\"inLanguage\":\"de\"}]}<\/script>\n<!-- \/ Yoast SEO plugin. -->","yoast_head_json":{"title":"STBO Beugels - Hoogstra Autosport","robots":{"index":"index","follow":"follow","max-snippet":"max-snippet:-1","max-image-preview":"max-image-preview:large","max-video-preview":"max-video-preview:-1"},"canonical":"https:\/\/www.hoogstra-autosport.nl\/de\/produkt\/stbo-beugels\/","og_locale":"de_DE","og_type":"article","og_title":"STBO Beugels - Hoogstra Autosport","og_description":"AUTOSTOELBEUGELSET, GEMAAKT VOOR TILLETT-STOELEN B6S, B6SXL, B6, B6 XL, B7, B7XL, B8, B9, B10, B10XL, C1 &amp; C1XL Het STBO-beugelsysteem is ontworpen om van de stoel af te wijzen en geeft daardoor een grotere voetafdruk. Dit vereist een bredere cockpit, maar helpt bij het mogelijk maken van een meer toegankelijke pasvorm als je de ruimte [&hellip;]","og_url":"https:\/\/www.hoogstra-autosport.nl\/de\/produkt\/stbo-beugels\/","og_site_name":"Hoogstra Autosport","article_modified_time":"2025-12-24T10:23:45+00:00","og_image":[{"width":1080,"height":1080,"url":"https:\/\/www.hoogstra-autosport.nl\/teamkoen\/wp-content\/uploads\/2025\/03\/STBO.jpg","type":"image\/jpeg"}],"twitter_card":"summary_large_image","twitter_misc":{"Gesch\u00e4tzte Lesezeit":"2\u00a0Minuten"},"schema":{"@context":"https:\/\/schema.org","@graph":[{"@type":"WebPage","@id":"https:\/\/www.hoogstra-autosport.nl\/product\/stbo-beugels\/","url":"https:\/\/www.hoogstra-autosport.nl\/product\/stbo-beugels\/","name":"STBO Beugels - Hoogstra Autosport","isPartOf":{"@id":"https:\/\/www.hoogstra-autosport.nl\/#website"},"primaryImageOfPage":{"@id":"https:\/\/www.hoogstra-autosport.nl\/product\/stbo-beugels\/#primaryimage"},"image":{"@id":"https:\/\/www.hoogstra-autosport.nl\/product\/stbo-beugels\/#primaryimage"},"thumbnailUrl":"https:\/\/www.hoogstra-autosport.nl\/teamkoen\/wp-content\/uploads\/2025\/03\/STBO.jpg","datePublished":"2025-03-14T12:56:00+00:00","dateModified":"2025-12-24T10:23:45+00:00","breadcrumb":{"@id":"https:\/\/www.hoogstra-autosport.nl\/product\/stbo-beugels\/#breadcrumb"},"inLanguage":"de","potentialAction":[{"@type":"ReadAction","target":["https:\/\/www.hoogstra-autosport.nl\/product\/stbo-beugels\/"]}]},{"@type":"ImageObject","inLanguage":"de","@id":"https:\/\/www.hoogstra-autosport.nl\/product\/stbo-beugels\/#primaryimage","url":"https:\/\/www.hoogstra-autosport.nl\/teamkoen\/wp-content\/uploads\/2025\/03\/STBO.jpg","contentUrl":"https:\/\/www.hoogstra-autosport.nl\/teamkoen\/wp-content\/uploads\/2025\/03\/STBO.jpg","width":1080,"height":1080},{"@type":"BreadcrumbList","@id":"https:\/\/www.hoogstra-autosport.nl\/product\/stbo-beugels\/#breadcrumb","itemListElement":[{"@type":"ListItem","position":1,"name":"Home","item":"https:\/\/www.hoogstra-autosport.nl\/"},{"@type":"ListItem","position":2,"name":"Interieur","item":"https:\/\/www.hoogstra-autosport.nl\/product-categorie\/remmen-brandstof-tanken\/"},{"@type":"ListItem","position":3,"name":"Stoelen","item":"https:\/\/www.hoogstra-autosport.nl\/product-categorie\/remmen-brandstof-tanken\/stoelen\/"},{"@type":"ListItem","position":4,"name":"Stoel Onderdelen \/ Bevestiging","item":"https:\/\/www.hoogstra-autosport.nl\/product-categorie\/remmen-brandstof-tanken\/stoelen\/stoel-onderdelen-bevestiging\/"},{"@type":"ListItem","position":5,"name":"STBO Beugels"}]},{"@type":"WebSite","@id":"https:\/\/www.hoogstra-autosport.nl\/#website","url":"https:\/\/www.hoogstra-autosport.nl\/","name":"Hoogstra Autosport","description":"Performance Autosport Parts!","potentialAction":[{"@type":"SearchAction","target":{"@type":"EntryPoint","urlTemplate":"https:\/\/www.hoogstra-autosport.nl\/?s={search_term_string}"},"query-input":{"@type":"PropertyValueSpecification","valueRequired":true,"valueName":"search_term_string"}}],"inLanguage":"de"}]}},"tiered_pricing_type":"fixed","tiered_pricing_fixed_rules":[],"tiered_pricing_product_settings":{"layout":"default","base_unit_name":{"singular":null,"plural":null},"default_variation":null},"tiered_pricing_minimum_quantity":null,"tiered_pricing_roles_data":[],"tiered_pricing_percentage_rules":[],"tiered_pricing_maximum_quantity":null,"tiered_pricing_quantity_step":null,"_links":{"self":[{"href":"https:\/\/www.hoogstra-autosport.nl\/de\/wp-json\/wp\/v2\/product\/82517","targetHints":{"allow":["GET"]}}],"collection":[{"href":"https:\/\/www.hoogstra-autosport.nl\/de\/wp-json\/wp\/v2\/product"}],"about":[{"href":"https:\/\/www.hoogstra-autosport.nl\/de\/wp-json\/wp\/v2\/types\/product"}],"wp:featuredmedia":[{"embeddable":true,"href":"https:\/\/www.hoogstra-autosport.nl\/de\/wp-json\/wp\/v2\/media\/95906"}],"wp:attachment":[{"href":"https:\/\/www.hoogstra-autosport.nl\/de\/wp-json\/wp\/v2\/media?parent=82517"}],"wp:term":[{"taxonomy":"product_brand","embeddable":true,"href":"https:\/\/www.hoogstra-autosport.nl\/de\/wp-json\/wp\/v2\/product_brand?post=82517"},{"taxonomy":"product_cat","embeddable":true,"href":"https:\/\/www.hoogstra-autosport.nl\/de\/wp-json\/wp\/v2\/product_cat?post=82517"},{"taxonomy":"product_tag","embeddable":true,"href":"https:\/\/www.hoogstra-autosport.nl\/de\/wp-json\/wp\/v2\/product_tag?post=82517"}],"curies":[{"name":"wp","href":"https:\/\/api.w.org\/{rel}","templated":true}]}}