{"id":82087,"date":"2025-03-06T11:39:35","date_gmt":"2025-03-06T10:39:35","guid":{"rendered":"https:\/\/www.hoogstra-autosport.nl\/?post_type=product&#038;p=82087"},"modified":"2025-12-24T11:13:47","modified_gmt":"2025-12-24T10:13:47","slug":"dgp-cobra-pro-fia-stoel-sky","status":"publish","type":"product","link":"https:\/\/www.hoogstra-autosport.nl\/de\/produkt\/dgp-cobra-pro-fia-stoel-sky\/","title":{"rendered":"DGP Cobra Pro Fia Stuhl SKY"},"content":{"rendered":"<p>Der DGP Cobra Pro SKY Sitz wurde exklusiv f\u00fcr die professionelle Rallye- und Rennstrecke entwickelt und verbessert das Fahrerlebnis durch die Kombination von Komfort, Sicherheit und Technologie.<br \/>\nDieser mit der fortschrittlichen RTM-Technologie hergestellte Sitz ist dank seines Glasfasergeh\u00e4uses 30% leichter als seine Standardmodelle und bietet eine optimale Gewichtsverteilung und Steifigkeit f\u00fcr enge Fahrzeugkabinen.<\/p>\n<p>Die wichtigsten Merkmale sind:<\/p>\n<p>FIA-Homologation 8855-1999: gew\u00e4hrleistet, dass der Sitz die strengen Sicherheitsstandards des Internationalen Automobilverbands erf\u00fcllt.<br \/>\nDesign und Konstruktion: Das ergonomische Design des Sitzes passt sich der Silhouette des Fahrers an und bietet Stabilit\u00e4t und Komfort bei intensiven Rennen. Hohe Seitenteile und eine gut profilierte R\u00fcckenlehne sch\u00fctzen den Fahrer vor seitlichen Bewegungen und bieten gleichzeitig eine ungehinderte Bewegungsfreiheit.<\/p>\n<p>-Material: Der Stuhl ist aus den besten Materialien gefertigt, die f\u00fcr ihre Langlebigkeit und Verschlei\u00dffestigkeit bekannt sind. Die Polsterung ist bemerkenswert widerstandsf\u00e4hig, schmutzabweisend und leicht zu reinigen<\/p>\n<p>-Technische Daten: Der Stuhl kommt mit 5 Gurtdurchf\u00fchrungen, M8 Seitenbefestigungen<\/p>\n<p>-Gewicht: 9,3 kg, ideal f\u00fcr Fahrer mit einem Gewicht von 75-95 kg.<\/p>\n<p>FIA-Homologation 8855-1999<\/p>\n<p>&nbsp;<\/p>\n<p>Kunstlederbez\u00fcge f\u00fcr Autositze sind eine ausgezeichnete Wahl f\u00fcr alle, die Wert auf Eleganz und Stil in ihrem Fahrzeug legen. Es bietet das Aussehen und die Haptik von Naturleder, ist aber umweltfreundlicher. Einer der gr\u00f6\u00dften Vorteile von Kunstleder ist die einfache Reinigung: Flecken und Schmutz k\u00f6nnen mit einem feuchten Tuch abgewischt werden, so dass die Polsterung lange Zeit wie neu aussieht.<\/p>\n<p>&nbsp;<\/p>","protected":false},"excerpt":{"rendered":"<p>De DGP Cobra Pro SKY Seat is exclusief ontworpen voor het professionele rally- en racecircuit en verbetert de rijervaring door comfort, veiligheid en technologie te combineren. Deze stoel is gebouwd met behulp van de geavanceerde RTM-technologie en is 30% lichter dan zijn standaard tegenhangers dankzij de glasvezelbehuizing, wat zorgt voor een optimale gewichtsverdeling en stijfheid [&hellip;]<\/p>\n","protected":false},"featured_media":95896,"template":"","meta":{"_acf_changed":false},"product_brand":[],"product_cat":[4176,2605],"product_tag":[],"class_list":{"0":"post-82087","1":"product","2":"type-product","3":"status-publish","4":"has-post-thumbnail","6":"product_cat-dgp-stoelen-fia","7":"product_cat-stoelen","8":"product_shipping_class-4018","10":"first","11":"instock","12":"taxable","13":"shipping-taxable","14":"purchasable","15":"product-type-simple"},"acf":[],"yoast_head":"<!-- This site is optimized with the Yoast SEO plugin v27.1.1 - https:\/\/yoast.com\/product\/yoast-seo-wordpress\/ -->\n<title>DGP Cobra Pro Fia Stoel SKY - Hoogstra Autosport<\/title>\n<meta name=\"robots\" content=\"index, follow, max-snippet:-1, max-image-preview:large, max-video-preview:-1\" \/>\n<link rel=\"canonical\" href=\"https:\/\/www.hoogstra-autosport.nl\/de\/produkt\/dgp-cobra-pro-fia-stoel-sky\/\" \/>\n<meta property=\"og:locale\" content=\"de_DE\" \/>\n<meta property=\"og:type\" content=\"article\" \/>\n<meta property=\"og:title\" content=\"DGP Cobra Pro Fia Stoel SKY - Hoogstra Autosport\" \/>\n<meta property=\"og:description\" content=\"De DGP Cobra Pro SKY Seat is exclusief ontworpen voor het professionele rally- en racecircuit en verbetert de rijervaring door comfort, veiligheid en technologie te combineren. Deze stoel is gebouwd met behulp van de geavanceerde RTM-technologie en is 30% lichter dan zijn standaard tegenhangers dankzij de glasvezelbehuizing, wat zorgt voor een optimale gewichtsverdeling en stijfheid [&hellip;]\" \/>\n<meta property=\"og:url\" content=\"https:\/\/www.hoogstra-autosport.nl\/de\/produkt\/dgp-cobra-pro-fia-stoel-sky\/\" \/>\n<meta property=\"og:site_name\" content=\"Hoogstra Autosport\" \/>\n<meta property=\"article:modified_time\" content=\"2025-12-24T10:13:47+00:00\" \/>\n<meta property=\"og:image\" content=\"https:\/\/www.hoogstra-autosport.nl\/teamkoen\/wp-content\/uploads\/2025\/03\/Untitled-Project-2025-12-24T111102.043-1.jpg\" \/>\n\t<meta property=\"og:image:width\" content=\"1080\" \/>\n\t<meta property=\"og:image:height\" content=\"1080\" \/>\n\t<meta property=\"og:image:type\" content=\"image\/jpeg\" \/>\n<meta name=\"twitter:card\" content=\"summary_large_image\" \/>\n<meta name=\"twitter:label1\" content=\"Gesch\u00e4tzte Lesezeit\" \/>\n\t<meta name=\"twitter:data1\" content=\"2\u00a0Minuten\" \/>\n<script type=\"application\/ld+json\" class=\"yoast-schema-graph\">{\"@context\":\"https:\/\/schema.org\",\"@graph\":[{\"@type\":\"WebPage\",\"@id\":\"https:\/\/www.hoogstra-autosport.nl\/product\/dgp-cobra-pro-fia-stoel-sky\/\",\"url\":\"https:\/\/www.hoogstra-autosport.nl\/product\/dgp-cobra-pro-fia-stoel-sky\/\",\"name\":\"DGP Cobra Pro Fia Stoel SKY - Hoogstra Autosport\",\"isPartOf\":{\"@id\":\"https:\/\/www.hoogstra-autosport.nl\/#website\"},\"primaryImageOfPage\":{\"@id\":\"https:\/\/www.hoogstra-autosport.nl\/product\/dgp-cobra-pro-fia-stoel-sky\/#primaryimage\"},\"image\":{\"@id\":\"https:\/\/www.hoogstra-autosport.nl\/product\/dgp-cobra-pro-fia-stoel-sky\/#primaryimage\"},\"thumbnailUrl\":\"https:\/\/www.hoogstra-autosport.nl\/teamkoen\/wp-content\/uploads\/2025\/03\/Untitled-Project-2025-12-24T111102.043-1.jpg\",\"datePublished\":\"2025-03-06T10:39:35+00:00\",\"dateModified\":\"2025-12-24T10:13:47+00:00\",\"breadcrumb\":{\"@id\":\"https:\/\/www.hoogstra-autosport.nl\/product\/dgp-cobra-pro-fia-stoel-sky\/#breadcrumb\"},\"inLanguage\":\"de\",\"potentialAction\":[{\"@type\":\"ReadAction\",\"target\":[\"https:\/\/www.hoogstra-autosport.nl\/product\/dgp-cobra-pro-fia-stoel-sky\/\"]}]},{\"@type\":\"ImageObject\",\"inLanguage\":\"de\",\"@id\":\"https:\/\/www.hoogstra-autosport.nl\/product\/dgp-cobra-pro-fia-stoel-sky\/#primaryimage\",\"url\":\"https:\/\/www.hoogstra-autosport.nl\/teamkoen\/wp-content\/uploads\/2025\/03\/Untitled-Project-2025-12-24T111102.043-1.jpg\",\"contentUrl\":\"https:\/\/www.hoogstra-autosport.nl\/teamkoen\/wp-content\/uploads\/2025\/03\/Untitled-Project-2025-12-24T111102.043-1.jpg\",\"width\":1080,\"height\":1080},{\"@type\":\"BreadcrumbList\",\"@id\":\"https:\/\/www.hoogstra-autosport.nl\/product\/dgp-cobra-pro-fia-stoel-sky\/#breadcrumb\",\"itemListElement\":[{\"@type\":\"ListItem\",\"position\":1,\"name\":\"Home\",\"item\":\"https:\/\/www.hoogstra-autosport.nl\/\"},{\"@type\":\"ListItem\",\"position\":2,\"name\":\"Interieur\",\"item\":\"https:\/\/www.hoogstra-autosport.nl\/product-categorie\/remmen-brandstof-tanken\/\"},{\"@type\":\"ListItem\",\"position\":3,\"name\":\"Stoelen\",\"item\":\"https:\/\/www.hoogstra-autosport.nl\/product-categorie\/remmen-brandstof-tanken\/stoelen\/\"},{\"@type\":\"ListItem\",\"position\":4,\"name\":\"DGP Cobra Pro Fia Stoel SKY\"}]},{\"@type\":\"WebSite\",\"@id\":\"https:\/\/www.hoogstra-autosport.nl\/#website\",\"url\":\"https:\/\/www.hoogstra-autosport.nl\/\",\"name\":\"Hoogstra Autosport\",\"description\":\"Performance Autosport Parts!\",\"potentialAction\":[{\"@type\":\"SearchAction\",\"target\":{\"@type\":\"EntryPoint\",\"urlTemplate\":\"https:\/\/www.hoogstra-autosport.nl\/?s={search_term_string}\"},\"query-input\":{\"@type\":\"PropertyValueSpecification\",\"valueRequired\":true,\"valueName\":\"search_term_string\"}}],\"inLanguage\":\"de\"}]}<\/script>\n<!-- \/ Yoast SEO plugin. -->","yoast_head_json":{"title":"DGP Cobra Pro Fia Stoel SKY - Hoogstra Autosport","robots":{"index":"index","follow":"follow","max-snippet":"max-snippet:-1","max-image-preview":"max-image-preview:large","max-video-preview":"max-video-preview:-1"},"canonical":"https:\/\/www.hoogstra-autosport.nl\/de\/produkt\/dgp-cobra-pro-fia-stoel-sky\/","og_locale":"de_DE","og_type":"article","og_title":"DGP Cobra Pro Fia Stoel SKY - Hoogstra Autosport","og_description":"De DGP Cobra Pro SKY Seat is exclusief ontworpen voor het professionele rally- en racecircuit en verbetert de rijervaring door comfort, veiligheid en technologie te combineren. Deze stoel is gebouwd met behulp van de geavanceerde RTM-technologie en is 30% lichter dan zijn standaard tegenhangers dankzij de glasvezelbehuizing, wat zorgt voor een optimale gewichtsverdeling en stijfheid [&hellip;]","og_url":"https:\/\/www.hoogstra-autosport.nl\/de\/produkt\/dgp-cobra-pro-fia-stoel-sky\/","og_site_name":"Hoogstra Autosport","article_modified_time":"2025-12-24T10:13:47+00:00","og_image":[{"width":1080,"height":1080,"url":"https:\/\/www.hoogstra-autosport.nl\/teamkoen\/wp-content\/uploads\/2025\/03\/Untitled-Project-2025-12-24T111102.043-1.jpg","type":"image\/jpeg"}],"twitter_card":"summary_large_image","twitter_misc":{"Gesch\u00e4tzte Lesezeit":"2\u00a0Minuten"},"schema":{"@context":"https:\/\/schema.org","@graph":[{"@type":"WebPage","@id":"https:\/\/www.hoogstra-autosport.nl\/product\/dgp-cobra-pro-fia-stoel-sky\/","url":"https:\/\/www.hoogstra-autosport.nl\/product\/dgp-cobra-pro-fia-stoel-sky\/","name":"DGP Cobra Pro Fia Stoel SKY - Hoogstra Autosport","isPartOf":{"@id":"https:\/\/www.hoogstra-autosport.nl\/#website"},"primaryImageOfPage":{"@id":"https:\/\/www.hoogstra-autosport.nl\/product\/dgp-cobra-pro-fia-stoel-sky\/#primaryimage"},"image":{"@id":"https:\/\/www.hoogstra-autosport.nl\/product\/dgp-cobra-pro-fia-stoel-sky\/#primaryimage"},"thumbnailUrl":"https:\/\/www.hoogstra-autosport.nl\/teamkoen\/wp-content\/uploads\/2025\/03\/Untitled-Project-2025-12-24T111102.043-1.jpg","datePublished":"2025-03-06T10:39:35+00:00","dateModified":"2025-12-24T10:13:47+00:00","breadcrumb":{"@id":"https:\/\/www.hoogstra-autosport.nl\/product\/dgp-cobra-pro-fia-stoel-sky\/#breadcrumb"},"inLanguage":"de","potentialAction":[{"@type":"ReadAction","target":["https:\/\/www.hoogstra-autosport.nl\/product\/dgp-cobra-pro-fia-stoel-sky\/"]}]},{"@type":"ImageObject","inLanguage":"de","@id":"https:\/\/www.hoogstra-autosport.nl\/product\/dgp-cobra-pro-fia-stoel-sky\/#primaryimage","url":"https:\/\/www.hoogstra-autosport.nl\/teamkoen\/wp-content\/uploads\/2025\/03\/Untitled-Project-2025-12-24T111102.043-1.jpg","contentUrl":"https:\/\/www.hoogstra-autosport.nl\/teamkoen\/wp-content\/uploads\/2025\/03\/Untitled-Project-2025-12-24T111102.043-1.jpg","width":1080,"height":1080},{"@type":"BreadcrumbList","@id":"https:\/\/www.hoogstra-autosport.nl\/product\/dgp-cobra-pro-fia-stoel-sky\/#breadcrumb","itemListElement":[{"@type":"ListItem","position":1,"name":"Home","item":"https:\/\/www.hoogstra-autosport.nl\/"},{"@type":"ListItem","position":2,"name":"Interieur","item":"https:\/\/www.hoogstra-autosport.nl\/product-categorie\/remmen-brandstof-tanken\/"},{"@type":"ListItem","position":3,"name":"Stoelen","item":"https:\/\/www.hoogstra-autosport.nl\/product-categorie\/remmen-brandstof-tanken\/stoelen\/"},{"@type":"ListItem","position":4,"name":"DGP Cobra Pro Fia Stoel SKY"}]},{"@type":"WebSite","@id":"https:\/\/www.hoogstra-autosport.nl\/#website","url":"https:\/\/www.hoogstra-autosport.nl\/","name":"Hoogstra Autosport","description":"Performance Autosport Parts!","potentialAction":[{"@type":"SearchAction","target":{"@type":"EntryPoint","urlTemplate":"https:\/\/www.hoogstra-autosport.nl\/?s={search_term_string}"},"query-input":{"@type":"PropertyValueSpecification","valueRequired":true,"valueName":"search_term_string"}}],"inLanguage":"de"}]}},"tiered_pricing_type":"fixed","tiered_pricing_fixed_rules":[],"tiered_pricing_product_settings":{"layout":"default","base_unit_name":{"singular":null,"plural":null},"default_variation":null},"tiered_pricing_minimum_quantity":null,"tiered_pricing_roles_data":[],"tiered_pricing_percentage_rules":[],"tiered_pricing_maximum_quantity":null,"tiered_pricing_quantity_step":null,"_links":{"self":[{"href":"https:\/\/www.hoogstra-autosport.nl\/de\/wp-json\/wp\/v2\/product\/82087","targetHints":{"allow":["GET"]}}],"collection":[{"href":"https:\/\/www.hoogstra-autosport.nl\/de\/wp-json\/wp\/v2\/product"}],"about":[{"href":"https:\/\/www.hoogstra-autosport.nl\/de\/wp-json\/wp\/v2\/types\/product"}],"wp:featuredmedia":[{"embeddable":true,"href":"https:\/\/www.hoogstra-autosport.nl\/de\/wp-json\/wp\/v2\/media\/95896"}],"wp:attachment":[{"href":"https:\/\/www.hoogstra-autosport.nl\/de\/wp-json\/wp\/v2\/media?parent=82087"}],"wp:term":[{"taxonomy":"product_brand","embeddable":true,"href":"https:\/\/www.hoogstra-autosport.nl\/de\/wp-json\/wp\/v2\/product_brand?post=82087"},{"taxonomy":"product_cat","embeddable":true,"href":"https:\/\/www.hoogstra-autosport.nl\/de\/wp-json\/wp\/v2\/product_cat?post=82087"},{"taxonomy":"product_tag","embeddable":true,"href":"https:\/\/www.hoogstra-autosport.nl\/de\/wp-json\/wp\/v2\/product_tag?post=82087"}],"curies":[{"name":"wp","href":"https:\/\/api.w.org\/{rel}","templated":true}]}}