{"id":8205,"date":"2015-02-01T11:39:43","date_gmt":"2015-02-01T11:39:43","guid":{"rendered":"http:\/\/hoogstra-autosport.nl\/?product=crm-fedima-14-inch-4-rij"},"modified":"2025-04-11T09:43:18","modified_gmt":"2025-04-11T07:43:18","slug":"crm-fedima-14-inch-4-rij","status":"publish","type":"product","link":"https:\/\/www.hoogstra-autosport.nl\/de\/produkt\/crm-fedima-14-inch-4-rij\/","title":{"rendered":"CRM Fedima 14-Zoll 4-reihig"},"content":{"rendered":"<p>Die einzige Nachahmung der echten iemler-Band<\/p>\n<p>Gute Stollen also guter Grip, einige Testfahrer sind vor Ihnen gegangen.<\/p>\n<p>erh\u00e4ltlich in 4 Reihen in den folgenden Gr\u00f6\u00dfen<\/p>\n<p>165\/50\/14 ist 56 hoch 175 Umfang<\/p>\n<p>165\/60\/14 ist 59 hoch 185 Umfang<\/p>\n<p>175\/60\/14 ist 60 hoch 188 Umfang<\/p>\n<p>185\/60\/14 ist 61 hoch 192 Umfang<\/p>\n<p>175\/65\/14 ist 62,5 hoch 196 Umfang<\/p>\n<p>185\/65\/14 ist 63 hoch 198 Umfang<\/p>","protected":false},"excerpt":{"rendered":"<p>De enige echte namaak van de echte iemler band Goede nop dus goede grip, er zijn al enkele testrijders u voor gegaan. in\u00a04 rijer te verkrijgen in volgende maten 165\/50\/14\u00a0\u00a0is 56 hoog 175 omtrek 165\/60\/14 is\u00a059 hoog 185 omtrek 175\/60\/14 is\u00a060 hoog\u00a0188 omtrek 185\/60\/14 is 61 hoog\u00a0 192 omtrek 175\/65\/14 is 62,5 hoog 196 omtrek [&hellip;]<\/p>\n","protected":false},"featured_media":83972,"template":"","meta":{"_acf_changed":false},"product_brand":[],"product_cat":[2768],"product_tag":[],"class_list":{"0":"post-8205","1":"product","2":"type-product","3":"status-publish","4":"has-post-thumbnail","6":"product_cat-4-rij-crm-fedima-custom-made","7":"product_shipping_class-4017","9":"first","10":"instock","11":"taxable","12":"shipping-taxable","13":"purchasable","14":"product-type-variable"},"acf":[],"yoast_head":"<!-- This site is optimized with the Yoast SEO plugin v27.1.1 - https:\/\/yoast.com\/product\/yoast-seo-wordpress\/ -->\n<title>CRM Fedima 14 inch 4 rij - Hoogstra Autosport<\/title>\n<meta name=\"description\" content=\"CRM profiel blauwe iemler bultink iemler\" \/>\n<meta name=\"robots\" content=\"index, follow, max-snippet:-1, max-image-preview:large, max-video-preview:-1\" \/>\n<link rel=\"canonical\" href=\"https:\/\/www.hoogstra-autosport.nl\/de\/produkt\/crm-fedima-14-inch-4-rij\/\" \/>\n<meta property=\"og:locale\" content=\"de_DE\" \/>\n<meta property=\"og:type\" content=\"article\" \/>\n<meta property=\"og:title\" content=\"CRM Fedima 14 inch 4 rij - Hoogstra Autosport\" \/>\n<meta property=\"og:description\" content=\"CRM profiel blauwe iemler bultink iemler\" \/>\n<meta property=\"og:url\" content=\"https:\/\/www.hoogstra-autosport.nl\/de\/produkt\/crm-fedima-14-inch-4-rij\/\" \/>\n<meta property=\"og:site_name\" content=\"Hoogstra Autosport\" \/>\n<meta property=\"article:modified_time\" content=\"2025-04-11T07:43:18+00:00\" \/>\n<meta property=\"og:image\" content=\"https:\/\/www.hoogstra-autosport.nl\/teamkoen\/content\/uploads\/2015\/02\/fedima_4ops_foto1-1.jpg\" \/>\n\t<meta property=\"og:image:width\" content=\"1870\" \/>\n\t<meta property=\"og:image:height\" content=\"1870\" \/>\n\t<meta property=\"og:image:type\" content=\"image\/jpeg\" \/>\n<meta name=\"twitter:card\" content=\"summary_large_image\" \/>\n<meta name=\"twitter:label1\" content=\"Gesch\u00e4tzte Lesezeit\" \/>\n\t<meta name=\"twitter:data1\" content=\"1\u00a0Minute\" \/>\n<script type=\"application\/ld+json\" class=\"yoast-schema-graph\">{\"@context\":\"https:\/\/schema.org\",\"@graph\":[{\"@type\":\"WebPage\",\"@id\":\"https:\/\/www.hoogstra-autosport.nl\/product\/crm-fedima-14-inch-4-rij\/\",\"url\":\"https:\/\/www.hoogstra-autosport.nl\/product\/crm-fedima-14-inch-4-rij\/\",\"name\":\"CRM Fedima 14 inch 4 rij - Hoogstra Autosport\",\"isPartOf\":{\"@id\":\"https:\/\/www.hoogstra-autosport.nl\/#website\"},\"primaryImageOfPage\":{\"@id\":\"https:\/\/www.hoogstra-autosport.nl\/product\/crm-fedima-14-inch-4-rij\/#primaryimage\"},\"image\":{\"@id\":\"https:\/\/www.hoogstra-autosport.nl\/product\/crm-fedima-14-inch-4-rij\/#primaryimage\"},\"thumbnailUrl\":\"https:\/\/www.hoogstra-autosport.nl\/teamkoen\/wp-content\/uploads\/2015\/02\/fedima_4ops_foto1-1.jpg\",\"datePublished\":\"2015-02-01T11:39:43+00:00\",\"dateModified\":\"2025-04-11T07:43:18+00:00\",\"description\":\"CRM profiel blauwe iemler bultink iemler\",\"breadcrumb\":{\"@id\":\"https:\/\/www.hoogstra-autosport.nl\/product\/crm-fedima-14-inch-4-rij\/#breadcrumb\"},\"inLanguage\":\"de\",\"potentialAction\":[{\"@type\":\"ReadAction\",\"target\":[\"https:\/\/www.hoogstra-autosport.nl\/product\/crm-fedima-14-inch-4-rij\/\"]}]},{\"@type\":\"ImageObject\",\"inLanguage\":\"de\",\"@id\":\"https:\/\/www.hoogstra-autosport.nl\/product\/crm-fedima-14-inch-4-rij\/#primaryimage\",\"url\":\"https:\/\/www.hoogstra-autosport.nl\/teamkoen\/wp-content\/uploads\/2015\/02\/fedima_4ops_foto1-1.jpg\",\"contentUrl\":\"https:\/\/www.hoogstra-autosport.nl\/teamkoen\/wp-content\/uploads\/2015\/02\/fedima_4ops_foto1-1.jpg\",\"width\":1870,\"height\":1870},{\"@type\":\"BreadcrumbList\",\"@id\":\"https:\/\/www.hoogstra-autosport.nl\/product\/crm-fedima-14-inch-4-rij\/#breadcrumb\",\"itemListElement\":[{\"@type\":\"ListItem\",\"position\":1,\"name\":\"Home\",\"item\":\"https:\/\/www.hoogstra-autosport.nl\/\"},{\"@type\":\"ListItem\",\"position\":2,\"name\":\"Banden &amp; Velgen\",\"item\":\"https:\/\/www.hoogstra-autosport.nl\/product-categorie\/autocrossbanden-en-velgen\/\"},{\"@type\":\"ListItem\",\"position\":3,\"name\":\"Autocross Banden\",\"item\":\"https:\/\/www.hoogstra-autosport.nl\/product-categorie\/autocrossbanden-en-velgen\/autocross-banden\/\"},{\"@type\":\"ListItem\",\"position\":4,\"name\":\"FEDIMA CRM Noppen\",\"item\":\"https:\/\/www.hoogstra-autosport.nl\/product-categorie\/autocrossbanden-en-velgen\/autocross-banden\/crm-fedima\/\"},{\"@type\":\"ListItem\",\"position\":5,\"name\":\"4 rij CRM FEDIMA Custom Made\",\"item\":\"https:\/\/www.hoogstra-autosport.nl\/product-categorie\/autocrossbanden-en-velgen\/autocross-banden\/crm-fedima\/4-rij-crm-fedima-custom-made\/\"},{\"@type\":\"ListItem\",\"position\":6,\"name\":\"CRM Fedima 14 inch 4 rij\"}]},{\"@type\":\"WebSite\",\"@id\":\"https:\/\/www.hoogstra-autosport.nl\/#website\",\"url\":\"https:\/\/www.hoogstra-autosport.nl\/\",\"name\":\"Hoogstra Autosport\",\"description\":\"Performance Autosport Parts!\",\"potentialAction\":[{\"@type\":\"SearchAction\",\"target\":{\"@type\":\"EntryPoint\",\"urlTemplate\":\"https:\/\/www.hoogstra-autosport.nl\/?s={search_term_string}\"},\"query-input\":{\"@type\":\"PropertyValueSpecification\",\"valueRequired\":true,\"valueName\":\"search_term_string\"}}],\"inLanguage\":\"de\"}]}<\/script>\n<!-- \/ Yoast SEO plugin. -->","yoast_head_json":{"title":"CRM Fedima 14 inch 4 rij - Hoogstra Autosport","description":"CRM profiel blauwe iemler bultink iemler","robots":{"index":"index","follow":"follow","max-snippet":"max-snippet:-1","max-image-preview":"max-image-preview:large","max-video-preview":"max-video-preview:-1"},"canonical":"https:\/\/www.hoogstra-autosport.nl\/de\/produkt\/crm-fedima-14-inch-4-rij\/","og_locale":"de_DE","og_type":"article","og_title":"CRM Fedima 14 inch 4 rij - Hoogstra Autosport","og_description":"CRM profiel blauwe iemler bultink iemler","og_url":"https:\/\/www.hoogstra-autosport.nl\/de\/produkt\/crm-fedima-14-inch-4-rij\/","og_site_name":"Hoogstra Autosport","article_modified_time":"2025-04-11T07:43:18+00:00","og_image":[{"width":1870,"height":1870,"url":"https:\/\/www.hoogstra-autosport.nl\/teamkoen\/content\/uploads\/2015\/02\/fedima_4ops_foto1-1.jpg","type":"image\/jpeg"}],"twitter_card":"summary_large_image","twitter_misc":{"Gesch\u00e4tzte Lesezeit":"1\u00a0Minute"},"schema":{"@context":"https:\/\/schema.org","@graph":[{"@type":"WebPage","@id":"https:\/\/www.hoogstra-autosport.nl\/product\/crm-fedima-14-inch-4-rij\/","url":"https:\/\/www.hoogstra-autosport.nl\/product\/crm-fedima-14-inch-4-rij\/","name":"CRM Fedima 14 inch 4 rij - Hoogstra Autosport","isPartOf":{"@id":"https:\/\/www.hoogstra-autosport.nl\/#website"},"primaryImageOfPage":{"@id":"https:\/\/www.hoogstra-autosport.nl\/product\/crm-fedima-14-inch-4-rij\/#primaryimage"},"image":{"@id":"https:\/\/www.hoogstra-autosport.nl\/product\/crm-fedima-14-inch-4-rij\/#primaryimage"},"thumbnailUrl":"https:\/\/www.hoogstra-autosport.nl\/teamkoen\/wp-content\/uploads\/2015\/02\/fedima_4ops_foto1-1.jpg","datePublished":"2015-02-01T11:39:43+00:00","dateModified":"2025-04-11T07:43:18+00:00","description":"CRM profiel blauwe iemler bultink iemler","breadcrumb":{"@id":"https:\/\/www.hoogstra-autosport.nl\/product\/crm-fedima-14-inch-4-rij\/#breadcrumb"},"inLanguage":"de","potentialAction":[{"@type":"ReadAction","target":["https:\/\/www.hoogstra-autosport.nl\/product\/crm-fedima-14-inch-4-rij\/"]}]},{"@type":"ImageObject","inLanguage":"de","@id":"https:\/\/www.hoogstra-autosport.nl\/product\/crm-fedima-14-inch-4-rij\/#primaryimage","url":"https:\/\/www.hoogstra-autosport.nl\/teamkoen\/wp-content\/uploads\/2015\/02\/fedima_4ops_foto1-1.jpg","contentUrl":"https:\/\/www.hoogstra-autosport.nl\/teamkoen\/wp-content\/uploads\/2015\/02\/fedima_4ops_foto1-1.jpg","width":1870,"height":1870},{"@type":"BreadcrumbList","@id":"https:\/\/www.hoogstra-autosport.nl\/product\/crm-fedima-14-inch-4-rij\/#breadcrumb","itemListElement":[{"@type":"ListItem","position":1,"name":"Home","item":"https:\/\/www.hoogstra-autosport.nl\/"},{"@type":"ListItem","position":2,"name":"Banden &amp; Velgen","item":"https:\/\/www.hoogstra-autosport.nl\/product-categorie\/autocrossbanden-en-velgen\/"},{"@type":"ListItem","position":3,"name":"Autocross Banden","item":"https:\/\/www.hoogstra-autosport.nl\/product-categorie\/autocrossbanden-en-velgen\/autocross-banden\/"},{"@type":"ListItem","position":4,"name":"FEDIMA CRM Noppen","item":"https:\/\/www.hoogstra-autosport.nl\/product-categorie\/autocrossbanden-en-velgen\/autocross-banden\/crm-fedima\/"},{"@type":"ListItem","position":5,"name":"4 rij CRM FEDIMA Custom Made","item":"https:\/\/www.hoogstra-autosport.nl\/product-categorie\/autocrossbanden-en-velgen\/autocross-banden\/crm-fedima\/4-rij-crm-fedima-custom-made\/"},{"@type":"ListItem","position":6,"name":"CRM Fedima 14 inch 4 rij"}]},{"@type":"WebSite","@id":"https:\/\/www.hoogstra-autosport.nl\/#website","url":"https:\/\/www.hoogstra-autosport.nl\/","name":"Hoogstra Autosport","description":"Performance Autosport Parts!","potentialAction":[{"@type":"SearchAction","target":{"@type":"EntryPoint","urlTemplate":"https:\/\/www.hoogstra-autosport.nl\/?s={search_term_string}"},"query-input":{"@type":"PropertyValueSpecification","valueRequired":true,"valueName":"search_term_string"}}],"inLanguage":"de"}]}},"tiered_pricing_type":"fixed","tiered_pricing_fixed_rules":[],"tiered_pricing_product_settings":{"layout":"default","base_unit_name":{"singular":null,"plural":null},"default_variation":null},"tiered_pricing_minimum_quantity":null,"tiered_pricing_roles_data":[],"tiered_pricing_percentage_rules":[],"tiered_pricing_maximum_quantity":null,"tiered_pricing_quantity_step":null,"_links":{"self":[{"href":"https:\/\/www.hoogstra-autosport.nl\/de\/wp-json\/wp\/v2\/product\/8205","targetHints":{"allow":["GET"]}}],"collection":[{"href":"https:\/\/www.hoogstra-autosport.nl\/de\/wp-json\/wp\/v2\/product"}],"about":[{"href":"https:\/\/www.hoogstra-autosport.nl\/de\/wp-json\/wp\/v2\/types\/product"}],"wp:featuredmedia":[{"embeddable":true,"href":"https:\/\/www.hoogstra-autosport.nl\/de\/wp-json\/wp\/v2\/media\/83972"}],"wp:attachment":[{"href":"https:\/\/www.hoogstra-autosport.nl\/de\/wp-json\/wp\/v2\/media?parent=8205"}],"wp:term":[{"taxonomy":"product_brand","embeddable":true,"href":"https:\/\/www.hoogstra-autosport.nl\/de\/wp-json\/wp\/v2\/product_brand?post=8205"},{"taxonomy":"product_cat","embeddable":true,"href":"https:\/\/www.hoogstra-autosport.nl\/de\/wp-json\/wp\/v2\/product_cat?post=8205"},{"taxonomy":"product_tag","embeddable":true,"href":"https:\/\/www.hoogstra-autosport.nl\/de\/wp-json\/wp\/v2\/product_tag?post=8205"}],"curies":[{"name":"wp","href":"https:\/\/api.w.org\/{rel}","templated":true}]}}