{"id":81808,"date":"2025-03-03T14:05:31","date_gmt":"2025-03-03T13:05:31","guid":{"rendered":"https:\/\/www.hoogstra-autosport.nl\/?post_type=product&#038;p=81808"},"modified":"2025-11-17T14:09:49","modified_gmt":"2025-11-17T13:09:49","slug":"fedima-f4-rally-rood-95-60-15","status":"publish","type":"product","link":"https:\/\/www.hoogstra-autosport.nl\/de\/produkt\/fedima-f4-rally-rood-95-60-15\/","title":{"rendered":"Fedima F4 Rally Rood SUPERSOFT 195-60-15"},"content":{"rendered":"<p>Fedima F4 Rallyband Rot weich<\/p>\n<p>Extra verst\u00e4rkte Karkasse !<\/p>\n<p>Erh\u00e4ltlich in Gr\u00fcn, Gelb, Rot und Premium<\/p>\n<p>Gr\u00fcn = Hard Compound F\u00fcr Hartpl\u00e4tze mit Steinschotter und Europameisterschaften und Ralley<br \/>\nGelb = Medium Compound, gut geeignet f\u00fcr Strecken wie Kollum, Kerkdriel, Sint Lenaarts und andere<br \/>\nRot = Weiches Compound, gut geeignet f\u00fcr Strecken wie Osnabr\u00fcck, Terwolde, Lopik und andere<br \/>\nPremium = ist eine harte Mischung, die nach 800 Metern klebrig wird, da der Reifen erst erhitzt werden muss. ( Rallye und ek's)<\/p>\n<p>&nbsp;<\/p>\n<p>Fedima F4 ist in den folgenden Gr\u00f6\u00dfen erh\u00e4ltlich:<\/p>\n<p>155\/70\/13 = 178 Umfang 14,5 Profil<br \/>\n175\/70\/13 = 187 Umfang 15,5 Profil<br \/>\n165\/70\/14 = 190 Umfang 15 Lauffl\u00e4che<br \/>\n185\/60\/14 = 187 Umfang 16,5 Profil<br \/>\n185\/70\/14 = 202 Umfang 16,5 Profil<br \/>\n175\/65\/15 = 196 Umfang 15,5 Profil<br \/>\n185\/65\/15 = 200 Umfang 17 Lauffl\u00e4che<br \/>\n195\/50\/15 = 183 Umfang 18,5 Profil<br \/>\n195\/60\/15 = 200 Umfang 18 Lauffl\u00e4che<br \/>\n195\/65\/15 = 203 Umfang 18 Lauffl\u00e4che<br \/>\n205\/60\/15= 200 Umfang 18 Lauffl\u00e4che<br \/>\n205\/70\/15 = 215 Umfang 18 Lauffl\u00e4che<br \/>\n215\/65\/15= 208 Umfang 18 Lauffl\u00e4che<br \/>\n20\/68\/15 = 221 Umfang 20 Lauffl\u00e4che<br \/>\n18\/66\/15 = 210 Umfang 19,5 Lauffl\u00e4che<br \/>\n205\/50\/16 = 200 Umfang 18 Lauffl\u00e4che<\/p>","protected":false},"excerpt":{"rendered":"<p>Fedima F4 Rallyband Rood soft Extra versterkte karkas ! Verkrijgbaar in Groen, Geel, Rood en Premium Groen = Harde Compound Voor harde baan met stenen gravel\u00a0en EK\u00b4s en Ralley Geel = Medium Compound goed voor banen als o.a. Kollum\u00a0, Kerkdriel , Sint Lenaarts Rood = Soft Compound\u00a0 goed voor banen als o.a. Osnabruck, Terwolde , [&hellip;]<\/p>\n","protected":false},"featured_media":5335,"template":"","meta":{"_acf_changed":false},"product_brand":[],"product_cat":[2685,3915],"product_tag":[],"class_list":{"0":"post-81808","1":"product","2":"type-product","3":"status-publish","4":"has-post-thumbnail","6":"product_cat-fedima-f4-rally-competition","7":"product_cat-fedima-rally-banden","8":"product_shipping_class-4017","10":"first","11":"instock","12":"taxable","13":"shipping-taxable","14":"purchasable","15":"product-type-simple"},"acf":[],"yoast_head":"<!-- This site is optimized with the Yoast SEO plugin v27.1.1 - https:\/\/yoast.com\/product\/yoast-seo-wordpress\/ -->\n<title>Fedima F4 Rally Rood SUPERSOFT 195-60-15 - Hoogstra Autosport<\/title>\n<meta name=\"description\" content=\"Fedima, banden\" \/>\n<meta name=\"robots\" content=\"index, follow, max-snippet:-1, max-image-preview:large, max-video-preview:-1\" \/>\n<link rel=\"canonical\" href=\"https:\/\/www.hoogstra-autosport.nl\/de\/produkt\/fedima-f4-rally-rood-95-60-15\/\" \/>\n<meta property=\"og:locale\" content=\"de_DE\" \/>\n<meta property=\"og:type\" content=\"article\" \/>\n<meta property=\"og:title\" content=\"Fedima F4 Rally Rood SUPERSOFT 195-60-15 - Hoogstra Autosport\" \/>\n<meta property=\"og:description\" content=\"Fedima, banden\" \/>\n<meta property=\"og:url\" content=\"https:\/\/www.hoogstra-autosport.nl\/de\/produkt\/fedima-f4-rally-rood-95-60-15\/\" \/>\n<meta property=\"og:site_name\" content=\"Hoogstra Autosport\" \/>\n<meta property=\"article:modified_time\" content=\"2025-11-17T13:09:49+00:00\" \/>\n<meta property=\"og:image\" content=\"https:\/\/www.hoogstra-autosport.nl\/teamkoen\/wp-content\/uploads\/catalog\/category\/rasto_web52.png\" \/>\n\t<meta property=\"og:image:width\" content=\"509\" \/>\n\t<meta property=\"og:image:height\" content=\"207\" \/>\n\t<meta property=\"og:image:type\" content=\"image\/png\" \/>\n<meta name=\"twitter:card\" content=\"summary_large_image\" \/>\n<meta name=\"twitter:label1\" content=\"Gesch\u00e4tzte Lesezeit\" \/>\n\t<meta name=\"twitter:data1\" content=\"1\u00a0Minute\" \/>\n<script type=\"application\/ld+json\" class=\"yoast-schema-graph\">{\"@context\":\"https:\/\/schema.org\",\"@graph\":[{\"@type\":\"WebPage\",\"@id\":\"https:\/\/www.hoogstra-autosport.nl\/product\/fedima-f4-rally-rood-95-60-15\/\",\"url\":\"https:\/\/www.hoogstra-autosport.nl\/product\/fedima-f4-rally-rood-95-60-15\/\",\"name\":\"Fedima F4 Rally Rood SUPERSOFT 195-60-15 - Hoogstra Autosport\",\"isPartOf\":{\"@id\":\"https:\/\/www.hoogstra-autosport.nl\/#website\"},\"primaryImageOfPage\":{\"@id\":\"https:\/\/www.hoogstra-autosport.nl\/product\/fedima-f4-rally-rood-95-60-15\/#primaryimage\"},\"image\":{\"@id\":\"https:\/\/www.hoogstra-autosport.nl\/product\/fedima-f4-rally-rood-95-60-15\/#primaryimage\"},\"thumbnailUrl\":\"https:\/\/www.hoogstra-autosport.nl\/teamkoen\/wp-content\/uploads\/catalog\/category\/rasto_web52.png\",\"datePublished\":\"2025-03-03T13:05:31+00:00\",\"dateModified\":\"2025-11-17T13:09:49+00:00\",\"description\":\"Fedima, banden\",\"breadcrumb\":{\"@id\":\"https:\/\/www.hoogstra-autosport.nl\/product\/fedima-f4-rally-rood-95-60-15\/#breadcrumb\"},\"inLanguage\":\"de\",\"potentialAction\":[{\"@type\":\"ReadAction\",\"target\":[\"https:\/\/www.hoogstra-autosport.nl\/product\/fedima-f4-rally-rood-95-60-15\/\"]}]},{\"@type\":\"ImageObject\",\"inLanguage\":\"de\",\"@id\":\"https:\/\/www.hoogstra-autosport.nl\/product\/fedima-f4-rally-rood-95-60-15\/#primaryimage\",\"url\":\"https:\/\/www.hoogstra-autosport.nl\/teamkoen\/wp-content\/uploads\/catalog\/category\/rasto_web52.png\",\"contentUrl\":\"https:\/\/www.hoogstra-autosport.nl\/teamkoen\/wp-content\/uploads\/catalog\/category\/rasto_web52.png\",\"width\":509,\"height\":207},{\"@type\":\"BreadcrumbList\",\"@id\":\"https:\/\/www.hoogstra-autosport.nl\/product\/fedima-f4-rally-rood-95-60-15\/#breadcrumb\",\"itemListElement\":[{\"@type\":\"ListItem\",\"position\":1,\"name\":\"Home\",\"item\":\"https:\/\/www.hoogstra-autosport.nl\/\"},{\"@type\":\"ListItem\",\"position\":2,\"name\":\"Banden &amp; Velgen\",\"item\":\"https:\/\/www.hoogstra-autosport.nl\/product-categorie\/autocrossbanden-en-velgen\/\"},{\"@type\":\"ListItem\",\"position\":3,\"name\":\"Autocross Banden\",\"item\":\"https:\/\/www.hoogstra-autosport.nl\/product-categorie\/autocrossbanden-en-velgen\/autocross-banden\/\"},{\"@type\":\"ListItem\",\"position\":4,\"name\":\"Fedima Banden\",\"item\":\"https:\/\/www.hoogstra-autosport.nl\/product-categorie\/autocrossbanden-en-velgen\/autocross-banden\/fedima-banden\/\"},{\"@type\":\"ListItem\",\"position\":5,\"name\":\"Fedima F4 Rally Competition\",\"item\":\"https:\/\/www.hoogstra-autosport.nl\/product-categorie\/autocrossbanden-en-velgen\/autocross-banden\/fedima-banden\/fedima-f4-rally-competition\/\"},{\"@type\":\"ListItem\",\"position\":6,\"name\":\"Fedima F4 Rally Rood SUPERSOFT 195-60-15\"}]},{\"@type\":\"WebSite\",\"@id\":\"https:\/\/www.hoogstra-autosport.nl\/#website\",\"url\":\"https:\/\/www.hoogstra-autosport.nl\/\",\"name\":\"Hoogstra Autosport\",\"description\":\"Performance Autosport Parts!\",\"potentialAction\":[{\"@type\":\"SearchAction\",\"target\":{\"@type\":\"EntryPoint\",\"urlTemplate\":\"https:\/\/www.hoogstra-autosport.nl\/?s={search_term_string}\"},\"query-input\":{\"@type\":\"PropertyValueSpecification\",\"valueRequired\":true,\"valueName\":\"search_term_string\"}}],\"inLanguage\":\"de\"}]}<\/script>\n<!-- \/ Yoast SEO plugin. -->","yoast_head_json":{"title":"Fedima F4 Rally Rood SUPERSOFT 195-60-15 - Hoogstra Autosport","description":"Fedima, banden","robots":{"index":"index","follow":"follow","max-snippet":"max-snippet:-1","max-image-preview":"max-image-preview:large","max-video-preview":"max-video-preview:-1"},"canonical":"https:\/\/www.hoogstra-autosport.nl\/de\/produkt\/fedima-f4-rally-rood-95-60-15\/","og_locale":"de_DE","og_type":"article","og_title":"Fedima F4 Rally Rood SUPERSOFT 195-60-15 - Hoogstra Autosport","og_description":"Fedima, banden","og_url":"https:\/\/www.hoogstra-autosport.nl\/de\/produkt\/fedima-f4-rally-rood-95-60-15\/","og_site_name":"Hoogstra Autosport","article_modified_time":"2025-11-17T13:09:49+00:00","og_image":[{"width":509,"height":207,"url":"https:\/\/www.hoogstra-autosport.nl\/teamkoen\/wp-content\/uploads\/catalog\/category\/rasto_web52.png","type":"image\/png"}],"twitter_card":"summary_large_image","twitter_misc":{"Gesch\u00e4tzte Lesezeit":"1\u00a0Minute"},"schema":{"@context":"https:\/\/schema.org","@graph":[{"@type":"WebPage","@id":"https:\/\/www.hoogstra-autosport.nl\/product\/fedima-f4-rally-rood-95-60-15\/","url":"https:\/\/www.hoogstra-autosport.nl\/product\/fedima-f4-rally-rood-95-60-15\/","name":"Fedima F4 Rally Rood SUPERSOFT 195-60-15 - Hoogstra Autosport","isPartOf":{"@id":"https:\/\/www.hoogstra-autosport.nl\/#website"},"primaryImageOfPage":{"@id":"https:\/\/www.hoogstra-autosport.nl\/product\/fedima-f4-rally-rood-95-60-15\/#primaryimage"},"image":{"@id":"https:\/\/www.hoogstra-autosport.nl\/product\/fedima-f4-rally-rood-95-60-15\/#primaryimage"},"thumbnailUrl":"https:\/\/www.hoogstra-autosport.nl\/teamkoen\/wp-content\/uploads\/catalog\/category\/rasto_web52.png","datePublished":"2025-03-03T13:05:31+00:00","dateModified":"2025-11-17T13:09:49+00:00","description":"Fedima, banden","breadcrumb":{"@id":"https:\/\/www.hoogstra-autosport.nl\/product\/fedima-f4-rally-rood-95-60-15\/#breadcrumb"},"inLanguage":"de","potentialAction":[{"@type":"ReadAction","target":["https:\/\/www.hoogstra-autosport.nl\/product\/fedima-f4-rally-rood-95-60-15\/"]}]},{"@type":"ImageObject","inLanguage":"de","@id":"https:\/\/www.hoogstra-autosport.nl\/product\/fedima-f4-rally-rood-95-60-15\/#primaryimage","url":"https:\/\/www.hoogstra-autosport.nl\/teamkoen\/wp-content\/uploads\/catalog\/category\/rasto_web52.png","contentUrl":"https:\/\/www.hoogstra-autosport.nl\/teamkoen\/wp-content\/uploads\/catalog\/category\/rasto_web52.png","width":509,"height":207},{"@type":"BreadcrumbList","@id":"https:\/\/www.hoogstra-autosport.nl\/product\/fedima-f4-rally-rood-95-60-15\/#breadcrumb","itemListElement":[{"@type":"ListItem","position":1,"name":"Home","item":"https:\/\/www.hoogstra-autosport.nl\/"},{"@type":"ListItem","position":2,"name":"Banden &amp; Velgen","item":"https:\/\/www.hoogstra-autosport.nl\/product-categorie\/autocrossbanden-en-velgen\/"},{"@type":"ListItem","position":3,"name":"Autocross Banden","item":"https:\/\/www.hoogstra-autosport.nl\/product-categorie\/autocrossbanden-en-velgen\/autocross-banden\/"},{"@type":"ListItem","position":4,"name":"Fedima Banden","item":"https:\/\/www.hoogstra-autosport.nl\/product-categorie\/autocrossbanden-en-velgen\/autocross-banden\/fedima-banden\/"},{"@type":"ListItem","position":5,"name":"Fedima F4 Rally Competition","item":"https:\/\/www.hoogstra-autosport.nl\/product-categorie\/autocrossbanden-en-velgen\/autocross-banden\/fedima-banden\/fedima-f4-rally-competition\/"},{"@type":"ListItem","position":6,"name":"Fedima F4 Rally Rood SUPERSOFT 195-60-15"}]},{"@type":"WebSite","@id":"https:\/\/www.hoogstra-autosport.nl\/#website","url":"https:\/\/www.hoogstra-autosport.nl\/","name":"Hoogstra Autosport","description":"Performance Autosport Parts!","potentialAction":[{"@type":"SearchAction","target":{"@type":"EntryPoint","urlTemplate":"https:\/\/www.hoogstra-autosport.nl\/?s={search_term_string}"},"query-input":{"@type":"PropertyValueSpecification","valueRequired":true,"valueName":"search_term_string"}}],"inLanguage":"de"}]}},"tiered_pricing_type":"fixed","tiered_pricing_fixed_rules":[],"tiered_pricing_product_settings":{"layout":"default","base_unit_name":{"singular":null,"plural":null},"default_variation":null},"tiered_pricing_minimum_quantity":null,"tiered_pricing_roles_data":[],"tiered_pricing_percentage_rules":[],"tiered_pricing_maximum_quantity":null,"tiered_pricing_quantity_step":null,"_links":{"self":[{"href":"https:\/\/www.hoogstra-autosport.nl\/de\/wp-json\/wp\/v2\/product\/81808","targetHints":{"allow":["GET"]}}],"collection":[{"href":"https:\/\/www.hoogstra-autosport.nl\/de\/wp-json\/wp\/v2\/product"}],"about":[{"href":"https:\/\/www.hoogstra-autosport.nl\/de\/wp-json\/wp\/v2\/types\/product"}],"wp:featuredmedia":[{"embeddable":true,"href":"https:\/\/www.hoogstra-autosport.nl\/de\/wp-json\/wp\/v2\/media\/5335"}],"wp:attachment":[{"href":"https:\/\/www.hoogstra-autosport.nl\/de\/wp-json\/wp\/v2\/media?parent=81808"}],"wp:term":[{"taxonomy":"product_brand","embeddable":true,"href":"https:\/\/www.hoogstra-autosport.nl\/de\/wp-json\/wp\/v2\/product_brand?post=81808"},{"taxonomy":"product_cat","embeddable":true,"href":"https:\/\/www.hoogstra-autosport.nl\/de\/wp-json\/wp\/v2\/product_cat?post=81808"},{"taxonomy":"product_tag","embeddable":true,"href":"https:\/\/www.hoogstra-autosport.nl\/de\/wp-json\/wp\/v2\/product_tag?post=81808"}],"curies":[{"name":"wp","href":"https:\/\/api.w.org\/{rel}","templated":true}]}}