{"id":81258,"date":"2025-02-18T11:15:09","date_gmt":"2025-02-18T10:15:09","guid":{"rendered":"https:\/\/www.hoogstra-autosport.nl\/?post_type=product&#038;p=81258"},"modified":"2025-02-18T11:21:43","modified_gmt":"2025-02-18T10:21:43","slug":"race-ceiver-oordopjes","status":"publish","type":"product","link":"https:\/\/www.hoogstra-autosport.nl\/de\/produkt\/race-ceiver-oordopjes\/","title":{"rendered":"Race Ceiver Ohrst\u00f6psel"},"content":{"rendered":"<p>Unser RACEceiver Rookie Earpiece ist ein Stereo-Ohrh\u00f6rer mit hervorragender Klangqualit\u00e4t. Er ist leicht, einfach zu tragen und passt in Ihre Tasche! Der H\u00f6rer hat Gummiaufs\u00e4tze, die in das Ohr passen, um Au\u00dfenger\u00e4usche zu reduzieren. Au\u00dferdem gibt es drei (3) Gr\u00f6\u00dfen von austauschbaren Gummiaufs\u00e4tzen f\u00fcr eine individuellere Passform. Das Kabel ist so konzipiert, dass es an einer Seite des Geh\u00e4uses herunterf\u00e4llt, je nachdem, auf welcher Seite Sie Ihr Audioger\u00e4t tragen. Au\u00dferdem ist ein Verl\u00e4ngerungskabel im Lieferumfang enthalten, das f\u00fcr mehr Vielseitigkeit sorgt.<\/p>\n<p>Dieser Ohrh\u00f6rer ist perfekt f\u00fcr den B-Fahrer, der den RACEceiver<\/p>","protected":false},"excerpt":{"rendered":"<p>Onze RACEceiver Rookie Earpiece is een stereo oortje met een geweldige geluidskwaliteit. Hij is licht, gemakkelijk mee te nemen en valt in je zak! Het oortje heeft rubberen uiteinden die in het oor passen om geluid van buitenaf te verminderen. En het wordt geleverd met drie (3) maten vervangbare rubberen tips voor een meer op [&hellip;]<\/p>\n","protected":false},"featured_media":81259,"template":"","meta":{"_acf_changed":false},"product_brand":[],"product_cat":[3803,4255],"product_tag":[],"class_list":{"0":"post-81258","1":"product","2":"type-product","3":"status-publish","4":"has-post-thumbnail","6":"product_cat-intercoms-heaqsets","7":"product_cat-raceceivers","8":"product_shipping_class-4016","10":"first","11":"instock","12":"taxable","13":"shipping-taxable","14":"purchasable","15":"product-type-simple"},"acf":[],"yoast_head":"<!-- This site is optimized with the Yoast SEO plugin v27.1.1 - https:\/\/yoast.com\/product\/yoast-seo-wordpress\/ -->\n<title>Race Ceiver oordopjes - Hoogstra Autosport<\/title>\n<meta name=\"robots\" content=\"index, follow, max-snippet:-1, max-image-preview:large, max-video-preview:-1\" \/>\n<link rel=\"canonical\" href=\"https:\/\/www.hoogstra-autosport.nl\/de\/produkt\/race-ceiver-oordopjes\/\" \/>\n<meta property=\"og:locale\" content=\"de_DE\" \/>\n<meta property=\"og:type\" content=\"article\" \/>\n<meta property=\"og:title\" content=\"Race Ceiver oordopjes - Hoogstra Autosport\" \/>\n<meta property=\"og:description\" content=\"Onze RACEceiver Rookie Earpiece is een stereo oortje met een geweldige geluidskwaliteit. Hij is licht, gemakkelijk mee te nemen en valt in je zak! Het oortje heeft rubberen uiteinden die in het oor passen om geluid van buitenaf te verminderen. En het wordt geleverd met drie (3) maten vervangbare rubberen tips voor een meer op [&hellip;]\" \/>\n<meta property=\"og:url\" content=\"https:\/\/www.hoogstra-autosport.nl\/de\/produkt\/race-ceiver-oordopjes\/\" \/>\n<meta property=\"og:site_name\" content=\"Hoogstra Autosport\" \/>\n<meta property=\"article:modified_time\" content=\"2025-02-18T10:21:43+00:00\" \/>\n<meta property=\"og:image\" content=\"https:\/\/www.hoogstra-autosport.nl\/teamkoen\/content\/uploads\/2025\/02\/original-5355B3EE-AC23-4CC5-8977-E7C590B7D729.jpeg\" \/>\n\t<meta property=\"og:image:width\" content=\"1170\" \/>\n\t<meta property=\"og:image:height\" content=\"1170\" \/>\n\t<meta property=\"og:image:type\" content=\"image\/jpeg\" \/>\n<meta name=\"twitter:card\" content=\"summary_large_image\" \/>\n<meta name=\"twitter:label1\" content=\"Gesch\u00e4tzte Lesezeit\" \/>\n\t<meta name=\"twitter:data1\" content=\"1\u00a0Minute\" \/>\n<script type=\"application\/ld+json\" class=\"yoast-schema-graph\">{\"@context\":\"https:\/\/schema.org\",\"@graph\":[{\"@type\":\"WebPage\",\"@id\":\"https:\/\/www.hoogstra-autosport.nl\/product\/race-ceiver-oordopjes\/\",\"url\":\"https:\/\/www.hoogstra-autosport.nl\/product\/race-ceiver-oordopjes\/\",\"name\":\"Race Ceiver oordopjes - Hoogstra Autosport\",\"isPartOf\":{\"@id\":\"https:\/\/www.hoogstra-autosport.nl\/#website\"},\"primaryImageOfPage\":{\"@id\":\"https:\/\/www.hoogstra-autosport.nl\/product\/race-ceiver-oordopjes\/#primaryimage\"},\"image\":{\"@id\":\"https:\/\/www.hoogstra-autosport.nl\/product\/race-ceiver-oordopjes\/#primaryimage\"},\"thumbnailUrl\":\"https:\/\/www.hoogstra-autosport.nl\/teamkoen\/wp-content\/uploads\/2025\/02\/original-5355B3EE-AC23-4CC5-8977-E7C590B7D729.jpeg\",\"datePublished\":\"2025-02-18T10:15:09+00:00\",\"dateModified\":\"2025-02-18T10:21:43+00:00\",\"breadcrumb\":{\"@id\":\"https:\/\/www.hoogstra-autosport.nl\/product\/race-ceiver-oordopjes\/#breadcrumb\"},\"inLanguage\":\"de\",\"potentialAction\":[{\"@type\":\"ReadAction\",\"target\":[\"https:\/\/www.hoogstra-autosport.nl\/product\/race-ceiver-oordopjes\/\"]}]},{\"@type\":\"ImageObject\",\"inLanguage\":\"de\",\"@id\":\"https:\/\/www.hoogstra-autosport.nl\/product\/race-ceiver-oordopjes\/#primaryimage\",\"url\":\"https:\/\/www.hoogstra-autosport.nl\/teamkoen\/wp-content\/uploads\/2025\/02\/original-5355B3EE-AC23-4CC5-8977-E7C590B7D729.jpeg\",\"contentUrl\":\"https:\/\/www.hoogstra-autosport.nl\/teamkoen\/wp-content\/uploads\/2025\/02\/original-5355B3EE-AC23-4CC5-8977-E7C590B7D729.jpeg\",\"width\":1170,\"height\":1170},{\"@type\":\"BreadcrumbList\",\"@id\":\"https:\/\/www.hoogstra-autosport.nl\/product\/race-ceiver-oordopjes\/#breadcrumb\",\"itemListElement\":[{\"@type\":\"ListItem\",\"position\":1,\"name\":\"Home\",\"item\":\"https:\/\/www.hoogstra-autosport.nl\/\"},{\"@type\":\"ListItem\",\"position\":2,\"name\":\"Uitrusting\",\"item\":\"https:\/\/www.hoogstra-autosport.nl\/product-categorie\/autosport-kleding-helmen\/\"},{\"@type\":\"ListItem\",\"position\":3,\"name\":\"Intercoms &amp; Headsets\",\"item\":\"https:\/\/www.hoogstra-autosport.nl\/product-categorie\/autosport-kleding-helmen\/intercoms-heaqsets\/\"},{\"@type\":\"ListItem\",\"position\":4,\"name\":\"Race Ceiver oordopjes\"}]},{\"@type\":\"WebSite\",\"@id\":\"https:\/\/www.hoogstra-autosport.nl\/#website\",\"url\":\"https:\/\/www.hoogstra-autosport.nl\/\",\"name\":\"Hoogstra Autosport\",\"description\":\"Performance Autosport Parts!\",\"potentialAction\":[{\"@type\":\"SearchAction\",\"target\":{\"@type\":\"EntryPoint\",\"urlTemplate\":\"https:\/\/www.hoogstra-autosport.nl\/?s={search_term_string}\"},\"query-input\":{\"@type\":\"PropertyValueSpecification\",\"valueRequired\":true,\"valueName\":\"search_term_string\"}}],\"inLanguage\":\"de\"}]}<\/script>\n<!-- \/ Yoast SEO plugin. -->","yoast_head_json":{"title":"Race Ceiver oordopjes - Hoogstra Autosport","robots":{"index":"index","follow":"follow","max-snippet":"max-snippet:-1","max-image-preview":"max-image-preview:large","max-video-preview":"max-video-preview:-1"},"canonical":"https:\/\/www.hoogstra-autosport.nl\/de\/produkt\/race-ceiver-oordopjes\/","og_locale":"de_DE","og_type":"article","og_title":"Race Ceiver oordopjes - Hoogstra Autosport","og_description":"Onze RACEceiver Rookie Earpiece is een stereo oortje met een geweldige geluidskwaliteit. Hij is licht, gemakkelijk mee te nemen en valt in je zak! Het oortje heeft rubberen uiteinden die in het oor passen om geluid van buitenaf te verminderen. En het wordt geleverd met drie (3) maten vervangbare rubberen tips voor een meer op [&hellip;]","og_url":"https:\/\/www.hoogstra-autosport.nl\/de\/produkt\/race-ceiver-oordopjes\/","og_site_name":"Hoogstra Autosport","article_modified_time":"2025-02-18T10:21:43+00:00","og_image":[{"width":1170,"height":1170,"url":"https:\/\/www.hoogstra-autosport.nl\/teamkoen\/content\/uploads\/2025\/02\/original-5355B3EE-AC23-4CC5-8977-E7C590B7D729.jpeg","type":"image\/jpeg"}],"twitter_card":"summary_large_image","twitter_misc":{"Gesch\u00e4tzte Lesezeit":"1\u00a0Minute"},"schema":{"@context":"https:\/\/schema.org","@graph":[{"@type":"WebPage","@id":"https:\/\/www.hoogstra-autosport.nl\/product\/race-ceiver-oordopjes\/","url":"https:\/\/www.hoogstra-autosport.nl\/product\/race-ceiver-oordopjes\/","name":"Race Ceiver oordopjes - Hoogstra Autosport","isPartOf":{"@id":"https:\/\/www.hoogstra-autosport.nl\/#website"},"primaryImageOfPage":{"@id":"https:\/\/www.hoogstra-autosport.nl\/product\/race-ceiver-oordopjes\/#primaryimage"},"image":{"@id":"https:\/\/www.hoogstra-autosport.nl\/product\/race-ceiver-oordopjes\/#primaryimage"},"thumbnailUrl":"https:\/\/www.hoogstra-autosport.nl\/teamkoen\/wp-content\/uploads\/2025\/02\/original-5355B3EE-AC23-4CC5-8977-E7C590B7D729.jpeg","datePublished":"2025-02-18T10:15:09+00:00","dateModified":"2025-02-18T10:21:43+00:00","breadcrumb":{"@id":"https:\/\/www.hoogstra-autosport.nl\/product\/race-ceiver-oordopjes\/#breadcrumb"},"inLanguage":"de","potentialAction":[{"@type":"ReadAction","target":["https:\/\/www.hoogstra-autosport.nl\/product\/race-ceiver-oordopjes\/"]}]},{"@type":"ImageObject","inLanguage":"de","@id":"https:\/\/www.hoogstra-autosport.nl\/product\/race-ceiver-oordopjes\/#primaryimage","url":"https:\/\/www.hoogstra-autosport.nl\/teamkoen\/wp-content\/uploads\/2025\/02\/original-5355B3EE-AC23-4CC5-8977-E7C590B7D729.jpeg","contentUrl":"https:\/\/www.hoogstra-autosport.nl\/teamkoen\/wp-content\/uploads\/2025\/02\/original-5355B3EE-AC23-4CC5-8977-E7C590B7D729.jpeg","width":1170,"height":1170},{"@type":"BreadcrumbList","@id":"https:\/\/www.hoogstra-autosport.nl\/product\/race-ceiver-oordopjes\/#breadcrumb","itemListElement":[{"@type":"ListItem","position":1,"name":"Home","item":"https:\/\/www.hoogstra-autosport.nl\/"},{"@type":"ListItem","position":2,"name":"Uitrusting","item":"https:\/\/www.hoogstra-autosport.nl\/product-categorie\/autosport-kleding-helmen\/"},{"@type":"ListItem","position":3,"name":"Intercoms &amp; Headsets","item":"https:\/\/www.hoogstra-autosport.nl\/product-categorie\/autosport-kleding-helmen\/intercoms-heaqsets\/"},{"@type":"ListItem","position":4,"name":"Race Ceiver oordopjes"}]},{"@type":"WebSite","@id":"https:\/\/www.hoogstra-autosport.nl\/#website","url":"https:\/\/www.hoogstra-autosport.nl\/","name":"Hoogstra Autosport","description":"Performance Autosport Parts!","potentialAction":[{"@type":"SearchAction","target":{"@type":"EntryPoint","urlTemplate":"https:\/\/www.hoogstra-autosport.nl\/?s={search_term_string}"},"query-input":{"@type":"PropertyValueSpecification","valueRequired":true,"valueName":"search_term_string"}}],"inLanguage":"de"}]}},"tiered_pricing_type":"fixed","tiered_pricing_fixed_rules":[],"tiered_pricing_product_settings":{"layout":"default","base_unit_name":{"singular":null,"plural":null},"default_variation":null},"tiered_pricing_minimum_quantity":null,"tiered_pricing_roles_data":[],"tiered_pricing_percentage_rules":[],"tiered_pricing_maximum_quantity":null,"tiered_pricing_quantity_step":null,"_links":{"self":[{"href":"https:\/\/www.hoogstra-autosport.nl\/de\/wp-json\/wp\/v2\/product\/81258","targetHints":{"allow":["GET"]}}],"collection":[{"href":"https:\/\/www.hoogstra-autosport.nl\/de\/wp-json\/wp\/v2\/product"}],"about":[{"href":"https:\/\/www.hoogstra-autosport.nl\/de\/wp-json\/wp\/v2\/types\/product"}],"wp:featuredmedia":[{"embeddable":true,"href":"https:\/\/www.hoogstra-autosport.nl\/de\/wp-json\/wp\/v2\/media\/81259"}],"wp:attachment":[{"href":"https:\/\/www.hoogstra-autosport.nl\/de\/wp-json\/wp\/v2\/media?parent=81258"}],"wp:term":[{"taxonomy":"product_brand","embeddable":true,"href":"https:\/\/www.hoogstra-autosport.nl\/de\/wp-json\/wp\/v2\/product_brand?post=81258"},{"taxonomy":"product_cat","embeddable":true,"href":"https:\/\/www.hoogstra-autosport.nl\/de\/wp-json\/wp\/v2\/product_cat?post=81258"},{"taxonomy":"product_tag","embeddable":true,"href":"https:\/\/www.hoogstra-autosport.nl\/de\/wp-json\/wp\/v2\/product_tag?post=81258"}],"curies":[{"name":"wp","href":"https:\/\/api.w.org\/{rel}","templated":true}]}}