{"id":80490,"date":"2025-02-06T09:22:48","date_gmt":"2025-02-06T08:22:48","guid":{"rendered":"https:\/\/www.hoogstra-autosport.nl\/?post_type=product&#038;p=80490"},"modified":"2025-11-14T09:39:17","modified_gmt":"2025-11-14T08:39:17","slug":"sparco-combi-deal","status":"publish","type":"product","link":"https:\/\/www.hoogstra-autosport.nl\/de\/produkt\/sparco-combi-deal\/","title":{"rendered":"Sparco Kombi-Angebot"},"content":{"rendered":"<div id=\"tab-description\" class=\"woocommerce-Tabs-panel woocommerce-Tabs-panel--description panel entry-content wc-tab\" role=\"tabpanel\" aria-labelledby=\"tab-title-description\">\n<p>Handschuhe<\/p>\n<p>Mit seinem schlanken Schnitt und dem hochelastischen Material umschlie\u00dft der LAND die Hand fest und bequem, so dass ein zus\u00e4tzlicher Verschluss nicht notwendig ist. Der Handschuh ist angenehm leicht und bietet einen sehr direkten Kontakt zum Lenkrad. Die Innenseite ist ergonomisch mit weichem, rutschfestem Kunstleder ausgekleidet.<\/p>\n<p><span class=\"jCAhz ChMk0b\"><span class=\"ryNqvb\">FIA homologierte Handschuhe\u00a0<\/span><\/span><span class=\"jCAhz ChMk0b\"><span class=\"ryNqvb\">Motorsport-Handschuhe des Herstellers Sparco bieten ihrem Tr\u00e4ger zwei Vorteile: Sie bieten perfekten Halt bei der Arbeit am Lenker mit bestm\u00f6glichem Grip und h\u00f6chstem Komfort und sind gleichzeitig ein unverzichtbarer Sicherheitsfaktor.<\/span><\/span>\u00a0<span class=\"jCAhz ChMk0b\"><span class=\"ryNqvb\">Die aus Nomex gefertigten und damit feuerfesten Qualit\u00e4tsprodukte aus Italien \u00fcberzeugen zudem durch ihr dynamisches Design, hochwertige Materialien, au\u00dfenliegende N\u00e4hte, sinnvoll platzierte Polsterungen und spezielle Beschichtungen auf der Innenhand, wie das revolution\u00e4re, von Sparco patentierte HTX.<\/span><\/span><\/p>\n<p>Schuhe<\/p>\n<p><span class=\"jCAhz JxVs2d ChMk0b\"><span class=\"ryNqvb\">Produktinformation \"Sparco Fahrerschuh Slalom\"\u00a0<\/span><\/span><span class=\"jCAhz JxVs2d ChMk0b\"><span class=\"ryNqvb\">Eleganter Sparco Slalom-Reiterschuh mit sehr hoher Schn\u00fcrung, die den Rist perfekt umschlie\u00dft.<\/span><\/span>\u00a0<span class=\"jCAhz JxVs2d ChMk0b\"><span class=\"ryNqvb\">Besonders leicht und bequem am Fu\u00df, mit schmalem Schnitt und feiner, flexibler Sohle.<\/span><\/span>\u00a0<span class=\"jCAhz JxVs2d ChMk0b\"><span class=\"ryNqvb\">Der filigrane Slalom ist angenehm zu tragen und erm\u00f6glicht eine optimale Pedalkontrolle.\u00a0<\/span><\/span><span class=\"jCAhz JxVs2d ChMk0b\"><span class=\"ryNqvb\">Erd\u00f6l- und \u00f6lbest\u00e4ndige Sohle.<\/span><\/span><\/p>\n<\/div>\n<p>Insgesamt<\/p>\n<p>Rennoverall der Einstiegsklasse im sportlich-eleganten Design. Die neue Evolutionsstufe des SPRINT-Overalls besticht nicht nur durch hohen Tragekomfort und \u00fcberarbeitete Materialeigenschaften, sondern auch durch seine tolle Passform.<\/p>\n<p>Optimale Bewegungsfreiheit durch flexible Eins\u00e4tze aus Stretchmaterial. Ultraleichte, eng anliegende Manschetten an Armen und Beinen. Die f\u00fcr den Motorsport typischen Schulterklappen sind sehr flach gehalten, was das Tragen eines HANS deutlich angenehmer macht. Der Sparco SPRINT bietet bew\u00e4hrte Sparco-Qualit\u00e4t zu einem hervorragenden Preis-Leistungs-Verh\u00e4ltnis.<\/p>\n<p>&nbsp;<\/p>\n<div id=\"tab-additional_information\" class=\"woocommerce-Tabs-panel woocommerce-Tabs-panel--additional_information panel entry-content wc-tab\" role=\"tabpanel\" aria-labelledby=\"tab-title-additional_information\">\n<h2><\/h2>\n<\/div>","protected":false},"excerpt":{"rendered":"<p>Handschoenen Met zijn slanke snit en een zeer rekbaar materiaal omsluit de LAND de hand strak en comfortabel, waardoor een extra sluiting overbodig is. De handschoen is aangenaam licht en zorgt voor een zeer direct contact met het stuurwiel. De binnenkant is ergonomisch bekleed met zacht, antislip imitatieleer. FIA gehomologeerde handschoenen\u00a0Motorsporthandschoenen van de fabrikant Sparco [&hellip;]<\/p>\n","protected":false},"featured_media":93062,"template":"","meta":{"_acf_changed":false},"product_brand":[],"product_cat":[3943,3941,3978],"product_tag":[],"class_list":{"0":"post-80490","1":"product","2":"type-product","3":"status-publish","4":"has-post-thumbnail","6":"product_cat-sparco-handschoenen-fia","7":"product_cat-sparco-overalls-fia","8":"product_cat-sparco-schoenen-fia-sparco-schoenen-fia","10":"first","11":"instock","12":"sale","13":"taxable","14":"shipping-taxable","15":"purchasable","16":"product-type-variable"},"acf":[],"yoast_head":"<!-- This site is optimized with the Yoast SEO plugin v27.1.1 - https:\/\/yoast.com\/product\/yoast-seo-wordpress\/ -->\n<title>Sparco Combi Deal - Hoogstra Autosport<\/title>\n<meta name=\"robots\" content=\"index, follow, max-snippet:-1, max-image-preview:large, max-video-preview:-1\" \/>\n<link rel=\"canonical\" href=\"https:\/\/www.hoogstra-autosport.nl\/de\/produkt\/sparco-combi-deal\/\" \/>\n<meta property=\"og:locale\" content=\"de_DE\" \/>\n<meta property=\"og:type\" content=\"article\" \/>\n<meta property=\"og:title\" content=\"Sparco Combi Deal - Hoogstra Autosport\" \/>\n<meta property=\"og:description\" content=\"Handschoenen Met zijn slanke snit en een zeer rekbaar materiaal omsluit de LAND de hand strak en comfortabel, waardoor een extra sluiting overbodig is. De handschoen is aangenaam licht en zorgt voor een zeer direct contact met het stuurwiel. De binnenkant is ergonomisch bekleed met zacht, antislip imitatieleer. FIA gehomologeerde handschoenen\u00a0Motorsporthandschoenen van de fabrikant Sparco [&hellip;]\" \/>\n<meta property=\"og:url\" content=\"https:\/\/www.hoogstra-autosport.nl\/de\/produkt\/sparco-combi-deal\/\" \/>\n<meta property=\"og:site_name\" content=\"Hoogstra Autosport\" \/>\n<meta property=\"article:modified_time\" content=\"2025-11-14T08:39:17+00:00\" \/>\n<meta property=\"og:image\" content=\"https:\/\/www.hoogstra-autosport.nl\/teamkoen\/wp-content\/uploads\/2025\/02\/Sparco-combi-deal-1.jpg\" \/>\n\t<meta property=\"og:image:width\" content=\"1080\" \/>\n\t<meta property=\"og:image:height\" content=\"1080\" \/>\n\t<meta property=\"og:image:type\" content=\"image\/jpeg\" \/>\n<meta name=\"twitter:card\" content=\"summary_large_image\" \/>\n<meta name=\"twitter:label1\" content=\"Gesch\u00e4tzte Lesezeit\" \/>\n\t<meta name=\"twitter:data1\" content=\"2\u00a0Minuten\" \/>\n<script type=\"application\/ld+json\" class=\"yoast-schema-graph\">{\"@context\":\"https:\/\/schema.org\",\"@graph\":[{\"@type\":\"WebPage\",\"@id\":\"https:\/\/www.hoogstra-autosport.nl\/product\/sparco-combi-deal\/\",\"url\":\"https:\/\/www.hoogstra-autosport.nl\/product\/sparco-combi-deal\/\",\"name\":\"Sparco Combi Deal - Hoogstra Autosport\",\"isPartOf\":{\"@id\":\"https:\/\/www.hoogstra-autosport.nl\/#website\"},\"primaryImageOfPage\":{\"@id\":\"https:\/\/www.hoogstra-autosport.nl\/product\/sparco-combi-deal\/#primaryimage\"},\"image\":{\"@id\":\"https:\/\/www.hoogstra-autosport.nl\/product\/sparco-combi-deal\/#primaryimage\"},\"thumbnailUrl\":\"https:\/\/www.hoogstra-autosport.nl\/teamkoen\/wp-content\/uploads\/2025\/02\/Sparco-combi-deal-1.jpg\",\"datePublished\":\"2025-02-06T08:22:48+00:00\",\"dateModified\":\"2025-11-14T08:39:17+00:00\",\"breadcrumb\":{\"@id\":\"https:\/\/www.hoogstra-autosport.nl\/product\/sparco-combi-deal\/#breadcrumb\"},\"inLanguage\":\"de\",\"potentialAction\":[{\"@type\":\"ReadAction\",\"target\":[\"https:\/\/www.hoogstra-autosport.nl\/product\/sparco-combi-deal\/\"]}]},{\"@type\":\"ImageObject\",\"inLanguage\":\"de\",\"@id\":\"https:\/\/www.hoogstra-autosport.nl\/product\/sparco-combi-deal\/#primaryimage\",\"url\":\"https:\/\/www.hoogstra-autosport.nl\/teamkoen\/wp-content\/uploads\/2025\/02\/Sparco-combi-deal-1.jpg\",\"contentUrl\":\"https:\/\/www.hoogstra-autosport.nl\/teamkoen\/wp-content\/uploads\/2025\/02\/Sparco-combi-deal-1.jpg\",\"width\":1080,\"height\":1080},{\"@type\":\"BreadcrumbList\",\"@id\":\"https:\/\/www.hoogstra-autosport.nl\/product\/sparco-combi-deal\/#breadcrumb\",\"itemListElement\":[{\"@type\":\"ListItem\",\"position\":1,\"name\":\"Home\",\"item\":\"https:\/\/www.hoogstra-autosport.nl\/\"},{\"@type\":\"ListItem\",\"position\":2,\"name\":\"Uitrusting\",\"item\":\"https:\/\/www.hoogstra-autosport.nl\/product-categorie\/autosport-kleding-helmen\/\"},{\"@type\":\"ListItem\",\"position\":3,\"name\":\"Autosport Kleding\",\"item\":\"https:\/\/www.hoogstra-autosport.nl\/product-categorie\/autosport-kleding-helmen\/autosport-kleding\/\"},{\"@type\":\"ListItem\",\"position\":4,\"name\":\"Handschoenen\",\"item\":\"https:\/\/www.hoogstra-autosport.nl\/product-categorie\/autosport-kleding-helmen\/autosport-kleding\/handschoenen-2\/\"},{\"@type\":\"ListItem\",\"position\":5,\"name\":\"FIA Handschoenen Sparco\",\"item\":\"https:\/\/www.hoogstra-autosport.nl\/product-categorie\/autosport-kleding-helmen\/autosport-kleding\/handschoenen-2\/sparco-handschoenen-fia\/\"},{\"@type\":\"ListItem\",\"position\":6,\"name\":\"Sparco Combi Deal\"}]},{\"@type\":\"WebSite\",\"@id\":\"https:\/\/www.hoogstra-autosport.nl\/#website\",\"url\":\"https:\/\/www.hoogstra-autosport.nl\/\",\"name\":\"Hoogstra Autosport\",\"description\":\"Performance Autosport Parts!\",\"potentialAction\":[{\"@type\":\"SearchAction\",\"target\":{\"@type\":\"EntryPoint\",\"urlTemplate\":\"https:\/\/www.hoogstra-autosport.nl\/?s={search_term_string}\"},\"query-input\":{\"@type\":\"PropertyValueSpecification\",\"valueRequired\":true,\"valueName\":\"search_term_string\"}}],\"inLanguage\":\"de\"}]}<\/script>\n<!-- \/ Yoast SEO plugin. -->","yoast_head_json":{"title":"Sparco Combi Deal - Hoogstra Autosport","robots":{"index":"index","follow":"follow","max-snippet":"max-snippet:-1","max-image-preview":"max-image-preview:large","max-video-preview":"max-video-preview:-1"},"canonical":"https:\/\/www.hoogstra-autosport.nl\/de\/produkt\/sparco-combi-deal\/","og_locale":"de_DE","og_type":"article","og_title":"Sparco Combi Deal - Hoogstra Autosport","og_description":"Handschoenen Met zijn slanke snit en een zeer rekbaar materiaal omsluit de LAND de hand strak en comfortabel, waardoor een extra sluiting overbodig is. De handschoen is aangenaam licht en zorgt voor een zeer direct contact met het stuurwiel. De binnenkant is ergonomisch bekleed met zacht, antislip imitatieleer. FIA gehomologeerde handschoenen\u00a0Motorsporthandschoenen van de fabrikant Sparco [&hellip;]","og_url":"https:\/\/www.hoogstra-autosport.nl\/de\/produkt\/sparco-combi-deal\/","og_site_name":"Hoogstra Autosport","article_modified_time":"2025-11-14T08:39:17+00:00","og_image":[{"width":1080,"height":1080,"url":"https:\/\/www.hoogstra-autosport.nl\/teamkoen\/wp-content\/uploads\/2025\/02\/Sparco-combi-deal-1.jpg","type":"image\/jpeg"}],"twitter_card":"summary_large_image","twitter_misc":{"Gesch\u00e4tzte Lesezeit":"2\u00a0Minuten"},"schema":{"@context":"https:\/\/schema.org","@graph":[{"@type":"WebPage","@id":"https:\/\/www.hoogstra-autosport.nl\/product\/sparco-combi-deal\/","url":"https:\/\/www.hoogstra-autosport.nl\/product\/sparco-combi-deal\/","name":"Sparco Combi Deal - Hoogstra Autosport","isPartOf":{"@id":"https:\/\/www.hoogstra-autosport.nl\/#website"},"primaryImageOfPage":{"@id":"https:\/\/www.hoogstra-autosport.nl\/product\/sparco-combi-deal\/#primaryimage"},"image":{"@id":"https:\/\/www.hoogstra-autosport.nl\/product\/sparco-combi-deal\/#primaryimage"},"thumbnailUrl":"https:\/\/www.hoogstra-autosport.nl\/teamkoen\/wp-content\/uploads\/2025\/02\/Sparco-combi-deal-1.jpg","datePublished":"2025-02-06T08:22:48+00:00","dateModified":"2025-11-14T08:39:17+00:00","breadcrumb":{"@id":"https:\/\/www.hoogstra-autosport.nl\/product\/sparco-combi-deal\/#breadcrumb"},"inLanguage":"de","potentialAction":[{"@type":"ReadAction","target":["https:\/\/www.hoogstra-autosport.nl\/product\/sparco-combi-deal\/"]}]},{"@type":"ImageObject","inLanguage":"de","@id":"https:\/\/www.hoogstra-autosport.nl\/product\/sparco-combi-deal\/#primaryimage","url":"https:\/\/www.hoogstra-autosport.nl\/teamkoen\/wp-content\/uploads\/2025\/02\/Sparco-combi-deal-1.jpg","contentUrl":"https:\/\/www.hoogstra-autosport.nl\/teamkoen\/wp-content\/uploads\/2025\/02\/Sparco-combi-deal-1.jpg","width":1080,"height":1080},{"@type":"BreadcrumbList","@id":"https:\/\/www.hoogstra-autosport.nl\/product\/sparco-combi-deal\/#breadcrumb","itemListElement":[{"@type":"ListItem","position":1,"name":"Home","item":"https:\/\/www.hoogstra-autosport.nl\/"},{"@type":"ListItem","position":2,"name":"Uitrusting","item":"https:\/\/www.hoogstra-autosport.nl\/product-categorie\/autosport-kleding-helmen\/"},{"@type":"ListItem","position":3,"name":"Autosport Kleding","item":"https:\/\/www.hoogstra-autosport.nl\/product-categorie\/autosport-kleding-helmen\/autosport-kleding\/"},{"@type":"ListItem","position":4,"name":"Handschoenen","item":"https:\/\/www.hoogstra-autosport.nl\/product-categorie\/autosport-kleding-helmen\/autosport-kleding\/handschoenen-2\/"},{"@type":"ListItem","position":5,"name":"FIA Handschoenen Sparco","item":"https:\/\/www.hoogstra-autosport.nl\/product-categorie\/autosport-kleding-helmen\/autosport-kleding\/handschoenen-2\/sparco-handschoenen-fia\/"},{"@type":"ListItem","position":6,"name":"Sparco Combi Deal"}]},{"@type":"WebSite","@id":"https:\/\/www.hoogstra-autosport.nl\/#website","url":"https:\/\/www.hoogstra-autosport.nl\/","name":"Hoogstra Autosport","description":"Performance Autosport Parts!","potentialAction":[{"@type":"SearchAction","target":{"@type":"EntryPoint","urlTemplate":"https:\/\/www.hoogstra-autosport.nl\/?s={search_term_string}"},"query-input":{"@type":"PropertyValueSpecification","valueRequired":true,"valueName":"search_term_string"}}],"inLanguage":"de"}]}},"tiered_pricing_type":"fixed","tiered_pricing_fixed_rules":[],"tiered_pricing_product_settings":{"layout":"default","base_unit_name":{"singular":null,"plural":null},"default_variation":null},"tiered_pricing_minimum_quantity":null,"tiered_pricing_roles_data":[],"tiered_pricing_percentage_rules":[],"tiered_pricing_maximum_quantity":null,"tiered_pricing_quantity_step":null,"_links":{"self":[{"href":"https:\/\/www.hoogstra-autosport.nl\/de\/wp-json\/wp\/v2\/product\/80490","targetHints":{"allow":["GET"]}}],"collection":[{"href":"https:\/\/www.hoogstra-autosport.nl\/de\/wp-json\/wp\/v2\/product"}],"about":[{"href":"https:\/\/www.hoogstra-autosport.nl\/de\/wp-json\/wp\/v2\/types\/product"}],"wp:featuredmedia":[{"embeddable":true,"href":"https:\/\/www.hoogstra-autosport.nl\/de\/wp-json\/wp\/v2\/media\/93062"}],"wp:attachment":[{"href":"https:\/\/www.hoogstra-autosport.nl\/de\/wp-json\/wp\/v2\/media?parent=80490"}],"wp:term":[{"taxonomy":"product_brand","embeddable":true,"href":"https:\/\/www.hoogstra-autosport.nl\/de\/wp-json\/wp\/v2\/product_brand?post=80490"},{"taxonomy":"product_cat","embeddable":true,"href":"https:\/\/www.hoogstra-autosport.nl\/de\/wp-json\/wp\/v2\/product_cat?post=80490"},{"taxonomy":"product_tag","embeddable":true,"href":"https:\/\/www.hoogstra-autosport.nl\/de\/wp-json\/wp\/v2\/product_tag?post=80490"}],"curies":[{"name":"wp","href":"https:\/\/api.w.org\/{rel}","templated":true}]}}