{"id":80252,"date":"2025-02-04T09:40:14","date_gmt":"2025-02-04T08:40:14","guid":{"rendered":"https:\/\/www.hoogstra-autosport.nl\/?post_type=product&#038;p=80252"},"modified":"2025-10-09T10:26:44","modified_gmt":"2025-10-09T08:26:44","slug":"combi-actie-first-dames","status":"publish","type":"product","link":"https:\/\/www.hoogstra-autosport.nl\/de\/produkt\/combi-actie-first-dames\/","title":{"rendered":"Combi Action First Ladies"},"content":{"rendered":"<div id=\"tab-description\" class=\"woocommerce-Tabs-panel woocommerce-Tabs-panel--description panel entry-content wc-tab\" role=\"tabpanel\" aria-labelledby=\"tab-title-description\">\n<p>Dames Overall<\/p>\n<p><span class=\"jCAhz ChMk0b\"><span class=\"ryNqvb\">Zweilagiger Overall in modernem zweifarbigen Design mit hervorragendem Preis-Leistungs-Verh\u00e4ltnis - SPEZIELLE FORM, SPEZIELL F\u00dcR FRAUEN - Neues Design und neuer Schnitt, mit neuem Innenmaterial und leichterer und atmungsaktiverer Wabe.<\/span><\/span><span class=\"jCAhz ChMk0b\"><span class=\"ryNqvb\"> \u2013 Ademende inzetstukken om het comfort te vergroten en de thermoregulatie te vergemakkelijken \u2013 360\u00b0 zwevende armsgaten, interlock inzetstukken ook voor rug en kruis geven maximale bewegingsvrijheid.<\/span><\/span><\/p>\n<\/div>\n<p>&nbsp;<\/p>\n<p>Handschuhe<\/p>\n<p><span class=\"jCAhz ChMk0b\"><span class=\"ryNqvb\">8856-2018\u00a0<\/span><\/span><\/p>\n<p><span class=\"jCAhz ChMk0b\"><span class=\"ryNqvb\">Leichter und widerstandsf\u00e4higer Handschuh mit Gummizug am Handgelenk und geradem Schnitt.<\/span><\/span><\/p>\n<p><span class=\"jCAhz ChMk0b\"><span class=\"ryNqvb\">Handfl\u00e4che aus Silikon f\u00fcr beste Griffigkeit und Sensibilit\u00e4t.<\/span><\/span>\u00a0<span class=\"jCAhz ChMk0b\"><span class=\"ryNqvb\">\u00c4u\u00dfere N\u00e4hte<\/span><\/span><\/p>\n<p>&nbsp;<\/p>\n<p>Schuhe<\/p>\n<p>FIA-zugelassen<\/p>\n<p>Attraktiv in Bezug auf Design, Leistung und Preis. Der OMP FIRST-Reiterschuh besticht vor allem durch sein feines Wildleder-Obermaterial, die hohe Schn\u00fcrung und die hervorragende Passform. Ausgestattet mit einer gro\u00dfen Klettlasche zur zus\u00e4tzlichen und individuellen Kn\u00f6chelfixierung. Die profilierte und griffige Gummisohle ist an der Ferse abgerundet und bietet ein optimales Pedalgef\u00fchl.<\/p>\n<div id=\"tab-additional_information\" class=\"woocommerce-Tabs-panel woocommerce-Tabs-panel--additional_information panel entry-content wc-tab\" role=\"tabpanel\" aria-labelledby=\"tab-title-additional_information\">\n<h2><\/h2>\n<\/div>","protected":false},"excerpt":{"rendered":"<p>Dames Overall Tweelaags overall met modern tweekleurig design met een uitstekende prijs-kwaliteitverhouding \u2013 SPECIALE VORM, SPECIAAL VOOR DAMES \u2013 Nieuw design en snit, met nieuw binnenmateriaal en lichtere en meer ademende honingraat. \u2013 Ademende inzetstukken om het comfort te vergroten en de thermoregulatie te vergemakkelijken \u2013 360\u00b0 zwevende armsgaten, interlock inzetstukken ook voor rug en [&hellip;]<\/p>\n","protected":false},"featured_media":91791,"template":"","meta":{"_acf_changed":false},"product_brand":[],"product_cat":[2790,2879,3785],"product_tag":[],"class_list":{"0":"post-80252","1":"product","2":"type-product","3":"status-publish","4":"has-post-thumbnail","6":"product_cat-handschoenen-brandwerend-fia","7":"product_cat-omp-overalls-fia","8":"product_cat-omp-schoenen-fia","10":"first","11":"instock","12":"sale","13":"taxable","14":"shipping-taxable","15":"purchasable","16":"product-type-variable"},"acf":[],"yoast_head":"<!-- This site is optimized with the Yoast SEO plugin v27.1.1 - https:\/\/yoast.com\/product\/yoast-seo-wordpress\/ -->\n<title>Combi Actie First Dames - Hoogstra Autosport<\/title>\n<meta name=\"robots\" content=\"index, follow, max-snippet:-1, max-image-preview:large, max-video-preview:-1\" \/>\n<link rel=\"canonical\" href=\"https:\/\/www.hoogstra-autosport.nl\/de\/produkt\/combi-actie-first-dames\/\" \/>\n<meta property=\"og:locale\" content=\"de_DE\" \/>\n<meta property=\"og:type\" content=\"article\" \/>\n<meta property=\"og:title\" content=\"Combi Actie First Dames - Hoogstra Autosport\" \/>\n<meta property=\"og:description\" content=\"Dames Overall Tweelaags overall met modern tweekleurig design met een uitstekende prijs-kwaliteitverhouding \u2013 SPECIALE VORM, SPECIAAL VOOR DAMES \u2013 Nieuw design en snit, met nieuw binnenmateriaal en lichtere en meer ademende honingraat. \u2013 Ademende inzetstukken om het comfort te vergroten en de thermoregulatie te vergemakkelijken \u2013 360\u00b0 zwevende armsgaten, interlock inzetstukken ook voor rug en [&hellip;]\" \/>\n<meta property=\"og:url\" content=\"https:\/\/www.hoogstra-autosport.nl\/de\/produkt\/combi-actie-first-dames\/\" \/>\n<meta property=\"og:site_name\" content=\"Hoogstra Autosport\" \/>\n<meta property=\"article:modified_time\" content=\"2025-10-09T08:26:44+00:00\" \/>\n<meta property=\"og:image\" content=\"https:\/\/www.hoogstra-autosport.nl\/teamkoen\/wp-content\/uploads\/2025\/02\/OMP-First-combi.jpg\" \/>\n\t<meta property=\"og:image:width\" content=\"1000\" \/>\n\t<meta property=\"og:image:height\" content=\"1000\" \/>\n\t<meta property=\"og:image:type\" content=\"image\/jpeg\" \/>\n<meta name=\"twitter:card\" content=\"summary_large_image\" \/>\n<meta name=\"twitter:label1\" content=\"Gesch\u00e4tzte Lesezeit\" \/>\n\t<meta name=\"twitter:data1\" content=\"1\u00a0Minute\" \/>\n<script type=\"application\/ld+json\" class=\"yoast-schema-graph\">{\"@context\":\"https:\/\/schema.org\",\"@graph\":[{\"@type\":\"WebPage\",\"@id\":\"https:\/\/www.hoogstra-autosport.nl\/product\/combi-actie-first-dames\/\",\"url\":\"https:\/\/www.hoogstra-autosport.nl\/product\/combi-actie-first-dames\/\",\"name\":\"Combi Actie First Dames - Hoogstra Autosport\",\"isPartOf\":{\"@id\":\"https:\/\/www.hoogstra-autosport.nl\/#website\"},\"primaryImageOfPage\":{\"@id\":\"https:\/\/www.hoogstra-autosport.nl\/product\/combi-actie-first-dames\/#primaryimage\"},\"image\":{\"@id\":\"https:\/\/www.hoogstra-autosport.nl\/product\/combi-actie-first-dames\/#primaryimage\"},\"thumbnailUrl\":\"https:\/\/www.hoogstra-autosport.nl\/teamkoen\/wp-content\/uploads\/2025\/02\/OMP-First-combi.jpg\",\"datePublished\":\"2025-02-04T08:40:14+00:00\",\"dateModified\":\"2025-10-09T08:26:44+00:00\",\"breadcrumb\":{\"@id\":\"https:\/\/www.hoogstra-autosport.nl\/product\/combi-actie-first-dames\/#breadcrumb\"},\"inLanguage\":\"de\",\"potentialAction\":[{\"@type\":\"ReadAction\",\"target\":[\"https:\/\/www.hoogstra-autosport.nl\/product\/combi-actie-first-dames\/\"]}]},{\"@type\":\"ImageObject\",\"inLanguage\":\"de\",\"@id\":\"https:\/\/www.hoogstra-autosport.nl\/product\/combi-actie-first-dames\/#primaryimage\",\"url\":\"https:\/\/www.hoogstra-autosport.nl\/teamkoen\/wp-content\/uploads\/2025\/02\/OMP-First-combi.jpg\",\"contentUrl\":\"https:\/\/www.hoogstra-autosport.nl\/teamkoen\/wp-content\/uploads\/2025\/02\/OMP-First-combi.jpg\",\"width\":1000,\"height\":1000},{\"@type\":\"BreadcrumbList\",\"@id\":\"https:\/\/www.hoogstra-autosport.nl\/product\/combi-actie-first-dames\/#breadcrumb\",\"itemListElement\":[{\"@type\":\"ListItem\",\"position\":1,\"name\":\"Home\",\"item\":\"https:\/\/www.hoogstra-autosport.nl\/\"},{\"@type\":\"ListItem\",\"position\":2,\"name\":\"Uitrusting\",\"item\":\"https:\/\/www.hoogstra-autosport.nl\/product-categorie\/autosport-kleding-helmen\/\"},{\"@type\":\"ListItem\",\"position\":3,\"name\":\"Autosport Kleding\",\"item\":\"https:\/\/www.hoogstra-autosport.nl\/product-categorie\/autosport-kleding-helmen\/autosport-kleding\/\"},{\"@type\":\"ListItem\",\"position\":4,\"name\":\"Handschoenen\",\"item\":\"https:\/\/www.hoogstra-autosport.nl\/product-categorie\/autosport-kleding-helmen\/autosport-kleding\/handschoenen-2\/\"},{\"@type\":\"ListItem\",\"position\":5,\"name\":\"FIA Handschoenen OMP\",\"item\":\"https:\/\/www.hoogstra-autosport.nl\/product-categorie\/autosport-kleding-helmen\/autosport-kleding\/handschoenen-2\/handschoenen-brandwerend-fia\/\"},{\"@type\":\"ListItem\",\"position\":6,\"name\":\"Combi Actie First Dames\"}]},{\"@type\":\"WebSite\",\"@id\":\"https:\/\/www.hoogstra-autosport.nl\/#website\",\"url\":\"https:\/\/www.hoogstra-autosport.nl\/\",\"name\":\"Hoogstra Autosport\",\"description\":\"Performance Autosport Parts!\",\"potentialAction\":[{\"@type\":\"SearchAction\",\"target\":{\"@type\":\"EntryPoint\",\"urlTemplate\":\"https:\/\/www.hoogstra-autosport.nl\/?s={search_term_string}\"},\"query-input\":{\"@type\":\"PropertyValueSpecification\",\"valueRequired\":true,\"valueName\":\"search_term_string\"}}],\"inLanguage\":\"de\"}]}<\/script>\n<!-- \/ Yoast SEO plugin. -->","yoast_head_json":{"title":"Combi Actie First Dames - Hoogstra Autosport","robots":{"index":"index","follow":"follow","max-snippet":"max-snippet:-1","max-image-preview":"max-image-preview:large","max-video-preview":"max-video-preview:-1"},"canonical":"https:\/\/www.hoogstra-autosport.nl\/de\/produkt\/combi-actie-first-dames\/","og_locale":"de_DE","og_type":"article","og_title":"Combi Actie First Dames - Hoogstra Autosport","og_description":"Dames Overall Tweelaags overall met modern tweekleurig design met een uitstekende prijs-kwaliteitverhouding \u2013 SPECIALE VORM, SPECIAAL VOOR DAMES \u2013 Nieuw design en snit, met nieuw binnenmateriaal en lichtere en meer ademende honingraat. \u2013 Ademende inzetstukken om het comfort te vergroten en de thermoregulatie te vergemakkelijken \u2013 360\u00b0 zwevende armsgaten, interlock inzetstukken ook voor rug en [&hellip;]","og_url":"https:\/\/www.hoogstra-autosport.nl\/de\/produkt\/combi-actie-first-dames\/","og_site_name":"Hoogstra Autosport","article_modified_time":"2025-10-09T08:26:44+00:00","og_image":[{"width":1000,"height":1000,"url":"https:\/\/www.hoogstra-autosport.nl\/teamkoen\/wp-content\/uploads\/2025\/02\/OMP-First-combi.jpg","type":"image\/jpeg"}],"twitter_card":"summary_large_image","twitter_misc":{"Gesch\u00e4tzte Lesezeit":"1\u00a0Minute"},"schema":{"@context":"https:\/\/schema.org","@graph":[{"@type":"WebPage","@id":"https:\/\/www.hoogstra-autosport.nl\/product\/combi-actie-first-dames\/","url":"https:\/\/www.hoogstra-autosport.nl\/product\/combi-actie-first-dames\/","name":"Combi Actie First Dames - Hoogstra Autosport","isPartOf":{"@id":"https:\/\/www.hoogstra-autosport.nl\/#website"},"primaryImageOfPage":{"@id":"https:\/\/www.hoogstra-autosport.nl\/product\/combi-actie-first-dames\/#primaryimage"},"image":{"@id":"https:\/\/www.hoogstra-autosport.nl\/product\/combi-actie-first-dames\/#primaryimage"},"thumbnailUrl":"https:\/\/www.hoogstra-autosport.nl\/teamkoen\/wp-content\/uploads\/2025\/02\/OMP-First-combi.jpg","datePublished":"2025-02-04T08:40:14+00:00","dateModified":"2025-10-09T08:26:44+00:00","breadcrumb":{"@id":"https:\/\/www.hoogstra-autosport.nl\/product\/combi-actie-first-dames\/#breadcrumb"},"inLanguage":"de","potentialAction":[{"@type":"ReadAction","target":["https:\/\/www.hoogstra-autosport.nl\/product\/combi-actie-first-dames\/"]}]},{"@type":"ImageObject","inLanguage":"de","@id":"https:\/\/www.hoogstra-autosport.nl\/product\/combi-actie-first-dames\/#primaryimage","url":"https:\/\/www.hoogstra-autosport.nl\/teamkoen\/wp-content\/uploads\/2025\/02\/OMP-First-combi.jpg","contentUrl":"https:\/\/www.hoogstra-autosport.nl\/teamkoen\/wp-content\/uploads\/2025\/02\/OMP-First-combi.jpg","width":1000,"height":1000},{"@type":"BreadcrumbList","@id":"https:\/\/www.hoogstra-autosport.nl\/product\/combi-actie-first-dames\/#breadcrumb","itemListElement":[{"@type":"ListItem","position":1,"name":"Home","item":"https:\/\/www.hoogstra-autosport.nl\/"},{"@type":"ListItem","position":2,"name":"Uitrusting","item":"https:\/\/www.hoogstra-autosport.nl\/product-categorie\/autosport-kleding-helmen\/"},{"@type":"ListItem","position":3,"name":"Autosport Kleding","item":"https:\/\/www.hoogstra-autosport.nl\/product-categorie\/autosport-kleding-helmen\/autosport-kleding\/"},{"@type":"ListItem","position":4,"name":"Handschoenen","item":"https:\/\/www.hoogstra-autosport.nl\/product-categorie\/autosport-kleding-helmen\/autosport-kleding\/handschoenen-2\/"},{"@type":"ListItem","position":5,"name":"FIA Handschoenen OMP","item":"https:\/\/www.hoogstra-autosport.nl\/product-categorie\/autosport-kleding-helmen\/autosport-kleding\/handschoenen-2\/handschoenen-brandwerend-fia\/"},{"@type":"ListItem","position":6,"name":"Combi Actie First Dames"}]},{"@type":"WebSite","@id":"https:\/\/www.hoogstra-autosport.nl\/#website","url":"https:\/\/www.hoogstra-autosport.nl\/","name":"Hoogstra Autosport","description":"Performance Autosport Parts!","potentialAction":[{"@type":"SearchAction","target":{"@type":"EntryPoint","urlTemplate":"https:\/\/www.hoogstra-autosport.nl\/?s={search_term_string}"},"query-input":{"@type":"PropertyValueSpecification","valueRequired":true,"valueName":"search_term_string"}}],"inLanguage":"de"}]}},"tiered_pricing_type":"fixed","tiered_pricing_fixed_rules":[],"tiered_pricing_product_settings":{"layout":"default","base_unit_name":{"singular":null,"plural":null},"default_variation":null},"tiered_pricing_minimum_quantity":null,"tiered_pricing_roles_data":[],"tiered_pricing_percentage_rules":[],"tiered_pricing_maximum_quantity":null,"tiered_pricing_quantity_step":null,"_links":{"self":[{"href":"https:\/\/www.hoogstra-autosport.nl\/de\/wp-json\/wp\/v2\/product\/80252","targetHints":{"allow":["GET"]}}],"collection":[{"href":"https:\/\/www.hoogstra-autosport.nl\/de\/wp-json\/wp\/v2\/product"}],"about":[{"href":"https:\/\/www.hoogstra-autosport.nl\/de\/wp-json\/wp\/v2\/types\/product"}],"wp:featuredmedia":[{"embeddable":true,"href":"https:\/\/www.hoogstra-autosport.nl\/de\/wp-json\/wp\/v2\/media\/91791"}],"wp:attachment":[{"href":"https:\/\/www.hoogstra-autosport.nl\/de\/wp-json\/wp\/v2\/media?parent=80252"}],"wp:term":[{"taxonomy":"product_brand","embeddable":true,"href":"https:\/\/www.hoogstra-autosport.nl\/de\/wp-json\/wp\/v2\/product_brand?post=80252"},{"taxonomy":"product_cat","embeddable":true,"href":"https:\/\/www.hoogstra-autosport.nl\/de\/wp-json\/wp\/v2\/product_cat?post=80252"},{"taxonomy":"product_tag","embeddable":true,"href":"https:\/\/www.hoogstra-autosport.nl\/de\/wp-json\/wp\/v2\/product_tag?post=80252"}],"curies":[{"name":"wp","href":"https:\/\/api.w.org\/{rel}","templated":true}]}}