{"id":8005,"date":"2014-12-14T20:29:07","date_gmt":"2014-12-14T20:29:07","guid":{"rendered":"http:\/\/hoogstra-autosport.nl\/?product=simpson-hybrid-pro-rage-sport-hc"},"modified":"2025-11-21T14:33:04","modified_gmt":"2025-11-21T13:33:04","slug":"simpson-hybrid-pro-rage-sport-hc","status":"publish","type":"product","link":"https:\/\/www.hoogstra-autosport.nl\/de\/produkt\/simpson-hybrid-pro-rage-sport-hc\/","title":{"rendered":"Simpson Hybrid Sport"},"content":{"rendered":"<p>Hyrbid Pro Rage Sport<\/p>\n<p>Das bisher beste Halssystem!<\/p>\n<p>Mit FIA 8858-2010 G\u00fctesiegel, toller Sitz<\/p>\n<p>Erh\u00e4ltlich in verschiedenen Gr\u00f6\u00dfen<\/p>\n<p>XS, S M L XL (Gr\u00f6\u00dfe siehe Bilder)<\/p>\n<p>Gewicht 970 Gramm<\/p>\n<p>Diese Version ist direkt f\u00fcr die Montage an Helmen mit Hans-Clips ( Marke stand21\/ simpson\/ omp .\/ sparco \/beltenick) geeignet<\/p>","protected":false},"excerpt":{"rendered":"<p>Hyrbid Pro Rage Sport Het beste neksysteem tot nu toe ! Met FIA 8858-2010 keurmerk , geweldige zitting Verkrijgbaar in meerdere maten XS, S M\u00a0 L XL \u00a0( kijk voor de maat naar afbeeldingen) Gewicht 970 gram Deze versie is direct geschikt voor montage aan helmen met hans clips ( merk stand21\/ simpson\/ omp .\/ [&hellip;]<\/p>\n","protected":false},"featured_media":92751,"template":"","meta":{"_acf_changed":false},"product_brand":[],"product_cat":[4293],"product_tag":[],"class_list":{"0":"post-8005","1":"product","2":"type-product","3":"status-publish","4":"has-post-thumbnail","6":"product_cat-hybrid-hans-systeem","7":"product_shipping_class-4016","9":"first","10":"instock","11":"taxable","12":"shipping-taxable","13":"purchasable","14":"product-type-variable"},"acf":[],"yoast_head":"<!-- This site is optimized with the Yoast SEO plugin v27.1.1 - https:\/\/yoast.com\/product\/yoast-seo-wordpress\/ -->\n<title>Simpson Hybrid Sport - Hoogstra Autosport<\/title>\n<meta name=\"robots\" content=\"index, follow, max-snippet:-1, max-image-preview:large, max-video-preview:-1\" \/>\n<link rel=\"canonical\" href=\"https:\/\/www.hoogstra-autosport.nl\/de\/produkt\/simpson-hybrid-pro-rage-sport-hc\/\" \/>\n<meta property=\"og:locale\" content=\"de_DE\" \/>\n<meta property=\"og:type\" content=\"article\" \/>\n<meta property=\"og:title\" content=\"Simpson Hybrid Sport - Hoogstra Autosport\" \/>\n<meta property=\"og:description\" content=\"Hyrbid Pro Rage Sport Het beste neksysteem tot nu toe ! Met FIA 8858-2010 keurmerk , geweldige zitting Verkrijgbaar in meerdere maten XS, S M\u00a0 L XL \u00a0( kijk voor de maat naar afbeeldingen) Gewicht 970 gram Deze versie is direct geschikt voor montage aan helmen met hans clips ( merk stand21\/ simpson\/ omp .\/ [&hellip;]\" \/>\n<meta property=\"og:url\" content=\"https:\/\/www.hoogstra-autosport.nl\/de\/produkt\/simpson-hybrid-pro-rage-sport-hc\/\" \/>\n<meta property=\"og:site_name\" content=\"Hoogstra Autosport\" \/>\n<meta property=\"article:modified_time\" content=\"2025-11-21T13:33:04+00:00\" \/>\n<meta property=\"og:image\" content=\"https:\/\/www.hoogstra-autosport.nl\/teamkoen\/wp-content\/uploads\/2014\/12\/simpsonhyrid1.jpg\" \/>\n\t<meta property=\"og:image:width\" content=\"1000\" \/>\n\t<meta property=\"og:image:height\" content=\"1000\" \/>\n\t<meta property=\"og:image:type\" content=\"image\/jpeg\" \/>\n<meta name=\"twitter:card\" content=\"summary_large_image\" \/>\n<meta name=\"twitter:label1\" content=\"Gesch\u00e4tzte Lesezeit\" \/>\n\t<meta name=\"twitter:data1\" content=\"1\u00a0Minute\" \/>\n<script type=\"application\/ld+json\" class=\"yoast-schema-graph\">{\"@context\":\"https:\/\/schema.org\",\"@graph\":[{\"@type\":\"WebPage\",\"@id\":\"https:\/\/www.hoogstra-autosport.nl\/product\/simpson-hybrid-pro-rage-sport-hc\/\",\"url\":\"https:\/\/www.hoogstra-autosport.nl\/product\/simpson-hybrid-pro-rage-sport-hc\/\",\"name\":\"Simpson Hybrid Sport - Hoogstra Autosport\",\"isPartOf\":{\"@id\":\"https:\/\/www.hoogstra-autosport.nl\/#website\"},\"primaryImageOfPage\":{\"@id\":\"https:\/\/www.hoogstra-autosport.nl\/product\/simpson-hybrid-pro-rage-sport-hc\/#primaryimage\"},\"image\":{\"@id\":\"https:\/\/www.hoogstra-autosport.nl\/product\/simpson-hybrid-pro-rage-sport-hc\/#primaryimage\"},\"thumbnailUrl\":\"https:\/\/www.hoogstra-autosport.nl\/teamkoen\/wp-content\/uploads\/2014\/12\/simpsonhyrid1.jpg\",\"datePublished\":\"2014-12-14T20:29:07+00:00\",\"dateModified\":\"2025-11-21T13:33:04+00:00\",\"breadcrumb\":{\"@id\":\"https:\/\/www.hoogstra-autosport.nl\/product\/simpson-hybrid-pro-rage-sport-hc\/#breadcrumb\"},\"inLanguage\":\"de\",\"potentialAction\":[{\"@type\":\"ReadAction\",\"target\":[\"https:\/\/www.hoogstra-autosport.nl\/product\/simpson-hybrid-pro-rage-sport-hc\/\"]}]},{\"@type\":\"ImageObject\",\"inLanguage\":\"de\",\"@id\":\"https:\/\/www.hoogstra-autosport.nl\/product\/simpson-hybrid-pro-rage-sport-hc\/#primaryimage\",\"url\":\"https:\/\/www.hoogstra-autosport.nl\/teamkoen\/wp-content\/uploads\/2014\/12\/simpsonhyrid1.jpg\",\"contentUrl\":\"https:\/\/www.hoogstra-autosport.nl\/teamkoen\/wp-content\/uploads\/2014\/12\/simpsonhyrid1.jpg\",\"width\":1000,\"height\":1000},{\"@type\":\"BreadcrumbList\",\"@id\":\"https:\/\/www.hoogstra-autosport.nl\/product\/simpson-hybrid-pro-rage-sport-hc\/#breadcrumb\",\"itemListElement\":[{\"@type\":\"ListItem\",\"position\":1,\"name\":\"Home\",\"item\":\"https:\/\/www.hoogstra-autosport.nl\/\"},{\"@type\":\"ListItem\",\"position\":2,\"name\":\"Uitrusting\",\"item\":\"https:\/\/www.hoogstra-autosport.nl\/product-categorie\/autosport-kleding-helmen\/\"},{\"@type\":\"ListItem\",\"position\":3,\"name\":\"H.A.N.S. &amp; Simpson Systemen\",\"item\":\"https:\/\/www.hoogstra-autosport.nl\/product-categorie\/autosport-kleding-helmen\/hans-systeem\/\"},{\"@type\":\"ListItem\",\"position\":4,\"name\":\"Simpson Hybrid\",\"item\":\"https:\/\/www.hoogstra-autosport.nl\/product-categorie\/autosport-kleding-helmen\/hans-systeem\/hybrid-hans-systeem\/\"},{\"@type\":\"ListItem\",\"position\":5,\"name\":\"Simpson Hybrid Sport\"}]},{\"@type\":\"WebSite\",\"@id\":\"https:\/\/www.hoogstra-autosport.nl\/#website\",\"url\":\"https:\/\/www.hoogstra-autosport.nl\/\",\"name\":\"Hoogstra Autosport\",\"description\":\"Performance Autosport Parts!\",\"potentialAction\":[{\"@type\":\"SearchAction\",\"target\":{\"@type\":\"EntryPoint\",\"urlTemplate\":\"https:\/\/www.hoogstra-autosport.nl\/?s={search_term_string}\"},\"query-input\":{\"@type\":\"PropertyValueSpecification\",\"valueRequired\":true,\"valueName\":\"search_term_string\"}}],\"inLanguage\":\"de\"}]}<\/script>\n<!-- \/ Yoast SEO plugin. -->","yoast_head_json":{"title":"Simpson Hybrid Sport - Hoogstra Autosport","robots":{"index":"index","follow":"follow","max-snippet":"max-snippet:-1","max-image-preview":"max-image-preview:large","max-video-preview":"max-video-preview:-1"},"canonical":"https:\/\/www.hoogstra-autosport.nl\/de\/produkt\/simpson-hybrid-pro-rage-sport-hc\/","og_locale":"de_DE","og_type":"article","og_title":"Simpson Hybrid Sport - Hoogstra Autosport","og_description":"Hyrbid Pro Rage Sport Het beste neksysteem tot nu toe ! Met FIA 8858-2010 keurmerk , geweldige zitting Verkrijgbaar in meerdere maten XS, S M\u00a0 L XL \u00a0( kijk voor de maat naar afbeeldingen) Gewicht 970 gram Deze versie is direct geschikt voor montage aan helmen met hans clips ( merk stand21\/ simpson\/ omp .\/ [&hellip;]","og_url":"https:\/\/www.hoogstra-autosport.nl\/de\/produkt\/simpson-hybrid-pro-rage-sport-hc\/","og_site_name":"Hoogstra Autosport","article_modified_time":"2025-11-21T13:33:04+00:00","og_image":[{"width":1000,"height":1000,"url":"https:\/\/www.hoogstra-autosport.nl\/teamkoen\/wp-content\/uploads\/2014\/12\/simpsonhyrid1.jpg","type":"image\/jpeg"}],"twitter_card":"summary_large_image","twitter_misc":{"Gesch\u00e4tzte Lesezeit":"1\u00a0Minute"},"schema":{"@context":"https:\/\/schema.org","@graph":[{"@type":"WebPage","@id":"https:\/\/www.hoogstra-autosport.nl\/product\/simpson-hybrid-pro-rage-sport-hc\/","url":"https:\/\/www.hoogstra-autosport.nl\/product\/simpson-hybrid-pro-rage-sport-hc\/","name":"Simpson Hybrid Sport - Hoogstra Autosport","isPartOf":{"@id":"https:\/\/www.hoogstra-autosport.nl\/#website"},"primaryImageOfPage":{"@id":"https:\/\/www.hoogstra-autosport.nl\/product\/simpson-hybrid-pro-rage-sport-hc\/#primaryimage"},"image":{"@id":"https:\/\/www.hoogstra-autosport.nl\/product\/simpson-hybrid-pro-rage-sport-hc\/#primaryimage"},"thumbnailUrl":"https:\/\/www.hoogstra-autosport.nl\/teamkoen\/wp-content\/uploads\/2014\/12\/simpsonhyrid1.jpg","datePublished":"2014-12-14T20:29:07+00:00","dateModified":"2025-11-21T13:33:04+00:00","breadcrumb":{"@id":"https:\/\/www.hoogstra-autosport.nl\/product\/simpson-hybrid-pro-rage-sport-hc\/#breadcrumb"},"inLanguage":"de","potentialAction":[{"@type":"ReadAction","target":["https:\/\/www.hoogstra-autosport.nl\/product\/simpson-hybrid-pro-rage-sport-hc\/"]}]},{"@type":"ImageObject","inLanguage":"de","@id":"https:\/\/www.hoogstra-autosport.nl\/product\/simpson-hybrid-pro-rage-sport-hc\/#primaryimage","url":"https:\/\/www.hoogstra-autosport.nl\/teamkoen\/wp-content\/uploads\/2014\/12\/simpsonhyrid1.jpg","contentUrl":"https:\/\/www.hoogstra-autosport.nl\/teamkoen\/wp-content\/uploads\/2014\/12\/simpsonhyrid1.jpg","width":1000,"height":1000},{"@type":"BreadcrumbList","@id":"https:\/\/www.hoogstra-autosport.nl\/product\/simpson-hybrid-pro-rage-sport-hc\/#breadcrumb","itemListElement":[{"@type":"ListItem","position":1,"name":"Home","item":"https:\/\/www.hoogstra-autosport.nl\/"},{"@type":"ListItem","position":2,"name":"Uitrusting","item":"https:\/\/www.hoogstra-autosport.nl\/product-categorie\/autosport-kleding-helmen\/"},{"@type":"ListItem","position":3,"name":"H.A.N.S. &amp; Simpson Systemen","item":"https:\/\/www.hoogstra-autosport.nl\/product-categorie\/autosport-kleding-helmen\/hans-systeem\/"},{"@type":"ListItem","position":4,"name":"Simpson Hybrid","item":"https:\/\/www.hoogstra-autosport.nl\/product-categorie\/autosport-kleding-helmen\/hans-systeem\/hybrid-hans-systeem\/"},{"@type":"ListItem","position":5,"name":"Simpson Hybrid Sport"}]},{"@type":"WebSite","@id":"https:\/\/www.hoogstra-autosport.nl\/#website","url":"https:\/\/www.hoogstra-autosport.nl\/","name":"Hoogstra Autosport","description":"Performance Autosport Parts!","potentialAction":[{"@type":"SearchAction","target":{"@type":"EntryPoint","urlTemplate":"https:\/\/www.hoogstra-autosport.nl\/?s={search_term_string}"},"query-input":{"@type":"PropertyValueSpecification","valueRequired":true,"valueName":"search_term_string"}}],"inLanguage":"de"}]}},"tiered_pricing_type":"fixed","tiered_pricing_fixed_rules":[],"tiered_pricing_product_settings":{"layout":"default","base_unit_name":{"singular":null,"plural":null},"default_variation":null},"tiered_pricing_minimum_quantity":null,"tiered_pricing_roles_data":[],"tiered_pricing_percentage_rules":[],"tiered_pricing_maximum_quantity":null,"tiered_pricing_quantity_step":null,"_links":{"self":[{"href":"https:\/\/www.hoogstra-autosport.nl\/de\/wp-json\/wp\/v2\/product\/8005","targetHints":{"allow":["GET"]}}],"collection":[{"href":"https:\/\/www.hoogstra-autosport.nl\/de\/wp-json\/wp\/v2\/product"}],"about":[{"href":"https:\/\/www.hoogstra-autosport.nl\/de\/wp-json\/wp\/v2\/types\/product"}],"wp:featuredmedia":[{"embeddable":true,"href":"https:\/\/www.hoogstra-autosport.nl\/de\/wp-json\/wp\/v2\/media\/92751"}],"wp:attachment":[{"href":"https:\/\/www.hoogstra-autosport.nl\/de\/wp-json\/wp\/v2\/media?parent=8005"}],"wp:term":[{"taxonomy":"product_brand","embeddable":true,"href":"https:\/\/www.hoogstra-autosport.nl\/de\/wp-json\/wp\/v2\/product_brand?post=8005"},{"taxonomy":"product_cat","embeddable":true,"href":"https:\/\/www.hoogstra-autosport.nl\/de\/wp-json\/wp\/v2\/product_cat?post=8005"},{"taxonomy":"product_tag","embeddable":true,"href":"https:\/\/www.hoogstra-autosport.nl\/de\/wp-json\/wp\/v2\/product_tag?post=8005"}],"curies":[{"name":"wp","href":"https:\/\/api.w.org\/{rel}","templated":true}]}}