{"id":7973,"date":"2014-11-03T18:13:06","date_gmt":"2014-11-03T17:13:06","guid":{"rendered":"http:\/\/hoogstra-autosport.nl\/?product=atl-fia-tank-10-liter"},"modified":"2026-01-29T08:10:12","modified_gmt":"2026-01-29T07:10:12","slug":"atl-fia-tank-10-liter","status":"publish","type":"product","link":"https:\/\/www.hoogstra-autosport.nl\/de\/produkt\/atl-fia-tank-10-liter\/","title":{"rendered":"ATL Fia Beh\u00e4lter 10 Liter SA-AA-010"},"content":{"rendered":"<p>FIA-zugelassener Tank mit einem Fassungsverm\u00f6gen von 10 Litern.<\/p>\n<p>ATL RacellFIA Tank<\/p>\n<p>Tankinhalt 11 Liter<\/p>\n<p>Gr\u00f6\u00dfe lxbxh ca. 203mmx203mmx381mm<br \/>\nGewicht ca. 2,2 kg<br \/>\nAnschlussnippel 2x Dash 8 f\u00fcr Ansaugung, 1x Dash 8 R\u00fccklauf 1x Dash 6 Entl\u00fcftungsnippel.<br \/>\nAusgestattet mit Entl\u00fcftungsventil und direktem R\u00fcckschlagventil (bei Aufh\u00e4ngung \u00fcber Kopf schlie\u00dft es sich)<br \/>\nDas FIA-Zertifikat ist in dem Jahr, in dem Sie sie kaufen, enthalten.<\/p>","protected":false},"excerpt":{"rendered":"<p>FIA goedgekeurde tank met een inhoud van 10 liter . ATL RacellFIA Tank Tankinhoud 11 liter Grootte\u00a0lxbxh ca. 203mmx203mmx381mm Gewicht ca. 2,2 Kg Aansluitnippels 2x Dash 8 voor aanzuiging , 1x Dash 8\u00a0retour\u00a01x Dash 6 ontluchtingsnippel. Voorzien van ontluchtingsventiel en direct terugslagklep ( voor op de kop hangen sluit deze af) FIA certificaat word meegeleverd [&hellip;]<\/p>\n","protected":false},"featured_media":63007,"template":"","meta":{"_acf_changed":false},"product_brand":[],"product_cat":[2749],"product_tag":[],"class_list":{"0":"post-7973","1":"product","2":"type-product","3":"status-publish","4":"has-post-thumbnail","6":"product_cat-atl-tank-jaz-kunststof-tank","7":"product_shipping_class-4016","9":"first","10":"instock","11":"taxable","12":"shipping-taxable","13":"purchasable","14":"product-type-simple"},"acf":[],"yoast_head":"<!-- This site is optimized with the Yoast SEO plugin v27.1.1 - https:\/\/yoast.com\/product\/yoast-seo-wordpress\/ -->\n<title>ATL Fia Tank 10 liter SA-AA-010 - Hoogstra Autosport<\/title>\n<meta name=\"description\" content=\"Benzine tank fia tank\" \/>\n<meta name=\"robots\" content=\"index, follow, max-snippet:-1, max-image-preview:large, max-video-preview:-1\" \/>\n<link rel=\"canonical\" href=\"https:\/\/www.hoogstra-autosport.nl\/de\/produkt\/atl-fia-tank-10-liter\/\" \/>\n<meta property=\"og:locale\" content=\"de_DE\" \/>\n<meta property=\"og:type\" content=\"article\" \/>\n<meta property=\"og:title\" content=\"ATL Fia Tank 10 liter SA-AA-010 - Hoogstra Autosport\" \/>\n<meta property=\"og:description\" content=\"Benzine tank fia tank\" \/>\n<meta property=\"og:url\" content=\"https:\/\/www.hoogstra-autosport.nl\/de\/produkt\/atl-fia-tank-10-liter\/\" \/>\n<meta property=\"og:site_name\" content=\"Hoogstra Autosport\" \/>\n<meta property=\"article:modified_time\" content=\"2026-01-29T07:10:12+00:00\" \/>\n<meta property=\"og:image\" content=\"https:\/\/www.hoogstra-autosport.nl\/teamkoen\/wp-content\/uploads\/2014\/11\/atl.jpg\" \/>\n\t<meta property=\"og:image:width\" content=\"986\" \/>\n\t<meta property=\"og:image:height\" content=\"986\" \/>\n\t<meta property=\"og:image:type\" content=\"image\/jpeg\" \/>\n<meta name=\"twitter:card\" content=\"summary_large_image\" \/>\n<meta name=\"twitter:label1\" content=\"Gesch\u00e4tzte Lesezeit\" \/>\n\t<meta name=\"twitter:data1\" content=\"1\u00a0Minute\" \/>\n<script type=\"application\/ld+json\" class=\"yoast-schema-graph\">{\"@context\":\"https:\/\/schema.org\",\"@graph\":[{\"@type\":\"WebPage\",\"@id\":\"https:\/\/www.hoogstra-autosport.nl\/product\/atl-fia-tank-10-liter\/\",\"url\":\"https:\/\/www.hoogstra-autosport.nl\/product\/atl-fia-tank-10-liter\/\",\"name\":\"ATL Fia Tank 10 liter SA-AA-010 - Hoogstra Autosport\",\"isPartOf\":{\"@id\":\"https:\/\/www.hoogstra-autosport.nl\/#website\"},\"primaryImageOfPage\":{\"@id\":\"https:\/\/www.hoogstra-autosport.nl\/product\/atl-fia-tank-10-liter\/#primaryimage\"},\"image\":{\"@id\":\"https:\/\/www.hoogstra-autosport.nl\/product\/atl-fia-tank-10-liter\/#primaryimage\"},\"thumbnailUrl\":\"https:\/\/www.hoogstra-autosport.nl\/teamkoen\/wp-content\/uploads\/2014\/11\/atl.jpg\",\"datePublished\":\"2014-11-03T17:13:06+00:00\",\"dateModified\":\"2026-01-29T07:10:12+00:00\",\"description\":\"Benzine tank fia tank\",\"breadcrumb\":{\"@id\":\"https:\/\/www.hoogstra-autosport.nl\/product\/atl-fia-tank-10-liter\/#breadcrumb\"},\"inLanguage\":\"de\",\"potentialAction\":[{\"@type\":\"ReadAction\",\"target\":[\"https:\/\/www.hoogstra-autosport.nl\/product\/atl-fia-tank-10-liter\/\"]}]},{\"@type\":\"ImageObject\",\"inLanguage\":\"de\",\"@id\":\"https:\/\/www.hoogstra-autosport.nl\/product\/atl-fia-tank-10-liter\/#primaryimage\",\"url\":\"https:\/\/www.hoogstra-autosport.nl\/teamkoen\/wp-content\/uploads\/2014\/11\/atl.jpg\",\"contentUrl\":\"https:\/\/www.hoogstra-autosport.nl\/teamkoen\/wp-content\/uploads\/2014\/11\/atl.jpg\",\"width\":986,\"height\":986},{\"@type\":\"BreadcrumbList\",\"@id\":\"https:\/\/www.hoogstra-autosport.nl\/product\/atl-fia-tank-10-liter\/#breadcrumb\",\"itemListElement\":[{\"@type\":\"ListItem\",\"position\":1,\"name\":\"Home\",\"item\":\"https:\/\/www.hoogstra-autosport.nl\/\"},{\"@type\":\"ListItem\",\"position\":2,\"name\":\"Brandstof Systeem\",\"item\":\"https:\/\/www.hoogstra-autosport.nl\/product-categorie\/brandstof-systeem-2\/\"},{\"@type\":\"ListItem\",\"position\":3,\"name\":\"Brandstoftanken\",\"item\":\"https:\/\/www.hoogstra-autosport.nl\/product-categorie\/brandstof-systeem-2\/brandstoftanken\/\"},{\"@type\":\"ListItem\",\"position\":4,\"name\":\"ATL TANK \/ JAZ kunststof tank\",\"item\":\"https:\/\/www.hoogstra-autosport.nl\/product-categorie\/brandstof-systeem-2\/brandstoftanken\/atl-tank-jaz-kunststof-tank\/\"},{\"@type\":\"ListItem\",\"position\":5,\"name\":\"ATL Fia Tank 10 liter SA-AA-010\"}]},{\"@type\":\"WebSite\",\"@id\":\"https:\/\/www.hoogstra-autosport.nl\/#website\",\"url\":\"https:\/\/www.hoogstra-autosport.nl\/\",\"name\":\"Hoogstra Autosport\",\"description\":\"Performance Autosport Parts!\",\"potentialAction\":[{\"@type\":\"SearchAction\",\"target\":{\"@type\":\"EntryPoint\",\"urlTemplate\":\"https:\/\/www.hoogstra-autosport.nl\/?s={search_term_string}\"},\"query-input\":{\"@type\":\"PropertyValueSpecification\",\"valueRequired\":true,\"valueName\":\"search_term_string\"}}],\"inLanguage\":\"de\"}]}<\/script>\n<!-- \/ Yoast SEO plugin. -->","yoast_head_json":{"title":"ATL Fia Tank 10 liter SA-AA-010 - Hoogstra Autosport","description":"Benzine tank fia tank","robots":{"index":"index","follow":"follow","max-snippet":"max-snippet:-1","max-image-preview":"max-image-preview:large","max-video-preview":"max-video-preview:-1"},"canonical":"https:\/\/www.hoogstra-autosport.nl\/de\/produkt\/atl-fia-tank-10-liter\/","og_locale":"de_DE","og_type":"article","og_title":"ATL Fia Tank 10 liter SA-AA-010 - Hoogstra Autosport","og_description":"Benzine tank fia tank","og_url":"https:\/\/www.hoogstra-autosport.nl\/de\/produkt\/atl-fia-tank-10-liter\/","og_site_name":"Hoogstra Autosport","article_modified_time":"2026-01-29T07:10:12+00:00","og_image":[{"width":986,"height":986,"url":"https:\/\/www.hoogstra-autosport.nl\/teamkoen\/wp-content\/uploads\/2014\/11\/atl.jpg","type":"image\/jpeg"}],"twitter_card":"summary_large_image","twitter_misc":{"Gesch\u00e4tzte Lesezeit":"1\u00a0Minute"},"schema":{"@context":"https:\/\/schema.org","@graph":[{"@type":"WebPage","@id":"https:\/\/www.hoogstra-autosport.nl\/product\/atl-fia-tank-10-liter\/","url":"https:\/\/www.hoogstra-autosport.nl\/product\/atl-fia-tank-10-liter\/","name":"ATL Fia Tank 10 liter SA-AA-010 - Hoogstra Autosport","isPartOf":{"@id":"https:\/\/www.hoogstra-autosport.nl\/#website"},"primaryImageOfPage":{"@id":"https:\/\/www.hoogstra-autosport.nl\/product\/atl-fia-tank-10-liter\/#primaryimage"},"image":{"@id":"https:\/\/www.hoogstra-autosport.nl\/product\/atl-fia-tank-10-liter\/#primaryimage"},"thumbnailUrl":"https:\/\/www.hoogstra-autosport.nl\/teamkoen\/wp-content\/uploads\/2014\/11\/atl.jpg","datePublished":"2014-11-03T17:13:06+00:00","dateModified":"2026-01-29T07:10:12+00:00","description":"Benzine tank fia tank","breadcrumb":{"@id":"https:\/\/www.hoogstra-autosport.nl\/product\/atl-fia-tank-10-liter\/#breadcrumb"},"inLanguage":"de","potentialAction":[{"@type":"ReadAction","target":["https:\/\/www.hoogstra-autosport.nl\/product\/atl-fia-tank-10-liter\/"]}]},{"@type":"ImageObject","inLanguage":"de","@id":"https:\/\/www.hoogstra-autosport.nl\/product\/atl-fia-tank-10-liter\/#primaryimage","url":"https:\/\/www.hoogstra-autosport.nl\/teamkoen\/wp-content\/uploads\/2014\/11\/atl.jpg","contentUrl":"https:\/\/www.hoogstra-autosport.nl\/teamkoen\/wp-content\/uploads\/2014\/11\/atl.jpg","width":986,"height":986},{"@type":"BreadcrumbList","@id":"https:\/\/www.hoogstra-autosport.nl\/product\/atl-fia-tank-10-liter\/#breadcrumb","itemListElement":[{"@type":"ListItem","position":1,"name":"Home","item":"https:\/\/www.hoogstra-autosport.nl\/"},{"@type":"ListItem","position":2,"name":"Brandstof Systeem","item":"https:\/\/www.hoogstra-autosport.nl\/product-categorie\/brandstof-systeem-2\/"},{"@type":"ListItem","position":3,"name":"Brandstoftanken","item":"https:\/\/www.hoogstra-autosport.nl\/product-categorie\/brandstof-systeem-2\/brandstoftanken\/"},{"@type":"ListItem","position":4,"name":"ATL TANK \/ JAZ kunststof tank","item":"https:\/\/www.hoogstra-autosport.nl\/product-categorie\/brandstof-systeem-2\/brandstoftanken\/atl-tank-jaz-kunststof-tank\/"},{"@type":"ListItem","position":5,"name":"ATL Fia Tank 10 liter SA-AA-010"}]},{"@type":"WebSite","@id":"https:\/\/www.hoogstra-autosport.nl\/#website","url":"https:\/\/www.hoogstra-autosport.nl\/","name":"Hoogstra Autosport","description":"Performance Autosport Parts!","potentialAction":[{"@type":"SearchAction","target":{"@type":"EntryPoint","urlTemplate":"https:\/\/www.hoogstra-autosport.nl\/?s={search_term_string}"},"query-input":{"@type":"PropertyValueSpecification","valueRequired":true,"valueName":"search_term_string"}}],"inLanguage":"de"}]}},"tiered_pricing_type":"fixed","tiered_pricing_fixed_rules":[],"tiered_pricing_product_settings":{"layout":"default","base_unit_name":{"singular":null,"plural":null},"default_variation":null},"tiered_pricing_minimum_quantity":null,"tiered_pricing_roles_data":[],"tiered_pricing_percentage_rules":[],"tiered_pricing_maximum_quantity":null,"tiered_pricing_quantity_step":null,"_links":{"self":[{"href":"https:\/\/www.hoogstra-autosport.nl\/de\/wp-json\/wp\/v2\/product\/7973","targetHints":{"allow":["GET"]}}],"collection":[{"href":"https:\/\/www.hoogstra-autosport.nl\/de\/wp-json\/wp\/v2\/product"}],"about":[{"href":"https:\/\/www.hoogstra-autosport.nl\/de\/wp-json\/wp\/v2\/types\/product"}],"wp:featuredmedia":[{"embeddable":true,"href":"https:\/\/www.hoogstra-autosport.nl\/de\/wp-json\/wp\/v2\/media\/63007"}],"wp:attachment":[{"href":"https:\/\/www.hoogstra-autosport.nl\/de\/wp-json\/wp\/v2\/media?parent=7973"}],"wp:term":[{"taxonomy":"product_brand","embeddable":true,"href":"https:\/\/www.hoogstra-autosport.nl\/de\/wp-json\/wp\/v2\/product_brand?post=7973"},{"taxonomy":"product_cat","embeddable":true,"href":"https:\/\/www.hoogstra-autosport.nl\/de\/wp-json\/wp\/v2\/product_cat?post=7973"},{"taxonomy":"product_tag","embeddable":true,"href":"https:\/\/www.hoogstra-autosport.nl\/de\/wp-json\/wp\/v2\/product_tag?post=7973"}],"curies":[{"name":"wp","href":"https:\/\/api.w.org\/{rel}","templated":true}]}}