{"id":79024,"date":"2025-01-18T10:36:39","date_gmt":"2025-01-18T09:36:39","guid":{"rendered":"https:\/\/www.hoogstra-autosport.nl\/?post_type=product&#038;p=79024"},"modified":"2025-12-01T10:59:40","modified_gmt":"2025-12-01T09:59:40","slug":"blackline-vw-02a-transmission-push-in-flanges-helical-lsd","status":"publish","type":"product","link":"https:\/\/www.hoogstra-autosport.nl\/de\/produkt\/blackline-vw-02a-transmission-push-in-flanges-helical-lsd\/","title":{"rendered":"Blackline VW 02A Getriebe (Einsteckflansche) Helical LSD."},"content":{"rendered":"<p><span class=\"jCAhz ChMk0b\"><span class=\"ryNqvb\">Geeignet f\u00fcr:- Golf Mk3\/4 Corrado Jetta Vento Helical LSD Vorteile:- Gleiche Drehgeschwindigkeit f\u00fcr beide R\u00e4der Drehmomentverteilung je nach Traktion Minimaler Wartungsaufwand - keine Kupplungen Schnelles Ansprechen im Vergleich zu viskosen LSDs Weiches und progressives Einkuppeln, Ger\u00e4uscharm Einfach zu steuernder Nebenabtrieb und Drift Zahnr\u00e4der und Geh\u00e4use aus 8620 legiertem Stahl Direkter Ersatz f\u00fcr Standarddifferentiale Blackline Helical LSDs - Wie sie funktionieren Die Blackline Helical LSDs sind drehmomentabh\u00e4ngig, d.h. sie verteilen das Drehmoment zwischen den R\u00e4dern, wobei das Rad mit der besten Traktion st\u00e4rker belastet wird, was Leistung und Handling verbessert.<\/span><\/span> <span class=\"jCAhz\"><span class=\"ryNqvb\">Besonders in Situationen mit wenig Grip.<\/span><\/span><span class=\"jCAhz ChMk0b\"><span class=\"ryNqvb\"> Die Schr\u00e4gverzahnung regelt die Verteilung der Reibung im LSD.<\/span><\/span> <span class=\"jCAhz\"><span class=\"ryNqvb\">Wenn ein Drehmoment auf das schr\u00e4gverzahnte Zahnradsystem ausge\u00fcbt wird, entsteht eine Kraft, die das Zahnrad in das Differentialgeh\u00e4use dr\u00fcckt, wodurch Reibung entsteht.<\/span><\/span> <span class=\"jCAhz\"><span class=\"ryNqvb\">Eine Erh\u00f6hung des Drehmoments erh\u00f6ht die Schubkraft, die direkt proportional zur H\u00f6he des Drehmoments ist.<\/span><\/span> <span class=\"jCAhz ChMk0b\"><span class=\"ryNqvb\">Dadurch kann das Blackline LSD selbst bei starker Leistungsentfaltung, wie z.B. beim Ausfahren aus einer Hochleistungskurve, mit erheblichen Traktionsungleichgewichten umgehen.<\/span><\/span> <span class=\"jCAhz ChMk0b\"><span class=\"ryNqvb\">Aber bei niedrigen Drehmomenten kann das LSD leise und sanft differenzieren, was das Differential sehr geeignet f\u00fcr normale Stra\u00dfenfahrten macht.<\/span><\/span> <span class=\"jCAhz\"><span class=\"ryNqvb\">Das Blackline LSD verwendet die beliebte schr\u00e4gverzahnte Parallelwellenkonfiguration, die f\u00fcr eine gleichm\u00e4\u00dfige Lastverteilung optimiert ist.<\/span><\/span> <span class=\"jCAhz\"><span class=\"ryNqvb\">Sie sind mit einer Drehmomentverteilung von 5:1 ausgelegt, d. h., wenn ein Rad die Haftung verliert, kann das Rad mit der gr\u00f6\u00dften Haftung f\u00fcnfmal so viel Drehmoment erhalten wie das Rad, das rutscht.<\/span><\/span> <span class=\"jCAhz\"><span class=\"ryNqvb\">F\u00fcnf mal Null ist jedoch immer noch Null, so dass all diese schraubenf\u00f6rmigen LSDs am besten funktionieren, wenn beide R\u00e4der \"angezogen\" sind und noch etwas Grip am rutschenden Rad vorhanden ist.<\/span><\/span> <span class=\"jCAhz ChMk0b\"><span class=\"ryNqvb\">In der Praxis ist dies selten ein Problem, da das durchdrehende Rad immer einen gewissen \"Widerstand\" hat, aber einige Fahrer nutzen geschickt die linke Fu\u00dfbremse, um das durchdrehende Rad teilweise zu blockieren.<\/span><\/span><span class=\"jCAhz ChMk0b\"><span class=\"ryNqvb\"> Hinweis: Schraubenf\u00f6rmige LSDs funktionieren besonders gut in Kombination mit modernen Antiblockiersystemen.\u00a0<\/span><\/span><\/p>","protected":false},"excerpt":{"rendered":"<p>Geschikt voor:- Golf Mk3\/4 Corrado Jetta Vento Helical LSD Voordelen:- Gelijke rotatiesnelheid naar beide wielen Koppel verdeeld volgens tractie Minimale servicevereisten &#8211; geen koppelingen Snelle reactie vergeleken met viskeuze LSD&#8217;s Zachte en progressieve aangrijping, weinig geluid Eenvoudig te regelen aftakas en driften Tandwielen en carrosserie vervaardigd van 8620 gelegeerd staal Directe vervanging in standaard differentieel [&hellip;]<\/p>\n","protected":false},"featured_media":94155,"template":"","meta":{"_acf_changed":false},"product_brand":[],"product_cat":[2614],"product_tag":[],"class_list":{"0":"post-79024","1":"product","2":"type-product","3":"status-publish","4":"has-post-thumbnail","6":"product_cat-sperdifferentielen","8":"first","9":"instock","10":"taxable","11":"shipping-taxable","12":"purchasable","13":"product-type-simple"},"acf":[],"yoast_head":"<!-- This site is optimized with the Yoast SEO plugin v27.1.1 - https:\/\/yoast.com\/product\/yoast-seo-wordpress\/ -->\n<title>Blackline VW 02A Transmission (push in flanges) Helical LSD. - Hoogstra Autosport<\/title>\n<meta name=\"robots\" content=\"index, follow, max-snippet:-1, max-image-preview:large, max-video-preview:-1\" \/>\n<link rel=\"canonical\" href=\"https:\/\/www.hoogstra-autosport.nl\/de\/produkt\/blackline-vw-02a-transmission-push-in-flanges-helical-lsd\/\" \/>\n<meta property=\"og:locale\" content=\"de_DE\" \/>\n<meta property=\"og:type\" content=\"article\" \/>\n<meta property=\"og:title\" content=\"Blackline VW 02A Transmission (push in flanges) Helical LSD. - Hoogstra Autosport\" \/>\n<meta property=\"og:description\" content=\"Geschikt voor:- Golf Mk3\/4 Corrado Jetta Vento Helical LSD Voordelen:- Gelijke rotatiesnelheid naar beide wielen Koppel verdeeld volgens tractie Minimale servicevereisten &#8211; geen koppelingen Snelle reactie vergeleken met viskeuze LSD&#8217;s Zachte en progressieve aangrijping, weinig geluid Eenvoudig te regelen aftakas en driften Tandwielen en carrosserie vervaardigd van 8620 gelegeerd staal Directe vervanging in standaard differentieel [&hellip;]\" \/>\n<meta property=\"og:url\" content=\"https:\/\/www.hoogstra-autosport.nl\/de\/produkt\/blackline-vw-02a-transmission-push-in-flanges-helical-lsd\/\" \/>\n<meta property=\"og:site_name\" content=\"Hoogstra Autosport\" \/>\n<meta property=\"article:modified_time\" content=\"2025-12-01T09:59:40+00:00\" \/>\n<meta property=\"og:image\" content=\"https:\/\/www.hoogstra-autosport.nl\/teamkoen\/wp-content\/uploads\/2025\/01\/Untitled-Project-95.jpg\" \/>\n\t<meta property=\"og:image:width\" content=\"1080\" \/>\n\t<meta property=\"og:image:height\" content=\"1080\" \/>\n\t<meta property=\"og:image:type\" content=\"image\/jpeg\" \/>\n<meta name=\"twitter:card\" content=\"summary_large_image\" \/>\n<meta name=\"twitter:label1\" content=\"Gesch\u00e4tzte Lesezeit\" \/>\n\t<meta name=\"twitter:data1\" content=\"2\u00a0Minuten\" \/>\n<script type=\"application\/ld+json\" class=\"yoast-schema-graph\">{\"@context\":\"https:\/\/schema.org\",\"@graph\":[{\"@type\":\"WebPage\",\"@id\":\"https:\/\/www.hoogstra-autosport.nl\/product\/blackline-vw-02a-transmission-push-in-flanges-helical-lsd\/\",\"url\":\"https:\/\/www.hoogstra-autosport.nl\/product\/blackline-vw-02a-transmission-push-in-flanges-helical-lsd\/\",\"name\":\"Blackline VW 02A Transmission (push in flanges) Helical LSD. - Hoogstra Autosport\",\"isPartOf\":{\"@id\":\"https:\/\/www.hoogstra-autosport.nl\/#website\"},\"primaryImageOfPage\":{\"@id\":\"https:\/\/www.hoogstra-autosport.nl\/product\/blackline-vw-02a-transmission-push-in-flanges-helical-lsd\/#primaryimage\"},\"image\":{\"@id\":\"https:\/\/www.hoogstra-autosport.nl\/product\/blackline-vw-02a-transmission-push-in-flanges-helical-lsd\/#primaryimage\"},\"thumbnailUrl\":\"https:\/\/www.hoogstra-autosport.nl\/teamkoen\/wp-content\/uploads\/2025\/01\/Untitled-Project-95.jpg\",\"datePublished\":\"2025-01-18T09:36:39+00:00\",\"dateModified\":\"2025-12-01T09:59:40+00:00\",\"breadcrumb\":{\"@id\":\"https:\/\/www.hoogstra-autosport.nl\/product\/blackline-vw-02a-transmission-push-in-flanges-helical-lsd\/#breadcrumb\"},\"inLanguage\":\"de\",\"potentialAction\":[{\"@type\":\"ReadAction\",\"target\":[\"https:\/\/www.hoogstra-autosport.nl\/product\/blackline-vw-02a-transmission-push-in-flanges-helical-lsd\/\"]}]},{\"@type\":\"ImageObject\",\"inLanguage\":\"de\",\"@id\":\"https:\/\/www.hoogstra-autosport.nl\/product\/blackline-vw-02a-transmission-push-in-flanges-helical-lsd\/#primaryimage\",\"url\":\"https:\/\/www.hoogstra-autosport.nl\/teamkoen\/wp-content\/uploads\/2025\/01\/Untitled-Project-95.jpg\",\"contentUrl\":\"https:\/\/www.hoogstra-autosport.nl\/teamkoen\/wp-content\/uploads\/2025\/01\/Untitled-Project-95.jpg\",\"width\":1080,\"height\":1080},{\"@type\":\"BreadcrumbList\",\"@id\":\"https:\/\/www.hoogstra-autosport.nl\/product\/blackline-vw-02a-transmission-push-in-flanges-helical-lsd\/#breadcrumb\",\"itemListElement\":[{\"@type\":\"ListItem\",\"position\":1,\"name\":\"Home\",\"item\":\"https:\/\/www.hoogstra-autosport.nl\/\"},{\"@type\":\"ListItem\",\"position\":2,\"name\":\"Motorisch\",\"item\":\"https:\/\/www.hoogstra-autosport.nl\/product-categorie\/auto-techniek\/\"},{\"@type\":\"ListItem\",\"position\":3,\"name\":\"Koppeling , Versnellingsbak en Assen\",\"item\":\"https:\/\/www.hoogstra-autosport.nl\/product-categorie\/auto-techniek\/koppeling-versnellingsbak-en-assen\/\"},{\"@type\":\"ListItem\",\"position\":4,\"name\":\"Sperdifferenti\u00eblen\",\"item\":\"https:\/\/www.hoogstra-autosport.nl\/product-categorie\/auto-techniek\/koppeling-versnellingsbak-en-assen\/sperdifferentielen\/\"},{\"@type\":\"ListItem\",\"position\":5,\"name\":\"Blackline VW 02A Transmission (push in flanges) Helical LSD.\"}]},{\"@type\":\"WebSite\",\"@id\":\"https:\/\/www.hoogstra-autosport.nl\/#website\",\"url\":\"https:\/\/www.hoogstra-autosport.nl\/\",\"name\":\"Hoogstra Autosport\",\"description\":\"Performance Autosport Parts!\",\"potentialAction\":[{\"@type\":\"SearchAction\",\"target\":{\"@type\":\"EntryPoint\",\"urlTemplate\":\"https:\/\/www.hoogstra-autosport.nl\/?s={search_term_string}\"},\"query-input\":{\"@type\":\"PropertyValueSpecification\",\"valueRequired\":true,\"valueName\":\"search_term_string\"}}],\"inLanguage\":\"de\"}]}<\/script>\n<!-- \/ Yoast SEO plugin. -->","yoast_head_json":{"title":"Blackline VW 02A Transmission (push in flanges) Helical LSD. - Hoogstra Autosport","robots":{"index":"index","follow":"follow","max-snippet":"max-snippet:-1","max-image-preview":"max-image-preview:large","max-video-preview":"max-video-preview:-1"},"canonical":"https:\/\/www.hoogstra-autosport.nl\/de\/produkt\/blackline-vw-02a-transmission-push-in-flanges-helical-lsd\/","og_locale":"de_DE","og_type":"article","og_title":"Blackline VW 02A Transmission (push in flanges) Helical LSD. - Hoogstra Autosport","og_description":"Geschikt voor:- Golf Mk3\/4 Corrado Jetta Vento Helical LSD Voordelen:- Gelijke rotatiesnelheid naar beide wielen Koppel verdeeld volgens tractie Minimale servicevereisten &#8211; geen koppelingen Snelle reactie vergeleken met viskeuze LSD&#8217;s Zachte en progressieve aangrijping, weinig geluid Eenvoudig te regelen aftakas en driften Tandwielen en carrosserie vervaardigd van 8620 gelegeerd staal Directe vervanging in standaard differentieel [&hellip;]","og_url":"https:\/\/www.hoogstra-autosport.nl\/de\/produkt\/blackline-vw-02a-transmission-push-in-flanges-helical-lsd\/","og_site_name":"Hoogstra Autosport","article_modified_time":"2025-12-01T09:59:40+00:00","og_image":[{"width":1080,"height":1080,"url":"https:\/\/www.hoogstra-autosport.nl\/teamkoen\/wp-content\/uploads\/2025\/01\/Untitled-Project-95.jpg","type":"image\/jpeg"}],"twitter_card":"summary_large_image","twitter_misc":{"Gesch\u00e4tzte Lesezeit":"2\u00a0Minuten"},"schema":{"@context":"https:\/\/schema.org","@graph":[{"@type":"WebPage","@id":"https:\/\/www.hoogstra-autosport.nl\/product\/blackline-vw-02a-transmission-push-in-flanges-helical-lsd\/","url":"https:\/\/www.hoogstra-autosport.nl\/product\/blackline-vw-02a-transmission-push-in-flanges-helical-lsd\/","name":"Blackline VW 02A Transmission (push in flanges) Helical LSD. - Hoogstra Autosport","isPartOf":{"@id":"https:\/\/www.hoogstra-autosport.nl\/#website"},"primaryImageOfPage":{"@id":"https:\/\/www.hoogstra-autosport.nl\/product\/blackline-vw-02a-transmission-push-in-flanges-helical-lsd\/#primaryimage"},"image":{"@id":"https:\/\/www.hoogstra-autosport.nl\/product\/blackline-vw-02a-transmission-push-in-flanges-helical-lsd\/#primaryimage"},"thumbnailUrl":"https:\/\/www.hoogstra-autosport.nl\/teamkoen\/wp-content\/uploads\/2025\/01\/Untitled-Project-95.jpg","datePublished":"2025-01-18T09:36:39+00:00","dateModified":"2025-12-01T09:59:40+00:00","breadcrumb":{"@id":"https:\/\/www.hoogstra-autosport.nl\/product\/blackline-vw-02a-transmission-push-in-flanges-helical-lsd\/#breadcrumb"},"inLanguage":"de","potentialAction":[{"@type":"ReadAction","target":["https:\/\/www.hoogstra-autosport.nl\/product\/blackline-vw-02a-transmission-push-in-flanges-helical-lsd\/"]}]},{"@type":"ImageObject","inLanguage":"de","@id":"https:\/\/www.hoogstra-autosport.nl\/product\/blackline-vw-02a-transmission-push-in-flanges-helical-lsd\/#primaryimage","url":"https:\/\/www.hoogstra-autosport.nl\/teamkoen\/wp-content\/uploads\/2025\/01\/Untitled-Project-95.jpg","contentUrl":"https:\/\/www.hoogstra-autosport.nl\/teamkoen\/wp-content\/uploads\/2025\/01\/Untitled-Project-95.jpg","width":1080,"height":1080},{"@type":"BreadcrumbList","@id":"https:\/\/www.hoogstra-autosport.nl\/product\/blackline-vw-02a-transmission-push-in-flanges-helical-lsd\/#breadcrumb","itemListElement":[{"@type":"ListItem","position":1,"name":"Home","item":"https:\/\/www.hoogstra-autosport.nl\/"},{"@type":"ListItem","position":2,"name":"Motorisch","item":"https:\/\/www.hoogstra-autosport.nl\/product-categorie\/auto-techniek\/"},{"@type":"ListItem","position":3,"name":"Koppeling , Versnellingsbak en Assen","item":"https:\/\/www.hoogstra-autosport.nl\/product-categorie\/auto-techniek\/koppeling-versnellingsbak-en-assen\/"},{"@type":"ListItem","position":4,"name":"Sperdifferenti\u00eblen","item":"https:\/\/www.hoogstra-autosport.nl\/product-categorie\/auto-techniek\/koppeling-versnellingsbak-en-assen\/sperdifferentielen\/"},{"@type":"ListItem","position":5,"name":"Blackline VW 02A Transmission (push in flanges) Helical LSD."}]},{"@type":"WebSite","@id":"https:\/\/www.hoogstra-autosport.nl\/#website","url":"https:\/\/www.hoogstra-autosport.nl\/","name":"Hoogstra Autosport","description":"Performance Autosport Parts!","potentialAction":[{"@type":"SearchAction","target":{"@type":"EntryPoint","urlTemplate":"https:\/\/www.hoogstra-autosport.nl\/?s={search_term_string}"},"query-input":{"@type":"PropertyValueSpecification","valueRequired":true,"valueName":"search_term_string"}}],"inLanguage":"de"}]}},"tiered_pricing_type":"fixed","tiered_pricing_fixed_rules":[],"tiered_pricing_product_settings":{"layout":"default","base_unit_name":{"singular":null,"plural":null},"default_variation":null},"tiered_pricing_minimum_quantity":null,"tiered_pricing_roles_data":[],"tiered_pricing_percentage_rules":[],"tiered_pricing_maximum_quantity":null,"tiered_pricing_quantity_step":null,"_links":{"self":[{"href":"https:\/\/www.hoogstra-autosport.nl\/de\/wp-json\/wp\/v2\/product\/79024","targetHints":{"allow":["GET"]}}],"collection":[{"href":"https:\/\/www.hoogstra-autosport.nl\/de\/wp-json\/wp\/v2\/product"}],"about":[{"href":"https:\/\/www.hoogstra-autosport.nl\/de\/wp-json\/wp\/v2\/types\/product"}],"wp:featuredmedia":[{"embeddable":true,"href":"https:\/\/www.hoogstra-autosport.nl\/de\/wp-json\/wp\/v2\/media\/94155"}],"wp:attachment":[{"href":"https:\/\/www.hoogstra-autosport.nl\/de\/wp-json\/wp\/v2\/media?parent=79024"}],"wp:term":[{"taxonomy":"product_brand","embeddable":true,"href":"https:\/\/www.hoogstra-autosport.nl\/de\/wp-json\/wp\/v2\/product_brand?post=79024"},{"taxonomy":"product_cat","embeddable":true,"href":"https:\/\/www.hoogstra-autosport.nl\/de\/wp-json\/wp\/v2\/product_cat?post=79024"},{"taxonomy":"product_tag","embeddable":true,"href":"https:\/\/www.hoogstra-autosport.nl\/de\/wp-json\/wp\/v2\/product_tag?post=79024"}],"curies":[{"name":"wp","href":"https:\/\/api.w.org\/{rel}","templated":true}]}}