{"id":79021,"date":"2025-01-18T09:58:53","date_gmt":"2025-01-18T08:58:53","guid":{"rendered":"https:\/\/www.hoogstra-autosport.nl\/?post_type=product&#038;p=79021"},"modified":"2026-03-05T13:17:00","modified_gmt":"2026-03-05T12:17:00","slug":"blackline-honda-y21-y80-s80-s4c-spiraalvormige-lsd","status":"publish","type":"product","link":"https:\/\/www.hoogstra-autosport.nl\/de\/produkt\/blackline-honda-y21-y80-s80-s4c-spiraalvormige-lsd\/","title":{"rendered":"Blackline Honda Y21\/Y80\/S80\/S4C Spiral LSD"},"content":{"rendered":"<p>lackline Honda Y21\/Y80\/S80\/S4C Spiral LSD Anwendungen:- Honda Civic EK4 Honda CRX (Del Sol) Vtec Honda Civic Si 1999-2000 Vtec Honda Integra GS \/ LS 1990-2000 Honda Integra GS-R 1992-1993, Y21 F\u00fcr Fahrzeuge mit einem Y21\/Y80\/S80 oder S4C Getriebe Vorteile des Spiral LSD: - Gleiche Drehgeschwindigkeit f\u00fcr beide R\u00e4der Drehmomentverteilung je nach Traktion Minimaler Wartungsaufwand - keine Kupplungen Schnelles Ansprechverhalten im Vergleich zu viskosen LSDs Weiches und progressives Einkuppeln, Ger\u00e4uscharmes Einkuppeln Leicht kontrollierbarer Nebenabtrieb und Driften Zahnr\u00e4der und Geh\u00e4use aus 8620 legiertem Stahl Direkter Ersatz f\u00fcr das serienm\u00e4\u00dfige Differential Blackline Helical LSDs - Wie sie funktionieren Die Blackline Helical LSDs sind drehmomentabh\u00e4ngig, d.h. sie verteilen das Drehmoment auf die R\u00e4der, wobei das Rad mit der besten Traktion st\u00e4rker belastet wird, was Leistung und Handling verbessert. Besonders in Situationen mit wenig Grip. Die Schr\u00e4gverzahnung steuert die Verteilung der Reibung innerhalb des LSD. Wenn ein Drehmoment auf das schr\u00e4gverzahnte System aufgebracht wird, entsteht eine Kraft, die das Zahnrad in das Differentialgeh\u00e4use dr\u00fcckt und so Reibung erzeugt. Mit steigendem Drehmoment erh\u00f6ht sich die Schubkraft, die sich direkt mit der H\u00f6he des Drehmoments fortpflanzt. Auf diese Weise kann das Blackline LSD selbst bei hoher Leistung, wie z. B. beim Ausfahren aus einer Kurve, ein erhebliches Ungleichgewicht der Traktion bew\u00e4ltigen. Aber auch bei niedrigem Drehmoment kann das LSD leise und sanft differenzieren, was das Differential sehr geeignet f\u00fcr normale Stra\u00dfenfahrten macht. Das Blackline LSD verwendet die beliebte schr\u00e4gverzahnte Parallelwellenkonfiguration, die f\u00fcr eine gleichm\u00e4\u00dfige Lastverteilung optimiert ist. Sie sind mit einer Drehmomentverteilung von 5:1 konstruiert, d. h., wenn ein Rad die Bodenhaftung verliert, kann das Rad mit der gr\u00f6\u00dften Bodenhaftung f\u00fcnfmal so viel Drehmoment erhalten wie das Rad, das durchdreht. F\u00fcnf mal Null ist jedoch immer noch Null, so dass all diese schraubenf\u00f6rmigen LSDs am besten funktionieren, wenn beide R\u00e4der \"festsitzen\" und am durchdrehenden Rad noch etwas Traktion vorhanden ist. In der Praxis ist dies selten ein Problem, da am durchdrehenden Rad immer ein gewisser \"Widerstand\" vorhanden ist, aber einige Fahrer nutzen geschickt die linke Fu\u00dfbremse, um das durchdrehende Rad teilweise zu blockieren. Hinweis - Spiral-LSDs funktionieren besonders gut in Kombination mit modernen Antiblockiersystemen.<\/p>","protected":false},"excerpt":{"rendered":"<p>lackline Honda Y21\/Y80\/S80\/S4C Spiraalvormige LSD Toepassingen:- Honda Civic EK4 Honda CRX (Del Sol) Vtec Honda Civic Si 1999-2000 Vtec Honda Integra GS \/ LS 1990-2000 Honda Integra GS-R 1992-1993, Y21 Voor auto&#8217;s met een Y21\/Y80\/S80 of S4C transmissie Spiraalvormige LSD-voordelen: &#8211; Gelijke rotatiesnelheid voor beide wielen Koppel verdeeld volgens tractie Minimale onderhoudsvereisten &#8211; geen koppelingen [&hellip;]<\/p>\n","protected":false},"featured_media":94150,"template":"","meta":{"_acf_changed":false},"product_brand":[],"product_cat":[2614],"product_tag":[],"class_list":{"0":"post-79021","1":"product","2":"type-product","3":"status-publish","4":"has-post-thumbnail","6":"product_cat-sperdifferentielen","8":"first","9":"instock","10":"taxable","11":"shipping-taxable","12":"purchasable","13":"product-type-simple"},"acf":[],"yoast_head":"<!-- This site is optimized with the Yoast SEO plugin v27.1.1 - https:\/\/yoast.com\/product\/yoast-seo-wordpress\/ -->\n<title>Blackline Honda Y21\/Y80\/S80\/S4C Spiraalvormige LSD - Hoogstra Autosport<\/title>\n<meta name=\"robots\" content=\"index, follow, max-snippet:-1, max-image-preview:large, max-video-preview:-1\" \/>\n<link rel=\"canonical\" href=\"https:\/\/www.hoogstra-autosport.nl\/de\/produkt\/blackline-honda-y21-y80-s80-s4c-spiraalvormige-lsd\/\" \/>\n<meta property=\"og:locale\" content=\"de_DE\" \/>\n<meta property=\"og:type\" content=\"article\" \/>\n<meta property=\"og:title\" content=\"Blackline Honda Y21\/Y80\/S80\/S4C Spiraalvormige LSD - Hoogstra Autosport\" \/>\n<meta property=\"og:description\" content=\"lackline Honda Y21\/Y80\/S80\/S4C Spiraalvormige LSD Toepassingen:- Honda Civic EK4 Honda CRX (Del Sol) Vtec Honda Civic Si 1999-2000 Vtec Honda Integra GS \/ LS 1990-2000 Honda Integra GS-R 1992-1993, Y21 Voor auto&#8217;s met een Y21\/Y80\/S80 of S4C transmissie Spiraalvormige LSD-voordelen: &#8211; Gelijke rotatiesnelheid voor beide wielen Koppel verdeeld volgens tractie Minimale onderhoudsvereisten &#8211; geen koppelingen [&hellip;]\" \/>\n<meta property=\"og:url\" content=\"https:\/\/www.hoogstra-autosport.nl\/de\/produkt\/blackline-honda-y21-y80-s80-s4c-spiraalvormige-lsd\/\" \/>\n<meta property=\"og:site_name\" content=\"Hoogstra Autosport\" \/>\n<meta property=\"article:modified_time\" content=\"2026-03-05T12:17:00+00:00\" \/>\n<meta property=\"og:image\" content=\"https:\/\/www.hoogstra-autosport.nl\/teamkoen\/wp-content\/uploads\/2025\/01\/Untitled-Project-91.jpg\" \/>\n\t<meta property=\"og:image:width\" content=\"1080\" \/>\n\t<meta property=\"og:image:height\" content=\"1080\" \/>\n\t<meta property=\"og:image:type\" content=\"image\/jpeg\" \/>\n<meta name=\"twitter:card\" content=\"summary_large_image\" \/>\n<meta name=\"twitter:label1\" content=\"Gesch\u00e4tzte Lesezeit\" \/>\n\t<meta name=\"twitter:data1\" content=\"2\u00a0Minuten\" \/>\n<script type=\"application\/ld+json\" class=\"yoast-schema-graph\">{\"@context\":\"https:\/\/schema.org\",\"@graph\":[{\"@type\":\"WebPage\",\"@id\":\"https:\/\/www.hoogstra-autosport.nl\/product\/blackline-honda-y21-y80-s80-s4c-spiraalvormige-lsd\/\",\"url\":\"https:\/\/www.hoogstra-autosport.nl\/product\/blackline-honda-y21-y80-s80-s4c-spiraalvormige-lsd\/\",\"name\":\"Blackline Honda Y21\/Y80\/S80\/S4C Spiraalvormige LSD - Hoogstra Autosport\",\"isPartOf\":{\"@id\":\"https:\/\/www.hoogstra-autosport.nl\/#website\"},\"primaryImageOfPage\":{\"@id\":\"https:\/\/www.hoogstra-autosport.nl\/product\/blackline-honda-y21-y80-s80-s4c-spiraalvormige-lsd\/#primaryimage\"},\"image\":{\"@id\":\"https:\/\/www.hoogstra-autosport.nl\/product\/blackline-honda-y21-y80-s80-s4c-spiraalvormige-lsd\/#primaryimage\"},\"thumbnailUrl\":\"https:\/\/www.hoogstra-autosport.nl\/teamkoen\/wp-content\/uploads\/2025\/01\/Untitled-Project-91.jpg\",\"datePublished\":\"2025-01-18T08:58:53+00:00\",\"dateModified\":\"2026-03-05T12:17:00+00:00\",\"breadcrumb\":{\"@id\":\"https:\/\/www.hoogstra-autosport.nl\/product\/blackline-honda-y21-y80-s80-s4c-spiraalvormige-lsd\/#breadcrumb\"},\"inLanguage\":\"de\",\"potentialAction\":[{\"@type\":\"ReadAction\",\"target\":[\"https:\/\/www.hoogstra-autosport.nl\/product\/blackline-honda-y21-y80-s80-s4c-spiraalvormige-lsd\/\"]}]},{\"@type\":\"ImageObject\",\"inLanguage\":\"de\",\"@id\":\"https:\/\/www.hoogstra-autosport.nl\/product\/blackline-honda-y21-y80-s80-s4c-spiraalvormige-lsd\/#primaryimage\",\"url\":\"https:\/\/www.hoogstra-autosport.nl\/teamkoen\/wp-content\/uploads\/2025\/01\/Untitled-Project-91.jpg\",\"contentUrl\":\"https:\/\/www.hoogstra-autosport.nl\/teamkoen\/wp-content\/uploads\/2025\/01\/Untitled-Project-91.jpg\",\"width\":1080,\"height\":1080},{\"@type\":\"BreadcrumbList\",\"@id\":\"https:\/\/www.hoogstra-autosport.nl\/product\/blackline-honda-y21-y80-s80-s4c-spiraalvormige-lsd\/#breadcrumb\",\"itemListElement\":[{\"@type\":\"ListItem\",\"position\":1,\"name\":\"Home\",\"item\":\"https:\/\/www.hoogstra-autosport.nl\/\"},{\"@type\":\"ListItem\",\"position\":2,\"name\":\"Motorisch\",\"item\":\"https:\/\/www.hoogstra-autosport.nl\/product-categorie\/auto-techniek\/\"},{\"@type\":\"ListItem\",\"position\":3,\"name\":\"Koppeling , Versnellingsbak en Assen\",\"item\":\"https:\/\/www.hoogstra-autosport.nl\/product-categorie\/auto-techniek\/koppeling-versnellingsbak-en-assen\/\"},{\"@type\":\"ListItem\",\"position\":4,\"name\":\"Sperdifferenti\u00eblen\",\"item\":\"https:\/\/www.hoogstra-autosport.nl\/product-categorie\/auto-techniek\/koppeling-versnellingsbak-en-assen\/sperdifferentielen\/\"},{\"@type\":\"ListItem\",\"position\":5,\"name\":\"Blackline Honda Y21\/Y80\/S80\/S4C Spiraalvormige LSD\"}]},{\"@type\":\"WebSite\",\"@id\":\"https:\/\/www.hoogstra-autosport.nl\/#website\",\"url\":\"https:\/\/www.hoogstra-autosport.nl\/\",\"name\":\"Hoogstra Autosport\",\"description\":\"Performance Autosport Parts!\",\"potentialAction\":[{\"@type\":\"SearchAction\",\"target\":{\"@type\":\"EntryPoint\",\"urlTemplate\":\"https:\/\/www.hoogstra-autosport.nl\/?s={search_term_string}\"},\"query-input\":{\"@type\":\"PropertyValueSpecification\",\"valueRequired\":true,\"valueName\":\"search_term_string\"}}],\"inLanguage\":\"de\"}]}<\/script>\n<!-- \/ Yoast SEO plugin. -->","yoast_head_json":{"title":"Blackline Honda Y21\/Y80\/S80\/S4C Spiraalvormige LSD - Hoogstra Autosport","robots":{"index":"index","follow":"follow","max-snippet":"max-snippet:-1","max-image-preview":"max-image-preview:large","max-video-preview":"max-video-preview:-1"},"canonical":"https:\/\/www.hoogstra-autosport.nl\/de\/produkt\/blackline-honda-y21-y80-s80-s4c-spiraalvormige-lsd\/","og_locale":"de_DE","og_type":"article","og_title":"Blackline Honda Y21\/Y80\/S80\/S4C Spiraalvormige LSD - Hoogstra Autosport","og_description":"lackline Honda Y21\/Y80\/S80\/S4C Spiraalvormige LSD Toepassingen:- Honda Civic EK4 Honda CRX (Del Sol) Vtec Honda Civic Si 1999-2000 Vtec Honda Integra GS \/ LS 1990-2000 Honda Integra GS-R 1992-1993, Y21 Voor auto&#8217;s met een Y21\/Y80\/S80 of S4C transmissie Spiraalvormige LSD-voordelen: &#8211; Gelijke rotatiesnelheid voor beide wielen Koppel verdeeld volgens tractie Minimale onderhoudsvereisten &#8211; geen koppelingen [&hellip;]","og_url":"https:\/\/www.hoogstra-autosport.nl\/de\/produkt\/blackline-honda-y21-y80-s80-s4c-spiraalvormige-lsd\/","og_site_name":"Hoogstra Autosport","article_modified_time":"2026-03-05T12:17:00+00:00","og_image":[{"width":1080,"height":1080,"url":"https:\/\/www.hoogstra-autosport.nl\/teamkoen\/wp-content\/uploads\/2025\/01\/Untitled-Project-91.jpg","type":"image\/jpeg"}],"twitter_card":"summary_large_image","twitter_misc":{"Gesch\u00e4tzte Lesezeit":"2\u00a0Minuten"},"schema":{"@context":"https:\/\/schema.org","@graph":[{"@type":"WebPage","@id":"https:\/\/www.hoogstra-autosport.nl\/product\/blackline-honda-y21-y80-s80-s4c-spiraalvormige-lsd\/","url":"https:\/\/www.hoogstra-autosport.nl\/product\/blackline-honda-y21-y80-s80-s4c-spiraalvormige-lsd\/","name":"Blackline Honda Y21\/Y80\/S80\/S4C Spiraalvormige LSD - Hoogstra Autosport","isPartOf":{"@id":"https:\/\/www.hoogstra-autosport.nl\/#website"},"primaryImageOfPage":{"@id":"https:\/\/www.hoogstra-autosport.nl\/product\/blackline-honda-y21-y80-s80-s4c-spiraalvormige-lsd\/#primaryimage"},"image":{"@id":"https:\/\/www.hoogstra-autosport.nl\/product\/blackline-honda-y21-y80-s80-s4c-spiraalvormige-lsd\/#primaryimage"},"thumbnailUrl":"https:\/\/www.hoogstra-autosport.nl\/teamkoen\/wp-content\/uploads\/2025\/01\/Untitled-Project-91.jpg","datePublished":"2025-01-18T08:58:53+00:00","dateModified":"2026-03-05T12:17:00+00:00","breadcrumb":{"@id":"https:\/\/www.hoogstra-autosport.nl\/product\/blackline-honda-y21-y80-s80-s4c-spiraalvormige-lsd\/#breadcrumb"},"inLanguage":"de","potentialAction":[{"@type":"ReadAction","target":["https:\/\/www.hoogstra-autosport.nl\/product\/blackline-honda-y21-y80-s80-s4c-spiraalvormige-lsd\/"]}]},{"@type":"ImageObject","inLanguage":"de","@id":"https:\/\/www.hoogstra-autosport.nl\/product\/blackline-honda-y21-y80-s80-s4c-spiraalvormige-lsd\/#primaryimage","url":"https:\/\/www.hoogstra-autosport.nl\/teamkoen\/wp-content\/uploads\/2025\/01\/Untitled-Project-91.jpg","contentUrl":"https:\/\/www.hoogstra-autosport.nl\/teamkoen\/wp-content\/uploads\/2025\/01\/Untitled-Project-91.jpg","width":1080,"height":1080},{"@type":"BreadcrumbList","@id":"https:\/\/www.hoogstra-autosport.nl\/product\/blackline-honda-y21-y80-s80-s4c-spiraalvormige-lsd\/#breadcrumb","itemListElement":[{"@type":"ListItem","position":1,"name":"Home","item":"https:\/\/www.hoogstra-autosport.nl\/"},{"@type":"ListItem","position":2,"name":"Motorisch","item":"https:\/\/www.hoogstra-autosport.nl\/product-categorie\/auto-techniek\/"},{"@type":"ListItem","position":3,"name":"Koppeling , Versnellingsbak en Assen","item":"https:\/\/www.hoogstra-autosport.nl\/product-categorie\/auto-techniek\/koppeling-versnellingsbak-en-assen\/"},{"@type":"ListItem","position":4,"name":"Sperdifferenti\u00eblen","item":"https:\/\/www.hoogstra-autosport.nl\/product-categorie\/auto-techniek\/koppeling-versnellingsbak-en-assen\/sperdifferentielen\/"},{"@type":"ListItem","position":5,"name":"Blackline Honda Y21\/Y80\/S80\/S4C Spiraalvormige LSD"}]},{"@type":"WebSite","@id":"https:\/\/www.hoogstra-autosport.nl\/#website","url":"https:\/\/www.hoogstra-autosport.nl\/","name":"Hoogstra Autosport","description":"Performance Autosport Parts!","potentialAction":[{"@type":"SearchAction","target":{"@type":"EntryPoint","urlTemplate":"https:\/\/www.hoogstra-autosport.nl\/?s={search_term_string}"},"query-input":{"@type":"PropertyValueSpecification","valueRequired":true,"valueName":"search_term_string"}}],"inLanguage":"de"}]}},"tiered_pricing_type":"fixed","tiered_pricing_fixed_rules":[],"tiered_pricing_product_settings":{"layout":"default","base_unit_name":{"singular":null,"plural":null},"default_variation":null},"tiered_pricing_minimum_quantity":null,"tiered_pricing_roles_data":[],"tiered_pricing_percentage_rules":[],"tiered_pricing_maximum_quantity":null,"tiered_pricing_quantity_step":null,"_links":{"self":[{"href":"https:\/\/www.hoogstra-autosport.nl\/de\/wp-json\/wp\/v2\/product\/79021","targetHints":{"allow":["GET"]}}],"collection":[{"href":"https:\/\/www.hoogstra-autosport.nl\/de\/wp-json\/wp\/v2\/product"}],"about":[{"href":"https:\/\/www.hoogstra-autosport.nl\/de\/wp-json\/wp\/v2\/types\/product"}],"wp:featuredmedia":[{"embeddable":true,"href":"https:\/\/www.hoogstra-autosport.nl\/de\/wp-json\/wp\/v2\/media\/94150"}],"wp:attachment":[{"href":"https:\/\/www.hoogstra-autosport.nl\/de\/wp-json\/wp\/v2\/media?parent=79021"}],"wp:term":[{"taxonomy":"product_brand","embeddable":true,"href":"https:\/\/www.hoogstra-autosport.nl\/de\/wp-json\/wp\/v2\/product_brand?post=79021"},{"taxonomy":"product_cat","embeddable":true,"href":"https:\/\/www.hoogstra-autosport.nl\/de\/wp-json\/wp\/v2\/product_cat?post=79021"},{"taxonomy":"product_tag","embeddable":true,"href":"https:\/\/www.hoogstra-autosport.nl\/de\/wp-json\/wp\/v2\/product_tag?post=79021"}],"curies":[{"name":"wp","href":"https:\/\/api.w.org\/{rel}","templated":true}]}}