{"id":79007,"date":"2025-01-18T09:17:51","date_gmt":"2025-01-18T08:17:51","guid":{"rendered":"https:\/\/www.hoogstra-autosport.nl\/?post_type=product&#038;p=79007"},"modified":"2026-03-05T13:16:27","modified_gmt":"2026-03-05T12:16:27","slug":"blackline-peugeot-205-gti-1-6-1-9-206-306-helical-lsd","status":"publish","type":"product","link":"https:\/\/www.hoogstra-autosport.nl\/de\/produkt\/blackline-peugeot-205-gti-1-6-1-9-206-306-helical-lsd\/","title":{"rendered":"Blackline Peugeot 205 GTi 1.6\/1.9, 206, 306 Helical LSD"},"content":{"rendered":"<p><span class=\"jCAhz ChMk0b\"><span class=\"ryNqvb\">Das Blackline-Schrauben-LSD kann auch in einige der moderneren sportlichen Peugeot- und Citro\u00ebn-Modelle mit dem 5-Gang-Schaltgetriebe BE4 eingebaut werden.<\/span><\/span><span class=\"jCAhz ChMk0b\"><span class=\"ryNqvb\"> Anwendungen:- <\/span><\/span><span class=\"jCAhz ChMk0b\"><span class=\"ryNqvb\">Citroen CV4 VTS (177 PS) <\/span><\/span><span class=\"jCAhz ChMk0b\"><span class=\"ryNqvb\">Citroen Xsara VTS <\/span><\/span><span class=\"jCAhz ChMk0b\"><span class=\"ryNqvb\">Citroen BX 16v <\/span><\/span><span class=\"jCAhz ChMk0b\"><span class=\"ryNqvb\">Citroen ZX 16v <\/span><\/span><span class=\"jCAhz\"><span class=\"ryNqvb\">Citroen C4 VTR <\/span><\/span><span class=\"jCAhz ChMk0b\"><span class=\"ryNqvb\">Peugeot 205 1.6 \/ 1.9 GTi <\/span><\/span><span class=\"jCAhz\"><span class=\"ryNqvb\">Peugeot 206 2.0 Liter CC <\/span><\/span><span class=\"jCAhz\"><span class=\"ryNqvb\">Peugeot 206 GTi 180 \/ 138 <\/span><\/span><span class=\"jCAhz\"><span class=\"ryNqvb\">Peugeot 206 GTi und GTi 180 <\/span><\/span><span class=\"jCAhz\"><span class=\"ryNqvb\">Peugeot 207 GT und GTi THP 175 <\/span><\/span><span class=\"jCAhz ChMk0b\"><span class=\"ryNqvb\">Peugeot 207 HDi <\/span><\/span><span class=\"jCAhz\"><span class=\"ryNqvb\">Peugeot 306 GTi-6 \/ Rallye \/ S16 \/ D-Turbo \/ HDi <\/span><\/span><span class=\"jCAhz ChMk0b\"><span class=\"ryNqvb\">Peugeot 307 XSi <\/span><\/span><span class=\"jCAhz\"><span class=\"ryNqvb\">Peugeot 307 HDi <\/span><\/span><span class=\"jCAhz\"><span class=\"ryNqvb\">Peugeot 309 GTi \/ GTi-16 <\/span><\/span><span class=\"jCAhz\"><span class=\"ryNqvb\">Peugeot<\/span><\/span> <span class=\"jCAhz ChMk0b\"><span class=\"ryNqvb\">405 Mi16 \/ LeMans Peugeot \/ Citroen BE4R-Getriebe Schr\u00e4gverzahntes LSD Vorteile:- Gleiche Drehgeschwindigkeit f\u00fcr beide R\u00e4der Drehmomentverteilung je nach Traktion Minimaler Wartungsaufwand - keine Kupplungen Schnelles Ansprechverhalten im Vergleich zu viskosen LSDs Weiches und progressives Einkuppeln, Ger\u00e4uscharm Einfach zu steuernder Nebenabtrieb und Drift Zahnr\u00e4der und Geh\u00e4use aus 8620 legiertem Stahl Direkter Ersatz f\u00fcr Standarddifferentiale Blackline Helical LSDs - Wie sie funktionieren Die Blackline Helical LSDs sind drehmomentabh\u00e4ngig, d.h. sie verteilen das Drehmoment zwischen den R\u00e4dern, wobei mehr Drehmoment auf das Rad mit der besten Traktion \u00fcbertragen wird, was Leistung und Handling verbessert.<\/span><\/span> <span class=\"jCAhz ChMk0b\"><span class=\"ryNqvb\">Besonders in Situationen mit wenig Grip.<\/span><\/span><span class=\"jCAhz\"><span class=\"ryNqvb\"> Die Schr\u00e4gverzahnung steuert die Verteilung der Reibung innerhalb des LSD.<\/span><\/span> <span class=\"jCAhz ChMk0b\"><span class=\"ryNqvb\">Wenn ein Drehmoment auf das schr\u00e4gverzahnte Zahnradsystem ausge\u00fcbt wird, entsteht eine Kraft, die das Zahnrad in das Differentialgeh\u00e4use dr\u00fcckt, wodurch Reibung entsteht.<\/span><\/span> <span class=\"jCAhz ChMk0b\"><span class=\"ryNqvb\">Erh\u00f6hung des Drehmoments, die Schubkraft steigt direkt proportional zur H\u00f6he des Drehmoments.<\/span><\/span> <span class=\"jCAhz ChMk0b\"><span class=\"ryNqvb\">Dadurch kann das Blackline LSD selbst bei starker Leistungsentfaltung, wie z.B. beim Ausfahren aus einer Hochleistungskurve, mit erheblichen Traktionsungleichgewichten umgehen.<\/span><\/span> <span class=\"jCAhz ChMk0b\"><span class=\"ryNqvb\">Aber bei niedrigen Drehmomenten kann das LSD leise und sanft differenzieren, was das Differential sehr geeignet f\u00fcr normale Stra\u00dfenfahrten macht.<\/span><\/span> <span class=\"jCAhz ChMk0b\"><span class=\"ryNqvb\">Das Blackline LSD verwendet die beliebte Parallelwellen-Stirnrad-Konfiguration, die f\u00fcr eine gleichm\u00e4\u00dfige Lastverteilung optimiert ist.<\/span><\/span> <span class=\"jCAhz ChMk0b\"><span class=\"ryNqvb\">Sie sind mit einer 5:1-Drehmomentverteilung konstruiert, d. h., wenn ein Rad die Traktion verliert, kann das Rad mit dem gr\u00f6\u00dften Grip f\u00fcnfmal so viel Drehmoment erhalten wie das Rad, das rutscht.<\/span><\/span> <span class=\"jCAhz ChMk0b\"><span class=\"ryNqvb\">F\u00fcnf mal Null ist jedoch immer noch Null, so dass all diese schraubenf\u00f6rmigen LSDs am besten funktionieren, wenn beide R\u00e4der \"angezogen\" sind und am rutschenden Rad noch etwas Traktion vorhanden ist.<\/span><\/span> <span class=\"jCAhz ChMk0b\"><span class=\"ryNqvb\">In der Praxis ist dies selten ein Problem, da das durchdrehende Rad immer einen gewissen \"Widerstand\" hat, aber einige Fahrer nutzen geschickt die linke Fu\u00dfbremse, um das durchdrehende Rad teilweise zu blockieren.<\/span><\/span><span class=\"jCAhz ChMk0b\"><span class=\"ryNqvb\"> Hinweis: Schraubenf\u00f6rmige LSDs funktionieren besonders gut in Kombination mit modernen Antiblockiersystemen.<\/span><\/span><\/p>","protected":false},"excerpt":{"rendered":"<p>De Blackline helical LSD kan ook worden gemonteerd op enkele van de modernere sportieve Peugeot- en Citro\u00ebnmodellen die de BE4 5-versnellingsbak met handgeschakelde versnellingsbak gebruiken. Toepassingen:- Citroen CV4 VTS (177 pk) Citroen Xsara VTS Citroen BX 16v Citroen ZX 16v Citroen C4 VTR Peugeot 205 1.6 \/ 1.9 GTi Peugeot 206 2.0 liter CC Peugeot [&hellip;]<\/p>\n","protected":false},"featured_media":94153,"template":"","meta":{"_acf_changed":false},"product_brand":[],"product_cat":[2614],"product_tag":[],"class_list":{"0":"post-79007","1":"product","2":"type-product","3":"status-publish","4":"has-post-thumbnail","6":"product_cat-sperdifferentielen","8":"first","9":"instock","10":"taxable","11":"shipping-taxable","12":"purchasable","13":"product-type-simple"},"acf":[],"yoast_head":"<!-- This site is optimized with the Yoast SEO plugin v27.1.1 - https:\/\/yoast.com\/product\/yoast-seo-wordpress\/ -->\n<title>Blackline Peugeot 205 GTi 1.6\/1.9, 206, 306 Helical LSD - Hoogstra Autosport<\/title>\n<meta name=\"robots\" content=\"index, follow, max-snippet:-1, max-image-preview:large, max-video-preview:-1\" \/>\n<link rel=\"canonical\" href=\"https:\/\/www.hoogstra-autosport.nl\/de\/produkt\/blackline-peugeot-205-gti-1-6-1-9-206-306-helical-lsd\/\" \/>\n<meta property=\"og:locale\" content=\"de_DE\" \/>\n<meta property=\"og:type\" content=\"article\" \/>\n<meta property=\"og:title\" content=\"Blackline Peugeot 205 GTi 1.6\/1.9, 206, 306 Helical LSD - Hoogstra Autosport\" \/>\n<meta property=\"og:description\" content=\"De Blackline helical LSD kan ook worden gemonteerd op enkele van de modernere sportieve Peugeot- en Citro\u00ebnmodellen die de BE4 5-versnellingsbak met handgeschakelde versnellingsbak gebruiken. Toepassingen:- Citroen CV4 VTS (177 pk) Citroen Xsara VTS Citroen BX 16v Citroen ZX 16v Citroen C4 VTR Peugeot 205 1.6 \/ 1.9 GTi Peugeot 206 2.0 liter CC Peugeot [&hellip;]\" \/>\n<meta property=\"og:url\" content=\"https:\/\/www.hoogstra-autosport.nl\/de\/produkt\/blackline-peugeot-205-gti-1-6-1-9-206-306-helical-lsd\/\" \/>\n<meta property=\"og:site_name\" content=\"Hoogstra Autosport\" \/>\n<meta property=\"article:modified_time\" content=\"2026-03-05T12:16:27+00:00\" \/>\n<meta property=\"og:image\" content=\"https:\/\/www.hoogstra-autosport.nl\/teamkoen\/wp-content\/uploads\/2025\/01\/Untitled-Project-94.jpg\" \/>\n\t<meta property=\"og:image:width\" content=\"1080\" \/>\n\t<meta property=\"og:image:height\" content=\"1080\" \/>\n\t<meta property=\"og:image:type\" content=\"image\/jpeg\" \/>\n<meta name=\"twitter:card\" content=\"summary_large_image\" \/>\n<meta name=\"twitter:label1\" content=\"Gesch\u00e4tzte Lesezeit\" \/>\n\t<meta name=\"twitter:data1\" content=\"3\u00a0Minuten\" \/>\n<script type=\"application\/ld+json\" class=\"yoast-schema-graph\">{\"@context\":\"https:\/\/schema.org\",\"@graph\":[{\"@type\":\"WebPage\",\"@id\":\"https:\/\/www.hoogstra-autosport.nl\/product\/blackline-peugeot-205-gti-1-6-1-9-206-306-helical-lsd\/\",\"url\":\"https:\/\/www.hoogstra-autosport.nl\/product\/blackline-peugeot-205-gti-1-6-1-9-206-306-helical-lsd\/\",\"name\":\"Blackline Peugeot 205 GTi 1.6\/1.9, 206, 306 Helical LSD - Hoogstra Autosport\",\"isPartOf\":{\"@id\":\"https:\/\/www.hoogstra-autosport.nl\/#website\"},\"primaryImageOfPage\":{\"@id\":\"https:\/\/www.hoogstra-autosport.nl\/product\/blackline-peugeot-205-gti-1-6-1-9-206-306-helical-lsd\/#primaryimage\"},\"image\":{\"@id\":\"https:\/\/www.hoogstra-autosport.nl\/product\/blackline-peugeot-205-gti-1-6-1-9-206-306-helical-lsd\/#primaryimage\"},\"thumbnailUrl\":\"https:\/\/www.hoogstra-autosport.nl\/teamkoen\/wp-content\/uploads\/2025\/01\/Untitled-Project-94.jpg\",\"datePublished\":\"2025-01-18T08:17:51+00:00\",\"dateModified\":\"2026-03-05T12:16:27+00:00\",\"breadcrumb\":{\"@id\":\"https:\/\/www.hoogstra-autosport.nl\/product\/blackline-peugeot-205-gti-1-6-1-9-206-306-helical-lsd\/#breadcrumb\"},\"inLanguage\":\"de\",\"potentialAction\":[{\"@type\":\"ReadAction\",\"target\":[\"https:\/\/www.hoogstra-autosport.nl\/product\/blackline-peugeot-205-gti-1-6-1-9-206-306-helical-lsd\/\"]}]},{\"@type\":\"ImageObject\",\"inLanguage\":\"de\",\"@id\":\"https:\/\/www.hoogstra-autosport.nl\/product\/blackline-peugeot-205-gti-1-6-1-9-206-306-helical-lsd\/#primaryimage\",\"url\":\"https:\/\/www.hoogstra-autosport.nl\/teamkoen\/wp-content\/uploads\/2025\/01\/Untitled-Project-94.jpg\",\"contentUrl\":\"https:\/\/www.hoogstra-autosport.nl\/teamkoen\/wp-content\/uploads\/2025\/01\/Untitled-Project-94.jpg\",\"width\":1080,\"height\":1080},{\"@type\":\"BreadcrumbList\",\"@id\":\"https:\/\/www.hoogstra-autosport.nl\/product\/blackline-peugeot-205-gti-1-6-1-9-206-306-helical-lsd\/#breadcrumb\",\"itemListElement\":[{\"@type\":\"ListItem\",\"position\":1,\"name\":\"Home\",\"item\":\"https:\/\/www.hoogstra-autosport.nl\/\"},{\"@type\":\"ListItem\",\"position\":2,\"name\":\"Motorisch\",\"item\":\"https:\/\/www.hoogstra-autosport.nl\/product-categorie\/auto-techniek\/\"},{\"@type\":\"ListItem\",\"position\":3,\"name\":\"Koppeling , Versnellingsbak en Assen\",\"item\":\"https:\/\/www.hoogstra-autosport.nl\/product-categorie\/auto-techniek\/koppeling-versnellingsbak-en-assen\/\"},{\"@type\":\"ListItem\",\"position\":4,\"name\":\"Sperdifferenti\u00eblen\",\"item\":\"https:\/\/www.hoogstra-autosport.nl\/product-categorie\/auto-techniek\/koppeling-versnellingsbak-en-assen\/sperdifferentielen\/\"},{\"@type\":\"ListItem\",\"position\":5,\"name\":\"Blackline Peugeot 205 GTi 1.6\/1.9, 206, 306 Helical LSD\"}]},{\"@type\":\"WebSite\",\"@id\":\"https:\/\/www.hoogstra-autosport.nl\/#website\",\"url\":\"https:\/\/www.hoogstra-autosport.nl\/\",\"name\":\"Hoogstra Autosport\",\"description\":\"Performance Autosport Parts!\",\"potentialAction\":[{\"@type\":\"SearchAction\",\"target\":{\"@type\":\"EntryPoint\",\"urlTemplate\":\"https:\/\/www.hoogstra-autosport.nl\/?s={search_term_string}\"},\"query-input\":{\"@type\":\"PropertyValueSpecification\",\"valueRequired\":true,\"valueName\":\"search_term_string\"}}],\"inLanguage\":\"de\"}]}<\/script>\n<!-- \/ Yoast SEO plugin. -->","yoast_head_json":{"title":"Blackline Peugeot 205 GTi 1.6\/1.9, 206, 306 Helical LSD - Hoogstra Autosport","robots":{"index":"index","follow":"follow","max-snippet":"max-snippet:-1","max-image-preview":"max-image-preview:large","max-video-preview":"max-video-preview:-1"},"canonical":"https:\/\/www.hoogstra-autosport.nl\/de\/produkt\/blackline-peugeot-205-gti-1-6-1-9-206-306-helical-lsd\/","og_locale":"de_DE","og_type":"article","og_title":"Blackline Peugeot 205 GTi 1.6\/1.9, 206, 306 Helical LSD - Hoogstra Autosport","og_description":"De Blackline helical LSD kan ook worden gemonteerd op enkele van de modernere sportieve Peugeot- en Citro\u00ebnmodellen die de BE4 5-versnellingsbak met handgeschakelde versnellingsbak gebruiken. Toepassingen:- Citroen CV4 VTS (177 pk) Citroen Xsara VTS Citroen BX 16v Citroen ZX 16v Citroen C4 VTR Peugeot 205 1.6 \/ 1.9 GTi Peugeot 206 2.0 liter CC Peugeot [&hellip;]","og_url":"https:\/\/www.hoogstra-autosport.nl\/de\/produkt\/blackline-peugeot-205-gti-1-6-1-9-206-306-helical-lsd\/","og_site_name":"Hoogstra Autosport","article_modified_time":"2026-03-05T12:16:27+00:00","og_image":[{"width":1080,"height":1080,"url":"https:\/\/www.hoogstra-autosport.nl\/teamkoen\/wp-content\/uploads\/2025\/01\/Untitled-Project-94.jpg","type":"image\/jpeg"}],"twitter_card":"summary_large_image","twitter_misc":{"Gesch\u00e4tzte Lesezeit":"3\u00a0Minuten"},"schema":{"@context":"https:\/\/schema.org","@graph":[{"@type":"WebPage","@id":"https:\/\/www.hoogstra-autosport.nl\/product\/blackline-peugeot-205-gti-1-6-1-9-206-306-helical-lsd\/","url":"https:\/\/www.hoogstra-autosport.nl\/product\/blackline-peugeot-205-gti-1-6-1-9-206-306-helical-lsd\/","name":"Blackline Peugeot 205 GTi 1.6\/1.9, 206, 306 Helical LSD - Hoogstra Autosport","isPartOf":{"@id":"https:\/\/www.hoogstra-autosport.nl\/#website"},"primaryImageOfPage":{"@id":"https:\/\/www.hoogstra-autosport.nl\/product\/blackline-peugeot-205-gti-1-6-1-9-206-306-helical-lsd\/#primaryimage"},"image":{"@id":"https:\/\/www.hoogstra-autosport.nl\/product\/blackline-peugeot-205-gti-1-6-1-9-206-306-helical-lsd\/#primaryimage"},"thumbnailUrl":"https:\/\/www.hoogstra-autosport.nl\/teamkoen\/wp-content\/uploads\/2025\/01\/Untitled-Project-94.jpg","datePublished":"2025-01-18T08:17:51+00:00","dateModified":"2026-03-05T12:16:27+00:00","breadcrumb":{"@id":"https:\/\/www.hoogstra-autosport.nl\/product\/blackline-peugeot-205-gti-1-6-1-9-206-306-helical-lsd\/#breadcrumb"},"inLanguage":"de","potentialAction":[{"@type":"ReadAction","target":["https:\/\/www.hoogstra-autosport.nl\/product\/blackline-peugeot-205-gti-1-6-1-9-206-306-helical-lsd\/"]}]},{"@type":"ImageObject","inLanguage":"de","@id":"https:\/\/www.hoogstra-autosport.nl\/product\/blackline-peugeot-205-gti-1-6-1-9-206-306-helical-lsd\/#primaryimage","url":"https:\/\/www.hoogstra-autosport.nl\/teamkoen\/wp-content\/uploads\/2025\/01\/Untitled-Project-94.jpg","contentUrl":"https:\/\/www.hoogstra-autosport.nl\/teamkoen\/wp-content\/uploads\/2025\/01\/Untitled-Project-94.jpg","width":1080,"height":1080},{"@type":"BreadcrumbList","@id":"https:\/\/www.hoogstra-autosport.nl\/product\/blackline-peugeot-205-gti-1-6-1-9-206-306-helical-lsd\/#breadcrumb","itemListElement":[{"@type":"ListItem","position":1,"name":"Home","item":"https:\/\/www.hoogstra-autosport.nl\/"},{"@type":"ListItem","position":2,"name":"Motorisch","item":"https:\/\/www.hoogstra-autosport.nl\/product-categorie\/auto-techniek\/"},{"@type":"ListItem","position":3,"name":"Koppeling , Versnellingsbak en Assen","item":"https:\/\/www.hoogstra-autosport.nl\/product-categorie\/auto-techniek\/koppeling-versnellingsbak-en-assen\/"},{"@type":"ListItem","position":4,"name":"Sperdifferenti\u00eblen","item":"https:\/\/www.hoogstra-autosport.nl\/product-categorie\/auto-techniek\/koppeling-versnellingsbak-en-assen\/sperdifferentielen\/"},{"@type":"ListItem","position":5,"name":"Blackline Peugeot 205 GTi 1.6\/1.9, 206, 306 Helical LSD"}]},{"@type":"WebSite","@id":"https:\/\/www.hoogstra-autosport.nl\/#website","url":"https:\/\/www.hoogstra-autosport.nl\/","name":"Hoogstra Autosport","description":"Performance Autosport Parts!","potentialAction":[{"@type":"SearchAction","target":{"@type":"EntryPoint","urlTemplate":"https:\/\/www.hoogstra-autosport.nl\/?s={search_term_string}"},"query-input":{"@type":"PropertyValueSpecification","valueRequired":true,"valueName":"search_term_string"}}],"inLanguage":"de"}]}},"tiered_pricing_type":"fixed","tiered_pricing_fixed_rules":[],"tiered_pricing_product_settings":{"layout":"default","base_unit_name":{"singular":null,"plural":null},"default_variation":null},"tiered_pricing_minimum_quantity":null,"tiered_pricing_roles_data":[],"tiered_pricing_percentage_rules":[],"tiered_pricing_maximum_quantity":null,"tiered_pricing_quantity_step":null,"_links":{"self":[{"href":"https:\/\/www.hoogstra-autosport.nl\/de\/wp-json\/wp\/v2\/product\/79007","targetHints":{"allow":["GET"]}}],"collection":[{"href":"https:\/\/www.hoogstra-autosport.nl\/de\/wp-json\/wp\/v2\/product"}],"about":[{"href":"https:\/\/www.hoogstra-autosport.nl\/de\/wp-json\/wp\/v2\/types\/product"}],"wp:featuredmedia":[{"embeddable":true,"href":"https:\/\/www.hoogstra-autosport.nl\/de\/wp-json\/wp\/v2\/media\/94153"}],"wp:attachment":[{"href":"https:\/\/www.hoogstra-autosport.nl\/de\/wp-json\/wp\/v2\/media?parent=79007"}],"wp:term":[{"taxonomy":"product_brand","embeddable":true,"href":"https:\/\/www.hoogstra-autosport.nl\/de\/wp-json\/wp\/v2\/product_brand?post=79007"},{"taxonomy":"product_cat","embeddable":true,"href":"https:\/\/www.hoogstra-autosport.nl\/de\/wp-json\/wp\/v2\/product_cat?post=79007"},{"taxonomy":"product_tag","embeddable":true,"href":"https:\/\/www.hoogstra-autosport.nl\/de\/wp-json\/wp\/v2\/product_tag?post=79007"}],"curies":[{"name":"wp","href":"https:\/\/api.w.org\/{rel}","templated":true}]}}