{"id":78188,"date":"2024-12-17T11:45:24","date_gmt":"2024-12-17T10:45:24","guid":{"rendered":"https:\/\/www.hoogstra-autosport.nl\/?post_type=product&#038;p=78188"},"modified":"2025-12-09T14:11:39","modified_gmt":"2025-12-09T13:11:39","slug":"goldspeed-c-9203-cr-225-40-10-yellow-32n","status":"publish","type":"product","link":"https:\/\/www.hoogstra-autosport.nl\/de\/produkt\/goldspeed-c-9203-cr-225-40-10-yellow-32n\/","title":{"rendered":"GOLDSPEED C-9203 CR 225-40-10 GELB 32N"},"content":{"rendered":"<p>Marke: Goldspeed<\/p>\n<p>Gr\u00f6\u00dfe: 18\u00d710-10<\/p>","protected":false},"excerpt":{"rendered":"<p>Merk: Goldspeed Maat: 18&#215;10-10<\/p>","protected":false},"featured_media":93975,"template":"","meta":{"_acf_changed":false},"product_brand":[],"product_cat":[3995,3802],"product_tag":[],"class_list":{"0":"post-78188","1":"product","2":"type-product","3":"status-publish","4":"has-post-thumbnail","6":"product_cat-crosskart","7":"product_cat-goldspeed-crosskart","9":"first","10":"instock","11":"taxable","12":"shipping-taxable","13":"purchasable","14":"product-type-simple"},"acf":[],"yoast_head":"<!-- This site is optimized with the Yoast SEO plugin v27.1.1 - https:\/\/yoast.com\/product\/yoast-seo-wordpress\/ -->\n<title>GOLDSPEED C-9203 CR 225-40-10 YELLOW 32N - Hoogstra Autosport<\/title>\n<meta name=\"robots\" content=\"index, follow, max-snippet:-1, max-image-preview:large, max-video-preview:-1\" \/>\n<link rel=\"canonical\" href=\"https:\/\/www.hoogstra-autosport.nl\/de\/produkt\/goldspeed-c-9203-cr-225-40-10-yellow-32n\/\" \/>\n<meta property=\"og:locale\" content=\"de_DE\" \/>\n<meta property=\"og:type\" content=\"article\" \/>\n<meta property=\"og:title\" content=\"GOLDSPEED C-9203 CR 225-40-10 YELLOW 32N - Hoogstra Autosport\" \/>\n<meta property=\"og:description\" content=\"Merk: Goldspeed Maat: 18&#215;10-10\" \/>\n<meta property=\"og:url\" content=\"https:\/\/www.hoogstra-autosport.nl\/de\/produkt\/goldspeed-c-9203-cr-225-40-10-yellow-32n\/\" \/>\n<meta property=\"og:site_name\" content=\"Hoogstra Autosport\" \/>\n<meta property=\"article:modified_time\" content=\"2025-12-09T13:11:39+00:00\" \/>\n<meta property=\"og:image\" content=\"https:\/\/www.hoogstra-autosport.nl\/teamkoen\/wp-content\/uploads\/2024\/12\/Untitled-Project-40-scaled.jpg\" \/>\n\t<meta property=\"og:image:width\" content=\"2560\" \/>\n\t<meta property=\"og:image:height\" content=\"2560\" \/>\n\t<meta property=\"og:image:type\" content=\"image\/jpeg\" \/>\n<meta name=\"twitter:card\" content=\"summary_large_image\" \/>\n<meta name=\"twitter:label1\" content=\"Gesch\u00e4tzte Lesezeit\" \/>\n\t<meta name=\"twitter:data1\" content=\"1\u00a0Minute\" \/>\n<script type=\"application\/ld+json\" class=\"yoast-schema-graph\">{\"@context\":\"https:\/\/schema.org\",\"@graph\":[{\"@type\":\"WebPage\",\"@id\":\"https:\/\/www.hoogstra-autosport.nl\/product\/goldspeed-c-9203-cr-225-40-10-yellow-32n\/\",\"url\":\"https:\/\/www.hoogstra-autosport.nl\/product\/goldspeed-c-9203-cr-225-40-10-yellow-32n\/\",\"name\":\"GOLDSPEED C-9203 CR 225-40-10 YELLOW 32N - Hoogstra Autosport\",\"isPartOf\":{\"@id\":\"https:\/\/www.hoogstra-autosport.nl\/#website\"},\"primaryImageOfPage\":{\"@id\":\"https:\/\/www.hoogstra-autosport.nl\/product\/goldspeed-c-9203-cr-225-40-10-yellow-32n\/#primaryimage\"},\"image\":{\"@id\":\"https:\/\/www.hoogstra-autosport.nl\/product\/goldspeed-c-9203-cr-225-40-10-yellow-32n\/#primaryimage\"},\"thumbnailUrl\":\"https:\/\/www.hoogstra-autosport.nl\/teamkoen\/wp-content\/uploads\/2024\/12\/Untitled-Project-40-scaled.jpg\",\"datePublished\":\"2024-12-17T10:45:24+00:00\",\"dateModified\":\"2025-12-09T13:11:39+00:00\",\"breadcrumb\":{\"@id\":\"https:\/\/www.hoogstra-autosport.nl\/product\/goldspeed-c-9203-cr-225-40-10-yellow-32n\/#breadcrumb\"},\"inLanguage\":\"de\",\"potentialAction\":[{\"@type\":\"ReadAction\",\"target\":[\"https:\/\/www.hoogstra-autosport.nl\/product\/goldspeed-c-9203-cr-225-40-10-yellow-32n\/\"]}]},{\"@type\":\"ImageObject\",\"inLanguage\":\"de\",\"@id\":\"https:\/\/www.hoogstra-autosport.nl\/product\/goldspeed-c-9203-cr-225-40-10-yellow-32n\/#primaryimage\",\"url\":\"https:\/\/www.hoogstra-autosport.nl\/teamkoen\/wp-content\/uploads\/2024\/12\/Untitled-Project-40-scaled.jpg\",\"contentUrl\":\"https:\/\/www.hoogstra-autosport.nl\/teamkoen\/wp-content\/uploads\/2024\/12\/Untitled-Project-40-scaled.jpg\",\"width\":2560,\"height\":2560},{\"@type\":\"BreadcrumbList\",\"@id\":\"https:\/\/www.hoogstra-autosport.nl\/product\/goldspeed-c-9203-cr-225-40-10-yellow-32n\/#breadcrumb\",\"itemListElement\":[{\"@type\":\"ListItem\",\"position\":1,\"name\":\"Home\",\"item\":\"https:\/\/www.hoogstra-autosport.nl\/\"},{\"@type\":\"ListItem\",\"position\":2,\"name\":\"Banden &amp; Velgen\",\"item\":\"https:\/\/www.hoogstra-autosport.nl\/product-categorie\/autocrossbanden-en-velgen\/\"},{\"@type\":\"ListItem\",\"position\":3,\"name\":\"Crosskart banden\",\"item\":\"https:\/\/www.hoogstra-autosport.nl\/product-categorie\/autocrossbanden-en-velgen\/crosskart\/\"},{\"@type\":\"ListItem\",\"position\":4,\"name\":\"GOLDSPEED C-9203 CR 225-40-10 YELLOW 32N\"}]},{\"@type\":\"WebSite\",\"@id\":\"https:\/\/www.hoogstra-autosport.nl\/#website\",\"url\":\"https:\/\/www.hoogstra-autosport.nl\/\",\"name\":\"Hoogstra Autosport\",\"description\":\"Performance Autosport Parts!\",\"potentialAction\":[{\"@type\":\"SearchAction\",\"target\":{\"@type\":\"EntryPoint\",\"urlTemplate\":\"https:\/\/www.hoogstra-autosport.nl\/?s={search_term_string}\"},\"query-input\":{\"@type\":\"PropertyValueSpecification\",\"valueRequired\":true,\"valueName\":\"search_term_string\"}}],\"inLanguage\":\"de\"}]}<\/script>\n<!-- \/ Yoast SEO plugin. -->","yoast_head_json":{"title":"GOLDSPEED C-9203 CR 225-40-10 YELLOW 32N - Hoogstra Autosport","robots":{"index":"index","follow":"follow","max-snippet":"max-snippet:-1","max-image-preview":"max-image-preview:large","max-video-preview":"max-video-preview:-1"},"canonical":"https:\/\/www.hoogstra-autosport.nl\/de\/produkt\/goldspeed-c-9203-cr-225-40-10-yellow-32n\/","og_locale":"de_DE","og_type":"article","og_title":"GOLDSPEED C-9203 CR 225-40-10 YELLOW 32N - Hoogstra Autosport","og_description":"Merk: Goldspeed Maat: 18&#215;10-10","og_url":"https:\/\/www.hoogstra-autosport.nl\/de\/produkt\/goldspeed-c-9203-cr-225-40-10-yellow-32n\/","og_site_name":"Hoogstra Autosport","article_modified_time":"2025-12-09T13:11:39+00:00","og_image":[{"width":2560,"height":2560,"url":"https:\/\/www.hoogstra-autosport.nl\/teamkoen\/wp-content\/uploads\/2024\/12\/Untitled-Project-40-scaled.jpg","type":"image\/jpeg"}],"twitter_card":"summary_large_image","twitter_misc":{"Gesch\u00e4tzte Lesezeit":"1\u00a0Minute"},"schema":{"@context":"https:\/\/schema.org","@graph":[{"@type":"WebPage","@id":"https:\/\/www.hoogstra-autosport.nl\/product\/goldspeed-c-9203-cr-225-40-10-yellow-32n\/","url":"https:\/\/www.hoogstra-autosport.nl\/product\/goldspeed-c-9203-cr-225-40-10-yellow-32n\/","name":"GOLDSPEED C-9203 CR 225-40-10 YELLOW 32N - Hoogstra Autosport","isPartOf":{"@id":"https:\/\/www.hoogstra-autosport.nl\/#website"},"primaryImageOfPage":{"@id":"https:\/\/www.hoogstra-autosport.nl\/product\/goldspeed-c-9203-cr-225-40-10-yellow-32n\/#primaryimage"},"image":{"@id":"https:\/\/www.hoogstra-autosport.nl\/product\/goldspeed-c-9203-cr-225-40-10-yellow-32n\/#primaryimage"},"thumbnailUrl":"https:\/\/www.hoogstra-autosport.nl\/teamkoen\/wp-content\/uploads\/2024\/12\/Untitled-Project-40-scaled.jpg","datePublished":"2024-12-17T10:45:24+00:00","dateModified":"2025-12-09T13:11:39+00:00","breadcrumb":{"@id":"https:\/\/www.hoogstra-autosport.nl\/product\/goldspeed-c-9203-cr-225-40-10-yellow-32n\/#breadcrumb"},"inLanguage":"de","potentialAction":[{"@type":"ReadAction","target":["https:\/\/www.hoogstra-autosport.nl\/product\/goldspeed-c-9203-cr-225-40-10-yellow-32n\/"]}]},{"@type":"ImageObject","inLanguage":"de","@id":"https:\/\/www.hoogstra-autosport.nl\/product\/goldspeed-c-9203-cr-225-40-10-yellow-32n\/#primaryimage","url":"https:\/\/www.hoogstra-autosport.nl\/teamkoen\/wp-content\/uploads\/2024\/12\/Untitled-Project-40-scaled.jpg","contentUrl":"https:\/\/www.hoogstra-autosport.nl\/teamkoen\/wp-content\/uploads\/2024\/12\/Untitled-Project-40-scaled.jpg","width":2560,"height":2560},{"@type":"BreadcrumbList","@id":"https:\/\/www.hoogstra-autosport.nl\/product\/goldspeed-c-9203-cr-225-40-10-yellow-32n\/#breadcrumb","itemListElement":[{"@type":"ListItem","position":1,"name":"Home","item":"https:\/\/www.hoogstra-autosport.nl\/"},{"@type":"ListItem","position":2,"name":"Banden &amp; Velgen","item":"https:\/\/www.hoogstra-autosport.nl\/product-categorie\/autocrossbanden-en-velgen\/"},{"@type":"ListItem","position":3,"name":"Crosskart banden","item":"https:\/\/www.hoogstra-autosport.nl\/product-categorie\/autocrossbanden-en-velgen\/crosskart\/"},{"@type":"ListItem","position":4,"name":"GOLDSPEED C-9203 CR 225-40-10 YELLOW 32N"}]},{"@type":"WebSite","@id":"https:\/\/www.hoogstra-autosport.nl\/#website","url":"https:\/\/www.hoogstra-autosport.nl\/","name":"Hoogstra Autosport","description":"Performance Autosport Parts!","potentialAction":[{"@type":"SearchAction","target":{"@type":"EntryPoint","urlTemplate":"https:\/\/www.hoogstra-autosport.nl\/?s={search_term_string}"},"query-input":{"@type":"PropertyValueSpecification","valueRequired":true,"valueName":"search_term_string"}}],"inLanguage":"de"}]}},"tiered_pricing_type":"fixed","tiered_pricing_fixed_rules":[],"tiered_pricing_product_settings":{"layout":"default","base_unit_name":{"singular":null,"plural":null},"default_variation":null},"tiered_pricing_minimum_quantity":null,"tiered_pricing_roles_data":[],"tiered_pricing_percentage_rules":[],"tiered_pricing_maximum_quantity":null,"tiered_pricing_quantity_step":null,"_links":{"self":[{"href":"https:\/\/www.hoogstra-autosport.nl\/de\/wp-json\/wp\/v2\/product\/78188","targetHints":{"allow":["GET"]}}],"collection":[{"href":"https:\/\/www.hoogstra-autosport.nl\/de\/wp-json\/wp\/v2\/product"}],"about":[{"href":"https:\/\/www.hoogstra-autosport.nl\/de\/wp-json\/wp\/v2\/types\/product"}],"wp:featuredmedia":[{"embeddable":true,"href":"https:\/\/www.hoogstra-autosport.nl\/de\/wp-json\/wp\/v2\/media\/93975"}],"wp:attachment":[{"href":"https:\/\/www.hoogstra-autosport.nl\/de\/wp-json\/wp\/v2\/media?parent=78188"}],"wp:term":[{"taxonomy":"product_brand","embeddable":true,"href":"https:\/\/www.hoogstra-autosport.nl\/de\/wp-json\/wp\/v2\/product_brand?post=78188"},{"taxonomy":"product_cat","embeddable":true,"href":"https:\/\/www.hoogstra-autosport.nl\/de\/wp-json\/wp\/v2\/product_cat?post=78188"},{"taxonomy":"product_tag","embeddable":true,"href":"https:\/\/www.hoogstra-autosport.nl\/de\/wp-json\/wp\/v2\/product_tag?post=78188"}],"curies":[{"name":"wp","href":"https:\/\/api.w.org\/{rel}","templated":true}]}}